{"id":52428,"date":"2010-10-09T22:01:13","date_gmt":"2010-10-09T19:01:13","guid":{"rendered":"https:\/\/tilk.bio\/shop\/blossom-brighten-kit\/"},"modified":"2026-02-27T13:15:03","modified_gmt":"2026-02-27T11:15:03","slug":"blossom-brighten-kit","status":"publish","type":"product","link":"https:\/\/tilk.bio\/et\/pood\/blossom-brighten-kit\/","title":{"rendered":"Blossom + Brighten Kit"},"content":{"rendered":"<p>Loe l\u00e4hemalt: <a href=\"https:\/\/tilk.bio\/et\/5-praktilist-sammu-kuidas-teha-spaa-tasemel-loogastavat-naohooldust-enda-kodus\/\" target=\"_blank\" rel=\"noopener noreferrer\"><strong>7 praktilist sammu, kuidas teha Spaa tasemel l\u00f5\u00f5gastavat n\u00e4ohooldust enda kodus<\/strong><\/a><\/p>\n<p><a ref=\"magnificPopup\" href=\"https:\/\/tilk.bio\/wp-content\/uploads\/2020\/03\/Kati21-1-1024x768.jpg\"><img loading=\"lazy\" decoding=\"async\" class=\"alignnone wp-image-52596 size-large\" src=\"https:\/\/tilk.bio\/wp-content\/uploads\/2020\/03\/Kati21-1-1024x768.jpg\" alt=\"\" width=\"1024\" height=\"768\" srcset=\"https:\/\/tilk.bio\/wp-content\/uploads\/2020\/03\/Kati21-1-1024x768.jpg 1024w, https:\/\/tilk.bio\/wp-content\/uploads\/2020\/03\/Kati21-1-1000x750.jpg 1000w, https:\/\/tilk.bio\/wp-content\/uploads\/2020\/03\/Kati21-1-300x225.jpg 300w, https:\/\/tilk.bio\/wp-content\/uploads\/2020\/03\/Kati21-1-768x576.jpg 768w, https:\/\/tilk.bio\/wp-content\/uploads\/2020\/03\/Kati21-1-430x323.jpg 430w, https:\/\/tilk.bio\/wp-content\/uploads\/2020\/03\/Kati21-1-860x645.jpg 860w, https:\/\/tilk.bio\/wp-content\/uploads\/2020\/03\/Kati21-1.jpg 1200w\" sizes=\"auto, (max-width: 1024px) 100vw, 1024px\" \/><\/a><\/p>\n","protected":false},"excerpt":{"rendered":"<p>Sellest komplektist leiad kaks olulist toodet, et Su nahk v\u00f5iks saada tagasi oma kauni ja s\u00e4rava jume. Need tooted on ideaalsed, et l\u00fckata edasi esimesi vananemisilminguid ja siluda kortsukesi. Komplektist leiad n\u00e4okreemi (50 ml) ja silmakreemi (15 ml).<\/p>\n<p><a href=\"https:\/\/tilk.bio\/et\/pood\/noorendav-naokreem-kortslehe-ja-hualuroonhappega-blossom-me\/\"><b>Blossom Me (50 ml)<\/b><\/a> on nahka noorendav ja toitev p\u00e4evakreem. N\u00e4okreem on paljude lemmik, kuna selles sisalduv h\u00fcaluroonhape annab nahale kauni jume ja s\u00e4ra. Kreemi soovitame kasutada kuiva naha puhul ja enneagsete vananemisilmingute ennetamiseks.<\/p>\n<p><a href=\"https:\/\/tilk.bio\/et\/pood\/brighten-me-silmakreem\/\"><b>Brighten Me (15 ml)<\/b><\/a> on \u00f5rna koostisega niisutav ja toniseeriv silmakreem, mis taastab silma\u00fcmbruse nahka ning silub kortsukesi. Koostises oleval h\u00fcaluroonhappel on suurep\u00e4rane omadus siduda nahas niiskust ning transportida naharakkudele hapnikku ja toitaineid.\u00a0 Soovitame silmakreemi oma ilurutiinis kasutusele v\u00f5tta alates 35. eluaastast, et ennetada kortsude teket. H\u00fcaluroonhape aitab siluda juba tekkinud kortsukesi, osaleb nahale elastsuse andva kollageeni moodustamisel ning on piisavalt \u00f5rn, et mitte silmi \u00e4rritada.<\/p>\n<p><b>Kasutamine:<\/b> Kanna Blossom Me p\u00e4evakreem n\u00e4ole peale hommikust n\u00e4o puhastamist. Seej\u00e4rel kanna silmade alla ja v\u00e4limisse nurka n\u00e4puotstega Brighten Me silmakreemi ja masseeri see kergelt tupsutades \u00f5rnalt naha sisse, v\u00e4ltides laugusid.<\/p>\n<p>Loe l\u00e4hemalt iga toote kohta, klikkides toote nimele.<\/p>\n","protected":false},"featured_media":67615,"comment_status":"open","ping_status":"closed","template":"","meta":{"_acf_changed":false},"product_brand":[],"product_cat":[585,609,389,499,511,713],"product_tag":[557,571,556,558],"class_list":{"0":"post-52428","1":"product","2":"type-product","3":"status-publish","4":"has-post-thumbnail","6":"product_cat-naokreem","7":"product_cat-silmatooted","8":"product_cat-koik-tooted","9":"product_cat-komplektid","10":"product_cat-naohooldus","11":"product_cat-tilk-herbal-et","12":"product_tag-jatkusuutlik","13":"product_tag-julmusevaba-et","14":"product_tag-palmiolivaba","15":"product_tag-vegan-et","17":"first","18":"outofstock","19":"sale","20":"taxable","21":"shipping-taxable","22":"purchasable","23":"product-type-simple"},"acf":[],"yoast_head":"<!-- This site is optimized with the Yoast SEO plugin v27.4 - https:\/\/yoast.com\/product\/yoast-seo-wordpress\/ -->\n<title>Blossom + Brighten Kit - Tilk!<\/title>\n<meta name=\"robots\" content=\"index, follow, max-snippet:-1, max-image-preview:large, max-video-preview:-1\" \/>\n<link rel=\"canonical\" href=\"https:\/\/tilk.bio\/pood\/blossom-brighten-kit\/\" \/>\n<meta property=\"og:locale\" content=\"et_EE\" \/>\n<meta property=\"og:type\" content=\"article\" \/>\n<meta property=\"og:title\" content=\"Blossom + Brighten Kit - Tilk!\" \/>\n<meta property=\"og:description\" content=\"Sellest komplektist leiad kaks olulist toodet, et Su nahk v\u00f5iks saada tagasi oma kauni ja s\u00e4rava jume. Need tooted on ideaalsed, et l\u00fckata edasi esimesi vananemisilminguid ja siluda kortsukesi. Komplektist leiad n\u00e4okreemi (50 ml) ja silmakreemi (15 ml).  Blossom Me (50 ml) on nahka noorendav ja toitev p\u00e4evakreem. N\u00e4okreem on paljude lemmik, kuna selles sisalduv h\u00fcaluroonhape annab nahale kauni jume ja s\u00e4ra. Kreemi soovitame kasutada kuiva naha puhul ja enneagsete vananemisilmingute ennetamiseks.  Brighten Me (15 ml) on \u00f5rna koostisega niisutav ja toniseeriv silmakreem, mis taastab silma\u00fcmbruse nahka ning silub kortsukesi. Koostises oleval h\u00fcaluroonhappel on suurep\u00e4rane omadus siduda nahas niiskust ning transportida naharakkudele hapnikku ja toitaineid.\u00a0 Soovitame silmakreemi oma ilurutiinis kasutusele v\u00f5tta alates 35. eluaastast, et ennetada kortsude teket. H\u00fcaluroonhape aitab siluda juba tekkinud kortsukesi, osaleb nahale elastsuse andva kollageeni moodustamisel ning on piisavalt \u00f5rn, et mitte silmi \u00e4rritada.  Kasutamine: Kanna Blossom Me p\u00e4evakreem n\u00e4ole peale hommikust n\u00e4o puhastamist. Seej\u00e4rel kanna silmade alla ja v\u00e4limisse nurka n\u00e4puotstega Brighten Me silmakreemi ja masseeri see kergelt tupsutades \u00f5rnalt naha sisse, v\u00e4ltides laugusid.  Loe l\u00e4hemalt iga toote kohta, klikkides toote nimele.\" \/>\n<meta property=\"og:url\" content=\"https:\/\/tilk.bio\/pood\/blossom-brighten-kit\/\" \/>\n<meta property=\"og:site_name\" content=\"Tilk!\" \/>\n<meta property=\"article:publisher\" content=\"https:\/\/www.facebook.com\/tilk.bio\/\" \/>\n<meta property=\"article:modified_time\" content=\"2026-02-27T11:15:03+00:00\" \/>\n<meta property=\"og:image\" content=\"https:\/\/tilk.bio\/wp-content\/uploads\/2010\/05\/1.jpg\" \/>\n\t<meta property=\"og:image:width\" content=\"1200\" \/>\n\t<meta property=\"og:image:height\" content=\"1200\" \/>\n\t<meta property=\"og:image:type\" content=\"image\/jpeg\" \/>\n<meta name=\"twitter:card\" content=\"summary_large_image\" \/>\n<script type=\"application\/ld+json\" class=\"yoast-schema-graph\">{\"@context\":\"https:\\\/\\\/schema.org\",\"@graph\":[{\"@type\":\"WebPage\",\"@id\":\"https:\\\/\\\/tilk.bio\\\/pood\\\/blossom-brighten-kit\\\/\",\"url\":\"https:\\\/\\\/tilk.bio\\\/pood\\\/blossom-brighten-kit\\\/\",\"name\":\"Blossom + Brighten Kit - Tilk!\",\"isPartOf\":{\"@id\":\"https:\\\/\\\/tilk.bio\\\/et\\\/#website\"},\"primaryImageOfPage\":{\"@id\":\"https:\\\/\\\/tilk.bio\\\/pood\\\/blossom-brighten-kit\\\/#primaryimage\"},\"image\":{\"@id\":\"https:\\\/\\\/tilk.bio\\\/pood\\\/blossom-brighten-kit\\\/#primaryimage\"},\"thumbnailUrl\":\"https:\\\/\\\/tilk.bio\\\/wp-content\\\/uploads\\\/2010\\\/05\\\/1.jpg\",\"datePublished\":\"2010-10-09T19:01:13+00:00\",\"dateModified\":\"2026-02-27T11:15:03+00:00\",\"breadcrumb\":{\"@id\":\"https:\\\/\\\/tilk.bio\\\/pood\\\/blossom-brighten-kit\\\/#breadcrumb\"},\"inLanguage\":\"et\",\"potentialAction\":[{\"@type\":\"ReadAction\",\"target\":[\"https:\\\/\\\/tilk.bio\\\/pood\\\/blossom-brighten-kit\\\/\"]}]},{\"@type\":\"ImageObject\",\"inLanguage\":\"et\",\"@id\":\"https:\\\/\\\/tilk.bio\\\/pood\\\/blossom-brighten-kit\\\/#primaryimage\",\"url\":\"https:\\\/\\\/tilk.bio\\\/wp-content\\\/uploads\\\/2010\\\/05\\\/1.jpg\",\"contentUrl\":\"https:\\\/\\\/tilk.bio\\\/wp-content\\\/uploads\\\/2010\\\/05\\\/1.jpg\",\"width\":1200,\"height\":1200},{\"@type\":\"BreadcrumbList\",\"@id\":\"https:\\\/\\\/tilk.bio\\\/pood\\\/blossom-brighten-kit\\\/#breadcrumb\",\"itemListElement\":[{\"@type\":\"ListItem\",\"position\":1,\"name\":\"Home\",\"item\":\"https:\\\/\\\/tilk.bio\\\/et\\\/\"},{\"@type\":\"ListItem\",\"position\":2,\"name\":\"Pood\",\"item\":\"https:\\\/\\\/tilk.bio\\\/et\\\/pood\\\/\"},{\"@type\":\"ListItem\",\"position\":3,\"name\":\"Blossom + Brighten Kit\"}]},{\"@type\":\"WebSite\",\"@id\":\"https:\\\/\\\/tilk.bio\\\/et\\\/#website\",\"url\":\"https:\\\/\\\/tilk.bio\\\/et\\\/\",\"name\":\"Tilk!\",\"description\":\"Keskkonnas\u00f5bralik ja j\u00e4tkusuutlik looduskosmeetika Saaremaalt.\",\"potentialAction\":[{\"@type\":\"SearchAction\",\"target\":{\"@type\":\"EntryPoint\",\"urlTemplate\":\"https:\\\/\\\/tilk.bio\\\/et\\\/?s={search_term_string}\"},\"query-input\":{\"@type\":\"PropertyValueSpecification\",\"valueRequired\":true,\"valueName\":\"search_term_string\"}}],\"inLanguage\":\"et\"}]}<\/script>\n<!-- \/ Yoast SEO plugin. -->","yoast_head_json":{"title":"Blossom + Brighten Kit - Tilk!","robots":{"index":"index","follow":"follow","max-snippet":"max-snippet:-1","max-image-preview":"max-image-preview:large","max-video-preview":"max-video-preview:-1"},"canonical":"https:\/\/tilk.bio\/pood\/blossom-brighten-kit\/","og_locale":"et_EE","og_type":"article","og_title":"Blossom + Brighten Kit - Tilk!","og_description":"Sellest komplektist leiad kaks olulist toodet, et Su nahk v\u00f5iks saada tagasi oma kauni ja s\u00e4rava jume. Need tooted on ideaalsed, et l\u00fckata edasi esimesi vananemisilminguid ja siluda kortsukesi. Komplektist leiad n\u00e4okreemi (50 ml) ja silmakreemi (15 ml).  Blossom Me (50 ml) on nahka noorendav ja toitev p\u00e4evakreem. N\u00e4okreem on paljude lemmik, kuna selles sisalduv h\u00fcaluroonhape annab nahale kauni jume ja s\u00e4ra. Kreemi soovitame kasutada kuiva naha puhul ja enneagsete vananemisilmingute ennetamiseks.  Brighten Me (15 ml) on \u00f5rna koostisega niisutav ja toniseeriv silmakreem, mis taastab silma\u00fcmbruse nahka ning silub kortsukesi. Koostises oleval h\u00fcaluroonhappel on suurep\u00e4rane omadus siduda nahas niiskust ning transportida naharakkudele hapnikku ja toitaineid.\u00a0 Soovitame silmakreemi oma ilurutiinis kasutusele v\u00f5tta alates 35. eluaastast, et ennetada kortsude teket. H\u00fcaluroonhape aitab siluda juba tekkinud kortsukesi, osaleb nahale elastsuse andva kollageeni moodustamisel ning on piisavalt \u00f5rn, et mitte silmi \u00e4rritada.  Kasutamine: Kanna Blossom Me p\u00e4evakreem n\u00e4ole peale hommikust n\u00e4o puhastamist. Seej\u00e4rel kanna silmade alla ja v\u00e4limisse nurka n\u00e4puotstega Brighten Me silmakreemi ja masseeri see kergelt tupsutades \u00f5rnalt naha sisse, v\u00e4ltides laugusid.  Loe l\u00e4hemalt iga toote kohta, klikkides toote nimele.","og_url":"https:\/\/tilk.bio\/pood\/blossom-brighten-kit\/","og_site_name":"Tilk!","article_publisher":"https:\/\/www.facebook.com\/tilk.bio\/","article_modified_time":"2026-02-27T11:15:03+00:00","og_image":[{"width":1200,"height":1200,"url":"https:\/\/tilk.bio\/wp-content\/uploads\/2010\/05\/1.jpg","type":"image\/jpeg"}],"twitter_card":"summary_large_image","schema":{"@context":"https:\/\/schema.org","@graph":[{"@type":"WebPage","@id":"https:\/\/tilk.bio\/pood\/blossom-brighten-kit\/","url":"https:\/\/tilk.bio\/pood\/blossom-brighten-kit\/","name":"Blossom + Brighten Kit - Tilk!","isPartOf":{"@id":"https:\/\/tilk.bio\/et\/#website"},"primaryImageOfPage":{"@id":"https:\/\/tilk.bio\/pood\/blossom-brighten-kit\/#primaryimage"},"image":{"@id":"https:\/\/tilk.bio\/pood\/blossom-brighten-kit\/#primaryimage"},"thumbnailUrl":"https:\/\/tilk.bio\/wp-content\/uploads\/2010\/05\/1.jpg","datePublished":"2010-10-09T19:01:13+00:00","dateModified":"2026-02-27T11:15:03+00:00","breadcrumb":{"@id":"https:\/\/tilk.bio\/pood\/blossom-brighten-kit\/#breadcrumb"},"inLanguage":"et","potentialAction":[{"@type":"ReadAction","target":["https:\/\/tilk.bio\/pood\/blossom-brighten-kit\/"]}]},{"@type":"ImageObject","inLanguage":"et","@id":"https:\/\/tilk.bio\/pood\/blossom-brighten-kit\/#primaryimage","url":"https:\/\/tilk.bio\/wp-content\/uploads\/2010\/05\/1.jpg","contentUrl":"https:\/\/tilk.bio\/wp-content\/uploads\/2010\/05\/1.jpg","width":1200,"height":1200},{"@type":"BreadcrumbList","@id":"https:\/\/tilk.bio\/pood\/blossom-brighten-kit\/#breadcrumb","itemListElement":[{"@type":"ListItem","position":1,"name":"Home","item":"https:\/\/tilk.bio\/et\/"},{"@type":"ListItem","position":2,"name":"Pood","item":"https:\/\/tilk.bio\/et\/pood\/"},{"@type":"ListItem","position":3,"name":"Blossom + Brighten Kit"}]},{"@type":"WebSite","@id":"https:\/\/tilk.bio\/et\/#website","url":"https:\/\/tilk.bio\/et\/","name":"Tilk!","description":"Keskkonnas\u00f5bralik ja j\u00e4tkusuutlik looduskosmeetika Saaremaalt.","potentialAction":[{"@type":"SearchAction","target":{"@type":"EntryPoint","urlTemplate":"https:\/\/tilk.bio\/et\/?s={search_term_string}"},"query-input":{"@type":"PropertyValueSpecification","valueRequired":true,"valueName":"search_term_string"}}],"inLanguage":"et"}]}},"_links":{"self":[{"href":"https:\/\/tilk.bio\/et\/wp-json\/wp\/v2\/product\/52428","targetHints":{"allow":["GET"]}}],"collection":[{"href":"https:\/\/tilk.bio\/et\/wp-json\/wp\/v2\/product"}],"about":[{"href":"https:\/\/tilk.bio\/et\/wp-json\/wp\/v2\/types\/product"}],"replies":[{"embeddable":true,"href":"https:\/\/tilk.bio\/et\/wp-json\/wp\/v2\/comments?post=52428"}],"wp:featuredmedia":[{"embeddable":true,"href":"https:\/\/tilk.bio\/et\/wp-json\/wp\/v2\/media\/67615"}],"wp:attachment":[{"href":"https:\/\/tilk.bio\/et\/wp-json\/wp\/v2\/media?parent=52428"}],"wp:term":[{"taxonomy":"product_brand","embeddable":true,"href":"https:\/\/tilk.bio\/et\/wp-json\/wp\/v2\/product_brand?post=52428"},{"taxonomy":"product_cat","embeddable":true,"href":"https:\/\/tilk.bio\/et\/wp-json\/wp\/v2\/product_cat?post=52428"},{"taxonomy":"product_tag","embeddable":true,"href":"https:\/\/tilk.bio\/et\/wp-json\/wp\/v2\/product_tag?post=52428"}],"curies":[{"name":"wp","href":"https:\/\/api.w.org\/{rel}","templated":true}]}}