{"id":52470,"date":"2010-10-14T11:04:45","date_gmt":"2010-10-14T08:04:45","guid":{"rendered":"https:\/\/tilk.bio\/shop\/super-cleansing-kit\/"},"modified":"2026-05-07T15:15:07","modified_gmt":"2026-05-07T12:15:07","slug":"super-cleansing-kit","status":"publish","type":"product","link":"https:\/\/tilk.bio\/et\/pood\/super-cleansing-kit\/","title":{"rendered":"N\u00e4opuhastuskomplekt"},"content":{"rendered":"<p>Loe l\u00e4hemalt: <a href=\"https:\/\/tilk.bio\/et\/5-praktilist-sammu-kuidas-teha-spaa-tasemel-loogastavat-naohooldust-enda-kodus\/\" target=\"_blank\" rel=\"noopener noreferrer\"><strong>7 praktilist sammu, kuidas teha Spaa tasemel l\u00f5\u00f5gastavat n\u00e4ohooldust enda kodus<\/strong><\/a><\/p>\n<p><a ref=\"magnificPopup\" href=\"https:\/\/tilk.bio\/wp-content\/uploads\/2020\/03\/Kati17-1024x768.jpg\"><img loading=\"lazy\" decoding=\"async\" class=\"alignnone wp-image-52587 size-medium\" src=\"https:\/\/tilk.bio\/wp-content\/uploads\/2020\/03\/Kati17-300x225.jpg\" alt=\"\" width=\"300\" height=\"225\" srcset=\"https:\/\/tilk.bio\/wp-content\/uploads\/2020\/03\/Kati17-300x225.jpg 300w, https:\/\/tilk.bio\/wp-content\/uploads\/2020\/03\/Kati17-1000x750.jpg 1000w, https:\/\/tilk.bio\/wp-content\/uploads\/2020\/03\/Kati17-1024x768.jpg 1024w, https:\/\/tilk.bio\/wp-content\/uploads\/2020\/03\/Kati17-768x576.jpg 768w, https:\/\/tilk.bio\/wp-content\/uploads\/2020\/03\/Kati17-430x323.jpg 430w, https:\/\/tilk.bio\/wp-content\/uploads\/2020\/03\/Kati17-860x645.jpg 860w, https:\/\/tilk.bio\/wp-content\/uploads\/2020\/03\/Kati17.jpg 1200w\" sizes=\"auto, (max-width: 300px) 100vw, 300px\" \/><\/a><\/p>\n","protected":false},"excerpt":{"rendered":"<p>See komplekt sisaldab endas 4 suurep\u00e4rast n\u00e4opuhastustoodet. Komplektis olevad tooted puhastavad naha mustusest ja higist ning neutraliseerivad naha pH taset. Neid tooteid regulaarselt kasutades paraneb naha olukord m\u00e4rgatavalt ning nahaprobleeme esineb tunduvalt v\u00e4hem. Naha puhastamine on hea nahahoolduse alustala.<\/p>\n<p>N\u00e4opuhastuskomplektist leiad n\u00e4opuhastuskreemi (120 ml), n\u00e4okoorija (50 ml), n\u00e4otooniku (50 ml) ja n\u00e4omaski (50 ml).<\/p>\n<p>Siia komplekti kuuluvad:<\/p>\n<p><a href=\"https:\/\/tilk.bio\/et\/pood\/fresh-clean-varske-ja-orn-puhastuskreem\/\"><b>Fresh &amp; Clean (120 ml)<\/b><\/a> on v\u00e4rske ja \u00f5rn puhastuskreem n\u00e4ole. Puhastuskreem eemaldab nahalt meigi, rasu ja mustuse. Selles olevad probiootikumid aitavad s\u00e4ilitada naha loomulikku niiskustaset, tasakaalustavad mikrofloorat ja aeglustavad naha enneaegset vananemisprotsessi.<\/p>\n<p><b>Scrub Me (50 ml) <\/b><a href=\"https:\/\/tilk.bio\/et\/pood\/scrub-me-naokoorija-koikidele-nahatuupidele\/\"><b>mandariini<\/b><\/a> v\u00f5i <a href=\"https:\/\/tilk.bio\/et\/pood\/ergutav-scrub-me-naokoorija-teepuuga\/\"><b>ergutav<\/b><\/a> n\u00e4okoorija aitab rakkudel uueneda ja pakub nahale s\u00fcgavniisutavat kosutust. Koorija kasutamine aitab ennetada nahaaluste ummistuste teket ning puhastada juba ummistunud poore. Samaaegselt surnud naharakkude eemaldamisega annab koorija v\u00e4rskust ja niisutust.<\/p>\n<p><b>Spray Me (50 ml)<\/b> v\u00e4rskendav n\u00e4ovesi\u00a0<a href=\"https:\/\/tilk.bio\/et\/pood\/varskendav-sprei-aloe-vera-probiootikumide-teepuuoliga\/\"><b>teepuu\u00f5liga<\/b><\/a>, on suurep\u00e4rane toode erinevate nahaprobleemide, \u00e4rrituste, mikrohaavade ja akne korral. Sprei muudab naha pehmeks ja m\u00f5jub rahustavalt ning tasakaalustab naha pH-d.<\/p>\n<p><a href=\"https:\/\/tilk.bio\/et\/pood\/turba-naomask-probleemse-naha-ja-akne-jaoks\/\"><b>Detox Me (50 ml)<\/b><\/a> on m\u00f5nusa aroomiga s\u00fcgavpuhastav ja niisutav n\u00e4omask. Mask tungib naha s\u00fcgavatesse kihtidesse, puhastab naha sinna ladestunud toksiinidest, samaaegselt nahka niisutades ja vereringet ergutades. Mask sobib k\u00f5igi nahat\u00fc\u00fcpide puhul, sealhulgas ideaalselt ka probleemse naha korral.<\/p>\n<p><b>Kasutamine<\/b>: Selle tootekomplektiga v\u00f5id oma n\u00e4onahale pakkuda t\u00f5elise spaahoolduse ja\u00a0 selleks soovitame k\u00f5iki tooteid koos kasutada 1-2 korda n\u00e4dalas.<\/p>\n<p>Alusta naha puhastamisest \u00fclaltoodud juhendi j\u00e4rgi Fresh &amp; Clean n\u00e4opuhastuskreemiga. Seej\u00e4rel koori nahk. Kanna n\u00e4puotstega tupsutades nahale v\u00e4ike kogus Scrub Me n\u00e4okoorijat, tee k\u00e4ed m\u00e4rjaks ja h\u00f5\u00f5ru n\u00e4gu \u00f5rnalt ringjate liigutustega. Erilist t\u00e4helepanu p\u00f6\u00f6ra otsaesisele ja ninapiirkonnale, sest need vajavad tavaliselt rohkem hoolitsust. Koori ka huule piirjoont, sest just sinna tekivad tihti ummistused. Koori n\u00e4gu 2-3 minutit ja lisaniisutuse saamiseks j\u00e4ta koorija sama pikaks ajaks n\u00e4ole. Pese koorija veega maha ja kuivata n\u00e4gu pehme r\u00e4tikuga. Siis piserda nahale toniseeriv n\u00e4otoonik Spray Me. Kasuta n\u00e4ovett alati p\u00e4rast veega pesemist, sest see aitab taastada naha loomulikku pH-d ning seel\u00e4bi ei muutu nahk pindmiselt kuivaks. Seej\u00e4rel naudi maski protseduuri. Kanna Detox Me turbamask n\u00e4ole ja kaelale. Istu v\u00f5i pikuta ja naudi head muusikat ning lase maskil toimida 15 minutit. Pese mask sooja veega maha ja kuivata n\u00e4gu pehme r\u00e4tikuga.<\/p>\n<p>Loe l\u00e4hemalt iga toote kohta, klikkides toote nimele.<\/p>\n","protected":false},"featured_media":67664,"comment_status":"open","ping_status":"closed","template":"","meta":{"_acf_changed":false},"product_brand":[],"product_cat":[622,604,687,389,499,511,691,713],"product_tag":[557,571,219,404,341,558],"class_list":{"0":"post-52470","1":"product","2":"type-product","3":"status-publish","4":"has-post-thumbnail","6":"product_cat-puhastustooted","7":"product_cat-naokoorijad","8":"product_cat-akne-ja-rasune-nahk","9":"product_cat-koik-tooted","10":"product_cat-komplektid","11":"product_cat-naohooldus","12":"product_cat-tekstuuri-ja-tooniprobleemidega-nahk","13":"product_cat-tilk-herbal-et","14":"product_tag-jatkusuutlik","15":"product_tag-julmusevaba-et","16":"product_tag-nahahooldus","17":"product_tag-naokoorija","18":"product_tag-unisex-et","19":"product_tag-vegan-et","21":"first","22":"instock","23":"sale","24":"taxable","25":"shipping-taxable","26":"purchasable","27":"product-type-variable"},"acf":[],"yoast_head":"<!-- This site is optimized with the Yoast SEO plugin v27.5 - https:\/\/yoast.com\/product\/yoast-seo-wordpress\/ -->\n<title>Parimad akne tooted<\/title>\n<meta name=\"description\" content=\"Parimad akne tooted - leia t\u00f5husad lahendused meie tootevalikust. Tasuta tarne alates 45\u20ac. Telli kvaliteetsed tilk! tooted.\" \/>\n<meta name=\"robots\" content=\"index, follow, max-snippet:-1, max-image-preview:large, max-video-preview:-1\" \/>\n<link rel=\"canonical\" href=\"https:\/\/tilk.bio\/et\/pood\/super-cleansing-kit\/\" \/>\n<meta property=\"og:locale\" content=\"et_EE\" \/>\n<meta property=\"og:type\" content=\"article\" \/>\n<meta property=\"og:title\" content=\"Parimad akne tooted\" \/>\n<meta property=\"og:description\" content=\"Parimad akne tooted - leia t\u00f5husad lahendused meie tootevalikust. Tasuta tarne alates 45\u20ac. Telli kvaliteetsed tilk! tooted.\" \/>\n<meta property=\"og:url\" content=\"https:\/\/tilk.bio\/et\/pood\/super-cleansing-kit\/\" \/>\n<meta property=\"og:site_name\" content=\"Tilk!\" \/>\n<meta property=\"article:publisher\" content=\"https:\/\/www.facebook.com\/tilk.bio\/\" \/>\n<meta property=\"article:modified_time\" content=\"2026-05-07T12:15:07+00:00\" \/>\n<meta property=\"og:image\" content=\"https:\/\/tilk.bio\/wp-content\/uploads\/2010\/10\/Untitled-design-77.jpg\" \/>\n\t<meta property=\"og:image:width\" content=\"1200\" \/>\n\t<meta property=\"og:image:height\" content=\"1200\" \/>\n\t<meta property=\"og:image:type\" content=\"image\/jpeg\" \/>\n<meta name=\"twitter:card\" content=\"summary_large_image\" \/>\n<meta name=\"twitter:label1\" content=\"Est. reading time\" \/>\n\t<meta name=\"twitter:data1\" content=\"1 minut\" \/>\n<script type=\"application\/ld+json\" class=\"yoast-schema-graph\">{\"@context\":\"https:\\\/\\\/schema.org\",\"@graph\":[{\"@type\":\"WebPage\",\"@id\":\"https:\\\/\\\/tilk.bio\\\/et\\\/pood\\\/super-cleansing-kit\\\/\",\"url\":\"https:\\\/\\\/tilk.bio\\\/et\\\/pood\\\/super-cleansing-kit\\\/\",\"name\":\"Parimad akne tooted\",\"isPartOf\":{\"@id\":\"https:\\\/\\\/tilk.bio\\\/et\\\/#website\"},\"primaryImageOfPage\":{\"@id\":\"https:\\\/\\\/tilk.bio\\\/et\\\/pood\\\/super-cleansing-kit\\\/#primaryimage\"},\"image\":{\"@id\":\"https:\\\/\\\/tilk.bio\\\/et\\\/pood\\\/super-cleansing-kit\\\/#primaryimage\"},\"thumbnailUrl\":\"https:\\\/\\\/tilk.bio\\\/wp-content\\\/uploads\\\/2010\\\/10\\\/Untitled-design-77.jpg\",\"datePublished\":\"2010-10-14T08:04:45+00:00\",\"dateModified\":\"2026-05-07T12:15:07+00:00\",\"description\":\"Parimad akne tooted - leia t\u00f5husad lahendused meie tootevalikust. Tasuta tarne alates 45\u20ac. Telli kvaliteetsed tilk! tooted.\",\"breadcrumb\":{\"@id\":\"https:\\\/\\\/tilk.bio\\\/et\\\/pood\\\/super-cleansing-kit\\\/#breadcrumb\"},\"inLanguage\":\"et\",\"potentialAction\":[{\"@type\":\"ReadAction\",\"target\":[\"https:\\\/\\\/tilk.bio\\\/et\\\/pood\\\/super-cleansing-kit\\\/\"]}]},{\"@type\":\"ImageObject\",\"inLanguage\":\"et\",\"@id\":\"https:\\\/\\\/tilk.bio\\\/et\\\/pood\\\/super-cleansing-kit\\\/#primaryimage\",\"url\":\"https:\\\/\\\/tilk.bio\\\/wp-content\\\/uploads\\\/2010\\\/10\\\/Untitled-design-77.jpg\",\"contentUrl\":\"https:\\\/\\\/tilk.bio\\\/wp-content\\\/uploads\\\/2010\\\/10\\\/Untitled-design-77.jpg\",\"width\":1200,\"height\":1200},{\"@type\":\"BreadcrumbList\",\"@id\":\"https:\\\/\\\/tilk.bio\\\/et\\\/pood\\\/super-cleansing-kit\\\/#breadcrumb\",\"itemListElement\":[{\"@type\":\"ListItem\",\"position\":1,\"name\":\"Home\",\"item\":\"https:\\\/\\\/tilk.bio\\\/et\\\/\"},{\"@type\":\"ListItem\",\"position\":2,\"name\":\"Pood\",\"item\":\"https:\\\/\\\/tilk.bio\\\/et\\\/pood\\\/\"},{\"@type\":\"ListItem\",\"position\":3,\"name\":\"N\u00e4opuhastuskomplekt\"}]},{\"@type\":\"WebSite\",\"@id\":\"https:\\\/\\\/tilk.bio\\\/et\\\/#website\",\"url\":\"https:\\\/\\\/tilk.bio\\\/et\\\/\",\"name\":\"Tilk!\",\"description\":\"Keskkonnas\u00f5bralik ja j\u00e4tkusuutlik looduskosmeetika Saaremaalt.\",\"potentialAction\":[{\"@type\":\"SearchAction\",\"target\":{\"@type\":\"EntryPoint\",\"urlTemplate\":\"https:\\\/\\\/tilk.bio\\\/et\\\/?s={search_term_string}\"},\"query-input\":{\"@type\":\"PropertyValueSpecification\",\"valueRequired\":true,\"valueName\":\"search_term_string\"}}],\"inLanguage\":\"et\"}]}<\/script>\n<!-- \/ Yoast SEO plugin. -->","yoast_head_json":{"title":"Parimad akne tooted","description":"Parimad akne tooted - leia t\u00f5husad lahendused meie tootevalikust. Tasuta tarne alates 45\u20ac. Telli kvaliteetsed tilk! tooted.","robots":{"index":"index","follow":"follow","max-snippet":"max-snippet:-1","max-image-preview":"max-image-preview:large","max-video-preview":"max-video-preview:-1"},"canonical":"https:\/\/tilk.bio\/et\/pood\/super-cleansing-kit\/","og_locale":"et_EE","og_type":"article","og_title":"Parimad akne tooted","og_description":"Parimad akne tooted - leia t\u00f5husad lahendused meie tootevalikust. Tasuta tarne alates 45\u20ac. Telli kvaliteetsed tilk! tooted.","og_url":"https:\/\/tilk.bio\/et\/pood\/super-cleansing-kit\/","og_site_name":"Tilk!","article_publisher":"https:\/\/www.facebook.com\/tilk.bio\/","article_modified_time":"2026-05-07T12:15:07+00:00","og_image":[{"width":1200,"height":1200,"url":"https:\/\/tilk.bio\/wp-content\/uploads\/2010\/10\/Untitled-design-77.jpg","type":"image\/jpeg"}],"twitter_card":"summary_large_image","twitter_misc":{"Est. reading time":"1 minut"},"schema":{"@context":"https:\/\/schema.org","@graph":[{"@type":"WebPage","@id":"https:\/\/tilk.bio\/et\/pood\/super-cleansing-kit\/","url":"https:\/\/tilk.bio\/et\/pood\/super-cleansing-kit\/","name":"Parimad akne tooted","isPartOf":{"@id":"https:\/\/tilk.bio\/et\/#website"},"primaryImageOfPage":{"@id":"https:\/\/tilk.bio\/et\/pood\/super-cleansing-kit\/#primaryimage"},"image":{"@id":"https:\/\/tilk.bio\/et\/pood\/super-cleansing-kit\/#primaryimage"},"thumbnailUrl":"https:\/\/tilk.bio\/wp-content\/uploads\/2010\/10\/Untitled-design-77.jpg","datePublished":"2010-10-14T08:04:45+00:00","dateModified":"2026-05-07T12:15:07+00:00","description":"Parimad akne tooted - leia t\u00f5husad lahendused meie tootevalikust. Tasuta tarne alates 45\u20ac. Telli kvaliteetsed tilk! tooted.","breadcrumb":{"@id":"https:\/\/tilk.bio\/et\/pood\/super-cleansing-kit\/#breadcrumb"},"inLanguage":"et","potentialAction":[{"@type":"ReadAction","target":["https:\/\/tilk.bio\/et\/pood\/super-cleansing-kit\/"]}]},{"@type":"ImageObject","inLanguage":"et","@id":"https:\/\/tilk.bio\/et\/pood\/super-cleansing-kit\/#primaryimage","url":"https:\/\/tilk.bio\/wp-content\/uploads\/2010\/10\/Untitled-design-77.jpg","contentUrl":"https:\/\/tilk.bio\/wp-content\/uploads\/2010\/10\/Untitled-design-77.jpg","width":1200,"height":1200},{"@type":"BreadcrumbList","@id":"https:\/\/tilk.bio\/et\/pood\/super-cleansing-kit\/#breadcrumb","itemListElement":[{"@type":"ListItem","position":1,"name":"Home","item":"https:\/\/tilk.bio\/et\/"},{"@type":"ListItem","position":2,"name":"Pood","item":"https:\/\/tilk.bio\/et\/pood\/"},{"@type":"ListItem","position":3,"name":"N\u00e4opuhastuskomplekt"}]},{"@type":"WebSite","@id":"https:\/\/tilk.bio\/et\/#website","url":"https:\/\/tilk.bio\/et\/","name":"Tilk!","description":"Keskkonnas\u00f5bralik ja j\u00e4tkusuutlik looduskosmeetika Saaremaalt.","potentialAction":[{"@type":"SearchAction","target":{"@type":"EntryPoint","urlTemplate":"https:\/\/tilk.bio\/et\/?s={search_term_string}"},"query-input":{"@type":"PropertyValueSpecification","valueRequired":true,"valueName":"search_term_string"}}],"inLanguage":"et"}]}},"_links":{"self":[{"href":"https:\/\/tilk.bio\/et\/wp-json\/wp\/v2\/product\/52470","targetHints":{"allow":["GET"]}}],"collection":[{"href":"https:\/\/tilk.bio\/et\/wp-json\/wp\/v2\/product"}],"about":[{"href":"https:\/\/tilk.bio\/et\/wp-json\/wp\/v2\/types\/product"}],"replies":[{"embeddable":true,"href":"https:\/\/tilk.bio\/et\/wp-json\/wp\/v2\/comments?post=52470"}],"wp:featuredmedia":[{"embeddable":true,"href":"https:\/\/tilk.bio\/et\/wp-json\/wp\/v2\/media\/67664"}],"wp:attachment":[{"href":"https:\/\/tilk.bio\/et\/wp-json\/wp\/v2\/media?parent=52470"}],"wp:term":[{"taxonomy":"product_brand","embeddable":true,"href":"https:\/\/tilk.bio\/et\/wp-json\/wp\/v2\/product_brand?post=52470"},{"taxonomy":"product_cat","embeddable":true,"href":"https:\/\/tilk.bio\/et\/wp-json\/wp\/v2\/product_cat?post=52470"},{"taxonomy":"product_tag","embeddable":true,"href":"https:\/\/tilk.bio\/et\/wp-json\/wp\/v2\/product_tag?post=52470"}],"curies":[{"name":"wp","href":"https:\/\/api.w.org\/{rel}","templated":true}]}}