{"id":52480,"date":"2010-10-14T11:15:17","date_gmt":"2010-10-14T08:15:17","guid":{"rendered":"https:\/\/tilk.bio\/shop\/super-nourishing-kit\/"},"modified":"2026-02-04T13:30:07","modified_gmt":"2026-02-04T11:30:07","slug":"super-nourishing-kit","status":"publish","type":"product","link":"https:\/\/tilk.bio\/et\/pood\/super-nourishing-kit\/","title":{"rendered":"Superniisutav komplekt"},"content":{"rendered":"<p>Selle komplekti abil saad j\u00e4tta h\u00fcvasti oma kuiva, elutu ja ketendava n\u00e4onahaga, sest meie pakutav kombinatsioon superniisutavatest toodetest lahendab need mured.<\/p>\n<p>Komplekti oleme kokku pannud kuiva naha niisutamiseks m\u00f5eldud tooted, mis aitavad taastada s\u00e4rava jume ja naha elastsuse. Siit komplektist leiad toitva n\u00e4okreemi (50 ml), \u00f6\u00f6kreemi (50 ml) ja vitamiini\u00f5li (5 ml).<\/p>\n<p>Siia komplekti kuuluvad:<\/p>\n<p><a href=\"https:\/\/tilk.bio\/et\/pood\/hualuroonhappega-toitev-ja-niisutav-paevakreem-nourish-me\/\"><b>Nourish Me (50 ml)<\/b><\/a> on rikkaliku koostisega niisutav ja toitev p\u00e4evakreem, milles sisalduval h\u00fcaluroonhappel on mitmeid imelisi omadusi. See seob niiskust, toetab hapniku ja toitainete transporti naharakkudesse ning aitab koost\u00f6\u00f6s k\u00f5rvitsaseemne\u00f5liga siluda kortsukesi. Lisaks osaleb h\u00fcaluroonhape ka kollageeni moodustumisel \u2013 see on aine, mis annab nahale elastsuse.<\/p>\n<p><a href=\"https:\/\/tilk.bio\/et\/pood\/spoon-me-ookreem\/\"><b>Spoon Me (50 ml)<\/b><\/a> on rikkaliku koostisega toitev \u00f6\u00f6kreem. \u00d6\u00f6kreeme soovitame kasutada vanuses 35+ ning kui nahk on kuiv ja elutu. Spoon Me on rikkalik ja toitev kreem, mis annab nahale j\u00f5udu ja niisutust.<\/p>\n<p><a href=\"https:\/\/tilk.bio\/et\/pood\/rikkaliku-ja-toitva-koostisega-naooli-kuivale-nahale-spoon-me\/\"><b>Spoon Me (5 ml)<\/b><\/a> rikkaliku ja toitva koostisega vitamiini\u00f5li sobib ideaalselt kuivale nahale, selle niisutavad ja toitvad looduslikud koostisosad annavad nahale eluj\u00f5udu ja s\u00e4ra. Vitamiini\u00f5li on vananemisvastane toode, mis aitab nahka uuendada, v\u00f5itleb vabade radikaalidega ning aitab saavutada nooruslikuma ja kirkama jume.<\/p>\n<p>Kasutamine: Kanna Nourish Me p\u00e4evakreem eelnevalt puhastatud nahale osana oma hommikusest n\u00e4ohooldusest. Spoon Me \u00f6\u00f6kreem kanna puhastatud nahale enne \u00f6\u00f6und. Masseeri n\u00e4okreem naha sisse suunaga \u00fclespidi ja seest v\u00e4ljapoole. Seej\u00e4rel kanna n\u00e4ole rikkaliku koostisega Spoon Me n\u00e4o\u00f5li ja masseeri ka see naha sisse. Kuiva naha puhul kasutatakse seerumit k\u00f5ige viimasena ehk n\u00e4okreemi peale. Seda selleks, et nahka lukustuks niisutustoode ehk n\u00e4okreem. Meie kogemus on n\u00e4idanud, et n\u00e4okreemi ja n\u00e4o\u00f5li regulaarne koos kasutamine j\u00e4tab naha kauem niisutatuks, elastseks ja s\u00e4ravaks.<\/p>\n<p>Loe l\u00e4hemalt iga toote kohta, klikkides toote nimele.<\/p>\n<p><a href=\"https:\/\/tilk.bio\/et\/5-praktilist-sammu-kuidas-teha-spaa-tasemel-loogastavat-naohooldust-enda-kodus\/\" target=\"_blank\" rel=\"noopener noreferrer\"><strong>7 praktilist sammu, kuidas teha Spaa tasemel l\u00f5\u00f5gastavat n\u00e4ohooldust enda kodus<\/strong><\/a><\/p>\n<p><a ref=\"magnificPopup\" href=\"https:\/\/tilk.bio\/wp-content\/uploads\/2020\/03\/Kati20-1024x768.jpg\"><img loading=\"lazy\" decoding=\"async\" class=\"alignnone wp-image-52584 size-large\" src=\"https:\/\/tilk.bio\/wp-content\/uploads\/2020\/03\/Kati20-1024x768.jpg\" alt=\"\" width=\"1024\" height=\"768\" srcset=\"https:\/\/tilk.bio\/wp-content\/uploads\/2020\/03\/Kati20-1024x768.jpg 1024w, https:\/\/tilk.bio\/wp-content\/uploads\/2020\/03\/Kati20-1000x750.jpg 1000w, https:\/\/tilk.bio\/wp-content\/uploads\/2020\/03\/Kati20-300x225.jpg 300w, https:\/\/tilk.bio\/wp-content\/uploads\/2020\/03\/Kati20-768x576.jpg 768w, https:\/\/tilk.bio\/wp-content\/uploads\/2020\/03\/Kati20-430x323.jpg 430w, https:\/\/tilk.bio\/wp-content\/uploads\/2020\/03\/Kati20-860x645.jpg 860w, https:\/\/tilk.bio\/wp-content\/uploads\/2020\/03\/Kati20.jpg 1200w\" sizes=\"auto, (max-width: 1024px) 100vw, 1024px\" \/><\/a><\/p>\n","protected":false},"excerpt":{"rendered":"<p>Selle komplekti abil saad j\u00e4tta h\u00fcvasti oma kuiva, elutu ja ketendava n\u00e4onahaga, sest meie pakutav kombinatsioon superniisutavatest toodetest lahendab need mured. Komplekti oleme kokku pannud kuiva naha niisutamiseks m\u00f5eldud tooted, mis aitavad taastada s\u00e4rava jume ja naha elastsuse. Siit komplektist leiad toitva n\u00e4okreemi (50 ml), \u00f6\u00f6kreemi (50 ml) ja vitamiini\u00f5li (5 ml). Siia komplekti kuuluvad:&#8230;<\/p>\n","protected":false},"featured_media":67575,"comment_status":"open","ping_status":"closed","template":"","meta":{"_acf_changed":false},"product_brand":[],"product_cat":[389,499,689,511,533,583,688],"product_tag":[557,219,556,341,465],"class_list":{"0":"post-52480","1":"product","2":"type-product","3":"status-publish","4":"has-post-thumbnail","6":"product_cat-koik-tooted","7":"product_cat-komplektid","8":"product_cat-kuiv-nahk","9":"product_cat-naohooldus","10":"product_cat-spaatli-voimalus","11":"product_cat-pure-luxury-et","12":"product_cat-vananemisilmingutega-nahk","13":"product_tag-jatkusuutlik","14":"product_tag-nahahooldus","15":"product_tag-palmiolivaba","16":"product_tag-unisex-et","17":"product_tag-vananemisvastane","19":"first","20":"outofstock","21":"sale","22":"taxable","23":"shipping-taxable","24":"purchasable","25":"product-type-simple"},"acf":[],"yoast_head":"<!-- This site is optimized with the Yoast SEO plugin v27.3 - https:\/\/yoast.com\/product\/yoast-seo-wordpress\/ -->\n<title>Superniisutav komplekt - Tilk!<\/title>\n<meta name=\"robots\" content=\"index, follow, max-snippet:-1, max-image-preview:large, max-video-preview:-1\" \/>\n<link rel=\"canonical\" href=\"https:\/\/tilk.bio\/pood\/super-nourishing-kit\/\" \/>\n<meta property=\"og:locale\" content=\"et_EE\" \/>\n<meta property=\"og:type\" content=\"article\" \/>\n<meta property=\"og:title\" content=\"Superniisutav komplekt - Tilk!\" \/>\n<meta property=\"og:description\" content=\"Selle komplekti abil saad j\u00e4tta h\u00fcvasti oma kuiva, elutu ja ketendava n\u00e4onahaga, sest meie pakutav kombinatsioon superniisutavatest toodetest lahendab need mured. Komplekti oleme kokku pannud kuiva naha niisutamiseks m\u00f5eldud tooted, mis aitavad taastada s\u00e4rava jume ja naha elastsuse. Siit komplektist leiad toitva n\u00e4okreemi (50 ml), \u00f6\u00f6kreemi (50 ml) ja vitamiini\u00f5li (5 ml). Siia komplekti kuuluvad:...\" \/>\n<meta property=\"og:url\" content=\"https:\/\/tilk.bio\/pood\/super-nourishing-kit\/\" \/>\n<meta property=\"og:site_name\" content=\"Tilk!\" \/>\n<meta property=\"article:publisher\" content=\"https:\/\/www.facebook.com\/tilk.bio\/\" \/>\n<meta property=\"article:modified_time\" content=\"2026-02-04T11:30:07+00:00\" \/>\n<meta property=\"og:image\" content=\"https:\/\/tilk.bio\/wp-content\/uploads\/2010\/10\/superniisutav-1.jpg\" \/>\n\t<meta property=\"og:image:width\" content=\"1200\" \/>\n\t<meta property=\"og:image:height\" content=\"1200\" \/>\n\t<meta property=\"og:image:type\" content=\"image\/jpeg\" \/>\n<meta name=\"twitter:card\" content=\"summary_large_image\" \/>\n<meta name=\"twitter:label1\" content=\"Est. reading time\" \/>\n\t<meta name=\"twitter:data1\" content=\"2 minutit\" \/>\n<script type=\"application\/ld+json\" class=\"yoast-schema-graph\">{\"@context\":\"https:\\\/\\\/schema.org\",\"@graph\":[{\"@type\":\"WebPage\",\"@id\":\"https:\\\/\\\/tilk.bio\\\/pood\\\/super-nourishing-kit\\\/\",\"url\":\"https:\\\/\\\/tilk.bio\\\/pood\\\/super-nourishing-kit\\\/\",\"name\":\"Superniisutav komplekt - Tilk!\",\"isPartOf\":{\"@id\":\"https:\\\/\\\/tilk.bio\\\/et\\\/#website\"},\"primaryImageOfPage\":{\"@id\":\"https:\\\/\\\/tilk.bio\\\/pood\\\/super-nourishing-kit\\\/#primaryimage\"},\"image\":{\"@id\":\"https:\\\/\\\/tilk.bio\\\/pood\\\/super-nourishing-kit\\\/#primaryimage\"},\"thumbnailUrl\":\"https:\\\/\\\/tilk.bio\\\/wp-content\\\/uploads\\\/2010\\\/10\\\/superniisutav-1.jpg\",\"datePublished\":\"2010-10-14T08:15:17+00:00\",\"dateModified\":\"2026-02-04T11:30:07+00:00\",\"breadcrumb\":{\"@id\":\"https:\\\/\\\/tilk.bio\\\/pood\\\/super-nourishing-kit\\\/#breadcrumb\"},\"inLanguage\":\"et\",\"potentialAction\":[{\"@type\":\"ReadAction\",\"target\":[\"https:\\\/\\\/tilk.bio\\\/pood\\\/super-nourishing-kit\\\/\"]}]},{\"@type\":\"ImageObject\",\"inLanguage\":\"et\",\"@id\":\"https:\\\/\\\/tilk.bio\\\/pood\\\/super-nourishing-kit\\\/#primaryimage\",\"url\":\"https:\\\/\\\/tilk.bio\\\/wp-content\\\/uploads\\\/2010\\\/10\\\/superniisutav-1.jpg\",\"contentUrl\":\"https:\\\/\\\/tilk.bio\\\/wp-content\\\/uploads\\\/2010\\\/10\\\/superniisutav-1.jpg\",\"width\":1200,\"height\":1200},{\"@type\":\"BreadcrumbList\",\"@id\":\"https:\\\/\\\/tilk.bio\\\/pood\\\/super-nourishing-kit\\\/#breadcrumb\",\"itemListElement\":[{\"@type\":\"ListItem\",\"position\":1,\"name\":\"Home\",\"item\":\"https:\\\/\\\/tilk.bio\\\/et\\\/\"},{\"@type\":\"ListItem\",\"position\":2,\"name\":\"Pood\",\"item\":\"https:\\\/\\\/tilk.bio\\\/et\\\/pood\\\/\"},{\"@type\":\"ListItem\",\"position\":3,\"name\":\"Superniisutav komplekt\"}]},{\"@type\":\"WebSite\",\"@id\":\"https:\\\/\\\/tilk.bio\\\/et\\\/#website\",\"url\":\"https:\\\/\\\/tilk.bio\\\/et\\\/\",\"name\":\"Tilk!\",\"description\":\"Keskkonnas\u00f5bralik ja j\u00e4tkusuutlik looduskosmeetika Saaremaalt.\",\"potentialAction\":[{\"@type\":\"SearchAction\",\"target\":{\"@type\":\"EntryPoint\",\"urlTemplate\":\"https:\\\/\\\/tilk.bio\\\/et\\\/?s={search_term_string}\"},\"query-input\":{\"@type\":\"PropertyValueSpecification\",\"valueRequired\":true,\"valueName\":\"search_term_string\"}}],\"inLanguage\":\"et\"}]}<\/script>\n<!-- \/ Yoast SEO plugin. -->","yoast_head_json":{"title":"Superniisutav komplekt - Tilk!","robots":{"index":"index","follow":"follow","max-snippet":"max-snippet:-1","max-image-preview":"max-image-preview:large","max-video-preview":"max-video-preview:-1"},"canonical":"https:\/\/tilk.bio\/pood\/super-nourishing-kit\/","og_locale":"et_EE","og_type":"article","og_title":"Superniisutav komplekt - Tilk!","og_description":"Selle komplekti abil saad j\u00e4tta h\u00fcvasti oma kuiva, elutu ja ketendava n\u00e4onahaga, sest meie pakutav kombinatsioon superniisutavatest toodetest lahendab need mured. Komplekti oleme kokku pannud kuiva naha niisutamiseks m\u00f5eldud tooted, mis aitavad taastada s\u00e4rava jume ja naha elastsuse. Siit komplektist leiad toitva n\u00e4okreemi (50 ml), \u00f6\u00f6kreemi (50 ml) ja vitamiini\u00f5li (5 ml). Siia komplekti kuuluvad:...","og_url":"https:\/\/tilk.bio\/pood\/super-nourishing-kit\/","og_site_name":"Tilk!","article_publisher":"https:\/\/www.facebook.com\/tilk.bio\/","article_modified_time":"2026-02-04T11:30:07+00:00","og_image":[{"width":1200,"height":1200,"url":"https:\/\/tilk.bio\/wp-content\/uploads\/2010\/10\/superniisutav-1.jpg","type":"image\/jpeg"}],"twitter_card":"summary_large_image","twitter_misc":{"Est. reading time":"2 minutit"},"schema":{"@context":"https:\/\/schema.org","@graph":[{"@type":"WebPage","@id":"https:\/\/tilk.bio\/pood\/super-nourishing-kit\/","url":"https:\/\/tilk.bio\/pood\/super-nourishing-kit\/","name":"Superniisutav komplekt - Tilk!","isPartOf":{"@id":"https:\/\/tilk.bio\/et\/#website"},"primaryImageOfPage":{"@id":"https:\/\/tilk.bio\/pood\/super-nourishing-kit\/#primaryimage"},"image":{"@id":"https:\/\/tilk.bio\/pood\/super-nourishing-kit\/#primaryimage"},"thumbnailUrl":"https:\/\/tilk.bio\/wp-content\/uploads\/2010\/10\/superniisutav-1.jpg","datePublished":"2010-10-14T08:15:17+00:00","dateModified":"2026-02-04T11:30:07+00:00","breadcrumb":{"@id":"https:\/\/tilk.bio\/pood\/super-nourishing-kit\/#breadcrumb"},"inLanguage":"et","potentialAction":[{"@type":"ReadAction","target":["https:\/\/tilk.bio\/pood\/super-nourishing-kit\/"]}]},{"@type":"ImageObject","inLanguage":"et","@id":"https:\/\/tilk.bio\/pood\/super-nourishing-kit\/#primaryimage","url":"https:\/\/tilk.bio\/wp-content\/uploads\/2010\/10\/superniisutav-1.jpg","contentUrl":"https:\/\/tilk.bio\/wp-content\/uploads\/2010\/10\/superniisutav-1.jpg","width":1200,"height":1200},{"@type":"BreadcrumbList","@id":"https:\/\/tilk.bio\/pood\/super-nourishing-kit\/#breadcrumb","itemListElement":[{"@type":"ListItem","position":1,"name":"Home","item":"https:\/\/tilk.bio\/et\/"},{"@type":"ListItem","position":2,"name":"Pood","item":"https:\/\/tilk.bio\/et\/pood\/"},{"@type":"ListItem","position":3,"name":"Superniisutav komplekt"}]},{"@type":"WebSite","@id":"https:\/\/tilk.bio\/et\/#website","url":"https:\/\/tilk.bio\/et\/","name":"Tilk!","description":"Keskkonnas\u00f5bralik ja j\u00e4tkusuutlik looduskosmeetika Saaremaalt.","potentialAction":[{"@type":"SearchAction","target":{"@type":"EntryPoint","urlTemplate":"https:\/\/tilk.bio\/et\/?s={search_term_string}"},"query-input":{"@type":"PropertyValueSpecification","valueRequired":true,"valueName":"search_term_string"}}],"inLanguage":"et"}]}},"_links":{"self":[{"href":"https:\/\/tilk.bio\/et\/wp-json\/wp\/v2\/product\/52480","targetHints":{"allow":["GET"]}}],"collection":[{"href":"https:\/\/tilk.bio\/et\/wp-json\/wp\/v2\/product"}],"about":[{"href":"https:\/\/tilk.bio\/et\/wp-json\/wp\/v2\/types\/product"}],"replies":[{"embeddable":true,"href":"https:\/\/tilk.bio\/et\/wp-json\/wp\/v2\/comments?post=52480"}],"wp:featuredmedia":[{"embeddable":true,"href":"https:\/\/tilk.bio\/et\/wp-json\/wp\/v2\/media\/67575"}],"wp:attachment":[{"href":"https:\/\/tilk.bio\/et\/wp-json\/wp\/v2\/media?parent=52480"}],"wp:term":[{"taxonomy":"product_brand","embeddable":true,"href":"https:\/\/tilk.bio\/et\/wp-json\/wp\/v2\/product_brand?post=52480"},{"taxonomy":"product_cat","embeddable":true,"href":"https:\/\/tilk.bio\/et\/wp-json\/wp\/v2\/product_cat?post=52480"},{"taxonomy":"product_tag","embeddable":true,"href":"https:\/\/tilk.bio\/et\/wp-json\/wp\/v2\/product_tag?post=52480"}],"curies":[{"name":"wp","href":"https:\/\/api.w.org\/{rel}","templated":true}]}}