{"id":52694,"date":"2020-11-06T11:11:53","date_gmt":"2020-11-06T09:11:53","guid":{"rendered":"https:\/\/tilk.bio\/shop\/soft-silky-on-sugavniisutav-ja-naha-tekstuuri-parandav-jalakreem-eukalupti-ja-piparmundig\/"},"modified":"2026-03-20T08:45:04","modified_gmt":"2026-03-20T06:45:04","slug":"sugavniisutav-jalakreem-soft-silky-eukalupti-ja-piparmundiga","status":"publish","type":"product","link":"https:\/\/tilk.bio\/et\/pood\/sugavniisutav-jalakreem-soft-silky-eukalupti-ja-piparmundiga\/","title":{"rendered":"Soft &amp; Silky s\u00fcgavniisutav jalakreem eukal\u00fcpti ja piparm\u00fcndiga"},"content":{"rendered":"<p>Soft &amp; Silky on s\u00fcgavniisutav ja naha tekstuuri parandav jalakreem v\u00e4rskendava eukal\u00fcpti ja piparm\u00fcndiga. Kreem niisutab ja teeb ka v\u00e4ga kuivad jalad pehmeks ja m\u00f5nusaks. Parima tulemuse saad, kui <a href=\"https:\/\/tilk.bio\/et\/tootekategooria\/kehale\/jalahooldus\/\">hoolitsed<\/a> oma jalgade eest neid regulaarselt viilides spetsiaalse <a href=\"https:\/\/tilk.bio\/et\/pood\/luksuslik-ja-kvaliteetne-klaasist-kannaviil-ilusate-ja-pehmete-jalgade-jaoks\/\">kannaviiliga<\/a>, koorides\u00a0 ja niisutades. Soovitame kreemi kasutada koos <a href=\"https:\/\/tilk.bio\/et\/pood\/scrub-soothe-naha-tekstuuri-uuendav-jalakoorija-ergutava-kadakamarja-ja-nogeseekstraktiga\/\">Scrub &amp; Soothe jalakoorijaga<\/a>.<\/p>\n<p>Siidise kreemi koostises olevad astelpaju\u00f5li, saialille, kortslehe ja p\u00f5ldosja bioaktiivsed toimeained tugevdavad naha struktuuri ja parandavad mikrohaavandeid. Jalakreemi koostises oleval kookos\u00f5lil on nahka niisutavad, rahustavad ja kannal\u00f5hesid parandavad omadused. Jojoba \u00f5li niisutab, elustab, toniseerib ning taastab naha loomulikku tasakaalu. Kreem sisaldab rohkelt astelpaju\u00f5li, milles on toitvad ja nahka pehmendavad C-, E, K- ja P-vitamiinid. Looduslikes \u00f5lides peituvad antioks\u00fcdandid muudavad naha siidiselt pehmeks ja elastseks. L\u00f5hnas v\u00f5ib \u00e4ra tunda teepuu, eukal\u00fcpti ning piparm\u00fcndi.<\/p>\n<p><strong>Kasutamine:<\/strong> Kanna jalakreem jalataldadele, kandadele, p\u00e4kkadele ja varvastele. Masseeri \u00f5rnalt naha sisse. Naudi v\u00e4rsket tunnet.<\/p>\n<p>Kreemi koostisosad on looduslikku p\u00e4ritolu ja vegan. Kreemi loomisel on kasutatud Saaremaalt k\u00e4sitsi korjatud taimede \u00f5lisid.<\/p>\n<p>Hoiustamine: Hoiusta jalakreemi toatemperatuuril.<\/p>\n<p>Kogus: 50ml<\/p>\n<p><a ref=\"magnificPopup\" href=\"https:\/\/tilk.bio\/wp-content\/uploads\/2016\/01\/Vegan_sign-07.png\"><img loading=\"lazy\" decoding=\"async\" class=\"alignnone wp-image-17806\" src=\"https:\/\/tilk.bio\/wp-content\/uploads\/2016\/01\/Vegan_sign-07.png\" alt=\"\" width=\"83\" height=\"83\" srcset=\"https:\/\/tilk.bio\/wp-content\/uploads\/2016\/01\/Vegan_sign-07.png 165w, https:\/\/tilk.bio\/wp-content\/uploads\/2016\/01\/Vegan_sign-07-150x150.png 150w\" sizes=\"auto, (max-width: 83px) 100vw, 83px\" \/><\/a><\/p>\n","protected":false},"excerpt":{"rendered":"<p>Soft &amp; Silky on s\u00fcgavniisutav ja naha tekstuuri parandav jalakreem v\u00e4rskendava eukal\u00fcpti ja piparm\u00fcndiga. Kreem niisutab ja teeb ka v\u00e4ga kuivad jalad pehmeks ja m\u00f5nusaks. Parima tulemuse saad, kui hoolitsed oma jalgade eest neid regulaarselt viilides spetsiaalse kannaviiliga, koorides\u00a0 ja niisutades. Soovitame kreemi kasutada koos Scrub &amp; Soothe jalakoorijaga. Siidise kreemi koostises olevad astelpaju\u00f5li, saialille,&#8230;<\/p>\n","protected":false},"featured_media":52725,"comment_status":"open","ping_status":"closed","template":"","meta":{"_acf_changed":false},"product_brand":[],"product_cat":[644,673,495,389,713],"product_tag":[],"class_list":{"0":"post-52694","1":"product","2":"type-product","3":"status-publish","4":"has-post-thumbnail","6":"product_cat-jalahooldus","7":"product_cat-jalakreem","8":"product_cat-kehale","9":"product_cat-koik-tooted","10":"product_cat-tilk-herbal-et","12":"first","13":"instock","14":"taxable","15":"shipping-taxable","16":"purchasable","17":"product-type-simple"},"acf":[],"yoast_head":"<!-- This site is optimized with the Yoast SEO plugin v27.3 - https:\/\/yoast.com\/product\/yoast-seo-wordpress\/ -->\n<title>jalakreem eukal\u00fcpti ja piparm\u00fcndiga<\/title>\n<meta name=\"description\" content=\"soft &amp; Silky on s\u00fcgavniisutav ja naha tekstuuri parandav jalakreem v\u00e4rskendava eukal\u00fcpti ja piparm\u00fcndiga. Hoolitse oma jalgade eest regulaarselt.\" \/>\n<meta name=\"robots\" content=\"index, follow, max-snippet:-1, max-image-preview:large, max-video-preview:-1\" \/>\n<link rel=\"canonical\" href=\"https:\/\/tilk.bio\/et\/pood\/sugavniisutav-jalakreem-soft-silky-eukalupti-ja-piparmundiga\/\" \/>\n<meta property=\"og:locale\" content=\"et_EE\" \/>\n<meta property=\"og:type\" content=\"article\" \/>\n<meta property=\"og:title\" content=\"jalakreem eukal\u00fcpti ja piparm\u00fcndiga\" \/>\n<meta property=\"og:description\" content=\"soft &amp; Silky on s\u00fcgavniisutav ja naha tekstuuri parandav jalakreem v\u00e4rskendava eukal\u00fcpti ja piparm\u00fcndiga. Hoolitse oma jalgade eest regulaarselt.\" \/>\n<meta property=\"og:url\" content=\"https:\/\/tilk.bio\/et\/pood\/sugavniisutav-jalakreem-soft-silky-eukalupti-ja-piparmundiga\/\" \/>\n<meta property=\"og:site_name\" content=\"Tilk!\" \/>\n<meta property=\"article:publisher\" content=\"https:\/\/www.facebook.com\/tilk.bio\/\" \/>\n<meta property=\"article:modified_time\" content=\"2026-03-20T06:45:04+00:00\" \/>\n<meta property=\"og:image\" content=\"https:\/\/tilk.bio\/wp-content\/uploads\/2020\/11\/softsilky2.png\" \/>\n\t<meta property=\"og:image:width\" content=\"920\" \/>\n\t<meta property=\"og:image:height\" content=\"1100\" \/>\n\t<meta property=\"og:image:type\" content=\"image\/png\" \/>\n<meta name=\"twitter:card\" content=\"summary_large_image\" \/>\n<meta name=\"twitter:label1\" content=\"Est. reading time\" \/>\n\t<meta name=\"twitter:data1\" content=\"1 minut\" \/>\n<script type=\"application\/ld+json\" class=\"yoast-schema-graph\">{\"@context\":\"https:\\\/\\\/schema.org\",\"@graph\":[{\"@type\":\"WebPage\",\"@id\":\"https:\\\/\\\/tilk.bio\\\/et\\\/pood\\\/sugavniisutav-jalakreem-soft-silky-eukalupti-ja-piparmundiga\\\/\",\"url\":\"https:\\\/\\\/tilk.bio\\\/et\\\/pood\\\/sugavniisutav-jalakreem-soft-silky-eukalupti-ja-piparmundiga\\\/\",\"name\":\"jalakreem eukal\u00fcpti ja piparm\u00fcndiga\",\"isPartOf\":{\"@id\":\"https:\\\/\\\/tilk.bio\\\/et\\\/#website\"},\"primaryImageOfPage\":{\"@id\":\"https:\\\/\\\/tilk.bio\\\/et\\\/pood\\\/sugavniisutav-jalakreem-soft-silky-eukalupti-ja-piparmundiga\\\/#primaryimage\"},\"image\":{\"@id\":\"https:\\\/\\\/tilk.bio\\\/et\\\/pood\\\/sugavniisutav-jalakreem-soft-silky-eukalupti-ja-piparmundiga\\\/#primaryimage\"},\"thumbnailUrl\":\"https:\\\/\\\/tilk.bio\\\/wp-content\\\/uploads\\\/2020\\\/11\\\/softsilky2.png\",\"datePublished\":\"2020-11-06T09:11:53+00:00\",\"dateModified\":\"2026-03-20T06:45:04+00:00\",\"description\":\"soft & Silky on s\u00fcgavniisutav ja naha tekstuuri parandav jalakreem v\u00e4rskendava eukal\u00fcpti ja piparm\u00fcndiga. Hoolitse oma jalgade eest regulaarselt.\",\"breadcrumb\":{\"@id\":\"https:\\\/\\\/tilk.bio\\\/et\\\/pood\\\/sugavniisutav-jalakreem-soft-silky-eukalupti-ja-piparmundiga\\\/#breadcrumb\"},\"inLanguage\":\"et\",\"potentialAction\":[{\"@type\":\"ReadAction\",\"target\":[\"https:\\\/\\\/tilk.bio\\\/et\\\/pood\\\/sugavniisutav-jalakreem-soft-silky-eukalupti-ja-piparmundiga\\\/\"]}]},{\"@type\":\"ImageObject\",\"inLanguage\":\"et\",\"@id\":\"https:\\\/\\\/tilk.bio\\\/et\\\/pood\\\/sugavniisutav-jalakreem-soft-silky-eukalupti-ja-piparmundiga\\\/#primaryimage\",\"url\":\"https:\\\/\\\/tilk.bio\\\/wp-content\\\/uploads\\\/2020\\\/11\\\/softsilky2.png\",\"contentUrl\":\"https:\\\/\\\/tilk.bio\\\/wp-content\\\/uploads\\\/2020\\\/11\\\/softsilky2.png\",\"width\":920,\"height\":1100},{\"@type\":\"BreadcrumbList\",\"@id\":\"https:\\\/\\\/tilk.bio\\\/et\\\/pood\\\/sugavniisutav-jalakreem-soft-silky-eukalupti-ja-piparmundiga\\\/#breadcrumb\",\"itemListElement\":[{\"@type\":\"ListItem\",\"position\":1,\"name\":\"Home\",\"item\":\"https:\\\/\\\/tilk.bio\\\/et\\\/\"},{\"@type\":\"ListItem\",\"position\":2,\"name\":\"Pood\",\"item\":\"https:\\\/\\\/tilk.bio\\\/et\\\/pood\\\/\"},{\"@type\":\"ListItem\",\"position\":3,\"name\":\"Soft &amp; Silky s\u00fcgavniisutav jalakreem eukal\u00fcpti ja piparm\u00fcndiga\"}]},{\"@type\":\"WebSite\",\"@id\":\"https:\\\/\\\/tilk.bio\\\/et\\\/#website\",\"url\":\"https:\\\/\\\/tilk.bio\\\/et\\\/\",\"name\":\"Tilk!\",\"description\":\"Keskkonnas\u00f5bralik ja j\u00e4tkusuutlik looduskosmeetika Saaremaalt.\",\"potentialAction\":[{\"@type\":\"SearchAction\",\"target\":{\"@type\":\"EntryPoint\",\"urlTemplate\":\"https:\\\/\\\/tilk.bio\\\/et\\\/?s={search_term_string}\"},\"query-input\":{\"@type\":\"PropertyValueSpecification\",\"valueRequired\":true,\"valueName\":\"search_term_string\"}}],\"inLanguage\":\"et\"}]}<\/script>\n<!-- \/ Yoast SEO plugin. -->","yoast_head_json":{"title":"jalakreem eukal\u00fcpti ja piparm\u00fcndiga","description":"soft & Silky on s\u00fcgavniisutav ja naha tekstuuri parandav jalakreem v\u00e4rskendava eukal\u00fcpti ja piparm\u00fcndiga. Hoolitse oma jalgade eest regulaarselt.","robots":{"index":"index","follow":"follow","max-snippet":"max-snippet:-1","max-image-preview":"max-image-preview:large","max-video-preview":"max-video-preview:-1"},"canonical":"https:\/\/tilk.bio\/et\/pood\/sugavniisutav-jalakreem-soft-silky-eukalupti-ja-piparmundiga\/","og_locale":"et_EE","og_type":"article","og_title":"jalakreem eukal\u00fcpti ja piparm\u00fcndiga","og_description":"soft & Silky on s\u00fcgavniisutav ja naha tekstuuri parandav jalakreem v\u00e4rskendava eukal\u00fcpti ja piparm\u00fcndiga. Hoolitse oma jalgade eest regulaarselt.","og_url":"https:\/\/tilk.bio\/et\/pood\/sugavniisutav-jalakreem-soft-silky-eukalupti-ja-piparmundiga\/","og_site_name":"Tilk!","article_publisher":"https:\/\/www.facebook.com\/tilk.bio\/","article_modified_time":"2026-03-20T06:45:04+00:00","og_image":[{"width":920,"height":1100,"url":"https:\/\/tilk.bio\/wp-content\/uploads\/2020\/11\/softsilky2.png","type":"image\/png"}],"twitter_card":"summary_large_image","twitter_misc":{"Est. reading time":"1 minut"},"schema":{"@context":"https:\/\/schema.org","@graph":[{"@type":"WebPage","@id":"https:\/\/tilk.bio\/et\/pood\/sugavniisutav-jalakreem-soft-silky-eukalupti-ja-piparmundiga\/","url":"https:\/\/tilk.bio\/et\/pood\/sugavniisutav-jalakreem-soft-silky-eukalupti-ja-piparmundiga\/","name":"jalakreem eukal\u00fcpti ja piparm\u00fcndiga","isPartOf":{"@id":"https:\/\/tilk.bio\/et\/#website"},"primaryImageOfPage":{"@id":"https:\/\/tilk.bio\/et\/pood\/sugavniisutav-jalakreem-soft-silky-eukalupti-ja-piparmundiga\/#primaryimage"},"image":{"@id":"https:\/\/tilk.bio\/et\/pood\/sugavniisutav-jalakreem-soft-silky-eukalupti-ja-piparmundiga\/#primaryimage"},"thumbnailUrl":"https:\/\/tilk.bio\/wp-content\/uploads\/2020\/11\/softsilky2.png","datePublished":"2020-11-06T09:11:53+00:00","dateModified":"2026-03-20T06:45:04+00:00","description":"soft & Silky on s\u00fcgavniisutav ja naha tekstuuri parandav jalakreem v\u00e4rskendava eukal\u00fcpti ja piparm\u00fcndiga. Hoolitse oma jalgade eest regulaarselt.","breadcrumb":{"@id":"https:\/\/tilk.bio\/et\/pood\/sugavniisutav-jalakreem-soft-silky-eukalupti-ja-piparmundiga\/#breadcrumb"},"inLanguage":"et","potentialAction":[{"@type":"ReadAction","target":["https:\/\/tilk.bio\/et\/pood\/sugavniisutav-jalakreem-soft-silky-eukalupti-ja-piparmundiga\/"]}]},{"@type":"ImageObject","inLanguage":"et","@id":"https:\/\/tilk.bio\/et\/pood\/sugavniisutav-jalakreem-soft-silky-eukalupti-ja-piparmundiga\/#primaryimage","url":"https:\/\/tilk.bio\/wp-content\/uploads\/2020\/11\/softsilky2.png","contentUrl":"https:\/\/tilk.bio\/wp-content\/uploads\/2020\/11\/softsilky2.png","width":920,"height":1100},{"@type":"BreadcrumbList","@id":"https:\/\/tilk.bio\/et\/pood\/sugavniisutav-jalakreem-soft-silky-eukalupti-ja-piparmundiga\/#breadcrumb","itemListElement":[{"@type":"ListItem","position":1,"name":"Home","item":"https:\/\/tilk.bio\/et\/"},{"@type":"ListItem","position":2,"name":"Pood","item":"https:\/\/tilk.bio\/et\/pood\/"},{"@type":"ListItem","position":3,"name":"Soft &amp; Silky s\u00fcgavniisutav jalakreem eukal\u00fcpti ja piparm\u00fcndiga"}]},{"@type":"WebSite","@id":"https:\/\/tilk.bio\/et\/#website","url":"https:\/\/tilk.bio\/et\/","name":"Tilk!","description":"Keskkonnas\u00f5bralik ja j\u00e4tkusuutlik looduskosmeetika Saaremaalt.","potentialAction":[{"@type":"SearchAction","target":{"@type":"EntryPoint","urlTemplate":"https:\/\/tilk.bio\/et\/?s={search_term_string}"},"query-input":{"@type":"PropertyValueSpecification","valueRequired":true,"valueName":"search_term_string"}}],"inLanguage":"et"}]}},"_links":{"self":[{"href":"https:\/\/tilk.bio\/et\/wp-json\/wp\/v2\/product\/52694","targetHints":{"allow":["GET"]}}],"collection":[{"href":"https:\/\/tilk.bio\/et\/wp-json\/wp\/v2\/product"}],"about":[{"href":"https:\/\/tilk.bio\/et\/wp-json\/wp\/v2\/types\/product"}],"replies":[{"embeddable":true,"href":"https:\/\/tilk.bio\/et\/wp-json\/wp\/v2\/comments?post=52694"}],"wp:featuredmedia":[{"embeddable":true,"href":"https:\/\/tilk.bio\/et\/wp-json\/wp\/v2\/media\/52725"}],"wp:attachment":[{"href":"https:\/\/tilk.bio\/et\/wp-json\/wp\/v2\/media?parent=52694"}],"wp:term":[{"taxonomy":"product_brand","embeddable":true,"href":"https:\/\/tilk.bio\/et\/wp-json\/wp\/v2\/product_brand?post=52694"},{"taxonomy":"product_cat","embeddable":true,"href":"https:\/\/tilk.bio\/et\/wp-json\/wp\/v2\/product_cat?post=52694"},{"taxonomy":"product_tag","embeddable":true,"href":"https:\/\/tilk.bio\/et\/wp-json\/wp\/v2\/product_tag?post=52694"}],"curies":[{"name":"wp","href":"https:\/\/api.w.org\/{rel}","templated":true}]}}