{"id":53163,"date":"2020-12-02T12:49:29","date_gmt":"2020-12-02T12:49:29","guid":{"rendered":"https:\/\/tilk.bio\/shop\/shave-me-raseerimiskreem-aloe-vera-ja-saialillega\/"},"modified":"2026-04-14T18:45:05","modified_gmt":"2026-04-14T15:45:05","slug":"shave-me-raseerimiskreem-aloe-vera-ja-saialillega","status":"publish","type":"product","link":"https:\/\/tilk.bio\/et\/pood\/shave-me-raseerimiskreem-aloe-vera-ja-saialillega\/","title":{"rendered":"Shave Me raseerimiskreem Aloe vera ja saialillega"},"content":{"rendered":"<p>AUHINNATUD RASEERIMISKREEM<\/p>\n<p>Shave Me on \u00f5rn ja niisutav raseerimiskreem, mis on loodud selleks, et raseerimine v\u00f5iks olla nahas\u00f5bralik. <strong><a href=\"https:\/\/tilk.bio\/et\/tootekategooria\/kehale\/raseerimiskreem-et\/\">Raseerimiskreemi<\/a><\/strong>\u00a0vahune ja pehme koostis tagab \u017eiletile hea libisemise m\u00f6\u00f6da nahka, kaitstes nahka \u00e4rrituste eest. See toode sobib raseerimiseks nii meestele kui naistele, erinevatele kehapiirkondadele (sh intiimpiirkonnale).<\/p>\n<p>Kookos\u00f5li on suurep\u00e4rane naha niisutaja ja pehmendaja. Kastoor\u00f5li aitab haavadel kiiremini paraneda ja nahal rahuneda. Saialille, kortslehe ja p\u00f5ldosja bioaktiivsed toimeained tugevdavad naha struktuuri ja parandavad mikrohaavu. Aloe vera sisaldab rohkelt looduslikke antioks\u00fcdante, m\u00f5jub nahale jahutavalt ja rahustavalt. Lavendli eeterlik \u00f5li aitab kaasa naha kiirele taastumisele, l\u00f5dvestab ja m\u00f5jub rahustavalt ka meeleolule.<\/p>\n<p>Kasutamine<b>:<\/b> Kanna raseerimiskreem nahale ning eemalda karvad \u017eiletiga, loputa nahk ja kreemita. Sobib h\u00e4sti du\u0161i all raseerimiseks.<\/p>\n<p>Kasutades raseerimiskreemi habemeajamiseks, niisuta nahka p\u00e4rast protseduuri n\u00e4okreemiga <a href=\"https:\/\/tilk.bio\/et\/pood\/power-me-meestekreem\/\"><b>Power Me,<\/b><\/a>\u00a0v\u00e4ga h\u00e4sti sobib ka kadakaga n\u00e4o\u00f5li <a href=\"https:\/\/tilk.bio\/et\/pood\/smooth-me-naooli\/\"><b>Smooth me<\/b><\/a>.<\/p>\n<p>Raseerimiskreemi koostisosad on looduslikku p\u00e4ritolu ja vegan. Kreemi loomisel on kasutatud Saaremaalt k\u00e4sitsi korjatud taimede \u00f5lisid.<\/p>\n<p>Hoiustamine: Hoiusta raseerimiskreemi toatemperatuuril.<\/p>\n<p>Kogus: 120ml\/50ml<\/p>\n<p><a ref=\"magnificPopup\" href=\"https:\/\/tilk.bio\/wp-content\/uploads\/2016\/01\/Vegan_sign-07.png\"><img loading=\"lazy\" decoding=\"async\" class=\"alignnone wp-image-17806\" src=\"https:\/\/tilk.bio\/wp-content\/uploads\/2016\/01\/Vegan_sign-07.png\" alt=\"\" width=\"55\" height=\"55\" srcset=\"https:\/\/tilk.bio\/wp-content\/uploads\/2016\/01\/Vegan_sign-07.png 165w, https:\/\/tilk.bio\/wp-content\/uploads\/2016\/01\/Vegan_sign-07-150x150.png 150w\" sizes=\"auto, (max-width: 55px) 100vw, 55px\" \/><\/a><\/p>\n","protected":false},"excerpt":{"rendered":"<p>AUHINNATUD RASEERIMISKREEM Shave Me on \u00f5rn ja niisutav raseerimiskreem, mis on loodud selleks, et raseerimine v\u00f5iks olla nahas\u00f5bralik. Raseerimiskreemi\u00a0vahune ja pehme koostis tagab \u017eiletile hea libisemise m\u00f6\u00f6da nahka, kaitstes nahka \u00e4rrituste eest. See toode sobib raseerimiseks nii meestele kui naistele, erinevatele kehapiirkondadele (sh intiimpiirkonnale). Kookos\u00f5li on suurep\u00e4rane naha niisutaja ja pehmendaja. Kastoor\u00f5li aitab haavadel kiiremini&#8230;<\/p>\n","protected":false},"featured_media":65687,"comment_status":"open","ping_status":"closed","template":"","meta":{"_acf_changed":false},"product_brand":[],"product_cat":[495,389,628,511,648,798,713],"product_tag":[571,212,649,650,521,651,341],"class_list":{"0":"post-53163","1":"product","2":"type-product","3":"status-publish","4":"has-post-thumbnail","6":"product_cat-kehale","7":"product_cat-koik-tooted","8":"product_cat-meestele","9":"product_cat-naohooldus","10":"product_cat-raseerimiskreem","11":"product_cat-raseerimiskreem-et","12":"product_cat-tilk-herbal-et","13":"product_tag-julmusevaba-et","14":"product_tag-kuiv-nahk","15":"product_tag-meestele-et","16":"product_tag-naistele","17":"product_tag-naokreem-et","18":"product_tag-raseerimine","19":"product_tag-unisex-et","21":"first","22":"instock","23":"taxable","24":"shipping-taxable","25":"purchasable","26":"product-type-simple"},"acf":[],"yoast_head":"<!-- This site is optimized with the Yoast SEO plugin v27.6 - https:\/\/yoast.com\/product\/yoast-seo-wordpress\/ -->\n<title>Raseerimiskreem Shave Me<\/title>\n<meta name=\"description\" content=\"Shave Me on \u00f5rn ja niisutav raseerimiskreem, mis on loodud sellleks, et raseerimine v\u00f5iks olla nahas\u00f5bralik. Raseerimiskreemil on\u00a0vahune ja pehme koostis.\" \/>\n<meta name=\"robots\" content=\"index, follow, max-snippet:-1, max-image-preview:large, max-video-preview:-1\" \/>\n<link rel=\"canonical\" href=\"https:\/\/tilk.bio\/et\/pood\/shave-me-raseerimiskreem-aloe-vera-ja-saialillega\/\" \/>\n<meta property=\"og:locale\" content=\"et_EE\" \/>\n<meta property=\"og:type\" content=\"article\" \/>\n<meta property=\"og:title\" content=\"Raseerimiskreem Shave Me\" \/>\n<meta property=\"og:description\" content=\"Shave Me on \u00f5rn ja niisutav raseerimiskreem, mis on loodud sellleks, et raseerimine v\u00f5iks olla nahas\u00f5bralik. Raseerimiskreemil on\u00a0vahune ja pehme koostis.\" \/>\n<meta property=\"og:url\" content=\"https:\/\/tilk.bio\/et\/pood\/shave-me-raseerimiskreem-aloe-vera-ja-saialillega\/\" \/>\n<meta property=\"og:site_name\" content=\"Tilk!\" \/>\n<meta property=\"article:publisher\" content=\"https:\/\/www.facebook.com\/tilk.bio\/\" \/>\n<meta property=\"article:modified_time\" content=\"2026-04-14T15:45:05+00:00\" \/>\n<meta property=\"og:image\" content=\"https:\/\/tilk.bio\/wp-content\/uploads\/2020\/12\/shavemebuduaar.png\" \/>\n\t<meta property=\"og:image:width\" content=\"920\" \/>\n\t<meta property=\"og:image:height\" content=\"1100\" \/>\n\t<meta property=\"og:image:type\" content=\"image\/png\" \/>\n<meta name=\"twitter:card\" content=\"summary_large_image\" \/>\n<meta name=\"twitter:label1\" content=\"Est. reading time\" \/>\n\t<meta name=\"twitter:data1\" content=\"1 minut\" \/>\n<script type=\"application\/ld+json\" class=\"yoast-schema-graph\">{\"@context\":\"https:\\\/\\\/schema.org\",\"@graph\":[{\"@type\":\"WebPage\",\"@id\":\"https:\\\/\\\/tilk.bio\\\/et\\\/pood\\\/shave-me-raseerimiskreem-aloe-vera-ja-saialillega\\\/\",\"url\":\"https:\\\/\\\/tilk.bio\\\/et\\\/pood\\\/shave-me-raseerimiskreem-aloe-vera-ja-saialillega\\\/\",\"name\":\"Raseerimiskreem Shave Me\",\"isPartOf\":{\"@id\":\"https:\\\/\\\/tilk.bio\\\/et\\\/#website\"},\"primaryImageOfPage\":{\"@id\":\"https:\\\/\\\/tilk.bio\\\/et\\\/pood\\\/shave-me-raseerimiskreem-aloe-vera-ja-saialillega\\\/#primaryimage\"},\"image\":{\"@id\":\"https:\\\/\\\/tilk.bio\\\/et\\\/pood\\\/shave-me-raseerimiskreem-aloe-vera-ja-saialillega\\\/#primaryimage\"},\"thumbnailUrl\":\"https:\\\/\\\/tilk.bio\\\/wp-content\\\/uploads\\\/2020\\\/12\\\/shavemebuduaar.png\",\"datePublished\":\"2020-12-02T12:49:29+00:00\",\"dateModified\":\"2026-04-14T15:45:05+00:00\",\"description\":\"Shave Me on \u00f5rn ja niisutav raseerimiskreem, mis on loodud sellleks, et raseerimine v\u00f5iks olla nahas\u00f5bralik. Raseerimiskreemil on\u00a0vahune ja pehme koostis.\",\"breadcrumb\":{\"@id\":\"https:\\\/\\\/tilk.bio\\\/et\\\/pood\\\/shave-me-raseerimiskreem-aloe-vera-ja-saialillega\\\/#breadcrumb\"},\"inLanguage\":\"et\",\"potentialAction\":[{\"@type\":\"ReadAction\",\"target\":[\"https:\\\/\\\/tilk.bio\\\/et\\\/pood\\\/shave-me-raseerimiskreem-aloe-vera-ja-saialillega\\\/\"]}]},{\"@type\":\"ImageObject\",\"inLanguage\":\"et\",\"@id\":\"https:\\\/\\\/tilk.bio\\\/et\\\/pood\\\/shave-me-raseerimiskreem-aloe-vera-ja-saialillega\\\/#primaryimage\",\"url\":\"https:\\\/\\\/tilk.bio\\\/wp-content\\\/uploads\\\/2020\\\/12\\\/shavemebuduaar.png\",\"contentUrl\":\"https:\\\/\\\/tilk.bio\\\/wp-content\\\/uploads\\\/2020\\\/12\\\/shavemebuduaar.png\",\"width\":920,\"height\":1100,\"caption\":\"raseerimiskreem raseerimine\"},{\"@type\":\"BreadcrumbList\",\"@id\":\"https:\\\/\\\/tilk.bio\\\/et\\\/pood\\\/shave-me-raseerimiskreem-aloe-vera-ja-saialillega\\\/#breadcrumb\",\"itemListElement\":[{\"@type\":\"ListItem\",\"position\":1,\"name\":\"Home\",\"item\":\"https:\\\/\\\/tilk.bio\\\/et\\\/\"},{\"@type\":\"ListItem\",\"position\":2,\"name\":\"Pood\",\"item\":\"https:\\\/\\\/tilk.bio\\\/et\\\/pood\\\/\"},{\"@type\":\"ListItem\",\"position\":3,\"name\":\"Shave Me raseerimiskreem Aloe vera ja saialillega\"}]},{\"@type\":\"WebSite\",\"@id\":\"https:\\\/\\\/tilk.bio\\\/et\\\/#website\",\"url\":\"https:\\\/\\\/tilk.bio\\\/et\\\/\",\"name\":\"Tilk!\",\"description\":\"Keskkonnas\u00f5bralik ja j\u00e4tkusuutlik looduskosmeetika Saaremaalt.\",\"potentialAction\":[{\"@type\":\"SearchAction\",\"target\":{\"@type\":\"EntryPoint\",\"urlTemplate\":\"https:\\\/\\\/tilk.bio\\\/et\\\/?s={search_term_string}\"},\"query-input\":{\"@type\":\"PropertyValueSpecification\",\"valueRequired\":true,\"valueName\":\"search_term_string\"}}],\"inLanguage\":\"et\"}]}<\/script>\n<!-- \/ Yoast SEO plugin. -->","yoast_head_json":{"title":"Raseerimiskreem Shave Me","description":"Shave Me on \u00f5rn ja niisutav raseerimiskreem, mis on loodud sellleks, et raseerimine v\u00f5iks olla nahas\u00f5bralik. Raseerimiskreemil on\u00a0vahune ja pehme koostis.","robots":{"index":"index","follow":"follow","max-snippet":"max-snippet:-1","max-image-preview":"max-image-preview:large","max-video-preview":"max-video-preview:-1"},"canonical":"https:\/\/tilk.bio\/et\/pood\/shave-me-raseerimiskreem-aloe-vera-ja-saialillega\/","og_locale":"et_EE","og_type":"article","og_title":"Raseerimiskreem Shave Me","og_description":"Shave Me on \u00f5rn ja niisutav raseerimiskreem, mis on loodud sellleks, et raseerimine v\u00f5iks olla nahas\u00f5bralik. Raseerimiskreemil on\u00a0vahune ja pehme koostis.","og_url":"https:\/\/tilk.bio\/et\/pood\/shave-me-raseerimiskreem-aloe-vera-ja-saialillega\/","og_site_name":"Tilk!","article_publisher":"https:\/\/www.facebook.com\/tilk.bio\/","article_modified_time":"2026-04-14T15:45:05+00:00","og_image":[{"width":920,"height":1100,"url":"https:\/\/tilk.bio\/wp-content\/uploads\/2020\/12\/shavemebuduaar.png","type":"image\/png"}],"twitter_card":"summary_large_image","twitter_misc":{"Est. reading time":"1 minut"},"schema":{"@context":"https:\/\/schema.org","@graph":[{"@type":"WebPage","@id":"https:\/\/tilk.bio\/et\/pood\/shave-me-raseerimiskreem-aloe-vera-ja-saialillega\/","url":"https:\/\/tilk.bio\/et\/pood\/shave-me-raseerimiskreem-aloe-vera-ja-saialillega\/","name":"Raseerimiskreem Shave Me","isPartOf":{"@id":"https:\/\/tilk.bio\/et\/#website"},"primaryImageOfPage":{"@id":"https:\/\/tilk.bio\/et\/pood\/shave-me-raseerimiskreem-aloe-vera-ja-saialillega\/#primaryimage"},"image":{"@id":"https:\/\/tilk.bio\/et\/pood\/shave-me-raseerimiskreem-aloe-vera-ja-saialillega\/#primaryimage"},"thumbnailUrl":"https:\/\/tilk.bio\/wp-content\/uploads\/2020\/12\/shavemebuduaar.png","datePublished":"2020-12-02T12:49:29+00:00","dateModified":"2026-04-14T15:45:05+00:00","description":"Shave Me on \u00f5rn ja niisutav raseerimiskreem, mis on loodud sellleks, et raseerimine v\u00f5iks olla nahas\u00f5bralik. Raseerimiskreemil on\u00a0vahune ja pehme koostis.","breadcrumb":{"@id":"https:\/\/tilk.bio\/et\/pood\/shave-me-raseerimiskreem-aloe-vera-ja-saialillega\/#breadcrumb"},"inLanguage":"et","potentialAction":[{"@type":"ReadAction","target":["https:\/\/tilk.bio\/et\/pood\/shave-me-raseerimiskreem-aloe-vera-ja-saialillega\/"]}]},{"@type":"ImageObject","inLanguage":"et","@id":"https:\/\/tilk.bio\/et\/pood\/shave-me-raseerimiskreem-aloe-vera-ja-saialillega\/#primaryimage","url":"https:\/\/tilk.bio\/wp-content\/uploads\/2020\/12\/shavemebuduaar.png","contentUrl":"https:\/\/tilk.bio\/wp-content\/uploads\/2020\/12\/shavemebuduaar.png","width":920,"height":1100,"caption":"raseerimiskreem raseerimine"},{"@type":"BreadcrumbList","@id":"https:\/\/tilk.bio\/et\/pood\/shave-me-raseerimiskreem-aloe-vera-ja-saialillega\/#breadcrumb","itemListElement":[{"@type":"ListItem","position":1,"name":"Home","item":"https:\/\/tilk.bio\/et\/"},{"@type":"ListItem","position":2,"name":"Pood","item":"https:\/\/tilk.bio\/et\/pood\/"},{"@type":"ListItem","position":3,"name":"Shave Me raseerimiskreem Aloe vera ja saialillega"}]},{"@type":"WebSite","@id":"https:\/\/tilk.bio\/et\/#website","url":"https:\/\/tilk.bio\/et\/","name":"Tilk!","description":"Keskkonnas\u00f5bralik ja j\u00e4tkusuutlik looduskosmeetika Saaremaalt.","potentialAction":[{"@type":"SearchAction","target":{"@type":"EntryPoint","urlTemplate":"https:\/\/tilk.bio\/et\/?s={search_term_string}"},"query-input":{"@type":"PropertyValueSpecification","valueRequired":true,"valueName":"search_term_string"}}],"inLanguage":"et"}]}},"_links":{"self":[{"href":"https:\/\/tilk.bio\/et\/wp-json\/wp\/v2\/product\/53163","targetHints":{"allow":["GET"]}}],"collection":[{"href":"https:\/\/tilk.bio\/et\/wp-json\/wp\/v2\/product"}],"about":[{"href":"https:\/\/tilk.bio\/et\/wp-json\/wp\/v2\/types\/product"}],"replies":[{"embeddable":true,"href":"https:\/\/tilk.bio\/et\/wp-json\/wp\/v2\/comments?post=53163"}],"wp:featuredmedia":[{"embeddable":true,"href":"https:\/\/tilk.bio\/et\/wp-json\/wp\/v2\/media\/65687"}],"wp:attachment":[{"href":"https:\/\/tilk.bio\/et\/wp-json\/wp\/v2\/media?parent=53163"}],"wp:term":[{"taxonomy":"product_brand","embeddable":true,"href":"https:\/\/tilk.bio\/et\/wp-json\/wp\/v2\/product_brand?post=53163"},{"taxonomy":"product_cat","embeddable":true,"href":"https:\/\/tilk.bio\/et\/wp-json\/wp\/v2\/product_cat?post=53163"},{"taxonomy":"product_tag","embeddable":true,"href":"https:\/\/tilk.bio\/et\/wp-json\/wp\/v2\/product_tag?post=53163"}],"curies":[{"name":"wp","href":"https:\/\/api.w.org\/{rel}","templated":true}]}}