{"id":53217,"date":"2020-12-07T21:34:15","date_gmt":"2020-12-07T21:34:15","guid":{"rendered":"https:\/\/tilk.bio\/shop\/varskendav-huulekoorija-fresh-kiss\/"},"modified":"2026-04-12T21:45:04","modified_gmt":"2026-04-12T18:45:04","slug":"varskendav-huulekoorija-fresh-kiss","status":"publish","type":"product","link":"https:\/\/tilk.bio\/et\/pood\/varskendav-huulekoorija-fresh-kiss\/","title":{"rendered":"Fresh Kiss v\u00e4rskendav huulekoorija kakaoga"},"content":{"rendered":"<p>Fresh Kiss on kakao ja meega v\u00e4rskendav huulekoorija. Huulekoorija eemaldab surnud naharakud, ergutab vereringet, toidab ja annab <a href=\"https:\/\/tilk.bio\/et\/tootekategooria\/naohooldus\/huuletooted\/\">huultele<\/a> lopsakuse ning s\u00e4ra. Huulte regulaarne koorimine aitab neil p\u00fcsida v\u00e4rsked ja pehmed.<\/p>\n<p>Saialille bioaktiivsed koostisosad siluvad, pehmendavad ja tugevdavad huuli. Sheav\u00f5i, kakaov\u00f5i ja mesi toidavad huulte \u00f5rna nahka s\u00fcvitsi ning kaitsevad kuivuse eest. Mesilasvaha katab huuled kaitsva kihiga ja toimib p\u00f5letikuvastaselt.<\/p>\n<p><strong>Kasutamine:<\/strong> Kanna koorija ringjate liigutustega niisketele huultele, masseeri \u00f5rnalt ning loputa sooja veega. Toeta koorija niisutust ka n\u00e4iteks <a href=\"https:\/\/tilk.bio\/et\/pood\/taimne-huulepalsam-kiss-me\/\">Kiss Me huulepalsami<\/a> v\u00f5i <a href=\"https:\/\/tilk.bio\/et\/pood\/gloss-me-huuleoli\/\">Gloss Me huule\u00f5liga<\/a>.<\/p>\n<p>Huulekoorija koostisosad on looduslikku p\u00e4ritolu. Toote loomisel on kasutatud Saaremaalt k\u00e4sitsi korjatud taimede \u00f5lisid.<\/p>\n<p>Hoiustamine: Soovitame hoida huulekoorijat kaitstuna otsese p\u00e4ikesevalguse eest ja temperatuuril alla +25 kraadi.<\/p>\n<p>Kogus: 15ml<\/p>\n","protected":false},"excerpt":{"rendered":"<p>Fresh Kiss on kakao ja meega v\u00e4rskendav huulekoorija. Huulekoorija eemaldab surnud naharakud, ergutab vereringet, toidab ja annab huultele lopsakuse ning s\u00e4ra. Huulte regulaarne koorimine aitab neil p\u00fcsida v\u00e4rsked ja pehmed. Saialille bioaktiivsed koostisosad siluvad, pehmendavad ja tugevdavad huuli. Sheav\u00f5i, kakaov\u00f5i ja mesi toidavad huulte \u00f5rna nahka s\u00fcvitsi ning kaitsevad kuivuse eest. Mesilasvaha katab huuled kaitsva&#8230;<\/p>\n","protected":false},"featured_media":67317,"comment_status":"open","ping_status":"closed","template":"","meta":{"_acf_changed":false},"product_brand":[],"product_cat":[498,604,389,511,912,713],"product_tag":[],"class_list":{"0":"post-53217","1":"product","2":"type-product","3":"status-publish","4":"has-post-thumbnail","6":"product_cat-huuletooted","7":"product_cat-naokoorijad","8":"product_cat-koik-tooted","9":"product_cat-naohooldus","10":"product_cat-sheavoi","11":"product_cat-tilk-herbal-et","13":"first","14":"instock","15":"taxable","16":"shipping-taxable","17":"purchasable","18":"product-type-variable"},"acf":[],"yoast_head":"<!-- This site is optimized with the Yoast SEO plugin v27.3 - https:\/\/yoast.com\/product\/yoast-seo-wordpress\/ -->\n<title>V\u00e4rskendav huulekoorija Fresh Kiss<\/title>\n<meta name=\"description\" content=\"Fresh Kiss on kakao ja meega v\u00e4rskendav huulekoorija. Huulekoorija eemaldab surnud naharakud, ergutab vereringet, toidab ja annab huultele lopsakuse ning...\" \/>\n<meta name=\"robots\" content=\"index, follow, max-snippet:-1, max-image-preview:large, max-video-preview:-1\" \/>\n<link rel=\"canonical\" href=\"https:\/\/tilk.bio\/et\/pood\/varskendav-huulekoorija-fresh-kiss\/\" \/>\n<meta property=\"og:locale\" content=\"et_EE\" \/>\n<meta property=\"og:type\" content=\"article\" \/>\n<meta property=\"og:title\" content=\"V\u00e4rskendav huulekoorija Fresh Kiss\" \/>\n<meta property=\"og:description\" content=\"Fresh Kiss on kakao ja meega v\u00e4rskendav huulekoorija. Huulekoorija eemaldab surnud naharakud, ergutab vereringet, toidab ja annab huultele lopsakuse ning...\" \/>\n<meta property=\"og:url\" content=\"https:\/\/tilk.bio\/et\/pood\/varskendav-huulekoorija-fresh-kiss\/\" \/>\n<meta property=\"og:site_name\" content=\"Tilk!\" \/>\n<meta property=\"article:publisher\" content=\"https:\/\/www.facebook.com\/tilk.bio\/\" \/>\n<meta property=\"article:modified_time\" content=\"2026-04-12T18:45:04+00:00\" \/>\n<meta property=\"og:image\" content=\"https:\/\/tilk.bio\/wp-content\/uploads\/2021\/01\/5.jpg\" \/>\n\t<meta property=\"og:image:width\" content=\"1200\" \/>\n\t<meta property=\"og:image:height\" content=\"1200\" \/>\n\t<meta property=\"og:image:type\" content=\"image\/jpeg\" \/>\n<meta name=\"twitter:card\" content=\"summary_large_image\" \/>\n<meta name=\"twitter:label1\" content=\"Est. reading time\" \/>\n\t<meta name=\"twitter:data1\" content=\"1 minut\" \/>\n<script type=\"application\/ld+json\" class=\"yoast-schema-graph\">{\"@context\":\"https:\\\/\\\/schema.org\",\"@graph\":[{\"@type\":\"WebPage\",\"@id\":\"https:\\\/\\\/tilk.bio\\\/et\\\/pood\\\/varskendav-huulekoorija-fresh-kiss\\\/\",\"url\":\"https:\\\/\\\/tilk.bio\\\/et\\\/pood\\\/varskendav-huulekoorija-fresh-kiss\\\/\",\"name\":\"V\u00e4rskendav huulekoorija Fresh Kiss\",\"isPartOf\":{\"@id\":\"https:\\\/\\\/tilk.bio\\\/et\\\/#website\"},\"primaryImageOfPage\":{\"@id\":\"https:\\\/\\\/tilk.bio\\\/et\\\/pood\\\/varskendav-huulekoorija-fresh-kiss\\\/#primaryimage\"},\"image\":{\"@id\":\"https:\\\/\\\/tilk.bio\\\/et\\\/pood\\\/varskendav-huulekoorija-fresh-kiss\\\/#primaryimage\"},\"thumbnailUrl\":\"https:\\\/\\\/tilk.bio\\\/wp-content\\\/uploads\\\/2021\\\/01\\\/5.jpg\",\"datePublished\":\"2020-12-07T21:34:15+00:00\",\"dateModified\":\"2026-04-12T18:45:04+00:00\",\"description\":\"Fresh Kiss on kakao ja meega v\u00e4rskendav huulekoorija. Huulekoorija eemaldab surnud naharakud, ergutab vereringet, toidab ja annab huultele lopsakuse ning...\",\"breadcrumb\":{\"@id\":\"https:\\\/\\\/tilk.bio\\\/et\\\/pood\\\/varskendav-huulekoorija-fresh-kiss\\\/#breadcrumb\"},\"inLanguage\":\"et\",\"potentialAction\":[{\"@type\":\"ReadAction\",\"target\":[\"https:\\\/\\\/tilk.bio\\\/et\\\/pood\\\/varskendav-huulekoorija-fresh-kiss\\\/\"]}]},{\"@type\":\"ImageObject\",\"inLanguage\":\"et\",\"@id\":\"https:\\\/\\\/tilk.bio\\\/et\\\/pood\\\/varskendav-huulekoorija-fresh-kiss\\\/#primaryimage\",\"url\":\"https:\\\/\\\/tilk.bio\\\/wp-content\\\/uploads\\\/2021\\\/01\\\/5.jpg\",\"contentUrl\":\"https:\\\/\\\/tilk.bio\\\/wp-content\\\/uploads\\\/2021\\\/01\\\/5.jpg\",\"width\":1200,\"height\":1200},{\"@type\":\"BreadcrumbList\",\"@id\":\"https:\\\/\\\/tilk.bio\\\/et\\\/pood\\\/varskendav-huulekoorija-fresh-kiss\\\/#breadcrumb\",\"itemListElement\":[{\"@type\":\"ListItem\",\"position\":1,\"name\":\"Home\",\"item\":\"https:\\\/\\\/tilk.bio\\\/et\\\/\"},{\"@type\":\"ListItem\",\"position\":2,\"name\":\"Pood\",\"item\":\"https:\\\/\\\/tilk.bio\\\/et\\\/pood\\\/\"},{\"@type\":\"ListItem\",\"position\":3,\"name\":\"Fresh Kiss v\u00e4rskendav huulekoorija kakaoga\"}]},{\"@type\":\"WebSite\",\"@id\":\"https:\\\/\\\/tilk.bio\\\/et\\\/#website\",\"url\":\"https:\\\/\\\/tilk.bio\\\/et\\\/\",\"name\":\"Tilk!\",\"description\":\"Keskkonnas\u00f5bralik ja j\u00e4tkusuutlik looduskosmeetika Saaremaalt.\",\"potentialAction\":[{\"@type\":\"SearchAction\",\"target\":{\"@type\":\"EntryPoint\",\"urlTemplate\":\"https:\\\/\\\/tilk.bio\\\/et\\\/?s={search_term_string}\"},\"query-input\":{\"@type\":\"PropertyValueSpecification\",\"valueRequired\":true,\"valueName\":\"search_term_string\"}}],\"inLanguage\":\"et\"}]}<\/script>\n<!-- \/ Yoast SEO plugin. -->","yoast_head_json":{"title":"V\u00e4rskendav huulekoorija Fresh Kiss","description":"Fresh Kiss on kakao ja meega v\u00e4rskendav huulekoorija. Huulekoorija eemaldab surnud naharakud, ergutab vereringet, toidab ja annab huultele lopsakuse ning...","robots":{"index":"index","follow":"follow","max-snippet":"max-snippet:-1","max-image-preview":"max-image-preview:large","max-video-preview":"max-video-preview:-1"},"canonical":"https:\/\/tilk.bio\/et\/pood\/varskendav-huulekoorija-fresh-kiss\/","og_locale":"et_EE","og_type":"article","og_title":"V\u00e4rskendav huulekoorija Fresh Kiss","og_description":"Fresh Kiss on kakao ja meega v\u00e4rskendav huulekoorija. Huulekoorija eemaldab surnud naharakud, ergutab vereringet, toidab ja annab huultele lopsakuse ning...","og_url":"https:\/\/tilk.bio\/et\/pood\/varskendav-huulekoorija-fresh-kiss\/","og_site_name":"Tilk!","article_publisher":"https:\/\/www.facebook.com\/tilk.bio\/","article_modified_time":"2026-04-12T18:45:04+00:00","og_image":[{"width":1200,"height":1200,"url":"https:\/\/tilk.bio\/wp-content\/uploads\/2021\/01\/5.jpg","type":"image\/jpeg"}],"twitter_card":"summary_large_image","twitter_misc":{"Est. reading time":"1 minut"},"schema":{"@context":"https:\/\/schema.org","@graph":[{"@type":"WebPage","@id":"https:\/\/tilk.bio\/et\/pood\/varskendav-huulekoorija-fresh-kiss\/","url":"https:\/\/tilk.bio\/et\/pood\/varskendav-huulekoorija-fresh-kiss\/","name":"V\u00e4rskendav huulekoorija Fresh Kiss","isPartOf":{"@id":"https:\/\/tilk.bio\/et\/#website"},"primaryImageOfPage":{"@id":"https:\/\/tilk.bio\/et\/pood\/varskendav-huulekoorija-fresh-kiss\/#primaryimage"},"image":{"@id":"https:\/\/tilk.bio\/et\/pood\/varskendav-huulekoorija-fresh-kiss\/#primaryimage"},"thumbnailUrl":"https:\/\/tilk.bio\/wp-content\/uploads\/2021\/01\/5.jpg","datePublished":"2020-12-07T21:34:15+00:00","dateModified":"2026-04-12T18:45:04+00:00","description":"Fresh Kiss on kakao ja meega v\u00e4rskendav huulekoorija. Huulekoorija eemaldab surnud naharakud, ergutab vereringet, toidab ja annab huultele lopsakuse ning...","breadcrumb":{"@id":"https:\/\/tilk.bio\/et\/pood\/varskendav-huulekoorija-fresh-kiss\/#breadcrumb"},"inLanguage":"et","potentialAction":[{"@type":"ReadAction","target":["https:\/\/tilk.bio\/et\/pood\/varskendav-huulekoorija-fresh-kiss\/"]}]},{"@type":"ImageObject","inLanguage":"et","@id":"https:\/\/tilk.bio\/et\/pood\/varskendav-huulekoorija-fresh-kiss\/#primaryimage","url":"https:\/\/tilk.bio\/wp-content\/uploads\/2021\/01\/5.jpg","contentUrl":"https:\/\/tilk.bio\/wp-content\/uploads\/2021\/01\/5.jpg","width":1200,"height":1200},{"@type":"BreadcrumbList","@id":"https:\/\/tilk.bio\/et\/pood\/varskendav-huulekoorija-fresh-kiss\/#breadcrumb","itemListElement":[{"@type":"ListItem","position":1,"name":"Home","item":"https:\/\/tilk.bio\/et\/"},{"@type":"ListItem","position":2,"name":"Pood","item":"https:\/\/tilk.bio\/et\/pood\/"},{"@type":"ListItem","position":3,"name":"Fresh Kiss v\u00e4rskendav huulekoorija kakaoga"}]},{"@type":"WebSite","@id":"https:\/\/tilk.bio\/et\/#website","url":"https:\/\/tilk.bio\/et\/","name":"Tilk!","description":"Keskkonnas\u00f5bralik ja j\u00e4tkusuutlik looduskosmeetika Saaremaalt.","potentialAction":[{"@type":"SearchAction","target":{"@type":"EntryPoint","urlTemplate":"https:\/\/tilk.bio\/et\/?s={search_term_string}"},"query-input":{"@type":"PropertyValueSpecification","valueRequired":true,"valueName":"search_term_string"}}],"inLanguage":"et"}]}},"_links":{"self":[{"href":"https:\/\/tilk.bio\/et\/wp-json\/wp\/v2\/product\/53217","targetHints":{"allow":["GET"]}}],"collection":[{"href":"https:\/\/tilk.bio\/et\/wp-json\/wp\/v2\/product"}],"about":[{"href":"https:\/\/tilk.bio\/et\/wp-json\/wp\/v2\/types\/product"}],"replies":[{"embeddable":true,"href":"https:\/\/tilk.bio\/et\/wp-json\/wp\/v2\/comments?post=53217"}],"wp:featuredmedia":[{"embeddable":true,"href":"https:\/\/tilk.bio\/et\/wp-json\/wp\/v2\/media\/67317"}],"wp:attachment":[{"href":"https:\/\/tilk.bio\/et\/wp-json\/wp\/v2\/media?parent=53217"}],"wp:term":[{"taxonomy":"product_brand","embeddable":true,"href":"https:\/\/tilk.bio\/et\/wp-json\/wp\/v2\/product_brand?post=53217"},{"taxonomy":"product_cat","embeddable":true,"href":"https:\/\/tilk.bio\/et\/wp-json\/wp\/v2\/product_cat?post=53217"},{"taxonomy":"product_tag","embeddable":true,"href":"https:\/\/tilk.bio\/et\/wp-json\/wp\/v2\/product_tag?post=53217"}],"curies":[{"name":"wp","href":"https:\/\/api.w.org\/{rel}","templated":true}]}}