{"id":55239,"date":"2021-05-14T20:00:46","date_gmt":"2021-05-14T17:00:46","guid":{"rendered":"https:\/\/tilk.bio\/shop\/blush-me-niisutav-ja-tooniv-huulepalsam-ning-posepuna\/"},"modified":"2026-04-14T16:15:03","modified_gmt":"2026-04-14T13:15:03","slug":"blush-me-niisutav-ja-tooniv-huulepalsam-ning-posepuna","status":"publish","type":"product","link":"https:\/\/tilk.bio\/et\/pood\/blush-me-niisutav-ja-tooniv-huulepalsam-ning-posepuna\/","title":{"rendered":"Blush Me niisutav ja tooniv huulepalsam ning p\u00f5sepuna"},"content":{"rendered":"<p>Blush Me on kaks \u00fches niisutav ja<a href=\"https:\/\/tilk.bio\/et\/tootekategooria\/naohooldus\/makeup-et\/\"> tooniv<\/a> huulepalsam ning p\u00f5sepuna. Toote koostis on inspiratsiooni saanud Amazonase vihmametsa v\u00e4ekast puust cupuacust. Selle viljad sisaldavad rohkelt unikaalseid antioks\u00fcdante, f\u00fctosteroole ja pol\u00fcfenoole, millel on erilised nahka niisutavad omadused ja mis v\u00f5itlevad vabade radikaalidega.<\/p>\n<p>Huulepalsam niisutab ja toidab \u00f5rna huulenahka, muutes huuled kauniks ja s\u00e4ravaks. Huulepalsam sisaldab rohkelt vitamiini- ja antioks\u00fcdantide rikkaid shea- ja kakaov\u00f5iet, mis toidavad huuli ja kaitsevad v\u00e4liskeskkonna tegurite eest. Huulepalsami koostises on suurep\u00e4raste niisutavate omadustega kookos\u00f5li, mis toidab ja niisutab kuivi huuli. Jojoba \u00f5li taastab ja aitab hoida huulte loomulikku niiskust.<\/p>\n<p>Tootel on v\u00e4rske piparm\u00fcndil\u00f5hn.<\/p>\n<p>Blush Me sobib ideaalselt ka p\u00f5sesarnadele v\u00e4rske ja roosaka s\u00e4ra andmiseks.<\/p>\n<p>Hoiustamine: Hoia toodet temperatuuril alla +25 \u00b0C.<\/p>\n<p>Kogus: 15ml<\/p>\n<p><a ref=\"magnificPopup\" href=\"https:\/\/tilk.bio\/wp-content\/uploads\/2016\/01\/Vegan_sign-07.png\"><img loading=\"lazy\" decoding=\"async\" class=\"alignnone wp-image-17806\" src=\"https:\/\/tilk.bio\/wp-content\/uploads\/2016\/01\/Vegan_sign-07.png\" alt=\"\" width=\"51\" height=\"51\" srcset=\"https:\/\/tilk.bio\/wp-content\/uploads\/2016\/01\/Vegan_sign-07.png 165w, https:\/\/tilk.bio\/wp-content\/uploads\/2016\/01\/Vegan_sign-07-150x150.png 150w\" sizes=\"auto, (max-width: 51px) 100vw, 51px\" \/><\/a><\/p>\n<p>&nbsp;<\/p>\n","protected":false},"excerpt":{"rendered":"<p>Blush Me on kaks \u00fches niisutav ja tooniv huulepalsam ning p\u00f5sepuna. Toote koostis on inspiratsiooni saanud Amazonase vihmametsa v\u00e4ekast puust cupuacust. Selle viljad sisaldavad rohkelt unikaalseid antioks\u00fcdante, f\u00fctosteroole ja pol\u00fcfenoole, millel on erilised nahka niisutavad omadused ja mis v\u00f5itlevad vabade radikaalidega. Huulepalsam niisutab ja toidab \u00f5rna huulenahka, muutes huuled kauniks ja s\u00e4ravaks. Huulepalsam sisaldab rohkelt&#8230;<\/p>\n","protected":false},"featured_media":67273,"comment_status":"open","ping_status":"closed","template":"","meta":{"_acf_changed":false},"product_brand":[],"product_cat":[498,389,678,511,912,713],"product_tag":[],"class_list":{"0":"post-55239","1":"product","2":"type-product","3":"status-publish","4":"has-post-thumbnail","6":"product_cat-huuletooted","7":"product_cat-koik-tooted","8":"product_cat-makeup-et","9":"product_cat-naohooldus","10":"product_cat-sheavoi","11":"product_cat-tilk-herbal-et","13":"first","14":"instock","15":"taxable","16":"shipping-taxable","17":"purchasable","18":"product-type-simple"},"acf":[],"yoast_head":"<!-- This site is optimized with the Yoast SEO plugin v27.4 - https:\/\/yoast.com\/product\/yoast-seo-wordpress\/ -->\n<title>Blush Me niisutav ja tooniv huulepalsam ning p\u00f5sepuna<\/title>\n<meta name=\"description\" content=\"Blush Me on kaks \u00fches niisutav ja tooniv huulepalsam ning p\u00f5sepuna. Toote koostis on inspiratsiooni saanud Amazonase vihmametsa v\u00e4ekast puust cupuacust.\" \/>\n<meta name=\"robots\" content=\"index, follow, max-snippet:-1, max-image-preview:large, max-video-preview:-1\" \/>\n<link rel=\"canonical\" href=\"https:\/\/tilk.bio\/et\/pood\/blush-me-niisutav-ja-tooniv-huulepalsam-ning-posepuna\/\" \/>\n<meta property=\"og:locale\" content=\"et_EE\" \/>\n<meta property=\"og:type\" content=\"article\" \/>\n<meta property=\"og:title\" content=\"Blush Me niisutav ja tooniv huulepalsam ning p\u00f5sepuna\" \/>\n<meta property=\"og:description\" content=\"Blush Me on kaks \u00fches niisutav ja tooniv huulepalsam ning p\u00f5sepuna. Toote koostis on inspiratsiooni saanud Amazonase vihmametsa v\u00e4ekast puust cupuacust.\" \/>\n<meta property=\"og:url\" content=\"https:\/\/tilk.bio\/et\/pood\/blush-me-niisutav-ja-tooniv-huulepalsam-ning-posepuna\/\" \/>\n<meta property=\"og:site_name\" content=\"Tilk!\" \/>\n<meta property=\"article:publisher\" content=\"https:\/\/www.facebook.com\/tilk.bio\/\" \/>\n<meta property=\"article:modified_time\" content=\"2026-04-14T13:15:03+00:00\" \/>\n<meta property=\"og:image\" content=\"https:\/\/tilk.bio\/wp-content\/uploads\/2021\/05\/blush-me-2.png\" \/>\n\t<meta property=\"og:image:width\" content=\"920\" \/>\n\t<meta property=\"og:image:height\" content=\"1100\" \/>\n\t<meta property=\"og:image:type\" content=\"image\/png\" \/>\n<meta name=\"twitter:card\" content=\"summary_large_image\" \/>\n<meta name=\"twitter:label1\" content=\"Est. reading time\" \/>\n\t<meta name=\"twitter:data1\" content=\"1 minut\" \/>\n<script type=\"application\/ld+json\" class=\"yoast-schema-graph\">{\"@context\":\"https:\\\/\\\/schema.org\",\"@graph\":[{\"@type\":\"WebPage\",\"@id\":\"https:\\\/\\\/tilk.bio\\\/et\\\/pood\\\/blush-me-niisutav-ja-tooniv-huulepalsam-ning-posepuna\\\/\",\"url\":\"https:\\\/\\\/tilk.bio\\\/et\\\/pood\\\/blush-me-niisutav-ja-tooniv-huulepalsam-ning-posepuna\\\/\",\"name\":\"Blush Me niisutav ja tooniv huulepalsam ning p\u00f5sepuna\",\"isPartOf\":{\"@id\":\"https:\\\/\\\/tilk.bio\\\/et\\\/#website\"},\"primaryImageOfPage\":{\"@id\":\"https:\\\/\\\/tilk.bio\\\/et\\\/pood\\\/blush-me-niisutav-ja-tooniv-huulepalsam-ning-posepuna\\\/#primaryimage\"},\"image\":{\"@id\":\"https:\\\/\\\/tilk.bio\\\/et\\\/pood\\\/blush-me-niisutav-ja-tooniv-huulepalsam-ning-posepuna\\\/#primaryimage\"},\"thumbnailUrl\":\"https:\\\/\\\/tilk.bio\\\/wp-content\\\/uploads\\\/2021\\\/05\\\/Untitled-design-62.jpg\",\"datePublished\":\"2021-05-14T17:00:46+00:00\",\"dateModified\":\"2026-04-14T13:15:03+00:00\",\"description\":\"Blush Me on kaks \u00fches niisutav ja tooniv huulepalsam ning p\u00f5sepuna. Toote koostis on inspiratsiooni saanud Amazonase vihmametsa v\u00e4ekast puust cupuacust.\",\"breadcrumb\":{\"@id\":\"https:\\\/\\\/tilk.bio\\\/et\\\/pood\\\/blush-me-niisutav-ja-tooniv-huulepalsam-ning-posepuna\\\/#breadcrumb\"},\"inLanguage\":\"et\",\"potentialAction\":[{\"@type\":\"ReadAction\",\"target\":[\"https:\\\/\\\/tilk.bio\\\/et\\\/pood\\\/blush-me-niisutav-ja-tooniv-huulepalsam-ning-posepuna\\\/\"]}]},{\"@type\":\"ImageObject\",\"inLanguage\":\"et\",\"@id\":\"https:\\\/\\\/tilk.bio\\\/et\\\/pood\\\/blush-me-niisutav-ja-tooniv-huulepalsam-ning-posepuna\\\/#primaryimage\",\"url\":\"https:\\\/\\\/tilk.bio\\\/wp-content\\\/uploads\\\/2021\\\/05\\\/Untitled-design-62.jpg\",\"contentUrl\":\"https:\\\/\\\/tilk.bio\\\/wp-content\\\/uploads\\\/2021\\\/05\\\/Untitled-design-62.jpg\",\"width\":1200,\"height\":1200},{\"@type\":\"BreadcrumbList\",\"@id\":\"https:\\\/\\\/tilk.bio\\\/et\\\/pood\\\/blush-me-niisutav-ja-tooniv-huulepalsam-ning-posepuna\\\/#breadcrumb\",\"itemListElement\":[{\"@type\":\"ListItem\",\"position\":1,\"name\":\"Home\",\"item\":\"https:\\\/\\\/tilk.bio\\\/et\\\/\"},{\"@type\":\"ListItem\",\"position\":2,\"name\":\"Pood\",\"item\":\"https:\\\/\\\/tilk.bio\\\/et\\\/pood\\\/\"},{\"@type\":\"ListItem\",\"position\":3,\"name\":\"Blush Me niisutav ja tooniv huulepalsam ning p\u00f5sepuna\"}]},{\"@type\":\"WebSite\",\"@id\":\"https:\\\/\\\/tilk.bio\\\/et\\\/#website\",\"url\":\"https:\\\/\\\/tilk.bio\\\/et\\\/\",\"name\":\"Tilk!\",\"description\":\"Keskkonnas\u00f5bralik ja j\u00e4tkusuutlik looduskosmeetika Saaremaalt.\",\"potentialAction\":[{\"@type\":\"SearchAction\",\"target\":{\"@type\":\"EntryPoint\",\"urlTemplate\":\"https:\\\/\\\/tilk.bio\\\/et\\\/?s={search_term_string}\"},\"query-input\":{\"@type\":\"PropertyValueSpecification\",\"valueRequired\":true,\"valueName\":\"search_term_string\"}}],\"inLanguage\":\"et\"}]}<\/script>\n<!-- \/ Yoast SEO plugin. -->","yoast_head_json":{"title":"Blush Me niisutav ja tooniv huulepalsam ning p\u00f5sepuna","description":"Blush Me on kaks \u00fches niisutav ja tooniv huulepalsam ning p\u00f5sepuna. Toote koostis on inspiratsiooni saanud Amazonase vihmametsa v\u00e4ekast puust cupuacust.","robots":{"index":"index","follow":"follow","max-snippet":"max-snippet:-1","max-image-preview":"max-image-preview:large","max-video-preview":"max-video-preview:-1"},"canonical":"https:\/\/tilk.bio\/et\/pood\/blush-me-niisutav-ja-tooniv-huulepalsam-ning-posepuna\/","og_locale":"et_EE","og_type":"article","og_title":"Blush Me niisutav ja tooniv huulepalsam ning p\u00f5sepuna","og_description":"Blush Me on kaks \u00fches niisutav ja tooniv huulepalsam ning p\u00f5sepuna. Toote koostis on inspiratsiooni saanud Amazonase vihmametsa v\u00e4ekast puust cupuacust.","og_url":"https:\/\/tilk.bio\/et\/pood\/blush-me-niisutav-ja-tooniv-huulepalsam-ning-posepuna\/","og_site_name":"Tilk!","article_publisher":"https:\/\/www.facebook.com\/tilk.bio\/","article_modified_time":"2026-04-14T13:15:03+00:00","og_image":[{"width":920,"height":1100,"url":"https:\/\/tilk.bio\/wp-content\/uploads\/2021\/05\/blush-me-2.png","type":"image\/png"}],"twitter_card":"summary_large_image","twitter_misc":{"Est. reading time":"1 minut"},"schema":{"@context":"https:\/\/schema.org","@graph":[{"@type":"WebPage","@id":"https:\/\/tilk.bio\/et\/pood\/blush-me-niisutav-ja-tooniv-huulepalsam-ning-posepuna\/","url":"https:\/\/tilk.bio\/et\/pood\/blush-me-niisutav-ja-tooniv-huulepalsam-ning-posepuna\/","name":"Blush Me niisutav ja tooniv huulepalsam ning p\u00f5sepuna","isPartOf":{"@id":"https:\/\/tilk.bio\/et\/#website"},"primaryImageOfPage":{"@id":"https:\/\/tilk.bio\/et\/pood\/blush-me-niisutav-ja-tooniv-huulepalsam-ning-posepuna\/#primaryimage"},"image":{"@id":"https:\/\/tilk.bio\/et\/pood\/blush-me-niisutav-ja-tooniv-huulepalsam-ning-posepuna\/#primaryimage"},"thumbnailUrl":"https:\/\/tilk.bio\/wp-content\/uploads\/2021\/05\/Untitled-design-62.jpg","datePublished":"2021-05-14T17:00:46+00:00","dateModified":"2026-04-14T13:15:03+00:00","description":"Blush Me on kaks \u00fches niisutav ja tooniv huulepalsam ning p\u00f5sepuna. Toote koostis on inspiratsiooni saanud Amazonase vihmametsa v\u00e4ekast puust cupuacust.","breadcrumb":{"@id":"https:\/\/tilk.bio\/et\/pood\/blush-me-niisutav-ja-tooniv-huulepalsam-ning-posepuna\/#breadcrumb"},"inLanguage":"et","potentialAction":[{"@type":"ReadAction","target":["https:\/\/tilk.bio\/et\/pood\/blush-me-niisutav-ja-tooniv-huulepalsam-ning-posepuna\/"]}]},{"@type":"ImageObject","inLanguage":"et","@id":"https:\/\/tilk.bio\/et\/pood\/blush-me-niisutav-ja-tooniv-huulepalsam-ning-posepuna\/#primaryimage","url":"https:\/\/tilk.bio\/wp-content\/uploads\/2021\/05\/Untitled-design-62.jpg","contentUrl":"https:\/\/tilk.bio\/wp-content\/uploads\/2021\/05\/Untitled-design-62.jpg","width":1200,"height":1200},{"@type":"BreadcrumbList","@id":"https:\/\/tilk.bio\/et\/pood\/blush-me-niisutav-ja-tooniv-huulepalsam-ning-posepuna\/#breadcrumb","itemListElement":[{"@type":"ListItem","position":1,"name":"Home","item":"https:\/\/tilk.bio\/et\/"},{"@type":"ListItem","position":2,"name":"Pood","item":"https:\/\/tilk.bio\/et\/pood\/"},{"@type":"ListItem","position":3,"name":"Blush Me niisutav ja tooniv huulepalsam ning p\u00f5sepuna"}]},{"@type":"WebSite","@id":"https:\/\/tilk.bio\/et\/#website","url":"https:\/\/tilk.bio\/et\/","name":"Tilk!","description":"Keskkonnas\u00f5bralik ja j\u00e4tkusuutlik looduskosmeetika Saaremaalt.","potentialAction":[{"@type":"SearchAction","target":{"@type":"EntryPoint","urlTemplate":"https:\/\/tilk.bio\/et\/?s={search_term_string}"},"query-input":{"@type":"PropertyValueSpecification","valueRequired":true,"valueName":"search_term_string"}}],"inLanguage":"et"}]}},"_links":{"self":[{"href":"https:\/\/tilk.bio\/et\/wp-json\/wp\/v2\/product\/55239","targetHints":{"allow":["GET"]}}],"collection":[{"href":"https:\/\/tilk.bio\/et\/wp-json\/wp\/v2\/product"}],"about":[{"href":"https:\/\/tilk.bio\/et\/wp-json\/wp\/v2\/types\/product"}],"replies":[{"embeddable":true,"href":"https:\/\/tilk.bio\/et\/wp-json\/wp\/v2\/comments?post=55239"}],"wp:featuredmedia":[{"embeddable":true,"href":"https:\/\/tilk.bio\/et\/wp-json\/wp\/v2\/media\/67273"}],"wp:attachment":[{"href":"https:\/\/tilk.bio\/et\/wp-json\/wp\/v2\/media?parent=55239"}],"wp:term":[{"taxonomy":"product_brand","embeddable":true,"href":"https:\/\/tilk.bio\/et\/wp-json\/wp\/v2\/product_brand?post=55239"},{"taxonomy":"product_cat","embeddable":true,"href":"https:\/\/tilk.bio\/et\/wp-json\/wp\/v2\/product_cat?post=55239"},{"taxonomy":"product_tag","embeddable":true,"href":"https:\/\/tilk.bio\/et\/wp-json\/wp\/v2\/product_tag?post=55239"}],"curies":[{"name":"wp","href":"https:\/\/api.w.org\/{rel}","templated":true}]}}