{"id":56271,"date":"2021-06-25T10:38:19","date_gmt":"2021-06-25T07:38:19","guid":{"rendered":"https:\/\/tilk.bio\/shop\/kooriv-aha-mask-passioonivilja-oliga\/"},"modified":"2026-04-21T11:00:08","modified_gmt":"2026-04-21T08:00:08","slug":"kooriv-aha-mask-passioonivilja-oliga","status":"publish","type":"product","link":"https:\/\/tilk.bio\/et\/pood\/kooriv-aha-mask-passioonivilja-oliga\/","title":{"rendered":"Peel Me kooriv AHA-mask passioonivilja \u00f5liga"},"content":{"rendered":"<p>Kooriv AHA-mask sisaldab niisutavaid vitamiinirikkaid \u00f5lisid ja nahka koorivaid<a href=\"https:\/\/tilk.bio\/et\/tootekategooria\/koostisosad\/aha-happed\/\"> AHA-happeid<\/a>. AHA-happekoorimine \u00fchtlustab nahatooni ja tekstuuri, silub peeneid kortsukesi, taastab nahka, ergastab naha jumet ja niisutab. Koorimine aitab kaasa ka kollageeni tootmisele ning t\u00f5stab teiste toodete imendumise efektiivsust. Puuviljahapetega kooriv mask sobib k\u00f5igile nahat\u00fc\u00fcpidele.<\/p>\n<p><a href=\"https:\/\/tilk.bio\/et\/tootekategooria\/naohooldus\/maskid\/\">Maski<\/a> toimeaine tuleb AHA-hapetest ehk alfa-h\u00fcdroks\u00fchappest, see on \u00f5rn puuviljahapetega koorija. Mask eemaldab naharakkude pealmise kihi ja aitab neil kiiremini ja t\u00f5husamalt uueneda.<\/p>\n<p>Passiooniviljas olevad karoteenid, riboflaviinid, C- ja A-vitamiinid pidurdavad naha enneaegset vananemisprotsessi, ergutavad naha verevarustust ja niisutavad nahka. Ka Aloe vera ja astelpaju\u00f5li taastavad naha struktuuri ja jumet ning varustavad nahka vajalike vitamiinide, mineraalide ja kasulike rasvhapetega. Kookos\u00f5li, saialill, kortsleht ja p\u00f5ldosi rahustavad ja toidavad nahka s\u00fcgavuti. Koorijal on v\u00e4rske tsitruseliste l\u00f5hn &#8211; selles segunevad apelsin, laim ja sidrun.<\/p>\n<h6><strong>Kodune happekoorimine:<\/strong><\/h6>\n<p>Puhasta nahk meigist ja kanna n\u00e4ole \u00f5huke kiht maski. Hoia koorivat maski nahal 4-8 minutit ja loputa sooja veega. Happekoorija v\u00f5ib p\u00f5hjustada kerget kipitustunnet. Tugeva \u00e4rrituse puhul pese n\u00e4omask maha. P\u00e4rast koorivat maski on soovitav v\u00e4ltida p\u00e4ikese k\u00e4tte minekut. Peale n\u00e4omaski niisuta nahka n\u00e4okreemiga.<\/p>\n<p>K\u00f5ik maski koostisosad on looduslikku p\u00e4ritolu ning vegan. N\u00e4omaski loomisel on kasutatud Saaremaalt k\u00e4sitsi korjatud taimede \u00f5lisid.<\/p>\n<p>Hoiustamine: Hoiusta koorijat toatemperatuuril.<\/p>\n<p>Kogus: 10ml\/50ml<\/p>\n<p><a ref=\"magnificPopup\" href=\"https:\/\/tilk.bio\/wp-content\/uploads\/2016\/01\/Vegan_sign-07.png\"><img loading=\"lazy\" decoding=\"async\" class=\"alignnone wp-image-17806\" src=\"https:\/\/tilk.bio\/wp-content\/uploads\/2016\/01\/Vegan_sign-07.png\" alt=\"\" width=\"89\" height=\"89\" srcset=\"https:\/\/tilk.bio\/wp-content\/uploads\/2016\/01\/Vegan_sign-07.png 165w, https:\/\/tilk.bio\/wp-content\/uploads\/2016\/01\/Vegan_sign-07-150x150.png 150w\" sizes=\"auto, (max-width: 89px) 100vw, 89px\" \/><\/a><\/p>\n","protected":false},"excerpt":{"rendered":"<p>Kooriv AHA-mask sisaldab niisutavaid vitamiinirikkaid \u00f5lisid ja nahka koorivaid AHA-happeid. AHA-happekoorimine \u00fchtlustab nahatooni ja tekstuuri, silub peeneid kortsukesi, taastab nahka, ergastab naha jumet ja niisutab. Koorimine aitab kaasa ka kollageeni tootmisele ning t\u00f5stab teiste toodete imendumise efektiivsust. Puuviljahapetega kooriv mask sobib k\u00f5igile nahat\u00fc\u00fcpidele. Maski toimeaine tuleb AHA-hapetest ehk alfa-h\u00fcdroks\u00fchappest, see on \u00f5rn puuviljahapetega koorija. Mask&#8230;<\/p>\n","protected":false},"featured_media":67269,"comment_status":"open","ping_status":"closed","template":"","meta":{"_acf_changed":false},"product_brand":[],"product_cat":[622,604,623,869,389,689,511,692,691,713,690,688],"product_tag":[],"class_list":{"0":"post-56271","1":"product","2":"type-product","3":"status-publish","4":"has-post-thumbnail","6":"product_cat-puhastustooted","7":"product_cat-naokoorijad","8":"product_cat-maskid","9":"product_cat-aha-happed","10":"product_cat-koik-tooted","11":"product_cat-kuiv-nahk","12":"product_cat-naohooldus","13":"product_cat-normaalne-ja-kombineeritud-nahk","14":"product_cat-tekstuuri-ja-tooniprobleemidega-nahk","15":"product_cat-tilk-herbal-et","16":"product_cat-tundlik-nahk","17":"product_cat-vananemisilmingutega-nahk","19":"first","20":"outofstock","21":"taxable","22":"shipping-taxable","23":"purchasable","24":"product-type-variable"},"acf":[],"yoast_head":"<!-- This site is optimized with the Yoast SEO plugin v27.4 - https:\/\/yoast.com\/product\/yoast-seo-wordpress\/ -->\n<title>Happekoorimine Peel Me AHA-maskiga<\/title>\n<meta name=\"description\" content=\"Kooriv AHA-mask sisaldab niisutavaid vitamiinirikkaid \u00f5lisid ja nahka koorivaid puuviljahappeid. Happekoorimine \u00fchtlustab nahatooni ja tekstuuri.\" \/>\n<meta name=\"robots\" content=\"index, follow, max-snippet:-1, max-image-preview:large, max-video-preview:-1\" \/>\n<link rel=\"canonical\" href=\"https:\/\/tilk.bio\/et\/pood\/kooriv-aha-mask-passioonivilja-oliga\/\" \/>\n<meta property=\"og:locale\" content=\"et_EE\" \/>\n<meta property=\"og:type\" content=\"article\" \/>\n<meta property=\"og:title\" content=\"Happekoorimine Peel Me AHA-maskiga\" \/>\n<meta property=\"og:description\" content=\"Kooriv AHA-mask sisaldab niisutavaid vitamiinirikkaid \u00f5lisid ja nahka koorivaid puuviljahappeid. Happekoorimine \u00fchtlustab nahatooni ja tekstuuri.\" \/>\n<meta property=\"og:url\" content=\"https:\/\/tilk.bio\/et\/pood\/kooriv-aha-mask-passioonivilja-oliga\/\" \/>\n<meta property=\"og:site_name\" content=\"Tilk!\" \/>\n<meta property=\"article:publisher\" content=\"https:\/\/www.facebook.com\/tilk.bio\/\" \/>\n<meta property=\"article:modified_time\" content=\"2026-04-21T08:00:08+00:00\" \/>\n<meta property=\"og:image\" content=\"https:\/\/tilk.bio\/wp-content\/uploads\/2021\/06\/peelme1200x628.jpg\" \/>\n\t<meta property=\"og:image:width\" content=\"1200\" \/>\n\t<meta property=\"og:image:height\" content=\"628\" \/>\n\t<meta property=\"og:image:type\" content=\"image\/jpeg\" \/>\n<meta name=\"twitter:card\" content=\"summary_large_image\" \/>\n<meta name=\"twitter:label1\" content=\"Est. reading time\" \/>\n\t<meta name=\"twitter:data1\" content=\"2 minutit\" \/>\n<script type=\"application\/ld+json\" class=\"yoast-schema-graph\">{\"@context\":\"https:\\\/\\\/schema.org\",\"@graph\":[{\"@type\":\"WebPage\",\"@id\":\"https:\\\/\\\/tilk.bio\\\/et\\\/pood\\\/kooriv-aha-mask-passioonivilja-oliga\\\/\",\"url\":\"https:\\\/\\\/tilk.bio\\\/et\\\/pood\\\/kooriv-aha-mask-passioonivilja-oliga\\\/\",\"name\":\"Happekoorimine Peel Me AHA-maskiga\",\"isPartOf\":{\"@id\":\"https:\\\/\\\/tilk.bio\\\/et\\\/#website\"},\"primaryImageOfPage\":{\"@id\":\"https:\\\/\\\/tilk.bio\\\/et\\\/pood\\\/kooriv-aha-mask-passioonivilja-oliga\\\/#primaryimage\"},\"image\":{\"@id\":\"https:\\\/\\\/tilk.bio\\\/et\\\/pood\\\/kooriv-aha-mask-passioonivilja-oliga\\\/#primaryimage\"},\"thumbnailUrl\":\"https:\\\/\\\/tilk.bio\\\/wp-content\\\/uploads\\\/2021\\\/06\\\/Untitled-design-61.jpg\",\"datePublished\":\"2021-06-25T07:38:19+00:00\",\"dateModified\":\"2026-04-21T08:00:08+00:00\",\"description\":\"Kooriv AHA-mask sisaldab niisutavaid vitamiinirikkaid \u00f5lisid ja nahka koorivaid puuviljahappeid. Happekoorimine \u00fchtlustab nahatooni ja tekstuuri.\",\"breadcrumb\":{\"@id\":\"https:\\\/\\\/tilk.bio\\\/et\\\/pood\\\/kooriv-aha-mask-passioonivilja-oliga\\\/#breadcrumb\"},\"inLanguage\":\"et\",\"potentialAction\":[{\"@type\":\"ReadAction\",\"target\":[\"https:\\\/\\\/tilk.bio\\\/et\\\/pood\\\/kooriv-aha-mask-passioonivilja-oliga\\\/\"]}]},{\"@type\":\"ImageObject\",\"inLanguage\":\"et\",\"@id\":\"https:\\\/\\\/tilk.bio\\\/et\\\/pood\\\/kooriv-aha-mask-passioonivilja-oliga\\\/#primaryimage\",\"url\":\"https:\\\/\\\/tilk.bio\\\/wp-content\\\/uploads\\\/2021\\\/06\\\/Untitled-design-61.jpg\",\"contentUrl\":\"https:\\\/\\\/tilk.bio\\\/wp-content\\\/uploads\\\/2021\\\/06\\\/Untitled-design-61.jpg\",\"width\":1200,\"height\":1200},{\"@type\":\"BreadcrumbList\",\"@id\":\"https:\\\/\\\/tilk.bio\\\/et\\\/pood\\\/kooriv-aha-mask-passioonivilja-oliga\\\/#breadcrumb\",\"itemListElement\":[{\"@type\":\"ListItem\",\"position\":1,\"name\":\"Home\",\"item\":\"https:\\\/\\\/tilk.bio\\\/et\\\/\"},{\"@type\":\"ListItem\",\"position\":2,\"name\":\"Pood\",\"item\":\"https:\\\/\\\/tilk.bio\\\/et\\\/pood\\\/\"},{\"@type\":\"ListItem\",\"position\":3,\"name\":\"Peel Me kooriv AHA-mask passioonivilja \u00f5liga\"}]},{\"@type\":\"WebSite\",\"@id\":\"https:\\\/\\\/tilk.bio\\\/et\\\/#website\",\"url\":\"https:\\\/\\\/tilk.bio\\\/et\\\/\",\"name\":\"Tilk!\",\"description\":\"Keskkonnas\u00f5bralik ja j\u00e4tkusuutlik looduskosmeetika Saaremaalt.\",\"potentialAction\":[{\"@type\":\"SearchAction\",\"target\":{\"@type\":\"EntryPoint\",\"urlTemplate\":\"https:\\\/\\\/tilk.bio\\\/et\\\/?s={search_term_string}\"},\"query-input\":{\"@type\":\"PropertyValueSpecification\",\"valueRequired\":true,\"valueName\":\"search_term_string\"}}],\"inLanguage\":\"et\"}]}<\/script>\n<!-- \/ Yoast SEO plugin. -->","yoast_head_json":{"title":"Happekoorimine Peel Me AHA-maskiga","description":"Kooriv AHA-mask sisaldab niisutavaid vitamiinirikkaid \u00f5lisid ja nahka koorivaid puuviljahappeid. Happekoorimine \u00fchtlustab nahatooni ja tekstuuri.","robots":{"index":"index","follow":"follow","max-snippet":"max-snippet:-1","max-image-preview":"max-image-preview:large","max-video-preview":"max-video-preview:-1"},"canonical":"https:\/\/tilk.bio\/et\/pood\/kooriv-aha-mask-passioonivilja-oliga\/","og_locale":"et_EE","og_type":"article","og_title":"Happekoorimine Peel Me AHA-maskiga","og_description":"Kooriv AHA-mask sisaldab niisutavaid vitamiinirikkaid \u00f5lisid ja nahka koorivaid puuviljahappeid. Happekoorimine \u00fchtlustab nahatooni ja tekstuuri.","og_url":"https:\/\/tilk.bio\/et\/pood\/kooriv-aha-mask-passioonivilja-oliga\/","og_site_name":"Tilk!","article_publisher":"https:\/\/www.facebook.com\/tilk.bio\/","article_modified_time":"2026-04-21T08:00:08+00:00","og_image":[{"width":1200,"height":628,"url":"https:\/\/tilk.bio\/wp-content\/uploads\/2021\/06\/peelme1200x628.jpg","type":"image\/jpeg"}],"twitter_card":"summary_large_image","twitter_misc":{"Est. reading time":"2 minutit"},"schema":{"@context":"https:\/\/schema.org","@graph":[{"@type":"WebPage","@id":"https:\/\/tilk.bio\/et\/pood\/kooriv-aha-mask-passioonivilja-oliga\/","url":"https:\/\/tilk.bio\/et\/pood\/kooriv-aha-mask-passioonivilja-oliga\/","name":"Happekoorimine Peel Me AHA-maskiga","isPartOf":{"@id":"https:\/\/tilk.bio\/et\/#website"},"primaryImageOfPage":{"@id":"https:\/\/tilk.bio\/et\/pood\/kooriv-aha-mask-passioonivilja-oliga\/#primaryimage"},"image":{"@id":"https:\/\/tilk.bio\/et\/pood\/kooriv-aha-mask-passioonivilja-oliga\/#primaryimage"},"thumbnailUrl":"https:\/\/tilk.bio\/wp-content\/uploads\/2021\/06\/Untitled-design-61.jpg","datePublished":"2021-06-25T07:38:19+00:00","dateModified":"2026-04-21T08:00:08+00:00","description":"Kooriv AHA-mask sisaldab niisutavaid vitamiinirikkaid \u00f5lisid ja nahka koorivaid puuviljahappeid. Happekoorimine \u00fchtlustab nahatooni ja tekstuuri.","breadcrumb":{"@id":"https:\/\/tilk.bio\/et\/pood\/kooriv-aha-mask-passioonivilja-oliga\/#breadcrumb"},"inLanguage":"et","potentialAction":[{"@type":"ReadAction","target":["https:\/\/tilk.bio\/et\/pood\/kooriv-aha-mask-passioonivilja-oliga\/"]}]},{"@type":"ImageObject","inLanguage":"et","@id":"https:\/\/tilk.bio\/et\/pood\/kooriv-aha-mask-passioonivilja-oliga\/#primaryimage","url":"https:\/\/tilk.bio\/wp-content\/uploads\/2021\/06\/Untitled-design-61.jpg","contentUrl":"https:\/\/tilk.bio\/wp-content\/uploads\/2021\/06\/Untitled-design-61.jpg","width":1200,"height":1200},{"@type":"BreadcrumbList","@id":"https:\/\/tilk.bio\/et\/pood\/kooriv-aha-mask-passioonivilja-oliga\/#breadcrumb","itemListElement":[{"@type":"ListItem","position":1,"name":"Home","item":"https:\/\/tilk.bio\/et\/"},{"@type":"ListItem","position":2,"name":"Pood","item":"https:\/\/tilk.bio\/et\/pood\/"},{"@type":"ListItem","position":3,"name":"Peel Me kooriv AHA-mask passioonivilja \u00f5liga"}]},{"@type":"WebSite","@id":"https:\/\/tilk.bio\/et\/#website","url":"https:\/\/tilk.bio\/et\/","name":"Tilk!","description":"Keskkonnas\u00f5bralik ja j\u00e4tkusuutlik looduskosmeetika Saaremaalt.","potentialAction":[{"@type":"SearchAction","target":{"@type":"EntryPoint","urlTemplate":"https:\/\/tilk.bio\/et\/?s={search_term_string}"},"query-input":{"@type":"PropertyValueSpecification","valueRequired":true,"valueName":"search_term_string"}}],"inLanguage":"et"}]}},"_links":{"self":[{"href":"https:\/\/tilk.bio\/et\/wp-json\/wp\/v2\/product\/56271","targetHints":{"allow":["GET"]}}],"collection":[{"href":"https:\/\/tilk.bio\/et\/wp-json\/wp\/v2\/product"}],"about":[{"href":"https:\/\/tilk.bio\/et\/wp-json\/wp\/v2\/types\/product"}],"replies":[{"embeddable":true,"href":"https:\/\/tilk.bio\/et\/wp-json\/wp\/v2\/comments?post=56271"}],"wp:featuredmedia":[{"embeddable":true,"href":"https:\/\/tilk.bio\/et\/wp-json\/wp\/v2\/media\/67269"}],"wp:attachment":[{"href":"https:\/\/tilk.bio\/et\/wp-json\/wp\/v2\/media?parent=56271"}],"wp:term":[{"taxonomy":"product_brand","embeddable":true,"href":"https:\/\/tilk.bio\/et\/wp-json\/wp\/v2\/product_brand?post=56271"},{"taxonomy":"product_cat","embeddable":true,"href":"https:\/\/tilk.bio\/et\/wp-json\/wp\/v2\/product_cat?post=56271"},{"taxonomy":"product_tag","embeddable":true,"href":"https:\/\/tilk.bio\/et\/wp-json\/wp\/v2\/product_tag?post=56271"}],"curies":[{"name":"wp","href":"https:\/\/api.w.org\/{rel}","templated":true}]}}