{"id":56733,"date":"2022-09-16T10:30:26","date_gmt":"2022-09-16T07:30:26","guid":{"rendered":"https:\/\/tilk.bio\/shop\/toitev-vananemisvastane-naokreem-c-vitamiini-ja-musta-kuuslauguga\/"},"modified":"2026-04-16T08:15:05","modified_gmt":"2026-04-16T05:15:05","slug":"toitev-vananemisvastane-naokreem-c-vitamiini-ja-musta-kuuslauguga","status":"publish","type":"product","link":"https:\/\/tilk.bio\/et\/pood\/toitev-vananemisvastane-naokreem-c-vitamiini-ja-musta-kuuslauguga\/","title":{"rendered":"Toitev vananemisvastane n\u00e4okreem C-vitamiini ja musta k\u00fc\u00fcslauguga"},"content":{"rendered":"<p>AUHINNATUD &#8211; NATURAALNE C-VITAMIIN N\u00c4OLE<\/p>\n<p>Toitev n\u00e4okreem musta k\u00fc\u00fcslauguga sisaldab endas C-vitamiini ja astelpaju v\u00e4ge ning rohkelt vitamiine. Kreem t\u00f5stab naha vastupanuv\u00f5imet, aitab rakkudel uueneda ja kahjustustel paraneda. T\u00e4nu suurele antioks\u00fcdantide sisaldusele on kreemil tugev vananemisvastane m\u00f5ju, see pakub nahale palju niisutust ning kaitseb seda keskkonnam\u00f5jude eest. Kreem sobib h\u00e4sti kuivale, tundlikule ja kombineeritud nahale ning ka vananemisilmingute edasil\u00fckkamiseks.<\/p>\n<p>Must k\u00fc\u00fcslauk, mis on selle kreemi alustalaks, on t\u00e4nu oma traditsioonilisele Koreast p\u00e4rit valmistamisviisile t\u00e4is fenoolseid \u00fchendeid &#8211; antioks\u00fcdante, mis aitavad nahka kaitsta vabade radikaalide eest. Need annavad kreemile ka tugeva vananemisvastase toime. Keskkonna negatiivsete m\u00f5jude eest, nagu n\u00e4iteks liigne p\u00e4ike, suits ja saaste, kannab hoolt C-vitamiin, mis aitab ka \u00fchtlustada nahatooni ning annab sellele erksust. Spetsiaalne C-vitamiin n\u00e4ole on ka oluline kollageeni moodustumise protsessis. Astelpaju\u00f5li toetab eelnevate koostisosade toimet, sisaldades palju vitamiine, mineraalaineid ja antioks\u00fcdante, aidates nahal uueneda ning tekkinud kahjustustel paraneda. Naha toitmise, elastsuse ja niisutuse eest kannab hoolt kookos\u00f5li, sheav\u00f5i ja mandli\u00f5li kooslus. E-vitamiin toetab naharakkude uuenemist ja aitab nahal v\u00f5idelda vabade radikaalidega, pidurdades seel\u00e4bi vananemisprotsessi. Kreem ei sisalda eeterlikke \u00f5lisid ja selle \u00f5rn l\u00f5hn tuleb naturaalsetest koostisosadest.<\/p>\n<p><strong>Kasutamine:<\/strong> C-vitamiini n\u00e4okreem sobib igap\u00e4evaseks naha hoolitsuseks ja naha niisutamiseks peale puhastamist. Kreemiga koos soovitame nahahoolduses kasutada ka <a href=\"https:\/\/tilk.bio\/et\/pood\/vananemisvastane-astelpajuga-kuuslauguseerum\/\"><strong>seerumit<\/strong><\/a> ning <strong><a href=\"https:\/\/tilk.bio\/et\/pood\/vananemisvastane-naomask-c-vitamiini-musta-kuuslaugu-ja-kurkumiga\/\">C-vitamiini maski<\/a><\/strong>.<\/p>\n<p>K\u00f5ik kreemi koostisosad on looduslikku p\u00e4ritolu ja vegan. Kreem on Taltechi teadlastega koost\u00f6\u00f6s valminud innovaatiline nahahooldustoode, mis \u00fchendab endas Korea iidsete traditsioonide j\u00e4rgi valmistatud Eestimaa musta k\u00fc\u00fcslaugu ja kaasaegse teaduse l\u00e4henemist looduskosmeetikale.<\/p>\n<p>Hoiustamine: Hoiusta n\u00e4okreemi toatemperatuuril.<\/p>\n<p>Kogus: 10ml\/50ml<\/p>\n","protected":false},"excerpt":{"rendered":"<p>AUHINNATUD &#8211; NATURAALNE C-VITAMIIN N\u00c4OLE Toitev n\u00e4okreem musta k\u00fc\u00fcslauguga sisaldab endas C-vitamiini ja astelpaju v\u00e4ge ning rohkelt vitamiine. Kreem t\u00f5stab naha vastupanuv\u00f5imet, aitab rakkudel uueneda ja kahjustustel paraneda. T\u00e4nu suurele antioks\u00fcdantide sisaldusele on kreemil tugev vananemisvastane m\u00f5ju, see pakub nahale palju niisutust ning kaitseb seda keskkonnam\u00f5jude eest. Kreem sobib h\u00e4sti kuivale, tundlikule ja kombineeritud nahale&#8230;<\/p>\n","protected":false},"featured_media":77037,"comment_status":"open","ping_status":"closed","template":"","meta":{"_acf_changed":false},"product_brand":[],"product_cat":[585,494,905,389,689,724,511,912,691,690,688],"product_tag":[],"class_list":{"0":"post-56733","1":"product","2":"type-product","3":"status-publish","4":"has-post-thumbnail","6":"product_cat-naokreem","7":"product_cat-klientide-lemmikud","8":"product_cat-c-vitamiin","9":"product_cat-koik-tooted","10":"product_cat-kuiv-nahk","11":"product_cat-must-kuuslauk","12":"product_cat-naohooldus","13":"product_cat-sheavoi","14":"product_cat-tekstuuri-ja-tooniprobleemidega-nahk","15":"product_cat-tundlik-nahk","16":"product_cat-vananemisilmingutega-nahk","18":"first","19":"instock","20":"taxable","21":"shipping-taxable","22":"purchasable","23":"product-type-variable"},"acf":[],"yoast_head":"<!-- This site is optimized with the Yoast SEO plugin v27.4 - https:\/\/yoast.com\/product\/yoast-seo-wordpress\/ -->\n<title>Spetsiaalne C-vitamiin n\u00e4ole- toitev vananemisvastane n\u00e4okreem<\/title>\n<meta name=\"description\" content=\"Toitvas vananemisvastases n\u00e4okreemis musta k\u00fc\u00fcslauguga on spetsiaalne C-vitamiin n\u00e4ole, mis v\u00f5itleb vananemisilmingutega.\" \/>\n<meta name=\"robots\" content=\"index, follow, max-snippet:-1, max-image-preview:large, max-video-preview:-1\" \/>\n<link rel=\"canonical\" href=\"https:\/\/tilk.bio\/et\/pood\/toitev-vananemisvastane-naokreem-c-vitamiini-ja-musta-kuuslauguga\/\" \/>\n<meta property=\"og:locale\" content=\"et_EE\" \/>\n<meta property=\"og:type\" content=\"article\" \/>\n<meta property=\"og:title\" content=\"Spetsiaalne C-vitamiin n\u00e4ole- toitev vananemisvastane n\u00e4okreem\" \/>\n<meta property=\"og:description\" content=\"Toitvas vananemisvastases n\u00e4okreemis musta k\u00fc\u00fcslauguga on spetsiaalne C-vitamiin n\u00e4ole, mis v\u00f5itleb vananemisilmingutega.\" \/>\n<meta property=\"og:url\" content=\"https:\/\/tilk.bio\/et\/pood\/toitev-vananemisvastane-naokreem-c-vitamiini-ja-musta-kuuslauguga\/\" \/>\n<meta property=\"og:site_name\" content=\"Tilk!\" \/>\n<meta property=\"article:publisher\" content=\"https:\/\/www.facebook.com\/tilk.bio\/\" \/>\n<meta property=\"article:modified_time\" content=\"2026-04-16T05:15:05+00:00\" \/>\n<meta property=\"og:image\" content=\"https:\/\/tilk.bio\/wp-content\/uploads\/2022\/09\/1-1.jpg\" \/>\n\t<meta property=\"og:image:width\" content=\"1200\" \/>\n\t<meta property=\"og:image:height\" content=\"1200\" \/>\n\t<meta property=\"og:image:type\" content=\"image\/jpeg\" \/>\n<meta name=\"twitter:card\" content=\"summary_large_image\" \/>\n<meta name=\"twitter:label1\" content=\"Est. reading time\" \/>\n\t<meta name=\"twitter:data1\" content=\"2 minutit\" \/>\n<script type=\"application\/ld+json\" class=\"yoast-schema-graph\">{\"@context\":\"https:\\\/\\\/schema.org\",\"@graph\":[{\"@type\":\"WebPage\",\"@id\":\"https:\\\/\\\/tilk.bio\\\/et\\\/pood\\\/toitev-vananemisvastane-naokreem-c-vitamiini-ja-musta-kuuslauguga\\\/\",\"url\":\"https:\\\/\\\/tilk.bio\\\/et\\\/pood\\\/toitev-vananemisvastane-naokreem-c-vitamiini-ja-musta-kuuslauguga\\\/\",\"name\":\"Spetsiaalne C-vitamiin n\u00e4ole- toitev vananemisvastane n\u00e4okreem\",\"isPartOf\":{\"@id\":\"https:\\\/\\\/tilk.bio\\\/et\\\/#website\"},\"primaryImageOfPage\":{\"@id\":\"https:\\\/\\\/tilk.bio\\\/et\\\/pood\\\/toitev-vananemisvastane-naokreem-c-vitamiini-ja-musta-kuuslauguga\\\/#primaryimage\"},\"image\":{\"@id\":\"https:\\\/\\\/tilk.bio\\\/et\\\/pood\\\/toitev-vananemisvastane-naokreem-c-vitamiini-ja-musta-kuuslauguga\\\/#primaryimage\"},\"thumbnailUrl\":\"https:\\\/\\\/tilk.bio\\\/wp-content\\\/uploads\\\/2022\\\/09\\\/1-1.jpg\",\"datePublished\":\"2022-09-16T07:30:26+00:00\",\"dateModified\":\"2026-04-16T05:15:05+00:00\",\"description\":\"Toitvas vananemisvastases n\u00e4okreemis musta k\u00fc\u00fcslauguga on spetsiaalne C-vitamiin n\u00e4ole, mis v\u00f5itleb vananemisilmingutega.\",\"breadcrumb\":{\"@id\":\"https:\\\/\\\/tilk.bio\\\/et\\\/pood\\\/toitev-vananemisvastane-naokreem-c-vitamiini-ja-musta-kuuslauguga\\\/#breadcrumb\"},\"inLanguage\":\"et\",\"potentialAction\":[{\"@type\":\"ReadAction\",\"target\":[\"https:\\\/\\\/tilk.bio\\\/et\\\/pood\\\/toitev-vananemisvastane-naokreem-c-vitamiini-ja-musta-kuuslauguga\\\/\"]}]},{\"@type\":\"ImageObject\",\"inLanguage\":\"et\",\"@id\":\"https:\\\/\\\/tilk.bio\\\/et\\\/pood\\\/toitev-vananemisvastane-naokreem-c-vitamiini-ja-musta-kuuslauguga\\\/#primaryimage\",\"url\":\"https:\\\/\\\/tilk.bio\\\/wp-content\\\/uploads\\\/2022\\\/09\\\/1-1.jpg\",\"contentUrl\":\"https:\\\/\\\/tilk.bio\\\/wp-content\\\/uploads\\\/2022\\\/09\\\/1-1.jpg\",\"width\":1200,\"height\":1200,\"caption\":\"c vitamiin n\u00e4okreem\"},{\"@type\":\"BreadcrumbList\",\"@id\":\"https:\\\/\\\/tilk.bio\\\/et\\\/pood\\\/toitev-vananemisvastane-naokreem-c-vitamiini-ja-musta-kuuslauguga\\\/#breadcrumb\",\"itemListElement\":[{\"@type\":\"ListItem\",\"position\":1,\"name\":\"Home\",\"item\":\"https:\\\/\\\/tilk.bio\\\/et\\\/\"},{\"@type\":\"ListItem\",\"position\":2,\"name\":\"Pood\",\"item\":\"https:\\\/\\\/tilk.bio\\\/et\\\/pood\\\/\"},{\"@type\":\"ListItem\",\"position\":3,\"name\":\"Toitev vananemisvastane n\u00e4okreem C-vitamiini ja musta k\u00fc\u00fcslauguga\"}]},{\"@type\":\"WebSite\",\"@id\":\"https:\\\/\\\/tilk.bio\\\/et\\\/#website\",\"url\":\"https:\\\/\\\/tilk.bio\\\/et\\\/\",\"name\":\"Tilk!\",\"description\":\"Keskkonnas\u00f5bralik ja j\u00e4tkusuutlik looduskosmeetika Saaremaalt.\",\"potentialAction\":[{\"@type\":\"SearchAction\",\"target\":{\"@type\":\"EntryPoint\",\"urlTemplate\":\"https:\\\/\\\/tilk.bio\\\/et\\\/?s={search_term_string}\"},\"query-input\":{\"@type\":\"PropertyValueSpecification\",\"valueRequired\":true,\"valueName\":\"search_term_string\"}}],\"inLanguage\":\"et\"}]}<\/script>\n<!-- \/ Yoast SEO plugin. -->","yoast_head_json":{"title":"Spetsiaalne C-vitamiin n\u00e4ole- toitev vananemisvastane n\u00e4okreem","description":"Toitvas vananemisvastases n\u00e4okreemis musta k\u00fc\u00fcslauguga on spetsiaalne C-vitamiin n\u00e4ole, mis v\u00f5itleb vananemisilmingutega.","robots":{"index":"index","follow":"follow","max-snippet":"max-snippet:-1","max-image-preview":"max-image-preview:large","max-video-preview":"max-video-preview:-1"},"canonical":"https:\/\/tilk.bio\/et\/pood\/toitev-vananemisvastane-naokreem-c-vitamiini-ja-musta-kuuslauguga\/","og_locale":"et_EE","og_type":"article","og_title":"Spetsiaalne C-vitamiin n\u00e4ole- toitev vananemisvastane n\u00e4okreem","og_description":"Toitvas vananemisvastases n\u00e4okreemis musta k\u00fc\u00fcslauguga on spetsiaalne C-vitamiin n\u00e4ole, mis v\u00f5itleb vananemisilmingutega.","og_url":"https:\/\/tilk.bio\/et\/pood\/toitev-vananemisvastane-naokreem-c-vitamiini-ja-musta-kuuslauguga\/","og_site_name":"Tilk!","article_publisher":"https:\/\/www.facebook.com\/tilk.bio\/","article_modified_time":"2026-04-16T05:15:05+00:00","og_image":[{"width":1200,"height":1200,"url":"https:\/\/tilk.bio\/wp-content\/uploads\/2022\/09\/1-1.jpg","type":"image\/jpeg"}],"twitter_card":"summary_large_image","twitter_misc":{"Est. reading time":"2 minutit"},"schema":{"@context":"https:\/\/schema.org","@graph":[{"@type":"WebPage","@id":"https:\/\/tilk.bio\/et\/pood\/toitev-vananemisvastane-naokreem-c-vitamiini-ja-musta-kuuslauguga\/","url":"https:\/\/tilk.bio\/et\/pood\/toitev-vananemisvastane-naokreem-c-vitamiini-ja-musta-kuuslauguga\/","name":"Spetsiaalne C-vitamiin n\u00e4ole- toitev vananemisvastane n\u00e4okreem","isPartOf":{"@id":"https:\/\/tilk.bio\/et\/#website"},"primaryImageOfPage":{"@id":"https:\/\/tilk.bio\/et\/pood\/toitev-vananemisvastane-naokreem-c-vitamiini-ja-musta-kuuslauguga\/#primaryimage"},"image":{"@id":"https:\/\/tilk.bio\/et\/pood\/toitev-vananemisvastane-naokreem-c-vitamiini-ja-musta-kuuslauguga\/#primaryimage"},"thumbnailUrl":"https:\/\/tilk.bio\/wp-content\/uploads\/2022\/09\/1-1.jpg","datePublished":"2022-09-16T07:30:26+00:00","dateModified":"2026-04-16T05:15:05+00:00","description":"Toitvas vananemisvastases n\u00e4okreemis musta k\u00fc\u00fcslauguga on spetsiaalne C-vitamiin n\u00e4ole, mis v\u00f5itleb vananemisilmingutega.","breadcrumb":{"@id":"https:\/\/tilk.bio\/et\/pood\/toitev-vananemisvastane-naokreem-c-vitamiini-ja-musta-kuuslauguga\/#breadcrumb"},"inLanguage":"et","potentialAction":[{"@type":"ReadAction","target":["https:\/\/tilk.bio\/et\/pood\/toitev-vananemisvastane-naokreem-c-vitamiini-ja-musta-kuuslauguga\/"]}]},{"@type":"ImageObject","inLanguage":"et","@id":"https:\/\/tilk.bio\/et\/pood\/toitev-vananemisvastane-naokreem-c-vitamiini-ja-musta-kuuslauguga\/#primaryimage","url":"https:\/\/tilk.bio\/wp-content\/uploads\/2022\/09\/1-1.jpg","contentUrl":"https:\/\/tilk.bio\/wp-content\/uploads\/2022\/09\/1-1.jpg","width":1200,"height":1200,"caption":"c vitamiin n\u00e4okreem"},{"@type":"BreadcrumbList","@id":"https:\/\/tilk.bio\/et\/pood\/toitev-vananemisvastane-naokreem-c-vitamiini-ja-musta-kuuslauguga\/#breadcrumb","itemListElement":[{"@type":"ListItem","position":1,"name":"Home","item":"https:\/\/tilk.bio\/et\/"},{"@type":"ListItem","position":2,"name":"Pood","item":"https:\/\/tilk.bio\/et\/pood\/"},{"@type":"ListItem","position":3,"name":"Toitev vananemisvastane n\u00e4okreem C-vitamiini ja musta k\u00fc\u00fcslauguga"}]},{"@type":"WebSite","@id":"https:\/\/tilk.bio\/et\/#website","url":"https:\/\/tilk.bio\/et\/","name":"Tilk!","description":"Keskkonnas\u00f5bralik ja j\u00e4tkusuutlik looduskosmeetika Saaremaalt.","potentialAction":[{"@type":"SearchAction","target":{"@type":"EntryPoint","urlTemplate":"https:\/\/tilk.bio\/et\/?s={search_term_string}"},"query-input":{"@type":"PropertyValueSpecification","valueRequired":true,"valueName":"search_term_string"}}],"inLanguage":"et"}]}},"_links":{"self":[{"href":"https:\/\/tilk.bio\/et\/wp-json\/wp\/v2\/product\/56733","targetHints":{"allow":["GET"]}}],"collection":[{"href":"https:\/\/tilk.bio\/et\/wp-json\/wp\/v2\/product"}],"about":[{"href":"https:\/\/tilk.bio\/et\/wp-json\/wp\/v2\/types\/product"}],"replies":[{"embeddable":true,"href":"https:\/\/tilk.bio\/et\/wp-json\/wp\/v2\/comments?post=56733"}],"wp:featuredmedia":[{"embeddable":true,"href":"https:\/\/tilk.bio\/et\/wp-json\/wp\/v2\/media\/77037"}],"wp:attachment":[{"href":"https:\/\/tilk.bio\/et\/wp-json\/wp\/v2\/media?parent=56733"}],"wp:term":[{"taxonomy":"product_brand","embeddable":true,"href":"https:\/\/tilk.bio\/et\/wp-json\/wp\/v2\/product_brand?post=56733"},{"taxonomy":"product_cat","embeddable":true,"href":"https:\/\/tilk.bio\/et\/wp-json\/wp\/v2\/product_cat?post=56733"},{"taxonomy":"product_tag","embeddable":true,"href":"https:\/\/tilk.bio\/et\/wp-json\/wp\/v2\/product_tag?post=56733"}],"curies":[{"name":"wp","href":"https:\/\/api.w.org\/{rel}","templated":true}]}}