{"id":56736,"date":"2021-09-16T10:30:00","date_gmt":"2021-09-16T07:30:00","guid":{"rendered":"https:\/\/tilk.bio\/shop\/rahustav-kuuslaugusalv-kookosega\/"},"modified":"2026-04-07T11:30:03","modified_gmt":"2026-04-07T08:30:03","slug":"rahustav-kuuslaugusalv-kookosega","status":"publish","type":"product","link":"https:\/\/tilk.bio\/et\/pood\/rahustav-kuuslaugusalv-kookosega\/","title":{"rendered":"Rahustav k\u00fc\u00fcslaugusalv kookosega"},"content":{"rendered":"<p><a href=\"https:\/\/tilk.bio\/et\/tootekategooria\/naohooldus\/salvid-et\/\">K\u00fc\u00fcslaugusalv kookosega on m\u00f5eldud eriti kuivade kohtade<\/a> ning probleemsete nahapiirkondade eest hoolitsemiseks. Kui kehal on karedaid kohti, psoriaasilaike v\u00f5i p\u00f5letikuprotsessidega nahka, on salv abiks naha rahustamisel ja ka selle niisutamisel. Salv on m\u00f5eldud paikseks kasutamiseks seal, kus nahk justkui esmaabi vajab.<\/p>\n<p>Salvile annab baasi must k\u00fc\u00fcslauk, millel on suur roll nahaprobleemide v\u00e4hendamises. Selleks on olulised mustas k\u00fc\u00fcslaugus sisalduvad antioks\u00fcdandid. Musta k\u00fc\u00fcslaugu toimeained aitavad ka nahka uuendada ja taastada ning kaitsevad seda keskkonna kahjulike m\u00f5jude eest. Saialillel on p\u00f5letikuvastased ja antibakteriaalsed omadused, see aitab nahka siluda, pehmendada ja tugevdada. Saialill rahustab ja puhastab nahka, ravib kuiva ja s\u00fcgelevat nahka ja on eriti hea \u00f5rnale ja kuivale nahale. Saialille \u00f5ites sisalduv karotenoid takistab p\u00f5letike teket ja soodustab naha pindmiste haavade paranemist. Kookos\u00f5li ja sheav\u00f5i niisutavad ja muudavad naha elastseks ning v\u00e4hendavad naha\u00e4rritusi. Kortsleht puhastab nahka, toidab naharakke, v\u00e4hendab turseid ja stimuleerib hormonaalset tasakaalu. Samuti on kortslehes rohkesti p\u00f5letikke v\u00e4hendavaid toimeaineid. P\u00f5ldosi omakorda tervendab nahka, puhastab ja ahendab poore. P\u00f5ldosi sisaldab ka rohkesti r\u00e4ni, mis tugevdab naha struktuuri. Meevahal on v\u00e4ga tugev antibakteriaalne toime, sellele lisaks ta ka kaitseb, niisutab ja rahustab nahka. Salv ei sisalda eeterlikke \u00f5lisid ja selle \u00f5rn l\u00f5hn tuleb naturaalsetest koostisosadest.<\/p>\n<p><strong>Kasutamine:<\/strong> Salv sobib kasutamiseks lokaalselt probleemsetel piirkondadel.<\/p>\n<p>K\u00f5ik salvi koostisosad on looduslikku p\u00e4ritolu. Salv on Taltechi teadlastega koost\u00f6\u00f6s valminud innovaatiline nahahooldustoode, mis \u00fchendab endas Korea iidsete traditsioonide j\u00e4rgi valmistatud Eestimaa musta k\u00fc\u00fcslaugu ja kaasaegse teaduse l\u00e4henemist looduskosmeetikale.<\/p>\n<p>Hoiustamine: Soovitame hoida salvi kaitstuna otsese p\u00e4ikesevalguse eest ja temperatuuril alla +25 kraadi.<\/p>\n<p>Kogus: 15ml<\/p>\n","protected":false},"excerpt":{"rendered":"<p>K\u00fc\u00fcslaugusalv kookosega on m\u00f5eldud eriti kuivade kohtade ning probleemsete nahapiirkondade eest hoolitsemiseks. Kui kehal on karedaid kohti, psoriaasilaike v\u00f5i p\u00f5letikuprotsessidega nahka, on salv abiks naha rahustamisel ja ka selle niisutamisel. Salv on m\u00f5eldud paikseks kasutamiseks seal, kus nahk justkui esmaabi vajab. Salvile annab baasi must k\u00fc\u00fcslauk, millel on suur roll nahaprobleemide v\u00e4hendamises. Selleks on olulised&#8230;<\/p>\n","protected":false},"featured_media":77068,"comment_status":"open","ping_status":"closed","template":"","meta":{"_acf_changed":false},"product_brand":[],"product_cat":[644,497,495,389,689,719,926,724,692,718,912,691,690,688],"product_tag":[],"class_list":{"0":"post-56736","1":"product","2":"type-product","3":"status-publish","4":"has-post-thumbnail","6":"product_cat-jalahooldus","7":"product_cat-katele","8":"product_cat-kehale","9":"product_cat-koik-tooted","10":"product_cat-kuiv-nahk","11":"product_cat-salvid-et","12":"product_cat-lopumuuk","13":"product_cat-must-kuuslauk","14":"product_cat-normaalne-ja-kombineeritud-nahk","15":"product_cat-salvid","16":"product_cat-sheavoi","17":"product_cat-tekstuuri-ja-tooniprobleemidega-nahk","18":"product_cat-tundlik-nahk","19":"product_cat-vananemisilmingutega-nahk","21":"first","22":"instock","23":"sale","24":"taxable","25":"shipping-taxable","26":"purchasable","27":"product-type-simple"},"acf":[],"yoast_head":"<!-- This site is optimized with the Yoast SEO plugin v27.3 - https:\/\/yoast.com\/product\/yoast-seo-wordpress\/ -->\n<title>Rahustav k\u00fc\u00fcslaugusalv kookosega - Tilk!<\/title>\n<meta name=\"description\" content=\"salv kookose ja musta k\u00fc\u00fcslauguga on m\u00f5eldud eriti kuivade kohtade ning probleemsete nahapiirkondade eest hoolitsemiseks.\" \/>\n<meta name=\"robots\" content=\"index, follow, max-snippet:-1, max-image-preview:large, max-video-preview:-1\" \/>\n<link rel=\"canonical\" href=\"https:\/\/tilk.bio\/et\/pood\/rahustav-kuuslaugusalv-kookosega\/\" \/>\n<meta property=\"og:locale\" content=\"et_EE\" \/>\n<meta property=\"og:type\" content=\"article\" \/>\n<meta property=\"og:title\" content=\"Rahustav k\u00fc\u00fcslaugusalv kookosega - Tilk!\" \/>\n<meta property=\"og:description\" content=\"salv kookose ja musta k\u00fc\u00fcslauguga on m\u00f5eldud eriti kuivade kohtade ning probleemsete nahapiirkondade eest hoolitsemiseks.\" \/>\n<meta property=\"og:url\" content=\"https:\/\/tilk.bio\/et\/pood\/rahustav-kuuslaugusalv-kookosega\/\" \/>\n<meta property=\"og:site_name\" content=\"Tilk!\" \/>\n<meta property=\"article:publisher\" content=\"https:\/\/www.facebook.com\/tilk.bio\/\" \/>\n<meta property=\"article:modified_time\" content=\"2026-04-07T08:30:03+00:00\" \/>\n<meta property=\"og:image\" content=\"https:\/\/tilk.bio\/wp-content\/uploads\/2021\/09\/3-1.jpg\" \/>\n\t<meta property=\"og:image:width\" content=\"1200\" \/>\n\t<meta property=\"og:image:height\" content=\"1200\" \/>\n\t<meta property=\"og:image:type\" content=\"image\/jpeg\" \/>\n<meta name=\"twitter:card\" content=\"summary_large_image\" \/>\n<meta name=\"twitter:label1\" content=\"Est. reading time\" \/>\n\t<meta name=\"twitter:data1\" content=\"2 minutit\" \/>\n<script type=\"application\/ld+json\" class=\"yoast-schema-graph\">{\"@context\":\"https:\\\/\\\/schema.org\",\"@graph\":[{\"@type\":\"WebPage\",\"@id\":\"https:\\\/\\\/tilk.bio\\\/et\\\/pood\\\/rahustav-kuuslaugusalv-kookosega\\\/\",\"url\":\"https:\\\/\\\/tilk.bio\\\/et\\\/pood\\\/rahustav-kuuslaugusalv-kookosega\\\/\",\"name\":\"Rahustav k\u00fc\u00fcslaugusalv kookosega - Tilk!\",\"isPartOf\":{\"@id\":\"https:\\\/\\\/tilk.bio\\\/et\\\/#website\"},\"primaryImageOfPage\":{\"@id\":\"https:\\\/\\\/tilk.bio\\\/et\\\/pood\\\/rahustav-kuuslaugusalv-kookosega\\\/#primaryimage\"},\"image\":{\"@id\":\"https:\\\/\\\/tilk.bio\\\/et\\\/pood\\\/rahustav-kuuslaugusalv-kookosega\\\/#primaryimage\"},\"thumbnailUrl\":\"https:\\\/\\\/tilk.bio\\\/wp-content\\\/uploads\\\/2021\\\/09\\\/E4R1074-ruut.jpg\",\"datePublished\":\"2021-09-16T07:30:00+00:00\",\"dateModified\":\"2026-04-07T08:30:03+00:00\",\"description\":\"salv kookose ja musta k\u00fc\u00fcslauguga on m\u00f5eldud eriti kuivade kohtade ning probleemsete nahapiirkondade eest hoolitsemiseks.\",\"breadcrumb\":{\"@id\":\"https:\\\/\\\/tilk.bio\\\/et\\\/pood\\\/rahustav-kuuslaugusalv-kookosega\\\/#breadcrumb\"},\"inLanguage\":\"et\",\"potentialAction\":[{\"@type\":\"ReadAction\",\"target\":[\"https:\\\/\\\/tilk.bio\\\/et\\\/pood\\\/rahustav-kuuslaugusalv-kookosega\\\/\"]}]},{\"@type\":\"ImageObject\",\"inLanguage\":\"et\",\"@id\":\"https:\\\/\\\/tilk.bio\\\/et\\\/pood\\\/rahustav-kuuslaugusalv-kookosega\\\/#primaryimage\",\"url\":\"https:\\\/\\\/tilk.bio\\\/wp-content\\\/uploads\\\/2021\\\/09\\\/E4R1074-ruut.jpg\",\"contentUrl\":\"https:\\\/\\\/tilk.bio\\\/wp-content\\\/uploads\\\/2021\\\/09\\\/E4R1074-ruut.jpg\",\"width\":2048,\"height\":2048,\"caption\":\"ointment\"},{\"@type\":\"BreadcrumbList\",\"@id\":\"https:\\\/\\\/tilk.bio\\\/et\\\/pood\\\/rahustav-kuuslaugusalv-kookosega\\\/#breadcrumb\",\"itemListElement\":[{\"@type\":\"ListItem\",\"position\":1,\"name\":\"Home\",\"item\":\"https:\\\/\\\/tilk.bio\\\/et\\\/\"},{\"@type\":\"ListItem\",\"position\":2,\"name\":\"Pood\",\"item\":\"https:\\\/\\\/tilk.bio\\\/et\\\/pood\\\/\"},{\"@type\":\"ListItem\",\"position\":3,\"name\":\"Rahustav k\u00fc\u00fcslaugusalv kookosega\"}]},{\"@type\":\"WebSite\",\"@id\":\"https:\\\/\\\/tilk.bio\\\/et\\\/#website\",\"url\":\"https:\\\/\\\/tilk.bio\\\/et\\\/\",\"name\":\"Tilk!\",\"description\":\"Keskkonnas\u00f5bralik ja j\u00e4tkusuutlik looduskosmeetika Saaremaalt.\",\"potentialAction\":[{\"@type\":\"SearchAction\",\"target\":{\"@type\":\"EntryPoint\",\"urlTemplate\":\"https:\\\/\\\/tilk.bio\\\/et\\\/?s={search_term_string}\"},\"query-input\":{\"@type\":\"PropertyValueSpecification\",\"valueRequired\":true,\"valueName\":\"search_term_string\"}}],\"inLanguage\":\"et\"}]}<\/script>\n<!-- \/ Yoast SEO plugin. -->","yoast_head_json":{"title":"Rahustav k\u00fc\u00fcslaugusalv kookosega - Tilk!","description":"salv kookose ja musta k\u00fc\u00fcslauguga on m\u00f5eldud eriti kuivade kohtade ning probleemsete nahapiirkondade eest hoolitsemiseks.","robots":{"index":"index","follow":"follow","max-snippet":"max-snippet:-1","max-image-preview":"max-image-preview:large","max-video-preview":"max-video-preview:-1"},"canonical":"https:\/\/tilk.bio\/et\/pood\/rahustav-kuuslaugusalv-kookosega\/","og_locale":"et_EE","og_type":"article","og_title":"Rahustav k\u00fc\u00fcslaugusalv kookosega - Tilk!","og_description":"salv kookose ja musta k\u00fc\u00fcslauguga on m\u00f5eldud eriti kuivade kohtade ning probleemsete nahapiirkondade eest hoolitsemiseks.","og_url":"https:\/\/tilk.bio\/et\/pood\/rahustav-kuuslaugusalv-kookosega\/","og_site_name":"Tilk!","article_publisher":"https:\/\/www.facebook.com\/tilk.bio\/","article_modified_time":"2026-04-07T08:30:03+00:00","og_image":[{"width":1200,"height":1200,"url":"https:\/\/tilk.bio\/wp-content\/uploads\/2021\/09\/3-1.jpg","type":"image\/jpeg"}],"twitter_card":"summary_large_image","twitter_misc":{"Est. reading time":"2 minutit"},"schema":{"@context":"https:\/\/schema.org","@graph":[{"@type":"WebPage","@id":"https:\/\/tilk.bio\/et\/pood\/rahustav-kuuslaugusalv-kookosega\/","url":"https:\/\/tilk.bio\/et\/pood\/rahustav-kuuslaugusalv-kookosega\/","name":"Rahustav k\u00fc\u00fcslaugusalv kookosega - Tilk!","isPartOf":{"@id":"https:\/\/tilk.bio\/et\/#website"},"primaryImageOfPage":{"@id":"https:\/\/tilk.bio\/et\/pood\/rahustav-kuuslaugusalv-kookosega\/#primaryimage"},"image":{"@id":"https:\/\/tilk.bio\/et\/pood\/rahustav-kuuslaugusalv-kookosega\/#primaryimage"},"thumbnailUrl":"https:\/\/tilk.bio\/wp-content\/uploads\/2021\/09\/E4R1074-ruut.jpg","datePublished":"2021-09-16T07:30:00+00:00","dateModified":"2026-04-07T08:30:03+00:00","description":"salv kookose ja musta k\u00fc\u00fcslauguga on m\u00f5eldud eriti kuivade kohtade ning probleemsete nahapiirkondade eest hoolitsemiseks.","breadcrumb":{"@id":"https:\/\/tilk.bio\/et\/pood\/rahustav-kuuslaugusalv-kookosega\/#breadcrumb"},"inLanguage":"et","potentialAction":[{"@type":"ReadAction","target":["https:\/\/tilk.bio\/et\/pood\/rahustav-kuuslaugusalv-kookosega\/"]}]},{"@type":"ImageObject","inLanguage":"et","@id":"https:\/\/tilk.bio\/et\/pood\/rahustav-kuuslaugusalv-kookosega\/#primaryimage","url":"https:\/\/tilk.bio\/wp-content\/uploads\/2021\/09\/E4R1074-ruut.jpg","contentUrl":"https:\/\/tilk.bio\/wp-content\/uploads\/2021\/09\/E4R1074-ruut.jpg","width":2048,"height":2048,"caption":"ointment"},{"@type":"BreadcrumbList","@id":"https:\/\/tilk.bio\/et\/pood\/rahustav-kuuslaugusalv-kookosega\/#breadcrumb","itemListElement":[{"@type":"ListItem","position":1,"name":"Home","item":"https:\/\/tilk.bio\/et\/"},{"@type":"ListItem","position":2,"name":"Pood","item":"https:\/\/tilk.bio\/et\/pood\/"},{"@type":"ListItem","position":3,"name":"Rahustav k\u00fc\u00fcslaugusalv kookosega"}]},{"@type":"WebSite","@id":"https:\/\/tilk.bio\/et\/#website","url":"https:\/\/tilk.bio\/et\/","name":"Tilk!","description":"Keskkonnas\u00f5bralik ja j\u00e4tkusuutlik looduskosmeetika Saaremaalt.","potentialAction":[{"@type":"SearchAction","target":{"@type":"EntryPoint","urlTemplate":"https:\/\/tilk.bio\/et\/?s={search_term_string}"},"query-input":{"@type":"PropertyValueSpecification","valueRequired":true,"valueName":"search_term_string"}}],"inLanguage":"et"}]}},"_links":{"self":[{"href":"https:\/\/tilk.bio\/et\/wp-json\/wp\/v2\/product\/56736","targetHints":{"allow":["GET"]}}],"collection":[{"href":"https:\/\/tilk.bio\/et\/wp-json\/wp\/v2\/product"}],"about":[{"href":"https:\/\/tilk.bio\/et\/wp-json\/wp\/v2\/types\/product"}],"replies":[{"embeddable":true,"href":"https:\/\/tilk.bio\/et\/wp-json\/wp\/v2\/comments?post=56736"}],"wp:featuredmedia":[{"embeddable":true,"href":"https:\/\/tilk.bio\/et\/wp-json\/wp\/v2\/media\/77068"}],"wp:attachment":[{"href":"https:\/\/tilk.bio\/et\/wp-json\/wp\/v2\/media?parent=56736"}],"wp:term":[{"taxonomy":"product_brand","embeddable":true,"href":"https:\/\/tilk.bio\/et\/wp-json\/wp\/v2\/product_brand?post=56736"},{"taxonomy":"product_cat","embeddable":true,"href":"https:\/\/tilk.bio\/et\/wp-json\/wp\/v2\/product_cat?post=56736"},{"taxonomy":"product_tag","embeddable":true,"href":"https:\/\/tilk.bio\/et\/wp-json\/wp\/v2\/product_tag?post=56736"}],"curies":[{"name":"wp","href":"https:\/\/api.w.org\/{rel}","templated":true}]}}