{"id":56755,"date":"2021-08-25T18:24:48","date_gmt":"2021-08-25T15:24:48","guid":{"rendered":"https:\/\/tilk.bio\/shop\/rahustav-kuusesalv-kookosega\/"},"modified":"2026-04-09T12:45:04","modified_gmt":"2026-04-09T09:45:04","slug":"rahustav-kuusesalv-kookosega","status":"publish","type":"product","link":"https:\/\/tilk.bio\/et\/pood\/rahustav-kuusesalv-kookosega\/","title":{"rendered":"Rahustav kuusesalv kookosega"},"content":{"rendered":"<p>Kuusesalv kookosega on m\u00f5eldud naha\u00e4rrituste leevendamiseks ja kuiva naha niisutamiseks. <a href=\"https:\/\/tilk.bio\/et\/tootekategooria\/kehale\/salvid\/\">Salv<\/a> sobib haavade parandamiseks ja p\u00f5letike leevendamiseks. Salvi soovitame kasutada paikselt seal piirkondades, kus nahk vajab hooldust ja rahustamist.<\/p>\n<p>Salvile annab baasi kuusevaik, millel on suur roll nahaprobleemide v\u00e4hendamises, seda peamiselt t\u00e4nu kuusevaigu antibakteriaalsetele omadustele. Kuusevaigu toimeained aitavad ka nahka uuendada ja taastada ning kaitsevad seda keskkonna kahjulike m\u00f5jude eest. Kookos\u00f5li ja sheav\u00f5i niisutavad ja muudavad naha elastseks ning v\u00e4hendavad naha\u00e4rritusi. Meevahal on v\u00e4ga tugev antibakteriaalne toime, sellele lisaks ta ka kaitseb, niisutab ja rahustab nahka. Salv ei sisalda eeterlikke \u00f5lisid ja selle \u00f5rn l\u00f5hn tuleb naturaalsetest koostisosadest.<\/p>\n<p><strong>Kasutamine:<\/strong> Salv sobib kasutamiseks lokaalselt probleemsetel piirkondadel.<\/p>\n<p>Kuusevaiku sisaldavad tooted on inspiratsiooni saanud kohalikust p\u00e4rimuskultuurist ja \u00fcrgse metsa v\u00e4est. tilk! Forest \u00fchendab endas esivanemate tarkust ja kaasaegse teaduse l\u00e4henemist looduskosmeetikale.<\/p>\n<p>Hoiustamine: Soovitame hoida salvi kaitstuna otsese p\u00e4ikesevalguse eest ja temperatuuril alla +25 kraadi.<\/p>\n<p>Kogus: 15ml<\/p>\n","protected":false},"excerpt":{"rendered":"<p>Kuusesalv kookosega on m\u00f5eldud naha\u00e4rrituste leevendamiseks ja kuiva naha niisutamiseks. Salv sobib haavade parandamiseks ja p\u00f5letike leevendamiseks. Salvi soovitame kasutada paikselt seal piirkondades, kus nahk vajab hooldust ja rahustamist. Salvile annab baasi kuusevaik, millel on suur roll nahaprobleemide v\u00e4hendamises, seda peamiselt t\u00e4nu kuusevaigu antibakteriaalsetele omadustele. Kuusevaigu toimeained aitavad ka nahka uuendada ja taastada ning kaitsevad&#8230;<\/p>\n","protected":false},"featured_media":65054,"comment_status":"open","ping_status":"closed","template":"","meta":{"_acf_changed":false},"product_brand":[],"product_cat":[389,689,719,511,692,718,912,533,723,690,688],"product_tag":[],"class_list":{"0":"post-56755","1":"product","2":"type-product","3":"status-publish","4":"has-post-thumbnail","6":"product_cat-koik-tooted","7":"product_cat-kuiv-nahk","8":"product_cat-salvid-et","9":"product_cat-naohooldus","10":"product_cat-normaalne-ja-kombineeritud-nahk","11":"product_cat-salvid","12":"product_cat-sheavoi","13":"product_cat-spaatli-voimalus","14":"product_cat-tilk-forest","15":"product_cat-tundlik-nahk","16":"product_cat-vananemisilmingutega-nahk","18":"first","19":"instock","20":"sale","21":"taxable","22":"shipping-taxable","23":"purchasable","24":"product-type-simple"},"acf":[],"yoast_head":"<!-- This site is optimized with the Yoast SEO plugin v27.3 - https:\/\/yoast.com\/product\/yoast-seo-wordpress\/ -->\n<title>Rahustav kuusevaiguga salv<\/title>\n<meta name=\"description\" content=\"Kuusesalv kookosega on m\u00f5eldud naha\u00e4rrituste leevendamiseks ja kuiva naha niisutamiseks. Salv sobib haavade parandamiseks ja p\u00f5letike leevendamiseks.\" \/>\n<meta name=\"robots\" content=\"index, follow, max-snippet:-1, max-image-preview:large, max-video-preview:-1\" \/>\n<link rel=\"canonical\" href=\"https:\/\/tilk.bio\/et\/pood\/rahustav-kuusesalv-kookosega\/\" \/>\n<meta property=\"og:locale\" content=\"et_EE\" \/>\n<meta property=\"og:type\" content=\"article\" \/>\n<meta property=\"og:title\" content=\"Rahustav kuusevaiguga salv\" \/>\n<meta property=\"og:description\" content=\"Kuusesalv kookosega on m\u00f5eldud naha\u00e4rrituste leevendamiseks ja kuiva naha niisutamiseks. Salv sobib haavade parandamiseks ja p\u00f5letike leevendamiseks.\" \/>\n<meta property=\"og:url\" content=\"https:\/\/tilk.bio\/et\/pood\/rahustav-kuusesalv-kookosega\/\" \/>\n<meta property=\"og:site_name\" content=\"Tilk!\" \/>\n<meta property=\"article:publisher\" content=\"https:\/\/www.facebook.com\/tilk.bio\/\" \/>\n<meta property=\"article:modified_time\" content=\"2026-04-09T09:45:04+00:00\" \/>\n<meta property=\"og:image\" content=\"https:\/\/tilk.bio\/wp-content\/uploads\/2021\/08\/forest-salv1.jpg\" \/>\n\t<meta property=\"og:image:width\" content=\"1200\" \/>\n\t<meta property=\"og:image:height\" content=\"1200\" \/>\n\t<meta property=\"og:image:type\" content=\"image\/jpeg\" \/>\n<meta name=\"twitter:card\" content=\"summary_large_image\" \/>\n<meta name=\"twitter:label1\" content=\"Est. reading time\" \/>\n\t<meta name=\"twitter:data1\" content=\"1 minut\" \/>\n<script type=\"application\/ld+json\" class=\"yoast-schema-graph\">{\"@context\":\"https:\\\/\\\/schema.org\",\"@graph\":[{\"@type\":\"WebPage\",\"@id\":\"https:\\\/\\\/tilk.bio\\\/et\\\/pood\\\/rahustav-kuusesalv-kookosega\\\/\",\"url\":\"https:\\\/\\\/tilk.bio\\\/et\\\/pood\\\/rahustav-kuusesalv-kookosega\\\/\",\"name\":\"Rahustav kuusevaiguga salv\",\"isPartOf\":{\"@id\":\"https:\\\/\\\/tilk.bio\\\/et\\\/#website\"},\"primaryImageOfPage\":{\"@id\":\"https:\\\/\\\/tilk.bio\\\/et\\\/pood\\\/rahustav-kuusesalv-kookosega\\\/#primaryimage\"},\"image\":{\"@id\":\"https:\\\/\\\/tilk.bio\\\/et\\\/pood\\\/rahustav-kuusesalv-kookosega\\\/#primaryimage\"},\"thumbnailUrl\":\"https:\\\/\\\/tilk.bio\\\/wp-content\\\/uploads\\\/2021\\\/08\\\/forest-salv1.jpg\",\"datePublished\":\"2021-08-25T15:24:48+00:00\",\"dateModified\":\"2026-04-09T09:45:04+00:00\",\"description\":\"Kuusesalv kookosega on m\u00f5eldud naha\u00e4rrituste leevendamiseks ja kuiva naha niisutamiseks. Salv sobib haavade parandamiseks ja p\u00f5letike leevendamiseks.\",\"breadcrumb\":{\"@id\":\"https:\\\/\\\/tilk.bio\\\/et\\\/pood\\\/rahustav-kuusesalv-kookosega\\\/#breadcrumb\"},\"inLanguage\":\"et\",\"potentialAction\":[{\"@type\":\"ReadAction\",\"target\":[\"https:\\\/\\\/tilk.bio\\\/et\\\/pood\\\/rahustav-kuusesalv-kookosega\\\/\"]}]},{\"@type\":\"ImageObject\",\"inLanguage\":\"et\",\"@id\":\"https:\\\/\\\/tilk.bio\\\/et\\\/pood\\\/rahustav-kuusesalv-kookosega\\\/#primaryimage\",\"url\":\"https:\\\/\\\/tilk.bio\\\/wp-content\\\/uploads\\\/2021\\\/08\\\/forest-salv1.jpg\",\"contentUrl\":\"https:\\\/\\\/tilk.bio\\\/wp-content\\\/uploads\\\/2021\\\/08\\\/forest-salv1.jpg\",\"width\":1200,\"height\":1200,\"caption\":\"salv kuusevaik\"},{\"@type\":\"BreadcrumbList\",\"@id\":\"https:\\\/\\\/tilk.bio\\\/et\\\/pood\\\/rahustav-kuusesalv-kookosega\\\/#breadcrumb\",\"itemListElement\":[{\"@type\":\"ListItem\",\"position\":1,\"name\":\"Home\",\"item\":\"https:\\\/\\\/tilk.bio\\\/et\\\/\"},{\"@type\":\"ListItem\",\"position\":2,\"name\":\"Pood\",\"item\":\"https:\\\/\\\/tilk.bio\\\/et\\\/pood\\\/\"},{\"@type\":\"ListItem\",\"position\":3,\"name\":\"Rahustav kuusesalv kookosega\"}]},{\"@type\":\"WebSite\",\"@id\":\"https:\\\/\\\/tilk.bio\\\/et\\\/#website\",\"url\":\"https:\\\/\\\/tilk.bio\\\/et\\\/\",\"name\":\"Tilk!\",\"description\":\"Keskkonnas\u00f5bralik ja j\u00e4tkusuutlik looduskosmeetika Saaremaalt.\",\"potentialAction\":[{\"@type\":\"SearchAction\",\"target\":{\"@type\":\"EntryPoint\",\"urlTemplate\":\"https:\\\/\\\/tilk.bio\\\/et\\\/?s={search_term_string}\"},\"query-input\":{\"@type\":\"PropertyValueSpecification\",\"valueRequired\":true,\"valueName\":\"search_term_string\"}}],\"inLanguage\":\"et\"}]}<\/script>\n<!-- \/ Yoast SEO plugin. -->","yoast_head_json":{"title":"Rahustav kuusevaiguga salv","description":"Kuusesalv kookosega on m\u00f5eldud naha\u00e4rrituste leevendamiseks ja kuiva naha niisutamiseks. Salv sobib haavade parandamiseks ja p\u00f5letike leevendamiseks.","robots":{"index":"index","follow":"follow","max-snippet":"max-snippet:-1","max-image-preview":"max-image-preview:large","max-video-preview":"max-video-preview:-1"},"canonical":"https:\/\/tilk.bio\/et\/pood\/rahustav-kuusesalv-kookosega\/","og_locale":"et_EE","og_type":"article","og_title":"Rahustav kuusevaiguga salv","og_description":"Kuusesalv kookosega on m\u00f5eldud naha\u00e4rrituste leevendamiseks ja kuiva naha niisutamiseks. Salv sobib haavade parandamiseks ja p\u00f5letike leevendamiseks.","og_url":"https:\/\/tilk.bio\/et\/pood\/rahustav-kuusesalv-kookosega\/","og_site_name":"Tilk!","article_publisher":"https:\/\/www.facebook.com\/tilk.bio\/","article_modified_time":"2026-04-09T09:45:04+00:00","og_image":[{"width":1200,"height":1200,"url":"https:\/\/tilk.bio\/wp-content\/uploads\/2021\/08\/forest-salv1.jpg","type":"image\/jpeg"}],"twitter_card":"summary_large_image","twitter_misc":{"Est. reading time":"1 minut"},"schema":{"@context":"https:\/\/schema.org","@graph":[{"@type":"WebPage","@id":"https:\/\/tilk.bio\/et\/pood\/rahustav-kuusesalv-kookosega\/","url":"https:\/\/tilk.bio\/et\/pood\/rahustav-kuusesalv-kookosega\/","name":"Rahustav kuusevaiguga salv","isPartOf":{"@id":"https:\/\/tilk.bio\/et\/#website"},"primaryImageOfPage":{"@id":"https:\/\/tilk.bio\/et\/pood\/rahustav-kuusesalv-kookosega\/#primaryimage"},"image":{"@id":"https:\/\/tilk.bio\/et\/pood\/rahustav-kuusesalv-kookosega\/#primaryimage"},"thumbnailUrl":"https:\/\/tilk.bio\/wp-content\/uploads\/2021\/08\/forest-salv1.jpg","datePublished":"2021-08-25T15:24:48+00:00","dateModified":"2026-04-09T09:45:04+00:00","description":"Kuusesalv kookosega on m\u00f5eldud naha\u00e4rrituste leevendamiseks ja kuiva naha niisutamiseks. Salv sobib haavade parandamiseks ja p\u00f5letike leevendamiseks.","breadcrumb":{"@id":"https:\/\/tilk.bio\/et\/pood\/rahustav-kuusesalv-kookosega\/#breadcrumb"},"inLanguage":"et","potentialAction":[{"@type":"ReadAction","target":["https:\/\/tilk.bio\/et\/pood\/rahustav-kuusesalv-kookosega\/"]}]},{"@type":"ImageObject","inLanguage":"et","@id":"https:\/\/tilk.bio\/et\/pood\/rahustav-kuusesalv-kookosega\/#primaryimage","url":"https:\/\/tilk.bio\/wp-content\/uploads\/2021\/08\/forest-salv1.jpg","contentUrl":"https:\/\/tilk.bio\/wp-content\/uploads\/2021\/08\/forest-salv1.jpg","width":1200,"height":1200,"caption":"salv kuusevaik"},{"@type":"BreadcrumbList","@id":"https:\/\/tilk.bio\/et\/pood\/rahustav-kuusesalv-kookosega\/#breadcrumb","itemListElement":[{"@type":"ListItem","position":1,"name":"Home","item":"https:\/\/tilk.bio\/et\/"},{"@type":"ListItem","position":2,"name":"Pood","item":"https:\/\/tilk.bio\/et\/pood\/"},{"@type":"ListItem","position":3,"name":"Rahustav kuusesalv kookosega"}]},{"@type":"WebSite","@id":"https:\/\/tilk.bio\/et\/#website","url":"https:\/\/tilk.bio\/et\/","name":"Tilk!","description":"Keskkonnas\u00f5bralik ja j\u00e4tkusuutlik looduskosmeetika Saaremaalt.","potentialAction":[{"@type":"SearchAction","target":{"@type":"EntryPoint","urlTemplate":"https:\/\/tilk.bio\/et\/?s={search_term_string}"},"query-input":{"@type":"PropertyValueSpecification","valueRequired":true,"valueName":"search_term_string"}}],"inLanguage":"et"}]}},"_links":{"self":[{"href":"https:\/\/tilk.bio\/et\/wp-json\/wp\/v2\/product\/56755","targetHints":{"allow":["GET"]}}],"collection":[{"href":"https:\/\/tilk.bio\/et\/wp-json\/wp\/v2\/product"}],"about":[{"href":"https:\/\/tilk.bio\/et\/wp-json\/wp\/v2\/types\/product"}],"replies":[{"embeddable":true,"href":"https:\/\/tilk.bio\/et\/wp-json\/wp\/v2\/comments?post=56755"}],"wp:featuredmedia":[{"embeddable":true,"href":"https:\/\/tilk.bio\/et\/wp-json\/wp\/v2\/media\/65054"}],"wp:attachment":[{"href":"https:\/\/tilk.bio\/et\/wp-json\/wp\/v2\/media?parent=56755"}],"wp:term":[{"taxonomy":"product_brand","embeddable":true,"href":"https:\/\/tilk.bio\/et\/wp-json\/wp\/v2\/product_brand?post=56755"},{"taxonomy":"product_cat","embeddable":true,"href":"https:\/\/tilk.bio\/et\/wp-json\/wp\/v2\/product_cat?post=56755"},{"taxonomy":"product_tag","embeddable":true,"href":"https:\/\/tilk.bio\/et\/wp-json\/wp\/v2\/product_tag?post=56755"}],"curies":[{"name":"wp","href":"https:\/\/api.w.org\/{rel}","templated":true}]}}