{"id":56777,"date":"2021-09-16T10:30:51","date_gmt":"2021-09-16T07:30:51","guid":{"rendered":"https:\/\/tilk.bio\/shop\/orn-sugavpuhastav-musta-kuuslaugu-ja-kadaka-naokoorija-koigile-nahatuupidele\/"},"modified":"2026-05-11T06:30:05","modified_gmt":"2026-05-11T03:30:05","slug":"orn-sugavpuhastav-musta-kuuslaugu-ja-kadaka-naokoorija-koigile-nahatuupidele","status":"publish","type":"product","link":"https:\/\/tilk.bio\/et\/pood\/orn-sugavpuhastav-musta-kuuslaugu-ja-kadaka-naokoorija-koigile-nahatuupidele\/","title":{"rendered":"\u00d5rn s\u00fcgavpuhastav musta k\u00fc\u00fcslaugu ja kadaka n\u00e4okoorija k\u00f5igile nahat\u00fc\u00fcpidele"},"content":{"rendered":"<p>\u00d5rn musta k\u00fc\u00fcslaugu ja kadaka n\u00e4okoorija aitab kaasa naharakkude uuenemisele ja pakub nahale s\u00fcgavniisutavat kosutust. Koorija kasutamine aitab ennetada nahaaluste ummistuste teket ning puhastada juba ummistunud poore. Samaaegselt surnud naharakkude eemaldamisega annab koorija v\u00e4rskust ja niisutust, antioks\u00fcdandid aitavad nahka uuendada ning nahaprobleeme leevendada. Koorija sobib nii normaalsele kui ka probleemsele nahale.<\/p>\n<p>Musta k\u00fc\u00fcslaugu antioks\u00fcdandid toetavad naha uuenemisprotsessi ja taastamist, kaitstes seda ka keskkonnam\u00f5jude eest. Tootes on suur roll kadakal \u2013 seda on kasutatud kadaka h\u00fcdrosooli, kadakamarja pulbri ning eeterliku \u00f5li vormis, muutes kadaka toime maksimaalselt t\u00f5husaks. Nendel koostisosadel on p\u00f5letikuvastane toime, kadakas ka jahutab, pehmendab ja v\u00e4rskendab. Samal ajal on kadakas ka antiseptiline ja parandab vereringet. Aprikoosituumapulber stimuleerib vereringet ning aitab eemaldada surnud naharakke. Kookos\u00f5li niisutab ja hooldab, muutes nahka elastsemaks ning aidates v\u00e4hendada naha\u00e4rritusi. Koorijal on m\u00f5nus kadaka l\u00f5hn.<\/p>\n<p><strong>Kasutamine:<\/strong> N\u00e4okoorija looduslikud toimeained on naha vastu \u00f5rnad ja seet\u00f5ttu v\u00f5ib seda vastavalt vajadusele kasutada mitu korda n\u00e4dalas. Kanna see \u00f5rnalt niiskele nahale, masseerides nahka ringjate liigutustega ning loputa leige veega. Peale koorimist v\u00f5ib nahka poputada ka niisutava n\u00e4omaskiga, proovi n\u00e4iteks meie <a href=\"https:\/\/tilk.bio\/et\/pood\/rahustav-musta-kuuslaugu-ja-salvei-mask\/\">salveiga n\u00e4omaski<\/a>.<\/p>\n<p>K\u00f5ik koorija koostisosad on looduslikku p\u00e4ritolu ja vegan. Koorija on Taltechi teadlastega koost\u00f6\u00f6s valminud innovaatiline nahahooldustoode, mis \u00fchendab endas Korea iidsete traditsioonide j\u00e4rgi valmistatud Eestimaa musta k\u00fc\u00fcslaugu ja kaasaegse teaduse l\u00e4henemist looduskosmeetikale.<\/p>\n<p>Hoiustamine: Hoiusta koorijat toatemperatuuril.<\/p>\n<p>Kogus: 10ml\/50ml<\/p>\n","protected":false},"excerpt":{"rendered":"<p>\u00d5rn musta k\u00fc\u00fcslaugu ja kadaka n\u00e4okoorija aitab kaasa naharakkude uuenemisele ja pakub nahale s\u00fcgavniisutavat kosutust. Koorija kasutamine aitab ennetada nahaaluste ummistuste teket ning puhastada juba ummistunud poore. Samaaegselt surnud naharakkude eemaldamisega annab koorija v\u00e4rskust ja niisutust, antioks\u00fcdandid aitavad nahka uuendada ning nahaprobleeme leevendada. Koorija sobib nii normaalsele kui ka probleemsele nahale. Musta k\u00fc\u00fcslaugu antioks\u00fcdandid toetavad&#8230;<\/p>\n","protected":false},"featured_media":67232,"comment_status":"open","ping_status":"closed","template":"","meta":{"_acf_changed":false},"product_brand":[],"product_cat":[604,687,389,689,926,724,511,692,690,688],"product_tag":[],"class_list":{"0":"post-56777","1":"product","2":"type-product","3":"status-publish","4":"has-post-thumbnail","6":"product_cat-naokoorijad","7":"product_cat-akne-ja-rasune-nahk","8":"product_cat-koik-tooted","9":"product_cat-kuiv-nahk","10":"product_cat-lopumuuk","11":"product_cat-must-kuuslauk","12":"product_cat-naohooldus","13":"product_cat-normaalne-ja-kombineeritud-nahk","14":"product_cat-tundlik-nahk","15":"product_cat-vananemisilmingutega-nahk","17":"first","18":"instock","19":"sale","20":"taxable","21":"shipping-taxable","22":"purchasable","23":"product-type-variable"},"acf":[],"yoast_head":"<!-- This site is optimized with the Yoast SEO plugin v27.5 - https:\/\/yoast.com\/product\/yoast-seo-wordpress\/ -->\n<title>\u00d5rn s\u00fcgavpuhastav musta k\u00fc\u00fcslaugu ja kadaka n\u00e4okoorija k\u00f5igile nahat\u00fc\u00fcpidele - Tilk!<\/title>\n<meta name=\"robots\" content=\"index, follow, max-snippet:-1, max-image-preview:large, max-video-preview:-1\" \/>\n<link rel=\"canonical\" href=\"https:\/\/tilk.bio\/et\/pood\/orn-sugavpuhastav-musta-kuuslaugu-ja-kadaka-naokoorija-koigile-nahatuupidele\/\" \/>\n<meta property=\"og:locale\" content=\"et_EE\" \/>\n<meta property=\"og:type\" content=\"article\" \/>\n<meta property=\"og:title\" content=\"\u00d5rn s\u00fcgavpuhastav musta k\u00fc\u00fcslaugu ja kadaka n\u00e4okoorija k\u00f5igile nahat\u00fc\u00fcpidele - Tilk!\" \/>\n<meta property=\"og:description\" content=\"\u00d5rn musta k\u00fc\u00fcslaugu ja kadaka n\u00e4okoorija aitab kaasa naharakkude uuenemisele ja pakub nahale s\u00fcgavniisutavat kosutust. Koorija kasutamine aitab ennetada nahaaluste ummistuste teket ning puhastada juba ummistunud poore. Samaaegselt surnud naharakkude eemaldamisega annab koorija v\u00e4rskust ja niisutust, antioks\u00fcdandid aitavad nahka uuendada ning nahaprobleeme leevendada. Koorija sobib nii normaalsele kui ka probleemsele nahale. Musta k\u00fc\u00fcslaugu antioks\u00fcdandid toetavad...\" \/>\n<meta property=\"og:url\" content=\"https:\/\/tilk.bio\/et\/pood\/orn-sugavpuhastav-musta-kuuslaugu-ja-kadaka-naokoorija-koigile-nahatuupidele\/\" \/>\n<meta property=\"og:site_name\" content=\"Tilk!\" \/>\n<meta property=\"article:publisher\" content=\"https:\/\/www.facebook.com\/tilk.bio\/\" \/>\n<meta property=\"article:modified_time\" content=\"2026-05-11T03:30:05+00:00\" \/>\n<meta property=\"og:image\" content=\"https:\/\/tilk.bio\/wp-content\/uploads\/2021\/09\/Untitled-design-57-1.jpg\" \/>\n\t<meta property=\"og:image:width\" content=\"1200\" \/>\n\t<meta property=\"og:image:height\" content=\"1200\" \/>\n\t<meta property=\"og:image:type\" content=\"image\/jpeg\" \/>\n<meta name=\"twitter:card\" content=\"summary_large_image\" \/>\n<meta name=\"twitter:label1\" content=\"Est. reading time\" \/>\n\t<meta name=\"twitter:data1\" content=\"1 minut\" \/>\n<script type=\"application\/ld+json\" class=\"yoast-schema-graph\">{\"@context\":\"https:\\\/\\\/schema.org\",\"@graph\":[{\"@type\":\"WebPage\",\"@id\":\"https:\\\/\\\/tilk.bio\\\/et\\\/pood\\\/orn-sugavpuhastav-musta-kuuslaugu-ja-kadaka-naokoorija-koigile-nahatuupidele\\\/\",\"url\":\"https:\\\/\\\/tilk.bio\\\/et\\\/pood\\\/orn-sugavpuhastav-musta-kuuslaugu-ja-kadaka-naokoorija-koigile-nahatuupidele\\\/\",\"name\":\"\u00d5rn s\u00fcgavpuhastav musta k\u00fc\u00fcslaugu ja kadaka n\u00e4okoorija k\u00f5igile nahat\u00fc\u00fcpidele - Tilk!\",\"isPartOf\":{\"@id\":\"https:\\\/\\\/tilk.bio\\\/et\\\/#website\"},\"primaryImageOfPage\":{\"@id\":\"https:\\\/\\\/tilk.bio\\\/et\\\/pood\\\/orn-sugavpuhastav-musta-kuuslaugu-ja-kadaka-naokoorija-koigile-nahatuupidele\\\/#primaryimage\"},\"image\":{\"@id\":\"https:\\\/\\\/tilk.bio\\\/et\\\/pood\\\/orn-sugavpuhastav-musta-kuuslaugu-ja-kadaka-naokoorija-koigile-nahatuupidele\\\/#primaryimage\"},\"thumbnailUrl\":\"https:\\\/\\\/tilk.bio\\\/wp-content\\\/uploads\\\/2021\\\/09\\\/Untitled-design-57-1.jpg\",\"datePublished\":\"2021-09-16T07:30:51+00:00\",\"dateModified\":\"2026-05-11T03:30:05+00:00\",\"breadcrumb\":{\"@id\":\"https:\\\/\\\/tilk.bio\\\/et\\\/pood\\\/orn-sugavpuhastav-musta-kuuslaugu-ja-kadaka-naokoorija-koigile-nahatuupidele\\\/#breadcrumb\"},\"inLanguage\":\"et\",\"potentialAction\":[{\"@type\":\"ReadAction\",\"target\":[\"https:\\\/\\\/tilk.bio\\\/et\\\/pood\\\/orn-sugavpuhastav-musta-kuuslaugu-ja-kadaka-naokoorija-koigile-nahatuupidele\\\/\"]}]},{\"@type\":\"ImageObject\",\"inLanguage\":\"et\",\"@id\":\"https:\\\/\\\/tilk.bio\\\/et\\\/pood\\\/orn-sugavpuhastav-musta-kuuslaugu-ja-kadaka-naokoorija-koigile-nahatuupidele\\\/#primaryimage\",\"url\":\"https:\\\/\\\/tilk.bio\\\/wp-content\\\/uploads\\\/2021\\\/09\\\/Untitled-design-57-1.jpg\",\"contentUrl\":\"https:\\\/\\\/tilk.bio\\\/wp-content\\\/uploads\\\/2021\\\/09\\\/Untitled-design-57-1.jpg\",\"width\":1200,\"height\":1200},{\"@type\":\"BreadcrumbList\",\"@id\":\"https:\\\/\\\/tilk.bio\\\/et\\\/pood\\\/orn-sugavpuhastav-musta-kuuslaugu-ja-kadaka-naokoorija-koigile-nahatuupidele\\\/#breadcrumb\",\"itemListElement\":[{\"@type\":\"ListItem\",\"position\":1,\"name\":\"Home\",\"item\":\"https:\\\/\\\/tilk.bio\\\/et\\\/\"},{\"@type\":\"ListItem\",\"position\":2,\"name\":\"Pood\",\"item\":\"https:\\\/\\\/tilk.bio\\\/et\\\/pood\\\/\"},{\"@type\":\"ListItem\",\"position\":3,\"name\":\"\u00d5rn s\u00fcgavpuhastav musta k\u00fc\u00fcslaugu ja kadaka n\u00e4okoorija k\u00f5igile nahat\u00fc\u00fcpidele\"}]},{\"@type\":\"WebSite\",\"@id\":\"https:\\\/\\\/tilk.bio\\\/et\\\/#website\",\"url\":\"https:\\\/\\\/tilk.bio\\\/et\\\/\",\"name\":\"Tilk!\",\"description\":\"Keskkonnas\u00f5bralik ja j\u00e4tkusuutlik looduskosmeetika Saaremaalt.\",\"potentialAction\":[{\"@type\":\"SearchAction\",\"target\":{\"@type\":\"EntryPoint\",\"urlTemplate\":\"https:\\\/\\\/tilk.bio\\\/et\\\/?s={search_term_string}\"},\"query-input\":{\"@type\":\"PropertyValueSpecification\",\"valueRequired\":true,\"valueName\":\"search_term_string\"}}],\"inLanguage\":\"et\"}]}<\/script>\n<!-- \/ Yoast SEO plugin. -->","yoast_head_json":{"title":"\u00d5rn s\u00fcgavpuhastav musta k\u00fc\u00fcslaugu ja kadaka n\u00e4okoorija k\u00f5igile nahat\u00fc\u00fcpidele - Tilk!","robots":{"index":"index","follow":"follow","max-snippet":"max-snippet:-1","max-image-preview":"max-image-preview:large","max-video-preview":"max-video-preview:-1"},"canonical":"https:\/\/tilk.bio\/et\/pood\/orn-sugavpuhastav-musta-kuuslaugu-ja-kadaka-naokoorija-koigile-nahatuupidele\/","og_locale":"et_EE","og_type":"article","og_title":"\u00d5rn s\u00fcgavpuhastav musta k\u00fc\u00fcslaugu ja kadaka n\u00e4okoorija k\u00f5igile nahat\u00fc\u00fcpidele - Tilk!","og_description":"\u00d5rn musta k\u00fc\u00fcslaugu ja kadaka n\u00e4okoorija aitab kaasa naharakkude uuenemisele ja pakub nahale s\u00fcgavniisutavat kosutust. Koorija kasutamine aitab ennetada nahaaluste ummistuste teket ning puhastada juba ummistunud poore. Samaaegselt surnud naharakkude eemaldamisega annab koorija v\u00e4rskust ja niisutust, antioks\u00fcdandid aitavad nahka uuendada ning nahaprobleeme leevendada. Koorija sobib nii normaalsele kui ka probleemsele nahale. Musta k\u00fc\u00fcslaugu antioks\u00fcdandid toetavad...","og_url":"https:\/\/tilk.bio\/et\/pood\/orn-sugavpuhastav-musta-kuuslaugu-ja-kadaka-naokoorija-koigile-nahatuupidele\/","og_site_name":"Tilk!","article_publisher":"https:\/\/www.facebook.com\/tilk.bio\/","article_modified_time":"2026-05-11T03:30:05+00:00","og_image":[{"width":1200,"height":1200,"url":"https:\/\/tilk.bio\/wp-content\/uploads\/2021\/09\/Untitled-design-57-1.jpg","type":"image\/jpeg"}],"twitter_card":"summary_large_image","twitter_misc":{"Est. reading time":"1 minut"},"schema":{"@context":"https:\/\/schema.org","@graph":[{"@type":"WebPage","@id":"https:\/\/tilk.bio\/et\/pood\/orn-sugavpuhastav-musta-kuuslaugu-ja-kadaka-naokoorija-koigile-nahatuupidele\/","url":"https:\/\/tilk.bio\/et\/pood\/orn-sugavpuhastav-musta-kuuslaugu-ja-kadaka-naokoorija-koigile-nahatuupidele\/","name":"\u00d5rn s\u00fcgavpuhastav musta k\u00fc\u00fcslaugu ja kadaka n\u00e4okoorija k\u00f5igile nahat\u00fc\u00fcpidele - Tilk!","isPartOf":{"@id":"https:\/\/tilk.bio\/et\/#website"},"primaryImageOfPage":{"@id":"https:\/\/tilk.bio\/et\/pood\/orn-sugavpuhastav-musta-kuuslaugu-ja-kadaka-naokoorija-koigile-nahatuupidele\/#primaryimage"},"image":{"@id":"https:\/\/tilk.bio\/et\/pood\/orn-sugavpuhastav-musta-kuuslaugu-ja-kadaka-naokoorija-koigile-nahatuupidele\/#primaryimage"},"thumbnailUrl":"https:\/\/tilk.bio\/wp-content\/uploads\/2021\/09\/Untitled-design-57-1.jpg","datePublished":"2021-09-16T07:30:51+00:00","dateModified":"2026-05-11T03:30:05+00:00","breadcrumb":{"@id":"https:\/\/tilk.bio\/et\/pood\/orn-sugavpuhastav-musta-kuuslaugu-ja-kadaka-naokoorija-koigile-nahatuupidele\/#breadcrumb"},"inLanguage":"et","potentialAction":[{"@type":"ReadAction","target":["https:\/\/tilk.bio\/et\/pood\/orn-sugavpuhastav-musta-kuuslaugu-ja-kadaka-naokoorija-koigile-nahatuupidele\/"]}]},{"@type":"ImageObject","inLanguage":"et","@id":"https:\/\/tilk.bio\/et\/pood\/orn-sugavpuhastav-musta-kuuslaugu-ja-kadaka-naokoorija-koigile-nahatuupidele\/#primaryimage","url":"https:\/\/tilk.bio\/wp-content\/uploads\/2021\/09\/Untitled-design-57-1.jpg","contentUrl":"https:\/\/tilk.bio\/wp-content\/uploads\/2021\/09\/Untitled-design-57-1.jpg","width":1200,"height":1200},{"@type":"BreadcrumbList","@id":"https:\/\/tilk.bio\/et\/pood\/orn-sugavpuhastav-musta-kuuslaugu-ja-kadaka-naokoorija-koigile-nahatuupidele\/#breadcrumb","itemListElement":[{"@type":"ListItem","position":1,"name":"Home","item":"https:\/\/tilk.bio\/et\/"},{"@type":"ListItem","position":2,"name":"Pood","item":"https:\/\/tilk.bio\/et\/pood\/"},{"@type":"ListItem","position":3,"name":"\u00d5rn s\u00fcgavpuhastav musta k\u00fc\u00fcslaugu ja kadaka n\u00e4okoorija k\u00f5igile nahat\u00fc\u00fcpidele"}]},{"@type":"WebSite","@id":"https:\/\/tilk.bio\/et\/#website","url":"https:\/\/tilk.bio\/et\/","name":"Tilk!","description":"Keskkonnas\u00f5bralik ja j\u00e4tkusuutlik looduskosmeetika Saaremaalt.","potentialAction":[{"@type":"SearchAction","target":{"@type":"EntryPoint","urlTemplate":"https:\/\/tilk.bio\/et\/?s={search_term_string}"},"query-input":{"@type":"PropertyValueSpecification","valueRequired":true,"valueName":"search_term_string"}}],"inLanguage":"et"}]}},"_links":{"self":[{"href":"https:\/\/tilk.bio\/et\/wp-json\/wp\/v2\/product\/56777","targetHints":{"allow":["GET"]}}],"collection":[{"href":"https:\/\/tilk.bio\/et\/wp-json\/wp\/v2\/product"}],"about":[{"href":"https:\/\/tilk.bio\/et\/wp-json\/wp\/v2\/types\/product"}],"replies":[{"embeddable":true,"href":"https:\/\/tilk.bio\/et\/wp-json\/wp\/v2\/comments?post=56777"}],"wp:featuredmedia":[{"embeddable":true,"href":"https:\/\/tilk.bio\/et\/wp-json\/wp\/v2\/media\/67232"}],"wp:attachment":[{"href":"https:\/\/tilk.bio\/et\/wp-json\/wp\/v2\/media?parent=56777"}],"wp:term":[{"taxonomy":"product_brand","embeddable":true,"href":"https:\/\/tilk.bio\/et\/wp-json\/wp\/v2\/product_brand?post=56777"},{"taxonomy":"product_cat","embeddable":true,"href":"https:\/\/tilk.bio\/et\/wp-json\/wp\/v2\/product_cat?post=56777"},{"taxonomy":"product_tag","embeddable":true,"href":"https:\/\/tilk.bio\/et\/wp-json\/wp\/v2\/product_tag?post=56777"}],"curies":[{"name":"wp","href":"https:\/\/api.w.org\/{rel}","templated":true}]}}