{"id":56790,"date":"2021-09-16T10:30:31","date_gmt":"2021-09-16T07:30:31","guid":{"rendered":"https:\/\/tilk.bio\/shop\/niisutav-musta-kuuslaugu-puhastuskreem-kassinaeriga-koigile-nahatuupidele\/"},"modified":"2026-05-11T17:15:05","modified_gmt":"2026-05-11T14:15:05","slug":"niisutav-musta-kuuslaugu-puhastuskreem-kassinaeriga-koigile-nahatuupidele","status":"publish","type":"product","link":"https:\/\/tilk.bio\/et\/pood\/niisutav-musta-kuuslaugu-puhastuskreem-kassinaeriga-koigile-nahatuupidele\/","title":{"rendered":"Niisutav musta k\u00fc\u00fcslaugu puhastuskreem teepuu\u00f5liga k\u00f5igile nahat\u00fc\u00fcpidele"},"content":{"rendered":"<p>Niisutav musta k\u00fc\u00fcslaugu puhastuskreem kassinaeriga sobib ideaalselt igap\u00e4evaseks <a href=\"https:\/\/tilk.bio\/et\/tootekategooria\/naohooldus\/puhastustooted\/\">naha puhastamiseks<\/a>, andes n\u00e4ole v\u00e4rske ja puhta tunde. Lisaks puhastamisele aitab see nahka niisutada, toita ning annab sellele s\u00e4ra. N\u00e4opuhastuskreem on ideaalne igap\u00e4evane hoolitsus k\u00f5igile nahat\u00fc\u00fcpidele.<\/p>\n<p>N\u00e4o puhastamisel on oluline, et nahk saaks puhtaks k\u00f5igist sellele kogunenud bakteritest ja mustusest. Selles protsessis on v\u00e4ga oluline roll teepuul, mis on antiseptilise ja antibakteriaalse toimega ning toimib ka p\u00f5letikuvastaselt. Teepuu sobib suurep\u00e4raselt erinevate nahaprobleemide leevendamiseks ja ka nende ennetamiseks. Must k\u00fc\u00fcslauk aitab nahka toita, osaleb kollageeni moodustamisel ning kaitseb nahka keskkonna kahjulike m\u00f5jude eest. Kassinaeris niisutab ja toniseerib nahka, v\u00e4hendades ka ultraviolettkiirguse kahjulikke m\u00f5jusid. Selle abil on nahk t\u00e4idlane, see aitab siluda peeneid kortsukesi ja rahustada naha\u00e4rritusi. Puhastuskreemis sisalduv kastoor\u00f5li sisaldab rikkalikult ritsinoolhapet, mis on suurep\u00e4rane niisutaja ja puhastaja, selle toimet toetab niisutav kookos\u00f5li.<\/p>\n<p><strong>Kasutamine:<\/strong> Kanna v\u00e4ike kogus puhastuskreemi s\u00f5rmeotstega n\u00e4ole ja kaelale ning masseeri \u00f5rnalt ringjate liigutustega suunaga alt \u00fclesse ja n\u00e4o keskelt k\u014drvade poole, et l\u00fcmfivedelik \u014diges suunas liiguks. Loputa puhastuskreem maha sooja veega ja vajadusel kasuta ka meigieemalduslappi.<\/p>\n<p>K\u00f5ik puhastuskreemi koostisosad on looduslikku p\u00e4ritolu ja vegan. Puhastuskreem on Taltechi teadlastega koost\u00f6\u00f6s valminud innovaatiline nahahooldustoode, mis \u00fchendab endas Korea iidsete traditsioonide j\u00e4rgi valmistatud Eestimaa musta k\u00fc\u00fcslaugu ja kaasaegse teaduse l\u00e4henemist looduskosmeetikale.<\/p>\n<p>Hoiustamine: Hoiusta puhastuskreemi toatemperatuuril.<\/p>\n<p>Kogus: 60ml<\/p>\n","protected":false},"excerpt":{"rendered":"<p>Niisutav musta k\u00fc\u00fcslaugu puhastuskreem kassinaeriga sobib ideaalselt igap\u00e4evaseks naha puhastamiseks, andes n\u00e4ole v\u00e4rske ja puhta tunde. Lisaks puhastamisele aitab see nahka niisutada, toita ning annab sellele s\u00e4ra. N\u00e4opuhastuskreem on ideaalne igap\u00e4evane hoolitsus k\u00f5igile nahat\u00fc\u00fcpidele. N\u00e4o puhastamisel on oluline, et nahk saaks puhtaks k\u00f5igist sellele kogunenud bakteritest ja mustusest. Selles protsessis on v\u00e4ga oluline roll teepuul,&#8230;<\/p>\n","protected":false},"featured_media":77081,"comment_status":"open","ping_status":"closed","template":"","meta":{"_acf_changed":false},"product_brand":[],"product_cat":[622,687,389,689,926,724,511,692,690],"product_tag":[],"class_list":{"0":"post-56790","1":"product","2":"type-product","3":"status-publish","4":"has-post-thumbnail","6":"product_cat-puhastustooted","7":"product_cat-akne-ja-rasune-nahk","8":"product_cat-koik-tooted","9":"product_cat-kuiv-nahk","10":"product_cat-lopumuuk","11":"product_cat-must-kuuslauk","12":"product_cat-naohooldus","13":"product_cat-normaalne-ja-kombineeritud-nahk","14":"product_cat-tundlik-nahk","16":"first","17":"instock","18":"sale","19":"taxable","20":"shipping-taxable","21":"purchasable","22":"product-type-simple"},"acf":[],"yoast_head":"<!-- This site is optimized with the Yoast SEO plugin v27.5 - https:\/\/yoast.com\/product\/yoast-seo-wordpress\/ -->\n<title>N\u00e4opuhastus - niisutav musta k\u00fc\u00fcslaugu puhastuskreem<\/title>\n<meta name=\"description\" content=\"N\u00e4opuhastus - niisutav musta k\u00fc\u00fcslaugu puhastuskreem kassinaeriga sobib ideaalselt igap\u00e4evaseks naha puhastamiseks, andes n\u00e4ole v\u00e4rske ja puhta tunde.\" \/>\n<meta name=\"robots\" content=\"index, follow, max-snippet:-1, max-image-preview:large, max-video-preview:-1\" \/>\n<link rel=\"canonical\" href=\"https:\/\/tilk.bio\/et\/pood\/niisutav-musta-kuuslaugu-puhastuskreem-kassinaeriga-koigile-nahatuupidele\/\" \/>\n<meta property=\"og:locale\" content=\"et_EE\" \/>\n<meta property=\"og:type\" content=\"article\" \/>\n<meta property=\"og:title\" content=\"N\u00e4opuhastus - niisutav musta k\u00fc\u00fcslaugu puhastuskreem\" \/>\n<meta property=\"og:description\" content=\"N\u00e4opuhastus - niisutav musta k\u00fc\u00fcslaugu puhastuskreem kassinaeriga sobib ideaalselt igap\u00e4evaseks naha puhastamiseks, andes n\u00e4ole v\u00e4rske ja puhta tunde.\" \/>\n<meta property=\"og:url\" content=\"https:\/\/tilk.bio\/et\/pood\/niisutav-musta-kuuslaugu-puhastuskreem-kassinaeriga-koigile-nahatuupidele\/\" \/>\n<meta property=\"og:site_name\" content=\"Tilk!\" \/>\n<meta property=\"article:publisher\" content=\"https:\/\/www.facebook.com\/tilk.bio\/\" \/>\n<meta property=\"article:modified_time\" content=\"2026-05-11T14:15:05+00:00\" \/>\n<meta property=\"og:image\" content=\"https:\/\/tilk.bio\/wp-content\/uploads\/2021\/09\/labpuhastuskreem.jpg\" \/>\n\t<meta property=\"og:image:width\" content=\"1200\" \/>\n\t<meta property=\"og:image:height\" content=\"1200\" \/>\n\t<meta property=\"og:image:type\" content=\"image\/jpeg\" \/>\n<meta name=\"twitter:card\" content=\"summary_large_image\" \/>\n<meta name=\"twitter:label1\" content=\"Est. reading time\" \/>\n\t<meta name=\"twitter:data1\" content=\"1 minut\" \/>\n<script type=\"application\/ld+json\" class=\"yoast-schema-graph\">{\"@context\":\"https:\\\/\\\/schema.org\",\"@graph\":[{\"@type\":\"WebPage\",\"@id\":\"https:\\\/\\\/tilk.bio\\\/et\\\/pood\\\/niisutav-musta-kuuslaugu-puhastuskreem-kassinaeriga-koigile-nahatuupidele\\\/\",\"url\":\"https:\\\/\\\/tilk.bio\\\/et\\\/pood\\\/niisutav-musta-kuuslaugu-puhastuskreem-kassinaeriga-koigile-nahatuupidele\\\/\",\"name\":\"N\u00e4opuhastus - niisutav musta k\u00fc\u00fcslaugu puhastuskreem\",\"isPartOf\":{\"@id\":\"https:\\\/\\\/tilk.bio\\\/et\\\/#website\"},\"primaryImageOfPage\":{\"@id\":\"https:\\\/\\\/tilk.bio\\\/et\\\/pood\\\/niisutav-musta-kuuslaugu-puhastuskreem-kassinaeriga-koigile-nahatuupidele\\\/#primaryimage\"},\"image\":{\"@id\":\"https:\\\/\\\/tilk.bio\\\/et\\\/pood\\\/niisutav-musta-kuuslaugu-puhastuskreem-kassinaeriga-koigile-nahatuupidele\\\/#primaryimage\"},\"thumbnailUrl\":\"https:\\\/\\\/tilk.bio\\\/wp-content\\\/uploads\\\/2021\\\/09\\\/E4R1026-ruut.jpg\",\"datePublished\":\"2021-09-16T07:30:31+00:00\",\"dateModified\":\"2026-05-11T14:15:05+00:00\",\"description\":\"N\u00e4opuhastus - niisutav musta k\u00fc\u00fcslaugu puhastuskreem kassinaeriga sobib ideaalselt igap\u00e4evaseks naha puhastamiseks, andes n\u00e4ole v\u00e4rske ja puhta tunde.\",\"breadcrumb\":{\"@id\":\"https:\\\/\\\/tilk.bio\\\/et\\\/pood\\\/niisutav-musta-kuuslaugu-puhastuskreem-kassinaeriga-koigile-nahatuupidele\\\/#breadcrumb\"},\"inLanguage\":\"et\",\"potentialAction\":[{\"@type\":\"ReadAction\",\"target\":[\"https:\\\/\\\/tilk.bio\\\/et\\\/pood\\\/niisutav-musta-kuuslaugu-puhastuskreem-kassinaeriga-koigile-nahatuupidele\\\/\"]}]},{\"@type\":\"ImageObject\",\"inLanguage\":\"et\",\"@id\":\"https:\\\/\\\/tilk.bio\\\/et\\\/pood\\\/niisutav-musta-kuuslaugu-puhastuskreem-kassinaeriga-koigile-nahatuupidele\\\/#primaryimage\",\"url\":\"https:\\\/\\\/tilk.bio\\\/wp-content\\\/uploads\\\/2021\\\/09\\\/E4R1026-ruut.jpg\",\"contentUrl\":\"https:\\\/\\\/tilk.bio\\\/wp-content\\\/uploads\\\/2021\\\/09\\\/E4R1026-ruut.jpg\",\"width\":2048,\"height\":2048},{\"@type\":\"BreadcrumbList\",\"@id\":\"https:\\\/\\\/tilk.bio\\\/et\\\/pood\\\/niisutav-musta-kuuslaugu-puhastuskreem-kassinaeriga-koigile-nahatuupidele\\\/#breadcrumb\",\"itemListElement\":[{\"@type\":\"ListItem\",\"position\":1,\"name\":\"Home\",\"item\":\"https:\\\/\\\/tilk.bio\\\/et\\\/\"},{\"@type\":\"ListItem\",\"position\":2,\"name\":\"Pood\",\"item\":\"https:\\\/\\\/tilk.bio\\\/et\\\/pood\\\/\"},{\"@type\":\"ListItem\",\"position\":3,\"name\":\"Niisutav musta k\u00fc\u00fcslaugu puhastuskreem teepuu\u00f5liga k\u00f5igile nahat\u00fc\u00fcpidele\"}]},{\"@type\":\"WebSite\",\"@id\":\"https:\\\/\\\/tilk.bio\\\/et\\\/#website\",\"url\":\"https:\\\/\\\/tilk.bio\\\/et\\\/\",\"name\":\"Tilk!\",\"description\":\"Keskkonnas\u00f5bralik ja j\u00e4tkusuutlik looduskosmeetika Saaremaalt.\",\"potentialAction\":[{\"@type\":\"SearchAction\",\"target\":{\"@type\":\"EntryPoint\",\"urlTemplate\":\"https:\\\/\\\/tilk.bio\\\/et\\\/?s={search_term_string}\"},\"query-input\":{\"@type\":\"PropertyValueSpecification\",\"valueRequired\":true,\"valueName\":\"search_term_string\"}}],\"inLanguage\":\"et\"}]}<\/script>\n<!-- \/ Yoast SEO plugin. -->","yoast_head_json":{"title":"N\u00e4opuhastus - niisutav musta k\u00fc\u00fcslaugu puhastuskreem","description":"N\u00e4opuhastus - niisutav musta k\u00fc\u00fcslaugu puhastuskreem kassinaeriga sobib ideaalselt igap\u00e4evaseks naha puhastamiseks, andes n\u00e4ole v\u00e4rske ja puhta tunde.","robots":{"index":"index","follow":"follow","max-snippet":"max-snippet:-1","max-image-preview":"max-image-preview:large","max-video-preview":"max-video-preview:-1"},"canonical":"https:\/\/tilk.bio\/et\/pood\/niisutav-musta-kuuslaugu-puhastuskreem-kassinaeriga-koigile-nahatuupidele\/","og_locale":"et_EE","og_type":"article","og_title":"N\u00e4opuhastus - niisutav musta k\u00fc\u00fcslaugu puhastuskreem","og_description":"N\u00e4opuhastus - niisutav musta k\u00fc\u00fcslaugu puhastuskreem kassinaeriga sobib ideaalselt igap\u00e4evaseks naha puhastamiseks, andes n\u00e4ole v\u00e4rske ja puhta tunde.","og_url":"https:\/\/tilk.bio\/et\/pood\/niisutav-musta-kuuslaugu-puhastuskreem-kassinaeriga-koigile-nahatuupidele\/","og_site_name":"Tilk!","article_publisher":"https:\/\/www.facebook.com\/tilk.bio\/","article_modified_time":"2026-05-11T14:15:05+00:00","og_image":[{"width":1200,"height":1200,"url":"https:\/\/tilk.bio\/wp-content\/uploads\/2021\/09\/labpuhastuskreem.jpg","type":"image\/jpeg"}],"twitter_card":"summary_large_image","twitter_misc":{"Est. reading time":"1 minut"},"schema":{"@context":"https:\/\/schema.org","@graph":[{"@type":"WebPage","@id":"https:\/\/tilk.bio\/et\/pood\/niisutav-musta-kuuslaugu-puhastuskreem-kassinaeriga-koigile-nahatuupidele\/","url":"https:\/\/tilk.bio\/et\/pood\/niisutav-musta-kuuslaugu-puhastuskreem-kassinaeriga-koigile-nahatuupidele\/","name":"N\u00e4opuhastus - niisutav musta k\u00fc\u00fcslaugu puhastuskreem","isPartOf":{"@id":"https:\/\/tilk.bio\/et\/#website"},"primaryImageOfPage":{"@id":"https:\/\/tilk.bio\/et\/pood\/niisutav-musta-kuuslaugu-puhastuskreem-kassinaeriga-koigile-nahatuupidele\/#primaryimage"},"image":{"@id":"https:\/\/tilk.bio\/et\/pood\/niisutav-musta-kuuslaugu-puhastuskreem-kassinaeriga-koigile-nahatuupidele\/#primaryimage"},"thumbnailUrl":"https:\/\/tilk.bio\/wp-content\/uploads\/2021\/09\/E4R1026-ruut.jpg","datePublished":"2021-09-16T07:30:31+00:00","dateModified":"2026-05-11T14:15:05+00:00","description":"N\u00e4opuhastus - niisutav musta k\u00fc\u00fcslaugu puhastuskreem kassinaeriga sobib ideaalselt igap\u00e4evaseks naha puhastamiseks, andes n\u00e4ole v\u00e4rske ja puhta tunde.","breadcrumb":{"@id":"https:\/\/tilk.bio\/et\/pood\/niisutav-musta-kuuslaugu-puhastuskreem-kassinaeriga-koigile-nahatuupidele\/#breadcrumb"},"inLanguage":"et","potentialAction":[{"@type":"ReadAction","target":["https:\/\/tilk.bio\/et\/pood\/niisutav-musta-kuuslaugu-puhastuskreem-kassinaeriga-koigile-nahatuupidele\/"]}]},{"@type":"ImageObject","inLanguage":"et","@id":"https:\/\/tilk.bio\/et\/pood\/niisutav-musta-kuuslaugu-puhastuskreem-kassinaeriga-koigile-nahatuupidele\/#primaryimage","url":"https:\/\/tilk.bio\/wp-content\/uploads\/2021\/09\/E4R1026-ruut.jpg","contentUrl":"https:\/\/tilk.bio\/wp-content\/uploads\/2021\/09\/E4R1026-ruut.jpg","width":2048,"height":2048},{"@type":"BreadcrumbList","@id":"https:\/\/tilk.bio\/et\/pood\/niisutav-musta-kuuslaugu-puhastuskreem-kassinaeriga-koigile-nahatuupidele\/#breadcrumb","itemListElement":[{"@type":"ListItem","position":1,"name":"Home","item":"https:\/\/tilk.bio\/et\/"},{"@type":"ListItem","position":2,"name":"Pood","item":"https:\/\/tilk.bio\/et\/pood\/"},{"@type":"ListItem","position":3,"name":"Niisutav musta k\u00fc\u00fcslaugu puhastuskreem teepuu\u00f5liga k\u00f5igile nahat\u00fc\u00fcpidele"}]},{"@type":"WebSite","@id":"https:\/\/tilk.bio\/et\/#website","url":"https:\/\/tilk.bio\/et\/","name":"Tilk!","description":"Keskkonnas\u00f5bralik ja j\u00e4tkusuutlik looduskosmeetika Saaremaalt.","potentialAction":[{"@type":"SearchAction","target":{"@type":"EntryPoint","urlTemplate":"https:\/\/tilk.bio\/et\/?s={search_term_string}"},"query-input":{"@type":"PropertyValueSpecification","valueRequired":true,"valueName":"search_term_string"}}],"inLanguage":"et"}]}},"_links":{"self":[{"href":"https:\/\/tilk.bio\/et\/wp-json\/wp\/v2\/product\/56790","targetHints":{"allow":["GET"]}}],"collection":[{"href":"https:\/\/tilk.bio\/et\/wp-json\/wp\/v2\/product"}],"about":[{"href":"https:\/\/tilk.bio\/et\/wp-json\/wp\/v2\/types\/product"}],"replies":[{"embeddable":true,"href":"https:\/\/tilk.bio\/et\/wp-json\/wp\/v2\/comments?post=56790"}],"wp:featuredmedia":[{"embeddable":true,"href":"https:\/\/tilk.bio\/et\/wp-json\/wp\/v2\/media\/77081"}],"wp:attachment":[{"href":"https:\/\/tilk.bio\/et\/wp-json\/wp\/v2\/media?parent=56790"}],"wp:term":[{"taxonomy":"product_brand","embeddable":true,"href":"https:\/\/tilk.bio\/et\/wp-json\/wp\/v2\/product_brand?post=56790"},{"taxonomy":"product_cat","embeddable":true,"href":"https:\/\/tilk.bio\/et\/wp-json\/wp\/v2\/product_cat?post=56790"},{"taxonomy":"product_tag","embeddable":true,"href":"https:\/\/tilk.bio\/et\/wp-json\/wp\/v2\/product_tag?post=56790"}],"curies":[{"name":"wp","href":"https:\/\/api.w.org\/{rel}","templated":true}]}}