{"id":56800,"date":"2021-09-16T10:36:02","date_gmt":"2021-09-16T07:36:02","guid":{"rendered":"https:\/\/tilk.bio\/shop\/vananemisvastane-astelpajuga-kuuslauguseerum\/"},"modified":"2026-04-15T12:30:05","modified_gmt":"2026-04-15T09:30:05","slug":"vananemisvastane-astelpajuga-kuuslauguseerum","status":"publish","type":"product","link":"https:\/\/tilk.bio\/et\/pood\/vananemisvastane-astelpajuga-kuuslauguseerum\/","title":{"rendered":"Vananemisvastane antioks\u00fcdantidega n\u00e4oseerum astelpaju ja musta k\u00fc\u00fcslaugu ekstraktiga"},"content":{"rendered":"<p>Astelpajuga seerum n\u00e4ole on vananemisvastase toimega, niisutav ja toitev naha v\u00e4rskendaja. Seerum sisaldab palju antioks\u00fcdante, mis aitavad vananemisilminguid v\u00e4hendada, nahka uuendada ning seda keskkondlike m\u00f5jude eest kaitsta. Seerum sisaldab ka palju vitamiine ja \u00f5lisid, mis nahka toidavad ja niisutavad.<\/p>\n<p>Must k\u00fc\u00fcslauk on tugev antioks\u00fcdant, sest t\u00e4nu spetsiaalsele valmistamisprotsessile t\u00f5useb selles m\u00e4rgatavalt fenoolsete vormide sisaldus. Fenoolsed \u00fchendid on olulised antioks\u00fcdandid vabade radikaalidega v\u00f5itlemisel, mis t\u00e4hendab, et need \u00fchendid aitavad v\u00f5idelda naha enneaegse vananemisprotsessi vastu. Musta k\u00fc\u00fcslaugu toimeained aitavad ka nahka uuendada ja taastada ning kaitsta seda keskkonna kahjulike m\u00f5jude eest.<\/p>\n<p>Rikkalik nisuidu\u00f5li pidurdab naha vananemisprotsessi, on s\u00fcgavniisutav E-vitamiini allikas ning \u00f5li looduslik p\u00e4ikesekaitse efekt aitab ka v\u00e4hendada naha \u00e4rritust. Kookos\u00f5li on suurep\u00e4rane niisutaja ja pehmendaja ning kanepi\u00f5li sisaldab nahale vajalikke rasvhappeid, mis toidavad ja niisutavad kuiva ja \u00f5rna nahka. Seerumis sisalduv astelpaju\u00f5li viib nahakihtidesse C-, E-, K- ja P-vitamiinid, muutes naha siidpehmeks. Seerumisse on lisatud k\u00fclluslikult E-vitamiini, mis aitab kaasa naharakkude uuenemisele ja toetab v\u00f5itlust vabade radikaalidega, pidurdades seel\u00e4bi vananemisprotsessi.<\/p>\n<p>K\u00f5ik n\u00e4oseerumi koostisosad on looduslikku p\u00e4ritolu ja vegan. Seerum on Taltechi teadlastega koost\u00f6\u00f6s valminud innovaatiline nahahooldustoode, mis \u00fchendab endas Korea iidsete traditsioonide j\u00e4rgi valmistatud Eestimaa musta k\u00fc\u00fcslaugu ja kaasaegse teaduse l\u00e4henemist looduskosmeetikale.<\/p>\n<p class=\"p1\"><b>Kasutamine:<\/b><b><\/b><\/p>\n<p class=\"p1\">N\u00e4o\u00f5li saab kasutada mitmel viisil s\u00f5ltuvalt nahat\u00fc\u00fcbist ja eelistustest. Siin on m\u00f5ned peamised soovitused, kuidas n\u00e4o\u00f5li n\u00e4ohooldusesse lisada:<\/p>\n<ol class=\"ol1\">\n<li class=\"li1\"><b>Kreemi j\u00e4rel<\/b>: P\u00e4rast <a href=\"https:\/\/tilk.bio\/et\/tootekategooria\/naohooldus\/naokreem\/\">n\u00e4okreemi<\/a> pealekandmist v\u00f5ib lisada \u00f5hukese kihi n\u00e4o\u00f5li, mis aitab niiskust nahas lukustada. See sobib h\u00e4sti kuivale ja normaalsele nahale.<\/li>\n<li class=\"li1\"><b>N\u00e4okreemiga segamine<\/b>: Kui soovid \u00f5rna s\u00e4ra ja pehmendavat toimet, v\u00f5id lisada paar tilka n\u00e4o\u00f5li oma n\u00e4okreemi hulka ja kanda m\u00f5lemad korraga nahale.<\/li>\n<li class=\"li1\"><b>\u00d6iseks kasutamiseks:<\/b> N\u00e4o\u00f5li v\u00f5ib kasutada \u00f6\u00f6sel niisutajana, eriti talvisel ajal ja kuivale nahale. <b><\/b>See aitab hommikuks naha siledamaks ja elastsemaks muuta.<\/li>\n<li class=\"li1\"><b>Massaa\u017eiks<\/b>: N\u00e4o\u00f5li on suurep\u00e4rane n\u00e4omassaa\u017ei tegemiseks, kuna see v\u00e4hendab h\u00f5\u00f5rdumist ja aitab vereringet parandada.<\/li>\n<li class=\"li1\"><b>Ainult kuivematele piirkondadele<\/b>: Kui sul on kombineeritud nahk, v\u00f5id \u00f5li kanda ainult kuivematele aladele (n\u00e4iteks p\u00f5sed), j\u00e4ttes rasusemad alad puutumata.<\/li>\n<\/ol>\n<p class=\"p1\">Paar \u00fcldist nippi:<\/p>\n<ul class=\"ul1\">\n<li class=\"li1\">Kasuta \u00f5li alati p\u00e4rast vee baasil seerumeid ja niisutajaid, sest \u00f5li toimib t\u00f5kkena, mis takistab vee aurustumist nahast.<\/li>\n<li class=\"li1\">Alusta 2-3 tilgast ja kohanda kogust vastavalt vajadusele.<\/li>\n<\/ul>\n<p>Hoiustamine: Hoiusta toatemperatuuril ja kaitstuna otsese p\u00e4ikesevalguse eest.<\/p>\n<p>Kogus: 15ml<\/p>\n","protected":false},"excerpt":{"rendered":"<p>Astelpajuga seerum n\u00e4ole on vananemisvastase toimega, niisutav ja toitev naha v\u00e4rskendaja. Seerum sisaldab palju antioks\u00fcdante, mis aitavad vananemisilminguid v\u00e4hendada, nahka uuendada ning seda keskkondlike m\u00f5jude eest kaitsta. Seerum sisaldab ka palju vitamiine ja \u00f5lisid, mis nahka toidavad ja niisutavad. Must k\u00fc\u00fcslauk on tugev antioks\u00fcdant, sest t\u00e4nu spetsiaalsele valmistamisprotsessile t\u00f5useb selles m\u00e4rgatavalt fenoolsete vormide sisaldus. Fenoolsed&#8230;<\/p>\n","protected":false},"featured_media":77060,"comment_status":"open","ping_status":"closed","template":"","meta":{"_acf_changed":false},"product_brand":[],"product_cat":[532,494,389,689,724,511,690,688],"product_tag":[],"class_list":{"0":"post-56800","1":"product","2":"type-product","3":"status-publish","4":"has-post-thumbnail","6":"product_cat-naooli","7":"product_cat-klientide-lemmikud","8":"product_cat-koik-tooted","9":"product_cat-kuiv-nahk","10":"product_cat-must-kuuslauk","11":"product_cat-naohooldus","12":"product_cat-tundlik-nahk","13":"product_cat-vananemisilmingutega-nahk","15":"first","16":"instock","17":"taxable","18":"shipping-taxable","19":"purchasable","20":"product-type-simple"},"acf":[],"yoast_head":"<!-- This site is optimized with the Yoast SEO plugin v27.4 - https:\/\/yoast.com\/product\/yoast-seo-wordpress\/ -->\n<title>Vananemisvastane seerum astelpajuga<\/title>\n<meta name=\"description\" content=\"Astelpajuga seerum n\u00e4ole on vananemisvastase toimega, niisutav ja toitev naha v\u00e4rskendaja. Seerum sisaldab palju antioks\u00fcdante.\" \/>\n<meta name=\"robots\" content=\"index, follow, max-snippet:-1, max-image-preview:large, max-video-preview:-1\" \/>\n<link rel=\"canonical\" href=\"https:\/\/tilk.bio\/et\/pood\/vananemisvastane-astelpajuga-kuuslauguseerum\/\" \/>\n<meta property=\"og:locale\" content=\"et_EE\" \/>\n<meta property=\"og:type\" content=\"article\" \/>\n<meta property=\"og:title\" content=\"Vananemisvastane seerum astelpajuga\" \/>\n<meta property=\"og:description\" content=\"Astelpajuga seerum n\u00e4ole on vananemisvastase toimega, niisutav ja toitev naha v\u00e4rskendaja. Seerum sisaldab palju antioks\u00fcdante.\" \/>\n<meta property=\"og:url\" content=\"https:\/\/tilk.bio\/et\/pood\/vananemisvastane-astelpajuga-kuuslauguseerum\/\" \/>\n<meta property=\"og:site_name\" content=\"Tilk!\" \/>\n<meta property=\"article:publisher\" content=\"https:\/\/www.facebook.com\/tilk.bio\/\" \/>\n<meta property=\"article:modified_time\" content=\"2026-04-15T09:30:05+00:00\" \/>\n<meta property=\"og:image\" content=\"https:\/\/tilk.bio\/wp-content\/uploads\/2021\/09\/Untitled-design-3.jpg\" \/>\n\t<meta property=\"og:image:width\" content=\"1200\" \/>\n\t<meta property=\"og:image:height\" content=\"1200\" \/>\n\t<meta property=\"og:image:type\" content=\"image\/jpeg\" \/>\n<meta name=\"twitter:card\" content=\"summary_large_image\" \/>\n<meta name=\"twitter:label1\" content=\"Est. reading time\" \/>\n\t<meta name=\"twitter:data1\" content=\"2 minutit\" \/>\n<script type=\"application\/ld+json\" class=\"yoast-schema-graph\">{\"@context\":\"https:\\\/\\\/schema.org\",\"@graph\":[{\"@type\":\"WebPage\",\"@id\":\"https:\\\/\\\/tilk.bio\\\/et\\\/pood\\\/vananemisvastane-astelpajuga-kuuslauguseerum\\\/\",\"url\":\"https:\\\/\\\/tilk.bio\\\/et\\\/pood\\\/vananemisvastane-astelpajuga-kuuslauguseerum\\\/\",\"name\":\"Vananemisvastane seerum astelpajuga\",\"isPartOf\":{\"@id\":\"https:\\\/\\\/tilk.bio\\\/et\\\/#website\"},\"primaryImageOfPage\":{\"@id\":\"https:\\\/\\\/tilk.bio\\\/et\\\/pood\\\/vananemisvastane-astelpajuga-kuuslauguseerum\\\/#primaryimage\"},\"image\":{\"@id\":\"https:\\\/\\\/tilk.bio\\\/et\\\/pood\\\/vananemisvastane-astelpajuga-kuuslauguseerum\\\/#primaryimage\"},\"thumbnailUrl\":\"https:\\\/\\\/tilk.bio\\\/wp-content\\\/uploads\\\/2021\\\/09\\\/Untitled-design-3.jpg\",\"datePublished\":\"2021-09-16T07:36:02+00:00\",\"dateModified\":\"2026-04-15T09:30:05+00:00\",\"description\":\"Astelpajuga seerum n\u00e4ole on vananemisvastase toimega, niisutav ja toitev naha v\u00e4rskendaja. Seerum sisaldab palju antioks\u00fcdante.\",\"breadcrumb\":{\"@id\":\"https:\\\/\\\/tilk.bio\\\/et\\\/pood\\\/vananemisvastane-astelpajuga-kuuslauguseerum\\\/#breadcrumb\"},\"inLanguage\":\"et\",\"potentialAction\":[{\"@type\":\"ReadAction\",\"target\":[\"https:\\\/\\\/tilk.bio\\\/et\\\/pood\\\/vananemisvastane-astelpajuga-kuuslauguseerum\\\/\"]}]},{\"@type\":\"ImageObject\",\"inLanguage\":\"et\",\"@id\":\"https:\\\/\\\/tilk.bio\\\/et\\\/pood\\\/vananemisvastane-astelpajuga-kuuslauguseerum\\\/#primaryimage\",\"url\":\"https:\\\/\\\/tilk.bio\\\/wp-content\\\/uploads\\\/2021\\\/09\\\/Untitled-design-3.jpg\",\"contentUrl\":\"https:\\\/\\\/tilk.bio\\\/wp-content\\\/uploads\\\/2021\\\/09\\\/Untitled-design-3.jpg\",\"width\":1200,\"height\":1200},{\"@type\":\"BreadcrumbList\",\"@id\":\"https:\\\/\\\/tilk.bio\\\/et\\\/pood\\\/vananemisvastane-astelpajuga-kuuslauguseerum\\\/#breadcrumb\",\"itemListElement\":[{\"@type\":\"ListItem\",\"position\":1,\"name\":\"Home\",\"item\":\"https:\\\/\\\/tilk.bio\\\/et\\\/\"},{\"@type\":\"ListItem\",\"position\":2,\"name\":\"Pood\",\"item\":\"https:\\\/\\\/tilk.bio\\\/et\\\/pood\\\/\"},{\"@type\":\"ListItem\",\"position\":3,\"name\":\"Vananemisvastane antioks\u00fcdantidega n\u00e4oseerum astelpaju ja musta k\u00fc\u00fcslaugu ekstraktiga\"}]},{\"@type\":\"WebSite\",\"@id\":\"https:\\\/\\\/tilk.bio\\\/et\\\/#website\",\"url\":\"https:\\\/\\\/tilk.bio\\\/et\\\/\",\"name\":\"Tilk!\",\"description\":\"Keskkonnas\u00f5bralik ja j\u00e4tkusuutlik looduskosmeetika Saaremaalt.\",\"potentialAction\":[{\"@type\":\"SearchAction\",\"target\":{\"@type\":\"EntryPoint\",\"urlTemplate\":\"https:\\\/\\\/tilk.bio\\\/et\\\/?s={search_term_string}\"},\"query-input\":{\"@type\":\"PropertyValueSpecification\",\"valueRequired\":true,\"valueName\":\"search_term_string\"}}],\"inLanguage\":\"et\"}]}<\/script>\n<!-- \/ Yoast SEO plugin. -->","yoast_head_json":{"title":"Vananemisvastane seerum astelpajuga","description":"Astelpajuga seerum n\u00e4ole on vananemisvastase toimega, niisutav ja toitev naha v\u00e4rskendaja. Seerum sisaldab palju antioks\u00fcdante.","robots":{"index":"index","follow":"follow","max-snippet":"max-snippet:-1","max-image-preview":"max-image-preview:large","max-video-preview":"max-video-preview:-1"},"canonical":"https:\/\/tilk.bio\/et\/pood\/vananemisvastane-astelpajuga-kuuslauguseerum\/","og_locale":"et_EE","og_type":"article","og_title":"Vananemisvastane seerum astelpajuga","og_description":"Astelpajuga seerum n\u00e4ole on vananemisvastase toimega, niisutav ja toitev naha v\u00e4rskendaja. Seerum sisaldab palju antioks\u00fcdante.","og_url":"https:\/\/tilk.bio\/et\/pood\/vananemisvastane-astelpajuga-kuuslauguseerum\/","og_site_name":"Tilk!","article_publisher":"https:\/\/www.facebook.com\/tilk.bio\/","article_modified_time":"2026-04-15T09:30:05+00:00","og_image":[{"width":1200,"height":1200,"url":"https:\/\/tilk.bio\/wp-content\/uploads\/2021\/09\/Untitled-design-3.jpg","type":"image\/jpeg"}],"twitter_card":"summary_large_image","twitter_misc":{"Est. reading time":"2 minutit"},"schema":{"@context":"https:\/\/schema.org","@graph":[{"@type":"WebPage","@id":"https:\/\/tilk.bio\/et\/pood\/vananemisvastane-astelpajuga-kuuslauguseerum\/","url":"https:\/\/tilk.bio\/et\/pood\/vananemisvastane-astelpajuga-kuuslauguseerum\/","name":"Vananemisvastane seerum astelpajuga","isPartOf":{"@id":"https:\/\/tilk.bio\/et\/#website"},"primaryImageOfPage":{"@id":"https:\/\/tilk.bio\/et\/pood\/vananemisvastane-astelpajuga-kuuslauguseerum\/#primaryimage"},"image":{"@id":"https:\/\/tilk.bio\/et\/pood\/vananemisvastane-astelpajuga-kuuslauguseerum\/#primaryimage"},"thumbnailUrl":"https:\/\/tilk.bio\/wp-content\/uploads\/2021\/09\/Untitled-design-3.jpg","datePublished":"2021-09-16T07:36:02+00:00","dateModified":"2026-04-15T09:30:05+00:00","description":"Astelpajuga seerum n\u00e4ole on vananemisvastase toimega, niisutav ja toitev naha v\u00e4rskendaja. Seerum sisaldab palju antioks\u00fcdante.","breadcrumb":{"@id":"https:\/\/tilk.bio\/et\/pood\/vananemisvastane-astelpajuga-kuuslauguseerum\/#breadcrumb"},"inLanguage":"et","potentialAction":[{"@type":"ReadAction","target":["https:\/\/tilk.bio\/et\/pood\/vananemisvastane-astelpajuga-kuuslauguseerum\/"]}]},{"@type":"ImageObject","inLanguage":"et","@id":"https:\/\/tilk.bio\/et\/pood\/vananemisvastane-astelpajuga-kuuslauguseerum\/#primaryimage","url":"https:\/\/tilk.bio\/wp-content\/uploads\/2021\/09\/Untitled-design-3.jpg","contentUrl":"https:\/\/tilk.bio\/wp-content\/uploads\/2021\/09\/Untitled-design-3.jpg","width":1200,"height":1200},{"@type":"BreadcrumbList","@id":"https:\/\/tilk.bio\/et\/pood\/vananemisvastane-astelpajuga-kuuslauguseerum\/#breadcrumb","itemListElement":[{"@type":"ListItem","position":1,"name":"Home","item":"https:\/\/tilk.bio\/et\/"},{"@type":"ListItem","position":2,"name":"Pood","item":"https:\/\/tilk.bio\/et\/pood\/"},{"@type":"ListItem","position":3,"name":"Vananemisvastane antioks\u00fcdantidega n\u00e4oseerum astelpaju ja musta k\u00fc\u00fcslaugu ekstraktiga"}]},{"@type":"WebSite","@id":"https:\/\/tilk.bio\/et\/#website","url":"https:\/\/tilk.bio\/et\/","name":"Tilk!","description":"Keskkonnas\u00f5bralik ja j\u00e4tkusuutlik looduskosmeetika Saaremaalt.","potentialAction":[{"@type":"SearchAction","target":{"@type":"EntryPoint","urlTemplate":"https:\/\/tilk.bio\/et\/?s={search_term_string}"},"query-input":{"@type":"PropertyValueSpecification","valueRequired":true,"valueName":"search_term_string"}}],"inLanguage":"et"}]}},"_links":{"self":[{"href":"https:\/\/tilk.bio\/et\/wp-json\/wp\/v2\/product\/56800","targetHints":{"allow":["GET"]}}],"collection":[{"href":"https:\/\/tilk.bio\/et\/wp-json\/wp\/v2\/product"}],"about":[{"href":"https:\/\/tilk.bio\/et\/wp-json\/wp\/v2\/types\/product"}],"replies":[{"embeddable":true,"href":"https:\/\/tilk.bio\/et\/wp-json\/wp\/v2\/comments?post=56800"}],"wp:featuredmedia":[{"embeddable":true,"href":"https:\/\/tilk.bio\/et\/wp-json\/wp\/v2\/media\/77060"}],"wp:attachment":[{"href":"https:\/\/tilk.bio\/et\/wp-json\/wp\/v2\/media?parent=56800"}],"wp:term":[{"taxonomy":"product_brand","embeddable":true,"href":"https:\/\/tilk.bio\/et\/wp-json\/wp\/v2\/product_brand?post=56800"},{"taxonomy":"product_cat","embeddable":true,"href":"https:\/\/tilk.bio\/et\/wp-json\/wp\/v2\/product_cat?post=56800"},{"taxonomy":"product_tag","embeddable":true,"href":"https:\/\/tilk.bio\/et\/wp-json\/wp\/v2\/product_tag?post=56800"}],"curies":[{"name":"wp","href":"https:\/\/api.w.org\/{rel}","templated":true}]}}