{"id":56803,"date":"2021-10-31T10:42:06","date_gmt":"2021-10-31T08:42:06","guid":{"rendered":"https:\/\/tilk.bio\/shop\/niisutav-kurkumi-naotoonik-b5-vitamiiniga\/"},"modified":"2026-04-14T16:45:26","modified_gmt":"2026-04-14T13:45:26","slug":"niisutav-kurkumi-naotoonik-b5-vitamiiniga","status":"publish","type":"product","link":"https:\/\/tilk.bio\/et\/pood\/niisutav-kurkumi-naotoonik-b5-vitamiiniga\/","title":{"rendered":"Niisutav kurkumi n\u00e4otoonik B5-vitamiiniga"},"content":{"rendered":"<p>Niisutav kurkumi n\u00e4otoonik B5-vitamiiniga\u00a0 (pantoteenhape) on t\u00e4nu oma suurele antioks\u00fcdantide sisaldusele ideaalne vananemisvastane vahend. <a href=\"https:\/\/tilk.bio\/et\/tootekategooria\/naohooldus\/naoveed\/\">Tooniku<\/a> koostises on kummel, mist\u00f5ttu sobib see h\u00e4sti naha rahustamiseks ja uuendamiseks. B-vitamiiniga n\u00e4otoonik sobib ka ideaalselt esimeste vananemisilmingutega naha hoolduse osaks.<\/p>\n<p>Kummel pehmendab ja uuendab nahka, ravib s\u00fcgelust, komedoone ja aknet. Kummeli \u00f5ites peituv hamasuleen m\u00f5jub p\u00f5letikke takistavalt ja vigastatud kudesid parandavalt. Kurkumis sisalduv kurkumiin on tugevate antioks\u00fcdantsete omadustega. Kurkumil on lisaks ka p\u00f5letikuvastased ning antibakteriaalsed omadused, ta on osaline kollageeni s\u00fcnteesis \u2013 k\u00f5ik see kokku teeb kurkumist tugeva vananemisvastase komponendi ning suure naha parandaja, taastaja ja rahustaja. Suurep\u00e4raste omadustega B5-vitamiin pakub nahale s\u00fcgavniisutavat toimet ning aitab nahal taastuda ning rahustab nahka. Vitamiin B5 aitab nahal niiskust ligi meelitada ja seda nahas hoida, pakkudes samal ajal kaitset ja aidates kaasa loomulikele paranemisprotsessidele. N\u00e4ovesi sobib naha pH tasakaalustamiseks, puhastamiseks ja v\u00e4rskendamiseks.<\/p>\n<p><strong>Kasutamine:<\/strong> Pihusta n\u00e4ole p\u00e4rast meigi eemaldamist ja enne kreemi pealepanekut. N\u00e4o puhastamiseks pihusta n\u00e4otoonikut (korduvkasutatavale) meigieemalduspadjakesele ja puhasta n\u00e4gu mustusest.<\/p>\n<p>K\u00f5ik n\u00e4otooniku koostisosad on looduslikku p\u00e4ritolu ja vegan. Toonik on Taltechi teadlastega koost\u00f6\u00f6s valminud innovaatiline nahahooldustoode, milles oleme kasutanud kaasaegse teaduse l\u00e4henemist looduskosmeetikale.<\/p>\n<p>Hoiustamine: Hoiusta n\u00e4otoonikut toatemperatuuril.<\/p>\n<p>Kogus: 60ml<\/p>\n","protected":false},"excerpt":{"rendered":"<p>Niisutav kurkumi n\u00e4otoonik B5-vitamiiniga\u00a0 (pantoteenhape) on t\u00e4nu oma suurele antioks\u00fcdantide sisaldusele ideaalne vananemisvastane vahend. Tooniku koostises on kummel, mist\u00f5ttu sobib see h\u00e4sti naha rahustamiseks ja uuendamiseks. B-vitamiiniga n\u00e4otoonik sobib ka ideaalselt esimeste vananemisilmingutega naha hoolduse osaks. Kummel pehmendab ja uuendab nahka, ravib s\u00fcgelust, komedoone ja aknet. Kummeli \u00f5ites peituv hamasuleen m\u00f5jub p\u00f5letikke takistavalt ja vigastatud&#8230;<\/p>\n","protected":false},"featured_media":76915,"comment_status":"open","ping_status":"closed","template":"","meta":{"_acf_changed":false},"product_brand":[],"product_cat":[611,389,689,926,724,511,692,691,690,688],"product_tag":[],"class_list":{"0":"post-56803","1":"product","2":"type-product","3":"status-publish","4":"has-post-thumbnail","6":"product_cat-naoveed","7":"product_cat-koik-tooted","8":"product_cat-kuiv-nahk","9":"product_cat-lopumuuk","10":"product_cat-must-kuuslauk","11":"product_cat-naohooldus","12":"product_cat-normaalne-ja-kombineeritud-nahk","13":"product_cat-tekstuuri-ja-tooniprobleemidega-nahk","14":"product_cat-tundlik-nahk","15":"product_cat-vananemisilmingutega-nahk","17":"first","18":"instock","19":"taxable","20":"shipping-taxable","21":"purchasable","22":"product-type-variable"},"acf":[],"yoast_head":"<!-- This site is optimized with the Yoast SEO plugin v27.4 - https:\/\/yoast.com\/product\/yoast-seo-wordpress\/ -->\n<title>Niisutav kurkumi n\u00e4otoonik B5-vitamiiniga (pantoteenhape)<\/title>\n<meta name=\"description\" content=\"Niisutav kurkumi n\u00e4otoonik B5-vitamiiniga\u00a0 (pantoteenhape) on t\u00e4nu oma suurele antioks\u00fcdantide sisaldusele ideaalne vananemisvastane vahend.\" \/>\n<meta name=\"robots\" content=\"index, follow, max-snippet:-1, max-image-preview:large, max-video-preview:-1\" \/>\n<link rel=\"canonical\" href=\"https:\/\/tilk.bio\/et\/pood\/niisutav-kurkumi-naotoonik-b5-vitamiiniga\/\" \/>\n<meta property=\"og:locale\" content=\"et_EE\" \/>\n<meta property=\"og:type\" content=\"article\" \/>\n<meta property=\"og:title\" content=\"Niisutav kurkumi n\u00e4otoonik B5-vitamiiniga (pantoteenhape)\" \/>\n<meta property=\"og:description\" content=\"Niisutav kurkumi n\u00e4otoonik B5-vitamiiniga\u00a0 (pantoteenhape) on t\u00e4nu oma suurele antioks\u00fcdantide sisaldusele ideaalne vananemisvastane vahend.\" \/>\n<meta property=\"og:url\" content=\"https:\/\/tilk.bio\/et\/pood\/niisutav-kurkumi-naotoonik-b5-vitamiiniga\/\" \/>\n<meta property=\"og:site_name\" content=\"Tilk!\" \/>\n<meta property=\"article:publisher\" content=\"https:\/\/www.facebook.com\/tilk.bio\/\" \/>\n<meta property=\"article:modified_time\" content=\"2026-04-14T13:45:26+00:00\" \/>\n<meta property=\"og:image\" content=\"https:\/\/tilk.bio\/wp-content\/uploads\/2021\/10\/labtoonik-1.jpg\" \/>\n\t<meta property=\"og:image:width\" content=\"1200\" \/>\n\t<meta property=\"og:image:height\" content=\"1200\" \/>\n\t<meta property=\"og:image:type\" content=\"image\/jpeg\" \/>\n<meta name=\"twitter:card\" content=\"summary_large_image\" \/>\n<meta name=\"twitter:label1\" content=\"Est. reading time\" \/>\n\t<meta name=\"twitter:data1\" content=\"1 minut\" \/>\n<script type=\"application\/ld+json\" class=\"yoast-schema-graph\">{\"@context\":\"https:\\\/\\\/schema.org\",\"@graph\":[{\"@type\":\"WebPage\",\"@id\":\"https:\\\/\\\/tilk.bio\\\/et\\\/pood\\\/niisutav-kurkumi-naotoonik-b5-vitamiiniga\\\/\",\"url\":\"https:\\\/\\\/tilk.bio\\\/et\\\/pood\\\/niisutav-kurkumi-naotoonik-b5-vitamiiniga\\\/\",\"name\":\"Niisutav kurkumi n\u00e4otoonik B5-vitamiiniga (pantoteenhape)\",\"isPartOf\":{\"@id\":\"https:\\\/\\\/tilk.bio\\\/et\\\/#website\"},\"primaryImageOfPage\":{\"@id\":\"https:\\\/\\\/tilk.bio\\\/et\\\/pood\\\/niisutav-kurkumi-naotoonik-b5-vitamiiniga\\\/#primaryimage\"},\"image\":{\"@id\":\"https:\\\/\\\/tilk.bio\\\/et\\\/pood\\\/niisutav-kurkumi-naotoonik-b5-vitamiiniga\\\/#primaryimage\"},\"thumbnailUrl\":\"https:\\\/\\\/tilk.bio\\\/wp-content\\\/uploads\\\/2021\\\/10\\\/E4R0961-ruut.jpg\",\"datePublished\":\"2021-10-31T08:42:06+00:00\",\"dateModified\":\"2026-04-14T13:45:26+00:00\",\"description\":\"Niisutav kurkumi n\u00e4otoonik B5-vitamiiniga\u00a0 (pantoteenhape) on t\u00e4nu oma suurele antioks\u00fcdantide sisaldusele ideaalne vananemisvastane vahend.\",\"breadcrumb\":{\"@id\":\"https:\\\/\\\/tilk.bio\\\/et\\\/pood\\\/niisutav-kurkumi-naotoonik-b5-vitamiiniga\\\/#breadcrumb\"},\"inLanguage\":\"et\",\"potentialAction\":[{\"@type\":\"ReadAction\",\"target\":[\"https:\\\/\\\/tilk.bio\\\/et\\\/pood\\\/niisutav-kurkumi-naotoonik-b5-vitamiiniga\\\/\"]}]},{\"@type\":\"ImageObject\",\"inLanguage\":\"et\",\"@id\":\"https:\\\/\\\/tilk.bio\\\/et\\\/pood\\\/niisutav-kurkumi-naotoonik-b5-vitamiiniga\\\/#primaryimage\",\"url\":\"https:\\\/\\\/tilk.bio\\\/wp-content\\\/uploads\\\/2021\\\/10\\\/E4R0961-ruut.jpg\",\"contentUrl\":\"https:\\\/\\\/tilk.bio\\\/wp-content\\\/uploads\\\/2021\\\/10\\\/E4R0961-ruut.jpg\",\"width\":2048,\"height\":2048},{\"@type\":\"BreadcrumbList\",\"@id\":\"https:\\\/\\\/tilk.bio\\\/et\\\/pood\\\/niisutav-kurkumi-naotoonik-b5-vitamiiniga\\\/#breadcrumb\",\"itemListElement\":[{\"@type\":\"ListItem\",\"position\":1,\"name\":\"Home\",\"item\":\"https:\\\/\\\/tilk.bio\\\/et\\\/\"},{\"@type\":\"ListItem\",\"position\":2,\"name\":\"Pood\",\"item\":\"https:\\\/\\\/tilk.bio\\\/et\\\/pood\\\/\"},{\"@type\":\"ListItem\",\"position\":3,\"name\":\"Niisutav kurkumi n\u00e4otoonik B5-vitamiiniga\"}]},{\"@type\":\"WebSite\",\"@id\":\"https:\\\/\\\/tilk.bio\\\/et\\\/#website\",\"url\":\"https:\\\/\\\/tilk.bio\\\/et\\\/\",\"name\":\"Tilk!\",\"description\":\"Keskkonnas\u00f5bralik ja j\u00e4tkusuutlik looduskosmeetika Saaremaalt.\",\"potentialAction\":[{\"@type\":\"SearchAction\",\"target\":{\"@type\":\"EntryPoint\",\"urlTemplate\":\"https:\\\/\\\/tilk.bio\\\/et\\\/?s={search_term_string}\"},\"query-input\":{\"@type\":\"PropertyValueSpecification\",\"valueRequired\":true,\"valueName\":\"search_term_string\"}}],\"inLanguage\":\"et\"}]}<\/script>\n<!-- \/ Yoast SEO plugin. -->","yoast_head_json":{"title":"Niisutav kurkumi n\u00e4otoonik B5-vitamiiniga (pantoteenhape)","description":"Niisutav kurkumi n\u00e4otoonik B5-vitamiiniga\u00a0 (pantoteenhape) on t\u00e4nu oma suurele antioks\u00fcdantide sisaldusele ideaalne vananemisvastane vahend.","robots":{"index":"index","follow":"follow","max-snippet":"max-snippet:-1","max-image-preview":"max-image-preview:large","max-video-preview":"max-video-preview:-1"},"canonical":"https:\/\/tilk.bio\/et\/pood\/niisutav-kurkumi-naotoonik-b5-vitamiiniga\/","og_locale":"et_EE","og_type":"article","og_title":"Niisutav kurkumi n\u00e4otoonik B5-vitamiiniga (pantoteenhape)","og_description":"Niisutav kurkumi n\u00e4otoonik B5-vitamiiniga\u00a0 (pantoteenhape) on t\u00e4nu oma suurele antioks\u00fcdantide sisaldusele ideaalne vananemisvastane vahend.","og_url":"https:\/\/tilk.bio\/et\/pood\/niisutav-kurkumi-naotoonik-b5-vitamiiniga\/","og_site_name":"Tilk!","article_publisher":"https:\/\/www.facebook.com\/tilk.bio\/","article_modified_time":"2026-04-14T13:45:26+00:00","og_image":[{"width":1200,"height":1200,"url":"https:\/\/tilk.bio\/wp-content\/uploads\/2021\/10\/labtoonik-1.jpg","type":"image\/jpeg"}],"twitter_card":"summary_large_image","twitter_misc":{"Est. reading time":"1 minut"},"schema":{"@context":"https:\/\/schema.org","@graph":[{"@type":"WebPage","@id":"https:\/\/tilk.bio\/et\/pood\/niisutav-kurkumi-naotoonik-b5-vitamiiniga\/","url":"https:\/\/tilk.bio\/et\/pood\/niisutav-kurkumi-naotoonik-b5-vitamiiniga\/","name":"Niisutav kurkumi n\u00e4otoonik B5-vitamiiniga (pantoteenhape)","isPartOf":{"@id":"https:\/\/tilk.bio\/et\/#website"},"primaryImageOfPage":{"@id":"https:\/\/tilk.bio\/et\/pood\/niisutav-kurkumi-naotoonik-b5-vitamiiniga\/#primaryimage"},"image":{"@id":"https:\/\/tilk.bio\/et\/pood\/niisutav-kurkumi-naotoonik-b5-vitamiiniga\/#primaryimage"},"thumbnailUrl":"https:\/\/tilk.bio\/wp-content\/uploads\/2021\/10\/E4R0961-ruut.jpg","datePublished":"2021-10-31T08:42:06+00:00","dateModified":"2026-04-14T13:45:26+00:00","description":"Niisutav kurkumi n\u00e4otoonik B5-vitamiiniga\u00a0 (pantoteenhape) on t\u00e4nu oma suurele antioks\u00fcdantide sisaldusele ideaalne vananemisvastane vahend.","breadcrumb":{"@id":"https:\/\/tilk.bio\/et\/pood\/niisutav-kurkumi-naotoonik-b5-vitamiiniga\/#breadcrumb"},"inLanguage":"et","potentialAction":[{"@type":"ReadAction","target":["https:\/\/tilk.bio\/et\/pood\/niisutav-kurkumi-naotoonik-b5-vitamiiniga\/"]}]},{"@type":"ImageObject","inLanguage":"et","@id":"https:\/\/tilk.bio\/et\/pood\/niisutav-kurkumi-naotoonik-b5-vitamiiniga\/#primaryimage","url":"https:\/\/tilk.bio\/wp-content\/uploads\/2021\/10\/E4R0961-ruut.jpg","contentUrl":"https:\/\/tilk.bio\/wp-content\/uploads\/2021\/10\/E4R0961-ruut.jpg","width":2048,"height":2048},{"@type":"BreadcrumbList","@id":"https:\/\/tilk.bio\/et\/pood\/niisutav-kurkumi-naotoonik-b5-vitamiiniga\/#breadcrumb","itemListElement":[{"@type":"ListItem","position":1,"name":"Home","item":"https:\/\/tilk.bio\/et\/"},{"@type":"ListItem","position":2,"name":"Pood","item":"https:\/\/tilk.bio\/et\/pood\/"},{"@type":"ListItem","position":3,"name":"Niisutav kurkumi n\u00e4otoonik B5-vitamiiniga"}]},{"@type":"WebSite","@id":"https:\/\/tilk.bio\/et\/#website","url":"https:\/\/tilk.bio\/et\/","name":"Tilk!","description":"Keskkonnas\u00f5bralik ja j\u00e4tkusuutlik looduskosmeetika Saaremaalt.","potentialAction":[{"@type":"SearchAction","target":{"@type":"EntryPoint","urlTemplate":"https:\/\/tilk.bio\/et\/?s={search_term_string}"},"query-input":{"@type":"PropertyValueSpecification","valueRequired":true,"valueName":"search_term_string"}}],"inLanguage":"et"}]}},"_links":{"self":[{"href":"https:\/\/tilk.bio\/et\/wp-json\/wp\/v2\/product\/56803","targetHints":{"allow":["GET"]}}],"collection":[{"href":"https:\/\/tilk.bio\/et\/wp-json\/wp\/v2\/product"}],"about":[{"href":"https:\/\/tilk.bio\/et\/wp-json\/wp\/v2\/types\/product"}],"replies":[{"embeddable":true,"href":"https:\/\/tilk.bio\/et\/wp-json\/wp\/v2\/comments?post=56803"}],"wp:featuredmedia":[{"embeddable":true,"href":"https:\/\/tilk.bio\/et\/wp-json\/wp\/v2\/media\/76915"}],"wp:attachment":[{"href":"https:\/\/tilk.bio\/et\/wp-json\/wp\/v2\/media?parent=56803"}],"wp:term":[{"taxonomy":"product_brand","embeddable":true,"href":"https:\/\/tilk.bio\/et\/wp-json\/wp\/v2\/product_brand?post=56803"},{"taxonomy":"product_cat","embeddable":true,"href":"https:\/\/tilk.bio\/et\/wp-json\/wp\/v2\/product_cat?post=56803"},{"taxonomy":"product_tag","embeddable":true,"href":"https:\/\/tilk.bio\/et\/wp-json\/wp\/v2\/product_tag?post=56803"}],"curies":[{"name":"wp","href":"https:\/\/api.w.org\/{rel}","templated":true}]}}