{"id":56818,"date":"2021-09-16T10:30:51","date_gmt":"2021-09-16T07:30:51","guid":{"rendered":"https:\/\/tilk.bio\/shop\/rahustav-musta-kuuslaugu-ja-salvei-naokreem\/"},"modified":"2026-05-11T16:30:05","modified_gmt":"2026-05-11T13:30:05","slug":"rahustav-musta-kuuslaugu-ja-salvei-naokreem","status":"publish","type":"product","link":"https:\/\/tilk.bio\/et\/pood\/rahustav-musta-kuuslaugu-ja-salvei-naokreem\/","title":{"rendered":"Niisutav musta k\u00fc\u00fcslaugu ja salvei n\u00e4okreem kombineeritud ja aknega nahale"},"content":{"rendered":"<p>Musta k\u00fc\u00fcslaugu ja salvei niisutav n\u00e4okreem sobib ideaalselt kombineeritud ja aknelise naha vajadustele. Musta k\u00fc\u00fcslaugu kreem toidab ja uuendab naharakke. Salvei ja musta k\u00fc\u00fcslaugu toimeained aitavad hoida naha loomulikku tasakaalu ning annavad sellele kauni jume. Tasakaalustatud kreem imendub kergesti naha s\u00fcgavatesse kihtidesse ning ei j\u00e4ta seda rasuseks ega l\u00e4ikivaks ja ei m\u00f5ju raskelt.<\/p>\n<p>Salvei on p\u00f5letikuvastane ning antibakteriaalne, see hoogustab naha ainevahetuse protsesse ning v\u00f5itleb vabade radikaalide vastu, hoides nahka p\u00f5letike eest ning aidates v\u00f5idelda juba tekkinud p\u00f5letikuliste protsessidega.<\/p>\n<p>Musta k\u00fc\u00fcslaugu toimeained aitavad nahka uuendada ja taastada ning kaitsta seda keskkonna kahjulike m\u00f5jude eest. Samuti on mustal k\u00fc\u00fcslaugul teaduslikult t\u00f5estatud omadused seeninfektsiooniga v\u00f5itlemiseks ning kahjulike mikroobide h\u00e4vitamiseks.<\/p>\n<p>Kurkumiini antioks\u00fcdandid on olulised naha parandamisel ja taastamisel. Astelpaju\u00f5li aitab nahal uueneda ja mikrohaavadel paraneda. See kaitseb nahka ka p\u00e4ikesekahjustuste vastu ning aitab v\u00e4hendada ultraviolettkiirgusest tulenenud p\u00f5letikke. E-vitamiin kaitseb naharakkusid vabade radikaalide eest ja toetab nende uuenemisprotsessi. Kreemi aroomis segunevad teepuu ning lavendel, neil eeterlikel \u00f5lidel on lisaks l\u00f5hna andmisele ka hea m\u00f5ju aknelisele nahale.<\/p>\n<p><strong>Musta k\u00fc\u00fcslaugu kreem &#8211; kasutamine:<\/strong> Salvei n\u00e4okreem sobib igap\u00e4evaseks naha hoolitsuseks ja naha niisutamiseks peale puhastamist. Soovitame kasutada koos <a href=\"https:\/\/tilk.bio\/et\/pood\/immortelle-naoseerum-c-vitamiini-allantoiini-ja-niatsinamiidiga\/\">Immortelle n\u00e4oseerumiga.<\/a> Kanna seerum puhtale nahale ja seej\u00e4rel kreem.<\/p>\n<p>K\u00f5ik n\u00e4okreemi koostisosad on looduslikku p\u00e4ritolu ja vegan. N\u00e4okreem on Taltechi teadlastega koost\u00f6\u00f6s valminud innovaatiline nahahooldustoode, mis \u00fchendab endas Korea iidsete traditsioonide j\u00e4rgi valmistatud Eestimaa musta k\u00fc\u00fcslaugu ja kaasaegse teaduse l\u00e4henemist looduskosmeetikale.<\/p>\n<p>Hoiustamine: Hoiusta kreemi toatemperatuuril.<\/p>\n<p>Kogus: 10ml\/50ml<\/p>\n","protected":false},"excerpt":{"rendered":"<p>Musta k\u00fc\u00fcslaugu ja salvei niisutav n\u00e4okreem sobib ideaalselt kombineeritud ja aknelise naha vajadustele. Musta k\u00fc\u00fcslaugu kreem toidab ja uuendab naharakke. Salvei ja musta k\u00fc\u00fcslaugu toimeained aitavad hoida naha loomulikku tasakaalu ning annavad sellele kauni jume. Tasakaalustatud kreem imendub kergesti naha s\u00fcgavatesse kihtidesse ning ei j\u00e4ta seda rasuseks ega l\u00e4ikivaks ja ei m\u00f5ju raskelt. Salvei on&#8230;<\/p>\n","protected":false},"featured_media":77073,"comment_status":"open","ping_status":"closed","template":"","meta":{"_acf_changed":false},"product_brand":[],"product_cat":[585,687,389,724,511,692,690],"product_tag":[],"class_list":{"0":"post-56818","1":"product","2":"type-product","3":"status-publish","4":"has-post-thumbnail","6":"product_cat-naokreem","7":"product_cat-akne-ja-rasune-nahk","8":"product_cat-koik-tooted","9":"product_cat-must-kuuslauk","10":"product_cat-naohooldus","11":"product_cat-normaalne-ja-kombineeritud-nahk","12":"product_cat-tundlik-nahk","14":"first","15":"instock","16":"taxable","17":"shipping-taxable","18":"purchasable","19":"product-type-variable"},"acf":[],"yoast_head":"<!-- This site is optimized with the Yoast SEO plugin v27.5 - https:\/\/yoast.com\/product\/yoast-seo-wordpress\/ -->\n<title>Musta k\u00fc\u00fcslaugu kreem salveiga kombineeritud nahale<\/title>\n<meta name=\"description\" content=\"Musta k\u00fc\u00fcslaugu kreem salveiga sobib ideaalselt kombineeritud naha vajadustele. Kreem toidab ja uuendab naharakke ning aitab kaasa kollageeni moodustamisele\" \/>\n<meta name=\"robots\" content=\"index, follow, max-snippet:-1, max-image-preview:large, max-video-preview:-1\" \/>\n<link rel=\"canonical\" href=\"https:\/\/tilk.bio\/et\/pood\/rahustav-musta-kuuslaugu-ja-salvei-naokreem\/\" \/>\n<meta property=\"og:locale\" content=\"et_EE\" \/>\n<meta property=\"og:type\" content=\"article\" \/>\n<meta property=\"og:title\" content=\"Musta k\u00fc\u00fcslaugu kreem salveiga kombineeritud nahale\" \/>\n<meta property=\"og:description\" content=\"Musta k\u00fc\u00fcslaugu kreem salveiga sobib ideaalselt kombineeritud naha vajadustele. Kreem toidab ja uuendab naharakke ning aitab kaasa kollageeni moodustamisele\" \/>\n<meta property=\"og:url\" content=\"https:\/\/tilk.bio\/et\/pood\/rahustav-musta-kuuslaugu-ja-salvei-naokreem\/\" \/>\n<meta property=\"og:site_name\" content=\"Tilk!\" \/>\n<meta property=\"article:publisher\" content=\"https:\/\/www.facebook.com\/tilk.bio\/\" \/>\n<meta property=\"article:modified_time\" content=\"2026-05-11T13:30:05+00:00\" \/>\n<meta property=\"og:image\" content=\"https:\/\/tilk.bio\/wp-content\/uploads\/2021\/09\/E4R1018-ruut.jpg\" \/>\n\t<meta property=\"og:image:width\" content=\"2048\" \/>\n\t<meta property=\"og:image:height\" content=\"2048\" \/>\n\t<meta property=\"og:image:type\" content=\"image\/jpeg\" \/>\n<meta name=\"twitter:card\" content=\"summary_large_image\" \/>\n<meta name=\"twitter:label1\" content=\"Est. reading time\" \/>\n\t<meta name=\"twitter:data1\" content=\"2 minutit\" \/>\n<script type=\"application\/ld+json\" class=\"yoast-schema-graph\">{\"@context\":\"https:\\\/\\\/schema.org\",\"@graph\":[{\"@type\":\"WebPage\",\"@id\":\"https:\\\/\\\/tilk.bio\\\/et\\\/pood\\\/rahustav-musta-kuuslaugu-ja-salvei-naokreem\\\/\",\"url\":\"https:\\\/\\\/tilk.bio\\\/et\\\/pood\\\/rahustav-musta-kuuslaugu-ja-salvei-naokreem\\\/\",\"name\":\"Musta k\u00fc\u00fcslaugu kreem salveiga kombineeritud nahale\",\"isPartOf\":{\"@id\":\"https:\\\/\\\/tilk.bio\\\/et\\\/#website\"},\"primaryImageOfPage\":{\"@id\":\"https:\\\/\\\/tilk.bio\\\/et\\\/pood\\\/rahustav-musta-kuuslaugu-ja-salvei-naokreem\\\/#primaryimage\"},\"image\":{\"@id\":\"https:\\\/\\\/tilk.bio\\\/et\\\/pood\\\/rahustav-musta-kuuslaugu-ja-salvei-naokreem\\\/#primaryimage\"},\"thumbnailUrl\":\"https:\\\/\\\/tilk.bio\\\/wp-content\\\/uploads\\\/2021\\\/09\\\/E4R1018-ruut.jpg\",\"datePublished\":\"2021-09-16T07:30:51+00:00\",\"dateModified\":\"2026-05-11T13:30:05+00:00\",\"description\":\"Musta k\u00fc\u00fcslaugu kreem salveiga sobib ideaalselt kombineeritud naha vajadustele. Kreem toidab ja uuendab naharakke ning aitab kaasa kollageeni moodustamisele\",\"breadcrumb\":{\"@id\":\"https:\\\/\\\/tilk.bio\\\/et\\\/pood\\\/rahustav-musta-kuuslaugu-ja-salvei-naokreem\\\/#breadcrumb\"},\"inLanguage\":\"et\",\"potentialAction\":[{\"@type\":\"ReadAction\",\"target\":[\"https:\\\/\\\/tilk.bio\\\/et\\\/pood\\\/rahustav-musta-kuuslaugu-ja-salvei-naokreem\\\/\"]}]},{\"@type\":\"ImageObject\",\"inLanguage\":\"et\",\"@id\":\"https:\\\/\\\/tilk.bio\\\/et\\\/pood\\\/rahustav-musta-kuuslaugu-ja-salvei-naokreem\\\/#primaryimage\",\"url\":\"https:\\\/\\\/tilk.bio\\\/wp-content\\\/uploads\\\/2021\\\/09\\\/E4R1018-ruut.jpg\",\"contentUrl\":\"https:\\\/\\\/tilk.bio\\\/wp-content\\\/uploads\\\/2021\\\/09\\\/E4R1018-ruut.jpg\",\"width\":2048,\"height\":2048},{\"@type\":\"BreadcrumbList\",\"@id\":\"https:\\\/\\\/tilk.bio\\\/et\\\/pood\\\/rahustav-musta-kuuslaugu-ja-salvei-naokreem\\\/#breadcrumb\",\"itemListElement\":[{\"@type\":\"ListItem\",\"position\":1,\"name\":\"Home\",\"item\":\"https:\\\/\\\/tilk.bio\\\/et\\\/\"},{\"@type\":\"ListItem\",\"position\":2,\"name\":\"Pood\",\"item\":\"https:\\\/\\\/tilk.bio\\\/et\\\/pood\\\/\"},{\"@type\":\"ListItem\",\"position\":3,\"name\":\"Niisutav musta k\u00fc\u00fcslaugu ja salvei n\u00e4okreem kombineeritud ja aknega nahale\"}]},{\"@type\":\"WebSite\",\"@id\":\"https:\\\/\\\/tilk.bio\\\/et\\\/#website\",\"url\":\"https:\\\/\\\/tilk.bio\\\/et\\\/\",\"name\":\"Tilk!\",\"description\":\"Keskkonnas\u00f5bralik ja j\u00e4tkusuutlik looduskosmeetika Saaremaalt.\",\"potentialAction\":[{\"@type\":\"SearchAction\",\"target\":{\"@type\":\"EntryPoint\",\"urlTemplate\":\"https:\\\/\\\/tilk.bio\\\/et\\\/?s={search_term_string}\"},\"query-input\":{\"@type\":\"PropertyValueSpecification\",\"valueRequired\":true,\"valueName\":\"search_term_string\"}}],\"inLanguage\":\"et\"}]}<\/script>\n<!-- \/ Yoast SEO plugin. -->","yoast_head_json":{"title":"Musta k\u00fc\u00fcslaugu kreem salveiga kombineeritud nahale","description":"Musta k\u00fc\u00fcslaugu kreem salveiga sobib ideaalselt kombineeritud naha vajadustele. Kreem toidab ja uuendab naharakke ning aitab kaasa kollageeni moodustamisele","robots":{"index":"index","follow":"follow","max-snippet":"max-snippet:-1","max-image-preview":"max-image-preview:large","max-video-preview":"max-video-preview:-1"},"canonical":"https:\/\/tilk.bio\/et\/pood\/rahustav-musta-kuuslaugu-ja-salvei-naokreem\/","og_locale":"et_EE","og_type":"article","og_title":"Musta k\u00fc\u00fcslaugu kreem salveiga kombineeritud nahale","og_description":"Musta k\u00fc\u00fcslaugu kreem salveiga sobib ideaalselt kombineeritud naha vajadustele. Kreem toidab ja uuendab naharakke ning aitab kaasa kollageeni moodustamisele","og_url":"https:\/\/tilk.bio\/et\/pood\/rahustav-musta-kuuslaugu-ja-salvei-naokreem\/","og_site_name":"Tilk!","article_publisher":"https:\/\/www.facebook.com\/tilk.bio\/","article_modified_time":"2026-05-11T13:30:05+00:00","og_image":[{"width":2048,"height":2048,"url":"https:\/\/tilk.bio\/wp-content\/uploads\/2021\/09\/E4R1018-ruut.jpg","type":"image\/jpeg"}],"twitter_card":"summary_large_image","twitter_misc":{"Est. reading time":"2 minutit"},"schema":{"@context":"https:\/\/schema.org","@graph":[{"@type":"WebPage","@id":"https:\/\/tilk.bio\/et\/pood\/rahustav-musta-kuuslaugu-ja-salvei-naokreem\/","url":"https:\/\/tilk.bio\/et\/pood\/rahustav-musta-kuuslaugu-ja-salvei-naokreem\/","name":"Musta k\u00fc\u00fcslaugu kreem salveiga kombineeritud nahale","isPartOf":{"@id":"https:\/\/tilk.bio\/et\/#website"},"primaryImageOfPage":{"@id":"https:\/\/tilk.bio\/et\/pood\/rahustav-musta-kuuslaugu-ja-salvei-naokreem\/#primaryimage"},"image":{"@id":"https:\/\/tilk.bio\/et\/pood\/rahustav-musta-kuuslaugu-ja-salvei-naokreem\/#primaryimage"},"thumbnailUrl":"https:\/\/tilk.bio\/wp-content\/uploads\/2021\/09\/E4R1018-ruut.jpg","datePublished":"2021-09-16T07:30:51+00:00","dateModified":"2026-05-11T13:30:05+00:00","description":"Musta k\u00fc\u00fcslaugu kreem salveiga sobib ideaalselt kombineeritud naha vajadustele. Kreem toidab ja uuendab naharakke ning aitab kaasa kollageeni moodustamisele","breadcrumb":{"@id":"https:\/\/tilk.bio\/et\/pood\/rahustav-musta-kuuslaugu-ja-salvei-naokreem\/#breadcrumb"},"inLanguage":"et","potentialAction":[{"@type":"ReadAction","target":["https:\/\/tilk.bio\/et\/pood\/rahustav-musta-kuuslaugu-ja-salvei-naokreem\/"]}]},{"@type":"ImageObject","inLanguage":"et","@id":"https:\/\/tilk.bio\/et\/pood\/rahustav-musta-kuuslaugu-ja-salvei-naokreem\/#primaryimage","url":"https:\/\/tilk.bio\/wp-content\/uploads\/2021\/09\/E4R1018-ruut.jpg","contentUrl":"https:\/\/tilk.bio\/wp-content\/uploads\/2021\/09\/E4R1018-ruut.jpg","width":2048,"height":2048},{"@type":"BreadcrumbList","@id":"https:\/\/tilk.bio\/et\/pood\/rahustav-musta-kuuslaugu-ja-salvei-naokreem\/#breadcrumb","itemListElement":[{"@type":"ListItem","position":1,"name":"Home","item":"https:\/\/tilk.bio\/et\/"},{"@type":"ListItem","position":2,"name":"Pood","item":"https:\/\/tilk.bio\/et\/pood\/"},{"@type":"ListItem","position":3,"name":"Niisutav musta k\u00fc\u00fcslaugu ja salvei n\u00e4okreem kombineeritud ja aknega nahale"}]},{"@type":"WebSite","@id":"https:\/\/tilk.bio\/et\/#website","url":"https:\/\/tilk.bio\/et\/","name":"Tilk!","description":"Keskkonnas\u00f5bralik ja j\u00e4tkusuutlik looduskosmeetika Saaremaalt.","potentialAction":[{"@type":"SearchAction","target":{"@type":"EntryPoint","urlTemplate":"https:\/\/tilk.bio\/et\/?s={search_term_string}"},"query-input":{"@type":"PropertyValueSpecification","valueRequired":true,"valueName":"search_term_string"}}],"inLanguage":"et"}]}},"_links":{"self":[{"href":"https:\/\/tilk.bio\/et\/wp-json\/wp\/v2\/product\/56818","targetHints":{"allow":["GET"]}}],"collection":[{"href":"https:\/\/tilk.bio\/et\/wp-json\/wp\/v2\/product"}],"about":[{"href":"https:\/\/tilk.bio\/et\/wp-json\/wp\/v2\/types\/product"}],"replies":[{"embeddable":true,"href":"https:\/\/tilk.bio\/et\/wp-json\/wp\/v2\/comments?post=56818"}],"wp:featuredmedia":[{"embeddable":true,"href":"https:\/\/tilk.bio\/et\/wp-json\/wp\/v2\/media\/77073"}],"wp:attachment":[{"href":"https:\/\/tilk.bio\/et\/wp-json\/wp\/v2\/media?parent=56818"}],"wp:term":[{"taxonomy":"product_brand","embeddable":true,"href":"https:\/\/tilk.bio\/et\/wp-json\/wp\/v2\/product_brand?post=56818"},{"taxonomy":"product_cat","embeddable":true,"href":"https:\/\/tilk.bio\/et\/wp-json\/wp\/v2\/product_cat?post=56818"},{"taxonomy":"product_tag","embeddable":true,"href":"https:\/\/tilk.bio\/et\/wp-json\/wp\/v2\/product_tag?post=56818"}],"curies":[{"name":"wp","href":"https:\/\/api.w.org\/{rel}","templated":true}]}}