{"id":56833,"date":"2021-09-16T10:33:46","date_gmt":"2021-09-16T07:33:46","guid":{"rendered":"https:\/\/tilk.bio\/shop\/vananemisvastane-naomask-c-vitamiini-musta-kuuslaugu-ja-kurkumiga\/"},"modified":"2026-04-12T10:15:03","modified_gmt":"2026-04-12T07:15:03","slug":"vananemisvastane-naomask-c-vitamiini-musta-kuuslaugu-ja-kurkumiga","status":"publish","type":"product","link":"https:\/\/tilk.bio\/et\/pood\/vananemisvastane-naomask-c-vitamiini-musta-kuuslaugu-ja-kurkumiga\/","title":{"rendered":"Vananemisvastane n\u00e4omask C-vitamiini, musta k\u00fc\u00fcslaugu ja kurkumiga"},"content":{"rendered":"<p><a href=\"https:\/\/tilk.bio\/et\/tootekategooria\/naohooldus\/maskid\/\">N\u00e4omask C-vitamiini<\/a>, musta k\u00fc\u00fcslaugu ja kurkumiga sisaldab endas mitmeid toitvaid \u00f5lisid, antioks\u00fcdantiderikkaid koostisosi ning vitamiine. Mask t\u00f5stab naha vastupanuv\u00f5imet, aitab rakkudel uueneda ja kahjustustel paraneda. T\u00e4nu suurele antioks\u00fcdantide sisaldusele on maskil tugev vananemisvastane m\u00f5ju, see pakub nahale palju niisutust ning kaitseb seda keskkonnam\u00f5jude eest. N\u00e4omask sobib h\u00e4sti kuivale, tundlikule ja kombineeritud nahale ning ka vananemisilmingute edasil\u00fckkamiseks.<\/p>\n<p>Must k\u00fc\u00fcslauk, mis on selle maski alustalaks, on t\u00e4is antioks\u00fcdante, mis aitavad nahka kaitsta vabade radikaalide eest. Need annavad maskile ka tugeva vananemisvastase toime. Keskkonna negatiivsete m\u00f5jude eest, nagu n\u00e4iteks liigne p\u00e4ike, suits ja saaste, kannab hoolt C-vitamiin, mis aitab ka \u00fchtlustada nahatooni ning annab sellele erksust. C-vitamiin on ka oluline kollageeni moodustumise protsessis, mis on vajalik vananemise m\u00e4rkide ennetamiseks ja leevendamiseks. Astelpaju\u00f5li toetab eelnevate koostisosade toimet, sisaldades palju vitamiine, mineraalaineid ja antioks\u00fcdante, aidates nahal uueneda ning tekkinud kahjustustel paraneda. Naha toitmise, elastsuse ja niisutuse eest kannab hoolt kookos\u00f5li, lisaniisutust pakub ka taimne gl\u00fctseriin. E-vitamiin toetab naharakkude uuenemist ja aitab nahal v\u00f5idelda vabade radikaalidega, pidurdades seel\u00e4bi vananemisprotsessi. Maski koostises olev k\u00f5rge beetakaroteenide ja vitamiinide sisaldusega porgandi\u00f5li toidab v\u00e4sinud nahka, annab sellele kauni jume ning eluj\u00f5u. Maskil on v\u00e4rskendava apelsini l\u00f5hn.<\/p>\n<p><strong>Kasutamine:<\/strong> Kanna mask varasemalt puhastatud n\u00e4ole ja dekolteepiirkonnale 10-15 minutiks. Pese mask maha sooja vee ja n\u00e4opesuk\u00e4snaga.<\/p>\n<p>Eriti s\u00fcgava puhastuse jaoks v\u00f5ib maski eel kasutada <a href=\"https:\/\/tilk.bio\/et\/pood\/orn-sugavpuhastav-musta-kuuslaugu-ja-kadaka-naokoorija-koigile-nahatuupidele\/\"><strong>musta k\u00fc\u00fcslaugu ja kadakaga n\u00e4okoorijat<\/strong><\/a>, lisaniisutuse jaoks soovitame peale maski maha pesemist kasutada <strong><a href=\"https:\/\/tilk.bio\/et\/pood\/toitev-vananemisvastane-naokreem-c-vitamiini-ja-musta-kuuslauguga\/\">C-vitamiini kreemi<\/a> <\/strong>ja <strong><a href=\"https:\/\/tilk.bio\/et\/pood\/vananemisvastane-astelpajuga-kuuslauguseerum\/\">musta k\u00fc\u00fcslaugu seerumit<\/a><\/strong>. Maski on soovitav teha 1-2x n\u00e4dalas.<\/p>\n<p>K\u00f5ik maski koostisosad on looduslikku p\u00e4ritolu ja vegan. N\u00e4omask on Taltechi teadlastega koost\u00f6\u00f6s valminud innovaatiline nahahooldustoode, mis \u00fchendab endas Korea iidsete traditsioonide j\u00e4rgi valmistatud Eestimaa musta k\u00fc\u00fcslaugu ja kaasaegse teaduse l\u00e4henemist looduskosmeetikale.<\/p>\n<p>Hoiustamine: Hoiusta maski toatemperatuuril.<\/p>\n<p>Kogus: 10ml\/50ml<\/p>\n","protected":false},"excerpt":{"rendered":"<p>N\u00e4omask C-vitamiini, musta k\u00fc\u00fcslaugu ja kurkumiga sisaldab endas mitmeid toitvaid \u00f5lisid, antioks\u00fcdantiderikkaid koostisosi ning vitamiine. Mask t\u00f5stab naha vastupanuv\u00f5imet, aitab rakkudel uueneda ja kahjustustel paraneda. T\u00e4nu suurele antioks\u00fcdantide sisaldusele on maskil tugev vananemisvastane m\u00f5ju, see pakub nahale palju niisutust ning kaitseb seda keskkonnam\u00f5jude eest. N\u00e4omask sobib h\u00e4sti kuivale, tundlikule ja kombineeritud nahale ning ka vananemisilmingute&#8230;<\/p>\n","protected":false},"featured_media":77064,"comment_status":"open","ping_status":"closed","template":"","meta":{"_acf_changed":false},"product_brand":[],"product_cat":[623,905,389,689,724,511,690,688],"product_tag":[],"class_list":{"0":"post-56833","1":"product","2":"type-product","3":"status-publish","4":"has-post-thumbnail","6":"product_cat-maskid","7":"product_cat-c-vitamiin","8":"product_cat-koik-tooted","9":"product_cat-kuiv-nahk","10":"product_cat-must-kuuslauk","11":"product_cat-naohooldus","12":"product_cat-tundlik-nahk","13":"product_cat-vananemisilmingutega-nahk","15":"first","16":"instock","17":"taxable","18":"shipping-taxable","19":"purchasable","20":"product-type-variable"},"acf":[],"yoast_head":"<!-- This site is optimized with the Yoast SEO plugin v27.4 - https:\/\/yoast.com\/product\/yoast-seo-wordpress\/ -->\n<title>Vananemisvastane n\u00e4omask C-vitamiiniga<\/title>\n<meta name=\"description\" content=\"N\u00e4omask C-vitamiini, musta k\u00fc\u00fcslaugu ja kurkumiga sisaldab endas mitmeid toitvaid \u00f5lisid, antioks\u00fcdantiderikkaid koostisosi ning vitamiine.\" \/>\n<meta name=\"robots\" content=\"index, follow, max-snippet:-1, max-image-preview:large, max-video-preview:-1\" \/>\n<link rel=\"canonical\" href=\"https:\/\/tilk.bio\/et\/pood\/vananemisvastane-naomask-c-vitamiini-musta-kuuslaugu-ja-kurkumiga\/\" \/>\n<meta property=\"og:locale\" content=\"et_EE\" \/>\n<meta property=\"og:type\" content=\"article\" \/>\n<meta property=\"og:title\" content=\"Vananemisvastane n\u00e4omask C-vitamiiniga\" \/>\n<meta property=\"og:description\" content=\"N\u00e4omask C-vitamiini, musta k\u00fc\u00fcslaugu ja kurkumiga sisaldab endas mitmeid toitvaid \u00f5lisid, antioks\u00fcdantiderikkaid koostisosi ning vitamiine.\" \/>\n<meta property=\"og:url\" content=\"https:\/\/tilk.bio\/et\/pood\/vananemisvastane-naomask-c-vitamiini-musta-kuuslaugu-ja-kurkumiga\/\" \/>\n<meta property=\"og:site_name\" content=\"Tilk!\" \/>\n<meta property=\"article:publisher\" content=\"https:\/\/www.facebook.com\/tilk.bio\/\" \/>\n<meta property=\"article:modified_time\" content=\"2026-04-12T07:15:03+00:00\" \/>\n<meta property=\"og:image\" content=\"https:\/\/tilk.bio\/wp-content\/uploads\/2021\/09\/labcvitmask1-2.jpg\" \/>\n\t<meta property=\"og:image:width\" content=\"1200\" \/>\n\t<meta property=\"og:image:height\" content=\"1200\" \/>\n\t<meta property=\"og:image:type\" content=\"image\/jpeg\" \/>\n<meta name=\"twitter:card\" content=\"summary_large_image\" \/>\n<meta name=\"twitter:label1\" content=\"Est. reading time\" \/>\n\t<meta name=\"twitter:data1\" content=\"2 minutit\" \/>\n<script type=\"application\/ld+json\" class=\"yoast-schema-graph\">{\"@context\":\"https:\\\/\\\/schema.org\",\"@graph\":[{\"@type\":\"WebPage\",\"@id\":\"https:\\\/\\\/tilk.bio\\\/et\\\/pood\\\/vananemisvastane-naomask-c-vitamiini-musta-kuuslaugu-ja-kurkumiga\\\/\",\"url\":\"https:\\\/\\\/tilk.bio\\\/et\\\/pood\\\/vananemisvastane-naomask-c-vitamiini-musta-kuuslaugu-ja-kurkumiga\\\/\",\"name\":\"Vananemisvastane n\u00e4omask C-vitamiiniga\",\"isPartOf\":{\"@id\":\"https:\\\/\\\/tilk.bio\\\/et\\\/#website\"},\"primaryImageOfPage\":{\"@id\":\"https:\\\/\\\/tilk.bio\\\/et\\\/pood\\\/vananemisvastane-naomask-c-vitamiini-musta-kuuslaugu-ja-kurkumiga\\\/#primaryimage\"},\"image\":{\"@id\":\"https:\\\/\\\/tilk.bio\\\/et\\\/pood\\\/vananemisvastane-naomask-c-vitamiini-musta-kuuslaugu-ja-kurkumiga\\\/#primaryimage\"},\"thumbnailUrl\":\"https:\\\/\\\/tilk.bio\\\/wp-content\\\/uploads\\\/2021\\\/09\\\/E4R1037-ruut.jpg\",\"datePublished\":\"2021-09-16T07:33:46+00:00\",\"dateModified\":\"2026-04-12T07:15:03+00:00\",\"description\":\"N\u00e4omask C-vitamiini, musta k\u00fc\u00fcslaugu ja kurkumiga sisaldab endas mitmeid toitvaid \u00f5lisid, antioks\u00fcdantiderikkaid koostisosi ning vitamiine.\",\"breadcrumb\":{\"@id\":\"https:\\\/\\\/tilk.bio\\\/et\\\/pood\\\/vananemisvastane-naomask-c-vitamiini-musta-kuuslaugu-ja-kurkumiga\\\/#breadcrumb\"},\"inLanguage\":\"et\",\"potentialAction\":[{\"@type\":\"ReadAction\",\"target\":[\"https:\\\/\\\/tilk.bio\\\/et\\\/pood\\\/vananemisvastane-naomask-c-vitamiini-musta-kuuslaugu-ja-kurkumiga\\\/\"]}]},{\"@type\":\"ImageObject\",\"inLanguage\":\"et\",\"@id\":\"https:\\\/\\\/tilk.bio\\\/et\\\/pood\\\/vananemisvastane-naomask-c-vitamiini-musta-kuuslaugu-ja-kurkumiga\\\/#primaryimage\",\"url\":\"https:\\\/\\\/tilk.bio\\\/wp-content\\\/uploads\\\/2021\\\/09\\\/E4R1037-ruut.jpg\",\"contentUrl\":\"https:\\\/\\\/tilk.bio\\\/wp-content\\\/uploads\\\/2021\\\/09\\\/E4R1037-ruut.jpg\",\"width\":2048,\"height\":2048},{\"@type\":\"BreadcrumbList\",\"@id\":\"https:\\\/\\\/tilk.bio\\\/et\\\/pood\\\/vananemisvastane-naomask-c-vitamiini-musta-kuuslaugu-ja-kurkumiga\\\/#breadcrumb\",\"itemListElement\":[{\"@type\":\"ListItem\",\"position\":1,\"name\":\"Home\",\"item\":\"https:\\\/\\\/tilk.bio\\\/et\\\/\"},{\"@type\":\"ListItem\",\"position\":2,\"name\":\"Pood\",\"item\":\"https:\\\/\\\/tilk.bio\\\/et\\\/pood\\\/\"},{\"@type\":\"ListItem\",\"position\":3,\"name\":\"Vananemisvastane n\u00e4omask C-vitamiini, musta k\u00fc\u00fcslaugu ja kurkumiga\"}]},{\"@type\":\"WebSite\",\"@id\":\"https:\\\/\\\/tilk.bio\\\/et\\\/#website\",\"url\":\"https:\\\/\\\/tilk.bio\\\/et\\\/\",\"name\":\"Tilk!\",\"description\":\"Keskkonnas\u00f5bralik ja j\u00e4tkusuutlik looduskosmeetika Saaremaalt.\",\"potentialAction\":[{\"@type\":\"SearchAction\",\"target\":{\"@type\":\"EntryPoint\",\"urlTemplate\":\"https:\\\/\\\/tilk.bio\\\/et\\\/?s={search_term_string}\"},\"query-input\":{\"@type\":\"PropertyValueSpecification\",\"valueRequired\":true,\"valueName\":\"search_term_string\"}}],\"inLanguage\":\"et\"}]}<\/script>\n<!-- \/ Yoast SEO plugin. -->","yoast_head_json":{"title":"Vananemisvastane n\u00e4omask C-vitamiiniga","description":"N\u00e4omask C-vitamiini, musta k\u00fc\u00fcslaugu ja kurkumiga sisaldab endas mitmeid toitvaid \u00f5lisid, antioks\u00fcdantiderikkaid koostisosi ning vitamiine.","robots":{"index":"index","follow":"follow","max-snippet":"max-snippet:-1","max-image-preview":"max-image-preview:large","max-video-preview":"max-video-preview:-1"},"canonical":"https:\/\/tilk.bio\/et\/pood\/vananemisvastane-naomask-c-vitamiini-musta-kuuslaugu-ja-kurkumiga\/","og_locale":"et_EE","og_type":"article","og_title":"Vananemisvastane n\u00e4omask C-vitamiiniga","og_description":"N\u00e4omask C-vitamiini, musta k\u00fc\u00fcslaugu ja kurkumiga sisaldab endas mitmeid toitvaid \u00f5lisid, antioks\u00fcdantiderikkaid koostisosi ning vitamiine.","og_url":"https:\/\/tilk.bio\/et\/pood\/vananemisvastane-naomask-c-vitamiini-musta-kuuslaugu-ja-kurkumiga\/","og_site_name":"Tilk!","article_publisher":"https:\/\/www.facebook.com\/tilk.bio\/","article_modified_time":"2026-04-12T07:15:03+00:00","og_image":[{"width":1200,"height":1200,"url":"https:\/\/tilk.bio\/wp-content\/uploads\/2021\/09\/labcvitmask1-2.jpg","type":"image\/jpeg"}],"twitter_card":"summary_large_image","twitter_misc":{"Est. reading time":"2 minutit"},"schema":{"@context":"https:\/\/schema.org","@graph":[{"@type":"WebPage","@id":"https:\/\/tilk.bio\/et\/pood\/vananemisvastane-naomask-c-vitamiini-musta-kuuslaugu-ja-kurkumiga\/","url":"https:\/\/tilk.bio\/et\/pood\/vananemisvastane-naomask-c-vitamiini-musta-kuuslaugu-ja-kurkumiga\/","name":"Vananemisvastane n\u00e4omask C-vitamiiniga","isPartOf":{"@id":"https:\/\/tilk.bio\/et\/#website"},"primaryImageOfPage":{"@id":"https:\/\/tilk.bio\/et\/pood\/vananemisvastane-naomask-c-vitamiini-musta-kuuslaugu-ja-kurkumiga\/#primaryimage"},"image":{"@id":"https:\/\/tilk.bio\/et\/pood\/vananemisvastane-naomask-c-vitamiini-musta-kuuslaugu-ja-kurkumiga\/#primaryimage"},"thumbnailUrl":"https:\/\/tilk.bio\/wp-content\/uploads\/2021\/09\/E4R1037-ruut.jpg","datePublished":"2021-09-16T07:33:46+00:00","dateModified":"2026-04-12T07:15:03+00:00","description":"N\u00e4omask C-vitamiini, musta k\u00fc\u00fcslaugu ja kurkumiga sisaldab endas mitmeid toitvaid \u00f5lisid, antioks\u00fcdantiderikkaid koostisosi ning vitamiine.","breadcrumb":{"@id":"https:\/\/tilk.bio\/et\/pood\/vananemisvastane-naomask-c-vitamiini-musta-kuuslaugu-ja-kurkumiga\/#breadcrumb"},"inLanguage":"et","potentialAction":[{"@type":"ReadAction","target":["https:\/\/tilk.bio\/et\/pood\/vananemisvastane-naomask-c-vitamiini-musta-kuuslaugu-ja-kurkumiga\/"]}]},{"@type":"ImageObject","inLanguage":"et","@id":"https:\/\/tilk.bio\/et\/pood\/vananemisvastane-naomask-c-vitamiini-musta-kuuslaugu-ja-kurkumiga\/#primaryimage","url":"https:\/\/tilk.bio\/wp-content\/uploads\/2021\/09\/E4R1037-ruut.jpg","contentUrl":"https:\/\/tilk.bio\/wp-content\/uploads\/2021\/09\/E4R1037-ruut.jpg","width":2048,"height":2048},{"@type":"BreadcrumbList","@id":"https:\/\/tilk.bio\/et\/pood\/vananemisvastane-naomask-c-vitamiini-musta-kuuslaugu-ja-kurkumiga\/#breadcrumb","itemListElement":[{"@type":"ListItem","position":1,"name":"Home","item":"https:\/\/tilk.bio\/et\/"},{"@type":"ListItem","position":2,"name":"Pood","item":"https:\/\/tilk.bio\/et\/pood\/"},{"@type":"ListItem","position":3,"name":"Vananemisvastane n\u00e4omask C-vitamiini, musta k\u00fc\u00fcslaugu ja kurkumiga"}]},{"@type":"WebSite","@id":"https:\/\/tilk.bio\/et\/#website","url":"https:\/\/tilk.bio\/et\/","name":"Tilk!","description":"Keskkonnas\u00f5bralik ja j\u00e4tkusuutlik looduskosmeetika Saaremaalt.","potentialAction":[{"@type":"SearchAction","target":{"@type":"EntryPoint","urlTemplate":"https:\/\/tilk.bio\/et\/?s={search_term_string}"},"query-input":{"@type":"PropertyValueSpecification","valueRequired":true,"valueName":"search_term_string"}}],"inLanguage":"et"}]}},"_links":{"self":[{"href":"https:\/\/tilk.bio\/et\/wp-json\/wp\/v2\/product\/56833","targetHints":{"allow":["GET"]}}],"collection":[{"href":"https:\/\/tilk.bio\/et\/wp-json\/wp\/v2\/product"}],"about":[{"href":"https:\/\/tilk.bio\/et\/wp-json\/wp\/v2\/types\/product"}],"replies":[{"embeddable":true,"href":"https:\/\/tilk.bio\/et\/wp-json\/wp\/v2\/comments?post=56833"}],"wp:featuredmedia":[{"embeddable":true,"href":"https:\/\/tilk.bio\/et\/wp-json\/wp\/v2\/media\/77064"}],"wp:attachment":[{"href":"https:\/\/tilk.bio\/et\/wp-json\/wp\/v2\/media?parent=56833"}],"wp:term":[{"taxonomy":"product_brand","embeddable":true,"href":"https:\/\/tilk.bio\/et\/wp-json\/wp\/v2\/product_brand?post=56833"},{"taxonomy":"product_cat","embeddable":true,"href":"https:\/\/tilk.bio\/et\/wp-json\/wp\/v2\/product_cat?post=56833"},{"taxonomy":"product_tag","embeddable":true,"href":"https:\/\/tilk.bio\/et\/wp-json\/wp\/v2\/product_tag?post=56833"}],"curies":[{"name":"wp","href":"https:\/\/api.w.org\/{rel}","templated":true}]}}