{"id":56839,"date":"2022-09-16T10:30:07","date_gmt":"2022-09-16T07:30:07","guid":{"rendered":"https:\/\/tilk.bio\/shop\/toitev-vananemisvastane-ookreem-lavendli-ja-musta-kuuslauguga\/"},"modified":"2026-04-17T09:15:03","modified_gmt":"2026-04-17T06:15:03","slug":"toitev-vananemisvastane-ookreem-lavendli-ja-musta-kuuslauguga","status":"publish","type":"product","link":"https:\/\/tilk.bio\/et\/pood\/toitev-vananemisvastane-ookreem-lavendli-ja-musta-kuuslauguga\/","title":{"rendered":"Toitev vananemisvastane \u00f6\u00f6kreem lavendli ja musta k\u00fc\u00fcslauguga"},"content":{"rendered":"<p>AUHINNATUD<\/p>\n<p>Vananemisvastane \u00f6\u00f6kreem lavendli ja musta k\u00fc\u00fcslauguga on eriti toitev ning ideaalne \u00f6ine hooldaja ja naha <a href=\"https:\/\/tilk.bio\/et\/tootekategooria\/naohooldus\/naokreem\/\">niisutaja<\/a>. Kreem sobib kuivale ja vananemisilmingutega nahale, soovitame seda alates vanusest 35+. Kreemi on eriti hea kombineerida <a href=\"https:\/\/tilk.bio\/et\/pood\/toitev-vananemisvastane-naokreem-c-vitamiini-ja-musta-kuuslauguga\/\">C-vitamiini kreemiga<\/a>, sest koos on nende antioks\u00fcdantiderikas ja vananemisvastane toime eriti t\u00f5hus.<\/p>\n<p>Mustas k\u00fc\u00fcslaugus sisalduvad fenoolsed \u00fchendid on olulised antioks\u00fcdandid vabade radikaalidega v\u00f5itlemisel, mis t\u00e4hendab, et need \u00fchendid aitavad v\u00f5idelda naha enneaegse vananemisprotsessi vastu. Musta k\u00fc\u00fcslaugu toimeained aitavad ka nahka uuendada ja taastada ning kaitsta seda keskkonna kahjulike m\u00f5jude eest. \u00d6\u00f6kreem sisaldab palju erinevaid niisutavaid koostisosi ja \u00f5lisid ning on seet\u00f5ttu meie teiste kreemidega v\u00f5rreldes ehk pisut rikkalikum ning eriti toitev. Lavendli\u00f5lil on nahale rahustav toime, mandli\u00f5li m\u00f5jub kergelt ning niisutab nahka. Kookos\u00f5li toidab ning annab nahale elastsust, nisuidu\u00f5li on rikkalik ja toitev ning sisaldab palju vitamiine. Jojoba \u00f5li on eriline komponent, kuna annab eriti hea niisutuse ning see sarnaneb k\u00f5ige rohkem naha enda loomuliku rasu kihiga. E-vitamiin toetab naharakkude uuenemist ja aitab nahal v\u00f5idelda vabade radikaalidega, pidurdades seel\u00e4bi vananemisprotsessi. Ka gl\u00fctseriin toetab naha niisutamist. Kreemile on omane ka kerge lavendliaroom, mis on rahustav ja hea une allikas.<\/p>\n<p><strong>Kasutamine:<\/strong> Kanna puhastatud nahale enne \u00f6\u00f6und. V\u00e4ga kuiva naha puhul v\u00f5ib toodet kasutada ka p\u00e4evakreemina. \u00d6\u00f6kreemi kasutust v\u00f5ite kombineerida k\u00f5igi meie n\u00e4okreemidega, eriti hea paariline p\u00e4evaks on <a href=\"https:\/\/tilk.bio\/et\/pood\/toitev-vananemisvastane-naokreem-c-vitamiini-ja-musta-kuuslauguga\/\">C-vitamiiniga vananemisvastane kreem<\/a>.<\/p>\n<p>K\u00f5ik \u00f6\u00f6kreemi koostisosad on looduslikku p\u00e4ritolu ja vegan. \u00d6\u00f6kreem on Taltechi teadlastega koost\u00f6\u00f6s valminud innovaatiline nahahooldustoode, mis \u00fchendab endas Korea iidsete traditsioonide j\u00e4rgi valmistatud Eestimaa musta k\u00fc\u00fcslaugu ja kaasaegse teaduse l\u00e4henemist looduskosmeetikale.<\/p>\n<p>Hoiustamine: Hoiusta \u00f6\u00f6kreemi toatemperatuuril.<\/p>\n<p>Kogus: 10ml\/50ml<\/p>\n","protected":false},"excerpt":{"rendered":"<p>AUHINNATUD Vananemisvastane \u00f6\u00f6kreem lavendli ja musta k\u00fc\u00fcslauguga on eriti toitev ning ideaalne \u00f6ine hooldaja ja naha niisutaja. Kreem sobib kuivale ja vananemisilmingutega nahale, soovitame seda alates vanusest 35+. Kreemi on eriti hea kombineerida C-vitamiini kreemiga, sest koos on nende antioks\u00fcdantiderikas ja vananemisvastane toime eriti t\u00f5hus. Mustas k\u00fc\u00fcslaugus sisalduvad fenoolsed \u00fchendid on olulised antioks\u00fcdandid vabade radikaalidega&#8230;<\/p>\n","protected":false},"featured_media":77044,"comment_status":"open","ping_status":"closed","template":"","meta":{"_acf_changed":false},"product_brand":[],"product_cat":[585,494,389,689,724,511,690,688],"product_tag":[],"class_list":{"0":"post-56839","1":"product","2":"type-product","3":"status-publish","4":"has-post-thumbnail","6":"product_cat-naokreem","7":"product_cat-klientide-lemmikud","8":"product_cat-koik-tooted","9":"product_cat-kuiv-nahk","10":"product_cat-must-kuuslauk","11":"product_cat-naohooldus","12":"product_cat-tundlik-nahk","13":"product_cat-vananemisilmingutega-nahk","15":"first","16":"instock","17":"taxable","18":"shipping-taxable","19":"purchasable","20":"product-type-variable"},"acf":[],"yoast_head":"<!-- This site is optimized with the Yoast SEO plugin v27.4 - https:\/\/yoast.com\/product\/yoast-seo-wordpress\/ -->\n<title>Toitev vananemisvastane \u00f6\u00f6kreem lavendli ja musta k\u00fc\u00fcslauguga<\/title>\n<meta name=\"description\" content=\"Vananemisvastane \u00f6\u00f6kreem lavendli ja musta k\u00fc\u00fcslauguga on eriti toitev ning ideaalne \u00f6ine hooldaja ja naha niisutaja. Kreem sobib kuivale nahale.\" \/>\n<meta name=\"robots\" content=\"index, follow, max-snippet:-1, max-image-preview:large, max-video-preview:-1\" \/>\n<link rel=\"canonical\" href=\"https:\/\/tilk.bio\/et\/pood\/toitev-vananemisvastane-ookreem-lavendli-ja-musta-kuuslauguga\/\" \/>\n<meta property=\"og:locale\" content=\"et_EE\" \/>\n<meta property=\"og:type\" content=\"article\" \/>\n<meta property=\"og:title\" content=\"Toitev vananemisvastane \u00f6\u00f6kreem lavendli ja musta k\u00fc\u00fcslauguga\" \/>\n<meta property=\"og:description\" content=\"Vananemisvastane \u00f6\u00f6kreem lavendli ja musta k\u00fc\u00fcslauguga on eriti toitev ning ideaalne \u00f6ine hooldaja ja naha niisutaja. Kreem sobib kuivale nahale.\" \/>\n<meta property=\"og:url\" content=\"https:\/\/tilk.bio\/et\/pood\/toitev-vananemisvastane-ookreem-lavendli-ja-musta-kuuslauguga\/\" \/>\n<meta property=\"og:site_name\" content=\"Tilk!\" \/>\n<meta property=\"article:publisher\" content=\"https:\/\/www.facebook.com\/tilk.bio\/\" \/>\n<meta property=\"article:modified_time\" content=\"2026-04-17T06:15:03+00:00\" \/>\n<meta property=\"og:image\" content=\"https:\/\/tilk.bio\/wp-content\/uploads\/2022\/09\/Untitled-design-31.jpg\" \/>\n\t<meta property=\"og:image:width\" content=\"1200\" \/>\n\t<meta property=\"og:image:height\" content=\"1200\" \/>\n\t<meta property=\"og:image:type\" content=\"image\/jpeg\" \/>\n<meta name=\"twitter:card\" content=\"summary_large_image\" \/>\n<meta name=\"twitter:label1\" content=\"Est. reading time\" \/>\n\t<meta name=\"twitter:data1\" content=\"2 minutit\" \/>\n<script type=\"application\/ld+json\" class=\"yoast-schema-graph\">{\"@context\":\"https:\\\/\\\/schema.org\",\"@graph\":[{\"@type\":\"WebPage\",\"@id\":\"https:\\\/\\\/tilk.bio\\\/et\\\/pood\\\/toitev-vananemisvastane-ookreem-lavendli-ja-musta-kuuslauguga\\\/\",\"url\":\"https:\\\/\\\/tilk.bio\\\/et\\\/pood\\\/toitev-vananemisvastane-ookreem-lavendli-ja-musta-kuuslauguga\\\/\",\"name\":\"Toitev vananemisvastane \u00f6\u00f6kreem lavendli ja musta k\u00fc\u00fcslauguga\",\"isPartOf\":{\"@id\":\"https:\\\/\\\/tilk.bio\\\/et\\\/#website\"},\"primaryImageOfPage\":{\"@id\":\"https:\\\/\\\/tilk.bio\\\/et\\\/pood\\\/toitev-vananemisvastane-ookreem-lavendli-ja-musta-kuuslauguga\\\/#primaryimage\"},\"image\":{\"@id\":\"https:\\\/\\\/tilk.bio\\\/et\\\/pood\\\/toitev-vananemisvastane-ookreem-lavendli-ja-musta-kuuslauguga\\\/#primaryimage\"},\"thumbnailUrl\":\"https:\\\/\\\/tilk.bio\\\/wp-content\\\/uploads\\\/2022\\\/09\\\/Untitled-design-2.jpg\",\"datePublished\":\"2022-09-16T07:30:07+00:00\",\"dateModified\":\"2026-04-17T06:15:03+00:00\",\"description\":\"Vananemisvastane \u00f6\u00f6kreem lavendli ja musta k\u00fc\u00fcslauguga on eriti toitev ning ideaalne \u00f6ine hooldaja ja naha niisutaja. Kreem sobib kuivale nahale.\",\"breadcrumb\":{\"@id\":\"https:\\\/\\\/tilk.bio\\\/et\\\/pood\\\/toitev-vananemisvastane-ookreem-lavendli-ja-musta-kuuslauguga\\\/#breadcrumb\"},\"inLanguage\":\"et\",\"potentialAction\":[{\"@type\":\"ReadAction\",\"target\":[\"https:\\\/\\\/tilk.bio\\\/et\\\/pood\\\/toitev-vananemisvastane-ookreem-lavendli-ja-musta-kuuslauguga\\\/\"]}]},{\"@type\":\"ImageObject\",\"inLanguage\":\"et\",\"@id\":\"https:\\\/\\\/tilk.bio\\\/et\\\/pood\\\/toitev-vananemisvastane-ookreem-lavendli-ja-musta-kuuslauguga\\\/#primaryimage\",\"url\":\"https:\\\/\\\/tilk.bio\\\/wp-content\\\/uploads\\\/2022\\\/09\\\/Untitled-design-2.jpg\",\"contentUrl\":\"https:\\\/\\\/tilk.bio\\\/wp-content\\\/uploads\\\/2022\\\/09\\\/Untitled-design-2.jpg\",\"width\":1200,\"height\":1200},{\"@type\":\"BreadcrumbList\",\"@id\":\"https:\\\/\\\/tilk.bio\\\/et\\\/pood\\\/toitev-vananemisvastane-ookreem-lavendli-ja-musta-kuuslauguga\\\/#breadcrumb\",\"itemListElement\":[{\"@type\":\"ListItem\",\"position\":1,\"name\":\"Home\",\"item\":\"https:\\\/\\\/tilk.bio\\\/et\\\/\"},{\"@type\":\"ListItem\",\"position\":2,\"name\":\"Pood\",\"item\":\"https:\\\/\\\/tilk.bio\\\/et\\\/pood\\\/\"},{\"@type\":\"ListItem\",\"position\":3,\"name\":\"Toitev vananemisvastane \u00f6\u00f6kreem lavendli ja musta k\u00fc\u00fcslauguga\"}]},{\"@type\":\"WebSite\",\"@id\":\"https:\\\/\\\/tilk.bio\\\/et\\\/#website\",\"url\":\"https:\\\/\\\/tilk.bio\\\/et\\\/\",\"name\":\"Tilk!\",\"description\":\"Keskkonnas\u00f5bralik ja j\u00e4tkusuutlik looduskosmeetika Saaremaalt.\",\"potentialAction\":[{\"@type\":\"SearchAction\",\"target\":{\"@type\":\"EntryPoint\",\"urlTemplate\":\"https:\\\/\\\/tilk.bio\\\/et\\\/?s={search_term_string}\"},\"query-input\":{\"@type\":\"PropertyValueSpecification\",\"valueRequired\":true,\"valueName\":\"search_term_string\"}}],\"inLanguage\":\"et\"}]}<\/script>\n<!-- \/ Yoast SEO plugin. -->","yoast_head_json":{"title":"Toitev vananemisvastane \u00f6\u00f6kreem lavendli ja musta k\u00fc\u00fcslauguga","description":"Vananemisvastane \u00f6\u00f6kreem lavendli ja musta k\u00fc\u00fcslauguga on eriti toitev ning ideaalne \u00f6ine hooldaja ja naha niisutaja. Kreem sobib kuivale nahale.","robots":{"index":"index","follow":"follow","max-snippet":"max-snippet:-1","max-image-preview":"max-image-preview:large","max-video-preview":"max-video-preview:-1"},"canonical":"https:\/\/tilk.bio\/et\/pood\/toitev-vananemisvastane-ookreem-lavendli-ja-musta-kuuslauguga\/","og_locale":"et_EE","og_type":"article","og_title":"Toitev vananemisvastane \u00f6\u00f6kreem lavendli ja musta k\u00fc\u00fcslauguga","og_description":"Vananemisvastane \u00f6\u00f6kreem lavendli ja musta k\u00fc\u00fcslauguga on eriti toitev ning ideaalne \u00f6ine hooldaja ja naha niisutaja. Kreem sobib kuivale nahale.","og_url":"https:\/\/tilk.bio\/et\/pood\/toitev-vananemisvastane-ookreem-lavendli-ja-musta-kuuslauguga\/","og_site_name":"Tilk!","article_publisher":"https:\/\/www.facebook.com\/tilk.bio\/","article_modified_time":"2026-04-17T06:15:03+00:00","og_image":[{"width":1200,"height":1200,"url":"https:\/\/tilk.bio\/wp-content\/uploads\/2022\/09\/Untitled-design-31.jpg","type":"image\/jpeg"}],"twitter_card":"summary_large_image","twitter_misc":{"Est. reading time":"2 minutit"},"schema":{"@context":"https:\/\/schema.org","@graph":[{"@type":"WebPage","@id":"https:\/\/tilk.bio\/et\/pood\/toitev-vananemisvastane-ookreem-lavendli-ja-musta-kuuslauguga\/","url":"https:\/\/tilk.bio\/et\/pood\/toitev-vananemisvastane-ookreem-lavendli-ja-musta-kuuslauguga\/","name":"Toitev vananemisvastane \u00f6\u00f6kreem lavendli ja musta k\u00fc\u00fcslauguga","isPartOf":{"@id":"https:\/\/tilk.bio\/et\/#website"},"primaryImageOfPage":{"@id":"https:\/\/tilk.bio\/et\/pood\/toitev-vananemisvastane-ookreem-lavendli-ja-musta-kuuslauguga\/#primaryimage"},"image":{"@id":"https:\/\/tilk.bio\/et\/pood\/toitev-vananemisvastane-ookreem-lavendli-ja-musta-kuuslauguga\/#primaryimage"},"thumbnailUrl":"https:\/\/tilk.bio\/wp-content\/uploads\/2022\/09\/Untitled-design-2.jpg","datePublished":"2022-09-16T07:30:07+00:00","dateModified":"2026-04-17T06:15:03+00:00","description":"Vananemisvastane \u00f6\u00f6kreem lavendli ja musta k\u00fc\u00fcslauguga on eriti toitev ning ideaalne \u00f6ine hooldaja ja naha niisutaja. Kreem sobib kuivale nahale.","breadcrumb":{"@id":"https:\/\/tilk.bio\/et\/pood\/toitev-vananemisvastane-ookreem-lavendli-ja-musta-kuuslauguga\/#breadcrumb"},"inLanguage":"et","potentialAction":[{"@type":"ReadAction","target":["https:\/\/tilk.bio\/et\/pood\/toitev-vananemisvastane-ookreem-lavendli-ja-musta-kuuslauguga\/"]}]},{"@type":"ImageObject","inLanguage":"et","@id":"https:\/\/tilk.bio\/et\/pood\/toitev-vananemisvastane-ookreem-lavendli-ja-musta-kuuslauguga\/#primaryimage","url":"https:\/\/tilk.bio\/wp-content\/uploads\/2022\/09\/Untitled-design-2.jpg","contentUrl":"https:\/\/tilk.bio\/wp-content\/uploads\/2022\/09\/Untitled-design-2.jpg","width":1200,"height":1200},{"@type":"BreadcrumbList","@id":"https:\/\/tilk.bio\/et\/pood\/toitev-vananemisvastane-ookreem-lavendli-ja-musta-kuuslauguga\/#breadcrumb","itemListElement":[{"@type":"ListItem","position":1,"name":"Home","item":"https:\/\/tilk.bio\/et\/"},{"@type":"ListItem","position":2,"name":"Pood","item":"https:\/\/tilk.bio\/et\/pood\/"},{"@type":"ListItem","position":3,"name":"Toitev vananemisvastane \u00f6\u00f6kreem lavendli ja musta k\u00fc\u00fcslauguga"}]},{"@type":"WebSite","@id":"https:\/\/tilk.bio\/et\/#website","url":"https:\/\/tilk.bio\/et\/","name":"Tilk!","description":"Keskkonnas\u00f5bralik ja j\u00e4tkusuutlik looduskosmeetika Saaremaalt.","potentialAction":[{"@type":"SearchAction","target":{"@type":"EntryPoint","urlTemplate":"https:\/\/tilk.bio\/et\/?s={search_term_string}"},"query-input":{"@type":"PropertyValueSpecification","valueRequired":true,"valueName":"search_term_string"}}],"inLanguage":"et"}]}},"_links":{"self":[{"href":"https:\/\/tilk.bio\/et\/wp-json\/wp\/v2\/product\/56839","targetHints":{"allow":["GET"]}}],"collection":[{"href":"https:\/\/tilk.bio\/et\/wp-json\/wp\/v2\/product"}],"about":[{"href":"https:\/\/tilk.bio\/et\/wp-json\/wp\/v2\/types\/product"}],"replies":[{"embeddable":true,"href":"https:\/\/tilk.bio\/et\/wp-json\/wp\/v2\/comments?post=56839"}],"wp:featuredmedia":[{"embeddable":true,"href":"https:\/\/tilk.bio\/et\/wp-json\/wp\/v2\/media\/77044"}],"wp:attachment":[{"href":"https:\/\/tilk.bio\/et\/wp-json\/wp\/v2\/media?parent=56839"}],"wp:term":[{"taxonomy":"product_brand","embeddable":true,"href":"https:\/\/tilk.bio\/et\/wp-json\/wp\/v2\/product_brand?post=56839"},{"taxonomy":"product_cat","embeddable":true,"href":"https:\/\/tilk.bio\/et\/wp-json\/wp\/v2\/product_cat?post=56839"},{"taxonomy":"product_tag","embeddable":true,"href":"https:\/\/tilk.bio\/et\/wp-json\/wp\/v2\/product_tag?post=56839"}],"curies":[{"name":"wp","href":"https:\/\/api.w.org\/{rel}","templated":true}]}}