{"id":58965,"date":"2021-10-26T20:33:19","date_gmt":"2021-10-26T17:33:19","guid":{"rendered":"https:\/\/tilk.bio\/shop\/rahustav-deodorant-musta-kuuslaugu-ja-varskendava-mundiga\/"},"modified":"2026-04-14T16:45:25","modified_gmt":"2026-04-14T13:45:25","slug":"rahustav-deodorant-musta-kuuslaugu-ja-varskendava-mundiga","status":"publish","type":"product","link":"https:\/\/tilk.bio\/et\/pood\/rahustav-deodorant-musta-kuuslaugu-ja-varskendava-mundiga\/","title":{"rendered":"Rahustav deodorant musta k\u00fc\u00fcslaugu ja v\u00e4rskendava m\u00fcndiga"},"content":{"rendered":"<p>V\u00e4rske ja alumiiniumivaba naturaalne tilk deodorant musta k\u00fc\u00fcslaugu ja m\u00fcndiga on sobilik liigse higistamise tasakaalustamiseks ning ebameeldiva l\u00f5hna neutraliseerimiseks. T\u00e4iesti looduslikest komponentidest valmistatud tilk deodorant annab v\u00e4rske tunde terveks p\u00e4evaks.<\/p>\n<p><a href=\"https:\/\/tilk.bio\/et\/tootekategooria\/kehale\/deodorandid\/\">Deodorandi<\/a> koostises olev nooljuurejahu imab endasse liigse niiskuse ning ei j\u00e4ta riietele valgeid plekke. Tsinkoksiid neutraliseerib ebameeldiva l\u00f5hna ning sheav\u00f5i ja kookos\u00f5li tagavad naha niiskustasakaalu. Must k\u00fc\u00fcslauk aitab h\u00e4vitada kahjulikud bakterid ja mikroobid. Deodorandile annab m\u00f5nusa aroomi m\u00fcndi ja apelsini kooslus.<\/p>\n<p><strong>Kasutamine:<\/strong> Kanna v\u00e4ike kogus deodorantkreemi n\u00e4puotsa v\u00f5i peopesadega kaenla alla ja masseeri \u00f5rnalt naha sisse. Deodorant tagab v\u00e4rskustunde terveks p\u00e4evaks.<\/p>\n<p>K\u00f5ik deodorandi koostisosad on looduslikku p\u00e4ritolu ja vegan. Deodorant on Taltechi teadlastega koost\u00f6\u00f6s valminud innovaatiline nahahooldustoode, mis \u00fchendab endas Korea iidsete traditsioonide j\u00e4rgi valmistatud Eestimaa musta k\u00fc\u00fcslaugu ja kaasaegse teaduse l\u00e4henemist looduskosmeetikale.<\/p>\n<p>Hoiustamine: Soovitame hoida deodoranti kaitstuna otsese p\u00e4ikesevalguse eest ja temperatuuril alla +25 kraadi.<\/p>\n<p>Kogus: 30ml<\/p>\n","protected":false},"excerpt":{"rendered":"<p>V\u00e4rske ja alumiiniumivaba naturaalne tilk deodorant musta k\u00fc\u00fcslaugu ja m\u00fcndiga on sobilik liigse higistamise tasakaalustamiseks ning ebameeldiva l\u00f5hna neutraliseerimiseks. T\u00e4iesti looduslikest komponentidest valmistatud tilk deodorant annab v\u00e4rske tunde terveks p\u00e4evaks. Deodorandi koostises olev nooljuurejahu imab endasse liigse niiskuse ning ei j\u00e4ta riietele valgeid plekke. Tsinkoksiid neutraliseerib ebameeldiva l\u00f5hna ning sheav\u00f5i ja kookos\u00f5li tagavad naha niiskustasakaalu&#8230;.<\/p>\n","protected":false},"featured_media":77056,"comment_status":"closed","ping_status":"closed","template":"","meta":{"_acf_changed":false},"product_brand":[],"product_cat":[607,495,389,628,724,912],"product_tag":[],"class_list":{"0":"post-58965","1":"product","2":"type-product","3":"status-publish","4":"has-post-thumbnail","6":"product_cat-deodorandid","7":"product_cat-kehale","8":"product_cat-koik-tooted","9":"product_cat-meestele","10":"product_cat-must-kuuslauk","11":"product_cat-sheavoi","13":"first","14":"instock","15":"sale","16":"taxable","17":"shipping-taxable","18":"purchasable","19":"product-type-variable"},"acf":[],"yoast_head":"<!-- This site is optimized with the Yoast SEO plugin v27.3 - https:\/\/yoast.com\/product\/yoast-seo-wordpress\/ -->\n<title>tilk deodorant musta k\u00fc\u00fcslaugu ja v\u00e4rskendava m\u00fcndiga<\/title>\n<meta name=\"description\" content=\"V\u00e4rske ja alumiiniumivaba naturaalne tilk deodorant musta k\u00fc\u00fcslaugu ja m\u00fcndiga on sobilik liigse higistamise tasakaalustamiseks.\" \/>\n<meta name=\"robots\" content=\"index, follow, max-snippet:-1, max-image-preview:large, max-video-preview:-1\" \/>\n<link rel=\"canonical\" href=\"https:\/\/tilk.bio\/et\/pood\/rahustav-deodorant-musta-kuuslaugu-ja-varskendava-mundiga\/\" \/>\n<meta property=\"og:locale\" content=\"et_EE\" \/>\n<meta property=\"og:type\" content=\"article\" \/>\n<meta property=\"og:title\" content=\"tilk deodorant musta k\u00fc\u00fcslaugu ja v\u00e4rskendava m\u00fcndiga\" \/>\n<meta property=\"og:description\" content=\"V\u00e4rske ja alumiiniumivaba naturaalne tilk deodorant musta k\u00fc\u00fcslaugu ja m\u00fcndiga on sobilik liigse higistamise tasakaalustamiseks.\" \/>\n<meta property=\"og:url\" content=\"https:\/\/tilk.bio\/et\/pood\/rahustav-deodorant-musta-kuuslaugu-ja-varskendava-mundiga\/\" \/>\n<meta property=\"og:site_name\" content=\"Tilk!\" \/>\n<meta property=\"article:publisher\" content=\"https:\/\/www.facebook.com\/tilk.bio\/\" \/>\n<meta property=\"article:modified_time\" content=\"2026-04-14T13:45:25+00:00\" \/>\n<meta property=\"og:image\" content=\"https:\/\/tilk.bio\/wp-content\/uploads\/2021\/10\/Untitled-design-56.jpg\" \/>\n\t<meta property=\"og:image:width\" content=\"1200\" \/>\n\t<meta property=\"og:image:height\" content=\"1200\" \/>\n\t<meta property=\"og:image:type\" content=\"image\/jpeg\" \/>\n<meta name=\"twitter:card\" content=\"summary_large_image\" \/>\n<meta name=\"twitter:label1\" content=\"Est. reading time\" \/>\n\t<meta name=\"twitter:data1\" content=\"1 minut\" \/>\n<script type=\"application\/ld+json\" class=\"yoast-schema-graph\">{\"@context\":\"https:\\\/\\\/schema.org\",\"@graph\":[{\"@type\":\"WebPage\",\"@id\":\"https:\\\/\\\/tilk.bio\\\/et\\\/pood\\\/rahustav-deodorant-musta-kuuslaugu-ja-varskendava-mundiga\\\/\",\"url\":\"https:\\\/\\\/tilk.bio\\\/et\\\/pood\\\/rahustav-deodorant-musta-kuuslaugu-ja-varskendava-mundiga\\\/\",\"name\":\"tilk deodorant musta k\u00fc\u00fcslaugu ja v\u00e4rskendava m\u00fcndiga\",\"isPartOf\":{\"@id\":\"https:\\\/\\\/tilk.bio\\\/et\\\/#website\"},\"primaryImageOfPage\":{\"@id\":\"https:\\\/\\\/tilk.bio\\\/et\\\/pood\\\/rahustav-deodorant-musta-kuuslaugu-ja-varskendava-mundiga\\\/#primaryimage\"},\"image\":{\"@id\":\"https:\\\/\\\/tilk.bio\\\/et\\\/pood\\\/rahustav-deodorant-musta-kuuslaugu-ja-varskendava-mundiga\\\/#primaryimage\"},\"thumbnailUrl\":\"https:\\\/\\\/tilk.bio\\\/wp-content\\\/uploads\\\/2021\\\/10\\\/E4R1071-ruut.jpg\",\"datePublished\":\"2021-10-26T17:33:19+00:00\",\"dateModified\":\"2026-04-14T13:45:25+00:00\",\"description\":\"V\u00e4rske ja alumiiniumivaba naturaalne tilk deodorant musta k\u00fc\u00fcslaugu ja m\u00fcndiga on sobilik liigse higistamise tasakaalustamiseks.\",\"breadcrumb\":{\"@id\":\"https:\\\/\\\/tilk.bio\\\/et\\\/pood\\\/rahustav-deodorant-musta-kuuslaugu-ja-varskendava-mundiga\\\/#breadcrumb\"},\"inLanguage\":\"et\",\"potentialAction\":[{\"@type\":\"ReadAction\",\"target\":[\"https:\\\/\\\/tilk.bio\\\/et\\\/pood\\\/rahustav-deodorant-musta-kuuslaugu-ja-varskendava-mundiga\\\/\"]}]},{\"@type\":\"ImageObject\",\"inLanguage\":\"et\",\"@id\":\"https:\\\/\\\/tilk.bio\\\/et\\\/pood\\\/rahustav-deodorant-musta-kuuslaugu-ja-varskendava-mundiga\\\/#primaryimage\",\"url\":\"https:\\\/\\\/tilk.bio\\\/wp-content\\\/uploads\\\/2021\\\/10\\\/E4R1071-ruut.jpg\",\"contentUrl\":\"https:\\\/\\\/tilk.bio\\\/wp-content\\\/uploads\\\/2021\\\/10\\\/E4R1071-ruut.jpg\",\"width\":2048,\"height\":2048},{\"@type\":\"BreadcrumbList\",\"@id\":\"https:\\\/\\\/tilk.bio\\\/et\\\/pood\\\/rahustav-deodorant-musta-kuuslaugu-ja-varskendava-mundiga\\\/#breadcrumb\",\"itemListElement\":[{\"@type\":\"ListItem\",\"position\":1,\"name\":\"Home\",\"item\":\"https:\\\/\\\/tilk.bio\\\/et\\\/\"},{\"@type\":\"ListItem\",\"position\":2,\"name\":\"Pood\",\"item\":\"https:\\\/\\\/tilk.bio\\\/et\\\/pood\\\/\"},{\"@type\":\"ListItem\",\"position\":3,\"name\":\"Rahustav deodorant musta k\u00fc\u00fcslaugu ja v\u00e4rskendava m\u00fcndiga\"}]},{\"@type\":\"WebSite\",\"@id\":\"https:\\\/\\\/tilk.bio\\\/et\\\/#website\",\"url\":\"https:\\\/\\\/tilk.bio\\\/et\\\/\",\"name\":\"Tilk!\",\"description\":\"Keskkonnas\u00f5bralik ja j\u00e4tkusuutlik looduskosmeetika Saaremaalt.\",\"potentialAction\":[{\"@type\":\"SearchAction\",\"target\":{\"@type\":\"EntryPoint\",\"urlTemplate\":\"https:\\\/\\\/tilk.bio\\\/et\\\/?s={search_term_string}\"},\"query-input\":{\"@type\":\"PropertyValueSpecification\",\"valueRequired\":true,\"valueName\":\"search_term_string\"}}],\"inLanguage\":\"et\"}]}<\/script>\n<!-- \/ Yoast SEO plugin. -->","yoast_head_json":{"title":"tilk deodorant musta k\u00fc\u00fcslaugu ja v\u00e4rskendava m\u00fcndiga","description":"V\u00e4rske ja alumiiniumivaba naturaalne tilk deodorant musta k\u00fc\u00fcslaugu ja m\u00fcndiga on sobilik liigse higistamise tasakaalustamiseks.","robots":{"index":"index","follow":"follow","max-snippet":"max-snippet:-1","max-image-preview":"max-image-preview:large","max-video-preview":"max-video-preview:-1"},"canonical":"https:\/\/tilk.bio\/et\/pood\/rahustav-deodorant-musta-kuuslaugu-ja-varskendava-mundiga\/","og_locale":"et_EE","og_type":"article","og_title":"tilk deodorant musta k\u00fc\u00fcslaugu ja v\u00e4rskendava m\u00fcndiga","og_description":"V\u00e4rske ja alumiiniumivaba naturaalne tilk deodorant musta k\u00fc\u00fcslaugu ja m\u00fcndiga on sobilik liigse higistamise tasakaalustamiseks.","og_url":"https:\/\/tilk.bio\/et\/pood\/rahustav-deodorant-musta-kuuslaugu-ja-varskendava-mundiga\/","og_site_name":"Tilk!","article_publisher":"https:\/\/www.facebook.com\/tilk.bio\/","article_modified_time":"2026-04-14T13:45:25+00:00","og_image":[{"width":1200,"height":1200,"url":"https:\/\/tilk.bio\/wp-content\/uploads\/2021\/10\/Untitled-design-56.jpg","type":"image\/jpeg"}],"twitter_card":"summary_large_image","twitter_misc":{"Est. reading time":"1 minut"},"schema":{"@context":"https:\/\/schema.org","@graph":[{"@type":"WebPage","@id":"https:\/\/tilk.bio\/et\/pood\/rahustav-deodorant-musta-kuuslaugu-ja-varskendava-mundiga\/","url":"https:\/\/tilk.bio\/et\/pood\/rahustav-deodorant-musta-kuuslaugu-ja-varskendava-mundiga\/","name":"tilk deodorant musta k\u00fc\u00fcslaugu ja v\u00e4rskendava m\u00fcndiga","isPartOf":{"@id":"https:\/\/tilk.bio\/et\/#website"},"primaryImageOfPage":{"@id":"https:\/\/tilk.bio\/et\/pood\/rahustav-deodorant-musta-kuuslaugu-ja-varskendava-mundiga\/#primaryimage"},"image":{"@id":"https:\/\/tilk.bio\/et\/pood\/rahustav-deodorant-musta-kuuslaugu-ja-varskendava-mundiga\/#primaryimage"},"thumbnailUrl":"https:\/\/tilk.bio\/wp-content\/uploads\/2021\/10\/E4R1071-ruut.jpg","datePublished":"2021-10-26T17:33:19+00:00","dateModified":"2026-04-14T13:45:25+00:00","description":"V\u00e4rske ja alumiiniumivaba naturaalne tilk deodorant musta k\u00fc\u00fcslaugu ja m\u00fcndiga on sobilik liigse higistamise tasakaalustamiseks.","breadcrumb":{"@id":"https:\/\/tilk.bio\/et\/pood\/rahustav-deodorant-musta-kuuslaugu-ja-varskendava-mundiga\/#breadcrumb"},"inLanguage":"et","potentialAction":[{"@type":"ReadAction","target":["https:\/\/tilk.bio\/et\/pood\/rahustav-deodorant-musta-kuuslaugu-ja-varskendava-mundiga\/"]}]},{"@type":"ImageObject","inLanguage":"et","@id":"https:\/\/tilk.bio\/et\/pood\/rahustav-deodorant-musta-kuuslaugu-ja-varskendava-mundiga\/#primaryimage","url":"https:\/\/tilk.bio\/wp-content\/uploads\/2021\/10\/E4R1071-ruut.jpg","contentUrl":"https:\/\/tilk.bio\/wp-content\/uploads\/2021\/10\/E4R1071-ruut.jpg","width":2048,"height":2048},{"@type":"BreadcrumbList","@id":"https:\/\/tilk.bio\/et\/pood\/rahustav-deodorant-musta-kuuslaugu-ja-varskendava-mundiga\/#breadcrumb","itemListElement":[{"@type":"ListItem","position":1,"name":"Home","item":"https:\/\/tilk.bio\/et\/"},{"@type":"ListItem","position":2,"name":"Pood","item":"https:\/\/tilk.bio\/et\/pood\/"},{"@type":"ListItem","position":3,"name":"Rahustav deodorant musta k\u00fc\u00fcslaugu ja v\u00e4rskendava m\u00fcndiga"}]},{"@type":"WebSite","@id":"https:\/\/tilk.bio\/et\/#website","url":"https:\/\/tilk.bio\/et\/","name":"Tilk!","description":"Keskkonnas\u00f5bralik ja j\u00e4tkusuutlik looduskosmeetika Saaremaalt.","potentialAction":[{"@type":"SearchAction","target":{"@type":"EntryPoint","urlTemplate":"https:\/\/tilk.bio\/et\/?s={search_term_string}"},"query-input":{"@type":"PropertyValueSpecification","valueRequired":true,"valueName":"search_term_string"}}],"inLanguage":"et"}]}},"_links":{"self":[{"href":"https:\/\/tilk.bio\/et\/wp-json\/wp\/v2\/product\/58965","targetHints":{"allow":["GET"]}}],"collection":[{"href":"https:\/\/tilk.bio\/et\/wp-json\/wp\/v2\/product"}],"about":[{"href":"https:\/\/tilk.bio\/et\/wp-json\/wp\/v2\/types\/product"}],"replies":[{"embeddable":true,"href":"https:\/\/tilk.bio\/et\/wp-json\/wp\/v2\/comments?post=58965"}],"wp:featuredmedia":[{"embeddable":true,"href":"https:\/\/tilk.bio\/et\/wp-json\/wp\/v2\/media\/77056"}],"wp:attachment":[{"href":"https:\/\/tilk.bio\/et\/wp-json\/wp\/v2\/media?parent=58965"}],"wp:term":[{"taxonomy":"product_brand","embeddable":true,"href":"https:\/\/tilk.bio\/et\/wp-json\/wp\/v2\/product_brand?post=58965"},{"taxonomy":"product_cat","embeddable":true,"href":"https:\/\/tilk.bio\/et\/wp-json\/wp\/v2\/product_cat?post=58965"},{"taxonomy":"product_tag","embeddable":true,"href":"https:\/\/tilk.bio\/et\/wp-json\/wp\/v2\/product_tag?post=58965"}],"curies":[{"name":"wp","href":"https:\/\/api.w.org\/{rel}","templated":true}]}}