{"id":59735,"date":"2021-12-02T02:23:45","date_gmt":"2021-12-02T00:23:45","guid":{"rendered":"https:\/\/tilk.bio\/shop\/repair-me-taastav-naooli-taastav-naooli-c-vitamiini-astelpaju-ja-apelsiniga\/"},"modified":"2026-04-20T20:30:05","modified_gmt":"2026-04-20T17:30:05","slug":"repair-me-taastav-naooli-taastav-naooli-c-vitamiini-astelpaju-ja-apelsiniga","status":"publish","type":"product","link":"https:\/\/tilk.bio\/et\/pood\/repair-me-taastav-naooli-taastav-naooli-c-vitamiini-astelpaju-ja-apelsiniga\/","title":{"rendered":"Repair Me taastav n\u00e4o\u00f5li C-vitamiini, astelpaju ja apelsiniga"},"content":{"rendered":"<p>Repair Me on nahka taastava ja toitva toimega v\u00e4rske apelsinil\u00f5hnaline C-vitamiini seerum n\u00e4ole. C-vitamiini rikas n\u00e4o\u00f5li aitab kaasa kollageeni moodustamisele, on vananemisvastane ja taastab v\u00e4sinud nahka. <a href=\"https:\/\/tilk.bio\/et\/tootekategooria\/koostisosad\/c-vitamiin\/\">C-vitamiin<\/a> v\u00f5itleb vabade radikaalide ja kahjuliku UV-kiirgusega ning n\u00e4o\u00f5li muudab pigmendilaigud heledamaks ning toidab nahka.<\/p>\n<p><a href=\"https:\/\/tilk.bio\/et\/tootekategooria\/naohooldus\/naooli\/\">Repair Me<\/a> n\u00e4o\u00f5li sisaldab hoolikalt valitud koostisosasid, mis on erilised oma k\u00f5rge C-vitamiini sisalduse t\u00f5ttu. N\u00e4o\u00f5li olulisteks komponentideks on nii <em>acerola-<\/em>kirss kui nurmenukk. Need toimeained on v\u00e4ga hinnatud oma k\u00f5rge C-vitamiini sisalduse t\u00f5ttu. C-vitamiinil on oluline roll nahas kollageeni tootmisel. Kollageen on vajalik naha elastsuse, prinkuse ja noorusliku v\u00e4ljan\u00e4gemise jaoks. Lisaks on nurmenukul rahustav, allergiat leevendav, antibakteriaalne ja seenevastane toime. Samuti v\u00e4hendab nurmenukk naha punetust, toniseerib v\u00e4sinud nahka ja muudab heledamaks pigmendilaike.<\/p>\n<p>C-vitamiini seerum sisaldab astelpaju\u00f5li, mis viib nahakihtidesse C-, E-, K- ja P-vitamiinid, muutes naha siidpehmeks. Astelpaju\u00f5li aitab kiirendada mikrohaavade paranemisprotsessi. A- ja C-vitamiin looduslikus n\u00f5geseekstraktis stimuleerivad vereringet. N\u00f5ges on suurep\u00e4rane naha struktuuri tugevdaja ning lisaks aitab see hooldada \u00e4rritunud nahka. Jojoba\u00f5li v\u00f5itleb nahka niisutades ja toites vabade radikaalide vastu ning aprikoosiseemne\u00f5li niisutab ja rahustab nahka. N\u00e4o\u00f5lile imelise v\u00e4rske aroomi andev apelsini eeterlik \u00f5li leevendab stressi, t\u00f5stab meeleolu ja annab energiat.<\/p>\n<p>K\u00f5ik n\u00e4o\u00f5li koostisosad on looduslikku p\u00e4ritolu ja vegan. \u00d5li loomisel oleme kasutanud Saaremaalt k\u00e4sitsi korjatud taimede \u00f5lisid.<\/p>\n<p>Hoiustamine: Hoiusta toatemperatuuril ja kaitstuna otsese p\u00e4ikesevalguse eest.<\/p>\n<p>Kogus: 30 ml<\/p>\n<p><strong>Kasutamine:<\/strong><\/p>\n<p>N\u00e4o\u00f5li saab kasutada mitmel viisil s\u00f5ltuvalt nahat\u00fc\u00fcbist ja eelistustest. Siin on m\u00f5ned peamised soovitused, kuidas n\u00e4o\u00f5li n\u00e4ohooldusesse lisada:<\/p>\n<ol>\n<li><strong>Kreemi j\u00e4rel<\/strong>: P\u00e4rast n\u00e4okreemi pealekandmist v\u00f5ib lisada \u00f5hukese kihi n\u00e4o\u00f5li, mis aitab niiskust nahas lukustada. See sobib h\u00e4sti kuivale ja normaalsele nahale.<\/li>\n<li><strong>N\u00e4okreemiga segamine<\/strong>: Kui soovid \u00f5rna s\u00e4ra ja pehmendavat toimet, v\u00f5id lisada paar tilka n\u00e4o\u00f5li oma n\u00e4okreemi hulka ja kanda m\u00f5lemad korraga nahale.<\/li>\n<li><b>\u00d6iseks kasutamiseks:<\/b> N\u00e4o\u00f5li v\u00f5ib kasutada \u00f6\u00f6sel niisutajana, eriti talvisel ajal ja kuivale nahale. See aitab hommikuks naha siledamaks ja elastsemaks muuta.<\/li>\n<li><strong>Massaa\u017eiks<\/strong>: N\u00e4o\u00f5li on suurep\u00e4rane n\u00e4omassaa\u017ei tegemiseks, kuna see v\u00e4hendab h\u00f5\u00f5rdumist ja aitab vereringet parandada.<\/li>\n<li><strong>Ainult kuivematele piirkondadele<\/strong>: Kui sul on kombineeritud nahk, v\u00f5id \u00f5li kanda ainult kuivematele aladele (n\u00e4iteks p\u00f5sed), j\u00e4ttes rasusemad alad puutumata.<\/li>\n<\/ol>\n<p>Paar \u00fcldist nippi:<\/p>\n<ul>\n<li>Kasuta \u00f5li alati p\u00e4rast vee baasil seerumeid ja niisutajaid, sest \u00f5li toimib t\u00f5kkena, mis takistab vee aurustumist nahast.<\/li>\n<li>Alusta 2-3 tilgast ja kohanda kogust vastavalt vajadusele.<\/li>\n<\/ul>\n<p>&nbsp;<\/p>\n","protected":false},"excerpt":{"rendered":"<p>Repair Me on nahka taastava ja toitva toimega v\u00e4rske apelsinil\u00f5hnaline C-vitamiini seerum n\u00e4ole. C-vitamiini rikas n\u00e4o\u00f5li aitab kaasa kollageeni moodustamisele, on vananemisvastane ja taastab v\u00e4sinud nahka. C-vitamiin v\u00f5itleb vabade radikaalide ja kahjuliku UV-kiirgusega ning n\u00e4o\u00f5li muudab pigmendilaigud heledamaks ning toidab nahka. Repair Me n\u00e4o\u00f5li sisaldab hoolikalt valitud koostisosasid, mis on erilised oma k\u00f5rge C-vitamiini sisalduse&#8230;<\/p>\n","protected":false},"featured_media":67192,"comment_status":"open","ping_status":"closed","template":"","meta":{"_acf_changed":false},"product_brand":[],"product_cat":[532,905,389,511,583,688],"product_tag":[],"class_list":{"0":"post-59735","1":"product","2":"type-product","3":"status-publish","4":"has-post-thumbnail","6":"product_cat-naooli","7":"product_cat-c-vitamiin","8":"product_cat-koik-tooted","9":"product_cat-naohooldus","10":"product_cat-pure-luxury-et","11":"product_cat-vananemisilmingutega-nahk","13":"first","14":"instock","15":"taxable","16":"shipping-taxable","17":"purchasable","18":"product-type-simple"},"acf":[],"yoast_head":"<!-- This site is optimized with the Yoast SEO plugin v27.4 - https:\/\/yoast.com\/product\/yoast-seo-wordpress\/ -->\n<title>Taastav C-vitamiini seerum, astelpaju ja apelsiniga<\/title>\n<meta name=\"description\" content=\"Repair Me on nahka taastava ja toitva toimega v\u00e4rske apelsinil\u00f5hnaline c vitamiini seerum. C-vitamiini rikas n\u00e4o\u00f5li aitab kaasa kollageeni moodustamisele.\" \/>\n<meta name=\"robots\" content=\"index, follow, max-snippet:-1, max-image-preview:large, max-video-preview:-1\" \/>\n<link rel=\"canonical\" href=\"https:\/\/tilk.bio\/et\/pood\/repair-me-taastav-naooli-taastav-naooli-c-vitamiini-astelpaju-ja-apelsiniga\/\" \/>\n<meta property=\"og:locale\" content=\"et_EE\" \/>\n<meta property=\"og:type\" content=\"article\" \/>\n<meta property=\"og:title\" content=\"Taastav C-vitamiini seerum, astelpaju ja apelsiniga\" \/>\n<meta property=\"og:description\" content=\"Repair Me on nahka taastava ja toitva toimega v\u00e4rske apelsinil\u00f5hnaline c vitamiini seerum. C-vitamiini rikas n\u00e4o\u00f5li aitab kaasa kollageeni moodustamisele.\" \/>\n<meta property=\"og:url\" content=\"https:\/\/tilk.bio\/et\/pood\/repair-me-taastav-naooli-taastav-naooli-c-vitamiini-astelpaju-ja-apelsiniga\/\" \/>\n<meta property=\"og:site_name\" content=\"Tilk!\" \/>\n<meta property=\"article:publisher\" content=\"https:\/\/www.facebook.com\/tilk.bio\/\" \/>\n<meta property=\"article:modified_time\" content=\"2026-04-20T17:30:05+00:00\" \/>\n<meta property=\"og:image\" content=\"https:\/\/tilk.bio\/wp-content\/uploads\/2021\/12\/Untitled-design-55.jpg\" \/>\n\t<meta property=\"og:image:width\" content=\"1200\" \/>\n\t<meta property=\"og:image:height\" content=\"1200\" \/>\n\t<meta property=\"og:image:type\" content=\"image\/jpeg\" \/>\n<meta name=\"twitter:card\" content=\"summary_large_image\" \/>\n<meta name=\"twitter:label1\" content=\"Est. reading time\" \/>\n\t<meta name=\"twitter:data1\" content=\"2 minutit\" \/>\n<script type=\"application\/ld+json\" class=\"yoast-schema-graph\">{\"@context\":\"https:\\\/\\\/schema.org\",\"@graph\":[{\"@type\":\"WebPage\",\"@id\":\"https:\\\/\\\/tilk.bio\\\/et\\\/pood\\\/repair-me-taastav-naooli-taastav-naooli-c-vitamiini-astelpaju-ja-apelsiniga\\\/\",\"url\":\"https:\\\/\\\/tilk.bio\\\/et\\\/pood\\\/repair-me-taastav-naooli-taastav-naooli-c-vitamiini-astelpaju-ja-apelsiniga\\\/\",\"name\":\"Taastav C-vitamiini seerum, astelpaju ja apelsiniga\",\"isPartOf\":{\"@id\":\"https:\\\/\\\/tilk.bio\\\/et\\\/#website\"},\"primaryImageOfPage\":{\"@id\":\"https:\\\/\\\/tilk.bio\\\/et\\\/pood\\\/repair-me-taastav-naooli-taastav-naooli-c-vitamiini-astelpaju-ja-apelsiniga\\\/#primaryimage\"},\"image\":{\"@id\":\"https:\\\/\\\/tilk.bio\\\/et\\\/pood\\\/repair-me-taastav-naooli-taastav-naooli-c-vitamiini-astelpaju-ja-apelsiniga\\\/#primaryimage\"},\"thumbnailUrl\":\"https:\\\/\\\/tilk.bio\\\/wp-content\\\/uploads\\\/2021\\\/12\\\/Untitled-design-55.jpg\",\"datePublished\":\"2021-12-02T00:23:45+00:00\",\"dateModified\":\"2026-04-20T17:30:05+00:00\",\"description\":\"Repair Me on nahka taastava ja toitva toimega v\u00e4rske apelsinil\u00f5hnaline c vitamiini seerum. C-vitamiini rikas n\u00e4o\u00f5li aitab kaasa kollageeni moodustamisele.\",\"breadcrumb\":{\"@id\":\"https:\\\/\\\/tilk.bio\\\/et\\\/pood\\\/repair-me-taastav-naooli-taastav-naooli-c-vitamiini-astelpaju-ja-apelsiniga\\\/#breadcrumb\"},\"inLanguage\":\"et\",\"potentialAction\":[{\"@type\":\"ReadAction\",\"target\":[\"https:\\\/\\\/tilk.bio\\\/et\\\/pood\\\/repair-me-taastav-naooli-taastav-naooli-c-vitamiini-astelpaju-ja-apelsiniga\\\/\"]}]},{\"@type\":\"ImageObject\",\"inLanguage\":\"et\",\"@id\":\"https:\\\/\\\/tilk.bio\\\/et\\\/pood\\\/repair-me-taastav-naooli-taastav-naooli-c-vitamiini-astelpaju-ja-apelsiniga\\\/#primaryimage\",\"url\":\"https:\\\/\\\/tilk.bio\\\/wp-content\\\/uploads\\\/2021\\\/12\\\/Untitled-design-55.jpg\",\"contentUrl\":\"https:\\\/\\\/tilk.bio\\\/wp-content\\\/uploads\\\/2021\\\/12\\\/Untitled-design-55.jpg\",\"width\":1200,\"height\":1200},{\"@type\":\"BreadcrumbList\",\"@id\":\"https:\\\/\\\/tilk.bio\\\/et\\\/pood\\\/repair-me-taastav-naooli-taastav-naooli-c-vitamiini-astelpaju-ja-apelsiniga\\\/#breadcrumb\",\"itemListElement\":[{\"@type\":\"ListItem\",\"position\":1,\"name\":\"Home\",\"item\":\"https:\\\/\\\/tilk.bio\\\/et\\\/\"},{\"@type\":\"ListItem\",\"position\":2,\"name\":\"Pood\",\"item\":\"https:\\\/\\\/tilk.bio\\\/et\\\/pood\\\/\"},{\"@type\":\"ListItem\",\"position\":3,\"name\":\"Repair Me taastav n\u00e4o\u00f5li C-vitamiini, astelpaju ja apelsiniga\"}]},{\"@type\":\"WebSite\",\"@id\":\"https:\\\/\\\/tilk.bio\\\/et\\\/#website\",\"url\":\"https:\\\/\\\/tilk.bio\\\/et\\\/\",\"name\":\"Tilk!\",\"description\":\"Keskkonnas\u00f5bralik ja j\u00e4tkusuutlik looduskosmeetika Saaremaalt.\",\"potentialAction\":[{\"@type\":\"SearchAction\",\"target\":{\"@type\":\"EntryPoint\",\"urlTemplate\":\"https:\\\/\\\/tilk.bio\\\/et\\\/?s={search_term_string}\"},\"query-input\":{\"@type\":\"PropertyValueSpecification\",\"valueRequired\":true,\"valueName\":\"search_term_string\"}}],\"inLanguage\":\"et\"}]}<\/script>\n<!-- \/ Yoast SEO plugin. -->","yoast_head_json":{"title":"Taastav C-vitamiini seerum, astelpaju ja apelsiniga","description":"Repair Me on nahka taastava ja toitva toimega v\u00e4rske apelsinil\u00f5hnaline c vitamiini seerum. C-vitamiini rikas n\u00e4o\u00f5li aitab kaasa kollageeni moodustamisele.","robots":{"index":"index","follow":"follow","max-snippet":"max-snippet:-1","max-image-preview":"max-image-preview:large","max-video-preview":"max-video-preview:-1"},"canonical":"https:\/\/tilk.bio\/et\/pood\/repair-me-taastav-naooli-taastav-naooli-c-vitamiini-astelpaju-ja-apelsiniga\/","og_locale":"et_EE","og_type":"article","og_title":"Taastav C-vitamiini seerum, astelpaju ja apelsiniga","og_description":"Repair Me on nahka taastava ja toitva toimega v\u00e4rske apelsinil\u00f5hnaline c vitamiini seerum. C-vitamiini rikas n\u00e4o\u00f5li aitab kaasa kollageeni moodustamisele.","og_url":"https:\/\/tilk.bio\/et\/pood\/repair-me-taastav-naooli-taastav-naooli-c-vitamiini-astelpaju-ja-apelsiniga\/","og_site_name":"Tilk!","article_publisher":"https:\/\/www.facebook.com\/tilk.bio\/","article_modified_time":"2026-04-20T17:30:05+00:00","og_image":[{"width":1200,"height":1200,"url":"https:\/\/tilk.bio\/wp-content\/uploads\/2021\/12\/Untitled-design-55.jpg","type":"image\/jpeg"}],"twitter_card":"summary_large_image","twitter_misc":{"Est. reading time":"2 minutit"},"schema":{"@context":"https:\/\/schema.org","@graph":[{"@type":"WebPage","@id":"https:\/\/tilk.bio\/et\/pood\/repair-me-taastav-naooli-taastav-naooli-c-vitamiini-astelpaju-ja-apelsiniga\/","url":"https:\/\/tilk.bio\/et\/pood\/repair-me-taastav-naooli-taastav-naooli-c-vitamiini-astelpaju-ja-apelsiniga\/","name":"Taastav C-vitamiini seerum, astelpaju ja apelsiniga","isPartOf":{"@id":"https:\/\/tilk.bio\/et\/#website"},"primaryImageOfPage":{"@id":"https:\/\/tilk.bio\/et\/pood\/repair-me-taastav-naooli-taastav-naooli-c-vitamiini-astelpaju-ja-apelsiniga\/#primaryimage"},"image":{"@id":"https:\/\/tilk.bio\/et\/pood\/repair-me-taastav-naooli-taastav-naooli-c-vitamiini-astelpaju-ja-apelsiniga\/#primaryimage"},"thumbnailUrl":"https:\/\/tilk.bio\/wp-content\/uploads\/2021\/12\/Untitled-design-55.jpg","datePublished":"2021-12-02T00:23:45+00:00","dateModified":"2026-04-20T17:30:05+00:00","description":"Repair Me on nahka taastava ja toitva toimega v\u00e4rske apelsinil\u00f5hnaline c vitamiini seerum. C-vitamiini rikas n\u00e4o\u00f5li aitab kaasa kollageeni moodustamisele.","breadcrumb":{"@id":"https:\/\/tilk.bio\/et\/pood\/repair-me-taastav-naooli-taastav-naooli-c-vitamiini-astelpaju-ja-apelsiniga\/#breadcrumb"},"inLanguage":"et","potentialAction":[{"@type":"ReadAction","target":["https:\/\/tilk.bio\/et\/pood\/repair-me-taastav-naooli-taastav-naooli-c-vitamiini-astelpaju-ja-apelsiniga\/"]}]},{"@type":"ImageObject","inLanguage":"et","@id":"https:\/\/tilk.bio\/et\/pood\/repair-me-taastav-naooli-taastav-naooli-c-vitamiini-astelpaju-ja-apelsiniga\/#primaryimage","url":"https:\/\/tilk.bio\/wp-content\/uploads\/2021\/12\/Untitled-design-55.jpg","contentUrl":"https:\/\/tilk.bio\/wp-content\/uploads\/2021\/12\/Untitled-design-55.jpg","width":1200,"height":1200},{"@type":"BreadcrumbList","@id":"https:\/\/tilk.bio\/et\/pood\/repair-me-taastav-naooli-taastav-naooli-c-vitamiini-astelpaju-ja-apelsiniga\/#breadcrumb","itemListElement":[{"@type":"ListItem","position":1,"name":"Home","item":"https:\/\/tilk.bio\/et\/"},{"@type":"ListItem","position":2,"name":"Pood","item":"https:\/\/tilk.bio\/et\/pood\/"},{"@type":"ListItem","position":3,"name":"Repair Me taastav n\u00e4o\u00f5li C-vitamiini, astelpaju ja apelsiniga"}]},{"@type":"WebSite","@id":"https:\/\/tilk.bio\/et\/#website","url":"https:\/\/tilk.bio\/et\/","name":"Tilk!","description":"Keskkonnas\u00f5bralik ja j\u00e4tkusuutlik looduskosmeetika Saaremaalt.","potentialAction":[{"@type":"SearchAction","target":{"@type":"EntryPoint","urlTemplate":"https:\/\/tilk.bio\/et\/?s={search_term_string}"},"query-input":{"@type":"PropertyValueSpecification","valueRequired":true,"valueName":"search_term_string"}}],"inLanguage":"et"}]}},"_links":{"self":[{"href":"https:\/\/tilk.bio\/et\/wp-json\/wp\/v2\/product\/59735","targetHints":{"allow":["GET"]}}],"collection":[{"href":"https:\/\/tilk.bio\/et\/wp-json\/wp\/v2\/product"}],"about":[{"href":"https:\/\/tilk.bio\/et\/wp-json\/wp\/v2\/types\/product"}],"replies":[{"embeddable":true,"href":"https:\/\/tilk.bio\/et\/wp-json\/wp\/v2\/comments?post=59735"}],"wp:featuredmedia":[{"embeddable":true,"href":"https:\/\/tilk.bio\/et\/wp-json\/wp\/v2\/media\/67192"}],"wp:attachment":[{"href":"https:\/\/tilk.bio\/et\/wp-json\/wp\/v2\/media?parent=59735"}],"wp:term":[{"taxonomy":"product_brand","embeddable":true,"href":"https:\/\/tilk.bio\/et\/wp-json\/wp\/v2\/product_brand?post=59735"},{"taxonomy":"product_cat","embeddable":true,"href":"https:\/\/tilk.bio\/et\/wp-json\/wp\/v2\/product_cat?post=59735"},{"taxonomy":"product_tag","embeddable":true,"href":"https:\/\/tilk.bio\/et\/wp-json\/wp\/v2\/product_tag?post=59735"}],"curies":[{"name":"wp","href":"https:\/\/api.w.org\/{rel}","templated":true}]}}