{"id":62095,"date":"2022-04-25T16:52:44","date_gmt":"2022-04-25T13:52:44","guid":{"rendered":"https:\/\/tilk.bio\/shop\/moisturising-eye-cream-with-black-garlic-and-vitamin-c\/"},"modified":"2026-04-10T14:00:19","modified_gmt":"2026-04-10T11:00:19","slug":"niisutav-musta-kuuslaugu-ja-c-vitamiiniga-silmakreem","status":"publish","type":"product","link":"https:\/\/tilk.bio\/et\/pood\/niisutav-musta-kuuslaugu-ja-c-vitamiiniga-silmakreem\/","title":{"rendered":"Niisutav musta k\u00fc\u00fcslaugu ja C-vitamiiniga silma\u00fcmbruskreem -20%"},"content":{"rendered":"<p>Niisutav <a href=\"\/?product_cat=silmakreemid\">silma\u00fcmbruskreem<\/a> musta k\u00fc\u00fcslaugu ja <a href=\"https:\/\/tilk.bio\/et\/tootekategooria\/koostisosad\/c-vitamiin\/\">C-vitamiiniga<\/a> toidab nahka ja on kergesti imenduva koostisega. Kreem sisaldab hoolikalt valitud koostisosasid, mis on erilised oma k\u00f5rge C-vitamiini ning antioks\u00fcdantide sisalduse poolest. C-vitamiin aitab \u00fchtlustada nahatooni, annab sellele erksust ja aitab kaasa kollageeni moodustamisele, mis on vajalik vananemism\u00e4rkide ennetamiseks ja leevendamiseks.<\/p>\n<p>Acerola kirsi, E-vitamiini ja musta k\u00fc\u00fcslaugu koostoimeefekt aitab nahka kaitsta vabade radikaalide eest, andes silmakreemile vananemisvastase toime. Lisaks toetab E-vitamiin naharakkude uuenemist.<\/p>\n<p>\u00d5rna silmanaha toitmise, elastsuse ja niisutuse eest kannab kreemis hoolt kookos\u00f5li ning lisaniisutust pakub taimne gl\u00fctseriin. Rikkaliku koostisega jojoba\u00f5li taastab ning toidab nahka vajalike vitamiinide ja mineraalidega. Looduslikes \u00f5lides peituvad antioks\u00fcdandid muudavad naha siidpehmeks ja elastseks. Silmakreemile annavad m\u00f5nusa aroomi ja rahustava toime kummel koos lavendliga.<\/p>\n<p><b>Silma\u00fcmbruskreem &#8211; kasutamine:<\/b> C-vitamiini silmakreem sobib \u00f5rna silmaaluse naha igap\u00e4evaseks niisutamiseks peale n\u00e4onaha puhastamist hommikul ja \u00f5htul. Parima vananemisvastase toime saab, kui nahahoolduses kasutada silmakreemiga koos ka <a href=\"https:\/\/tilk.bio\/et\/pood\/toitev-vananemisvastane-naokreem-c-vitamiini-ja-musta-kuuslauguga\/\"><strong>Tilk! C-vitamiini kreemi<\/strong><\/a> ning <a href=\"https:\/\/tilk.bio\/et\/pood\/vananemisvastane-naomask-c-vitamiini-musta-kuuslaugu-ja-kurkumiga\/\"><strong>C-vitamiini maski<\/strong><\/a><\/p>\n<p>K\u00f5ik silmakreemi koostisosad on looduslikku p\u00e4ritolu ja vegan. Niisutav silmakreem on Taltechi teadlastega koost\u00f6\u00f6s valminud innovaatiline nahahooldustoode, mis \u00fchendab endas Korea iidsete traditsioonide j\u00e4rgi valmistatud Eestimaa musta k\u00fc\u00fcslaugu ja kaasaegse teaduse l\u00e4henemist looduskosmeetikale.<\/p>\n<p>Hoiustamine: Hoiusta silmakreemi toatemperatuuril.<\/p>\n<p>Kogus: 15 ml<\/p>\n","protected":false},"excerpt":{"rendered":"<p>Niisutav silma\u00fcmbruskreem musta k\u00fc\u00fcslaugu ja C-vitamiiniga toidab nahka ja on kergesti imenduva koostisega. Kreem sisaldab hoolikalt valitud koostisosasid, mis on erilised oma k\u00f5rge C-vitamiini ning antioks\u00fcdantide sisalduse poolest. C-vitamiin aitab \u00fchtlustada nahatooni, annab sellele erksust ja aitab kaasa kollageeni moodustamisele, mis on vajalik vananemism\u00e4rkide ennetamiseks ja leevendamiseks. Acerola kirsi, E-vitamiini ja musta k\u00fc\u00fcslaugu koostoimeefekt aitab&#8230;<\/p>\n","protected":false},"featured_media":77049,"comment_status":"open","ping_status":"closed","template":"","meta":{"_acf_changed":false},"product_brand":[],"product_cat":[609,905,389,926,724,688],"product_tag":[],"class_list":{"0":"post-62095","1":"product","2":"type-product","3":"status-publish","4":"has-post-thumbnail","6":"product_cat-silmatooted","7":"product_cat-c-vitamiin","8":"product_cat-koik-tooted","9":"product_cat-lopumuuk","10":"product_cat-must-kuuslauk","11":"product_cat-vananemisilmingutega-nahk","13":"first","14":"instock","15":"sale","16":"taxable","17":"shipping-taxable","18":"purchasable","19":"product-type-variable"},"acf":[],"yoast_head":"<!-- This site is optimized with the Yoast SEO plugin v27.3 - https:\/\/yoast.com\/product\/yoast-seo-wordpress\/ -->\n<title>Niisutav silma\u00fcmbruskreem musta k\u00fc\u00fcslaugu ja C-vitamiiniga<\/title>\n<meta name=\"description\" content=\"Niisutav silma\u00fcmbruskreem musta k\u00fc\u00fcslaugu ja C-vitamiiniga toidab nahka ja on kergesti imenduva koostisega. Kreem sisaldab hoolikalt valitud koostisosasid.\" \/>\n<meta name=\"robots\" content=\"index, follow, max-snippet:-1, max-image-preview:large, max-video-preview:-1\" \/>\n<link rel=\"canonical\" href=\"https:\/\/tilk.bio\/et\/pood\/niisutav-musta-kuuslaugu-ja-c-vitamiiniga-silmakreem\/\" \/>\n<meta property=\"og:locale\" content=\"et_EE\" \/>\n<meta property=\"og:type\" content=\"article\" \/>\n<meta property=\"og:title\" content=\"Niisutav silma\u00fcmbruskreem musta k\u00fc\u00fcslaugu ja C-vitamiiniga\" \/>\n<meta property=\"og:description\" content=\"Niisutav silma\u00fcmbruskreem musta k\u00fc\u00fcslaugu ja C-vitamiiniga toidab nahka ja on kergesti imenduva koostisega. Kreem sisaldab hoolikalt valitud koostisosasid.\" \/>\n<meta property=\"og:url\" content=\"https:\/\/tilk.bio\/et\/pood\/niisutav-musta-kuuslaugu-ja-c-vitamiiniga-silmakreem\/\" \/>\n<meta property=\"og:site_name\" content=\"Tilk!\" \/>\n<meta property=\"article:publisher\" content=\"https:\/\/www.facebook.com\/tilk.bio\/\" \/>\n<meta property=\"article:modified_time\" content=\"2026-04-10T11:00:19+00:00\" \/>\n<meta property=\"og:image\" content=\"https:\/\/tilk.bio\/wp-content\/uploads\/2022\/04\/labsilmakreem1200x628.png\" \/>\n\t<meta property=\"og:image:width\" content=\"1200\" \/>\n\t<meta property=\"og:image:height\" content=\"628\" \/>\n\t<meta property=\"og:image:type\" content=\"image\/png\" \/>\n<meta name=\"twitter:card\" content=\"summary_large_image\" \/>\n<meta name=\"twitter:label1\" content=\"Est. reading time\" \/>\n\t<meta name=\"twitter:data1\" content=\"1 minut\" \/>\n<script type=\"application\/ld+json\" class=\"yoast-schema-graph\">{\"@context\":\"https:\\\/\\\/schema.org\",\"@graph\":[{\"@type\":\"WebPage\",\"@id\":\"https:\\\/\\\/tilk.bio\\\/et\\\/pood\\\/niisutav-musta-kuuslaugu-ja-c-vitamiiniga-silmakreem\\\/\",\"url\":\"https:\\\/\\\/tilk.bio\\\/et\\\/pood\\\/niisutav-musta-kuuslaugu-ja-c-vitamiiniga-silmakreem\\\/\",\"name\":\"Niisutav silma\u00fcmbruskreem musta k\u00fc\u00fcslaugu ja C-vitamiiniga\",\"isPartOf\":{\"@id\":\"https:\\\/\\\/tilk.bio\\\/et\\\/#website\"},\"primaryImageOfPage\":{\"@id\":\"https:\\\/\\\/tilk.bio\\\/et\\\/pood\\\/niisutav-musta-kuuslaugu-ja-c-vitamiiniga-silmakreem\\\/#primaryimage\"},\"image\":{\"@id\":\"https:\\\/\\\/tilk.bio\\\/et\\\/pood\\\/niisutav-musta-kuuslaugu-ja-c-vitamiiniga-silmakreem\\\/#primaryimage\"},\"thumbnailUrl\":\"https:\\\/\\\/tilk.bio\\\/wp-content\\\/uploads\\\/2022\\\/04\\\/E4R1077-ruut.jpg\",\"datePublished\":\"2022-04-25T13:52:44+00:00\",\"dateModified\":\"2026-04-10T11:00:19+00:00\",\"description\":\"Niisutav silma\u00fcmbruskreem musta k\u00fc\u00fcslaugu ja C-vitamiiniga toidab nahka ja on kergesti imenduva koostisega. Kreem sisaldab hoolikalt valitud koostisosasid.\",\"breadcrumb\":{\"@id\":\"https:\\\/\\\/tilk.bio\\\/et\\\/pood\\\/niisutav-musta-kuuslaugu-ja-c-vitamiiniga-silmakreem\\\/#breadcrumb\"},\"inLanguage\":\"et\",\"potentialAction\":[{\"@type\":\"ReadAction\",\"target\":[\"https:\\\/\\\/tilk.bio\\\/et\\\/pood\\\/niisutav-musta-kuuslaugu-ja-c-vitamiiniga-silmakreem\\\/\"]}]},{\"@type\":\"ImageObject\",\"inLanguage\":\"et\",\"@id\":\"https:\\\/\\\/tilk.bio\\\/et\\\/pood\\\/niisutav-musta-kuuslaugu-ja-c-vitamiiniga-silmakreem\\\/#primaryimage\",\"url\":\"https:\\\/\\\/tilk.bio\\\/wp-content\\\/uploads\\\/2022\\\/04\\\/E4R1077-ruut.jpg\",\"contentUrl\":\"https:\\\/\\\/tilk.bio\\\/wp-content\\\/uploads\\\/2022\\\/04\\\/E4R1077-ruut.jpg\",\"width\":2048,\"height\":2048,\"caption\":\"c vitamin eye cream\"},{\"@type\":\"BreadcrumbList\",\"@id\":\"https:\\\/\\\/tilk.bio\\\/et\\\/pood\\\/niisutav-musta-kuuslaugu-ja-c-vitamiiniga-silmakreem\\\/#breadcrumb\",\"itemListElement\":[{\"@type\":\"ListItem\",\"position\":1,\"name\":\"Home\",\"item\":\"https:\\\/\\\/tilk.bio\\\/et\\\/\"},{\"@type\":\"ListItem\",\"position\":2,\"name\":\"Pood\",\"item\":\"https:\\\/\\\/tilk.bio\\\/et\\\/pood\\\/\"},{\"@type\":\"ListItem\",\"position\":3,\"name\":\"Niisutav musta k\u00fc\u00fcslaugu ja C-vitamiiniga silma\u00fcmbruskreem -20%\"}]},{\"@type\":\"WebSite\",\"@id\":\"https:\\\/\\\/tilk.bio\\\/et\\\/#website\",\"url\":\"https:\\\/\\\/tilk.bio\\\/et\\\/\",\"name\":\"Tilk!\",\"description\":\"Keskkonnas\u00f5bralik ja j\u00e4tkusuutlik looduskosmeetika Saaremaalt.\",\"potentialAction\":[{\"@type\":\"SearchAction\",\"target\":{\"@type\":\"EntryPoint\",\"urlTemplate\":\"https:\\\/\\\/tilk.bio\\\/et\\\/?s={search_term_string}\"},\"query-input\":{\"@type\":\"PropertyValueSpecification\",\"valueRequired\":true,\"valueName\":\"search_term_string\"}}],\"inLanguage\":\"et\"}]}<\/script>\n<!-- \/ Yoast SEO plugin. -->","yoast_head_json":{"title":"Niisutav silma\u00fcmbruskreem musta k\u00fc\u00fcslaugu ja C-vitamiiniga","description":"Niisutav silma\u00fcmbruskreem musta k\u00fc\u00fcslaugu ja C-vitamiiniga toidab nahka ja on kergesti imenduva koostisega. Kreem sisaldab hoolikalt valitud koostisosasid.","robots":{"index":"index","follow":"follow","max-snippet":"max-snippet:-1","max-image-preview":"max-image-preview:large","max-video-preview":"max-video-preview:-1"},"canonical":"https:\/\/tilk.bio\/et\/pood\/niisutav-musta-kuuslaugu-ja-c-vitamiiniga-silmakreem\/","og_locale":"et_EE","og_type":"article","og_title":"Niisutav silma\u00fcmbruskreem musta k\u00fc\u00fcslaugu ja C-vitamiiniga","og_description":"Niisutav silma\u00fcmbruskreem musta k\u00fc\u00fcslaugu ja C-vitamiiniga toidab nahka ja on kergesti imenduva koostisega. Kreem sisaldab hoolikalt valitud koostisosasid.","og_url":"https:\/\/tilk.bio\/et\/pood\/niisutav-musta-kuuslaugu-ja-c-vitamiiniga-silmakreem\/","og_site_name":"Tilk!","article_publisher":"https:\/\/www.facebook.com\/tilk.bio\/","article_modified_time":"2026-04-10T11:00:19+00:00","og_image":[{"width":1200,"height":628,"url":"https:\/\/tilk.bio\/wp-content\/uploads\/2022\/04\/labsilmakreem1200x628.png","type":"image\/png"}],"twitter_card":"summary_large_image","twitter_misc":{"Est. reading time":"1 minut"},"schema":{"@context":"https:\/\/schema.org","@graph":[{"@type":"WebPage","@id":"https:\/\/tilk.bio\/et\/pood\/niisutav-musta-kuuslaugu-ja-c-vitamiiniga-silmakreem\/","url":"https:\/\/tilk.bio\/et\/pood\/niisutav-musta-kuuslaugu-ja-c-vitamiiniga-silmakreem\/","name":"Niisutav silma\u00fcmbruskreem musta k\u00fc\u00fcslaugu ja C-vitamiiniga","isPartOf":{"@id":"https:\/\/tilk.bio\/et\/#website"},"primaryImageOfPage":{"@id":"https:\/\/tilk.bio\/et\/pood\/niisutav-musta-kuuslaugu-ja-c-vitamiiniga-silmakreem\/#primaryimage"},"image":{"@id":"https:\/\/tilk.bio\/et\/pood\/niisutav-musta-kuuslaugu-ja-c-vitamiiniga-silmakreem\/#primaryimage"},"thumbnailUrl":"https:\/\/tilk.bio\/wp-content\/uploads\/2022\/04\/E4R1077-ruut.jpg","datePublished":"2022-04-25T13:52:44+00:00","dateModified":"2026-04-10T11:00:19+00:00","description":"Niisutav silma\u00fcmbruskreem musta k\u00fc\u00fcslaugu ja C-vitamiiniga toidab nahka ja on kergesti imenduva koostisega. Kreem sisaldab hoolikalt valitud koostisosasid.","breadcrumb":{"@id":"https:\/\/tilk.bio\/et\/pood\/niisutav-musta-kuuslaugu-ja-c-vitamiiniga-silmakreem\/#breadcrumb"},"inLanguage":"et","potentialAction":[{"@type":"ReadAction","target":["https:\/\/tilk.bio\/et\/pood\/niisutav-musta-kuuslaugu-ja-c-vitamiiniga-silmakreem\/"]}]},{"@type":"ImageObject","inLanguage":"et","@id":"https:\/\/tilk.bio\/et\/pood\/niisutav-musta-kuuslaugu-ja-c-vitamiiniga-silmakreem\/#primaryimage","url":"https:\/\/tilk.bio\/wp-content\/uploads\/2022\/04\/E4R1077-ruut.jpg","contentUrl":"https:\/\/tilk.bio\/wp-content\/uploads\/2022\/04\/E4R1077-ruut.jpg","width":2048,"height":2048,"caption":"c vitamin eye cream"},{"@type":"BreadcrumbList","@id":"https:\/\/tilk.bio\/et\/pood\/niisutav-musta-kuuslaugu-ja-c-vitamiiniga-silmakreem\/#breadcrumb","itemListElement":[{"@type":"ListItem","position":1,"name":"Home","item":"https:\/\/tilk.bio\/et\/"},{"@type":"ListItem","position":2,"name":"Pood","item":"https:\/\/tilk.bio\/et\/pood\/"},{"@type":"ListItem","position":3,"name":"Niisutav musta k\u00fc\u00fcslaugu ja C-vitamiiniga silma\u00fcmbruskreem -20%"}]},{"@type":"WebSite","@id":"https:\/\/tilk.bio\/et\/#website","url":"https:\/\/tilk.bio\/et\/","name":"Tilk!","description":"Keskkonnas\u00f5bralik ja j\u00e4tkusuutlik looduskosmeetika Saaremaalt.","potentialAction":[{"@type":"SearchAction","target":{"@type":"EntryPoint","urlTemplate":"https:\/\/tilk.bio\/et\/?s={search_term_string}"},"query-input":{"@type":"PropertyValueSpecification","valueRequired":true,"valueName":"search_term_string"}}],"inLanguage":"et"}]}},"_links":{"self":[{"href":"https:\/\/tilk.bio\/et\/wp-json\/wp\/v2\/product\/62095","targetHints":{"allow":["GET"]}}],"collection":[{"href":"https:\/\/tilk.bio\/et\/wp-json\/wp\/v2\/product"}],"about":[{"href":"https:\/\/tilk.bio\/et\/wp-json\/wp\/v2\/types\/product"}],"replies":[{"embeddable":true,"href":"https:\/\/tilk.bio\/et\/wp-json\/wp\/v2\/comments?post=62095"}],"wp:featuredmedia":[{"embeddable":true,"href":"https:\/\/tilk.bio\/et\/wp-json\/wp\/v2\/media\/77049"}],"wp:attachment":[{"href":"https:\/\/tilk.bio\/et\/wp-json\/wp\/v2\/media?parent=62095"}],"wp:term":[{"taxonomy":"product_brand","embeddable":true,"href":"https:\/\/tilk.bio\/et\/wp-json\/wp\/v2\/product_brand?post=62095"},{"taxonomy":"product_cat","embeddable":true,"href":"https:\/\/tilk.bio\/et\/wp-json\/wp\/v2\/product_cat?post=62095"},{"taxonomy":"product_tag","embeddable":true,"href":"https:\/\/tilk.bio\/et\/wp-json\/wp\/v2\/product_tag?post=62095"}],"curies":[{"name":"wp","href":"https:\/\/api.w.org\/{rel}","templated":true}]}}