{"id":62122,"date":"2022-04-28T10:31:05","date_gmt":"2022-04-28T07:31:05","guid":{"rendered":"https:\/\/tilk.bio\/shop\/stimulate-me-ergutav-aha-kehakreem-greibi-ja-punavetikaekstraktiga-punavetikaga\/"},"modified":"2026-03-09T19:30:04","modified_gmt":"2026-03-09T17:30:04","slug":"stimulate-me-ergutav-aha-kehakreem-greibi-ja-punavetikaekstraktiga","status":"publish","type":"product","link":"https:\/\/tilk.bio\/et\/pood\/stimulate-me-ergutav-aha-kehakreem-greibi-ja-punavetikaekstraktiga\/","title":{"rendered":"Stimulate Me ergutav AHA-kehakreem greibi ja punavetikaekstraktiga"},"content":{"rendered":"<p>Siidise koostisega <a href=\"https:\/\/tilk.bio\/et\/tootekategooria\/kehale\/kehakreemid-ja-voided\/\">AHA-kehakreem<\/a> on niisutav, vereringet ergutav ja nahka trimmiva toimega. Kreemis olevad puuviljahapped on kergelt koorivad ja nahka v\u00e4rskendavad.<\/p>\n<p>Kehakreemi koostises on punavetikaekstrakt ja greibi eeterlik \u00f5li, mis aitavad kaasa naha trimmimisele ja v\u00f5itlevad tselluliidiga. Vetikaekstrakti bioaktiivsed koostisosad nagu pol\u00fcsahhariidid, proteiinid, lipiidid, pigmendid, vitamiinid ning antioks\u00fcdandid v\u00f5itlevad ka naha vananemisega ning toidavad seda.<\/p>\n<p>Koorivad <a href=\"https:\/\/tilk.bio\/et\/pood\/smooth-me-naooli\/\">AHA-happed<\/a> \u00fchtlustavad nahatooni ja tekstuuri, taastavad nahka, ergastavad naha jumet ja niisutavad. Koorimine aitab kaasa ka kollageeni tootmisele ning t\u00f5stab teiste koostisosade imendumise efektiivsust. Kreemis sisalduv astelpaju\u00f5li viib nahakihtidesse C-, E-, K- ja P-vitamiinid, muutes naha siidpehmeks. Vitamiinirikkad kookos\u00f5li, aprikoosituuma\u00f5li, mangov\u00f5i ning E-vitamiin niisutavad ja toidavad nahka s\u00fcgavuti ning kaitsevad nahka vabade radikaalide eest, pidurdades vananemisprotsessi. Kreemile annab m\u00f5nusa ja v\u00e4rske aroomi greibi eeterlik \u00f5li.<\/p>\n<p><strong>Kasutamine:<\/strong> Kanna kreem ringjate liigutustega nahale ja lase imenduda. Kreem sobib igap\u00e4evaseks kasutamiseks.<\/p>\n<p>K\u00f5ik kehakreemi koostisosad on looduslikku p\u00e4ritolu ja vegan. Kreemis kasutame Saaremaa rannaaladelt korjatud punavetikatest tehtud ekstrakti.<\/p>\n<p>Hoiustamine: Hoiusta kehakreemi toatemperatuuril.<\/p>\n<p>Kogus: 150 ml<\/p>\n","protected":false},"excerpt":{"rendered":"<p>Siidise koostisega AHA-kehakreem on niisutav, vereringet ergutav ja nahka trimmiva toimega. Kreemis olevad puuviljahapped on kergelt koorivad ja nahka v\u00e4rskendavad. Kehakreemi koostises on punavetikaekstrakt ja greibi eeterlik \u00f5li, mis aitavad kaasa naha trimmimisele ja v\u00f5itlevad tselluliidiga. Vetikaekstrakti bioaktiivsed koostisosad nagu pol\u00fcsahhariidid, proteiinid, lipiidid, pigmendid, vitamiinid ning antioks\u00fcdandid v\u00f5itlevad ka naha vananemisega ning toidavad seda. Koorivad&#8230;<\/p>\n","protected":false},"featured_media":65150,"comment_status":"closed","ping_status":"closed","template":"","meta":{"_acf_changed":false},"product_brand":[],"product_cat":[869,494,495,605,389,926,907,713,725],"product_tag":[],"class_list":{"0":"post-62122","1":"product","2":"type-product","3":"status-publish","4":"has-post-thumbnail","6":"product_cat-aha-happed","7":"product_cat-klientide-lemmikud","8":"product_cat-kehale","9":"product_cat-kehakreemid-ja-voided","10":"product_cat-koik-tooted","11":"product_cat-lopumuuk","12":"product_cat-punavetikaekstrakt","13":"product_cat-tilk-herbal-et","14":"product_cat-tooteseeriad-et","16":"first","17":"instock","18":"taxable","19":"shipping-taxable","20":"purchasable","21":"product-type-simple"},"acf":[],"yoast_head":"<!-- This site is optimized with the Yoast SEO plugin v27.3 - https:\/\/yoast.com\/product\/yoast-seo-wordpress\/ -->\n<title>kehakreem greibi ja punavetikaekstraktiga<\/title>\n<meta name=\"description\" content=\"Siidise koostisega kehakreem on niisutav, vereringet ergutav ja nahka trimmiva toimega. Kreemis olevad puuviljahapped on kergelt koorivad.\" \/>\n<meta name=\"robots\" content=\"index, follow, max-snippet:-1, max-image-preview:large, max-video-preview:-1\" \/>\n<link rel=\"canonical\" href=\"https:\/\/tilk.bio\/pood\/stimulate-me-aha-body-cream-with-grapefruit-and-red-algae-extract\/\" \/>\n<meta property=\"og:locale\" content=\"et_EE\" \/>\n<meta property=\"og:type\" content=\"article\" \/>\n<meta property=\"og:title\" content=\"kehakreem greibi ja punavetikaekstraktiga\" \/>\n<meta property=\"og:description\" content=\"Siidise koostisega kehakreem on niisutav, vereringet ergutav ja nahka trimmiva toimega. Kreemis olevad puuviljahapped on kergelt koorivad.\" \/>\n<meta property=\"og:url\" content=\"https:\/\/tilk.bio\/pood\/stimulate-me-aha-body-cream-with-grapefruit-and-red-algae-extract\/\" \/>\n<meta property=\"og:site_name\" content=\"Tilk!\" \/>\n<meta property=\"article:publisher\" content=\"https:\/\/www.facebook.com\/tilk.bio\/\" \/>\n<meta property=\"article:modified_time\" content=\"2026-03-09T17:30:04+00:00\" \/>\n<meta property=\"og:image\" content=\"https:\/\/tilk.bio\/wp-content\/uploads\/2022\/04\/stimulate1200x628.png\" \/>\n\t<meta property=\"og:image:width\" content=\"1200\" \/>\n\t<meta property=\"og:image:height\" content=\"628\" \/>\n\t<meta property=\"og:image:type\" content=\"image\/png\" \/>\n<meta name=\"twitter:card\" content=\"summary_large_image\" \/>\n<meta name=\"twitter:label1\" content=\"Est. reading time\" \/>\n\t<meta name=\"twitter:data1\" content=\"1 minut\" \/>\n<script type=\"application\/ld+json\" class=\"yoast-schema-graph\">{\"@context\":\"https:\\\/\\\/schema.org\",\"@graph\":[{\"@type\":\"WebPage\",\"@id\":\"https:\\\/\\\/tilk.bio\\\/pood\\\/stimulate-me-aha-body-cream-with-grapefruit-and-red-algae-extract\\\/\",\"url\":\"https:\\\/\\\/tilk.bio\\\/pood\\\/stimulate-me-aha-body-cream-with-grapefruit-and-red-algae-extract\\\/\",\"name\":\"kehakreem greibi ja punavetikaekstraktiga\",\"isPartOf\":{\"@id\":\"https:\\\/\\\/tilk.bio\\\/et\\\/#website\"},\"primaryImageOfPage\":{\"@id\":\"https:\\\/\\\/tilk.bio\\\/pood\\\/stimulate-me-aha-body-cream-with-grapefruit-and-red-algae-extract\\\/#primaryimage\"},\"image\":{\"@id\":\"https:\\\/\\\/tilk.bio\\\/pood\\\/stimulate-me-aha-body-cream-with-grapefruit-and-red-algae-extract\\\/#primaryimage\"},\"thumbnailUrl\":\"https:\\\/\\\/tilk.bio\\\/wp-content\\\/uploads\\\/2022\\\/04\\\/stimulateme-annestiil.jpg\",\"datePublished\":\"2022-04-28T07:31:05+00:00\",\"dateModified\":\"2026-03-09T17:30:04+00:00\",\"description\":\"Siidise koostisega kehakreem on niisutav, vereringet ergutav ja nahka trimmiva toimega. Kreemis olevad puuviljahapped on kergelt koorivad.\",\"breadcrumb\":{\"@id\":\"https:\\\/\\\/tilk.bio\\\/pood\\\/stimulate-me-aha-body-cream-with-grapefruit-and-red-algae-extract\\\/#breadcrumb\"},\"inLanguage\":\"et\",\"potentialAction\":[{\"@type\":\"ReadAction\",\"target\":[\"https:\\\/\\\/tilk.bio\\\/pood\\\/stimulate-me-aha-body-cream-with-grapefruit-and-red-algae-extract\\\/\"]}]},{\"@type\":\"ImageObject\",\"inLanguage\":\"et\",\"@id\":\"https:\\\/\\\/tilk.bio\\\/pood\\\/stimulate-me-aha-body-cream-with-grapefruit-and-red-algae-extract\\\/#primaryimage\",\"url\":\"https:\\\/\\\/tilk.bio\\\/wp-content\\\/uploads\\\/2022\\\/04\\\/stimulateme-annestiil.jpg\",\"contentUrl\":\"https:\\\/\\\/tilk.bio\\\/wp-content\\\/uploads\\\/2022\\\/04\\\/stimulateme-annestiil.jpg\",\"width\":1200,\"height\":1200,\"caption\":\"tilk kehakreem stimulate me\"},{\"@type\":\"BreadcrumbList\",\"@id\":\"https:\\\/\\\/tilk.bio\\\/pood\\\/stimulate-me-aha-body-cream-with-grapefruit-and-red-algae-extract\\\/#breadcrumb\",\"itemListElement\":[{\"@type\":\"ListItem\",\"position\":1,\"name\":\"Home\",\"item\":\"https:\\\/\\\/tilk.bio\\\/et\\\/\"},{\"@type\":\"ListItem\",\"position\":2,\"name\":\"Pood\",\"item\":\"https:\\\/\\\/tilk.bio\\\/et\\\/pood\\\/\"},{\"@type\":\"ListItem\",\"position\":3,\"name\":\"Stimulate Me ergutav AHA-kehakreem greibi ja punavetikaekstraktiga\"}]},{\"@type\":\"WebSite\",\"@id\":\"https:\\\/\\\/tilk.bio\\\/et\\\/#website\",\"url\":\"https:\\\/\\\/tilk.bio\\\/et\\\/\",\"name\":\"Tilk!\",\"description\":\"Keskkonnas\u00f5bralik ja j\u00e4tkusuutlik looduskosmeetika Saaremaalt.\",\"potentialAction\":[{\"@type\":\"SearchAction\",\"target\":{\"@type\":\"EntryPoint\",\"urlTemplate\":\"https:\\\/\\\/tilk.bio\\\/et\\\/?s={search_term_string}\"},\"query-input\":{\"@type\":\"PropertyValueSpecification\",\"valueRequired\":true,\"valueName\":\"search_term_string\"}}],\"inLanguage\":\"et\"}]}<\/script>\n<!-- \/ Yoast SEO plugin. -->","yoast_head_json":{"title":"kehakreem greibi ja punavetikaekstraktiga","description":"Siidise koostisega kehakreem on niisutav, vereringet ergutav ja nahka trimmiva toimega. Kreemis olevad puuviljahapped on kergelt koorivad.","robots":{"index":"index","follow":"follow","max-snippet":"max-snippet:-1","max-image-preview":"max-image-preview:large","max-video-preview":"max-video-preview:-1"},"canonical":"https:\/\/tilk.bio\/pood\/stimulate-me-aha-body-cream-with-grapefruit-and-red-algae-extract\/","og_locale":"et_EE","og_type":"article","og_title":"kehakreem greibi ja punavetikaekstraktiga","og_description":"Siidise koostisega kehakreem on niisutav, vereringet ergutav ja nahka trimmiva toimega. Kreemis olevad puuviljahapped on kergelt koorivad.","og_url":"https:\/\/tilk.bio\/pood\/stimulate-me-aha-body-cream-with-grapefruit-and-red-algae-extract\/","og_site_name":"Tilk!","article_publisher":"https:\/\/www.facebook.com\/tilk.bio\/","article_modified_time":"2026-03-09T17:30:04+00:00","og_image":[{"width":1200,"height":628,"url":"https:\/\/tilk.bio\/wp-content\/uploads\/2022\/04\/stimulate1200x628.png","type":"image\/png"}],"twitter_card":"summary_large_image","twitter_misc":{"Est. reading time":"1 minut"},"schema":{"@context":"https:\/\/schema.org","@graph":[{"@type":"WebPage","@id":"https:\/\/tilk.bio\/pood\/stimulate-me-aha-body-cream-with-grapefruit-and-red-algae-extract\/","url":"https:\/\/tilk.bio\/pood\/stimulate-me-aha-body-cream-with-grapefruit-and-red-algae-extract\/","name":"kehakreem greibi ja punavetikaekstraktiga","isPartOf":{"@id":"https:\/\/tilk.bio\/et\/#website"},"primaryImageOfPage":{"@id":"https:\/\/tilk.bio\/pood\/stimulate-me-aha-body-cream-with-grapefruit-and-red-algae-extract\/#primaryimage"},"image":{"@id":"https:\/\/tilk.bio\/pood\/stimulate-me-aha-body-cream-with-grapefruit-and-red-algae-extract\/#primaryimage"},"thumbnailUrl":"https:\/\/tilk.bio\/wp-content\/uploads\/2022\/04\/stimulateme-annestiil.jpg","datePublished":"2022-04-28T07:31:05+00:00","dateModified":"2026-03-09T17:30:04+00:00","description":"Siidise koostisega kehakreem on niisutav, vereringet ergutav ja nahka trimmiva toimega. Kreemis olevad puuviljahapped on kergelt koorivad.","breadcrumb":{"@id":"https:\/\/tilk.bio\/pood\/stimulate-me-aha-body-cream-with-grapefruit-and-red-algae-extract\/#breadcrumb"},"inLanguage":"et","potentialAction":[{"@type":"ReadAction","target":["https:\/\/tilk.bio\/pood\/stimulate-me-aha-body-cream-with-grapefruit-and-red-algae-extract\/"]}]},{"@type":"ImageObject","inLanguage":"et","@id":"https:\/\/tilk.bio\/pood\/stimulate-me-aha-body-cream-with-grapefruit-and-red-algae-extract\/#primaryimage","url":"https:\/\/tilk.bio\/wp-content\/uploads\/2022\/04\/stimulateme-annestiil.jpg","contentUrl":"https:\/\/tilk.bio\/wp-content\/uploads\/2022\/04\/stimulateme-annestiil.jpg","width":1200,"height":1200,"caption":"tilk kehakreem stimulate me"},{"@type":"BreadcrumbList","@id":"https:\/\/tilk.bio\/pood\/stimulate-me-aha-body-cream-with-grapefruit-and-red-algae-extract\/#breadcrumb","itemListElement":[{"@type":"ListItem","position":1,"name":"Home","item":"https:\/\/tilk.bio\/et\/"},{"@type":"ListItem","position":2,"name":"Pood","item":"https:\/\/tilk.bio\/et\/pood\/"},{"@type":"ListItem","position":3,"name":"Stimulate Me ergutav AHA-kehakreem greibi ja punavetikaekstraktiga"}]},{"@type":"WebSite","@id":"https:\/\/tilk.bio\/et\/#website","url":"https:\/\/tilk.bio\/et\/","name":"Tilk!","description":"Keskkonnas\u00f5bralik ja j\u00e4tkusuutlik looduskosmeetika Saaremaalt.","potentialAction":[{"@type":"SearchAction","target":{"@type":"EntryPoint","urlTemplate":"https:\/\/tilk.bio\/et\/?s={search_term_string}"},"query-input":{"@type":"PropertyValueSpecification","valueRequired":true,"valueName":"search_term_string"}}],"inLanguage":"et"}]}},"_links":{"self":[{"href":"https:\/\/tilk.bio\/et\/wp-json\/wp\/v2\/product\/62122","targetHints":{"allow":["GET"]}}],"collection":[{"href":"https:\/\/tilk.bio\/et\/wp-json\/wp\/v2\/product"}],"about":[{"href":"https:\/\/tilk.bio\/et\/wp-json\/wp\/v2\/types\/product"}],"replies":[{"embeddable":true,"href":"https:\/\/tilk.bio\/et\/wp-json\/wp\/v2\/comments?post=62122"}],"wp:featuredmedia":[{"embeddable":true,"href":"https:\/\/tilk.bio\/et\/wp-json\/wp\/v2\/media\/65150"}],"wp:attachment":[{"href":"https:\/\/tilk.bio\/et\/wp-json\/wp\/v2\/media?parent=62122"}],"wp:term":[{"taxonomy":"product_brand","embeddable":true,"href":"https:\/\/tilk.bio\/et\/wp-json\/wp\/v2\/product_brand?post=62122"},{"taxonomy":"product_cat","embeddable":true,"href":"https:\/\/tilk.bio\/et\/wp-json\/wp\/v2\/product_cat?post=62122"},{"taxonomy":"product_tag","embeddable":true,"href":"https:\/\/tilk.bio\/et\/wp-json\/wp\/v2\/product_tag?post=62122"}],"curies":[{"name":"wp","href":"https:\/\/api.w.org\/{rel}","templated":true}]}}