{"id":63214,"date":"2022-07-12T23:09:20","date_gmt":"2022-07-12T20:09:20","guid":{"rendered":"https:\/\/tilk.bio\/shop\/exfoliate-me-body-scrub-with-natural-fruit-acids-ahas-and-refreshing-grapefruit\/"},"modified":"2026-04-09T11:45:08","modified_gmt":"2026-04-09T08:45:08","slug":"exfoliate-me-body-scrub-with-natural-fruit-acids-ahas-and-refreshing-grapefruit","status":"publish","type":"product","link":"https:\/\/tilk.bio\/et\/pood\/exfoliate-me-body-scrub-with-natural-fruit-acids-ahas-and-refreshing-grapefruit\/","title":{"rendered":"Exfoliate Me kehakoorija naturaalsete puuviljahapete ja v\u00e4rskendava greibiga"},"content":{"rendered":"<p>Exfoliate Me kehakoorija paneb su naha s\u00e4rama, sest sisaldab kahte erinevat t\u00fc\u00fcpi koorivaid osakesi, naturaalseid puuviljahappeid ehk AHA-happeid ning suhkrut. Nende kahe koostisosa koostoime \u00fchtlustab nahatooni ja tekstuuri, silub peeneid kortsukesi, taastab nahka ning aitab koorides eemaldada vanad naharakud. Samuti stimuleerib kehakoorija naha mikrovereringet, aidates sellega kaasa naharakkude uuenemisele ja tselluliidi v\u00e4henemisele. Regulaarne koorimine aitab kaasa ka kollageeni tootmisele ning t\u00f5stab ka teiste toodete imendumise efektiivsust.<\/p>\n<p>Vitamiinirikaste sheav\u00f5i, kakaov\u00f5i, kookos\u00f5li ja kastoor\u00f5li koostises peituvad antioks\u00fcdandid niisutavad ja teevad naha elastseks ning ergastavad naha jumet. Saialille bioaktiivsed koostisosad ja kortslehest valmistatud taimeeliksiir noorendavad, pehmendavad ja tugevdavad nahka. Mineraalide ja vitamiinide rikas p\u00f5ldosi silub naha struktuuri ning parandab mikrohaavu. Koorijal on v\u00e4rskendav greibi l\u00f5hn.<\/p>\n<p><b>Kasutamine:<\/b> Kanna kehakoorija ringjate liigutustega niiskele nahale. Lase m\u00f5ni minut toimida ja loputa sooja veega. Lisaniisutuseks v\u00f5iksid peale koorimist keha niisutada <a href=\"https:\/\/tilk.bio\/et\/pood\/stimulate-me-ergutav-aha-kehakreem-greibi-ja-punavetikaekstraktiga\/\">AHA-kehakreemi Stimulate Me<\/a>, <a href=\"https:\/\/tilk.bio\/et\/pood\/cuddle-me-kehasuflee-nogese-ja-kadakamarjaekstraktiga\/\">Cuddle Me kehasufleega<\/a>, <a href=\"https:\/\/tilk.bio\/et\/pood\/kookosega-kehakreem-love-lemon\/\">Love &amp; Lemon<\/a> v\u00f5i <a href=\"https:\/\/tilk.bio\/et\/pood\/hug-me-kehakreem\/\">Hug Me kehakreemiga<\/a>.<\/p>\n<p>Koorija koostisosad on looduslikku p\u00e4ritolu ja vegan. Kehakoorija loomisel on kasutatud Saaremaalt k\u00e4sitsi korjatud taimede \u00f5lisid.<\/p>\n<p>Hoiustamine: Soovitame hoida kehakoorijat kaitstuna otsese p\u00e4ikesevalguse eest ja temperatuuril alla +25 kraadi.<\/p>\n<p>Kogus: 200ml<\/p>\n","protected":false},"excerpt":{"rendered":"<p>Exfoliate Me kehakoorija paneb su naha s\u00e4rama, sest sisaldab kahte erinevat t\u00fc\u00fcpi koorivaid osakesi, naturaalseid puuviljahappeid ehk AHA-happeid ning suhkrut. Nende kahe koostisosa koostoime \u00fchtlustab nahatooni ja tekstuuri, silub peeneid kortsukesi, taastab nahka ning aitab koorides eemaldada vanad naharakud. Samuti stimuleerib kehakoorija naha mikrovereringet, aidates sellega kaasa naharakkude uuenemisele ja tselluliidi v\u00e4henemisele. Regulaarne koorimine aitab&#8230;<\/p>\n","protected":false},"featured_media":67196,"comment_status":"open","ping_status":"closed","template":"","meta":{"_acf_changed":false},"product_brand":[],"product_cat":[869,495,615,389,912],"product_tag":[],"class_list":{"0":"post-63214","1":"product","2":"type-product","3":"status-publish","4":"has-post-thumbnail","6":"product_cat-aha-happed","7":"product_cat-kehale","8":"product_cat-kehakoorijad","9":"product_cat-koik-tooted","10":"product_cat-sheavoi","12":"first","13":"instock","14":"taxable","15":"shipping-taxable","16":"purchasable","17":"product-type-simple"},"acf":[],"yoast_head":"<!-- This site is optimized with the Yoast SEO plugin v27.3 - https:\/\/yoast.com\/product\/yoast-seo-wordpress\/ -->\n<title>Exfoliate Me kehakoorija naturaalsete puuviljahapete ja v\u00e4rskendava greibiga - Tilk!<\/title>\n<meta name=\"description\" content=\"Exfoliate Me kehakoorija paneb su naha s\u00e4rama, sest sisaldab kahte erinevat t\u00fc\u00fcpi koorivaid osakesi, naturaalseid puuviljahappeid ehk AHA-happeid ning ...\" \/>\n<meta name=\"robots\" content=\"index, follow, max-snippet:-1, max-image-preview:large, max-video-preview:-1\" \/>\n<link rel=\"canonical\" href=\"https:\/\/tilk.bio\/et\/pood\/exfoliate-me-body-scrub-with-natural-fruit-acids-ahas-and-refreshing-grapefruit\/\" \/>\n<meta property=\"og:locale\" content=\"et_EE\" \/>\n<meta property=\"og:type\" content=\"article\" \/>\n<meta property=\"og:title\" content=\"Exfoliate Me kehakoorija naturaalsete puuviljahapete ja v\u00e4rskendava greibiga - Tilk!\" \/>\n<meta property=\"og:description\" content=\"Exfoliate Me kehakoorija paneb su naha s\u00e4rama, sest sisaldab kahte erinevat t\u00fc\u00fcpi koorivaid osakesi, naturaalseid puuviljahappeid ehk AHA-happeid ning ...\" \/>\n<meta property=\"og:url\" content=\"https:\/\/tilk.bio\/et\/pood\/exfoliate-me-body-scrub-with-natural-fruit-acids-ahas-and-refreshing-grapefruit\/\" \/>\n<meta property=\"og:site_name\" content=\"Tilk!\" \/>\n<meta property=\"article:publisher\" content=\"https:\/\/www.facebook.com\/tilk.bio\/\" \/>\n<meta property=\"article:modified_time\" content=\"2026-04-09T08:45:08+00:00\" \/>\n<meta property=\"og:image\" content=\"https:\/\/tilk.bio\/wp-content\/uploads\/2022\/07\/exfoliate1200x628.jpg\" \/>\n\t<meta property=\"og:image:width\" content=\"1200\" \/>\n\t<meta property=\"og:image:height\" content=\"628\" \/>\n\t<meta property=\"og:image:type\" content=\"image\/jpeg\" \/>\n<meta name=\"twitter:card\" content=\"summary_large_image\" \/>\n<meta name=\"twitter:label1\" content=\"Est. reading time\" \/>\n\t<meta name=\"twitter:data1\" content=\"1 minut\" \/>\n<script type=\"application\/ld+json\" class=\"yoast-schema-graph\">{\"@context\":\"https:\\\/\\\/schema.org\",\"@graph\":[{\"@type\":\"WebPage\",\"@id\":\"https:\\\/\\\/tilk.bio\\\/et\\\/pood\\\/exfoliate-me-body-scrub-with-natural-fruit-acids-ahas-and-refreshing-grapefruit\\\/\",\"url\":\"https:\\\/\\\/tilk.bio\\\/et\\\/pood\\\/exfoliate-me-body-scrub-with-natural-fruit-acids-ahas-and-refreshing-grapefruit\\\/\",\"name\":\"Exfoliate Me kehakoorija naturaalsete puuviljahapete ja v\u00e4rskendava greibiga - Tilk!\",\"isPartOf\":{\"@id\":\"https:\\\/\\\/tilk.bio\\\/et\\\/#website\"},\"primaryImageOfPage\":{\"@id\":\"https:\\\/\\\/tilk.bio\\\/et\\\/pood\\\/exfoliate-me-body-scrub-with-natural-fruit-acids-ahas-and-refreshing-grapefruit\\\/#primaryimage\"},\"image\":{\"@id\":\"https:\\\/\\\/tilk.bio\\\/et\\\/pood\\\/exfoliate-me-body-scrub-with-natural-fruit-acids-ahas-and-refreshing-grapefruit\\\/#primaryimage\"},\"thumbnailUrl\":\"https:\\\/\\\/tilk.bio\\\/wp-content\\\/uploads\\\/2022\\\/07\\\/exfoliateme1-1.jpg\",\"datePublished\":\"2022-07-12T20:09:20+00:00\",\"dateModified\":\"2026-04-09T08:45:08+00:00\",\"description\":\"Exfoliate Me kehakoorija paneb su naha s\u00e4rama, sest sisaldab kahte erinevat t\u00fc\u00fcpi koorivaid osakesi, naturaalseid puuviljahappeid ehk AHA-happeid ning ...\",\"breadcrumb\":{\"@id\":\"https:\\\/\\\/tilk.bio\\\/et\\\/pood\\\/exfoliate-me-body-scrub-with-natural-fruit-acids-ahas-and-refreshing-grapefruit\\\/#breadcrumb\"},\"inLanguage\":\"et\",\"potentialAction\":[{\"@type\":\"ReadAction\",\"target\":[\"https:\\\/\\\/tilk.bio\\\/et\\\/pood\\\/exfoliate-me-body-scrub-with-natural-fruit-acids-ahas-and-refreshing-grapefruit\\\/\"]}]},{\"@type\":\"ImageObject\",\"inLanguage\":\"et\",\"@id\":\"https:\\\/\\\/tilk.bio\\\/et\\\/pood\\\/exfoliate-me-body-scrub-with-natural-fruit-acids-ahas-and-refreshing-grapefruit\\\/#primaryimage\",\"url\":\"https:\\\/\\\/tilk.bio\\\/wp-content\\\/uploads\\\/2022\\\/07\\\/exfoliateme1-1.jpg\",\"contentUrl\":\"https:\\\/\\\/tilk.bio\\\/wp-content\\\/uploads\\\/2022\\\/07\\\/exfoliateme1-1.jpg\",\"width\":1200,\"height\":1200},{\"@type\":\"BreadcrumbList\",\"@id\":\"https:\\\/\\\/tilk.bio\\\/et\\\/pood\\\/exfoliate-me-body-scrub-with-natural-fruit-acids-ahas-and-refreshing-grapefruit\\\/#breadcrumb\",\"itemListElement\":[{\"@type\":\"ListItem\",\"position\":1,\"name\":\"Home\",\"item\":\"https:\\\/\\\/tilk.bio\\\/et\\\/\"},{\"@type\":\"ListItem\",\"position\":2,\"name\":\"Pood\",\"item\":\"https:\\\/\\\/tilk.bio\\\/et\\\/pood\\\/\"},{\"@type\":\"ListItem\",\"position\":3,\"name\":\"Exfoliate Me kehakoorija naturaalsete puuviljahapete ja v\u00e4rskendava greibiga\"}]},{\"@type\":\"WebSite\",\"@id\":\"https:\\\/\\\/tilk.bio\\\/et\\\/#website\",\"url\":\"https:\\\/\\\/tilk.bio\\\/et\\\/\",\"name\":\"Tilk!\",\"description\":\"Keskkonnas\u00f5bralik ja j\u00e4tkusuutlik looduskosmeetika Saaremaalt.\",\"potentialAction\":[{\"@type\":\"SearchAction\",\"target\":{\"@type\":\"EntryPoint\",\"urlTemplate\":\"https:\\\/\\\/tilk.bio\\\/et\\\/?s={search_term_string}\"},\"query-input\":{\"@type\":\"PropertyValueSpecification\",\"valueRequired\":true,\"valueName\":\"search_term_string\"}}],\"inLanguage\":\"et\"}]}<\/script>\n<!-- \/ Yoast SEO plugin. -->","yoast_head_json":{"title":"Exfoliate Me kehakoorija naturaalsete puuviljahapete ja v\u00e4rskendava greibiga - Tilk!","description":"Exfoliate Me kehakoorija paneb su naha s\u00e4rama, sest sisaldab kahte erinevat t\u00fc\u00fcpi koorivaid osakesi, naturaalseid puuviljahappeid ehk AHA-happeid ning ...","robots":{"index":"index","follow":"follow","max-snippet":"max-snippet:-1","max-image-preview":"max-image-preview:large","max-video-preview":"max-video-preview:-1"},"canonical":"https:\/\/tilk.bio\/et\/pood\/exfoliate-me-body-scrub-with-natural-fruit-acids-ahas-and-refreshing-grapefruit\/","og_locale":"et_EE","og_type":"article","og_title":"Exfoliate Me kehakoorija naturaalsete puuviljahapete ja v\u00e4rskendava greibiga - Tilk!","og_description":"Exfoliate Me kehakoorija paneb su naha s\u00e4rama, sest sisaldab kahte erinevat t\u00fc\u00fcpi koorivaid osakesi, naturaalseid puuviljahappeid ehk AHA-happeid ning ...","og_url":"https:\/\/tilk.bio\/et\/pood\/exfoliate-me-body-scrub-with-natural-fruit-acids-ahas-and-refreshing-grapefruit\/","og_site_name":"Tilk!","article_publisher":"https:\/\/www.facebook.com\/tilk.bio\/","article_modified_time":"2026-04-09T08:45:08+00:00","og_image":[{"width":1200,"height":628,"url":"https:\/\/tilk.bio\/wp-content\/uploads\/2022\/07\/exfoliate1200x628.jpg","type":"image\/jpeg"}],"twitter_card":"summary_large_image","twitter_misc":{"Est. reading time":"1 minut"},"schema":{"@context":"https:\/\/schema.org","@graph":[{"@type":"WebPage","@id":"https:\/\/tilk.bio\/et\/pood\/exfoliate-me-body-scrub-with-natural-fruit-acids-ahas-and-refreshing-grapefruit\/","url":"https:\/\/tilk.bio\/et\/pood\/exfoliate-me-body-scrub-with-natural-fruit-acids-ahas-and-refreshing-grapefruit\/","name":"Exfoliate Me kehakoorija naturaalsete puuviljahapete ja v\u00e4rskendava greibiga - Tilk!","isPartOf":{"@id":"https:\/\/tilk.bio\/et\/#website"},"primaryImageOfPage":{"@id":"https:\/\/tilk.bio\/et\/pood\/exfoliate-me-body-scrub-with-natural-fruit-acids-ahas-and-refreshing-grapefruit\/#primaryimage"},"image":{"@id":"https:\/\/tilk.bio\/et\/pood\/exfoliate-me-body-scrub-with-natural-fruit-acids-ahas-and-refreshing-grapefruit\/#primaryimage"},"thumbnailUrl":"https:\/\/tilk.bio\/wp-content\/uploads\/2022\/07\/exfoliateme1-1.jpg","datePublished":"2022-07-12T20:09:20+00:00","dateModified":"2026-04-09T08:45:08+00:00","description":"Exfoliate Me kehakoorija paneb su naha s\u00e4rama, sest sisaldab kahte erinevat t\u00fc\u00fcpi koorivaid osakesi, naturaalseid puuviljahappeid ehk AHA-happeid ning ...","breadcrumb":{"@id":"https:\/\/tilk.bio\/et\/pood\/exfoliate-me-body-scrub-with-natural-fruit-acids-ahas-and-refreshing-grapefruit\/#breadcrumb"},"inLanguage":"et","potentialAction":[{"@type":"ReadAction","target":["https:\/\/tilk.bio\/et\/pood\/exfoliate-me-body-scrub-with-natural-fruit-acids-ahas-and-refreshing-grapefruit\/"]}]},{"@type":"ImageObject","inLanguage":"et","@id":"https:\/\/tilk.bio\/et\/pood\/exfoliate-me-body-scrub-with-natural-fruit-acids-ahas-and-refreshing-grapefruit\/#primaryimage","url":"https:\/\/tilk.bio\/wp-content\/uploads\/2022\/07\/exfoliateme1-1.jpg","contentUrl":"https:\/\/tilk.bio\/wp-content\/uploads\/2022\/07\/exfoliateme1-1.jpg","width":1200,"height":1200},{"@type":"BreadcrumbList","@id":"https:\/\/tilk.bio\/et\/pood\/exfoliate-me-body-scrub-with-natural-fruit-acids-ahas-and-refreshing-grapefruit\/#breadcrumb","itemListElement":[{"@type":"ListItem","position":1,"name":"Home","item":"https:\/\/tilk.bio\/et\/"},{"@type":"ListItem","position":2,"name":"Pood","item":"https:\/\/tilk.bio\/et\/pood\/"},{"@type":"ListItem","position":3,"name":"Exfoliate Me kehakoorija naturaalsete puuviljahapete ja v\u00e4rskendava greibiga"}]},{"@type":"WebSite","@id":"https:\/\/tilk.bio\/et\/#website","url":"https:\/\/tilk.bio\/et\/","name":"Tilk!","description":"Keskkonnas\u00f5bralik ja j\u00e4tkusuutlik looduskosmeetika Saaremaalt.","potentialAction":[{"@type":"SearchAction","target":{"@type":"EntryPoint","urlTemplate":"https:\/\/tilk.bio\/et\/?s={search_term_string}"},"query-input":{"@type":"PropertyValueSpecification","valueRequired":true,"valueName":"search_term_string"}}],"inLanguage":"et"}]}},"_links":{"self":[{"href":"https:\/\/tilk.bio\/et\/wp-json\/wp\/v2\/product\/63214","targetHints":{"allow":["GET"]}}],"collection":[{"href":"https:\/\/tilk.bio\/et\/wp-json\/wp\/v2\/product"}],"about":[{"href":"https:\/\/tilk.bio\/et\/wp-json\/wp\/v2\/types\/product"}],"replies":[{"embeddable":true,"href":"https:\/\/tilk.bio\/et\/wp-json\/wp\/v2\/comments?post=63214"}],"wp:featuredmedia":[{"embeddable":true,"href":"https:\/\/tilk.bio\/et\/wp-json\/wp\/v2\/media\/67196"}],"wp:attachment":[{"href":"https:\/\/tilk.bio\/et\/wp-json\/wp\/v2\/media?parent=63214"}],"wp:term":[{"taxonomy":"product_brand","embeddable":true,"href":"https:\/\/tilk.bio\/et\/wp-json\/wp\/v2\/product_brand?post=63214"},{"taxonomy":"product_cat","embeddable":true,"href":"https:\/\/tilk.bio\/et\/wp-json\/wp\/v2\/product_cat?post=63214"},{"taxonomy":"product_tag","embeddable":true,"href":"https:\/\/tilk.bio\/et\/wp-json\/wp\/v2\/product_tag?post=63214"}],"curies":[{"name":"wp","href":"https:\/\/api.w.org\/{rel}","templated":true}]}}