{"id":63427,"date":"2022-09-07T02:28:52","date_gmt":"2022-08-29T22:28:52","guid":{"rendered":"https:\/\/tilk.bio\/shop\/tan-me-isepruunistuv-kreem-naole-porgandi-ja-vaarikaseemneoliga\/"},"modified":"2026-04-10T14:00:19","modified_gmt":"2026-04-10T11:00:19","slug":"tan-me-isepruunistav-kreem-naole-porgandi-ja-vaarikaseemneoliga","status":"publish","type":"product","link":"https:\/\/tilk.bio\/et\/pood\/tan-me-isepruunistav-kreem-naole-porgandi-ja-vaarikaseemneoliga\/","title":{"rendered":"Tan Me isepruunistav kreem n\u00e4ole porgandi- ja vaarikaseemne\u00f5liga"},"content":{"rendered":"<p><span style=\"font-weight: 400;\">Tan Me on niisutav ja isepruunistav kreem n\u00e4ole, mille tulemust n\u00e4ed juba loetud tundidega. Isepruunistav kreem annab nahale suvise ja loomuliku jume seda samal ajal looduslike koostisosadega toites ja niisutades. Tasakaalustatud kreem imendub kergesti naha s\u00fcgavatesse kihtidesse ning ei j\u00e4ta seda rasvaseks ega l\u00e4ikivaks ja ei m\u00f5ju raskelt.<\/span><\/p>\n<p><span style=\"font-weight: 400;\">Kreemis sisalduvad porgandi- ja vaarikaseemne\u00f5li toidavad ja pehmendavad nahka ning kaitsevad v\u00e4listegurite eest nagu kuum v\u00f5i k\u00fclm temperatuur, \u00f5husaaste ja UV-kiirgus. <\/span><span style=\"font-weight: 400;\">Loodusliku fermentatsiooni k\u00e4igus loodud toimeaine aitab saavutada kauakestva p\u00e4evituse ilma p\u00e4ikeseta. Seet\u00f5ttu on isepruunistaja nahas\u00f5bralik ja kahjutu toode, mis samas naha eest ka hoolt kannab.<\/span><span style=\"font-weight: 400;\"> Sheav\u00f5i muudab naha elastseks, seda niisutades ja kaitstes. Kreem sisaldab ka nahka niisutavat E-vitamiini. See nahale s\u00e4ra andev toode on m\u00f5nusa geraaniumi ja Ylang ylangi l\u00f5hnaga.\u00a0\u00a0<\/span><\/p>\n<h6><span style=\"font-weight: 400;\"><strong>Isepruunistav kreem n\u00e4ole &#8211; kasutamine:<\/strong> <\/span><\/h6>\n<p><span style=\"font-weight: 400;\">Tan Me isepruunistav kreem on m\u00f5eldud kasutamiseks 2-3 p\u00e4eva tagant, intensiivsema jume saavutamiseks igap\u00e4evaselt.<\/span><span style=\"font-weight: 400;\"> Pese k\u00e4si peale kasutamist.<\/span><span style=\"font-weight: 400;\"> NB! \u00dchtlase jume saavutamiseks on vajalik naha regulaarne koorimine. Vaata meie <a href=\"https:\/\/tilk.bio\/shop\/tan-me-self-tanning-face-cream-with-carrot-and-raspberry-seed-oil\/\"><strong>koorijate valikut siit<\/strong><\/a><\/span><\/p>\n<p><span style=\"font-weight: 400;\">K\u00f5ik kreemi koostisosad on looduslikku p\u00e4ritolu ning vegan.<\/span><\/p>\n<p><span style=\"font-weight: 400;\">Hoiustamine: Hoiusta kreemi toatemperatuuril.<\/span><\/p>\n<p><span style=\"font-weight: 400;\">Kogus: 10 ml\/50 ml<\/span><\/p>\n","protected":false},"excerpt":{"rendered":"<p>Tan Me on niisutav ja isepruunistav kreem n\u00e4ole, mille tulemust n\u00e4ed juba loetud tundidega. Isepruunistav kreem annab nahale suvise ja loomuliku jume seda samal ajal looduslike koostisosadega toites ja niisutades. Tasakaalustatud kreem imendub kergesti naha s\u00fcgavatesse kihtidesse ning ei j\u00e4ta seda rasvaseks ega l\u00e4ikivaks ja ei m\u00f5ju raskelt. Kreemis sisalduvad porgandi- ja vaarikaseemne\u00f5li toidavad ja&#8230;<\/p>\n","protected":false},"featured_media":71778,"comment_status":"open","ping_status":"closed","template":"","meta":{"_acf_changed":false},"product_brand":[],"product_cat":[585,942,389,678,511,692,912,533,691,713],"product_tag":[],"class_list":{"0":"post-63427","1":"product","2":"type-product","3":"status-publish","4":"has-post-thumbnail","6":"product_cat-naokreem","7":"product_cat-isepruunistavad-tooted","8":"product_cat-koik-tooted","9":"product_cat-makeup-et","10":"product_cat-naohooldus","11":"product_cat-normaalne-ja-kombineeritud-nahk","12":"product_cat-sheavoi","13":"product_cat-spaatli-voimalus","14":"product_cat-tekstuuri-ja-tooniprobleemidega-nahk","15":"product_cat-tilk-herbal-et","17":"first","18":"instock","19":"taxable","20":"shipping-taxable","21":"purchasable","22":"product-type-variable"},"acf":[],"yoast_head":"<!-- This site is optimized with the Yoast SEO plugin v27.3 - https:\/\/yoast.com\/product\/yoast-seo-wordpress\/ -->\n<title>Isepruunistav kreem n\u00e4ole porgandi- ja vaarikaseemne\u00f5liga<\/title>\n<meta name=\"description\" content=\"See on isepruunistav kreem n\u00e4ole, mille tulemust n\u00e4ed juba loetud tundidega. Isepruunistav kreem annab nahale suvise ja loomuliku jume.\" \/>\n<meta name=\"robots\" content=\"index, follow, max-snippet:-1, max-image-preview:large, max-video-preview:-1\" \/>\n<link rel=\"canonical\" href=\"https:\/\/tilk.bio\/et\/pood\/tan-me-isepruunistav-kreem-naole-porgandi-ja-vaarikaseemneoliga\/\" \/>\n<meta property=\"og:locale\" content=\"et_EE\" \/>\n<meta property=\"og:type\" content=\"article\" \/>\n<meta property=\"og:title\" content=\"Isepruunistav kreem n\u00e4ole porgandi- ja vaarikaseemne\u00f5liga\" \/>\n<meta property=\"og:description\" content=\"See on isepruunistav kreem n\u00e4ole, mille tulemust n\u00e4ed juba loetud tundidega. Isepruunistav kreem annab nahale suvise ja loomuliku jume.\" \/>\n<meta property=\"og:url\" content=\"https:\/\/tilk.bio\/et\/pood\/tan-me-isepruunistav-kreem-naole-porgandi-ja-vaarikaseemneoliga\/\" \/>\n<meta property=\"og:site_name\" content=\"Tilk!\" \/>\n<meta property=\"article:publisher\" content=\"https:\/\/www.facebook.com\/tilk.bio\/\" \/>\n<meta property=\"article:modified_time\" content=\"2026-04-10T11:00:19+00:00\" \/>\n<meta property=\"og:image\" content=\"https:\/\/tilk.bio\/wp-content\/uploads\/2022\/08\/tanme1200x628.jpg\" \/>\n\t<meta property=\"og:image:width\" content=\"1200\" \/>\n\t<meta property=\"og:image:height\" content=\"628\" \/>\n\t<meta property=\"og:image:type\" content=\"image\/jpeg\" \/>\n<meta name=\"twitter:card\" content=\"summary_large_image\" \/>\n<meta name=\"twitter:label1\" content=\"Est. reading time\" \/>\n\t<meta name=\"twitter:data1\" content=\"1 minut\" \/>\n<script type=\"application\/ld+json\" class=\"yoast-schema-graph\">{\"@context\":\"https:\\\/\\\/schema.org\",\"@graph\":[{\"@type\":\"WebPage\",\"@id\":\"https:\\\/\\\/tilk.bio\\\/et\\\/pood\\\/tan-me-isepruunistav-kreem-naole-porgandi-ja-vaarikaseemneoliga\\\/\",\"url\":\"https:\\\/\\\/tilk.bio\\\/et\\\/pood\\\/tan-me-isepruunistav-kreem-naole-porgandi-ja-vaarikaseemneoliga\\\/\",\"name\":\"Isepruunistav kreem n\u00e4ole porgandi- ja vaarikaseemne\u00f5liga\",\"isPartOf\":{\"@id\":\"https:\\\/\\\/tilk.bio\\\/et\\\/#website\"},\"primaryImageOfPage\":{\"@id\":\"https:\\\/\\\/tilk.bio\\\/et\\\/pood\\\/tan-me-isepruunistav-kreem-naole-porgandi-ja-vaarikaseemneoliga\\\/#primaryimage\"},\"image\":{\"@id\":\"https:\\\/\\\/tilk.bio\\\/et\\\/pood\\\/tan-me-isepruunistav-kreem-naole-porgandi-ja-vaarikaseemneoliga\\\/#primaryimage\"},\"thumbnailUrl\":\"https:\\\/\\\/tilk.bio\\\/wp-content\\\/uploads\\\/2020\\\/12\\\/1-1.jpg\",\"datePublished\":\"2022-08-29T22:28:52+00:00\",\"dateModified\":\"2026-04-10T11:00:19+00:00\",\"description\":\"See on isepruunistav kreem n\u00e4ole, mille tulemust n\u00e4ed juba loetud tundidega. Isepruunistav kreem annab nahale suvise ja loomuliku jume.\",\"breadcrumb\":{\"@id\":\"https:\\\/\\\/tilk.bio\\\/et\\\/pood\\\/tan-me-isepruunistav-kreem-naole-porgandi-ja-vaarikaseemneoliga\\\/#breadcrumb\"},\"inLanguage\":\"et\",\"potentialAction\":[{\"@type\":\"ReadAction\",\"target\":[\"https:\\\/\\\/tilk.bio\\\/et\\\/pood\\\/tan-me-isepruunistav-kreem-naole-porgandi-ja-vaarikaseemneoliga\\\/\"]}]},{\"@type\":\"ImageObject\",\"inLanguage\":\"et\",\"@id\":\"https:\\\/\\\/tilk.bio\\\/et\\\/pood\\\/tan-me-isepruunistav-kreem-naole-porgandi-ja-vaarikaseemneoliga\\\/#primaryimage\",\"url\":\"https:\\\/\\\/tilk.bio\\\/wp-content\\\/uploads\\\/2020\\\/12\\\/1-1.jpg\",\"contentUrl\":\"https:\\\/\\\/tilk.bio\\\/wp-content\\\/uploads\\\/2020\\\/12\\\/1-1.jpg\",\"width\":1200,\"height\":1200},{\"@type\":\"BreadcrumbList\",\"@id\":\"https:\\\/\\\/tilk.bio\\\/et\\\/pood\\\/tan-me-isepruunistav-kreem-naole-porgandi-ja-vaarikaseemneoliga\\\/#breadcrumb\",\"itemListElement\":[{\"@type\":\"ListItem\",\"position\":1,\"name\":\"Home\",\"item\":\"https:\\\/\\\/tilk.bio\\\/et\\\/\"},{\"@type\":\"ListItem\",\"position\":2,\"name\":\"Pood\",\"item\":\"https:\\\/\\\/tilk.bio\\\/et\\\/pood\\\/\"},{\"@type\":\"ListItem\",\"position\":3,\"name\":\"Tan Me isepruunistav kreem n\u00e4ole porgandi- ja vaarikaseemne\u00f5liga\"}]},{\"@type\":\"WebSite\",\"@id\":\"https:\\\/\\\/tilk.bio\\\/et\\\/#website\",\"url\":\"https:\\\/\\\/tilk.bio\\\/et\\\/\",\"name\":\"Tilk!\",\"description\":\"Keskkonnas\u00f5bralik ja j\u00e4tkusuutlik looduskosmeetika Saaremaalt.\",\"potentialAction\":[{\"@type\":\"SearchAction\",\"target\":{\"@type\":\"EntryPoint\",\"urlTemplate\":\"https:\\\/\\\/tilk.bio\\\/et\\\/?s={search_term_string}\"},\"query-input\":{\"@type\":\"PropertyValueSpecification\",\"valueRequired\":true,\"valueName\":\"search_term_string\"}}],\"inLanguage\":\"et\"}]}<\/script>\n<!-- \/ Yoast SEO plugin. -->","yoast_head_json":{"title":"Isepruunistav kreem n\u00e4ole porgandi- ja vaarikaseemne\u00f5liga","description":"See on isepruunistav kreem n\u00e4ole, mille tulemust n\u00e4ed juba loetud tundidega. Isepruunistav kreem annab nahale suvise ja loomuliku jume.","robots":{"index":"index","follow":"follow","max-snippet":"max-snippet:-1","max-image-preview":"max-image-preview:large","max-video-preview":"max-video-preview:-1"},"canonical":"https:\/\/tilk.bio\/et\/pood\/tan-me-isepruunistav-kreem-naole-porgandi-ja-vaarikaseemneoliga\/","og_locale":"et_EE","og_type":"article","og_title":"Isepruunistav kreem n\u00e4ole porgandi- ja vaarikaseemne\u00f5liga","og_description":"See on isepruunistav kreem n\u00e4ole, mille tulemust n\u00e4ed juba loetud tundidega. Isepruunistav kreem annab nahale suvise ja loomuliku jume.","og_url":"https:\/\/tilk.bio\/et\/pood\/tan-me-isepruunistav-kreem-naole-porgandi-ja-vaarikaseemneoliga\/","og_site_name":"Tilk!","article_publisher":"https:\/\/www.facebook.com\/tilk.bio\/","article_modified_time":"2026-04-10T11:00:19+00:00","og_image":[{"width":1200,"height":628,"url":"https:\/\/tilk.bio\/wp-content\/uploads\/2022\/08\/tanme1200x628.jpg","type":"image\/jpeg"}],"twitter_card":"summary_large_image","twitter_misc":{"Est. reading time":"1 minut"},"schema":{"@context":"https:\/\/schema.org","@graph":[{"@type":"WebPage","@id":"https:\/\/tilk.bio\/et\/pood\/tan-me-isepruunistav-kreem-naole-porgandi-ja-vaarikaseemneoliga\/","url":"https:\/\/tilk.bio\/et\/pood\/tan-me-isepruunistav-kreem-naole-porgandi-ja-vaarikaseemneoliga\/","name":"Isepruunistav kreem n\u00e4ole porgandi- ja vaarikaseemne\u00f5liga","isPartOf":{"@id":"https:\/\/tilk.bio\/et\/#website"},"primaryImageOfPage":{"@id":"https:\/\/tilk.bio\/et\/pood\/tan-me-isepruunistav-kreem-naole-porgandi-ja-vaarikaseemneoliga\/#primaryimage"},"image":{"@id":"https:\/\/tilk.bio\/et\/pood\/tan-me-isepruunistav-kreem-naole-porgandi-ja-vaarikaseemneoliga\/#primaryimage"},"thumbnailUrl":"https:\/\/tilk.bio\/wp-content\/uploads\/2020\/12\/1-1.jpg","datePublished":"2022-08-29T22:28:52+00:00","dateModified":"2026-04-10T11:00:19+00:00","description":"See on isepruunistav kreem n\u00e4ole, mille tulemust n\u00e4ed juba loetud tundidega. Isepruunistav kreem annab nahale suvise ja loomuliku jume.","breadcrumb":{"@id":"https:\/\/tilk.bio\/et\/pood\/tan-me-isepruunistav-kreem-naole-porgandi-ja-vaarikaseemneoliga\/#breadcrumb"},"inLanguage":"et","potentialAction":[{"@type":"ReadAction","target":["https:\/\/tilk.bio\/et\/pood\/tan-me-isepruunistav-kreem-naole-porgandi-ja-vaarikaseemneoliga\/"]}]},{"@type":"ImageObject","inLanguage":"et","@id":"https:\/\/tilk.bio\/et\/pood\/tan-me-isepruunistav-kreem-naole-porgandi-ja-vaarikaseemneoliga\/#primaryimage","url":"https:\/\/tilk.bio\/wp-content\/uploads\/2020\/12\/1-1.jpg","contentUrl":"https:\/\/tilk.bio\/wp-content\/uploads\/2020\/12\/1-1.jpg","width":1200,"height":1200},{"@type":"BreadcrumbList","@id":"https:\/\/tilk.bio\/et\/pood\/tan-me-isepruunistav-kreem-naole-porgandi-ja-vaarikaseemneoliga\/#breadcrumb","itemListElement":[{"@type":"ListItem","position":1,"name":"Home","item":"https:\/\/tilk.bio\/et\/"},{"@type":"ListItem","position":2,"name":"Pood","item":"https:\/\/tilk.bio\/et\/pood\/"},{"@type":"ListItem","position":3,"name":"Tan Me isepruunistav kreem n\u00e4ole porgandi- ja vaarikaseemne\u00f5liga"}]},{"@type":"WebSite","@id":"https:\/\/tilk.bio\/et\/#website","url":"https:\/\/tilk.bio\/et\/","name":"Tilk!","description":"Keskkonnas\u00f5bralik ja j\u00e4tkusuutlik looduskosmeetika Saaremaalt.","potentialAction":[{"@type":"SearchAction","target":{"@type":"EntryPoint","urlTemplate":"https:\/\/tilk.bio\/et\/?s={search_term_string}"},"query-input":{"@type":"PropertyValueSpecification","valueRequired":true,"valueName":"search_term_string"}}],"inLanguage":"et"}]}},"_links":{"self":[{"href":"https:\/\/tilk.bio\/et\/wp-json\/wp\/v2\/product\/63427","targetHints":{"allow":["GET"]}}],"collection":[{"href":"https:\/\/tilk.bio\/et\/wp-json\/wp\/v2\/product"}],"about":[{"href":"https:\/\/tilk.bio\/et\/wp-json\/wp\/v2\/types\/product"}],"replies":[{"embeddable":true,"href":"https:\/\/tilk.bio\/et\/wp-json\/wp\/v2\/comments?post=63427"}],"wp:featuredmedia":[{"embeddable":true,"href":"https:\/\/tilk.bio\/et\/wp-json\/wp\/v2\/media\/71778"}],"wp:attachment":[{"href":"https:\/\/tilk.bio\/et\/wp-json\/wp\/v2\/media?parent=63427"}],"wp:term":[{"taxonomy":"product_brand","embeddable":true,"href":"https:\/\/tilk.bio\/et\/wp-json\/wp\/v2\/product_brand?post=63427"},{"taxonomy":"product_cat","embeddable":true,"href":"https:\/\/tilk.bio\/et\/wp-json\/wp\/v2\/product_cat?post=63427"},{"taxonomy":"product_tag","embeddable":true,"href":"https:\/\/tilk.bio\/et\/wp-json\/wp\/v2\/product_tag?post=63427"}],"curies":[{"name":"wp","href":"https:\/\/api.w.org\/{rel}","templated":true}]}}