{"id":63942,"date":"2022-12-30T00:28:19","date_gmt":"2022-12-29T22:28:19","guid":{"rendered":"https:\/\/tilk.bio\/shop\/plump-me-niisutav-naoseerum-hualuroonhappe-ja-aloe-veraga\/"},"modified":"2026-04-09T19:00:07","modified_gmt":"2026-04-09T16:00:07","slug":"plump-me-niisutav-naoseerum-hualuroonhappe-ja-punavetikaga","status":"publish","type":"product","link":"https:\/\/tilk.bio\/et\/pood\/plump-me-niisutav-naoseerum-hualuroonhappe-ja-punavetikaga\/","title":{"rendered":"Plump Me probiootiline niisutav h\u00fcaluroonhappe seerum punavetikaga"},"content":{"rendered":"<p><span style=\"font-weight: 400;\">Plump Me on kerge koostisega niisutav h\u00fcaluroonhappe seerum, milles sisalduval <a href=\"https:\/\/tilk.bio\/et\/tootekategooria\/koostisosad\/hualuroonhape\/\">h\u00fcaluroonhappel<\/a> on naha jaoks mitmeid imelisi omadusi. See seob niiskust, toetab hapniku ja toitainete transporti naharakkudesse ning aitab siluda kortsukesi. Lisaks osaleb h\u00fcaluroonhape ka kollageeni moodustumisel \u2013 see on aine, mis annab nahale elastsuse.<\/span><\/p>\n<p><span style=\"font-weight: 400;\">N\u00e4oseerumi koostises on fermentatsiooni tulemusena Lactobacillus probiootikumidest saadud nahale kasulikud toimeained, mis aitavad s\u00e4ilitada terve naha bioomi. Kasulikud peptiidid aitavad taastada naha loomulikku kaitsebarj\u00e4\u00e4ri, kaitstes nahka kahjulike keskkonnam\u00f5jude, vabade radikaalide toime ja v\u00e4liste \u00e4rritajate eest.\u00a0 <\/span><\/p>\n<p><span style=\"font-weight: 400;\">Pol\u00fcsahhariidide rikas punavetikas niisutab nahka, v\u00f5itleb vabade radikaalidega, kaitseb keskkonnam\u00f5jude eest ja omab vananemisvastast toimet. Gl\u00fctseriin pakub nahale lisaniisutust ja l<\/span><span style=\"font-weight: 400;\">aimi eeterlik \u00f5li annab tootele v\u00e4rske l\u00f5hna. <\/span><\/p>\n<h6><strong>H\u00fcaluroonhappe seerum &#8211; kasutamine<\/strong>:<\/h6>\n<p>Kanna seerum kergete masseerivate liigutustega eelnevalt puhastatud nahale. N\u00e4oseerum sobib ka kasutamiseks n\u00e4omassaa\u017eiks <a href=\"https:\/\/tilk.bio\/et\/pood\/naomassaazi-rullik-roosast-kvartsist-voi-jadeiidist\/\">n\u00e4orulliku<\/a> ja <a href=\"https:\/\/tilk.bio\/et\/pood\/gua-sha-naomassaazi-kivi-roosast-kvartsist-voi-jadeiidist\/\">Gua Sha kiviga<\/a>.<\/p>\n<p>N\u00e4oseerumi koostisosad on looduslikku p\u00e4ritolu ja vegan.<\/p>\n<p>Hoiustamine: Hoiusta n\u00e4oseerumit toatemperatuuril.<\/p>\n<p>Kogus: 15 ml<\/p>\n","protected":false},"excerpt":{"rendered":"<p>Plump Me on kerge koostisega niisutav h\u00fcaluroonhappe seerum, milles sisalduval h\u00fcaluroonhappel on naha jaoks mitmeid imelisi omadusi. See seob niiskust, toetab hapniku ja toitainete transporti naharakkudesse ning aitab siluda kortsukesi. Lisaks osaleb h\u00fcaluroonhape ka kollageeni moodustumisel \u2013 see on aine, mis annab nahale elastsuse. N\u00e4oseerumi koostises on fermentatsiooni tulemusena Lactobacillus probiootikumidest saadud nahale kasulikud toimeained,&#8230;<\/p>\n","protected":false},"featured_media":71786,"comment_status":"open","ping_status":"closed","template":"","meta":{"_acf_changed":false},"product_brand":[],"product_cat":[977,494,871,389,511,903,907,891],"product_tag":[],"class_list":{"0":"post-63942","1":"product","2":"type-product","3":"status-publish","4":"has-post-thumbnail","6":"product_cat-naoseerumid","7":"product_cat-klientide-lemmikud","8":"product_cat-hualuroonhape","9":"product_cat-koik-tooted","10":"product_cat-naohooldus","11":"product_cat-probiootikumid","12":"product_cat-punavetikaekstrakt","13":"product_cat-tilk-biotic-et","15":"first","16":"instock","17":"taxable","18":"shipping-taxable","19":"purchasable","20":"product-type-variable"},"acf":[],"yoast_head":"<!-- This site is optimized with the Yoast SEO plugin v27.3 - https:\/\/yoast.com\/product\/yoast-seo-wordpress\/ -->\n<title>h\u00fcaluroonhappe seerum punavetikaga Plump Me<\/title>\n<meta name=\"description\" content=\"h\u00fcaluroonhappe seerum Plump Me on kerge koostisega ja ta seob niiskust. h\u00fcaluroonhappe seerum toetab hapniku ja toitainete transporti rahka.\" \/>\n<meta name=\"robots\" content=\"index, follow, max-snippet:-1, max-image-preview:large, max-video-preview:-1\" \/>\n<link rel=\"canonical\" href=\"https:\/\/tilk.bio\/et\/pood\/plump-me-niisutav-naoseerum-hualuroonhappe-ja-punavetikaga\/\" \/>\n<meta property=\"og:locale\" content=\"et_EE\" \/>\n<meta property=\"og:type\" content=\"article\" \/>\n<meta property=\"og:title\" content=\"h\u00fcaluroonhappe seerum punavetikaga Plump Me\" \/>\n<meta property=\"og:description\" content=\"h\u00fcaluroonhappe seerum Plump Me on kerge koostisega ja ta seob niiskust. h\u00fcaluroonhappe seerum toetab hapniku ja toitainete transporti rahka.\" \/>\n<meta property=\"og:url\" content=\"https:\/\/tilk.bio\/et\/pood\/plump-me-niisutav-naoseerum-hualuroonhappe-ja-punavetikaga\/\" \/>\n<meta property=\"og:site_name\" content=\"Tilk!\" \/>\n<meta property=\"article:publisher\" content=\"https:\/\/www.facebook.com\/tilk.bio\/\" \/>\n<meta property=\"article:modified_time\" content=\"2026-04-09T16:00:07+00:00\" \/>\n<meta property=\"og:image\" content=\"https:\/\/tilk.bio\/wp-content\/uploads\/2020\/12\/1-2.jpg\" \/>\n\t<meta property=\"og:image:width\" content=\"1200\" \/>\n\t<meta property=\"og:image:height\" content=\"1200\" \/>\n\t<meta property=\"og:image:type\" content=\"image\/jpeg\" \/>\n<meta name=\"twitter:card\" content=\"summary_large_image\" \/>\n<meta name=\"twitter:label1\" content=\"Est. reading time\" \/>\n\t<meta name=\"twitter:data1\" content=\"1 minut\" \/>\n<script type=\"application\/ld+json\" class=\"yoast-schema-graph\">{\"@context\":\"https:\\\/\\\/schema.org\",\"@graph\":[{\"@type\":\"WebPage\",\"@id\":\"https:\\\/\\\/tilk.bio\\\/et\\\/pood\\\/plump-me-niisutav-naoseerum-hualuroonhappe-ja-punavetikaga\\\/\",\"url\":\"https:\\\/\\\/tilk.bio\\\/et\\\/pood\\\/plump-me-niisutav-naoseerum-hualuroonhappe-ja-punavetikaga\\\/\",\"name\":\"h\u00fcaluroonhappe seerum punavetikaga Plump Me\",\"isPartOf\":{\"@id\":\"https:\\\/\\\/tilk.bio\\\/et\\\/#website\"},\"primaryImageOfPage\":{\"@id\":\"https:\\\/\\\/tilk.bio\\\/et\\\/pood\\\/plump-me-niisutav-naoseerum-hualuroonhappe-ja-punavetikaga\\\/#primaryimage\"},\"image\":{\"@id\":\"https:\\\/\\\/tilk.bio\\\/et\\\/pood\\\/plump-me-niisutav-naoseerum-hualuroonhappe-ja-punavetikaga\\\/#primaryimage\"},\"thumbnailUrl\":\"https:\\\/\\\/tilk.bio\\\/wp-content\\\/uploads\\\/2020\\\/12\\\/1-2.jpg\",\"datePublished\":\"2022-12-29T22:28:19+00:00\",\"dateModified\":\"2026-04-09T16:00:07+00:00\",\"description\":\"h\u00fcaluroonhappe seerum Plump Me on kerge koostisega ja ta seob niiskust. h\u00fcaluroonhappe seerum toetab hapniku ja toitainete transporti rahka.\",\"breadcrumb\":{\"@id\":\"https:\\\/\\\/tilk.bio\\\/et\\\/pood\\\/plump-me-niisutav-naoseerum-hualuroonhappe-ja-punavetikaga\\\/#breadcrumb\"},\"inLanguage\":\"et\",\"potentialAction\":[{\"@type\":\"ReadAction\",\"target\":[\"https:\\\/\\\/tilk.bio\\\/et\\\/pood\\\/plump-me-niisutav-naoseerum-hualuroonhappe-ja-punavetikaga\\\/\"]}]},{\"@type\":\"ImageObject\",\"inLanguage\":\"et\",\"@id\":\"https:\\\/\\\/tilk.bio\\\/et\\\/pood\\\/plump-me-niisutav-naoseerum-hualuroonhappe-ja-punavetikaga\\\/#primaryimage\",\"url\":\"https:\\\/\\\/tilk.bio\\\/wp-content\\\/uploads\\\/2020\\\/12\\\/1-2.jpg\",\"contentUrl\":\"https:\\\/\\\/tilk.bio\\\/wp-content\\\/uploads\\\/2020\\\/12\\\/1-2.jpg\",\"width\":1200,\"height\":1200},{\"@type\":\"BreadcrumbList\",\"@id\":\"https:\\\/\\\/tilk.bio\\\/et\\\/pood\\\/plump-me-niisutav-naoseerum-hualuroonhappe-ja-punavetikaga\\\/#breadcrumb\",\"itemListElement\":[{\"@type\":\"ListItem\",\"position\":1,\"name\":\"Home\",\"item\":\"https:\\\/\\\/tilk.bio\\\/et\\\/\"},{\"@type\":\"ListItem\",\"position\":2,\"name\":\"Pood\",\"item\":\"https:\\\/\\\/tilk.bio\\\/et\\\/pood\\\/\"},{\"@type\":\"ListItem\",\"position\":3,\"name\":\"Plump Me probiootiline niisutav h\u00fcaluroonhappe seerum punavetikaga\"}]},{\"@type\":\"WebSite\",\"@id\":\"https:\\\/\\\/tilk.bio\\\/et\\\/#website\",\"url\":\"https:\\\/\\\/tilk.bio\\\/et\\\/\",\"name\":\"Tilk!\",\"description\":\"Keskkonnas\u00f5bralik ja j\u00e4tkusuutlik looduskosmeetika Saaremaalt.\",\"potentialAction\":[{\"@type\":\"SearchAction\",\"target\":{\"@type\":\"EntryPoint\",\"urlTemplate\":\"https:\\\/\\\/tilk.bio\\\/et\\\/?s={search_term_string}\"},\"query-input\":{\"@type\":\"PropertyValueSpecification\",\"valueRequired\":true,\"valueName\":\"search_term_string\"}}],\"inLanguage\":\"et\"}]}<\/script>\n<!-- \/ Yoast SEO plugin. -->","yoast_head_json":{"title":"h\u00fcaluroonhappe seerum punavetikaga Plump Me","description":"h\u00fcaluroonhappe seerum Plump Me on kerge koostisega ja ta seob niiskust. h\u00fcaluroonhappe seerum toetab hapniku ja toitainete transporti rahka.","robots":{"index":"index","follow":"follow","max-snippet":"max-snippet:-1","max-image-preview":"max-image-preview:large","max-video-preview":"max-video-preview:-1"},"canonical":"https:\/\/tilk.bio\/et\/pood\/plump-me-niisutav-naoseerum-hualuroonhappe-ja-punavetikaga\/","og_locale":"et_EE","og_type":"article","og_title":"h\u00fcaluroonhappe seerum punavetikaga Plump Me","og_description":"h\u00fcaluroonhappe seerum Plump Me on kerge koostisega ja ta seob niiskust. h\u00fcaluroonhappe seerum toetab hapniku ja toitainete transporti rahka.","og_url":"https:\/\/tilk.bio\/et\/pood\/plump-me-niisutav-naoseerum-hualuroonhappe-ja-punavetikaga\/","og_site_name":"Tilk!","article_publisher":"https:\/\/www.facebook.com\/tilk.bio\/","article_modified_time":"2026-04-09T16:00:07+00:00","og_image":[{"width":1200,"height":1200,"url":"https:\/\/tilk.bio\/wp-content\/uploads\/2020\/12\/1-2.jpg","type":"image\/jpeg"}],"twitter_card":"summary_large_image","twitter_misc":{"Est. reading time":"1 minut"},"schema":{"@context":"https:\/\/schema.org","@graph":[{"@type":"WebPage","@id":"https:\/\/tilk.bio\/et\/pood\/plump-me-niisutav-naoseerum-hualuroonhappe-ja-punavetikaga\/","url":"https:\/\/tilk.bio\/et\/pood\/plump-me-niisutav-naoseerum-hualuroonhappe-ja-punavetikaga\/","name":"h\u00fcaluroonhappe seerum punavetikaga Plump Me","isPartOf":{"@id":"https:\/\/tilk.bio\/et\/#website"},"primaryImageOfPage":{"@id":"https:\/\/tilk.bio\/et\/pood\/plump-me-niisutav-naoseerum-hualuroonhappe-ja-punavetikaga\/#primaryimage"},"image":{"@id":"https:\/\/tilk.bio\/et\/pood\/plump-me-niisutav-naoseerum-hualuroonhappe-ja-punavetikaga\/#primaryimage"},"thumbnailUrl":"https:\/\/tilk.bio\/wp-content\/uploads\/2020\/12\/1-2.jpg","datePublished":"2022-12-29T22:28:19+00:00","dateModified":"2026-04-09T16:00:07+00:00","description":"h\u00fcaluroonhappe seerum Plump Me on kerge koostisega ja ta seob niiskust. h\u00fcaluroonhappe seerum toetab hapniku ja toitainete transporti rahka.","breadcrumb":{"@id":"https:\/\/tilk.bio\/et\/pood\/plump-me-niisutav-naoseerum-hualuroonhappe-ja-punavetikaga\/#breadcrumb"},"inLanguage":"et","potentialAction":[{"@type":"ReadAction","target":["https:\/\/tilk.bio\/et\/pood\/plump-me-niisutav-naoseerum-hualuroonhappe-ja-punavetikaga\/"]}]},{"@type":"ImageObject","inLanguage":"et","@id":"https:\/\/tilk.bio\/et\/pood\/plump-me-niisutav-naoseerum-hualuroonhappe-ja-punavetikaga\/#primaryimage","url":"https:\/\/tilk.bio\/wp-content\/uploads\/2020\/12\/1-2.jpg","contentUrl":"https:\/\/tilk.bio\/wp-content\/uploads\/2020\/12\/1-2.jpg","width":1200,"height":1200},{"@type":"BreadcrumbList","@id":"https:\/\/tilk.bio\/et\/pood\/plump-me-niisutav-naoseerum-hualuroonhappe-ja-punavetikaga\/#breadcrumb","itemListElement":[{"@type":"ListItem","position":1,"name":"Home","item":"https:\/\/tilk.bio\/et\/"},{"@type":"ListItem","position":2,"name":"Pood","item":"https:\/\/tilk.bio\/et\/pood\/"},{"@type":"ListItem","position":3,"name":"Plump Me probiootiline niisutav h\u00fcaluroonhappe seerum punavetikaga"}]},{"@type":"WebSite","@id":"https:\/\/tilk.bio\/et\/#website","url":"https:\/\/tilk.bio\/et\/","name":"Tilk!","description":"Keskkonnas\u00f5bralik ja j\u00e4tkusuutlik looduskosmeetika Saaremaalt.","potentialAction":[{"@type":"SearchAction","target":{"@type":"EntryPoint","urlTemplate":"https:\/\/tilk.bio\/et\/?s={search_term_string}"},"query-input":{"@type":"PropertyValueSpecification","valueRequired":true,"valueName":"search_term_string"}}],"inLanguage":"et"}]}},"_links":{"self":[{"href":"https:\/\/tilk.bio\/et\/wp-json\/wp\/v2\/product\/63942","targetHints":{"allow":["GET"]}}],"collection":[{"href":"https:\/\/tilk.bio\/et\/wp-json\/wp\/v2\/product"}],"about":[{"href":"https:\/\/tilk.bio\/et\/wp-json\/wp\/v2\/types\/product"}],"replies":[{"embeddable":true,"href":"https:\/\/tilk.bio\/et\/wp-json\/wp\/v2\/comments?post=63942"}],"wp:featuredmedia":[{"embeddable":true,"href":"https:\/\/tilk.bio\/et\/wp-json\/wp\/v2\/media\/71786"}],"wp:attachment":[{"href":"https:\/\/tilk.bio\/et\/wp-json\/wp\/v2\/media?parent=63942"}],"wp:term":[{"taxonomy":"product_brand","embeddable":true,"href":"https:\/\/tilk.bio\/et\/wp-json\/wp\/v2\/product_brand?post=63942"},{"taxonomy":"product_cat","embeddable":true,"href":"https:\/\/tilk.bio\/et\/wp-json\/wp\/v2\/product_cat?post=63942"},{"taxonomy":"product_tag","embeddable":true,"href":"https:\/\/tilk.bio\/et\/wp-json\/wp\/v2\/product_tag?post=63942"}],"curies":[{"name":"wp","href":"https:\/\/api.w.org\/{rel}","templated":true}]}}