{"id":63954,"date":"2022-11-06T17:31:06","date_gmt":"2022-11-06T15:31:06","guid":{"rendered":"https:\/\/tilk.bio\/shop\/moisturising-probiotic-body-cream-with-lime-for-all-skin-types\/"},"modified":"2026-05-05T17:00:09","modified_gmt":"2026-05-05T14:00:09","slug":"niisutav-probiootiline-kehakreem-laimiga-koigile-nahatuupidele","status":"publish","type":"product","link":"https:\/\/tilk.bio\/et\/pood\/niisutav-probiootiline-kehakreem-laimiga-koigile-nahatuupidele\/","title":{"rendered":"Niisutav probiootiline kehakreem laimiga k\u00f5igile nahat\u00fc\u00fcpidele"},"content":{"rendered":"<p><a href=\"https:\/\/tilk.bio\/et\/tootekategooria\/koostisosad\/probiootikumid\/\">Probiootiline<\/a> niisutav <a href=\"https:\/\/tilk.bio\/et\/tootekategooria\/kehale\/kehakreemid-ja-voided\/\">kehakreem<\/a> tasakaalustab ja uuendab naha mikrobioomi. Siidine kehakreem sobib kasutamiseks k\u00f5igile nahat\u00fc\u00fcpidele. Kreemi koostises on nahka toitvad ja pehmendavad koostisosad, see muudab naha pehmeks ja imendub kergesti naha s\u00fcgavatesse kihtidesse, j\u00e4ttes selle elastseks ja kauniks.<\/p>\n<p>Kreemi v\u00f5tmekomponendiks on fermentatsiooni tulemusena Lactobacillus probiootikumidest saadud nahale kasulikud toimeained, mis aitavad s\u00e4ilitada terve naha bioomi. Kasulikud peptiidid aitavad taastada naha loomulikku kaitsebarj\u00e4\u00e4ri, kaitstes nahka kahjulike keskkonnam\u00f5jude, vabade radikaalide toime ja v\u00e4liste \u00e4rritajate eest.<\/p>\n<p>Kerge koostisega mandli\u00f5li v\u00e4hendab naha\u00e4rritusi ning rikkalik nisuidu\u00f5li pidurdab naha vananemisprotsessi. Nisuidu\u00f5li aitab t\u00e4nu heale imendumisele leevendada ka kuiva naha s\u00fcgelust. Vedelaks kullaks nimetatud looduslikus vahas ehk jojoba \u00f5lis sisalduv E-vitamiin m\u00f5jub noorendavalt, siludes, taastades ja pinguldades nahka. Kreemil on v\u00e4rskendav laimi l\u00f5hn.<\/p>\n<h6><b>Niisutav kehakreem &#8211; kasutamine: <\/b><\/h6>\n<p>Probiootiline kehakreem sobib igap\u00e4evaseks naha hoolitsuseks ja niisutamiseks.<\/p>\n<p>K\u00f5ik kreemi koostisosad on looduslikku p\u00e4ritolu ning vegan.<\/p>\n<p>Hoiustamine: Hoiusta kreemi toatemperatuuril.<\/p>\n<p>Kogus: 200 ml<\/p>\n","protected":false},"excerpt":{"rendered":"<p>Probiootiline niisutav kehakreem tasakaalustab ja uuendab naha mikrobioomi. Siidine kehakreem sobib kasutamiseks k\u00f5igile nahat\u00fc\u00fcpidele. Kreemi koostises on nahka toitvad ja pehmendavad koostisosad, see muudab naha pehmeks ja imendub kergesti naha s\u00fcgavatesse kihtidesse, j\u00e4ttes selle elastseks ja kauniks. Kreemi v\u00f5tmekomponendiks on fermentatsiooni tulemusena Lactobacillus probiootikumidest saadud nahale kasulikud toimeained, mis aitavad s\u00e4ilitada terve naha bioomi. Kasulikud&#8230;<\/p>\n","protected":false},"featured_media":65664,"comment_status":"open","ping_status":"closed","template":"","meta":{"_acf_changed":false},"product_brand":[],"product_cat":[494,495,605,389,689,903,891],"product_tag":[],"class_list":{"0":"post-63954","1":"product","2":"type-product","3":"status-publish","4":"has-post-thumbnail","6":"product_cat-klientide-lemmikud","7":"product_cat-kehale","8":"product_cat-kehakreemid-ja-voided","9":"product_cat-koik-tooted","10":"product_cat-kuiv-nahk","11":"product_cat-probiootikumid","12":"product_cat-tilk-biotic-et","14":"first","15":"instock","16":"taxable","17":"shipping-taxable","18":"purchasable","19":"product-type-simple"},"acf":[],"yoast_head":"<!-- This site is optimized with the Yoast SEO plugin v27.5 - https:\/\/yoast.com\/product\/yoast-seo-wordpress\/ -->\n<title>Niisutav kehakreem laimiga k\u00f5igile nahat\u00fc\u00fcpidele<\/title>\n<meta name=\"description\" content=\"Probiootiline niisutav kehakreem tasakaalustab ja uuendab naha mikrobioomi. Siidine kehakreem sobib kasutamiseks k\u00f5igile nahat\u00fc\u00fcpidele.\" \/>\n<meta name=\"robots\" content=\"index, follow, max-snippet:-1, max-image-preview:large, max-video-preview:-1\" \/>\n<link rel=\"canonical\" href=\"https:\/\/tilk.bio\/et\/pood\/niisutav-probiootiline-kehakreem-laimiga-koigile-nahatuupidele\/\" \/>\n<meta property=\"og:locale\" content=\"et_EE\" \/>\n<meta property=\"og:type\" content=\"article\" \/>\n<meta property=\"og:title\" content=\"Niisutav kehakreem laimiga k\u00f5igile nahat\u00fc\u00fcpidele\" \/>\n<meta property=\"og:description\" content=\"Probiootiline niisutav kehakreem tasakaalustab ja uuendab naha mikrobioomi. Siidine kehakreem sobib kasutamiseks k\u00f5igile nahat\u00fc\u00fcpidele.\" \/>\n<meta property=\"og:url\" content=\"https:\/\/tilk.bio\/et\/pood\/niisutav-probiootiline-kehakreem-laimiga-koigile-nahatuupidele\/\" \/>\n<meta property=\"og:site_name\" content=\"Tilk!\" \/>\n<meta property=\"article:publisher\" content=\"https:\/\/www.facebook.com\/tilk.bio\/\" \/>\n<meta property=\"article:modified_time\" content=\"2026-05-05T14:00:09+00:00\" \/>\n<meta property=\"og:image\" content=\"https:\/\/tilk.bio\/wp-content\/uploads\/2022\/11\/probkehakreem2buduaar.jpg\" \/>\n\t<meta property=\"og:image:width\" content=\"1200\" \/>\n\t<meta property=\"og:image:height\" content=\"1200\" \/>\n\t<meta property=\"og:image:type\" content=\"image\/jpeg\" \/>\n<meta name=\"twitter:card\" content=\"summary_large_image\" \/>\n<meta name=\"twitter:label1\" content=\"Est. reading time\" \/>\n\t<meta name=\"twitter:data1\" content=\"1 minut\" \/>\n<script type=\"application\/ld+json\" class=\"yoast-schema-graph\">{\"@context\":\"https:\\\/\\\/schema.org\",\"@graph\":[{\"@type\":\"WebPage\",\"@id\":\"https:\\\/\\\/tilk.bio\\\/et\\\/pood\\\/niisutav-probiootiline-kehakreem-laimiga-koigile-nahatuupidele\\\/\",\"url\":\"https:\\\/\\\/tilk.bio\\\/et\\\/pood\\\/niisutav-probiootiline-kehakreem-laimiga-koigile-nahatuupidele\\\/\",\"name\":\"Niisutav kehakreem laimiga k\u00f5igile nahat\u00fc\u00fcpidele\",\"isPartOf\":{\"@id\":\"https:\\\/\\\/tilk.bio\\\/et\\\/#website\"},\"primaryImageOfPage\":{\"@id\":\"https:\\\/\\\/tilk.bio\\\/et\\\/pood\\\/niisutav-probiootiline-kehakreem-laimiga-koigile-nahatuupidele\\\/#primaryimage\"},\"image\":{\"@id\":\"https:\\\/\\\/tilk.bio\\\/et\\\/pood\\\/niisutav-probiootiline-kehakreem-laimiga-koigile-nahatuupidele\\\/#primaryimage\"},\"thumbnailUrl\":\"https:\\\/\\\/tilk.bio\\\/wp-content\\\/uploads\\\/2022\\\/11\\\/probkehakreem2buduaar.jpg\",\"datePublished\":\"2022-11-06T15:31:06+00:00\",\"dateModified\":\"2026-05-05T14:00:09+00:00\",\"description\":\"Probiootiline niisutav kehakreem tasakaalustab ja uuendab naha mikrobioomi. Siidine kehakreem sobib kasutamiseks k\u00f5igile nahat\u00fc\u00fcpidele.\",\"breadcrumb\":{\"@id\":\"https:\\\/\\\/tilk.bio\\\/et\\\/pood\\\/niisutav-probiootiline-kehakreem-laimiga-koigile-nahatuupidele\\\/#breadcrumb\"},\"inLanguage\":\"et\",\"potentialAction\":[{\"@type\":\"ReadAction\",\"target\":[\"https:\\\/\\\/tilk.bio\\\/et\\\/pood\\\/niisutav-probiootiline-kehakreem-laimiga-koigile-nahatuupidele\\\/\"]}]},{\"@type\":\"ImageObject\",\"inLanguage\":\"et\",\"@id\":\"https:\\\/\\\/tilk.bio\\\/et\\\/pood\\\/niisutav-probiootiline-kehakreem-laimiga-koigile-nahatuupidele\\\/#primaryimage\",\"url\":\"https:\\\/\\\/tilk.bio\\\/wp-content\\\/uploads\\\/2022\\\/11\\\/probkehakreem2buduaar.jpg\",\"contentUrl\":\"https:\\\/\\\/tilk.bio\\\/wp-content\\\/uploads\\\/2022\\\/11\\\/probkehakreem2buduaar.jpg\",\"width\":1200,\"height\":1200,\"caption\":\"niisutav kehakreem tilk\"},{\"@type\":\"BreadcrumbList\",\"@id\":\"https:\\\/\\\/tilk.bio\\\/et\\\/pood\\\/niisutav-probiootiline-kehakreem-laimiga-koigile-nahatuupidele\\\/#breadcrumb\",\"itemListElement\":[{\"@type\":\"ListItem\",\"position\":1,\"name\":\"Home\",\"item\":\"https:\\\/\\\/tilk.bio\\\/et\\\/\"},{\"@type\":\"ListItem\",\"position\":2,\"name\":\"Pood\",\"item\":\"https:\\\/\\\/tilk.bio\\\/et\\\/pood\\\/\"},{\"@type\":\"ListItem\",\"position\":3,\"name\":\"Niisutav probiootiline kehakreem laimiga k\u00f5igile nahat\u00fc\u00fcpidele\"}]},{\"@type\":\"WebSite\",\"@id\":\"https:\\\/\\\/tilk.bio\\\/et\\\/#website\",\"url\":\"https:\\\/\\\/tilk.bio\\\/et\\\/\",\"name\":\"Tilk!\",\"description\":\"Keskkonnas\u00f5bralik ja j\u00e4tkusuutlik looduskosmeetika Saaremaalt.\",\"potentialAction\":[{\"@type\":\"SearchAction\",\"target\":{\"@type\":\"EntryPoint\",\"urlTemplate\":\"https:\\\/\\\/tilk.bio\\\/et\\\/?s={search_term_string}\"},\"query-input\":{\"@type\":\"PropertyValueSpecification\",\"valueRequired\":true,\"valueName\":\"search_term_string\"}}],\"inLanguage\":\"et\"}]}<\/script>\n<!-- \/ Yoast SEO plugin. -->","yoast_head_json":{"title":"Niisutav kehakreem laimiga k\u00f5igile nahat\u00fc\u00fcpidele","description":"Probiootiline niisutav kehakreem tasakaalustab ja uuendab naha mikrobioomi. Siidine kehakreem sobib kasutamiseks k\u00f5igile nahat\u00fc\u00fcpidele.","robots":{"index":"index","follow":"follow","max-snippet":"max-snippet:-1","max-image-preview":"max-image-preview:large","max-video-preview":"max-video-preview:-1"},"canonical":"https:\/\/tilk.bio\/et\/pood\/niisutav-probiootiline-kehakreem-laimiga-koigile-nahatuupidele\/","og_locale":"et_EE","og_type":"article","og_title":"Niisutav kehakreem laimiga k\u00f5igile nahat\u00fc\u00fcpidele","og_description":"Probiootiline niisutav kehakreem tasakaalustab ja uuendab naha mikrobioomi. Siidine kehakreem sobib kasutamiseks k\u00f5igile nahat\u00fc\u00fcpidele.","og_url":"https:\/\/tilk.bio\/et\/pood\/niisutav-probiootiline-kehakreem-laimiga-koigile-nahatuupidele\/","og_site_name":"Tilk!","article_publisher":"https:\/\/www.facebook.com\/tilk.bio\/","article_modified_time":"2026-05-05T14:00:09+00:00","og_image":[{"width":1200,"height":1200,"url":"https:\/\/tilk.bio\/wp-content\/uploads\/2022\/11\/probkehakreem2buduaar.jpg","type":"image\/jpeg"}],"twitter_card":"summary_large_image","twitter_misc":{"Est. reading time":"1 minut"},"schema":{"@context":"https:\/\/schema.org","@graph":[{"@type":"WebPage","@id":"https:\/\/tilk.bio\/et\/pood\/niisutav-probiootiline-kehakreem-laimiga-koigile-nahatuupidele\/","url":"https:\/\/tilk.bio\/et\/pood\/niisutav-probiootiline-kehakreem-laimiga-koigile-nahatuupidele\/","name":"Niisutav kehakreem laimiga k\u00f5igile nahat\u00fc\u00fcpidele","isPartOf":{"@id":"https:\/\/tilk.bio\/et\/#website"},"primaryImageOfPage":{"@id":"https:\/\/tilk.bio\/et\/pood\/niisutav-probiootiline-kehakreem-laimiga-koigile-nahatuupidele\/#primaryimage"},"image":{"@id":"https:\/\/tilk.bio\/et\/pood\/niisutav-probiootiline-kehakreem-laimiga-koigile-nahatuupidele\/#primaryimage"},"thumbnailUrl":"https:\/\/tilk.bio\/wp-content\/uploads\/2022\/11\/probkehakreem2buduaar.jpg","datePublished":"2022-11-06T15:31:06+00:00","dateModified":"2026-05-05T14:00:09+00:00","description":"Probiootiline niisutav kehakreem tasakaalustab ja uuendab naha mikrobioomi. Siidine kehakreem sobib kasutamiseks k\u00f5igile nahat\u00fc\u00fcpidele.","breadcrumb":{"@id":"https:\/\/tilk.bio\/et\/pood\/niisutav-probiootiline-kehakreem-laimiga-koigile-nahatuupidele\/#breadcrumb"},"inLanguage":"et","potentialAction":[{"@type":"ReadAction","target":["https:\/\/tilk.bio\/et\/pood\/niisutav-probiootiline-kehakreem-laimiga-koigile-nahatuupidele\/"]}]},{"@type":"ImageObject","inLanguage":"et","@id":"https:\/\/tilk.bio\/et\/pood\/niisutav-probiootiline-kehakreem-laimiga-koigile-nahatuupidele\/#primaryimage","url":"https:\/\/tilk.bio\/wp-content\/uploads\/2022\/11\/probkehakreem2buduaar.jpg","contentUrl":"https:\/\/tilk.bio\/wp-content\/uploads\/2022\/11\/probkehakreem2buduaar.jpg","width":1200,"height":1200,"caption":"niisutav kehakreem tilk"},{"@type":"BreadcrumbList","@id":"https:\/\/tilk.bio\/et\/pood\/niisutav-probiootiline-kehakreem-laimiga-koigile-nahatuupidele\/#breadcrumb","itemListElement":[{"@type":"ListItem","position":1,"name":"Home","item":"https:\/\/tilk.bio\/et\/"},{"@type":"ListItem","position":2,"name":"Pood","item":"https:\/\/tilk.bio\/et\/pood\/"},{"@type":"ListItem","position":3,"name":"Niisutav probiootiline kehakreem laimiga k\u00f5igile nahat\u00fc\u00fcpidele"}]},{"@type":"WebSite","@id":"https:\/\/tilk.bio\/et\/#website","url":"https:\/\/tilk.bio\/et\/","name":"Tilk!","description":"Keskkonnas\u00f5bralik ja j\u00e4tkusuutlik looduskosmeetika Saaremaalt.","potentialAction":[{"@type":"SearchAction","target":{"@type":"EntryPoint","urlTemplate":"https:\/\/tilk.bio\/et\/?s={search_term_string}"},"query-input":{"@type":"PropertyValueSpecification","valueRequired":true,"valueName":"search_term_string"}}],"inLanguage":"et"}]}},"_links":{"self":[{"href":"https:\/\/tilk.bio\/et\/wp-json\/wp\/v2\/product\/63954","targetHints":{"allow":["GET"]}}],"collection":[{"href":"https:\/\/tilk.bio\/et\/wp-json\/wp\/v2\/product"}],"about":[{"href":"https:\/\/tilk.bio\/et\/wp-json\/wp\/v2\/types\/product"}],"replies":[{"embeddable":true,"href":"https:\/\/tilk.bio\/et\/wp-json\/wp\/v2\/comments?post=63954"}],"wp:featuredmedia":[{"embeddable":true,"href":"https:\/\/tilk.bio\/et\/wp-json\/wp\/v2\/media\/65664"}],"wp:attachment":[{"href":"https:\/\/tilk.bio\/et\/wp-json\/wp\/v2\/media?parent=63954"}],"wp:term":[{"taxonomy":"product_brand","embeddable":true,"href":"https:\/\/tilk.bio\/et\/wp-json\/wp\/v2\/product_brand?post=63954"},{"taxonomy":"product_cat","embeddable":true,"href":"https:\/\/tilk.bio\/et\/wp-json\/wp\/v2\/product_cat?post=63954"},{"taxonomy":"product_tag","embeddable":true,"href":"https:\/\/tilk.bio\/et\/wp-json\/wp\/v2\/product_tag?post=63954"}],"curies":[{"name":"wp","href":"https:\/\/api.w.org\/{rel}","templated":true}]}}