{"id":63958,"date":"2022-11-06T17:55:25","date_gmt":"2022-11-06T15:55:25","guid":{"rendered":"https:\/\/tilk.bio\/shop\/probiotic-face-cream-for-normal-and-combination-skin\/"},"modified":"2026-04-14T16:45:26","modified_gmt":"2026-04-14T13:45:26","slug":"probiootiline-naokreem-normaalsele-ja-kombineeritud-nahale","status":"publish","type":"product","link":"https:\/\/tilk.bio\/et\/pood\/probiootiline-naokreem-normaalsele-ja-kombineeritud-nahale\/","title":{"rendered":"Probiootiline n\u00e4okreem normaalsele ja kombineeritud nahale"},"content":{"rendered":"<p><a href=\"https:\/\/tilk.bio\/et\/tootekategooria\/koostisosad\/probiootikumid\/\">Probiootiline<\/a> n\u00e4okreem tasakaalustab ja uuendab naha mikrobioomi. Kreem sobib ideaalselt <a href=\"https:\/\/tilk.bio\/et\/nahatuup\/kombineeritud-ja-normaalne-nahk\/\">normaalsele ja kombineeritud nahale<\/a>. Kreemi koostises on nahka toitvad ja pehmendavad koostisosad, see imendub kergesti naha s\u00fcgavatesse kihtidesse ning ei j\u00e4ta nahka rasvaseks ega l\u00e4ikivaks ja ei m\u00f5ju raskelt.<\/p>\n<p>Kreemi v\u00f5tmekomponendiks on fermentatsiooni tulemusena Lactobacillus <a href=\"https:\/\/tilk.bio\/et\/tootekategooria\/koostisosad\/probiootikumid\/\">probiootikumidest<\/a> saadud nahale kasulikud toimeained, mis aitavad s\u00e4ilitada terve naha bioomi. Kasulikud peptiidid aitavad taastada naha loomulikku kaitsebarj\u00e4\u00e4ri, kaitstes nahka kahjulike keskkonnam\u00f5jude, vabade radikaalide toime ja v\u00e4liste \u00e4rritajate eest.<\/p>\n<p>Kreemis sisalduvad porgandi- ja mandli\u00f5li toidavad ja pehmendavad nahka ning kaitsevad v\u00e4listegurite eest nagu kuum v\u00f5i k\u00fclm temperatuur, \u00f5husaaste ja UV-kiirgus. Sheav\u00f5i muudab naha elastseks, seda niisutades ja kaitstes. Lisaks sisaldab kibuvitsaseemne\u00f5li rikkalikult A-vitamiini ja antioks\u00fcdante, mis toetavad naha uuenemist ja parandavad jumet. See nahale m\u00f5eldud \u00f5rn nauding on v\u00e4rske lavendli ja sidruni l\u00f5hnaga.<\/p>\n<p><b>Kasutamine:<\/b> <a href=\"https:\/\/tilk.bio\/et\/tootekategooria\/koostisosad\/probiootikumid\/\">Probiootiline<\/a> n\u00e4okreem sobib igap\u00e4evaseks naha hoolitsuseks ja niisutamiseks peale puhastamist.<\/p>\n<p>K\u00f5ik kreemi koostisosad on looduslikku p\u00e4ritolu ning vegan.<\/p>\n<p>Hoiustamine: Hoiusta kreemi toatemperatuuril.<\/p>\n<p>Kogus: 10 ml\/50 ml<\/p>\n","protected":false},"excerpt":{"rendered":"<p>Probiootiline n\u00e4okreem tasakaalustab ja uuendab naha mikrobioomi. Kreem sobib ideaalselt normaalsele ja kombineeritud nahale. Kreemi koostises on nahka toitvad ja pehmendavad koostisosad, see imendub kergesti naha s\u00fcgavatesse kihtidesse ning ei j\u00e4ta nahka rasvaseks ega l\u00e4ikivaks ja ei m\u00f5ju raskelt. Kreemi v\u00f5tmekomponendiks on fermentatsiooni tulemusena Lactobacillus probiootikumidest saadud nahale kasulikud toimeained, mis aitavad s\u00e4ilitada terve naha&#8230;<\/p>\n","protected":false},"featured_media":71762,"comment_status":"open","ping_status":"closed","template":"","meta":{"_acf_changed":false},"product_brand":[],"product_cat":[585,494,389,511,692,903,912,533,891],"product_tag":[],"class_list":{"0":"post-63958","1":"product","2":"type-product","3":"status-publish","4":"has-post-thumbnail","6":"product_cat-naokreem","7":"product_cat-klientide-lemmikud","8":"product_cat-koik-tooted","9":"product_cat-naohooldus","10":"product_cat-normaalne-ja-kombineeritud-nahk","11":"product_cat-probiootikumid","12":"product_cat-sheavoi","13":"product_cat-spaatli-voimalus","14":"product_cat-tilk-biotic-et","16":"first","17":"instock","18":"taxable","19":"shipping-taxable","20":"purchasable","21":"product-type-variable"},"acf":[],"yoast_head":"<!-- This site is optimized with the Yoast SEO plugin v27.3 - https:\/\/yoast.com\/product\/yoast-seo-wordpress\/ -->\n<title>Probiootiline n\u00e4okreem normaalsele ja kombineeritud nahale - Tilk!<\/title>\n<meta name=\"description\" content=\"Probiootiline n\u00e4okreem tasakaalustab ja uuendab naha mikrobioomi. Kreem sobib ideaalselt normaalsele ja kombineeritud nahale.\" \/>\n<meta name=\"robots\" content=\"index, follow, max-snippet:-1, max-image-preview:large, max-video-preview:-1\" \/>\n<link rel=\"canonical\" href=\"https:\/\/tilk.bio\/et\/pood\/probiootiline-naokreem-normaalsele-ja-kombineeritud-nahale\/\" \/>\n<meta property=\"og:locale\" content=\"et_EE\" \/>\n<meta property=\"og:type\" content=\"article\" \/>\n<meta property=\"og:title\" content=\"Probiootiline n\u00e4okreem normaalsele ja kombineeritud nahale - Tilk!\" \/>\n<meta property=\"og:description\" content=\"Probiootiline n\u00e4okreem tasakaalustab ja uuendab naha mikrobioomi. Kreem sobib ideaalselt normaalsele ja kombineeritud nahale.\" \/>\n<meta property=\"og:url\" content=\"https:\/\/tilk.bio\/et\/pood\/probiootiline-naokreem-normaalsele-ja-kombineeritud-nahale\/\" \/>\n<meta property=\"og:site_name\" content=\"Tilk!\" \/>\n<meta property=\"article:publisher\" content=\"https:\/\/www.facebook.com\/tilk.bio\/\" \/>\n<meta property=\"article:modified_time\" content=\"2026-04-14T13:45:26+00:00\" \/>\n<meta property=\"og:image\" content=\"https:\/\/tilk.bio\/wp-content\/uploads\/2022\/11\/1.jpg\" \/>\n\t<meta property=\"og:image:width\" content=\"1200\" \/>\n\t<meta property=\"og:image:height\" content=\"1200\" \/>\n\t<meta property=\"og:image:type\" content=\"image\/jpeg\" \/>\n<meta name=\"twitter:card\" content=\"summary_large_image\" \/>\n<meta name=\"twitter:label1\" content=\"Est. reading time\" \/>\n\t<meta name=\"twitter:data1\" content=\"1 minut\" \/>\n<script type=\"application\/ld+json\" class=\"yoast-schema-graph\">{\"@context\":\"https:\\\/\\\/schema.org\",\"@graph\":[{\"@type\":\"WebPage\",\"@id\":\"https:\\\/\\\/tilk.bio\\\/et\\\/pood\\\/probiootiline-naokreem-normaalsele-ja-kombineeritud-nahale\\\/\",\"url\":\"https:\\\/\\\/tilk.bio\\\/et\\\/pood\\\/probiootiline-naokreem-normaalsele-ja-kombineeritud-nahale\\\/\",\"name\":\"Probiootiline n\u00e4okreem normaalsele ja kombineeritud nahale - Tilk!\",\"isPartOf\":{\"@id\":\"https:\\\/\\\/tilk.bio\\\/et\\\/#website\"},\"primaryImageOfPage\":{\"@id\":\"https:\\\/\\\/tilk.bio\\\/et\\\/pood\\\/probiootiline-naokreem-normaalsele-ja-kombineeritud-nahale\\\/#primaryimage\"},\"image\":{\"@id\":\"https:\\\/\\\/tilk.bio\\\/et\\\/pood\\\/probiootiline-naokreem-normaalsele-ja-kombineeritud-nahale\\\/#primaryimage\"},\"thumbnailUrl\":\"https:\\\/\\\/tilk.bio\\\/wp-content\\\/uploads\\\/2022\\\/11\\\/1.jpg\",\"datePublished\":\"2022-11-06T15:55:25+00:00\",\"dateModified\":\"2026-04-14T13:45:26+00:00\",\"description\":\"Probiootiline n\u00e4okreem tasakaalustab ja uuendab naha mikrobioomi. Kreem sobib ideaalselt normaalsele ja kombineeritud nahale.\",\"breadcrumb\":{\"@id\":\"https:\\\/\\\/tilk.bio\\\/et\\\/pood\\\/probiootiline-naokreem-normaalsele-ja-kombineeritud-nahale\\\/#breadcrumb\"},\"inLanguage\":\"et\",\"potentialAction\":[{\"@type\":\"ReadAction\",\"target\":[\"https:\\\/\\\/tilk.bio\\\/et\\\/pood\\\/probiootiline-naokreem-normaalsele-ja-kombineeritud-nahale\\\/\"]}]},{\"@type\":\"ImageObject\",\"inLanguage\":\"et\",\"@id\":\"https:\\\/\\\/tilk.bio\\\/et\\\/pood\\\/probiootiline-naokreem-normaalsele-ja-kombineeritud-nahale\\\/#primaryimage\",\"url\":\"https:\\\/\\\/tilk.bio\\\/wp-content\\\/uploads\\\/2022\\\/11\\\/1.jpg\",\"contentUrl\":\"https:\\\/\\\/tilk.bio\\\/wp-content\\\/uploads\\\/2022\\\/11\\\/1.jpg\",\"width\":1200,\"height\":1200},{\"@type\":\"BreadcrumbList\",\"@id\":\"https:\\\/\\\/tilk.bio\\\/et\\\/pood\\\/probiootiline-naokreem-normaalsele-ja-kombineeritud-nahale\\\/#breadcrumb\",\"itemListElement\":[{\"@type\":\"ListItem\",\"position\":1,\"name\":\"Home\",\"item\":\"https:\\\/\\\/tilk.bio\\\/et\\\/\"},{\"@type\":\"ListItem\",\"position\":2,\"name\":\"Pood\",\"item\":\"https:\\\/\\\/tilk.bio\\\/et\\\/pood\\\/\"},{\"@type\":\"ListItem\",\"position\":3,\"name\":\"Probiootiline n\u00e4okreem normaalsele ja kombineeritud nahale\"}]},{\"@type\":\"WebSite\",\"@id\":\"https:\\\/\\\/tilk.bio\\\/et\\\/#website\",\"url\":\"https:\\\/\\\/tilk.bio\\\/et\\\/\",\"name\":\"Tilk!\",\"description\":\"Keskkonnas\u00f5bralik ja j\u00e4tkusuutlik looduskosmeetika Saaremaalt.\",\"potentialAction\":[{\"@type\":\"SearchAction\",\"target\":{\"@type\":\"EntryPoint\",\"urlTemplate\":\"https:\\\/\\\/tilk.bio\\\/et\\\/?s={search_term_string}\"},\"query-input\":{\"@type\":\"PropertyValueSpecification\",\"valueRequired\":true,\"valueName\":\"search_term_string\"}}],\"inLanguage\":\"et\"}]}<\/script>\n<!-- \/ Yoast SEO plugin. -->","yoast_head_json":{"title":"Probiootiline n\u00e4okreem normaalsele ja kombineeritud nahale - Tilk!","description":"Probiootiline n\u00e4okreem tasakaalustab ja uuendab naha mikrobioomi. Kreem sobib ideaalselt normaalsele ja kombineeritud nahale.","robots":{"index":"index","follow":"follow","max-snippet":"max-snippet:-1","max-image-preview":"max-image-preview:large","max-video-preview":"max-video-preview:-1"},"canonical":"https:\/\/tilk.bio\/et\/pood\/probiootiline-naokreem-normaalsele-ja-kombineeritud-nahale\/","og_locale":"et_EE","og_type":"article","og_title":"Probiootiline n\u00e4okreem normaalsele ja kombineeritud nahale - Tilk!","og_description":"Probiootiline n\u00e4okreem tasakaalustab ja uuendab naha mikrobioomi. Kreem sobib ideaalselt normaalsele ja kombineeritud nahale.","og_url":"https:\/\/tilk.bio\/et\/pood\/probiootiline-naokreem-normaalsele-ja-kombineeritud-nahale\/","og_site_name":"Tilk!","article_publisher":"https:\/\/www.facebook.com\/tilk.bio\/","article_modified_time":"2026-04-14T13:45:26+00:00","og_image":[{"width":1200,"height":1200,"url":"https:\/\/tilk.bio\/wp-content\/uploads\/2022\/11\/1.jpg","type":"image\/jpeg"}],"twitter_card":"summary_large_image","twitter_misc":{"Est. reading time":"1 minut"},"schema":{"@context":"https:\/\/schema.org","@graph":[{"@type":"WebPage","@id":"https:\/\/tilk.bio\/et\/pood\/probiootiline-naokreem-normaalsele-ja-kombineeritud-nahale\/","url":"https:\/\/tilk.bio\/et\/pood\/probiootiline-naokreem-normaalsele-ja-kombineeritud-nahale\/","name":"Probiootiline n\u00e4okreem normaalsele ja kombineeritud nahale - Tilk!","isPartOf":{"@id":"https:\/\/tilk.bio\/et\/#website"},"primaryImageOfPage":{"@id":"https:\/\/tilk.bio\/et\/pood\/probiootiline-naokreem-normaalsele-ja-kombineeritud-nahale\/#primaryimage"},"image":{"@id":"https:\/\/tilk.bio\/et\/pood\/probiootiline-naokreem-normaalsele-ja-kombineeritud-nahale\/#primaryimage"},"thumbnailUrl":"https:\/\/tilk.bio\/wp-content\/uploads\/2022\/11\/1.jpg","datePublished":"2022-11-06T15:55:25+00:00","dateModified":"2026-04-14T13:45:26+00:00","description":"Probiootiline n\u00e4okreem tasakaalustab ja uuendab naha mikrobioomi. Kreem sobib ideaalselt normaalsele ja kombineeritud nahale.","breadcrumb":{"@id":"https:\/\/tilk.bio\/et\/pood\/probiootiline-naokreem-normaalsele-ja-kombineeritud-nahale\/#breadcrumb"},"inLanguage":"et","potentialAction":[{"@type":"ReadAction","target":["https:\/\/tilk.bio\/et\/pood\/probiootiline-naokreem-normaalsele-ja-kombineeritud-nahale\/"]}]},{"@type":"ImageObject","inLanguage":"et","@id":"https:\/\/tilk.bio\/et\/pood\/probiootiline-naokreem-normaalsele-ja-kombineeritud-nahale\/#primaryimage","url":"https:\/\/tilk.bio\/wp-content\/uploads\/2022\/11\/1.jpg","contentUrl":"https:\/\/tilk.bio\/wp-content\/uploads\/2022\/11\/1.jpg","width":1200,"height":1200},{"@type":"BreadcrumbList","@id":"https:\/\/tilk.bio\/et\/pood\/probiootiline-naokreem-normaalsele-ja-kombineeritud-nahale\/#breadcrumb","itemListElement":[{"@type":"ListItem","position":1,"name":"Home","item":"https:\/\/tilk.bio\/et\/"},{"@type":"ListItem","position":2,"name":"Pood","item":"https:\/\/tilk.bio\/et\/pood\/"},{"@type":"ListItem","position":3,"name":"Probiootiline n\u00e4okreem normaalsele ja kombineeritud nahale"}]},{"@type":"WebSite","@id":"https:\/\/tilk.bio\/et\/#website","url":"https:\/\/tilk.bio\/et\/","name":"Tilk!","description":"Keskkonnas\u00f5bralik ja j\u00e4tkusuutlik looduskosmeetika Saaremaalt.","potentialAction":[{"@type":"SearchAction","target":{"@type":"EntryPoint","urlTemplate":"https:\/\/tilk.bio\/et\/?s={search_term_string}"},"query-input":{"@type":"PropertyValueSpecification","valueRequired":true,"valueName":"search_term_string"}}],"inLanguage":"et"}]}},"_links":{"self":[{"href":"https:\/\/tilk.bio\/et\/wp-json\/wp\/v2\/product\/63958","targetHints":{"allow":["GET"]}}],"collection":[{"href":"https:\/\/tilk.bio\/et\/wp-json\/wp\/v2\/product"}],"about":[{"href":"https:\/\/tilk.bio\/et\/wp-json\/wp\/v2\/types\/product"}],"replies":[{"embeddable":true,"href":"https:\/\/tilk.bio\/et\/wp-json\/wp\/v2\/comments?post=63958"}],"wp:featuredmedia":[{"embeddable":true,"href":"https:\/\/tilk.bio\/et\/wp-json\/wp\/v2\/media\/71762"}],"wp:attachment":[{"href":"https:\/\/tilk.bio\/et\/wp-json\/wp\/v2\/media?parent=63958"}],"wp:term":[{"taxonomy":"product_brand","embeddable":true,"href":"https:\/\/tilk.bio\/et\/wp-json\/wp\/v2\/product_brand?post=63958"},{"taxonomy":"product_cat","embeddable":true,"href":"https:\/\/tilk.bio\/et\/wp-json\/wp\/v2\/product_cat?post=63958"},{"taxonomy":"product_tag","embeddable":true,"href":"https:\/\/tilk.bio\/et\/wp-json\/wp\/v2\/product_tag?post=63958"}],"curies":[{"name":"wp","href":"https:\/\/api.w.org\/{rel}","templated":true}]}}