{"id":63963,"date":"2022-12-03T00:00:31","date_gmt":"2022-11-06T16:27:31","guid":{"rendered":"https:\/\/tilk.bio\/shop\/shimmer-me-golden-shimmer-balm-with-cocoa-and-cupuacu-butter\/"},"modified":"2026-03-10T03:30:02","modified_gmt":"2026-03-10T01:30:02","slug":"shimmer-me-golden-shimmer-balm-with-cocoa-and-cupuacu-butter","status":"publish","type":"product","link":"https:\/\/tilk.bio\/et\/pood\/shimmer-me-golden-shimmer-balm-with-cocoa-and-cupuacu-butter\/","title":{"rendered":"Shimmer Me kuldne  mineraalkosmeetika s\u00e4rapalsam kakao- ja cupuacuv\u00f5iga"},"content":{"rendered":"<p>Kuldse tooniga mineraalkosmeetika <a href=\"https:\/\/tilk.bio\/et\/tootekategooria\/naohooldus\/makeup-et\/\">s\u00e4rapalsam<\/a> on suurep\u00e4rane nahaniisutaja, sest sisaldab endas rohkelt nahale asendamatuid rasvhappeid. Palsami koostises olevad kuldse tooniga naturaalsed mineraalpulbrid annavad nahale kauni ja s\u00e4rava jume. Mitmek\u00fclgset s\u00e4rapalsamit saab kasutada huulekreemina, nahale s\u00e4ra andmiseks ja ka p\u00f5sesarnade esile toomiseks.<\/p>\n<p>Palsami koostises olev Amazonase vihmametsadest p\u00e4rit cupuacuv\u00f5i on naha jaoks supertoit, sest sisaldab endast 9 erinevat asendamatut rasvhapet ja A-, C-, B1-, B2- ja B3-vitamiini. Cupuacuv\u00f5i sisaldab rohkelt unikaalseid antioks\u00fcdante, f\u00fctosteroole ja pol\u00fcfenoole, millel on erilised nahka niisutavad omadused ja mis v\u00f5itlevad vabade radikaalidega. Selle unikaalse v\u00f5ide toimeaineid t\u00e4iendavad vitamiini- ja antioks\u00fcdantide rikkad shea- ja kakaov\u00f5i, mis toidavad nahka ja kaitsevad v\u00e4liskeskkonna tegurite eest. Palsami koostises on ka suurep\u00e4raste niisutavate\u00a0 ja toitvate omadustega kookos\u00f5li. Jojoba \u00f5li taastab ja aitab hoida loomulikku niiskust. Tootel on v\u00e4rske apelsini ja geraaniumi l\u00f5hn.<\/p>\n<p>Mineraalkosmeetika palsami koostisosad on looduslikku p\u00e4ritolu ja vegan. Palsami loomisel on kasutatud Saaremaalt k\u00e4sitsi korjatud taimede \u00f5lisid.<\/p>\n<p>Hoiustamine: Soovitame hoida palsamit kaitstuna otsese p\u00e4ikesevalguse eest ja temperatuuril alla +25 kraadi.<\/p>\n<p>Kogus: 15ml<\/p>\n","protected":false},"excerpt":{"rendered":"<p>Kuldse tooniga mineraalkosmeetika s\u00e4rapalsam on suurep\u00e4rane nahaniisutaja, sest sisaldab endas rohkelt nahale asendamatuid rasvhappeid. Palsami koostises olevad kuldse tooniga naturaalsed mineraalpulbrid annavad nahale kauni ja s\u00e4rava jume. Mitmek\u00fclgset s\u00e4rapalsamit saab kasutada huulekreemina, nahale s\u00e4ra andmiseks ja ka p\u00f5sesarnade esile toomiseks. Palsami koostises olev Amazonase vihmametsadest p\u00e4rit cupuacuv\u00f5i on naha jaoks supertoit, sest sisaldab endast 9&#8230;<\/p>\n","protected":false},"featured_media":64524,"comment_status":"open","ping_status":"closed","template":"","meta":{"_acf_changed":false},"product_brand":[],"product_cat":[498,389,678,912],"product_tag":[],"class_list":{"0":"post-63963","1":"product","2":"type-product","3":"status-publish","4":"has-post-thumbnail","6":"product_cat-huuletooted","7":"product_cat-koik-tooted","8":"product_cat-makeup-et","9":"product_cat-sheavoi","11":"first","12":"instock","13":"taxable","14":"shipping-taxable","15":"purchasable","16":"product-type-simple"},"acf":[],"yoast_head":"<!-- This site is optimized with the Yoast SEO plugin v27.4 - https:\/\/yoast.com\/product\/yoast-seo-wordpress\/ -->\n<title>Mineraalkosmeetika kuldne s\u00e4rapalsam Shimmer Me<\/title>\n<meta name=\"description\" content=\"Kuldse tooniga mineraalkosmeetika s\u00e4rapalsam on suurep\u00e4rane nahaniisutaja, sest sisaldab endas rohkelt nahale asendamatuid rasvhappeid.\" \/>\n<meta name=\"robots\" content=\"index, follow, max-snippet:-1, max-image-preview:large, max-video-preview:-1\" \/>\n<link rel=\"canonical\" href=\"https:\/\/tilk.bio\/et\/pood\/shimmer-me-golden-shimmer-balm-with-cocoa-and-cupuacu-butter\/\" \/>\n<meta property=\"og:locale\" content=\"et_EE\" \/>\n<meta property=\"og:type\" content=\"article\" \/>\n<meta property=\"og:title\" content=\"Mineraalkosmeetika kuldne s\u00e4rapalsam Shimmer Me\" \/>\n<meta property=\"og:description\" content=\"Kuldse tooniga mineraalkosmeetika s\u00e4rapalsam on suurep\u00e4rane nahaniisutaja, sest sisaldab endas rohkelt nahale asendamatuid rasvhappeid.\" \/>\n<meta property=\"og:url\" content=\"https:\/\/tilk.bio\/et\/pood\/shimmer-me-golden-shimmer-balm-with-cocoa-and-cupuacu-butter\/\" \/>\n<meta property=\"og:site_name\" content=\"Tilk!\" \/>\n<meta property=\"article:publisher\" content=\"https:\/\/www.facebook.com\/tilk.bio\/\" \/>\n<meta property=\"article:modified_time\" content=\"2026-03-10T01:30:02+00:00\" \/>\n<meta property=\"og:image\" content=\"https:\/\/tilk.bio\/wp-content\/uploads\/2022\/11\/shimmer2-1.jpg\" \/>\n\t<meta property=\"og:image:width\" content=\"1200\" \/>\n\t<meta property=\"og:image:height\" content=\"1200\" \/>\n\t<meta property=\"og:image:type\" content=\"image\/jpeg\" \/>\n<meta name=\"twitter:card\" content=\"summary_large_image\" \/>\n<meta name=\"twitter:label1\" content=\"Est. reading time\" \/>\n\t<meta name=\"twitter:data1\" content=\"1 minut\" \/>\n<script type=\"application\/ld+json\" class=\"yoast-schema-graph\">{\"@context\":\"https:\\\/\\\/schema.org\",\"@graph\":[{\"@type\":\"WebPage\",\"@id\":\"https:\\\/\\\/tilk.bio\\\/et\\\/pood\\\/shimmer-me-golden-shimmer-balm-with-cocoa-and-cupuacu-butter\\\/\",\"url\":\"https:\\\/\\\/tilk.bio\\\/et\\\/pood\\\/shimmer-me-golden-shimmer-balm-with-cocoa-and-cupuacu-butter\\\/\",\"name\":\"Mineraalkosmeetika kuldne s\u00e4rapalsam Shimmer Me\",\"isPartOf\":{\"@id\":\"https:\\\/\\\/tilk.bio\\\/et\\\/#website\"},\"primaryImageOfPage\":{\"@id\":\"https:\\\/\\\/tilk.bio\\\/et\\\/pood\\\/shimmer-me-golden-shimmer-balm-with-cocoa-and-cupuacu-butter\\\/#primaryimage\"},\"image\":{\"@id\":\"https:\\\/\\\/tilk.bio\\\/et\\\/pood\\\/shimmer-me-golden-shimmer-balm-with-cocoa-and-cupuacu-butter\\\/#primaryimage\"},\"thumbnailUrl\":\"https:\\\/\\\/tilk.bio\\\/wp-content\\\/uploads\\\/2022\\\/11\\\/shimmer2-1.jpg\",\"datePublished\":\"2022-11-06T16:27:31+00:00\",\"dateModified\":\"2026-03-10T01:30:02+00:00\",\"description\":\"Kuldse tooniga mineraalkosmeetika s\u00e4rapalsam on suurep\u00e4rane nahaniisutaja, sest sisaldab endas rohkelt nahale asendamatuid rasvhappeid.\",\"breadcrumb\":{\"@id\":\"https:\\\/\\\/tilk.bio\\\/et\\\/pood\\\/shimmer-me-golden-shimmer-balm-with-cocoa-and-cupuacu-butter\\\/#breadcrumb\"},\"inLanguage\":\"et\",\"potentialAction\":[{\"@type\":\"ReadAction\",\"target\":[\"https:\\\/\\\/tilk.bio\\\/et\\\/pood\\\/shimmer-me-golden-shimmer-balm-with-cocoa-and-cupuacu-butter\\\/\"]}]},{\"@type\":\"ImageObject\",\"inLanguage\":\"et\",\"@id\":\"https:\\\/\\\/tilk.bio\\\/et\\\/pood\\\/shimmer-me-golden-shimmer-balm-with-cocoa-and-cupuacu-butter\\\/#primaryimage\",\"url\":\"https:\\\/\\\/tilk.bio\\\/wp-content\\\/uploads\\\/2022\\\/11\\\/shimmer2-1.jpg\",\"contentUrl\":\"https:\\\/\\\/tilk.bio\\\/wp-content\\\/uploads\\\/2022\\\/11\\\/shimmer2-1.jpg\",\"width\":1200,\"height\":1200,\"caption\":\"mineraalkosmeetika\"},{\"@type\":\"BreadcrumbList\",\"@id\":\"https:\\\/\\\/tilk.bio\\\/et\\\/pood\\\/shimmer-me-golden-shimmer-balm-with-cocoa-and-cupuacu-butter\\\/#breadcrumb\",\"itemListElement\":[{\"@type\":\"ListItem\",\"position\":1,\"name\":\"Home\",\"item\":\"https:\\\/\\\/tilk.bio\\\/et\\\/\"},{\"@type\":\"ListItem\",\"position\":2,\"name\":\"Pood\",\"item\":\"https:\\\/\\\/tilk.bio\\\/et\\\/pood\\\/\"},{\"@type\":\"ListItem\",\"position\":3,\"name\":\"Shimmer Me kuldne mineraalkosmeetika s\u00e4rapalsam kakao- ja cupuacuv\u00f5iga\"}]},{\"@type\":\"WebSite\",\"@id\":\"https:\\\/\\\/tilk.bio\\\/et\\\/#website\",\"url\":\"https:\\\/\\\/tilk.bio\\\/et\\\/\",\"name\":\"Tilk!\",\"description\":\"Keskkonnas\u00f5bralik ja j\u00e4tkusuutlik looduskosmeetika Saaremaalt.\",\"potentialAction\":[{\"@type\":\"SearchAction\",\"target\":{\"@type\":\"EntryPoint\",\"urlTemplate\":\"https:\\\/\\\/tilk.bio\\\/et\\\/?s={search_term_string}\"},\"query-input\":{\"@type\":\"PropertyValueSpecification\",\"valueRequired\":true,\"valueName\":\"search_term_string\"}}],\"inLanguage\":\"et\"}]}<\/script>\n<!-- \/ Yoast SEO plugin. -->","yoast_head_json":{"title":"Mineraalkosmeetika kuldne s\u00e4rapalsam Shimmer Me","description":"Kuldse tooniga mineraalkosmeetika s\u00e4rapalsam on suurep\u00e4rane nahaniisutaja, sest sisaldab endas rohkelt nahale asendamatuid rasvhappeid.","robots":{"index":"index","follow":"follow","max-snippet":"max-snippet:-1","max-image-preview":"max-image-preview:large","max-video-preview":"max-video-preview:-1"},"canonical":"https:\/\/tilk.bio\/et\/pood\/shimmer-me-golden-shimmer-balm-with-cocoa-and-cupuacu-butter\/","og_locale":"et_EE","og_type":"article","og_title":"Mineraalkosmeetika kuldne s\u00e4rapalsam Shimmer Me","og_description":"Kuldse tooniga mineraalkosmeetika s\u00e4rapalsam on suurep\u00e4rane nahaniisutaja, sest sisaldab endas rohkelt nahale asendamatuid rasvhappeid.","og_url":"https:\/\/tilk.bio\/et\/pood\/shimmer-me-golden-shimmer-balm-with-cocoa-and-cupuacu-butter\/","og_site_name":"Tilk!","article_publisher":"https:\/\/www.facebook.com\/tilk.bio\/","article_modified_time":"2026-03-10T01:30:02+00:00","og_image":[{"width":1200,"height":1200,"url":"https:\/\/tilk.bio\/wp-content\/uploads\/2022\/11\/shimmer2-1.jpg","type":"image\/jpeg"}],"twitter_card":"summary_large_image","twitter_misc":{"Est. reading time":"1 minut"},"schema":{"@context":"https:\/\/schema.org","@graph":[{"@type":"WebPage","@id":"https:\/\/tilk.bio\/et\/pood\/shimmer-me-golden-shimmer-balm-with-cocoa-and-cupuacu-butter\/","url":"https:\/\/tilk.bio\/et\/pood\/shimmer-me-golden-shimmer-balm-with-cocoa-and-cupuacu-butter\/","name":"Mineraalkosmeetika kuldne s\u00e4rapalsam Shimmer Me","isPartOf":{"@id":"https:\/\/tilk.bio\/et\/#website"},"primaryImageOfPage":{"@id":"https:\/\/tilk.bio\/et\/pood\/shimmer-me-golden-shimmer-balm-with-cocoa-and-cupuacu-butter\/#primaryimage"},"image":{"@id":"https:\/\/tilk.bio\/et\/pood\/shimmer-me-golden-shimmer-balm-with-cocoa-and-cupuacu-butter\/#primaryimage"},"thumbnailUrl":"https:\/\/tilk.bio\/wp-content\/uploads\/2022\/11\/shimmer2-1.jpg","datePublished":"2022-11-06T16:27:31+00:00","dateModified":"2026-03-10T01:30:02+00:00","description":"Kuldse tooniga mineraalkosmeetika s\u00e4rapalsam on suurep\u00e4rane nahaniisutaja, sest sisaldab endas rohkelt nahale asendamatuid rasvhappeid.","breadcrumb":{"@id":"https:\/\/tilk.bio\/et\/pood\/shimmer-me-golden-shimmer-balm-with-cocoa-and-cupuacu-butter\/#breadcrumb"},"inLanguage":"et","potentialAction":[{"@type":"ReadAction","target":["https:\/\/tilk.bio\/et\/pood\/shimmer-me-golden-shimmer-balm-with-cocoa-and-cupuacu-butter\/"]}]},{"@type":"ImageObject","inLanguage":"et","@id":"https:\/\/tilk.bio\/et\/pood\/shimmer-me-golden-shimmer-balm-with-cocoa-and-cupuacu-butter\/#primaryimage","url":"https:\/\/tilk.bio\/wp-content\/uploads\/2022\/11\/shimmer2-1.jpg","contentUrl":"https:\/\/tilk.bio\/wp-content\/uploads\/2022\/11\/shimmer2-1.jpg","width":1200,"height":1200,"caption":"mineraalkosmeetika"},{"@type":"BreadcrumbList","@id":"https:\/\/tilk.bio\/et\/pood\/shimmer-me-golden-shimmer-balm-with-cocoa-and-cupuacu-butter\/#breadcrumb","itemListElement":[{"@type":"ListItem","position":1,"name":"Home","item":"https:\/\/tilk.bio\/et\/"},{"@type":"ListItem","position":2,"name":"Pood","item":"https:\/\/tilk.bio\/et\/pood\/"},{"@type":"ListItem","position":3,"name":"Shimmer Me kuldne mineraalkosmeetika s\u00e4rapalsam kakao- ja cupuacuv\u00f5iga"}]},{"@type":"WebSite","@id":"https:\/\/tilk.bio\/et\/#website","url":"https:\/\/tilk.bio\/et\/","name":"Tilk!","description":"Keskkonnas\u00f5bralik ja j\u00e4tkusuutlik looduskosmeetika Saaremaalt.","potentialAction":[{"@type":"SearchAction","target":{"@type":"EntryPoint","urlTemplate":"https:\/\/tilk.bio\/et\/?s={search_term_string}"},"query-input":{"@type":"PropertyValueSpecification","valueRequired":true,"valueName":"search_term_string"}}],"inLanguage":"et"}]}},"_links":{"self":[{"href":"https:\/\/tilk.bio\/et\/wp-json\/wp\/v2\/product\/63963","targetHints":{"allow":["GET"]}}],"collection":[{"href":"https:\/\/tilk.bio\/et\/wp-json\/wp\/v2\/product"}],"about":[{"href":"https:\/\/tilk.bio\/et\/wp-json\/wp\/v2\/types\/product"}],"replies":[{"embeddable":true,"href":"https:\/\/tilk.bio\/et\/wp-json\/wp\/v2\/comments?post=63963"}],"wp:featuredmedia":[{"embeddable":true,"href":"https:\/\/tilk.bio\/et\/wp-json\/wp\/v2\/media\/64524"}],"wp:attachment":[{"href":"https:\/\/tilk.bio\/et\/wp-json\/wp\/v2\/media?parent=63963"}],"wp:term":[{"taxonomy":"product_brand","embeddable":true,"href":"https:\/\/tilk.bio\/et\/wp-json\/wp\/v2\/product_brand?post=63963"},{"taxonomy":"product_cat","embeddable":true,"href":"https:\/\/tilk.bio\/et\/wp-json\/wp\/v2\/product_cat?post=63963"},{"taxonomy":"product_tag","embeddable":true,"href":"https:\/\/tilk.bio\/et\/wp-json\/wp\/v2\/product_tag?post=63963"}],"curies":[{"name":"wp","href":"https:\/\/api.w.org\/{rel}","templated":true}]}}