{"id":64111,"date":"2022-11-19T19:36:04","date_gmt":"2022-11-10T17:36:04","guid":{"rendered":"https:\/\/tilk.bio\/shop\/niisutav-huulepalsam-mandlioli-ja-laimiga\/"},"modified":"2026-04-14T16:45:18","modified_gmt":"2026-04-14T13:45:18","slug":"niisutav-huulepalsam-mandlioli-ja-laimiga","status":"publish","type":"product","link":"https:\/\/tilk.bio\/et\/pood\/niisutav-huulepalsam-mandlioli-ja-laimiga\/","title":{"rendered":"Niisutav huulepalsam mandli\u00f5li ja laimiga"},"content":{"rendered":"<p><span style=\"font-weight: 400;\">Niisutav huulepalsam v\u00e4rske laimi ja mandli\u00f5liga pehmendab huuli. Neutraalse tooniga huulepalsam sobib ideaalselt igap\u00e4evaseks kasutamiseks. Huulepalsami koostises on toimeained, mis annavad huultele elastust ja pehmust. Mandli\u00f5li toimeained pehmendavad ja rahustavad katkiseid huuli. Mee bioaktiivsed koostisosad teevad huuled m\u00f5nusaks ning pehmeks. Mesi silub, pehmendab, tervendab ja tugevdab \u00f5rna huulenahka. Huulepalsamis sisalduval mesilasvahal on ka p\u00f5letikuvastane toime, see aitab nahka rahustada. Sheav\u00f5i toidab huuli s\u00fcvitsi, kaitseb kuivuse eest ning muudab naha elastseks. Niisutav kakaov\u00f5i hoiab \u00f5rna nahka kuivamast. <\/span><span style=\"font-weight: 400;\">Huulepalsamil on v\u00e4rske laimi l\u00f5hn.<\/span><\/p>\n<p><span style=\"font-weight: 400;\">K\u00f5ik huulepalsami koostisosad on looduslikku p\u00e4ritolu.\u00a0\u00a0<\/span><\/p>\n<p><span style=\"font-weight: 400;\">Hoiustamine: Soovitame hoida huulepalsamit kaitstuna otsese p\u00e4ikesevalguse eest ja temperatuuril alla +25 kraadi.<\/span><\/p>\n<p><span style=\"font-weight: 400;\">Kogus: 4.8ml<\/span><\/p>\n","protected":false},"excerpt":{"rendered":"<p>Niisutav huulepalsam v\u00e4rske laimi ja mandli\u00f5liga pehmendab huuli. Neutraalse tooniga huulepalsam sobib ideaalselt igap\u00e4evaseks kasutamiseks. Huulepalsami koostises on toimeained, mis annavad huultele elastust ja pehmust. Mandli\u00f5li toimeained pehmendavad ja rahustavad katkiseid huuli. Mee bioaktiivsed koostisosad teevad huuled m\u00f5nusaks ning pehmeks. Mesi silub, pehmendab, tervendab ja tugevdab \u00f5rna huulenahka. Huulepalsamis sisalduval mesilasvahal on ka p\u00f5letikuvastane toime,&#8230;<\/p>\n","protected":false},"featured_media":64154,"comment_status":"open","ping_status":"closed","template":"","meta":{"_acf_changed":false},"product_brand":[],"product_cat":[498,389,689,628,511,692,912,691,690],"product_tag":[],"class_list":{"0":"post-64111","1":"product","2":"type-product","3":"status-publish","4":"has-post-thumbnail","6":"product_cat-huuletooted","7":"product_cat-koik-tooted","8":"product_cat-kuiv-nahk","9":"product_cat-meestele","10":"product_cat-naohooldus","11":"product_cat-normaalne-ja-kombineeritud-nahk","12":"product_cat-sheavoi","13":"product_cat-tekstuuri-ja-tooniprobleemidega-nahk","14":"product_cat-tundlik-nahk","16":"first","17":"instock","18":"taxable","19":"shipping-taxable","20":"purchasable","21":"product-type-simple"},"acf":[],"yoast_head":"<!-- This site is optimized with the Yoast SEO plugin v27.4 - https:\/\/yoast.com\/product\/yoast-seo-wordpress\/ -->\n<title>Niisutav huulepalsam mandli\u00f5li ja laimiga - Tilk!<\/title>\n<meta name=\"robots\" content=\"index, follow, max-snippet:-1, max-image-preview:large, max-video-preview:-1\" \/>\n<link rel=\"canonical\" href=\"https:\/\/tilk.bio\/et\/pood\/niisutav-huulepalsam-mandlioli-ja-laimiga\/\" \/>\n<meta property=\"og:locale\" content=\"et_EE\" \/>\n<meta property=\"og:type\" content=\"article\" \/>\n<meta property=\"og:title\" content=\"Niisutav huulepalsam mandli\u00f5li ja laimiga - Tilk!\" \/>\n<meta property=\"og:description\" content=\"Niisutav huulepalsam v\u00e4rske laimi ja mandli\u00f5liga pehmendab huuli. Neutraalse tooniga huulepalsam sobib ideaalselt igap\u00e4evaseks kasutamiseks. Huulepalsami koostises on toimeained, mis annavad huultele elastust ja pehmust. Mandli\u00f5li toimeained pehmendavad ja rahustavad katkiseid huuli. Mee bioaktiivsed koostisosad teevad huuled m\u00f5nusaks ning pehmeks. Mesi silub, pehmendab, tervendab ja tugevdab \u00f5rna huulenahka. Huulepalsamis sisalduval mesilasvahal on ka p\u00f5letikuvastane toime,...\" \/>\n<meta property=\"og:url\" content=\"https:\/\/tilk.bio\/et\/pood\/niisutav-huulepalsam-mandlioli-ja-laimiga\/\" \/>\n<meta property=\"og:site_name\" content=\"Tilk!\" \/>\n<meta property=\"article:publisher\" content=\"https:\/\/www.facebook.com\/tilk.bio\/\" \/>\n<meta property=\"article:modified_time\" content=\"2026-04-14T13:45:18+00:00\" \/>\n<meta property=\"og:image\" content=\"https:\/\/tilk.bio\/wp-content\/uploads\/2022\/11\/meestehuulekas.jpg\" \/>\n\t<meta property=\"og:image:width\" content=\"1200\" \/>\n\t<meta property=\"og:image:height\" content=\"1200\" \/>\n\t<meta property=\"og:image:type\" content=\"image\/jpeg\" \/>\n<meta name=\"twitter:card\" content=\"summary_large_image\" \/>\n<meta name=\"twitter:label1\" content=\"Est. reading time\" \/>\n\t<meta name=\"twitter:data1\" content=\"1 minut\" \/>\n<script type=\"application\/ld+json\" class=\"yoast-schema-graph\">{\"@context\":\"https:\\\/\\\/schema.org\",\"@graph\":[{\"@type\":\"WebPage\",\"@id\":\"https:\\\/\\\/tilk.bio\\\/et\\\/pood\\\/niisutav-huulepalsam-mandlioli-ja-laimiga\\\/\",\"url\":\"https:\\\/\\\/tilk.bio\\\/et\\\/pood\\\/niisutav-huulepalsam-mandlioli-ja-laimiga\\\/\",\"name\":\"Niisutav huulepalsam mandli\u00f5li ja laimiga - Tilk!\",\"isPartOf\":{\"@id\":\"https:\\\/\\\/tilk.bio\\\/et\\\/#website\"},\"primaryImageOfPage\":{\"@id\":\"https:\\\/\\\/tilk.bio\\\/et\\\/pood\\\/niisutav-huulepalsam-mandlioli-ja-laimiga\\\/#primaryimage\"},\"image\":{\"@id\":\"https:\\\/\\\/tilk.bio\\\/et\\\/pood\\\/niisutav-huulepalsam-mandlioli-ja-laimiga\\\/#primaryimage\"},\"thumbnailUrl\":\"https:\\\/\\\/tilk.bio\\\/wp-content\\\/uploads\\\/2022\\\/11\\\/meestehuulekas.jpg\",\"datePublished\":\"2022-11-10T17:36:04+00:00\",\"dateModified\":\"2026-04-14T13:45:18+00:00\",\"breadcrumb\":{\"@id\":\"https:\\\/\\\/tilk.bio\\\/et\\\/pood\\\/niisutav-huulepalsam-mandlioli-ja-laimiga\\\/#breadcrumb\"},\"inLanguage\":\"et\",\"potentialAction\":[{\"@type\":\"ReadAction\",\"target\":[\"https:\\\/\\\/tilk.bio\\\/et\\\/pood\\\/niisutav-huulepalsam-mandlioli-ja-laimiga\\\/\"]}]},{\"@type\":\"ImageObject\",\"inLanguage\":\"et\",\"@id\":\"https:\\\/\\\/tilk.bio\\\/et\\\/pood\\\/niisutav-huulepalsam-mandlioli-ja-laimiga\\\/#primaryimage\",\"url\":\"https:\\\/\\\/tilk.bio\\\/wp-content\\\/uploads\\\/2022\\\/11\\\/meestehuulekas.jpg\",\"contentUrl\":\"https:\\\/\\\/tilk.bio\\\/wp-content\\\/uploads\\\/2022\\\/11\\\/meestehuulekas.jpg\",\"width\":1200,\"height\":1200},{\"@type\":\"BreadcrumbList\",\"@id\":\"https:\\\/\\\/tilk.bio\\\/et\\\/pood\\\/niisutav-huulepalsam-mandlioli-ja-laimiga\\\/#breadcrumb\",\"itemListElement\":[{\"@type\":\"ListItem\",\"position\":1,\"name\":\"Home\",\"item\":\"https:\\\/\\\/tilk.bio\\\/et\\\/\"},{\"@type\":\"ListItem\",\"position\":2,\"name\":\"Pood\",\"item\":\"https:\\\/\\\/tilk.bio\\\/et\\\/pood\\\/\"},{\"@type\":\"ListItem\",\"position\":3,\"name\":\"Niisutav huulepalsam mandli\u00f5li ja laimiga\"}]},{\"@type\":\"WebSite\",\"@id\":\"https:\\\/\\\/tilk.bio\\\/et\\\/#website\",\"url\":\"https:\\\/\\\/tilk.bio\\\/et\\\/\",\"name\":\"Tilk!\",\"description\":\"Keskkonnas\u00f5bralik ja j\u00e4tkusuutlik looduskosmeetika Saaremaalt.\",\"potentialAction\":[{\"@type\":\"SearchAction\",\"target\":{\"@type\":\"EntryPoint\",\"urlTemplate\":\"https:\\\/\\\/tilk.bio\\\/et\\\/?s={search_term_string}\"},\"query-input\":{\"@type\":\"PropertyValueSpecification\",\"valueRequired\":true,\"valueName\":\"search_term_string\"}}],\"inLanguage\":\"et\"}]}<\/script>\n<!-- \/ Yoast SEO plugin. -->","yoast_head_json":{"title":"Niisutav huulepalsam mandli\u00f5li ja laimiga - Tilk!","robots":{"index":"index","follow":"follow","max-snippet":"max-snippet:-1","max-image-preview":"max-image-preview:large","max-video-preview":"max-video-preview:-1"},"canonical":"https:\/\/tilk.bio\/et\/pood\/niisutav-huulepalsam-mandlioli-ja-laimiga\/","og_locale":"et_EE","og_type":"article","og_title":"Niisutav huulepalsam mandli\u00f5li ja laimiga - Tilk!","og_description":"Niisutav huulepalsam v\u00e4rske laimi ja mandli\u00f5liga pehmendab huuli. Neutraalse tooniga huulepalsam sobib ideaalselt igap\u00e4evaseks kasutamiseks. Huulepalsami koostises on toimeained, mis annavad huultele elastust ja pehmust. Mandli\u00f5li toimeained pehmendavad ja rahustavad katkiseid huuli. Mee bioaktiivsed koostisosad teevad huuled m\u00f5nusaks ning pehmeks. Mesi silub, pehmendab, tervendab ja tugevdab \u00f5rna huulenahka. Huulepalsamis sisalduval mesilasvahal on ka p\u00f5letikuvastane toime,...","og_url":"https:\/\/tilk.bio\/et\/pood\/niisutav-huulepalsam-mandlioli-ja-laimiga\/","og_site_name":"Tilk!","article_publisher":"https:\/\/www.facebook.com\/tilk.bio\/","article_modified_time":"2026-04-14T13:45:18+00:00","og_image":[{"width":1200,"height":1200,"url":"https:\/\/tilk.bio\/wp-content\/uploads\/2022\/11\/meestehuulekas.jpg","type":"image\/jpeg"}],"twitter_card":"summary_large_image","twitter_misc":{"Est. reading time":"1 minut"},"schema":{"@context":"https:\/\/schema.org","@graph":[{"@type":"WebPage","@id":"https:\/\/tilk.bio\/et\/pood\/niisutav-huulepalsam-mandlioli-ja-laimiga\/","url":"https:\/\/tilk.bio\/et\/pood\/niisutav-huulepalsam-mandlioli-ja-laimiga\/","name":"Niisutav huulepalsam mandli\u00f5li ja laimiga - Tilk!","isPartOf":{"@id":"https:\/\/tilk.bio\/et\/#website"},"primaryImageOfPage":{"@id":"https:\/\/tilk.bio\/et\/pood\/niisutav-huulepalsam-mandlioli-ja-laimiga\/#primaryimage"},"image":{"@id":"https:\/\/tilk.bio\/et\/pood\/niisutav-huulepalsam-mandlioli-ja-laimiga\/#primaryimage"},"thumbnailUrl":"https:\/\/tilk.bio\/wp-content\/uploads\/2022\/11\/meestehuulekas.jpg","datePublished":"2022-11-10T17:36:04+00:00","dateModified":"2026-04-14T13:45:18+00:00","breadcrumb":{"@id":"https:\/\/tilk.bio\/et\/pood\/niisutav-huulepalsam-mandlioli-ja-laimiga\/#breadcrumb"},"inLanguage":"et","potentialAction":[{"@type":"ReadAction","target":["https:\/\/tilk.bio\/et\/pood\/niisutav-huulepalsam-mandlioli-ja-laimiga\/"]}]},{"@type":"ImageObject","inLanguage":"et","@id":"https:\/\/tilk.bio\/et\/pood\/niisutav-huulepalsam-mandlioli-ja-laimiga\/#primaryimage","url":"https:\/\/tilk.bio\/wp-content\/uploads\/2022\/11\/meestehuulekas.jpg","contentUrl":"https:\/\/tilk.bio\/wp-content\/uploads\/2022\/11\/meestehuulekas.jpg","width":1200,"height":1200},{"@type":"BreadcrumbList","@id":"https:\/\/tilk.bio\/et\/pood\/niisutav-huulepalsam-mandlioli-ja-laimiga\/#breadcrumb","itemListElement":[{"@type":"ListItem","position":1,"name":"Home","item":"https:\/\/tilk.bio\/et\/"},{"@type":"ListItem","position":2,"name":"Pood","item":"https:\/\/tilk.bio\/et\/pood\/"},{"@type":"ListItem","position":3,"name":"Niisutav huulepalsam mandli\u00f5li ja laimiga"}]},{"@type":"WebSite","@id":"https:\/\/tilk.bio\/et\/#website","url":"https:\/\/tilk.bio\/et\/","name":"Tilk!","description":"Keskkonnas\u00f5bralik ja j\u00e4tkusuutlik looduskosmeetika Saaremaalt.","potentialAction":[{"@type":"SearchAction","target":{"@type":"EntryPoint","urlTemplate":"https:\/\/tilk.bio\/et\/?s={search_term_string}"},"query-input":{"@type":"PropertyValueSpecification","valueRequired":true,"valueName":"search_term_string"}}],"inLanguage":"et"}]}},"_links":{"self":[{"href":"https:\/\/tilk.bio\/et\/wp-json\/wp\/v2\/product\/64111","targetHints":{"allow":["GET"]}}],"collection":[{"href":"https:\/\/tilk.bio\/et\/wp-json\/wp\/v2\/product"}],"about":[{"href":"https:\/\/tilk.bio\/et\/wp-json\/wp\/v2\/types\/product"}],"replies":[{"embeddable":true,"href":"https:\/\/tilk.bio\/et\/wp-json\/wp\/v2\/comments?post=64111"}],"wp:featuredmedia":[{"embeddable":true,"href":"https:\/\/tilk.bio\/et\/wp-json\/wp\/v2\/media\/64154"}],"wp:attachment":[{"href":"https:\/\/tilk.bio\/et\/wp-json\/wp\/v2\/media?parent=64111"}],"wp:term":[{"taxonomy":"product_brand","embeddable":true,"href":"https:\/\/tilk.bio\/et\/wp-json\/wp\/v2\/product_brand?post=64111"},{"taxonomy":"product_cat","embeddable":true,"href":"https:\/\/tilk.bio\/et\/wp-json\/wp\/v2\/product_cat?post=64111"},{"taxonomy":"product_tag","embeddable":true,"href":"https:\/\/tilk.bio\/et\/wp-json\/wp\/v2\/product_tag?post=64111"}],"curies":[{"name":"wp","href":"https:\/\/api.w.org\/{rel}","templated":true}]}}