{"id":64112,"date":"2022-11-14T12:38:15","date_gmt":"2022-11-14T10:38:15","guid":{"rendered":"https:\/\/tilk.bio\/shop\/niisutav-huulepalsam-musta-kuuslaugu-ekstraktiga\/"},"modified":"2026-03-11T13:15:03","modified_gmt":"2026-03-11T11:15:03","slug":"niisutav-huulepalsam-musta-kuuslaugu-ekstraktiga","status":"publish","type":"product","link":"https:\/\/tilk.bio\/et\/pood\/niisutav-huulepalsam-musta-kuuslaugu-ekstraktiga\/","title":{"rendered":"Niisutav huulepalsam shea- ja kakaov\u00f5iga"},"content":{"rendered":"<p><span style=\"font-weight: 400;\">Huulepalsam niisutab ja pehmendab huuli. Huulepalsami koostises on toimeained, mis annavad huultele elastust, pehmust ja lopsakust. Mee bioaktiivsed koostisosad teevad huuled m\u00f5nusaks ning pehmeks. Mesi silub, pehmendab, tervendab ja tugevdab \u00f5rna huulenahka. Huulepalsamis sisalduval mesilasvahal on ka p\u00f5letikuvastane toime, see aitab nahka rahustada. Sheav\u00f5i toidab huuli s\u00fcvitsi ning kaitseb kuivuse eest ning muudab naha elastseks. Niisutav kakaov\u00f5i hoiab \u00f5rna nahka kuivamast. Huulepalsam sisaldab ka fermentatsiooni teel saadud <\/span><span style=\"font-weight: 400;\">must k\u00fc\u00fcslauku, mis on v\u00e4ga rikkalik antioks\u00fcdantide allikas ja aitab naharakkudel uueneda. Huulepalsamil on v\u00e4rske laimi l\u00f5hn.<\/span><\/p>\n<p><span style=\"font-weight: 400;\">K\u00f5ik huulepalsami koostisosad on looduslikku p\u00e4ritolu.\u00a0<\/span><\/p>\n<p><span style=\"font-weight: 400;\">Hoiustamine: Soovitame hoida huulepalsamit kaitstuna otsese p\u00e4ikesevalguse eest ja temperatuuril alla +25 kraadi.<\/span><\/p>\n<p>Kogus: 4.8ml<\/p>\n","protected":false},"excerpt":{"rendered":"<p>Huulepalsam niisutab ja pehmendab huuli. Huulepalsami koostises on toimeained, mis annavad huultele elastust, pehmust ja lopsakust. Mee bioaktiivsed koostisosad teevad huuled m\u00f5nusaks ning pehmeks. Mesi silub, pehmendab, tervendab ja tugevdab \u00f5rna huulenahka. Huulepalsamis sisalduval mesilasvahal on ka p\u00f5letikuvastane toime, see aitab nahka rahustada. Sheav\u00f5i toidab huuli s\u00fcvitsi ning kaitseb kuivuse eest ning muudab naha elastseks&#8230;.<\/p>\n","protected":false},"featured_media":77084,"comment_status":"open","ping_status":"closed","template":"","meta":{"_acf_changed":false},"product_brand":[],"product_cat":[498,389,689,724,511,692,912,690],"product_tag":[],"class_list":{"0":"post-64112","1":"product","2":"type-product","3":"status-publish","4":"has-post-thumbnail","6":"product_cat-huuletooted","7":"product_cat-koik-tooted","8":"product_cat-kuiv-nahk","9":"product_cat-must-kuuslauk","10":"product_cat-naohooldus","11":"product_cat-normaalne-ja-kombineeritud-nahk","12":"product_cat-sheavoi","13":"product_cat-tundlik-nahk","15":"first","16":"instock","17":"taxable","18":"shipping-taxable","19":"purchasable","20":"product-type-simple"},"acf":[],"yoast_head":"<!-- This site is optimized with the Yoast SEO plugin v27.4 - https:\/\/yoast.com\/product\/yoast-seo-wordpress\/ -->\n<title>Niisutav huulepalsam shea- ja kakaov\u00f5iga - Tilk!<\/title>\n<meta name=\"description\" content=\"Looduslik huulepulk niisutab kuivasid ja katkiseid huuli ning kaitseb v\u00e4lism\u00f5jude eest nagu k\u00fclm, tuul, p\u00e4ike. Huulepulga koostises on toimeained, mis...\" \/>\n<meta name=\"robots\" content=\"index, follow, max-snippet:-1, max-image-preview:large, max-video-preview:-1\" \/>\n<link rel=\"canonical\" href=\"https:\/\/tilk.bio\/et\/pood\/niisutav-huulepalsam-musta-kuuslaugu-ekstraktiga\/\" \/>\n<meta property=\"og:locale\" content=\"et_EE\" \/>\n<meta property=\"og:type\" content=\"article\" \/>\n<meta property=\"og:title\" content=\"Niisutav huulepalsam shea- ja kakaov\u00f5iga - Tilk!\" \/>\n<meta property=\"og:description\" content=\"Looduslik huulepulk niisutab kuivasid ja katkiseid huuli ning kaitseb v\u00e4lism\u00f5jude eest nagu k\u00fclm, tuul, p\u00e4ike. Huulepulga koostises on toimeained, mis...\" \/>\n<meta property=\"og:url\" content=\"https:\/\/tilk.bio\/et\/pood\/niisutav-huulepalsam-musta-kuuslaugu-ekstraktiga\/\" \/>\n<meta property=\"og:site_name\" content=\"Tilk!\" \/>\n<meta property=\"article:publisher\" content=\"https:\/\/www.facebook.com\/tilk.bio\/\" \/>\n<meta property=\"article:modified_time\" content=\"2026-03-11T11:15:03+00:00\" \/>\n<meta property=\"og:image\" content=\"https:\/\/tilk.bio\/wp-content\/uploads\/2021\/09\/E4R1100-ruut.jpg\" \/>\n\t<meta property=\"og:image:width\" content=\"2048\" \/>\n\t<meta property=\"og:image:height\" content=\"2048\" \/>\n\t<meta property=\"og:image:type\" content=\"image\/jpeg\" \/>\n<meta name=\"twitter:card\" content=\"summary_large_image\" \/>\n<meta name=\"twitter:label1\" content=\"Est. reading time\" \/>\n\t<meta name=\"twitter:data1\" content=\"1 minut\" \/>\n<script type=\"application\/ld+json\" class=\"yoast-schema-graph\">{\"@context\":\"https:\\\/\\\/schema.org\",\"@graph\":[{\"@type\":\"WebPage\",\"@id\":\"https:\\\/\\\/tilk.bio\\\/et\\\/pood\\\/niisutav-huulepalsam-musta-kuuslaugu-ekstraktiga\\\/\",\"url\":\"https:\\\/\\\/tilk.bio\\\/et\\\/pood\\\/niisutav-huulepalsam-musta-kuuslaugu-ekstraktiga\\\/\",\"name\":\"Niisutav huulepalsam shea- ja kakaov\u00f5iga - Tilk!\",\"isPartOf\":{\"@id\":\"https:\\\/\\\/tilk.bio\\\/et\\\/#website\"},\"primaryImageOfPage\":{\"@id\":\"https:\\\/\\\/tilk.bio\\\/et\\\/pood\\\/niisutav-huulepalsam-musta-kuuslaugu-ekstraktiga\\\/#primaryimage\"},\"image\":{\"@id\":\"https:\\\/\\\/tilk.bio\\\/et\\\/pood\\\/niisutav-huulepalsam-musta-kuuslaugu-ekstraktiga\\\/#primaryimage\"},\"thumbnailUrl\":\"https:\\\/\\\/tilk.bio\\\/wp-content\\\/uploads\\\/2021\\\/09\\\/E4R1100-ruut.jpg\",\"datePublished\":\"2022-11-14T10:38:15+00:00\",\"dateModified\":\"2026-03-11T11:15:03+00:00\",\"description\":\"Looduslik huulepulk niisutab kuivasid ja katkiseid huuli ning kaitseb v\u00e4lism\u00f5jude eest nagu k\u00fclm, tuul, p\u00e4ike. Huulepulga koostises on toimeained, mis...\",\"breadcrumb\":{\"@id\":\"https:\\\/\\\/tilk.bio\\\/et\\\/pood\\\/niisutav-huulepalsam-musta-kuuslaugu-ekstraktiga\\\/#breadcrumb\"},\"inLanguage\":\"et\",\"potentialAction\":[{\"@type\":\"ReadAction\",\"target\":[\"https:\\\/\\\/tilk.bio\\\/et\\\/pood\\\/niisutav-huulepalsam-musta-kuuslaugu-ekstraktiga\\\/\"]}]},{\"@type\":\"ImageObject\",\"inLanguage\":\"et\",\"@id\":\"https:\\\/\\\/tilk.bio\\\/et\\\/pood\\\/niisutav-huulepalsam-musta-kuuslaugu-ekstraktiga\\\/#primaryimage\",\"url\":\"https:\\\/\\\/tilk.bio\\\/wp-content\\\/uploads\\\/2021\\\/09\\\/E4R1100-ruut.jpg\",\"contentUrl\":\"https:\\\/\\\/tilk.bio\\\/wp-content\\\/uploads\\\/2021\\\/09\\\/E4R1100-ruut.jpg\",\"width\":2048,\"height\":2048},{\"@type\":\"BreadcrumbList\",\"@id\":\"https:\\\/\\\/tilk.bio\\\/et\\\/pood\\\/niisutav-huulepalsam-musta-kuuslaugu-ekstraktiga\\\/#breadcrumb\",\"itemListElement\":[{\"@type\":\"ListItem\",\"position\":1,\"name\":\"Home\",\"item\":\"https:\\\/\\\/tilk.bio\\\/et\\\/\"},{\"@type\":\"ListItem\",\"position\":2,\"name\":\"Pood\",\"item\":\"https:\\\/\\\/tilk.bio\\\/et\\\/pood\\\/\"},{\"@type\":\"ListItem\",\"position\":3,\"name\":\"Niisutav huulepalsam shea- ja kakaov\u00f5iga\"}]},{\"@type\":\"WebSite\",\"@id\":\"https:\\\/\\\/tilk.bio\\\/et\\\/#website\",\"url\":\"https:\\\/\\\/tilk.bio\\\/et\\\/\",\"name\":\"Tilk!\",\"description\":\"Keskkonnas\u00f5bralik ja j\u00e4tkusuutlik looduskosmeetika Saaremaalt.\",\"potentialAction\":[{\"@type\":\"SearchAction\",\"target\":{\"@type\":\"EntryPoint\",\"urlTemplate\":\"https:\\\/\\\/tilk.bio\\\/et\\\/?s={search_term_string}\"},\"query-input\":{\"@type\":\"PropertyValueSpecification\",\"valueRequired\":true,\"valueName\":\"search_term_string\"}}],\"inLanguage\":\"et\"}]}<\/script>\n<!-- \/ Yoast SEO plugin. -->","yoast_head_json":{"title":"Niisutav huulepalsam shea- ja kakaov\u00f5iga - Tilk!","description":"Looduslik huulepulk niisutab kuivasid ja katkiseid huuli ning kaitseb v\u00e4lism\u00f5jude eest nagu k\u00fclm, tuul, p\u00e4ike. Huulepulga koostises on toimeained, mis...","robots":{"index":"index","follow":"follow","max-snippet":"max-snippet:-1","max-image-preview":"max-image-preview:large","max-video-preview":"max-video-preview:-1"},"canonical":"https:\/\/tilk.bio\/et\/pood\/niisutav-huulepalsam-musta-kuuslaugu-ekstraktiga\/","og_locale":"et_EE","og_type":"article","og_title":"Niisutav huulepalsam shea- ja kakaov\u00f5iga - Tilk!","og_description":"Looduslik huulepulk niisutab kuivasid ja katkiseid huuli ning kaitseb v\u00e4lism\u00f5jude eest nagu k\u00fclm, tuul, p\u00e4ike. Huulepulga koostises on toimeained, mis...","og_url":"https:\/\/tilk.bio\/et\/pood\/niisutav-huulepalsam-musta-kuuslaugu-ekstraktiga\/","og_site_name":"Tilk!","article_publisher":"https:\/\/www.facebook.com\/tilk.bio\/","article_modified_time":"2026-03-11T11:15:03+00:00","og_image":[{"width":2048,"height":2048,"url":"https:\/\/tilk.bio\/wp-content\/uploads\/2021\/09\/E4R1100-ruut.jpg","type":"image\/jpeg"}],"twitter_card":"summary_large_image","twitter_misc":{"Est. reading time":"1 minut"},"schema":{"@context":"https:\/\/schema.org","@graph":[{"@type":"WebPage","@id":"https:\/\/tilk.bio\/et\/pood\/niisutav-huulepalsam-musta-kuuslaugu-ekstraktiga\/","url":"https:\/\/tilk.bio\/et\/pood\/niisutav-huulepalsam-musta-kuuslaugu-ekstraktiga\/","name":"Niisutav huulepalsam shea- ja kakaov\u00f5iga - Tilk!","isPartOf":{"@id":"https:\/\/tilk.bio\/et\/#website"},"primaryImageOfPage":{"@id":"https:\/\/tilk.bio\/et\/pood\/niisutav-huulepalsam-musta-kuuslaugu-ekstraktiga\/#primaryimage"},"image":{"@id":"https:\/\/tilk.bio\/et\/pood\/niisutav-huulepalsam-musta-kuuslaugu-ekstraktiga\/#primaryimage"},"thumbnailUrl":"https:\/\/tilk.bio\/wp-content\/uploads\/2021\/09\/E4R1100-ruut.jpg","datePublished":"2022-11-14T10:38:15+00:00","dateModified":"2026-03-11T11:15:03+00:00","description":"Looduslik huulepulk niisutab kuivasid ja katkiseid huuli ning kaitseb v\u00e4lism\u00f5jude eest nagu k\u00fclm, tuul, p\u00e4ike. Huulepulga koostises on toimeained, mis...","breadcrumb":{"@id":"https:\/\/tilk.bio\/et\/pood\/niisutav-huulepalsam-musta-kuuslaugu-ekstraktiga\/#breadcrumb"},"inLanguage":"et","potentialAction":[{"@type":"ReadAction","target":["https:\/\/tilk.bio\/et\/pood\/niisutav-huulepalsam-musta-kuuslaugu-ekstraktiga\/"]}]},{"@type":"ImageObject","inLanguage":"et","@id":"https:\/\/tilk.bio\/et\/pood\/niisutav-huulepalsam-musta-kuuslaugu-ekstraktiga\/#primaryimage","url":"https:\/\/tilk.bio\/wp-content\/uploads\/2021\/09\/E4R1100-ruut.jpg","contentUrl":"https:\/\/tilk.bio\/wp-content\/uploads\/2021\/09\/E4R1100-ruut.jpg","width":2048,"height":2048},{"@type":"BreadcrumbList","@id":"https:\/\/tilk.bio\/et\/pood\/niisutav-huulepalsam-musta-kuuslaugu-ekstraktiga\/#breadcrumb","itemListElement":[{"@type":"ListItem","position":1,"name":"Home","item":"https:\/\/tilk.bio\/et\/"},{"@type":"ListItem","position":2,"name":"Pood","item":"https:\/\/tilk.bio\/et\/pood\/"},{"@type":"ListItem","position":3,"name":"Niisutav huulepalsam shea- ja kakaov\u00f5iga"}]},{"@type":"WebSite","@id":"https:\/\/tilk.bio\/et\/#website","url":"https:\/\/tilk.bio\/et\/","name":"Tilk!","description":"Keskkonnas\u00f5bralik ja j\u00e4tkusuutlik looduskosmeetika Saaremaalt.","potentialAction":[{"@type":"SearchAction","target":{"@type":"EntryPoint","urlTemplate":"https:\/\/tilk.bio\/et\/?s={search_term_string}"},"query-input":{"@type":"PropertyValueSpecification","valueRequired":true,"valueName":"search_term_string"}}],"inLanguage":"et"}]}},"_links":{"self":[{"href":"https:\/\/tilk.bio\/et\/wp-json\/wp\/v2\/product\/64112","targetHints":{"allow":["GET"]}}],"collection":[{"href":"https:\/\/tilk.bio\/et\/wp-json\/wp\/v2\/product"}],"about":[{"href":"https:\/\/tilk.bio\/et\/wp-json\/wp\/v2\/types\/product"}],"replies":[{"embeddable":true,"href":"https:\/\/tilk.bio\/et\/wp-json\/wp\/v2\/comments?post=64112"}],"wp:featuredmedia":[{"embeddable":true,"href":"https:\/\/tilk.bio\/et\/wp-json\/wp\/v2\/media\/77084"}],"wp:attachment":[{"href":"https:\/\/tilk.bio\/et\/wp-json\/wp\/v2\/media?parent=64112"}],"wp:term":[{"taxonomy":"product_brand","embeddable":true,"href":"https:\/\/tilk.bio\/et\/wp-json\/wp\/v2\/product_brand?post=64112"},{"taxonomy":"product_cat","embeddable":true,"href":"https:\/\/tilk.bio\/et\/wp-json\/wp\/v2\/product_cat?post=64112"},{"taxonomy":"product_tag","embeddable":true,"href":"https:\/\/tilk.bio\/et\/wp-json\/wp\/v2\/product_tag?post=64112"}],"curies":[{"name":"wp","href":"https:\/\/api.w.org\/{rel}","templated":true}]}}