{"id":64114,"date":"2022-11-28T22:00:48","date_gmt":"2022-11-28T20:00:48","guid":{"rendered":"https:\/\/tilk.bio\/shop\/orgaaniline-apelsini-lillevesi\/"},"modified":"2026-02-16T22:00:06","modified_gmt":"2026-02-16T20:00:06","slug":"orgaaniline-apelsini-lillevesi","status":"publish","type":"product","link":"https:\/\/tilk.bio\/et\/pood\/orgaaniline-apelsini-lillevesi\/","title":{"rendered":"Orgaaniline apelsini lillevesi\u00a0"},"content":{"rendered":"<p><span style=\"font-weight: 400;\">Apelsini lillevesi ehk h\u00fcdrosool on suurep\u00e4rane meeleolu t\u00f5stja. Apelsini h\u00fcdrosoolil on toniseerivad omadused ning see sobib k\u00f5igile nahat\u00fc\u00fcpidele, sealhulgas ka rasuse ja aknelise naha vajadustele. See aitab suurep\u00e4raselt ka s\u00fcgeleva naha puhul, toetab naharakkude uuenemist, ergutab nahaalust vereringet ning v\u00f5itleb tselluliidiga. <\/span><\/p>\n<p><span style=\"font-weight: 400;\">Lilleveed ehk h\u00fcdrosoolid valmistatakse taimeosadest destilleerimise teel. Destilleerimise k\u00e4igus l\u00e4bib veeaur taimemassi, eraldades taimeosadest taimede eeterlikud \u00f5lid ja kasulikud toimeained vesilahusesse. H\u00fcdrosoolidel on erinevad toimed ning neid saab kasutada ka loodusliku l\u00f5hnana. Aroomiteraapias kasutatakse apelsini l\u00f5hna peamiselt tuju t\u00f5stmiseks ja stressi leevenduseks.<\/span><\/p>\n<p><span style=\"font-weight: 400;\">Kasutamine: <\/span><span style=\"font-weight: 400;\">Pihusta otse nahale v\u00f5i riietele. Kasuta ka kodus kangaste v\u00f5i \u00f5hu l\u00f5hnastamiseks.<\/span><\/p>\n<p><span style=\"font-weight: 400;\">Hoiustamine: Hoiusta h\u00fcdrosooli toatemperatuuril.<\/span><\/p>\n<p><span style=\"font-weight: 400;\">Kogus: 60ml<\/span><\/p>\n","protected":false},"excerpt":{"rendered":"<p>Apelsini lillevesi ehk h\u00fcdrosool on suurep\u00e4rane meeleolu t\u00f5stja. Apelsini h\u00fcdrosoolil on toniseerivad omadused ning see sobib k\u00f5igile nahat\u00fc\u00fcpidele, sealhulgas ka rasuse ja aknelise naha vajadustele. See aitab suurep\u00e4raselt ka s\u00fcgeleva naha puhul, toetab naharakkude uuenemist, ergutab nahaalust vereringet ning v\u00f5itleb tselluliidiga. Lilleveed ehk h\u00fcdrosoolid valmistatakse taimeosadest destilleerimise teel. Destilleerimise k\u00e4igus l\u00e4bib veeaur taimemassi, eraldades taimeosadest&#8230;<\/p>\n","protected":false},"featured_media":64533,"comment_status":"open","ping_status":"closed","template":"","meta":{"_acf_changed":false},"product_brand":[],"product_cat":[611,495,389,898,926,713,725],"product_tag":[],"class_list":{"0":"post-64114","1":"product","2":"type-product","3":"status-publish","4":"has-post-thumbnail","6":"product_cat-naoveed","7":"product_cat-kehale","8":"product_cat-koik-tooted","9":"product_cat-lillevesi","10":"product_cat-lopumuuk","11":"product_cat-tilk-herbal-et","12":"product_cat-tooteseeriad-et","14":"first","15":"instock","16":"taxable","17":"shipping-taxable","18":"purchasable","19":"product-type-simple"},"acf":[],"yoast_head":"<!-- This site is optimized with the Yoast SEO plugin v27.3 - https:\/\/yoast.com\/product\/yoast-seo-wordpress\/ -->\n<title>Orgaaniline apelsini lillevesi\u00a0 - Tilk!<\/title>\n<meta name=\"robots\" content=\"index, follow, max-snippet:-1, max-image-preview:large, max-video-preview:-1\" \/>\n<link rel=\"canonical\" href=\"https:\/\/tilk.bio\/pood\/organic-orange-flower-water\/\" \/>\n<meta property=\"og:locale\" content=\"et_EE\" \/>\n<meta property=\"og:type\" content=\"article\" \/>\n<meta property=\"og:title\" content=\"Orgaaniline apelsini lillevesi\u00a0 - Tilk!\" \/>\n<meta property=\"og:description\" content=\"Apelsini lillevesi ehk h\u00fcdrosool on suurep\u00e4rane meeleolu t\u00f5stja. Apelsini h\u00fcdrosoolil on toniseerivad omadused ning see sobib k\u00f5igile nahat\u00fc\u00fcpidele, sealhulgas ka rasuse ja aknelise naha vajadustele. See aitab suurep\u00e4raselt ka s\u00fcgeleva naha puhul, toetab naharakkude uuenemist, ergutab nahaalust vereringet ning v\u00f5itleb tselluliidiga. Lilleveed ehk h\u00fcdrosoolid valmistatakse taimeosadest destilleerimise teel. Destilleerimise k\u00e4igus l\u00e4bib veeaur taimemassi, eraldades taimeosadest...\" \/>\n<meta property=\"og:url\" content=\"https:\/\/tilk.bio\/pood\/organic-orange-flower-water\/\" \/>\n<meta property=\"og:site_name\" content=\"Tilk!\" \/>\n<meta property=\"article:publisher\" content=\"https:\/\/www.facebook.com\/tilk.bio\/\" \/>\n<meta property=\"article:modified_time\" content=\"2026-02-16T20:00:06+00:00\" \/>\n<meta property=\"og:image\" content=\"https:\/\/tilk.bio\/wp-content\/uploads\/2022\/11\/apelsinilillevesi3.jpg\" \/>\n\t<meta property=\"og:image:width\" content=\"1200\" \/>\n\t<meta property=\"og:image:height\" content=\"1200\" \/>\n\t<meta property=\"og:image:type\" content=\"image\/jpeg\" \/>\n<meta name=\"twitter:card\" content=\"summary_large_image\" \/>\n<meta name=\"twitter:label1\" content=\"Est. reading time\" \/>\n\t<meta name=\"twitter:data1\" content=\"1 minut\" \/>\n<script type=\"application\/ld+json\" class=\"yoast-schema-graph\">{\"@context\":\"https:\\\/\\\/schema.org\",\"@graph\":[{\"@type\":\"WebPage\",\"@id\":\"https:\\\/\\\/tilk.bio\\\/pood\\\/organic-orange-flower-water\\\/\",\"url\":\"https:\\\/\\\/tilk.bio\\\/pood\\\/organic-orange-flower-water\\\/\",\"name\":\"Orgaaniline apelsini lillevesi\u00a0 - Tilk!\",\"isPartOf\":{\"@id\":\"https:\\\/\\\/tilk.bio\\\/et\\\/#website\"},\"primaryImageOfPage\":{\"@id\":\"https:\\\/\\\/tilk.bio\\\/pood\\\/organic-orange-flower-water\\\/#primaryimage\"},\"image\":{\"@id\":\"https:\\\/\\\/tilk.bio\\\/pood\\\/organic-orange-flower-water\\\/#primaryimage\"},\"thumbnailUrl\":\"https:\\\/\\\/tilk.bio\\\/wp-content\\\/uploads\\\/2022\\\/11\\\/apelsinilillevesi3.jpg\",\"datePublished\":\"2022-11-28T20:00:48+00:00\",\"dateModified\":\"2026-02-16T20:00:06+00:00\",\"breadcrumb\":{\"@id\":\"https:\\\/\\\/tilk.bio\\\/pood\\\/organic-orange-flower-water\\\/#breadcrumb\"},\"inLanguage\":\"et\",\"potentialAction\":[{\"@type\":\"ReadAction\",\"target\":[\"https:\\\/\\\/tilk.bio\\\/pood\\\/organic-orange-flower-water\\\/\"]}]},{\"@type\":\"ImageObject\",\"inLanguage\":\"et\",\"@id\":\"https:\\\/\\\/tilk.bio\\\/pood\\\/organic-orange-flower-water\\\/#primaryimage\",\"url\":\"https:\\\/\\\/tilk.bio\\\/wp-content\\\/uploads\\\/2022\\\/11\\\/apelsinilillevesi3.jpg\",\"contentUrl\":\"https:\\\/\\\/tilk.bio\\\/wp-content\\\/uploads\\\/2022\\\/11\\\/apelsinilillevesi3.jpg\",\"width\":1200,\"height\":1200,\"caption\":\"h\u00fcdrosool lillevesi\"},{\"@type\":\"BreadcrumbList\",\"@id\":\"https:\\\/\\\/tilk.bio\\\/pood\\\/organic-orange-flower-water\\\/#breadcrumb\",\"itemListElement\":[{\"@type\":\"ListItem\",\"position\":1,\"name\":\"Home\",\"item\":\"https:\\\/\\\/tilk.bio\\\/et\\\/\"},{\"@type\":\"ListItem\",\"position\":2,\"name\":\"Pood\",\"item\":\"https:\\\/\\\/tilk.bio\\\/et\\\/pood\\\/\"},{\"@type\":\"ListItem\",\"position\":3,\"name\":\"Orgaaniline apelsini lillevesi\u00a0\"}]},{\"@type\":\"WebSite\",\"@id\":\"https:\\\/\\\/tilk.bio\\\/et\\\/#website\",\"url\":\"https:\\\/\\\/tilk.bio\\\/et\\\/\",\"name\":\"Tilk!\",\"description\":\"Keskkonnas\u00f5bralik ja j\u00e4tkusuutlik looduskosmeetika Saaremaalt.\",\"potentialAction\":[{\"@type\":\"SearchAction\",\"target\":{\"@type\":\"EntryPoint\",\"urlTemplate\":\"https:\\\/\\\/tilk.bio\\\/et\\\/?s={search_term_string}\"},\"query-input\":{\"@type\":\"PropertyValueSpecification\",\"valueRequired\":true,\"valueName\":\"search_term_string\"}}],\"inLanguage\":\"et\"}]}<\/script>\n<!-- \/ Yoast SEO plugin. -->","yoast_head_json":{"title":"Orgaaniline apelsini lillevesi\u00a0 - Tilk!","robots":{"index":"index","follow":"follow","max-snippet":"max-snippet:-1","max-image-preview":"max-image-preview:large","max-video-preview":"max-video-preview:-1"},"canonical":"https:\/\/tilk.bio\/pood\/organic-orange-flower-water\/","og_locale":"et_EE","og_type":"article","og_title":"Orgaaniline apelsini lillevesi\u00a0 - Tilk!","og_description":"Apelsini lillevesi ehk h\u00fcdrosool on suurep\u00e4rane meeleolu t\u00f5stja. Apelsini h\u00fcdrosoolil on toniseerivad omadused ning see sobib k\u00f5igile nahat\u00fc\u00fcpidele, sealhulgas ka rasuse ja aknelise naha vajadustele. See aitab suurep\u00e4raselt ka s\u00fcgeleva naha puhul, toetab naharakkude uuenemist, ergutab nahaalust vereringet ning v\u00f5itleb tselluliidiga. Lilleveed ehk h\u00fcdrosoolid valmistatakse taimeosadest destilleerimise teel. Destilleerimise k\u00e4igus l\u00e4bib veeaur taimemassi, eraldades taimeosadest...","og_url":"https:\/\/tilk.bio\/pood\/organic-orange-flower-water\/","og_site_name":"Tilk!","article_publisher":"https:\/\/www.facebook.com\/tilk.bio\/","article_modified_time":"2026-02-16T20:00:06+00:00","og_image":[{"width":1200,"height":1200,"url":"https:\/\/tilk.bio\/wp-content\/uploads\/2022\/11\/apelsinilillevesi3.jpg","type":"image\/jpeg"}],"twitter_card":"summary_large_image","twitter_misc":{"Est. reading time":"1 minut"},"schema":{"@context":"https:\/\/schema.org","@graph":[{"@type":"WebPage","@id":"https:\/\/tilk.bio\/pood\/organic-orange-flower-water\/","url":"https:\/\/tilk.bio\/pood\/organic-orange-flower-water\/","name":"Orgaaniline apelsini lillevesi\u00a0 - Tilk!","isPartOf":{"@id":"https:\/\/tilk.bio\/et\/#website"},"primaryImageOfPage":{"@id":"https:\/\/tilk.bio\/pood\/organic-orange-flower-water\/#primaryimage"},"image":{"@id":"https:\/\/tilk.bio\/pood\/organic-orange-flower-water\/#primaryimage"},"thumbnailUrl":"https:\/\/tilk.bio\/wp-content\/uploads\/2022\/11\/apelsinilillevesi3.jpg","datePublished":"2022-11-28T20:00:48+00:00","dateModified":"2026-02-16T20:00:06+00:00","breadcrumb":{"@id":"https:\/\/tilk.bio\/pood\/organic-orange-flower-water\/#breadcrumb"},"inLanguage":"et","potentialAction":[{"@type":"ReadAction","target":["https:\/\/tilk.bio\/pood\/organic-orange-flower-water\/"]}]},{"@type":"ImageObject","inLanguage":"et","@id":"https:\/\/tilk.bio\/pood\/organic-orange-flower-water\/#primaryimage","url":"https:\/\/tilk.bio\/wp-content\/uploads\/2022\/11\/apelsinilillevesi3.jpg","contentUrl":"https:\/\/tilk.bio\/wp-content\/uploads\/2022\/11\/apelsinilillevesi3.jpg","width":1200,"height":1200,"caption":"h\u00fcdrosool lillevesi"},{"@type":"BreadcrumbList","@id":"https:\/\/tilk.bio\/pood\/organic-orange-flower-water\/#breadcrumb","itemListElement":[{"@type":"ListItem","position":1,"name":"Home","item":"https:\/\/tilk.bio\/et\/"},{"@type":"ListItem","position":2,"name":"Pood","item":"https:\/\/tilk.bio\/et\/pood\/"},{"@type":"ListItem","position":3,"name":"Orgaaniline apelsini lillevesi\u00a0"}]},{"@type":"WebSite","@id":"https:\/\/tilk.bio\/et\/#website","url":"https:\/\/tilk.bio\/et\/","name":"Tilk!","description":"Keskkonnas\u00f5bralik ja j\u00e4tkusuutlik looduskosmeetika Saaremaalt.","potentialAction":[{"@type":"SearchAction","target":{"@type":"EntryPoint","urlTemplate":"https:\/\/tilk.bio\/et\/?s={search_term_string}"},"query-input":{"@type":"PropertyValueSpecification","valueRequired":true,"valueName":"search_term_string"}}],"inLanguage":"et"}]}},"_links":{"self":[{"href":"https:\/\/tilk.bio\/et\/wp-json\/wp\/v2\/product\/64114","targetHints":{"allow":["GET"]}}],"collection":[{"href":"https:\/\/tilk.bio\/et\/wp-json\/wp\/v2\/product"}],"about":[{"href":"https:\/\/tilk.bio\/et\/wp-json\/wp\/v2\/types\/product"}],"replies":[{"embeddable":true,"href":"https:\/\/tilk.bio\/et\/wp-json\/wp\/v2\/comments?post=64114"}],"wp:featuredmedia":[{"embeddable":true,"href":"https:\/\/tilk.bio\/et\/wp-json\/wp\/v2\/media\/64533"}],"wp:attachment":[{"href":"https:\/\/tilk.bio\/et\/wp-json\/wp\/v2\/media?parent=64114"}],"wp:term":[{"taxonomy":"product_brand","embeddable":true,"href":"https:\/\/tilk.bio\/et\/wp-json\/wp\/v2\/product_brand?post=64114"},{"taxonomy":"product_cat","embeddable":true,"href":"https:\/\/tilk.bio\/et\/wp-json\/wp\/v2\/product_cat?post=64114"},{"taxonomy":"product_tag","embeddable":true,"href":"https:\/\/tilk.bio\/et\/wp-json\/wp\/v2\/product_tag?post=64114"}],"curies":[{"name":"wp","href":"https:\/\/api.w.org\/{rel}","templated":true}]}}