{"id":64805,"date":"2022-05-01T20:21:53","date_gmt":"2022-05-01T17:21:53","guid":{"rendered":"https:\/\/tilk.bio\/shop\/apelsinilohnaline-tahke-sampoon-kaera-argaaniaoli-ja-taimse-keratiiniga\/"},"modified":"2026-04-14T10:15:10","modified_gmt":"2026-04-14T07:15:10","slug":"apelsinilohnaline-tahke-sampoon-kaera-argaaniaoli-ja-taimse-keratiiniga","status":"publish","type":"product","link":"https:\/\/tilk.bio\/et\/pood\/apelsinilohnaline-tahke-sampoon-kaera-argaaniaoli-ja-taimse-keratiiniga\/","title":{"rendered":"S\u00fcgavpuhastav apelsinil\u00f5hnaline tahke \u0161ampoon kaera, argaania\u00f5li ja taimse keratiiniga"},"content":{"rendered":"","protected":false},"excerpt":{"rendered":"","protected":false},"featured_media":67688,"comment_status":"open","ping_status":"closed","template":"","meta":{"_acf_changed":false},"product_brand":[],"product_cat":[494,642,389,903,901,891],"product_tag":[],"class_list":{"0":"post-64805","1":"product","2":"type-product","3":"status-publish","4":"has-post-thumbnail","6":"product_cat-klientide-lemmikud","7":"product_cat-juuksehooldus","8":"product_cat-koik-tooted","9":"product_cat-probiootikumid","10":"product_cat-sampoon","11":"product_cat-tilk-biotic-et","13":"first","14":"instock","15":"taxable","16":"shipping-taxable","17":"purchasable","18":"product-type-variable","19":"has-default-attributes"},"acf":[],"yoast_head":"<!-- This site is optimized with the Yoast SEO plugin v27.3 - https:\/\/yoast.com\/product\/yoast-seo-wordpress\/ -->\n<title>tahke \u0161ampoon kaera ja argaania\u00f5liga<\/title>\n<meta name=\"description\" content=\"Tahke \u0161ampoon niisutab ja puhastab ning muudab juuksed kergesti kammitavaks. \u0160ampooni koostises on juuksekarvu toitvad ja niisutavad \u00f5lid ja toimeained.\" \/>\n<meta name=\"robots\" content=\"index, follow, max-snippet:-1, max-image-preview:large, max-video-preview:-1\" \/>\n<link rel=\"canonical\" href=\"https:\/\/tilk.bio\/et\/pood\/apelsinilohnaline-tahke-sampoon-kaera-argaaniaoli-ja-taimse-keratiiniga\/\" \/>\n<meta property=\"og:locale\" content=\"et_EE\" \/>\n<meta property=\"og:type\" content=\"article\" \/>\n<meta property=\"og:title\" content=\"tahke \u0161ampoon kaera ja argaania\u00f5liga\" \/>\n<meta property=\"og:description\" content=\"Tahke \u0161ampoon niisutab ja puhastab ning muudab juuksed kergesti kammitavaks. \u0160ampooni koostises on juuksekarvu toitvad ja niisutavad \u00f5lid ja toimeained.\" \/>\n<meta property=\"og:url\" content=\"https:\/\/tilk.bio\/et\/pood\/apelsinilohnaline-tahke-sampoon-kaera-argaaniaoli-ja-taimse-keratiiniga\/\" \/>\n<meta property=\"og:site_name\" content=\"Tilk!\" \/>\n<meta property=\"article:publisher\" content=\"https:\/\/www.facebook.com\/tilk.bio\/\" \/>\n<meta property=\"article:modified_time\" content=\"2026-04-14T07:15:10+00:00\" \/>\n<meta property=\"og:image\" content=\"https:\/\/tilk.bio\/wp-content\/uploads\/2022\/05\/Untitled-design-82.jpg\" \/>\n\t<meta property=\"og:image:width\" content=\"1200\" \/>\n\t<meta property=\"og:image:height\" content=\"1200\" \/>\n\t<meta property=\"og:image:type\" content=\"image\/jpeg\" \/>\n<meta name=\"twitter:card\" content=\"summary_large_image\" \/>\n<meta name=\"twitter:label1\" content=\"Est. reading time\" \/>\n\t<meta name=\"twitter:data1\" content=\"1 minut\" \/>\n<script type=\"application\/ld+json\" class=\"yoast-schema-graph\">{\"@context\":\"https:\\\/\\\/schema.org\",\"@graph\":[{\"@type\":\"WebPage\",\"@id\":\"https:\\\/\\\/tilk.bio\\\/et\\\/pood\\\/apelsinilohnaline-tahke-sampoon-kaera-argaaniaoli-ja-taimse-keratiiniga\\\/\",\"url\":\"https:\\\/\\\/tilk.bio\\\/et\\\/pood\\\/apelsinilohnaline-tahke-sampoon-kaera-argaaniaoli-ja-taimse-keratiiniga\\\/\",\"name\":\"tahke \u0161ampoon kaera ja argaania\u00f5liga\",\"isPartOf\":{\"@id\":\"https:\\\/\\\/tilk.bio\\\/et\\\/#website\"},\"primaryImageOfPage\":{\"@id\":\"https:\\\/\\\/tilk.bio\\\/et\\\/pood\\\/apelsinilohnaline-tahke-sampoon-kaera-argaaniaoli-ja-taimse-keratiiniga\\\/#primaryimage\"},\"image\":{\"@id\":\"https:\\\/\\\/tilk.bio\\\/et\\\/pood\\\/apelsinilohnaline-tahke-sampoon-kaera-argaaniaoli-ja-taimse-keratiiniga\\\/#primaryimage\"},\"thumbnailUrl\":\"https:\\\/\\\/tilk.bio\\\/wp-content\\\/uploads\\\/2022\\\/05\\\/Untitled-design-82.jpg\",\"datePublished\":\"2022-05-01T17:21:53+00:00\",\"dateModified\":\"2026-04-14T07:15:10+00:00\",\"description\":\"Tahke \u0161ampoon niisutab ja puhastab ning muudab juuksed kergesti kammitavaks. \u0160ampooni koostises on juuksekarvu toitvad ja niisutavad \u00f5lid ja toimeained.\",\"breadcrumb\":{\"@id\":\"https:\\\/\\\/tilk.bio\\\/et\\\/pood\\\/apelsinilohnaline-tahke-sampoon-kaera-argaaniaoli-ja-taimse-keratiiniga\\\/#breadcrumb\"},\"inLanguage\":\"et\",\"potentialAction\":[{\"@type\":\"ReadAction\",\"target\":[\"https:\\\/\\\/tilk.bio\\\/et\\\/pood\\\/apelsinilohnaline-tahke-sampoon-kaera-argaaniaoli-ja-taimse-keratiiniga\\\/\"]}]},{\"@type\":\"ImageObject\",\"inLanguage\":\"et\",\"@id\":\"https:\\\/\\\/tilk.bio\\\/et\\\/pood\\\/apelsinilohnaline-tahke-sampoon-kaera-argaaniaoli-ja-taimse-keratiiniga\\\/#primaryimage\",\"url\":\"https:\\\/\\\/tilk.bio\\\/wp-content\\\/uploads\\\/2022\\\/05\\\/Untitled-design-82.jpg\",\"contentUrl\":\"https:\\\/\\\/tilk.bio\\\/wp-content\\\/uploads\\\/2022\\\/05\\\/Untitled-design-82.jpg\",\"width\":1200,\"height\":1200},{\"@type\":\"BreadcrumbList\",\"@id\":\"https:\\\/\\\/tilk.bio\\\/et\\\/pood\\\/apelsinilohnaline-tahke-sampoon-kaera-argaaniaoli-ja-taimse-keratiiniga\\\/#breadcrumb\",\"itemListElement\":[{\"@type\":\"ListItem\",\"position\":1,\"name\":\"Home\",\"item\":\"https:\\\/\\\/tilk.bio\\\/et\\\/\"},{\"@type\":\"ListItem\",\"position\":2,\"name\":\"Pood\",\"item\":\"https:\\\/\\\/tilk.bio\\\/et\\\/pood\\\/\"},{\"@type\":\"ListItem\",\"position\":3,\"name\":\"S\u00fcgavpuhastav apelsinil\u00f5hnaline tahke \u0161ampoon kaera, argaania\u00f5li ja taimse keratiiniga\"}]},{\"@type\":\"WebSite\",\"@id\":\"https:\\\/\\\/tilk.bio\\\/et\\\/#website\",\"url\":\"https:\\\/\\\/tilk.bio\\\/et\\\/\",\"name\":\"Tilk!\",\"description\":\"Keskkonnas\u00f5bralik ja j\u00e4tkusuutlik looduskosmeetika Saaremaalt.\",\"potentialAction\":[{\"@type\":\"SearchAction\",\"target\":{\"@type\":\"EntryPoint\",\"urlTemplate\":\"https:\\\/\\\/tilk.bio\\\/et\\\/?s={search_term_string}\"},\"query-input\":{\"@type\":\"PropertyValueSpecification\",\"valueRequired\":true,\"valueName\":\"search_term_string\"}}],\"inLanguage\":\"et\"}]}<\/script>\n<!-- \/ Yoast SEO plugin. -->","yoast_head_json":{"title":"tahke \u0161ampoon kaera ja argaania\u00f5liga","description":"Tahke \u0161ampoon niisutab ja puhastab ning muudab juuksed kergesti kammitavaks. \u0160ampooni koostises on juuksekarvu toitvad ja niisutavad \u00f5lid ja toimeained.","robots":{"index":"index","follow":"follow","max-snippet":"max-snippet:-1","max-image-preview":"max-image-preview:large","max-video-preview":"max-video-preview:-1"},"canonical":"https:\/\/tilk.bio\/et\/pood\/apelsinilohnaline-tahke-sampoon-kaera-argaaniaoli-ja-taimse-keratiiniga\/","og_locale":"et_EE","og_type":"article","og_title":"tahke \u0161ampoon kaera ja argaania\u00f5liga","og_description":"Tahke \u0161ampoon niisutab ja puhastab ning muudab juuksed kergesti kammitavaks. \u0160ampooni koostises on juuksekarvu toitvad ja niisutavad \u00f5lid ja toimeained.","og_url":"https:\/\/tilk.bio\/et\/pood\/apelsinilohnaline-tahke-sampoon-kaera-argaaniaoli-ja-taimse-keratiiniga\/","og_site_name":"Tilk!","article_publisher":"https:\/\/www.facebook.com\/tilk.bio\/","article_modified_time":"2026-04-14T07:15:10+00:00","og_image":[{"width":1200,"height":1200,"url":"https:\/\/tilk.bio\/wp-content\/uploads\/2022\/05\/Untitled-design-82.jpg","type":"image\/jpeg"}],"twitter_card":"summary_large_image","twitter_misc":{"Est. reading time":"1 minut"},"schema":{"@context":"https:\/\/schema.org","@graph":[{"@type":"WebPage","@id":"https:\/\/tilk.bio\/et\/pood\/apelsinilohnaline-tahke-sampoon-kaera-argaaniaoli-ja-taimse-keratiiniga\/","url":"https:\/\/tilk.bio\/et\/pood\/apelsinilohnaline-tahke-sampoon-kaera-argaaniaoli-ja-taimse-keratiiniga\/","name":"tahke \u0161ampoon kaera ja argaania\u00f5liga","isPartOf":{"@id":"https:\/\/tilk.bio\/et\/#website"},"primaryImageOfPage":{"@id":"https:\/\/tilk.bio\/et\/pood\/apelsinilohnaline-tahke-sampoon-kaera-argaaniaoli-ja-taimse-keratiiniga\/#primaryimage"},"image":{"@id":"https:\/\/tilk.bio\/et\/pood\/apelsinilohnaline-tahke-sampoon-kaera-argaaniaoli-ja-taimse-keratiiniga\/#primaryimage"},"thumbnailUrl":"https:\/\/tilk.bio\/wp-content\/uploads\/2022\/05\/Untitled-design-82.jpg","datePublished":"2022-05-01T17:21:53+00:00","dateModified":"2026-04-14T07:15:10+00:00","description":"Tahke \u0161ampoon niisutab ja puhastab ning muudab juuksed kergesti kammitavaks. \u0160ampooni koostises on juuksekarvu toitvad ja niisutavad \u00f5lid ja toimeained.","breadcrumb":{"@id":"https:\/\/tilk.bio\/et\/pood\/apelsinilohnaline-tahke-sampoon-kaera-argaaniaoli-ja-taimse-keratiiniga\/#breadcrumb"},"inLanguage":"et","potentialAction":[{"@type":"ReadAction","target":["https:\/\/tilk.bio\/et\/pood\/apelsinilohnaline-tahke-sampoon-kaera-argaaniaoli-ja-taimse-keratiiniga\/"]}]},{"@type":"ImageObject","inLanguage":"et","@id":"https:\/\/tilk.bio\/et\/pood\/apelsinilohnaline-tahke-sampoon-kaera-argaaniaoli-ja-taimse-keratiiniga\/#primaryimage","url":"https:\/\/tilk.bio\/wp-content\/uploads\/2022\/05\/Untitled-design-82.jpg","contentUrl":"https:\/\/tilk.bio\/wp-content\/uploads\/2022\/05\/Untitled-design-82.jpg","width":1200,"height":1200},{"@type":"BreadcrumbList","@id":"https:\/\/tilk.bio\/et\/pood\/apelsinilohnaline-tahke-sampoon-kaera-argaaniaoli-ja-taimse-keratiiniga\/#breadcrumb","itemListElement":[{"@type":"ListItem","position":1,"name":"Home","item":"https:\/\/tilk.bio\/et\/"},{"@type":"ListItem","position":2,"name":"Pood","item":"https:\/\/tilk.bio\/et\/pood\/"},{"@type":"ListItem","position":3,"name":"S\u00fcgavpuhastav apelsinil\u00f5hnaline tahke \u0161ampoon kaera, argaania\u00f5li ja taimse keratiiniga"}]},{"@type":"WebSite","@id":"https:\/\/tilk.bio\/et\/#website","url":"https:\/\/tilk.bio\/et\/","name":"Tilk!","description":"Keskkonnas\u00f5bralik ja j\u00e4tkusuutlik looduskosmeetika Saaremaalt.","potentialAction":[{"@type":"SearchAction","target":{"@type":"EntryPoint","urlTemplate":"https:\/\/tilk.bio\/et\/?s={search_term_string}"},"query-input":{"@type":"PropertyValueSpecification","valueRequired":true,"valueName":"search_term_string"}}],"inLanguage":"et"}]}},"_links":{"self":[{"href":"https:\/\/tilk.bio\/et\/wp-json\/wp\/v2\/product\/64805","targetHints":{"allow":["GET"]}}],"collection":[{"href":"https:\/\/tilk.bio\/et\/wp-json\/wp\/v2\/product"}],"about":[{"href":"https:\/\/tilk.bio\/et\/wp-json\/wp\/v2\/types\/product"}],"replies":[{"embeddable":true,"href":"https:\/\/tilk.bio\/et\/wp-json\/wp\/v2\/comments?post=64805"}],"wp:featuredmedia":[{"embeddable":true,"href":"https:\/\/tilk.bio\/et\/wp-json\/wp\/v2\/media\/67688"}],"wp:attachment":[{"href":"https:\/\/tilk.bio\/et\/wp-json\/wp\/v2\/media?parent=64805"}],"wp:term":[{"taxonomy":"product_brand","embeddable":true,"href":"https:\/\/tilk.bio\/et\/wp-json\/wp\/v2\/product_brand?post=64805"},{"taxonomy":"product_cat","embeddable":true,"href":"https:\/\/tilk.bio\/et\/wp-json\/wp\/v2\/product_cat?post=64805"},{"taxonomy":"product_tag","embeddable":true,"href":"https:\/\/tilk.bio\/et\/wp-json\/wp\/v2\/product_tag?post=64805"}],"curies":[{"name":"wp","href":"https:\/\/api.w.org\/{rel}","templated":true}]}}