{"id":65194,"date":"2023-02-05T23:37:51","date_gmt":"2023-02-05T21:37:51","guid":{"rendered":"https:\/\/tilk.bio\/shop\/purify-me-probiootiline-naopuhastusvaht-apelsini-ja-b5-vitamiiniga-koigile-nahatuupidele\/"},"modified":"2026-04-14T16:45:26","modified_gmt":"2026-04-14T13:45:26","slug":"purify-me-probiootiline-naopuhastusvaht-apelsini-ja-b-5-vitamiiniga-koigile-nahatuupidele","status":"publish","type":"product","link":"https:\/\/tilk.bio\/et\/pood\/purify-me-probiootiline-naopuhastusvaht-apelsini-ja-b-5-vitamiiniga-koigile-nahatuupidele\/","title":{"rendered":"Purify Me probiootiline n\u00e4opuhastusvaht apelsini ja B5-vitamiiniga k\u00f5igile nahat\u00fc\u00fcpidele"},"content":{"rendered":"<section class=\"l-section wpb_row height_medium\"><div class=\"l-section-h i-cf\"><div class=\"g-cols vc_row via_flex valign_top type_default stacking_default\"><div class=\"vc_col-sm-12 wpb_column vc_column_container\"><div class=\"vc_column-inner\"><div class=\"wpb_wrapper\"><div class=\"wpb_text_column\"><div class=\"wpb_wrapper\"><p>\u00d5rn probiootiline\u00a0<a href=\"https:\/\/tilk.bio\/et\/tootekategooria\/naohooldus\/puhastustooted\/\">n\u00e4opuhastusvaht\u00a0<\/a>eemaldab nahalt sinna kogunenud mustuse ja rasu ning ka meigi ning pakub samas nahale vajalikku niisutust.\u00a0N\u00e4opesuvahu\u00a0koostises on nahka \u00f5rnalt puhastavad ja naha mikrobioomi tasakaalustavad koostisosad, see sobib kasutamiseks k\u00f5igile nahat\u00fc\u00fcpidele.<\/p>\n<p>N\u00e4opuhastusvahu\u00a0koostises on fermentatsiooni tulemusena Lactobacillus\u00a0<a href=\"https:\/\/tilk.bio\/et\/tootekategooria\/koostisosad\/probiootikumid\/\">probiootikumidest<\/a>\u00a0saadud nahale kasulikud toimeained, mis aitavad s\u00e4ilitada terve naha bioomi. Kasulikud peptiidid aitavad taastada naha loomulikku kaitsebarj\u00e4\u00e4ri, kaitstes nahka kahjulike keskkonnam\u00f5jude, vabade radikaalide toime ja v\u00e4liste \u00e4rritajate eest.<\/p>\n<p>Provitamiin B5 on suurep\u00e4rane naha niisutaja, sel on ainulaadne omadus samaaegselt niisutada ning niiskust nahka lukustada, hoides naha pehme ja sileda. Provitamiin B5 aitab rahustada naha p\u00f5letikulisi protsesse ja aitab nahal uueneda, samuti hoiab see naha elastsena.<\/p>\n<p>Apelsini h\u00fcdrosoolil on toniseerivad omadused ning see sobib k\u00f5igile nahat\u00fc\u00fcpidele, sealhulgas ka rasuse ja aknelise naha vajadustele. See toetab naharakkude uuenemist ja ergutab nahaalust vereringet. V\u00e4rske l\u00f5hnaga apelsini lillevesi ehk h\u00fcdrosool on ka suurep\u00e4rane meeleolu t\u00f5stja.<\/p>\n<p>N\u00e4opuhastusvaht \u2013 kasutamine:<\/p>\n<p>Kasuta\u00a0n\u00e4opuhastusvahtu\u00a0igap\u00e4evaseks naha puhastamiseks, v\u00f5id seda kasutada nii hommikul kui \u00f5htul.<\/p>\n<p>Toode\u00a0sobib ideaalselt ka naha p\u00f5hjalikuks mitmeetapiliseks puhastamiseks. Selleks kanna v\u00e4ike kogus Fresh &amp; Clean puhastuskreemi s\u00f5rmeotstega n\u00e4ole ja kaelale ning masseeri \u00f5rnalt ringjate liigutustega. Loputa puhastuskreem maha sooja veega v\u00f5i meigieemalduslapiga. J\u00e4rgmisena kanna paar pumbat\u00e4it\u00a0vahtu\u00a0niiskele nahale ja masseeri. Loputa n\u00e4gu hoolikalt sooja veega. P\u00e4rast n\u00e4opuhastust pihusta nahale Refresh Me probiootiline n\u00e4ovesi.<\/p>\n<p>K\u00f5ik\u00a0toote\u00a0koostisosad on looduslikku p\u00e4ritolu ning vegan.<\/p>\n<p>Hoiustamine: Hoiusta toodet toatemperatuuril.<\/p>\n<p>Kogus: 150 ml<\/p>\n<\/div><\/div><\/div><\/div><\/div><\/div><\/div><\/section>\n","protected":false},"excerpt":{"rendered":"\u00d5rn probiootiline\u00a0n\u00e4opuhastusvaht\u00a0eemaldab nahalt sinna kogunenud mustuse ja rasu ning ka meigi ning pakub samas nahale vajalikku niisutust.\u00a0N\u00e4opesuvahu\u00a0koostises on nahka \u00f5rnalt puhastavad ja naha mikrobioomi tasakaalustavad koostisosad, see sobib kasutamiseks k\u00f5igile nahat\u00fc\u00fcpidele. N\u00e4opuhastusvahu\u00a0koostises on fermentatsiooni tulemusena Lactobacillus\u00a0probiootikumidest\u00a0saadud nahale kasulikud toimeained, mis aitavad s\u00e4ilitada terve naha bioomi. Kasulikud peptiidid aitavad taastada naha loomulikku kaitsebarj\u00e4\u00e4ri, kaitstes nahka kahjulike...","protected":false},"featured_media":65518,"comment_status":"open","ping_status":"closed","template":"","meta":{"_acf_changed":false},"product_brand":[],"product_cat":[622,389,885,689,628,511,692,903,691,891,725,690,688],"product_tag":[],"class_list":{"0":"post-65194","1":"product","2":"type-product","3":"status-publish","4":"has-post-thumbnail","6":"product_cat-puhastustooted","7":"product_cat-koik-tooted","8":"product_cat-koostisosad","9":"product_cat-kuiv-nahk","10":"product_cat-meestele","11":"product_cat-naohooldus","12":"product_cat-normaalne-ja-kombineeritud-nahk","13":"product_cat-probiootikumid","14":"product_cat-tekstuuri-ja-tooniprobleemidega-nahk","15":"product_cat-tilk-biotic-et","16":"product_cat-tooteseeriad-et","17":"product_cat-tundlik-nahk","18":"product_cat-vananemisilmingutega-nahk","20":"first","21":"instock","22":"taxable","23":"shipping-taxable","24":"purchasable","25":"product-type-variable"},"acf":[],"yoast_head":"<!-- This site is optimized with the Yoast SEO plugin v27.4 - https:\/\/yoast.com\/product\/yoast-seo-wordpress\/ -->\n<title>Purify Me probiootiline n\u00e4opuhastusvaht apelsini ja B5-vitamiiniga<\/title>\n<meta name=\"description\" content=\"\u00d5rn probiootiline n\u00e4opuhastusvaht puhastab naha s\u00fcgavuti, eemaldades mustuse, rasu ja meigi. Kasulikud peptiidid aitavad taastada naha kaitsebarj\u00e4\u00e4ri.\" \/>\n<meta name=\"robots\" content=\"index, follow, max-snippet:-1, max-image-preview:large, max-video-preview:-1\" \/>\n<link rel=\"canonical\" href=\"https:\/\/tilk.bio\/et\/pood\/purify-me-probiootiline-naopuhastusvaht-apelsini-ja-b-5-vitamiiniga-koigile-nahatuupidele\/\" \/>\n<meta property=\"og:locale\" content=\"et_EE\" \/>\n<meta property=\"og:type\" content=\"article\" \/>\n<meta property=\"og:title\" content=\"Purify Me probiootiline n\u00e4opuhastusvaht apelsini ja B5-vitamiiniga\" \/>\n<meta property=\"og:description\" content=\"\u00d5rn probiootiline n\u00e4opuhastusvaht puhastab naha s\u00fcgavuti, eemaldades mustuse, rasu ja meigi. Kasulikud peptiidid aitavad taastada naha kaitsebarj\u00e4\u00e4ri.\" \/>\n<meta property=\"og:url\" content=\"https:\/\/tilk.bio\/et\/pood\/purify-me-probiootiline-naopuhastusvaht-apelsini-ja-b-5-vitamiiniga-koigile-nahatuupidele\/\" \/>\n<meta property=\"og:site_name\" content=\"Tilk!\" \/>\n<meta property=\"article:publisher\" content=\"https:\/\/www.facebook.com\/tilk.bio\/\" \/>\n<meta property=\"article:modified_time\" content=\"2026-04-14T13:45:26+00:00\" \/>\n<meta property=\"og:image\" content=\"https:\/\/tilk.bio\/wp-content\/uploads\/2023\/02\/purifyme.jpg\" \/>\n\t<meta property=\"og:image:width\" content=\"1200\" \/>\n\t<meta property=\"og:image:height\" content=\"1200\" \/>\n\t<meta property=\"og:image:type\" content=\"image\/jpeg\" \/>\n<meta name=\"twitter:card\" content=\"summary_large_image\" \/>\n<meta name=\"twitter:label1\" content=\"Est. reading time\" \/>\n\t<meta name=\"twitter:data1\" content=\"1 minut\" \/>\n<script type=\"application\/ld+json\" class=\"yoast-schema-graph\">{\"@context\":\"https:\\\/\\\/schema.org\",\"@graph\":[{\"@type\":\"WebPage\",\"@id\":\"https:\\\/\\\/tilk.bio\\\/et\\\/pood\\\/purify-me-probiootiline-naopuhastusvaht-apelsini-ja-b-5-vitamiiniga-koigile-nahatuupidele\\\/\",\"url\":\"https:\\\/\\\/tilk.bio\\\/et\\\/pood\\\/purify-me-probiootiline-naopuhastusvaht-apelsini-ja-b-5-vitamiiniga-koigile-nahatuupidele\\\/\",\"name\":\"Purify Me probiootiline n\u00e4opuhastusvaht apelsini ja B5-vitamiiniga\",\"isPartOf\":{\"@id\":\"https:\\\/\\\/tilk.bio\\\/et\\\/#website\"},\"primaryImageOfPage\":{\"@id\":\"https:\\\/\\\/tilk.bio\\\/et\\\/pood\\\/purify-me-probiootiline-naopuhastusvaht-apelsini-ja-b-5-vitamiiniga-koigile-nahatuupidele\\\/#primaryimage\"},\"image\":{\"@id\":\"https:\\\/\\\/tilk.bio\\\/et\\\/pood\\\/purify-me-probiootiline-naopuhastusvaht-apelsini-ja-b-5-vitamiiniga-koigile-nahatuupidele\\\/#primaryimage\"},\"thumbnailUrl\":\"https:\\\/\\\/tilk.bio\\\/wp-content\\\/uploads\\\/2023\\\/02\\\/purifyme.jpg\",\"datePublished\":\"2023-02-05T21:37:51+00:00\",\"dateModified\":\"2026-04-14T13:45:26+00:00\",\"description\":\"\u00d5rn probiootiline n\u00e4opuhastusvaht puhastab naha s\u00fcgavuti, eemaldades mustuse, rasu ja meigi. Kasulikud peptiidid aitavad taastada naha kaitsebarj\u00e4\u00e4ri.\",\"breadcrumb\":{\"@id\":\"https:\\\/\\\/tilk.bio\\\/et\\\/pood\\\/purify-me-probiootiline-naopuhastusvaht-apelsini-ja-b-5-vitamiiniga-koigile-nahatuupidele\\\/#breadcrumb\"},\"inLanguage\":\"et\",\"potentialAction\":[{\"@type\":\"ReadAction\",\"target\":[\"https:\\\/\\\/tilk.bio\\\/et\\\/pood\\\/purify-me-probiootiline-naopuhastusvaht-apelsini-ja-b-5-vitamiiniga-koigile-nahatuupidele\\\/\"]}]},{\"@type\":\"ImageObject\",\"inLanguage\":\"et\",\"@id\":\"https:\\\/\\\/tilk.bio\\\/et\\\/pood\\\/purify-me-probiootiline-naopuhastusvaht-apelsini-ja-b-5-vitamiiniga-koigile-nahatuupidele\\\/#primaryimage\",\"url\":\"https:\\\/\\\/tilk.bio\\\/wp-content\\\/uploads\\\/2023\\\/02\\\/purifyme.jpg\",\"contentUrl\":\"https:\\\/\\\/tilk.bio\\\/wp-content\\\/uploads\\\/2023\\\/02\\\/purifyme.jpg\",\"width\":1200,\"height\":1200,\"caption\":\"tilk n\u00e4opuhastusvaht\"},{\"@type\":\"BreadcrumbList\",\"@id\":\"https:\\\/\\\/tilk.bio\\\/et\\\/pood\\\/purify-me-probiootiline-naopuhastusvaht-apelsini-ja-b-5-vitamiiniga-koigile-nahatuupidele\\\/#breadcrumb\",\"itemListElement\":[{\"@type\":\"ListItem\",\"position\":1,\"name\":\"Home\",\"item\":\"https:\\\/\\\/tilk.bio\\\/et\\\/\"},{\"@type\":\"ListItem\",\"position\":2,\"name\":\"Pood\",\"item\":\"https:\\\/\\\/tilk.bio\\\/et\\\/pood\\\/\"},{\"@type\":\"ListItem\",\"position\":3,\"name\":\"Purify Me probiootiline n\u00e4opuhastusvaht apelsini ja B5-vitamiiniga k\u00f5igile nahat\u00fc\u00fcpidele\"}]},{\"@type\":\"WebSite\",\"@id\":\"https:\\\/\\\/tilk.bio\\\/et\\\/#website\",\"url\":\"https:\\\/\\\/tilk.bio\\\/et\\\/\",\"name\":\"Tilk!\",\"description\":\"Keskkonnas\u00f5bralik ja j\u00e4tkusuutlik looduskosmeetika Saaremaalt.\",\"potentialAction\":[{\"@type\":\"SearchAction\",\"target\":{\"@type\":\"EntryPoint\",\"urlTemplate\":\"https:\\\/\\\/tilk.bio\\\/et\\\/?s={search_term_string}\"},\"query-input\":{\"@type\":\"PropertyValueSpecification\",\"valueRequired\":true,\"valueName\":\"search_term_string\"}}],\"inLanguage\":\"et\"}]}<\/script>\n<!-- \/ Yoast SEO plugin. -->","yoast_head_json":{"title":"Purify Me probiootiline n\u00e4opuhastusvaht apelsini ja B5-vitamiiniga","description":"\u00d5rn probiootiline n\u00e4opuhastusvaht puhastab naha s\u00fcgavuti, eemaldades mustuse, rasu ja meigi. Kasulikud peptiidid aitavad taastada naha kaitsebarj\u00e4\u00e4ri.","robots":{"index":"index","follow":"follow","max-snippet":"max-snippet:-1","max-image-preview":"max-image-preview:large","max-video-preview":"max-video-preview:-1"},"canonical":"https:\/\/tilk.bio\/et\/pood\/purify-me-probiootiline-naopuhastusvaht-apelsini-ja-b-5-vitamiiniga-koigile-nahatuupidele\/","og_locale":"et_EE","og_type":"article","og_title":"Purify Me probiootiline n\u00e4opuhastusvaht apelsini ja B5-vitamiiniga","og_description":"\u00d5rn probiootiline n\u00e4opuhastusvaht puhastab naha s\u00fcgavuti, eemaldades mustuse, rasu ja meigi. Kasulikud peptiidid aitavad taastada naha kaitsebarj\u00e4\u00e4ri.","og_url":"https:\/\/tilk.bio\/et\/pood\/purify-me-probiootiline-naopuhastusvaht-apelsini-ja-b-5-vitamiiniga-koigile-nahatuupidele\/","og_site_name":"Tilk!","article_publisher":"https:\/\/www.facebook.com\/tilk.bio\/","article_modified_time":"2026-04-14T13:45:26+00:00","og_image":[{"width":1200,"height":1200,"url":"https:\/\/tilk.bio\/wp-content\/uploads\/2023\/02\/purifyme.jpg","type":"image\/jpeg"}],"twitter_card":"summary_large_image","twitter_misc":{"Est. reading time":"1 minut"},"schema":{"@context":"https:\/\/schema.org","@graph":[{"@type":"WebPage","@id":"https:\/\/tilk.bio\/et\/pood\/purify-me-probiootiline-naopuhastusvaht-apelsini-ja-b-5-vitamiiniga-koigile-nahatuupidele\/","url":"https:\/\/tilk.bio\/et\/pood\/purify-me-probiootiline-naopuhastusvaht-apelsini-ja-b-5-vitamiiniga-koigile-nahatuupidele\/","name":"Purify Me probiootiline n\u00e4opuhastusvaht apelsini ja B5-vitamiiniga","isPartOf":{"@id":"https:\/\/tilk.bio\/et\/#website"},"primaryImageOfPage":{"@id":"https:\/\/tilk.bio\/et\/pood\/purify-me-probiootiline-naopuhastusvaht-apelsini-ja-b-5-vitamiiniga-koigile-nahatuupidele\/#primaryimage"},"image":{"@id":"https:\/\/tilk.bio\/et\/pood\/purify-me-probiootiline-naopuhastusvaht-apelsini-ja-b-5-vitamiiniga-koigile-nahatuupidele\/#primaryimage"},"thumbnailUrl":"https:\/\/tilk.bio\/wp-content\/uploads\/2023\/02\/purifyme.jpg","datePublished":"2023-02-05T21:37:51+00:00","dateModified":"2026-04-14T13:45:26+00:00","description":"\u00d5rn probiootiline n\u00e4opuhastusvaht puhastab naha s\u00fcgavuti, eemaldades mustuse, rasu ja meigi. Kasulikud peptiidid aitavad taastada naha kaitsebarj\u00e4\u00e4ri.","breadcrumb":{"@id":"https:\/\/tilk.bio\/et\/pood\/purify-me-probiootiline-naopuhastusvaht-apelsini-ja-b-5-vitamiiniga-koigile-nahatuupidele\/#breadcrumb"},"inLanguage":"et","potentialAction":[{"@type":"ReadAction","target":["https:\/\/tilk.bio\/et\/pood\/purify-me-probiootiline-naopuhastusvaht-apelsini-ja-b-5-vitamiiniga-koigile-nahatuupidele\/"]}]},{"@type":"ImageObject","inLanguage":"et","@id":"https:\/\/tilk.bio\/et\/pood\/purify-me-probiootiline-naopuhastusvaht-apelsini-ja-b-5-vitamiiniga-koigile-nahatuupidele\/#primaryimage","url":"https:\/\/tilk.bio\/wp-content\/uploads\/2023\/02\/purifyme.jpg","contentUrl":"https:\/\/tilk.bio\/wp-content\/uploads\/2023\/02\/purifyme.jpg","width":1200,"height":1200,"caption":"tilk n\u00e4opuhastusvaht"},{"@type":"BreadcrumbList","@id":"https:\/\/tilk.bio\/et\/pood\/purify-me-probiootiline-naopuhastusvaht-apelsini-ja-b-5-vitamiiniga-koigile-nahatuupidele\/#breadcrumb","itemListElement":[{"@type":"ListItem","position":1,"name":"Home","item":"https:\/\/tilk.bio\/et\/"},{"@type":"ListItem","position":2,"name":"Pood","item":"https:\/\/tilk.bio\/et\/pood\/"},{"@type":"ListItem","position":3,"name":"Purify Me probiootiline n\u00e4opuhastusvaht apelsini ja B5-vitamiiniga k\u00f5igile nahat\u00fc\u00fcpidele"}]},{"@type":"WebSite","@id":"https:\/\/tilk.bio\/et\/#website","url":"https:\/\/tilk.bio\/et\/","name":"Tilk!","description":"Keskkonnas\u00f5bralik ja j\u00e4tkusuutlik looduskosmeetika Saaremaalt.","potentialAction":[{"@type":"SearchAction","target":{"@type":"EntryPoint","urlTemplate":"https:\/\/tilk.bio\/et\/?s={search_term_string}"},"query-input":{"@type":"PropertyValueSpecification","valueRequired":true,"valueName":"search_term_string"}}],"inLanguage":"et"}]}},"_links":{"self":[{"href":"https:\/\/tilk.bio\/et\/wp-json\/wp\/v2\/product\/65194","targetHints":{"allow":["GET"]}}],"collection":[{"href":"https:\/\/tilk.bio\/et\/wp-json\/wp\/v2\/product"}],"about":[{"href":"https:\/\/tilk.bio\/et\/wp-json\/wp\/v2\/types\/product"}],"replies":[{"embeddable":true,"href":"https:\/\/tilk.bio\/et\/wp-json\/wp\/v2\/comments?post=65194"}],"wp:featuredmedia":[{"embeddable":true,"href":"https:\/\/tilk.bio\/et\/wp-json\/wp\/v2\/media\/65518"}],"wp:attachment":[{"href":"https:\/\/tilk.bio\/et\/wp-json\/wp\/v2\/media?parent=65194"}],"wp:term":[{"taxonomy":"product_brand","embeddable":true,"href":"https:\/\/tilk.bio\/et\/wp-json\/wp\/v2\/product_brand?post=65194"},{"taxonomy":"product_cat","embeddable":true,"href":"https:\/\/tilk.bio\/et\/wp-json\/wp\/v2\/product_cat?post=65194"},{"taxonomy":"product_tag","embeddable":true,"href":"https:\/\/tilk.bio\/et\/wp-json\/wp\/v2\/product_tag?post=65194"}],"curies":[{"name":"wp","href":"https:\/\/api.w.org\/{rel}","templated":true}]}}