{"id":65441,"date":"2023-03-01T01:20:38","date_gmt":"2023-02-28T23:20:38","guid":{"rendered":"https:\/\/tilk.bio\/shop\/toniseeriv-probiootiline-naopuhastusvaht-rukkilille-ja-provitamiin-b5-ga-koigile-nahatuupidele\/"},"modified":"2026-03-23T16:30:08","modified_gmt":"2026-03-23T14:30:08","slug":"toniseeriv-probiootiline-naopesuvaht-rukkilille-ja-provitamiin-b5-ga-koigile-nahatuupidele","status":"publish","type":"product","link":"https:\/\/tilk.bio\/et\/pood\/toniseeriv-probiootiline-naopesuvaht-rukkilille-ja-provitamiin-b5-ga-koigile-nahatuupidele\/","title":{"rendered":"Toniseeriv probiootiline n\u00e4opesuvaht rukkilille ja provitamiin B5-ga k\u00f5igile nahat\u00fc\u00fcpidele"},"content":{"rendered":"<p><span style=\"font-weight: 400;\">Rukkilille <\/span><a href=\"https:\/\/tilk.bio\/et\/tootekategooria\/naohooldus\/puhastustooted\/\"><span style=\"font-weight: 400;\">n\u00e4opesuvaht <\/span><\/a><span style=\"font-weight: 400;\">eemaldab nahalt sinna kogunenud mustuse ja rasu ning ka meigi. Vaht toniseerib, pakub nahale vajalikku niisutust ning reguleerib ka rasueritust. <\/span><span style=\"font-weight: 400;\">N\u00e4opesuvahu <\/span><span style=\"font-weight: 400;\">koostises on nahka \u00f5rnalt puhastavad ja naha mikrobioomi tasakaalustavad <a href=\"https:\/\/tilk.bio\/et\/tootekategooria\/koostisosad\/probiootikumid\/\">probiootilised<\/a> koostisosad, see sobib kasutamiseks k\u00f5igile nahat\u00fc\u00fcpidele.\u00a0<\/span><\/p>\n<p><span style=\"font-weight: 400;\">N\u00e4opesuvahu <\/span><span style=\"font-weight: 400;\">koostises on fermentatsiooni tulemusena Lactobacillus probiootikumidest saadud nahale kasulikud toimeained, mis aitavad s\u00e4ilitada terve naha bioomi. Kasulikud peptiidid aitavad taastada naha loomulikku kaitsebarj\u00e4\u00e4ri, kaitstes nahka kahjulike keskkonnam\u00f5jude, vabade radikaalide toime ja v\u00e4liste \u00e4rritajate eest.<\/span><\/p>\n<p><span style=\"font-weight: 400;\">Provitamiin B5 on suurep\u00e4rane naha niisutaja, sel on ainulaadne omadus samaaegselt niisutada ning niiskust nahka lukustada, hoides naha pehme ja sileda. Provitamiin B5 aitab rahustada naha p\u00f5letikulisi protsesse ja aitab nahal uueneda, samuti hoiab see naha elastsena.\u00a0<\/span><\/p>\n<p><span style=\"font-weight: 400;\">Rukkilille h\u00fcdrosoolil on toniseeriv ja poore ahendav toime. See reguleerib rasueritust, uuendab naharakke, toetab kollageeni tootmist ja aitab taastada armilist nahka.\u00a0<\/span><\/p>\n<p><span style=\"font-weight: 400;\">N\u00e4opesuvaht &#8211; kasutamine:\u00a0<\/span><\/p>\n<p><span style=\"font-weight: 400;\">Kasuta <\/span><span style=\"font-weight: 400;\">n\u00e4opesuvahtu <\/span><span style=\"font-weight: 400;\">igap\u00e4evaseks naha puhastamiseks, v\u00f5id seda kasutada nii hommikul kui \u00f5htul.<\/span><\/p>\n<p><span style=\"font-weight: 400;\">N\u00e4ovaht <\/span><span style=\"font-weight: 400;\">sobib ideaalselt ka naha p\u00f5hjalikuks mitmeetapiliseks puhastamiseks. Selleks kanna v\u00e4ike kogus <a href=\"https:\/\/tilk.bio\/et\/pood\/fresh-clean-varske-ja-orn-puhastuskreem\/\">Fresh &amp; Clean puhastuskreemi<\/a> s\u00f5rmeotstega n\u00e4ole ja kaelale ning masseeri \u00f5rnalt ringjate liigutustega. Loputa puhastuskreem maha sooja veega v\u00f5i meigieemalduslapiga. J\u00e4rgmisena kanna paar pumbat\u00e4it <\/span><span style=\"font-weight: 400;\">vahtu <\/span><span style=\"font-weight: 400;\">niiskele nahale ja masseeri. Loputa n\u00e4gu hoolikalt sooja veega. P\u00e4rast n\u00e4opuhastust pihusta nahale Refresh Me probiootiline n\u00e4ovesi.\u00a0<\/span><\/p>\n<p><span style=\"font-weight: 400;\">K\u00f5ik <\/span><span style=\"font-weight: 400;\">toote <\/span><span style=\"font-weight: 400;\">koostisosad on looduslikku p\u00e4ritolu ning vegan.<\/span><\/p>\n<p><span style=\"font-weight: 400;\">Hoiustamine: Hoiusta toodet toatemperatuuril.<\/span><\/p>\n<p><span style=\"font-weight: 400;\">Kogus: 150 ml <\/span><\/p>\n","protected":false},"excerpt":{"rendered":"<p>Rukkilille n\u00e4opesuvaht eemaldab nahalt sinna kogunenud mustuse ja rasu ning ka meigi. Vaht toniseerib, pakub nahale vajalikku niisutust ning reguleerib ka rasueritust. N\u00e4opesuvahu koostises on nahka \u00f5rnalt puhastavad ja naha mikrobioomi tasakaalustavad probiootilised koostisosad, see sobib kasutamiseks k\u00f5igile nahat\u00fc\u00fcpidele.\u00a0 N\u00e4opesuvahu koostises on fermentatsiooni tulemusena Lactobacillus probiootikumidest saadud nahale kasulikud toimeained, mis aitavad s\u00e4ilitada terve naha&#8230;<\/p>\n","protected":false},"featured_media":66506,"comment_status":"open","ping_status":"closed","template":"","meta":{"_acf_changed":false},"product_brand":[],"product_cat":[622,389,689,511,692,903,691,891,725,690,688],"product_tag":[],"class_list":{"0":"post-65441","1":"product","2":"type-product","3":"status-publish","4":"has-post-thumbnail","6":"product_cat-puhastustooted","7":"product_cat-koik-tooted","8":"product_cat-kuiv-nahk","9":"product_cat-naohooldus","10":"product_cat-normaalne-ja-kombineeritud-nahk","11":"product_cat-probiootikumid","12":"product_cat-tekstuuri-ja-tooniprobleemidega-nahk","13":"product_cat-tilk-biotic-et","14":"product_cat-tooteseeriad-et","15":"product_cat-tundlik-nahk","16":"product_cat-vananemisilmingutega-nahk","18":"first","19":"instock","20":"taxable","21":"shipping-taxable","22":"purchasable","23":"product-type-variable"},"acf":[],"yoast_head":"<!-- This site is optimized with the Yoast SEO plugin v27.3 - https:\/\/yoast.com\/product\/yoast-seo-wordpress\/ -->\n<title>Toniseeriv probiootiline rukkilille n\u00e4opesuvaht provitamiin B5<\/title>\n<meta name=\"description\" content=\"Rukkilille n\u00e4opesuvaht eemaldab nahalt sinna kogunenud mustuse ja rasu ning ka meigi. Vaht toniseerib, pakub nahale vajalikku niisutust.\" \/>\n<meta name=\"robots\" content=\"index, follow, max-snippet:-1, max-image-preview:large, max-video-preview:-1\" \/>\n<link rel=\"canonical\" href=\"https:\/\/tilk.bio\/et\/pood\/toniseeriv-probiootiline-naopesuvaht-rukkilille-ja-provitamiin-b5-ga-koigile-nahatuupidele\/\" \/>\n<meta property=\"og:locale\" content=\"et_EE\" \/>\n<meta property=\"og:type\" content=\"article\" \/>\n<meta property=\"og:title\" content=\"Toniseeriv probiootiline rukkilille n\u00e4opesuvaht provitamiin B5\" \/>\n<meta property=\"og:description\" content=\"Rukkilille n\u00e4opesuvaht eemaldab nahalt sinna kogunenud mustuse ja rasu ning ka meigi. Vaht toniseerib, pakub nahale vajalikku niisutust.\" \/>\n<meta property=\"og:url\" content=\"https:\/\/tilk.bio\/et\/pood\/toniseeriv-probiootiline-naopesuvaht-rukkilille-ja-provitamiin-b5-ga-koigile-nahatuupidele\/\" \/>\n<meta property=\"og:site_name\" content=\"Tilk!\" \/>\n<meta property=\"article:publisher\" content=\"https:\/\/www.facebook.com\/tilk.bio\/\" \/>\n<meta property=\"article:modified_time\" content=\"2026-03-23T14:30:08+00:00\" \/>\n<meta property=\"og:image\" content=\"https:\/\/tilk.bio\/wp-content\/uploads\/2023\/03\/rukkilillevaht.jpg\" \/>\n\t<meta property=\"og:image:width\" content=\"1200\" \/>\n\t<meta property=\"og:image:height\" content=\"1200\" \/>\n\t<meta property=\"og:image:type\" content=\"image\/jpeg\" \/>\n<meta name=\"twitter:card\" content=\"summary_large_image\" \/>\n<meta name=\"twitter:label1\" content=\"Est. reading time\" \/>\n\t<meta name=\"twitter:data1\" content=\"1 minut\" \/>\n<script type=\"application\/ld+json\" class=\"yoast-schema-graph\">{\"@context\":\"https:\\\/\\\/schema.org\",\"@graph\":[{\"@type\":\"WebPage\",\"@id\":\"https:\\\/\\\/tilk.bio\\\/et\\\/pood\\\/toniseeriv-probiootiline-naopesuvaht-rukkilille-ja-provitamiin-b5-ga-koigile-nahatuupidele\\\/\",\"url\":\"https:\\\/\\\/tilk.bio\\\/et\\\/pood\\\/toniseeriv-probiootiline-naopesuvaht-rukkilille-ja-provitamiin-b5-ga-koigile-nahatuupidele\\\/\",\"name\":\"Toniseeriv probiootiline rukkilille n\u00e4opesuvaht provitamiin B5\",\"isPartOf\":{\"@id\":\"https:\\\/\\\/tilk.bio\\\/et\\\/#website\"},\"primaryImageOfPage\":{\"@id\":\"https:\\\/\\\/tilk.bio\\\/et\\\/pood\\\/toniseeriv-probiootiline-naopesuvaht-rukkilille-ja-provitamiin-b5-ga-koigile-nahatuupidele\\\/#primaryimage\"},\"image\":{\"@id\":\"https:\\\/\\\/tilk.bio\\\/et\\\/pood\\\/toniseeriv-probiootiline-naopesuvaht-rukkilille-ja-provitamiin-b5-ga-koigile-nahatuupidele\\\/#primaryimage\"},\"thumbnailUrl\":\"https:\\\/\\\/tilk.bio\\\/wp-content\\\/uploads\\\/2023\\\/03\\\/rukkilillevaht.jpg\",\"datePublished\":\"2023-02-28T23:20:38+00:00\",\"dateModified\":\"2026-03-23T14:30:08+00:00\",\"description\":\"Rukkilille n\u00e4opesuvaht eemaldab nahalt sinna kogunenud mustuse ja rasu ning ka meigi. Vaht toniseerib, pakub nahale vajalikku niisutust.\",\"breadcrumb\":{\"@id\":\"https:\\\/\\\/tilk.bio\\\/et\\\/pood\\\/toniseeriv-probiootiline-naopesuvaht-rukkilille-ja-provitamiin-b5-ga-koigile-nahatuupidele\\\/#breadcrumb\"},\"inLanguage\":\"et\",\"potentialAction\":[{\"@type\":\"ReadAction\",\"target\":[\"https:\\\/\\\/tilk.bio\\\/et\\\/pood\\\/toniseeriv-probiootiline-naopesuvaht-rukkilille-ja-provitamiin-b5-ga-koigile-nahatuupidele\\\/\"]}]},{\"@type\":\"ImageObject\",\"inLanguage\":\"et\",\"@id\":\"https:\\\/\\\/tilk.bio\\\/et\\\/pood\\\/toniseeriv-probiootiline-naopesuvaht-rukkilille-ja-provitamiin-b5-ga-koigile-nahatuupidele\\\/#primaryimage\",\"url\":\"https:\\\/\\\/tilk.bio\\\/wp-content\\\/uploads\\\/2023\\\/03\\\/rukkilillevaht.jpg\",\"contentUrl\":\"https:\\\/\\\/tilk.bio\\\/wp-content\\\/uploads\\\/2023\\\/03\\\/rukkilillevaht.jpg\",\"width\":1200,\"height\":1200,\"caption\":\"n\u00e4opesuvaht\"},{\"@type\":\"BreadcrumbList\",\"@id\":\"https:\\\/\\\/tilk.bio\\\/et\\\/pood\\\/toniseeriv-probiootiline-naopesuvaht-rukkilille-ja-provitamiin-b5-ga-koigile-nahatuupidele\\\/#breadcrumb\",\"itemListElement\":[{\"@type\":\"ListItem\",\"position\":1,\"name\":\"Home\",\"item\":\"https:\\\/\\\/tilk.bio\\\/et\\\/\"},{\"@type\":\"ListItem\",\"position\":2,\"name\":\"Pood\",\"item\":\"https:\\\/\\\/tilk.bio\\\/et\\\/pood\\\/\"},{\"@type\":\"ListItem\",\"position\":3,\"name\":\"Toniseeriv probiootiline n\u00e4opesuvaht rukkilille ja provitamiin B5-ga k\u00f5igile nahat\u00fc\u00fcpidele\"}]},{\"@type\":\"WebSite\",\"@id\":\"https:\\\/\\\/tilk.bio\\\/et\\\/#website\",\"url\":\"https:\\\/\\\/tilk.bio\\\/et\\\/\",\"name\":\"Tilk!\",\"description\":\"Keskkonnas\u00f5bralik ja j\u00e4tkusuutlik looduskosmeetika Saaremaalt.\",\"potentialAction\":[{\"@type\":\"SearchAction\",\"target\":{\"@type\":\"EntryPoint\",\"urlTemplate\":\"https:\\\/\\\/tilk.bio\\\/et\\\/?s={search_term_string}\"},\"query-input\":{\"@type\":\"PropertyValueSpecification\",\"valueRequired\":true,\"valueName\":\"search_term_string\"}}],\"inLanguage\":\"et\"}]}<\/script>\n<!-- \/ Yoast SEO plugin. -->","yoast_head_json":{"title":"Toniseeriv probiootiline rukkilille n\u00e4opesuvaht provitamiin B5","description":"Rukkilille n\u00e4opesuvaht eemaldab nahalt sinna kogunenud mustuse ja rasu ning ka meigi. Vaht toniseerib, pakub nahale vajalikku niisutust.","robots":{"index":"index","follow":"follow","max-snippet":"max-snippet:-1","max-image-preview":"max-image-preview:large","max-video-preview":"max-video-preview:-1"},"canonical":"https:\/\/tilk.bio\/et\/pood\/toniseeriv-probiootiline-naopesuvaht-rukkilille-ja-provitamiin-b5-ga-koigile-nahatuupidele\/","og_locale":"et_EE","og_type":"article","og_title":"Toniseeriv probiootiline rukkilille n\u00e4opesuvaht provitamiin B5","og_description":"Rukkilille n\u00e4opesuvaht eemaldab nahalt sinna kogunenud mustuse ja rasu ning ka meigi. Vaht toniseerib, pakub nahale vajalikku niisutust.","og_url":"https:\/\/tilk.bio\/et\/pood\/toniseeriv-probiootiline-naopesuvaht-rukkilille-ja-provitamiin-b5-ga-koigile-nahatuupidele\/","og_site_name":"Tilk!","article_publisher":"https:\/\/www.facebook.com\/tilk.bio\/","article_modified_time":"2026-03-23T14:30:08+00:00","og_image":[{"width":1200,"height":1200,"url":"https:\/\/tilk.bio\/wp-content\/uploads\/2023\/03\/rukkilillevaht.jpg","type":"image\/jpeg"}],"twitter_card":"summary_large_image","twitter_misc":{"Est. reading time":"1 minut"},"schema":{"@context":"https:\/\/schema.org","@graph":[{"@type":"WebPage","@id":"https:\/\/tilk.bio\/et\/pood\/toniseeriv-probiootiline-naopesuvaht-rukkilille-ja-provitamiin-b5-ga-koigile-nahatuupidele\/","url":"https:\/\/tilk.bio\/et\/pood\/toniseeriv-probiootiline-naopesuvaht-rukkilille-ja-provitamiin-b5-ga-koigile-nahatuupidele\/","name":"Toniseeriv probiootiline rukkilille n\u00e4opesuvaht provitamiin B5","isPartOf":{"@id":"https:\/\/tilk.bio\/et\/#website"},"primaryImageOfPage":{"@id":"https:\/\/tilk.bio\/et\/pood\/toniseeriv-probiootiline-naopesuvaht-rukkilille-ja-provitamiin-b5-ga-koigile-nahatuupidele\/#primaryimage"},"image":{"@id":"https:\/\/tilk.bio\/et\/pood\/toniseeriv-probiootiline-naopesuvaht-rukkilille-ja-provitamiin-b5-ga-koigile-nahatuupidele\/#primaryimage"},"thumbnailUrl":"https:\/\/tilk.bio\/wp-content\/uploads\/2023\/03\/rukkilillevaht.jpg","datePublished":"2023-02-28T23:20:38+00:00","dateModified":"2026-03-23T14:30:08+00:00","description":"Rukkilille n\u00e4opesuvaht eemaldab nahalt sinna kogunenud mustuse ja rasu ning ka meigi. Vaht toniseerib, pakub nahale vajalikku niisutust.","breadcrumb":{"@id":"https:\/\/tilk.bio\/et\/pood\/toniseeriv-probiootiline-naopesuvaht-rukkilille-ja-provitamiin-b5-ga-koigile-nahatuupidele\/#breadcrumb"},"inLanguage":"et","potentialAction":[{"@type":"ReadAction","target":["https:\/\/tilk.bio\/et\/pood\/toniseeriv-probiootiline-naopesuvaht-rukkilille-ja-provitamiin-b5-ga-koigile-nahatuupidele\/"]}]},{"@type":"ImageObject","inLanguage":"et","@id":"https:\/\/tilk.bio\/et\/pood\/toniseeriv-probiootiline-naopesuvaht-rukkilille-ja-provitamiin-b5-ga-koigile-nahatuupidele\/#primaryimage","url":"https:\/\/tilk.bio\/wp-content\/uploads\/2023\/03\/rukkilillevaht.jpg","contentUrl":"https:\/\/tilk.bio\/wp-content\/uploads\/2023\/03\/rukkilillevaht.jpg","width":1200,"height":1200,"caption":"n\u00e4opesuvaht"},{"@type":"BreadcrumbList","@id":"https:\/\/tilk.bio\/et\/pood\/toniseeriv-probiootiline-naopesuvaht-rukkilille-ja-provitamiin-b5-ga-koigile-nahatuupidele\/#breadcrumb","itemListElement":[{"@type":"ListItem","position":1,"name":"Home","item":"https:\/\/tilk.bio\/et\/"},{"@type":"ListItem","position":2,"name":"Pood","item":"https:\/\/tilk.bio\/et\/pood\/"},{"@type":"ListItem","position":3,"name":"Toniseeriv probiootiline n\u00e4opesuvaht rukkilille ja provitamiin B5-ga k\u00f5igile nahat\u00fc\u00fcpidele"}]},{"@type":"WebSite","@id":"https:\/\/tilk.bio\/et\/#website","url":"https:\/\/tilk.bio\/et\/","name":"Tilk!","description":"Keskkonnas\u00f5bralik ja j\u00e4tkusuutlik looduskosmeetika Saaremaalt.","potentialAction":[{"@type":"SearchAction","target":{"@type":"EntryPoint","urlTemplate":"https:\/\/tilk.bio\/et\/?s={search_term_string}"},"query-input":{"@type":"PropertyValueSpecification","valueRequired":true,"valueName":"search_term_string"}}],"inLanguage":"et"}]}},"_links":{"self":[{"href":"https:\/\/tilk.bio\/et\/wp-json\/wp\/v2\/product\/65441","targetHints":{"allow":["GET"]}}],"collection":[{"href":"https:\/\/tilk.bio\/et\/wp-json\/wp\/v2\/product"}],"about":[{"href":"https:\/\/tilk.bio\/et\/wp-json\/wp\/v2\/types\/product"}],"replies":[{"embeddable":true,"href":"https:\/\/tilk.bio\/et\/wp-json\/wp\/v2\/comments?post=65441"}],"wp:featuredmedia":[{"embeddable":true,"href":"https:\/\/tilk.bio\/et\/wp-json\/wp\/v2\/media\/66506"}],"wp:attachment":[{"href":"https:\/\/tilk.bio\/et\/wp-json\/wp\/v2\/media?parent=65441"}],"wp:term":[{"taxonomy":"product_brand","embeddable":true,"href":"https:\/\/tilk.bio\/et\/wp-json\/wp\/v2\/product_brand?post=65441"},{"taxonomy":"product_cat","embeddable":true,"href":"https:\/\/tilk.bio\/et\/wp-json\/wp\/v2\/product_cat?post=65441"},{"taxonomy":"product_tag","embeddable":true,"href":"https:\/\/tilk.bio\/et\/wp-json\/wp\/v2\/product_tag?post=65441"}],"curies":[{"name":"wp","href":"https:\/\/api.w.org\/{rel}","templated":true}]}}