{"id":65788,"date":"2023-03-28T17:13:51","date_gmt":"2023-03-28T14:13:51","guid":{"rendered":"https:\/\/tilk.bio\/shop\/eripakkumine-auhinnatud-toodete-komplektile-toitev-vananemisvastane-naokreem-c-vitamiiniga-jaoitev-vananemisvastane-ookreem-lavendliga-20\/"},"modified":"2026-04-06T13:15:03","modified_gmt":"2026-04-06T10:15:03","slug":"eripakkumine-auhinnatud-toodete-komplektile-toitev-vananemisvastane-naokreem-c-vitamiiniga-ja-ookreem-lavendliga-20","status":"publish","type":"product","link":"https:\/\/tilk.bio\/et\/pood\/eripakkumine-auhinnatud-toodete-komplektile-toitev-vananemisvastane-naokreem-c-vitamiiniga-ja-ookreem-lavendliga-20\/","title":{"rendered":"Eripakkumine auhinnatud toodete komplektile: Toitev vananemisvastane n\u00e4okreem C-vitamiiniga ja vananemisvastane \u00f6\u00f6kreem lavendliga -20%"},"content":{"rendered":"<p>AUHINNATUD KREEMIKOMPEKT<\/p>\n<p>Auhinnatud kreemikomplekt sisaldab toitvat vananemisvastast n\u00e4okreemi C-vitamiini ja musta k\u00fc\u00fcslauguga (50ml) &amp; toitvat vananemisvastast \u00f6\u00f6kreem lavendli ja musta k\u00fc\u00fcslauguga (50ml).<\/p>\n<p><a href=\"https:\/\/tilk.bio\/et\/pood\/toitev-vananemisvastane-naokreem-c-vitamiini-ja-musta-kuuslauguga\/\">Toitev n\u00e4okreem<\/a> musta k\u00fc\u00fcslauguga sisaldab endas C-vitamiini ja astelpaju v\u00e4ge ning rohkelt vitamiine. Kreem t\u00f5stab naha vastupanuv\u00f5imet, aitab rakkudel uueneda ja kahjustustel paraneda. T\u00e4nu suurele antioks\u00fcdantide sisaldusele on kreemil tugev vananemisvastane m\u00f5ju, see pakub nahale palju niisutust ning kaitseb seda keskkonnam\u00f5jude eest. Kreem sobib h\u00e4sti kuivale, tundlikule ja kombineeritud nahale ning ka vananemisilmingute edasil\u00fckkamiseks.<\/p>\n<p><a href=\"https:\/\/tilk.bio\/et\/pood\/toitev-vananemisvastane-ookreem-lavendli-ja-musta-kuuslauguga\/\">Vananemisvastane \u00f6\u00f6kreem<\/a> lavendli ja musta k\u00fc\u00fcslauguga on eriti toitev ning ideaalne \u00f6ine hooldaja ja naha\u00a0<a href=\"https:\/\/tilk.bio\/et\/tootekategooria\/naohooldus\/naokreem\/\">niisutaja<\/a>. Kreem sobib kuivale ja vananemisilmingutega nahale, soovitame seda alates vanusest 35+. Kreemi on eriti hea kombineerida\u00a0<a href=\"https:\/\/tilk.bio\/et\/pood\/toitev-vananemisvastane-naokreem-c-vitamiini-ja-musta-kuuslauguga\/\">C-vitamiini kreemiga<\/a>, sest koos on nende antioks\u00fcdantiderikas ja vananemisvastane toime eriti t\u00f5hus.<\/p>\n","protected":false},"excerpt":{"rendered":"<p>AUHINNATUD KREEMIKOMPEKT Auhinnatud kreemikomplekt sisaldab toitvat vananemisvastast n\u00e4okreemi C-vitamiini ja musta k\u00fc\u00fcslauguga (50ml) &amp; toitvat vananemisvastast \u00f6\u00f6kreem lavendli ja musta k\u00fc\u00fcslauguga (50ml). Toitev n\u00e4okreem musta k\u00fc\u00fcslauguga sisaldab endas C-vitamiini ja astelpaju v\u00e4ge ning rohkelt vitamiine. Kreem t\u00f5stab naha vastupanuv\u00f5imet, aitab rakkudel uueneda ja kahjustustel paraneda. T\u00e4nu suurele antioks\u00fcdantide sisaldusele on kreemil tugev vananemisvastane m\u00f5ju, see&#8230;<\/p>\n","protected":false},"featured_media":77229,"comment_status":"open","ping_status":"closed","template":"","meta":{"_acf_changed":false},"product_brand":[],"product_cat":[585,494,389,499,689,724,511,691,725,688],"product_tag":[],"class_list":{"0":"post-65788","1":"product","2":"type-product","3":"status-publish","4":"has-post-thumbnail","6":"product_cat-naokreem","7":"product_cat-klientide-lemmikud","8":"product_cat-koik-tooted","9":"product_cat-komplektid","10":"product_cat-kuiv-nahk","11":"product_cat-must-kuuslauk","12":"product_cat-naohooldus","13":"product_cat-tekstuuri-ja-tooniprobleemidega-nahk","14":"product_cat-tooteseeriad-et","15":"product_cat-vananemisilmingutega-nahk","17":"first","18":"instock","19":"sale","20":"taxable","21":"shipping-taxable","22":"purchasable","23":"product-type-variable"},"acf":[],"yoast_head":"<!-- This site is optimized with the Yoast SEO plugin v27.3 - https:\/\/yoast.com\/product\/yoast-seo-wordpress\/ -->\n<title>Eripakkumine auhinnatud toodete komplektile: Toitev vananemisvastane n\u00e4okreem C-vitamiiniga ja vananemisvastane \u00f6\u00f6kreem lavendliga -20% - Tilk!<\/title>\n<meta name=\"description\" content=\"Auhinnatud kreemikomplekt sisaldab toitvat vananemisvastast n\u00e4okreemi C-vitamiini ja musta k\u00fc\u00fcslauguga &amp; toitvat vananemisvastast \u00f6\u00f6kreem lavendliga.\" \/>\n<meta name=\"robots\" content=\"index, follow, max-snippet:-1, max-image-preview:large, max-video-preview:-1\" \/>\n<link rel=\"canonical\" href=\"https:\/\/tilk.bio\/et\/pood\/eripakkumine-auhinnatud-toodete-komplektile-toitev-vananemisvastane-naokreem-c-vitamiiniga-ja-ookreem-lavendliga-20\/\" \/>\n<meta property=\"og:locale\" content=\"et_EE\" \/>\n<meta property=\"og:type\" content=\"article\" \/>\n<meta property=\"og:title\" content=\"Eripakkumine auhinnatud toodete komplektile: Toitev vananemisvastane n\u00e4okreem C-vitamiiniga ja vananemisvastane \u00f6\u00f6kreem lavendliga -20% - Tilk!\" \/>\n<meta property=\"og:description\" content=\"Auhinnatud kreemikomplekt sisaldab toitvat vananemisvastast n\u00e4okreemi C-vitamiini ja musta k\u00fc\u00fcslauguga &amp; toitvat vananemisvastast \u00f6\u00f6kreem lavendliga.\" \/>\n<meta property=\"og:url\" content=\"https:\/\/tilk.bio\/et\/pood\/eripakkumine-auhinnatud-toodete-komplektile-toitev-vananemisvastane-naokreem-c-vitamiiniga-ja-ookreem-lavendliga-20\/\" \/>\n<meta property=\"og:site_name\" content=\"Tilk!\" \/>\n<meta property=\"article:publisher\" content=\"https:\/\/www.facebook.com\/tilk.bio\/\" \/>\n<meta property=\"article:modified_time\" content=\"2026-04-06T10:15:03+00:00\" \/>\n<meta property=\"og:image\" content=\"https:\/\/tilk.bio\/wp-content\/uploads\/2023\/03\/1-1.jpg\" \/>\n\t<meta property=\"og:image:width\" content=\"1200\" \/>\n\t<meta property=\"og:image:height\" content=\"1200\" \/>\n\t<meta property=\"og:image:type\" content=\"image\/jpeg\" \/>\n<meta name=\"twitter:card\" content=\"summary_large_image\" \/>\n<meta name=\"twitter:label1\" content=\"Est. reading time\" \/>\n\t<meta name=\"twitter:data1\" content=\"1 minut\" \/>\n<script type=\"application\/ld+json\" class=\"yoast-schema-graph\">{\"@context\":\"https:\\\/\\\/schema.org\",\"@graph\":[{\"@type\":\"WebPage\",\"@id\":\"https:\\\/\\\/tilk.bio\\\/et\\\/pood\\\/eripakkumine-auhinnatud-toodete-komplektile-toitev-vananemisvastane-naokreem-c-vitamiiniga-ja-ookreem-lavendliga-20\\\/\",\"url\":\"https:\\\/\\\/tilk.bio\\\/et\\\/pood\\\/eripakkumine-auhinnatud-toodete-komplektile-toitev-vananemisvastane-naokreem-c-vitamiiniga-ja-ookreem-lavendliga-20\\\/\",\"name\":\"Eripakkumine auhinnatud toodete komplektile: Toitev vananemisvastane n\u00e4okreem C-vitamiiniga ja vananemisvastane \u00f6\u00f6kreem lavendliga -20% - Tilk!\",\"isPartOf\":{\"@id\":\"https:\\\/\\\/tilk.bio\\\/et\\\/#website\"},\"primaryImageOfPage\":{\"@id\":\"https:\\\/\\\/tilk.bio\\\/et\\\/pood\\\/eripakkumine-auhinnatud-toodete-komplektile-toitev-vananemisvastane-naokreem-c-vitamiiniga-ja-ookreem-lavendliga-20\\\/#primaryimage\"},\"image\":{\"@id\":\"https:\\\/\\\/tilk.bio\\\/et\\\/pood\\\/eripakkumine-auhinnatud-toodete-komplektile-toitev-vananemisvastane-naokreem-c-vitamiiniga-ja-ookreem-lavendliga-20\\\/#primaryimage\"},\"thumbnailUrl\":\"https:\\\/\\\/tilk.bio\\\/wp-content\\\/uploads\\\/2023\\\/03\\\/Untitled-design-4.jpg\",\"datePublished\":\"2023-03-28T14:13:51+00:00\",\"dateModified\":\"2026-04-06T10:15:03+00:00\",\"description\":\"Auhinnatud kreemikomplekt sisaldab toitvat vananemisvastast n\u00e4okreemi C-vitamiini ja musta k\u00fc\u00fcslauguga & toitvat vananemisvastast \u00f6\u00f6kreem lavendliga.\",\"breadcrumb\":{\"@id\":\"https:\\\/\\\/tilk.bio\\\/et\\\/pood\\\/eripakkumine-auhinnatud-toodete-komplektile-toitev-vananemisvastane-naokreem-c-vitamiiniga-ja-ookreem-lavendliga-20\\\/#breadcrumb\"},\"inLanguage\":\"et\",\"potentialAction\":[{\"@type\":\"ReadAction\",\"target\":[\"https:\\\/\\\/tilk.bio\\\/et\\\/pood\\\/eripakkumine-auhinnatud-toodete-komplektile-toitev-vananemisvastane-naokreem-c-vitamiiniga-ja-ookreem-lavendliga-20\\\/\"]}]},{\"@type\":\"ImageObject\",\"inLanguage\":\"et\",\"@id\":\"https:\\\/\\\/tilk.bio\\\/et\\\/pood\\\/eripakkumine-auhinnatud-toodete-komplektile-toitev-vananemisvastane-naokreem-c-vitamiiniga-ja-ookreem-lavendliga-20\\\/#primaryimage\",\"url\":\"https:\\\/\\\/tilk.bio\\\/wp-content\\\/uploads\\\/2023\\\/03\\\/Untitled-design-4.jpg\",\"contentUrl\":\"https:\\\/\\\/tilk.bio\\\/wp-content\\\/uploads\\\/2023\\\/03\\\/Untitled-design-4.jpg\",\"width\":1200,\"height\":1200},{\"@type\":\"BreadcrumbList\",\"@id\":\"https:\\\/\\\/tilk.bio\\\/et\\\/pood\\\/eripakkumine-auhinnatud-toodete-komplektile-toitev-vananemisvastane-naokreem-c-vitamiiniga-ja-ookreem-lavendliga-20\\\/#breadcrumb\",\"itemListElement\":[{\"@type\":\"ListItem\",\"position\":1,\"name\":\"Home\",\"item\":\"https:\\\/\\\/tilk.bio\\\/et\\\/\"},{\"@type\":\"ListItem\",\"position\":2,\"name\":\"Pood\",\"item\":\"https:\\\/\\\/tilk.bio\\\/et\\\/pood\\\/\"},{\"@type\":\"ListItem\",\"position\":3,\"name\":\"Eripakkumine auhinnatud toodete komplektile: Toitev vananemisvastane n\u00e4okreem C-vitamiiniga ja vananemisvastane \u00f6\u00f6kreem lavendliga -20%\"}]},{\"@type\":\"WebSite\",\"@id\":\"https:\\\/\\\/tilk.bio\\\/et\\\/#website\",\"url\":\"https:\\\/\\\/tilk.bio\\\/et\\\/\",\"name\":\"Tilk!\",\"description\":\"Keskkonnas\u00f5bralik ja j\u00e4tkusuutlik looduskosmeetika Saaremaalt.\",\"potentialAction\":[{\"@type\":\"SearchAction\",\"target\":{\"@type\":\"EntryPoint\",\"urlTemplate\":\"https:\\\/\\\/tilk.bio\\\/et\\\/?s={search_term_string}\"},\"query-input\":{\"@type\":\"PropertyValueSpecification\",\"valueRequired\":true,\"valueName\":\"search_term_string\"}}],\"inLanguage\":\"et\"}]}<\/script>\n<!-- \/ Yoast SEO plugin. -->","yoast_head_json":{"title":"Eripakkumine auhinnatud toodete komplektile: Toitev vananemisvastane n\u00e4okreem C-vitamiiniga ja vananemisvastane \u00f6\u00f6kreem lavendliga -20% - Tilk!","description":"Auhinnatud kreemikomplekt sisaldab toitvat vananemisvastast n\u00e4okreemi C-vitamiini ja musta k\u00fc\u00fcslauguga & toitvat vananemisvastast \u00f6\u00f6kreem lavendliga.","robots":{"index":"index","follow":"follow","max-snippet":"max-snippet:-1","max-image-preview":"max-image-preview:large","max-video-preview":"max-video-preview:-1"},"canonical":"https:\/\/tilk.bio\/et\/pood\/eripakkumine-auhinnatud-toodete-komplektile-toitev-vananemisvastane-naokreem-c-vitamiiniga-ja-ookreem-lavendliga-20\/","og_locale":"et_EE","og_type":"article","og_title":"Eripakkumine auhinnatud toodete komplektile: Toitev vananemisvastane n\u00e4okreem C-vitamiiniga ja vananemisvastane \u00f6\u00f6kreem lavendliga -20% - Tilk!","og_description":"Auhinnatud kreemikomplekt sisaldab toitvat vananemisvastast n\u00e4okreemi C-vitamiini ja musta k\u00fc\u00fcslauguga & toitvat vananemisvastast \u00f6\u00f6kreem lavendliga.","og_url":"https:\/\/tilk.bio\/et\/pood\/eripakkumine-auhinnatud-toodete-komplektile-toitev-vananemisvastane-naokreem-c-vitamiiniga-ja-ookreem-lavendliga-20\/","og_site_name":"Tilk!","article_publisher":"https:\/\/www.facebook.com\/tilk.bio\/","article_modified_time":"2026-04-06T10:15:03+00:00","og_image":[{"width":1200,"height":1200,"url":"https:\/\/tilk.bio\/wp-content\/uploads\/2023\/03\/1-1.jpg","type":"image\/jpeg"}],"twitter_card":"summary_large_image","twitter_misc":{"Est. reading time":"1 minut"},"schema":{"@context":"https:\/\/schema.org","@graph":[{"@type":"WebPage","@id":"https:\/\/tilk.bio\/et\/pood\/eripakkumine-auhinnatud-toodete-komplektile-toitev-vananemisvastane-naokreem-c-vitamiiniga-ja-ookreem-lavendliga-20\/","url":"https:\/\/tilk.bio\/et\/pood\/eripakkumine-auhinnatud-toodete-komplektile-toitev-vananemisvastane-naokreem-c-vitamiiniga-ja-ookreem-lavendliga-20\/","name":"Eripakkumine auhinnatud toodete komplektile: Toitev vananemisvastane n\u00e4okreem C-vitamiiniga ja vananemisvastane \u00f6\u00f6kreem lavendliga -20% - Tilk!","isPartOf":{"@id":"https:\/\/tilk.bio\/et\/#website"},"primaryImageOfPage":{"@id":"https:\/\/tilk.bio\/et\/pood\/eripakkumine-auhinnatud-toodete-komplektile-toitev-vananemisvastane-naokreem-c-vitamiiniga-ja-ookreem-lavendliga-20\/#primaryimage"},"image":{"@id":"https:\/\/tilk.bio\/et\/pood\/eripakkumine-auhinnatud-toodete-komplektile-toitev-vananemisvastane-naokreem-c-vitamiiniga-ja-ookreem-lavendliga-20\/#primaryimage"},"thumbnailUrl":"https:\/\/tilk.bio\/wp-content\/uploads\/2023\/03\/Untitled-design-4.jpg","datePublished":"2023-03-28T14:13:51+00:00","dateModified":"2026-04-06T10:15:03+00:00","description":"Auhinnatud kreemikomplekt sisaldab toitvat vananemisvastast n\u00e4okreemi C-vitamiini ja musta k\u00fc\u00fcslauguga & toitvat vananemisvastast \u00f6\u00f6kreem lavendliga.","breadcrumb":{"@id":"https:\/\/tilk.bio\/et\/pood\/eripakkumine-auhinnatud-toodete-komplektile-toitev-vananemisvastane-naokreem-c-vitamiiniga-ja-ookreem-lavendliga-20\/#breadcrumb"},"inLanguage":"et","potentialAction":[{"@type":"ReadAction","target":["https:\/\/tilk.bio\/et\/pood\/eripakkumine-auhinnatud-toodete-komplektile-toitev-vananemisvastane-naokreem-c-vitamiiniga-ja-ookreem-lavendliga-20\/"]}]},{"@type":"ImageObject","inLanguage":"et","@id":"https:\/\/tilk.bio\/et\/pood\/eripakkumine-auhinnatud-toodete-komplektile-toitev-vananemisvastane-naokreem-c-vitamiiniga-ja-ookreem-lavendliga-20\/#primaryimage","url":"https:\/\/tilk.bio\/wp-content\/uploads\/2023\/03\/Untitled-design-4.jpg","contentUrl":"https:\/\/tilk.bio\/wp-content\/uploads\/2023\/03\/Untitled-design-4.jpg","width":1200,"height":1200},{"@type":"BreadcrumbList","@id":"https:\/\/tilk.bio\/et\/pood\/eripakkumine-auhinnatud-toodete-komplektile-toitev-vananemisvastane-naokreem-c-vitamiiniga-ja-ookreem-lavendliga-20\/#breadcrumb","itemListElement":[{"@type":"ListItem","position":1,"name":"Home","item":"https:\/\/tilk.bio\/et\/"},{"@type":"ListItem","position":2,"name":"Pood","item":"https:\/\/tilk.bio\/et\/pood\/"},{"@type":"ListItem","position":3,"name":"Eripakkumine auhinnatud toodete komplektile: Toitev vananemisvastane n\u00e4okreem C-vitamiiniga ja vananemisvastane \u00f6\u00f6kreem lavendliga -20%"}]},{"@type":"WebSite","@id":"https:\/\/tilk.bio\/et\/#website","url":"https:\/\/tilk.bio\/et\/","name":"Tilk!","description":"Keskkonnas\u00f5bralik ja j\u00e4tkusuutlik looduskosmeetika Saaremaalt.","potentialAction":[{"@type":"SearchAction","target":{"@type":"EntryPoint","urlTemplate":"https:\/\/tilk.bio\/et\/?s={search_term_string}"},"query-input":{"@type":"PropertyValueSpecification","valueRequired":true,"valueName":"search_term_string"}}],"inLanguage":"et"}]}},"_links":{"self":[{"href":"https:\/\/tilk.bio\/et\/wp-json\/wp\/v2\/product\/65788","targetHints":{"allow":["GET"]}}],"collection":[{"href":"https:\/\/tilk.bio\/et\/wp-json\/wp\/v2\/product"}],"about":[{"href":"https:\/\/tilk.bio\/et\/wp-json\/wp\/v2\/types\/product"}],"replies":[{"embeddable":true,"href":"https:\/\/tilk.bio\/et\/wp-json\/wp\/v2\/comments?post=65788"}],"wp:featuredmedia":[{"embeddable":true,"href":"https:\/\/tilk.bio\/et\/wp-json\/wp\/v2\/media\/77229"}],"wp:attachment":[{"href":"https:\/\/tilk.bio\/et\/wp-json\/wp\/v2\/media?parent=65788"}],"wp:term":[{"taxonomy":"product_brand","embeddable":true,"href":"https:\/\/tilk.bio\/et\/wp-json\/wp\/v2\/product_brand?post=65788"},{"taxonomy":"product_cat","embeddable":true,"href":"https:\/\/tilk.bio\/et\/wp-json\/wp\/v2\/product_cat?post=65788"},{"taxonomy":"product_tag","embeddable":true,"href":"https:\/\/tilk.bio\/et\/wp-json\/wp\/v2\/product_tag?post=65788"}],"curies":[{"name":"wp","href":"https:\/\/api.w.org\/{rel}","templated":true}]}}