{"id":66179,"date":"2023-05-04T02:25:32","date_gmt":"2023-05-03T23:25:32","guid":{"rendered":"https:\/\/tilk.bio\/shop\/niisutav-huulepalsam-piparmundi-ja-rukkilillega\/"},"modified":"2026-04-07T18:15:04","modified_gmt":"2026-04-07T15:15:04","slug":"niisutav-huulepalsam-piparmundi-ja-rukkilillega","status":"publish","type":"product","link":"https:\/\/tilk.bio\/et\/pood\/niisutav-huulepalsam-piparmundi-ja-rukkilillega\/","title":{"rendered":"Niisutav huulepalsam piparm\u00fcndi ja rukkilillega"},"content":{"rendered":"<p><span style=\"font-weight: 400;\">Niisutav huulepalsam v\u00e4rske piparm\u00fcndi ja rukkilillega pehmendab huuli. Naturaalse tooniga huulepalsam sobib ideaalselt igap\u00e4evaseks kasutamiseks. Huulepalsami koostises on toimeained, mis annavad huultele elastust ja pehmust ning hooldavad \u00f5rnalt. Rukkilille toimeained toniseerivad, v\u00e4rskendavad ja rahustavad ning annavad huultele pehmust.\u00a0<\/span><\/p>\n<p><span style=\"font-weight: 400;\">Kookos\u00f5li niisutab ja pehmendab huuli.<\/span><span style=\"font-weight: 400;\"> Mee bioaktiivsed koostisosad teevad huuled m\u00f5nusaks ning pehmeks. Mesi silub, pehmendab, tervendab ja tugevdab \u00f5rna huulenahka. Huulepalsamis sisalduval mesilasvahal on ka p\u00f5letikuvastane toime, see aitab nahka rahustada. Sheav\u00f5i toidab huuli s\u00fcvitsi, kaitseb kuivuse eest ning muudab naha elastseks. Niisutav kakaov\u00f5i hoiab \u00f5rna nahka kuivamast. <\/span><span style=\"font-weight: 400;\">Huulepalsamil on v\u00e4rske <\/span><span style=\"font-weight: 400;\">piparm\u00fcndi<\/span><span style=\"font-weight: 400;\"> l\u00f5hn.<\/span><\/p>\n<p><span style=\"font-weight: 400;\">K\u00f5ik huulepalsami koostisosad on looduslikku p\u00e4ritolu.\u00a0\u00a0<\/span><\/p>\n<p><span style=\"font-weight: 400;\">Hoiustamine: Soovitame hoida huulepalsamit kaitstuna otsese p\u00e4ikesevalguse eest ja temperatuuril alla +25 kraadi.<\/span><\/p>\n<p><span style=\"font-weight: 400;\">Kogus: 4.8ml<\/span><\/p>\n","protected":false},"excerpt":{"rendered":"<p>Niisutav huulepalsam v\u00e4rske piparm\u00fcndi ja rukkilillega pehmendab huuli. Naturaalse tooniga huulepalsam sobib ideaalselt igap\u00e4evaseks kasutamiseks. Huulepalsami koostises on toimeained, mis annavad huultele elastust ja pehmust ning hooldavad \u00f5rnalt. Rukkilille toimeained toniseerivad, v\u00e4rskendavad ja rahustavad ning annavad huultele pehmust.\u00a0 Kookos\u00f5li niisutab ja pehmendab huuli. Mee bioaktiivsed koostisosad teevad huuled m\u00f5nusaks ning pehmeks. Mesi silub, pehmendab, tervendab&#8230;<\/p>\n","protected":false},"featured_media":66420,"comment_status":"open","ping_status":"closed","template":"","meta":{"_acf_changed":false},"product_brand":[],"product_cat":[498,389,511,713],"product_tag":[],"class_list":{"0":"post-66179","1":"product","2":"type-product","3":"status-publish","4":"has-post-thumbnail","6":"product_cat-huuletooted","7":"product_cat-koik-tooted","8":"product_cat-naohooldus","9":"product_cat-tilk-herbal-et","11":"first","12":"instock","13":"taxable","14":"shipping-taxable","15":"purchasable","16":"product-type-simple"},"acf":[],"yoast_head":"<!-- This site is optimized with the Yoast SEO plugin v27.4 - https:\/\/yoast.com\/product\/yoast-seo-wordpress\/ -->\n<title>Niisutav huulepulk v\u00e4rske piparm\u00fcndi ja rukkilillega<\/title>\n<meta name=\"description\" content=\"Niisutav huulepulk v\u00e4rske piparm\u00fcndi ja rukkilillega pehmendab huuli. Naturaalse tooniga huulepalsam sobib ideaalselt igap\u00e4evaseks kasutamiseks.\" \/>\n<meta name=\"robots\" content=\"index, follow, max-snippet:-1, max-image-preview:large, max-video-preview:-1\" \/>\n<link rel=\"canonical\" href=\"https:\/\/tilk.bio\/et\/pood\/niisutav-huulepalsam-piparmundi-ja-rukkilillega\/\" \/>\n<meta property=\"og:locale\" content=\"et_EE\" \/>\n<meta property=\"og:type\" content=\"article\" \/>\n<meta property=\"og:title\" content=\"Niisutav huulepulk v\u00e4rske piparm\u00fcndi ja rukkilillega\" \/>\n<meta property=\"og:description\" content=\"Niisutav huulepulk v\u00e4rske piparm\u00fcndi ja rukkilillega pehmendab huuli. Naturaalse tooniga huulepalsam sobib ideaalselt igap\u00e4evaseks kasutamiseks.\" \/>\n<meta property=\"og:url\" content=\"https:\/\/tilk.bio\/et\/pood\/niisutav-huulepalsam-piparmundi-ja-rukkilillega\/\" \/>\n<meta property=\"og:site_name\" content=\"Tilk!\" \/>\n<meta property=\"article:publisher\" content=\"https:\/\/www.facebook.com\/tilk.bio\/\" \/>\n<meta property=\"article:modified_time\" content=\"2026-04-07T15:15:04+00:00\" \/>\n<meta property=\"og:image\" content=\"https:\/\/tilk.bio\/wp-content\/uploads\/2023\/04\/Untitled-design-1.png\" \/>\n\t<meta property=\"og:image:width\" content=\"1200\" \/>\n\t<meta property=\"og:image:height\" content=\"1200\" \/>\n\t<meta property=\"og:image:type\" content=\"image\/png\" \/>\n<meta name=\"twitter:card\" content=\"summary_large_image\" \/>\n<meta name=\"twitter:label1\" content=\"Est. reading time\" \/>\n\t<meta name=\"twitter:data1\" content=\"1 minut\" \/>\n<script type=\"application\/ld+json\" class=\"yoast-schema-graph\">{\"@context\":\"https:\\\/\\\/schema.org\",\"@graph\":[{\"@type\":\"WebPage\",\"@id\":\"https:\\\/\\\/tilk.bio\\\/et\\\/pood\\\/niisutav-huulepalsam-piparmundi-ja-rukkilillega\\\/\",\"url\":\"https:\\\/\\\/tilk.bio\\\/et\\\/pood\\\/niisutav-huulepalsam-piparmundi-ja-rukkilillega\\\/\",\"name\":\"Niisutav huulepulk v\u00e4rske piparm\u00fcndi ja rukkilillega\",\"isPartOf\":{\"@id\":\"https:\\\/\\\/tilk.bio\\\/et\\\/#website\"},\"primaryImageOfPage\":{\"@id\":\"https:\\\/\\\/tilk.bio\\\/et\\\/pood\\\/niisutav-huulepalsam-piparmundi-ja-rukkilillega\\\/#primaryimage\"},\"image\":{\"@id\":\"https:\\\/\\\/tilk.bio\\\/et\\\/pood\\\/niisutav-huulepalsam-piparmundi-ja-rukkilillega\\\/#primaryimage\"},\"thumbnailUrl\":\"https:\\\/\\\/tilk.bio\\\/wp-content\\\/uploads\\\/2023\\\/04\\\/Untitled-design-1.png\",\"datePublished\":\"2023-05-03T23:25:32+00:00\",\"dateModified\":\"2026-04-07T15:15:04+00:00\",\"description\":\"Niisutav huulepulk v\u00e4rske piparm\u00fcndi ja rukkilillega pehmendab huuli. Naturaalse tooniga huulepalsam sobib ideaalselt igap\u00e4evaseks kasutamiseks.\",\"breadcrumb\":{\"@id\":\"https:\\\/\\\/tilk.bio\\\/et\\\/pood\\\/niisutav-huulepalsam-piparmundi-ja-rukkilillega\\\/#breadcrumb\"},\"inLanguage\":\"et\",\"potentialAction\":[{\"@type\":\"ReadAction\",\"target\":[\"https:\\\/\\\/tilk.bio\\\/et\\\/pood\\\/niisutav-huulepalsam-piparmundi-ja-rukkilillega\\\/\"]}]},{\"@type\":\"ImageObject\",\"inLanguage\":\"et\",\"@id\":\"https:\\\/\\\/tilk.bio\\\/et\\\/pood\\\/niisutav-huulepalsam-piparmundi-ja-rukkilillega\\\/#primaryimage\",\"url\":\"https:\\\/\\\/tilk.bio\\\/wp-content\\\/uploads\\\/2023\\\/04\\\/Untitled-design-1.png\",\"contentUrl\":\"https:\\\/\\\/tilk.bio\\\/wp-content\\\/uploads\\\/2023\\\/04\\\/Untitled-design-1.png\",\"width\":1200,\"height\":1200,\"caption\":\"lip stick\"},{\"@type\":\"BreadcrumbList\",\"@id\":\"https:\\\/\\\/tilk.bio\\\/et\\\/pood\\\/niisutav-huulepalsam-piparmundi-ja-rukkilillega\\\/#breadcrumb\",\"itemListElement\":[{\"@type\":\"ListItem\",\"position\":1,\"name\":\"Home\",\"item\":\"https:\\\/\\\/tilk.bio\\\/et\\\/\"},{\"@type\":\"ListItem\",\"position\":2,\"name\":\"Pood\",\"item\":\"https:\\\/\\\/tilk.bio\\\/et\\\/pood\\\/\"},{\"@type\":\"ListItem\",\"position\":3,\"name\":\"Niisutav huulepalsam piparm\u00fcndi ja rukkilillega\"}]},{\"@type\":\"WebSite\",\"@id\":\"https:\\\/\\\/tilk.bio\\\/et\\\/#website\",\"url\":\"https:\\\/\\\/tilk.bio\\\/et\\\/\",\"name\":\"Tilk!\",\"description\":\"Keskkonnas\u00f5bralik ja j\u00e4tkusuutlik looduskosmeetika Saaremaalt.\",\"potentialAction\":[{\"@type\":\"SearchAction\",\"target\":{\"@type\":\"EntryPoint\",\"urlTemplate\":\"https:\\\/\\\/tilk.bio\\\/et\\\/?s={search_term_string}\"},\"query-input\":{\"@type\":\"PropertyValueSpecification\",\"valueRequired\":true,\"valueName\":\"search_term_string\"}}],\"inLanguage\":\"et\"}]}<\/script>\n<!-- \/ Yoast SEO plugin. -->","yoast_head_json":{"title":"Niisutav huulepulk v\u00e4rske piparm\u00fcndi ja rukkilillega","description":"Niisutav huulepulk v\u00e4rske piparm\u00fcndi ja rukkilillega pehmendab huuli. Naturaalse tooniga huulepalsam sobib ideaalselt igap\u00e4evaseks kasutamiseks.","robots":{"index":"index","follow":"follow","max-snippet":"max-snippet:-1","max-image-preview":"max-image-preview:large","max-video-preview":"max-video-preview:-1"},"canonical":"https:\/\/tilk.bio\/et\/pood\/niisutav-huulepalsam-piparmundi-ja-rukkilillega\/","og_locale":"et_EE","og_type":"article","og_title":"Niisutav huulepulk v\u00e4rske piparm\u00fcndi ja rukkilillega","og_description":"Niisutav huulepulk v\u00e4rske piparm\u00fcndi ja rukkilillega pehmendab huuli. Naturaalse tooniga huulepalsam sobib ideaalselt igap\u00e4evaseks kasutamiseks.","og_url":"https:\/\/tilk.bio\/et\/pood\/niisutav-huulepalsam-piparmundi-ja-rukkilillega\/","og_site_name":"Tilk!","article_publisher":"https:\/\/www.facebook.com\/tilk.bio\/","article_modified_time":"2026-04-07T15:15:04+00:00","og_image":[{"width":1200,"height":1200,"url":"https:\/\/tilk.bio\/wp-content\/uploads\/2023\/04\/Untitled-design-1.png","type":"image\/png"}],"twitter_card":"summary_large_image","twitter_misc":{"Est. reading time":"1 minut"},"schema":{"@context":"https:\/\/schema.org","@graph":[{"@type":"WebPage","@id":"https:\/\/tilk.bio\/et\/pood\/niisutav-huulepalsam-piparmundi-ja-rukkilillega\/","url":"https:\/\/tilk.bio\/et\/pood\/niisutav-huulepalsam-piparmundi-ja-rukkilillega\/","name":"Niisutav huulepulk v\u00e4rske piparm\u00fcndi ja rukkilillega","isPartOf":{"@id":"https:\/\/tilk.bio\/et\/#website"},"primaryImageOfPage":{"@id":"https:\/\/tilk.bio\/et\/pood\/niisutav-huulepalsam-piparmundi-ja-rukkilillega\/#primaryimage"},"image":{"@id":"https:\/\/tilk.bio\/et\/pood\/niisutav-huulepalsam-piparmundi-ja-rukkilillega\/#primaryimage"},"thumbnailUrl":"https:\/\/tilk.bio\/wp-content\/uploads\/2023\/04\/Untitled-design-1.png","datePublished":"2023-05-03T23:25:32+00:00","dateModified":"2026-04-07T15:15:04+00:00","description":"Niisutav huulepulk v\u00e4rske piparm\u00fcndi ja rukkilillega pehmendab huuli. Naturaalse tooniga huulepalsam sobib ideaalselt igap\u00e4evaseks kasutamiseks.","breadcrumb":{"@id":"https:\/\/tilk.bio\/et\/pood\/niisutav-huulepalsam-piparmundi-ja-rukkilillega\/#breadcrumb"},"inLanguage":"et","potentialAction":[{"@type":"ReadAction","target":["https:\/\/tilk.bio\/et\/pood\/niisutav-huulepalsam-piparmundi-ja-rukkilillega\/"]}]},{"@type":"ImageObject","inLanguage":"et","@id":"https:\/\/tilk.bio\/et\/pood\/niisutav-huulepalsam-piparmundi-ja-rukkilillega\/#primaryimage","url":"https:\/\/tilk.bio\/wp-content\/uploads\/2023\/04\/Untitled-design-1.png","contentUrl":"https:\/\/tilk.bio\/wp-content\/uploads\/2023\/04\/Untitled-design-1.png","width":1200,"height":1200,"caption":"lip stick"},{"@type":"BreadcrumbList","@id":"https:\/\/tilk.bio\/et\/pood\/niisutav-huulepalsam-piparmundi-ja-rukkilillega\/#breadcrumb","itemListElement":[{"@type":"ListItem","position":1,"name":"Home","item":"https:\/\/tilk.bio\/et\/"},{"@type":"ListItem","position":2,"name":"Pood","item":"https:\/\/tilk.bio\/et\/pood\/"},{"@type":"ListItem","position":3,"name":"Niisutav huulepalsam piparm\u00fcndi ja rukkilillega"}]},{"@type":"WebSite","@id":"https:\/\/tilk.bio\/et\/#website","url":"https:\/\/tilk.bio\/et\/","name":"Tilk!","description":"Keskkonnas\u00f5bralik ja j\u00e4tkusuutlik looduskosmeetika Saaremaalt.","potentialAction":[{"@type":"SearchAction","target":{"@type":"EntryPoint","urlTemplate":"https:\/\/tilk.bio\/et\/?s={search_term_string}"},"query-input":{"@type":"PropertyValueSpecification","valueRequired":true,"valueName":"search_term_string"}}],"inLanguage":"et"}]}},"_links":{"self":[{"href":"https:\/\/tilk.bio\/et\/wp-json\/wp\/v2\/product\/66179","targetHints":{"allow":["GET"]}}],"collection":[{"href":"https:\/\/tilk.bio\/et\/wp-json\/wp\/v2\/product"}],"about":[{"href":"https:\/\/tilk.bio\/et\/wp-json\/wp\/v2\/types\/product"}],"replies":[{"embeddable":true,"href":"https:\/\/tilk.bio\/et\/wp-json\/wp\/v2\/comments?post=66179"}],"wp:featuredmedia":[{"embeddable":true,"href":"https:\/\/tilk.bio\/et\/wp-json\/wp\/v2\/media\/66420"}],"wp:attachment":[{"href":"https:\/\/tilk.bio\/et\/wp-json\/wp\/v2\/media?parent=66179"}],"wp:term":[{"taxonomy":"product_brand","embeddable":true,"href":"https:\/\/tilk.bio\/et\/wp-json\/wp\/v2\/product_brand?post=66179"},{"taxonomy":"product_cat","embeddable":true,"href":"https:\/\/tilk.bio\/et\/wp-json\/wp\/v2\/product_cat?post=66179"},{"taxonomy":"product_tag","embeddable":true,"href":"https:\/\/tilk.bio\/et\/wp-json\/wp\/v2\/product_tag?post=66179"}],"curies":[{"name":"wp","href":"https:\/\/api.w.org\/{rel}","templated":true}]}}