{"id":66191,"date":"2023-04-22T01:06:53","date_gmt":"2023-04-21T22:06:53","guid":{"rendered":"https:\/\/tilk.bio\/shop\/wash-me-off-aprikoosi-kehakoorija-sheavoiga-naha-toniseerimiseks-ja-koorimiseks\/"},"modified":"2026-04-01T16:00:15","modified_gmt":"2026-04-01T13:00:15","slug":"wash-me-off-aprikoosi-kehakoorija-sheavoiga-naha-toniseerimiseks-ja-koorimiseks","status":"publish","type":"product","link":"https:\/\/tilk.bio\/et\/pood\/wash-me-off-aprikoosi-kehakoorija-sheavoiga-naha-toniseerimiseks-ja-koorimiseks\/","title":{"rendered":"Wash Me Off aprikoosi kehakoorija sheav\u014diga naha toniseerimiseks ja koorimiseks"},"content":{"rendered":"<p><span style=\"font-weight: 400;\">M\u00f5nusa apelsinil\u00f5hnaga <a href=\"https:\/\/tilk.bio\/et\/tootekategooria\/kehale\/kehakoorijad\/\">aprikoosi kehakoorija<\/a> koorib nahka, eemaldades surnud naharakud, muutes naha \u00fclipehmeks ja toniseerituks. Kehakoorijat kasutades ja sellega nahka masseerides ergutad vereringet ja annad nahale v\u00e4rske jume. Koorija regulaarne kasutamine aitab muuta nahka pringimaks, t\u014dsta naha niiskustaset ning elastsust.<\/span><\/p>\n<p><span style=\"font-weight: 400;\">Koorija sisaldab rohkelt sheav\u00f5id ja kastoor\u00f5li, mis teevad naha siidiselt pehmeks ja elastseks. <\/span><span style=\"font-weight: 400;\">Sheav\u00f5is on k\u00fclluslikult rohkelt nahale vajalikke vitamiine, mis toidavad nahka. Sheav\u00f5il on eriline v\u00f5ime niisutada eriti kuiva ja ka ketendavat nahka. Kastoor\u00f5li on niisutav ja aitab puhastada nahka mustusest, rasust ja j\u00e4\u00e4kainetest. <\/span><span style=\"font-weight: 400;\">Suhkur ja aprikoosituumapulber aitavad koorida vana naha ja stimuleerivad naha mikrovereringet, aidates sellega kaasa naharakkude uuenemisele ja tselluliidi v\u00e4henemisele. Koorija v\u00e4rske apelsinil\u00f5hn m\u00f5jub v\u00e4rskendavalt ja ergutavalt.<\/span><\/p>\n<p><span style=\"font-weight: 400;\">Kehakoorija &#8211; kasutamine:\u00a0<\/span><\/p>\n<p><span style=\"font-weight: 400;\">Kanna kehakoorija ringjate liigutustega niiskele nahale. Lase m\u00f5ni minut toimida ja loputa sooja veega. Lisaniisutuseks v\u00f5iksid peale koorimist keha niisutada n\u00e4iteks<\/span> <span style=\"font-weight: 400;\">probiootilise v\u00f5i AHA-hapetega kehakreemiga.<\/span><\/p>\n<p><span style=\"font-weight: 400;\">Koorija koostisosad on looduslikku p\u00e4ritolu ja vegan.\u00a0<\/span><\/p>\n<p><span style=\"font-weight: 400;\">Hoiustamine: Soovitame hoiustada kehakoorijat kaitstuna otsese p\u00e4ikesevalguse eest ja temperatuuril alla +25 kraadi.<\/span><\/p>\n<p><span style=\"font-weight: 400;\">Kogus: 200ml<\/span><\/p>\n","protected":false},"excerpt":{"rendered":"<p>M\u00f5nusa apelsinil\u00f5hnaga aprikoosi kehakoorija koorib nahka, eemaldades surnud naharakud, muutes naha \u00fclipehmeks ja toniseerituks. Kehakoorijat kasutades ja sellega nahka masseerides ergutad vereringet ja annad nahale v\u00e4rske jume. Koorija regulaarne kasutamine aitab muuta nahka pringimaks, t\u014dsta naha niiskustaset ning elastsust. Koorija sisaldab rohkelt sheav\u00f5id ja kastoor\u00f5li, mis teevad naha siidiselt pehmeks ja elastseks. Sheav\u00f5is on k\u00fclluslikult&#8230;<\/p>\n","protected":false},"featured_media":66319,"comment_status":"open","ping_status":"closed","template":"","meta":{"_acf_changed":false},"product_brand":[],"product_cat":[495,615,389,689,912,713],"product_tag":[],"class_list":{"0":"post-66191","1":"product","2":"type-product","3":"status-publish","4":"has-post-thumbnail","6":"product_cat-kehale","7":"product_cat-kehakoorijad","8":"product_cat-koik-tooted","9":"product_cat-kuiv-nahk","10":"product_cat-sheavoi","11":"product_cat-tilk-herbal-et","13":"first","14":"instock","15":"taxable","16":"shipping-taxable","17":"purchasable","18":"product-type-simple"},"acf":[],"yoast_head":"<!-- This site is optimized with the Yoast SEO plugin v27.3 - https:\/\/yoast.com\/product\/yoast-seo-wordpress\/ -->\n<title>Wash Me Off aprikoosi kehakoorija sheav\u014diga naha toniseerimiseks<\/title>\n<meta name=\"description\" content=\"M\u00f5nusa apelsinil\u00f5hnaga aprikoosi kehakoorija koorib nahka, eemaldades surnud naharakud, muutes naha \u00fclipehmeks ja toniseerituks.\" \/>\n<meta name=\"robots\" content=\"index, follow, max-snippet:-1, max-image-preview:large, max-video-preview:-1\" \/>\n<link rel=\"canonical\" href=\"https:\/\/tilk.bio\/et\/pood\/wash-me-off-aprikoosi-kehakoorija-sheavoiga-naha-toniseerimiseks-ja-koorimiseks\/\" \/>\n<meta property=\"og:locale\" content=\"et_EE\" \/>\n<meta property=\"og:type\" content=\"article\" \/>\n<meta property=\"og:title\" content=\"Wash Me Off aprikoosi kehakoorija sheav\u014diga naha toniseerimiseks\" \/>\n<meta property=\"og:description\" content=\"M\u00f5nusa apelsinil\u00f5hnaga aprikoosi kehakoorija koorib nahka, eemaldades surnud naharakud, muutes naha \u00fclipehmeks ja toniseerituks.\" \/>\n<meta property=\"og:url\" content=\"https:\/\/tilk.bio\/et\/pood\/wash-me-off-aprikoosi-kehakoorija-sheavoiga-naha-toniseerimiseks-ja-koorimiseks\/\" \/>\n<meta property=\"og:site_name\" content=\"Tilk!\" \/>\n<meta property=\"article:publisher\" content=\"https:\/\/www.facebook.com\/tilk.bio\/\" \/>\n<meta property=\"article:modified_time\" content=\"2026-04-01T13:00:15+00:00\" \/>\n<meta property=\"og:image\" content=\"https:\/\/tilk.bio\/wp-content\/uploads\/2023\/04\/washmeoff2.jpg\" \/>\n\t<meta property=\"og:image:width\" content=\"1200\" \/>\n\t<meta property=\"og:image:height\" content=\"1200\" \/>\n\t<meta property=\"og:image:type\" content=\"image\/jpeg\" \/>\n<meta name=\"twitter:card\" content=\"summary_large_image\" \/>\n<meta name=\"twitter:label1\" content=\"Est. reading time\" \/>\n\t<meta name=\"twitter:data1\" content=\"1 minut\" \/>\n<script type=\"application\/ld+json\" class=\"yoast-schema-graph\">{\"@context\":\"https:\\\/\\\/schema.org\",\"@graph\":[{\"@type\":\"WebPage\",\"@id\":\"https:\\\/\\\/tilk.bio\\\/et\\\/pood\\\/wash-me-off-aprikoosi-kehakoorija-sheavoiga-naha-toniseerimiseks-ja-koorimiseks\\\/\",\"url\":\"https:\\\/\\\/tilk.bio\\\/et\\\/pood\\\/wash-me-off-aprikoosi-kehakoorija-sheavoiga-naha-toniseerimiseks-ja-koorimiseks\\\/\",\"name\":\"Wash Me Off aprikoosi kehakoorija sheav\u014diga naha toniseerimiseks\",\"isPartOf\":{\"@id\":\"https:\\\/\\\/tilk.bio\\\/et\\\/#website\"},\"primaryImageOfPage\":{\"@id\":\"https:\\\/\\\/tilk.bio\\\/et\\\/pood\\\/wash-me-off-aprikoosi-kehakoorija-sheavoiga-naha-toniseerimiseks-ja-koorimiseks\\\/#primaryimage\"},\"image\":{\"@id\":\"https:\\\/\\\/tilk.bio\\\/et\\\/pood\\\/wash-me-off-aprikoosi-kehakoorija-sheavoiga-naha-toniseerimiseks-ja-koorimiseks\\\/#primaryimage\"},\"thumbnailUrl\":\"https:\\\/\\\/tilk.bio\\\/wp-content\\\/uploads\\\/2023\\\/04\\\/washmeoff2.jpg\",\"datePublished\":\"2023-04-21T22:06:53+00:00\",\"dateModified\":\"2026-04-01T13:00:15+00:00\",\"description\":\"M\u00f5nusa apelsinil\u00f5hnaga aprikoosi kehakoorija koorib nahka, eemaldades surnud naharakud, muutes naha \u00fclipehmeks ja toniseerituks.\",\"breadcrumb\":{\"@id\":\"https:\\\/\\\/tilk.bio\\\/et\\\/pood\\\/wash-me-off-aprikoosi-kehakoorija-sheavoiga-naha-toniseerimiseks-ja-koorimiseks\\\/#breadcrumb\"},\"inLanguage\":\"et\",\"potentialAction\":[{\"@type\":\"ReadAction\",\"target\":[\"https:\\\/\\\/tilk.bio\\\/et\\\/pood\\\/wash-me-off-aprikoosi-kehakoorija-sheavoiga-naha-toniseerimiseks-ja-koorimiseks\\\/\"]}]},{\"@type\":\"ImageObject\",\"inLanguage\":\"et\",\"@id\":\"https:\\\/\\\/tilk.bio\\\/et\\\/pood\\\/wash-me-off-aprikoosi-kehakoorija-sheavoiga-naha-toniseerimiseks-ja-koorimiseks\\\/#primaryimage\",\"url\":\"https:\\\/\\\/tilk.bio\\\/wp-content\\\/uploads\\\/2023\\\/04\\\/washmeoff2.jpg\",\"contentUrl\":\"https:\\\/\\\/tilk.bio\\\/wp-content\\\/uploads\\\/2023\\\/04\\\/washmeoff2.jpg\",\"width\":1200,\"height\":1200,\"caption\":\"body scrub\"},{\"@type\":\"BreadcrumbList\",\"@id\":\"https:\\\/\\\/tilk.bio\\\/et\\\/pood\\\/wash-me-off-aprikoosi-kehakoorija-sheavoiga-naha-toniseerimiseks-ja-koorimiseks\\\/#breadcrumb\",\"itemListElement\":[{\"@type\":\"ListItem\",\"position\":1,\"name\":\"Home\",\"item\":\"https:\\\/\\\/tilk.bio\\\/et\\\/\"},{\"@type\":\"ListItem\",\"position\":2,\"name\":\"Pood\",\"item\":\"https:\\\/\\\/tilk.bio\\\/et\\\/pood\\\/\"},{\"@type\":\"ListItem\",\"position\":3,\"name\":\"Wash Me Off aprikoosi kehakoorija sheav\u014diga naha toniseerimiseks ja koorimiseks\"}]},{\"@type\":\"WebSite\",\"@id\":\"https:\\\/\\\/tilk.bio\\\/et\\\/#website\",\"url\":\"https:\\\/\\\/tilk.bio\\\/et\\\/\",\"name\":\"Tilk!\",\"description\":\"Keskkonnas\u00f5bralik ja j\u00e4tkusuutlik looduskosmeetika Saaremaalt.\",\"potentialAction\":[{\"@type\":\"SearchAction\",\"target\":{\"@type\":\"EntryPoint\",\"urlTemplate\":\"https:\\\/\\\/tilk.bio\\\/et\\\/?s={search_term_string}\"},\"query-input\":{\"@type\":\"PropertyValueSpecification\",\"valueRequired\":true,\"valueName\":\"search_term_string\"}}],\"inLanguage\":\"et\"}]}<\/script>\n<!-- \/ Yoast SEO plugin. -->","yoast_head_json":{"title":"Wash Me Off aprikoosi kehakoorija sheav\u014diga naha toniseerimiseks","description":"M\u00f5nusa apelsinil\u00f5hnaga aprikoosi kehakoorija koorib nahka, eemaldades surnud naharakud, muutes naha \u00fclipehmeks ja toniseerituks.","robots":{"index":"index","follow":"follow","max-snippet":"max-snippet:-1","max-image-preview":"max-image-preview:large","max-video-preview":"max-video-preview:-1"},"canonical":"https:\/\/tilk.bio\/et\/pood\/wash-me-off-aprikoosi-kehakoorija-sheavoiga-naha-toniseerimiseks-ja-koorimiseks\/","og_locale":"et_EE","og_type":"article","og_title":"Wash Me Off aprikoosi kehakoorija sheav\u014diga naha toniseerimiseks","og_description":"M\u00f5nusa apelsinil\u00f5hnaga aprikoosi kehakoorija koorib nahka, eemaldades surnud naharakud, muutes naha \u00fclipehmeks ja toniseerituks.","og_url":"https:\/\/tilk.bio\/et\/pood\/wash-me-off-aprikoosi-kehakoorija-sheavoiga-naha-toniseerimiseks-ja-koorimiseks\/","og_site_name":"Tilk!","article_publisher":"https:\/\/www.facebook.com\/tilk.bio\/","article_modified_time":"2026-04-01T13:00:15+00:00","og_image":[{"width":1200,"height":1200,"url":"https:\/\/tilk.bio\/wp-content\/uploads\/2023\/04\/washmeoff2.jpg","type":"image\/jpeg"}],"twitter_card":"summary_large_image","twitter_misc":{"Est. reading time":"1 minut"},"schema":{"@context":"https:\/\/schema.org","@graph":[{"@type":"WebPage","@id":"https:\/\/tilk.bio\/et\/pood\/wash-me-off-aprikoosi-kehakoorija-sheavoiga-naha-toniseerimiseks-ja-koorimiseks\/","url":"https:\/\/tilk.bio\/et\/pood\/wash-me-off-aprikoosi-kehakoorija-sheavoiga-naha-toniseerimiseks-ja-koorimiseks\/","name":"Wash Me Off aprikoosi kehakoorija sheav\u014diga naha toniseerimiseks","isPartOf":{"@id":"https:\/\/tilk.bio\/et\/#website"},"primaryImageOfPage":{"@id":"https:\/\/tilk.bio\/et\/pood\/wash-me-off-aprikoosi-kehakoorija-sheavoiga-naha-toniseerimiseks-ja-koorimiseks\/#primaryimage"},"image":{"@id":"https:\/\/tilk.bio\/et\/pood\/wash-me-off-aprikoosi-kehakoorija-sheavoiga-naha-toniseerimiseks-ja-koorimiseks\/#primaryimage"},"thumbnailUrl":"https:\/\/tilk.bio\/wp-content\/uploads\/2023\/04\/washmeoff2.jpg","datePublished":"2023-04-21T22:06:53+00:00","dateModified":"2026-04-01T13:00:15+00:00","description":"M\u00f5nusa apelsinil\u00f5hnaga aprikoosi kehakoorija koorib nahka, eemaldades surnud naharakud, muutes naha \u00fclipehmeks ja toniseerituks.","breadcrumb":{"@id":"https:\/\/tilk.bio\/et\/pood\/wash-me-off-aprikoosi-kehakoorija-sheavoiga-naha-toniseerimiseks-ja-koorimiseks\/#breadcrumb"},"inLanguage":"et","potentialAction":[{"@type":"ReadAction","target":["https:\/\/tilk.bio\/et\/pood\/wash-me-off-aprikoosi-kehakoorija-sheavoiga-naha-toniseerimiseks-ja-koorimiseks\/"]}]},{"@type":"ImageObject","inLanguage":"et","@id":"https:\/\/tilk.bio\/et\/pood\/wash-me-off-aprikoosi-kehakoorija-sheavoiga-naha-toniseerimiseks-ja-koorimiseks\/#primaryimage","url":"https:\/\/tilk.bio\/wp-content\/uploads\/2023\/04\/washmeoff2.jpg","contentUrl":"https:\/\/tilk.bio\/wp-content\/uploads\/2023\/04\/washmeoff2.jpg","width":1200,"height":1200,"caption":"body scrub"},{"@type":"BreadcrumbList","@id":"https:\/\/tilk.bio\/et\/pood\/wash-me-off-aprikoosi-kehakoorija-sheavoiga-naha-toniseerimiseks-ja-koorimiseks\/#breadcrumb","itemListElement":[{"@type":"ListItem","position":1,"name":"Home","item":"https:\/\/tilk.bio\/et\/"},{"@type":"ListItem","position":2,"name":"Pood","item":"https:\/\/tilk.bio\/et\/pood\/"},{"@type":"ListItem","position":3,"name":"Wash Me Off aprikoosi kehakoorija sheav\u014diga naha toniseerimiseks ja koorimiseks"}]},{"@type":"WebSite","@id":"https:\/\/tilk.bio\/et\/#website","url":"https:\/\/tilk.bio\/et\/","name":"Tilk!","description":"Keskkonnas\u00f5bralik ja j\u00e4tkusuutlik looduskosmeetika Saaremaalt.","potentialAction":[{"@type":"SearchAction","target":{"@type":"EntryPoint","urlTemplate":"https:\/\/tilk.bio\/et\/?s={search_term_string}"},"query-input":{"@type":"PropertyValueSpecification","valueRequired":true,"valueName":"search_term_string"}}],"inLanguage":"et"}]}},"_links":{"self":[{"href":"https:\/\/tilk.bio\/et\/wp-json\/wp\/v2\/product\/66191","targetHints":{"allow":["GET"]}}],"collection":[{"href":"https:\/\/tilk.bio\/et\/wp-json\/wp\/v2\/product"}],"about":[{"href":"https:\/\/tilk.bio\/et\/wp-json\/wp\/v2\/types\/product"}],"replies":[{"embeddable":true,"href":"https:\/\/tilk.bio\/et\/wp-json\/wp\/v2\/comments?post=66191"}],"wp:featuredmedia":[{"embeddable":true,"href":"https:\/\/tilk.bio\/et\/wp-json\/wp\/v2\/media\/66319"}],"wp:attachment":[{"href":"https:\/\/tilk.bio\/et\/wp-json\/wp\/v2\/media?parent=66191"}],"wp:term":[{"taxonomy":"product_brand","embeddable":true,"href":"https:\/\/tilk.bio\/et\/wp-json\/wp\/v2\/product_brand?post=66191"},{"taxonomy":"product_cat","embeddable":true,"href":"https:\/\/tilk.bio\/et\/wp-json\/wp\/v2\/product_cat?post=66191"},{"taxonomy":"product_tag","embeddable":true,"href":"https:\/\/tilk.bio\/et\/wp-json\/wp\/v2\/product_tag?post=66191"}],"curies":[{"name":"wp","href":"https:\/\/api.w.org\/{rel}","templated":true}]}}