{"id":66200,"date":"2023-04-22T02:19:39","date_gmt":"2023-04-21T23:19:39","guid":{"rendered":"https:\/\/tilk.bio\/shop\/accept-me-probiootiline-naopuhastusvaht-teepuuga-rasusele-ja-aknelisele-nahale\/"},"modified":"2026-04-07T22:00:08","modified_gmt":"2026-04-07T19:00:08","slug":"accept-me-probiootiline-naopuhastusvaht-teepuuga-rasusele-ja-aknelisele-nahale","status":"publish","type":"product","link":"https:\/\/tilk.bio\/et\/pood\/accept-me-probiootiline-naopuhastusvaht-teepuuga-rasusele-ja-aknelisele-nahale\/","title":{"rendered":"Accept Me probiootiline n\u00e4opuhastusvaht teepuuga rasusele ja aknelisele nahale"},"content":{"rendered":"<p><span style=\"font-weight: 400;\">V\u00e4rske probiootiline teepuuga <\/span><span style=\"font-weight: 400;\"><a href=\"https:\/\/tilk.bio\/et\/tootekategooria\/naohooldus\/puhastustooted\/\">puhastusvaht <\/a>sobib eelk\u00f5ige rasusele ja aknelisele nahale. Teepuu puhastusvaht aitab v\u00f5idelda vistrike ja ebapuhtustega ning eemaldab nahalt sinna kogunenud mustuse ja rasu. N\u00e4opuhastusvahu koostises on nahka \u00f5rnalt puhastavad, niisutavad ja naha mikrobioomi tasakaalustavad koostisosad.<\/span><\/p>\n<p><span style=\"font-weight: 400;\">Teepuu h\u00fcdrosool aitab v\u00f5idelda nahal olevate ebapuhtuste ja p\u00f5letikega. Teepuul on tugevad antiseptilised, antibakteriaalsed ja p\u00f5letikuvastased omadused, mis aitavad v\u00f5idelda aknega ning hooldada rasust nahka.<\/span><\/p>\n<p><span style=\"font-weight: 400;\">N\u00e4ovahu koostises on fermentatsiooni tulemusena Lactobacillus probiootikumidest saadud nahale kasulikud toimeained, mis aitavad s\u00e4ilitada terve naha bioomi. Kasulikud peptiidid aitavad taastada naha loomulikku kaitsebarj\u00e4\u00e4ri, kaitstes nahka kahjulike keskkonnam\u00f5jude, vabade radikaalide toime ja v\u00e4liste \u00e4rritajate eest.<\/span><\/p>\n<p><span style=\"font-weight: 400;\">Provitamiin B5 on suurep\u00e4rane naha niisutaja, sel on ainulaadne omadus samaaegselt niisutada ning niiskust nahka lukustada, hoides naha pehme ja sileda. Provitamiin B5 aitab rahustada naha p\u00f5letikulisi protsesse ja aitab nahal uueneda, samuti hoiab see naha elastsena.\u00a0<\/span><\/p>\n<p><span style=\"font-weight: 400;\">Kasutamine: Kasuta n\u00e4ovahtu igap\u00e4evaseks naha puhastamiseks, v\u00f5id seda kasutada nii hommikul kui \u00f5htul.<\/span><\/p>\n<p><span style=\"font-weight: 400;\">Toode sobib ideaalselt ka naha p\u00f5hjalikuks mitmeetapiliseks puhastamiseks. Selleks kanna v\u00e4ike kogus <\/span><a href=\"https:\/\/tilk.bio\/et\/pood\/fresh-clean-varske-ja-orn-puhastuskreem\/\"><span style=\"font-weight: 400;\">Fresh &amp; Clean puhastuskreemi<\/span><\/a><span style=\"font-weight: 400;\"> s\u00f5rmeotstega n\u00e4ole ja kaelale ning masseeri \u00f5rnalt ringjate liigutustega. Loputa puhastuskreem maha sooja veega v\u00f5i meigieemalduslapiga. J\u00e4rgmisena kanna paar pumbat\u00e4it vahtu niiskele nahale ja masseeri. Loputa n\u00e4gu hoolikalt sooja veega. P\u00e4rast n\u00e4opuhastust pihusta nahale <\/span><a href=\"https:\/\/tilk.bio\/et\/pood\/varskendav-sprei-aloe-vera-probiootikumide-teepuuoliga\/\"><span style=\"font-weight: 400;\">Spray Me probiootiline n\u00e4ovesi teepuuga<\/span><\/a><span style=\"font-weight: 400;\">.\u00a0<\/span><\/p>\n<p><span style=\"font-weight: 400;\">K\u00f5ik toote koostisosad on looduslikku p\u00e4ritolu ning vegan.<\/span><\/p>\n<p><span style=\"font-weight: 400;\">Hoiustamine: Hoiusta toodet toatemperatuuril.<\/span><\/p>\n<p><span style=\"font-weight: 400;\">Kogus: 150 ml\u00a0<\/span><\/p>\n","protected":false},"excerpt":{"rendered":"<p>V\u00e4rske probiootiline teepuuga puhastusvaht sobib eelk\u00f5ige rasusele ja aknelisele nahale. Teepuu puhastusvaht aitab v\u00f5idelda vistrike ja ebapuhtustega ning eemaldab nahalt sinna kogunenud mustuse ja rasu. N\u00e4opuhastusvahu koostises on nahka \u00f5rnalt puhastavad, niisutavad ja naha mikrobioomi tasakaalustavad koostisosad. Teepuu h\u00fcdrosool aitab v\u00f5idelda nahal olevate ebapuhtuste ja p\u00f5letikega. Teepuul on tugevad antiseptilised, antibakteriaalsed ja p\u00f5letikuvastased omadused, mis&#8230;<\/p>\n","protected":false},"featured_media":66295,"comment_status":"open","ping_status":"closed","template":"","meta":{"_acf_changed":false},"product_brand":[],"product_cat":[622,687,389,511,903,891],"product_tag":[],"class_list":{"0":"post-66200","1":"product","2":"type-product","3":"status-publish","4":"has-post-thumbnail","6":"product_cat-puhastustooted","7":"product_cat-akne-ja-rasune-nahk","8":"product_cat-koik-tooted","9":"product_cat-naohooldus","10":"product_cat-probiootikumid","11":"product_cat-tilk-biotic-et","13":"first","14":"instock","15":"taxable","16":"shipping-taxable","17":"purchasable","18":"product-type-variable"},"acf":[],"yoast_head":"<!-- This site is optimized with the Yoast SEO plugin v27.3 - https:\/\/yoast.com\/product\/yoast-seo-wordpress\/ -->\n<title>Accept Me probiootiline puhastusvaht teepuuga aknele<\/title>\n<meta name=\"description\" content=\"Teepuu puhastusvaht aitab v\u00f5idelda vistrike ja ebapuhtustega ning eemaldab nahalt sinna kogunenud mustuse ja rasu. N\u00e4opuhastusvahu koostises on ....\" \/>\n<meta name=\"robots\" content=\"index, follow, max-snippet:-1, max-image-preview:large, max-video-preview:-1\" \/>\n<link rel=\"canonical\" href=\"https:\/\/tilk.bio\/et\/pood\/accept-me-probiootiline-naopuhastusvaht-teepuuga-rasusele-ja-aknelisele-nahale\/\" \/>\n<meta property=\"og:locale\" content=\"et_EE\" \/>\n<meta property=\"og:type\" content=\"article\" \/>\n<meta property=\"og:title\" content=\"Accept Me probiootiline puhastusvaht teepuuga aknele\" \/>\n<meta property=\"og:description\" content=\"Teepuu puhastusvaht aitab v\u00f5idelda vistrike ja ebapuhtustega ning eemaldab nahalt sinna kogunenud mustuse ja rasu. N\u00e4opuhastusvahu koostises on ....\" \/>\n<meta property=\"og:url\" content=\"https:\/\/tilk.bio\/et\/pood\/accept-me-probiootiline-naopuhastusvaht-teepuuga-rasusele-ja-aknelisele-nahale\/\" \/>\n<meta property=\"og:site_name\" content=\"Tilk!\" \/>\n<meta property=\"article:publisher\" content=\"https:\/\/www.facebook.com\/tilk.bio\/\" \/>\n<meta property=\"article:modified_time\" content=\"2026-04-07T19:00:08+00:00\" \/>\n<meta property=\"og:image\" content=\"https:\/\/tilk.bio\/wp-content\/uploads\/2023\/04\/acceptme.jpg\" \/>\n\t<meta property=\"og:image:width\" content=\"1200\" \/>\n\t<meta property=\"og:image:height\" content=\"1200\" \/>\n\t<meta property=\"og:image:type\" content=\"image\/jpeg\" \/>\n<meta name=\"twitter:card\" content=\"summary_large_image\" \/>\n<meta name=\"twitter:label1\" content=\"Est. reading time\" \/>\n\t<meta name=\"twitter:data1\" content=\"2 minutit\" \/>\n<script type=\"application\/ld+json\" class=\"yoast-schema-graph\">{\"@context\":\"https:\\\/\\\/schema.org\",\"@graph\":[{\"@type\":\"WebPage\",\"@id\":\"https:\\\/\\\/tilk.bio\\\/et\\\/pood\\\/accept-me-probiootiline-naopuhastusvaht-teepuuga-rasusele-ja-aknelisele-nahale\\\/\",\"url\":\"https:\\\/\\\/tilk.bio\\\/et\\\/pood\\\/accept-me-probiootiline-naopuhastusvaht-teepuuga-rasusele-ja-aknelisele-nahale\\\/\",\"name\":\"Accept Me probiootiline puhastusvaht teepuuga aknele\",\"isPartOf\":{\"@id\":\"https:\\\/\\\/tilk.bio\\\/et\\\/#website\"},\"primaryImageOfPage\":{\"@id\":\"https:\\\/\\\/tilk.bio\\\/et\\\/pood\\\/accept-me-probiootiline-naopuhastusvaht-teepuuga-rasusele-ja-aknelisele-nahale\\\/#primaryimage\"},\"image\":{\"@id\":\"https:\\\/\\\/tilk.bio\\\/et\\\/pood\\\/accept-me-probiootiline-naopuhastusvaht-teepuuga-rasusele-ja-aknelisele-nahale\\\/#primaryimage\"},\"thumbnailUrl\":\"https:\\\/\\\/tilk.bio\\\/wp-content\\\/uploads\\\/2023\\\/04\\\/acceptme.jpg\",\"datePublished\":\"2023-04-21T23:19:39+00:00\",\"dateModified\":\"2026-04-07T19:00:08+00:00\",\"description\":\"Teepuu puhastusvaht aitab v\u00f5idelda vistrike ja ebapuhtustega ning eemaldab nahalt sinna kogunenud mustuse ja rasu. N\u00e4opuhastusvahu koostises on ....\",\"breadcrumb\":{\"@id\":\"https:\\\/\\\/tilk.bio\\\/et\\\/pood\\\/accept-me-probiootiline-naopuhastusvaht-teepuuga-rasusele-ja-aknelisele-nahale\\\/#breadcrumb\"},\"inLanguage\":\"et\",\"potentialAction\":[{\"@type\":\"ReadAction\",\"target\":[\"https:\\\/\\\/tilk.bio\\\/et\\\/pood\\\/accept-me-probiootiline-naopuhastusvaht-teepuuga-rasusele-ja-aknelisele-nahale\\\/\"]}]},{\"@type\":\"ImageObject\",\"inLanguage\":\"et\",\"@id\":\"https:\\\/\\\/tilk.bio\\\/et\\\/pood\\\/accept-me-probiootiline-naopuhastusvaht-teepuuga-rasusele-ja-aknelisele-nahale\\\/#primaryimage\",\"url\":\"https:\\\/\\\/tilk.bio\\\/wp-content\\\/uploads\\\/2023\\\/04\\\/acceptme.jpg\",\"contentUrl\":\"https:\\\/\\\/tilk.bio\\\/wp-content\\\/uploads\\\/2023\\\/04\\\/acceptme.jpg\",\"width\":1200,\"height\":1200,\"caption\":\"puhastusvaht\"},{\"@type\":\"BreadcrumbList\",\"@id\":\"https:\\\/\\\/tilk.bio\\\/et\\\/pood\\\/accept-me-probiootiline-naopuhastusvaht-teepuuga-rasusele-ja-aknelisele-nahale\\\/#breadcrumb\",\"itemListElement\":[{\"@type\":\"ListItem\",\"position\":1,\"name\":\"Home\",\"item\":\"https:\\\/\\\/tilk.bio\\\/et\\\/\"},{\"@type\":\"ListItem\",\"position\":2,\"name\":\"Pood\",\"item\":\"https:\\\/\\\/tilk.bio\\\/et\\\/pood\\\/\"},{\"@type\":\"ListItem\",\"position\":3,\"name\":\"Accept Me probiootiline n\u00e4opuhastusvaht teepuuga rasusele ja aknelisele nahale\"}]},{\"@type\":\"WebSite\",\"@id\":\"https:\\\/\\\/tilk.bio\\\/et\\\/#website\",\"url\":\"https:\\\/\\\/tilk.bio\\\/et\\\/\",\"name\":\"Tilk!\",\"description\":\"Keskkonnas\u00f5bralik ja j\u00e4tkusuutlik looduskosmeetika Saaremaalt.\",\"potentialAction\":[{\"@type\":\"SearchAction\",\"target\":{\"@type\":\"EntryPoint\",\"urlTemplate\":\"https:\\\/\\\/tilk.bio\\\/et\\\/?s={search_term_string}\"},\"query-input\":{\"@type\":\"PropertyValueSpecification\",\"valueRequired\":true,\"valueName\":\"search_term_string\"}}],\"inLanguage\":\"et\"}]}<\/script>\n<!-- \/ Yoast SEO plugin. -->","yoast_head_json":{"title":"Accept Me probiootiline puhastusvaht teepuuga aknele","description":"Teepuu puhastusvaht aitab v\u00f5idelda vistrike ja ebapuhtustega ning eemaldab nahalt sinna kogunenud mustuse ja rasu. N\u00e4opuhastusvahu koostises on ....","robots":{"index":"index","follow":"follow","max-snippet":"max-snippet:-1","max-image-preview":"max-image-preview:large","max-video-preview":"max-video-preview:-1"},"canonical":"https:\/\/tilk.bio\/et\/pood\/accept-me-probiootiline-naopuhastusvaht-teepuuga-rasusele-ja-aknelisele-nahale\/","og_locale":"et_EE","og_type":"article","og_title":"Accept Me probiootiline puhastusvaht teepuuga aknele","og_description":"Teepuu puhastusvaht aitab v\u00f5idelda vistrike ja ebapuhtustega ning eemaldab nahalt sinna kogunenud mustuse ja rasu. N\u00e4opuhastusvahu koostises on ....","og_url":"https:\/\/tilk.bio\/et\/pood\/accept-me-probiootiline-naopuhastusvaht-teepuuga-rasusele-ja-aknelisele-nahale\/","og_site_name":"Tilk!","article_publisher":"https:\/\/www.facebook.com\/tilk.bio\/","article_modified_time":"2026-04-07T19:00:08+00:00","og_image":[{"width":1200,"height":1200,"url":"https:\/\/tilk.bio\/wp-content\/uploads\/2023\/04\/acceptme.jpg","type":"image\/jpeg"}],"twitter_card":"summary_large_image","twitter_misc":{"Est. reading time":"2 minutit"},"schema":{"@context":"https:\/\/schema.org","@graph":[{"@type":"WebPage","@id":"https:\/\/tilk.bio\/et\/pood\/accept-me-probiootiline-naopuhastusvaht-teepuuga-rasusele-ja-aknelisele-nahale\/","url":"https:\/\/tilk.bio\/et\/pood\/accept-me-probiootiline-naopuhastusvaht-teepuuga-rasusele-ja-aknelisele-nahale\/","name":"Accept Me probiootiline puhastusvaht teepuuga aknele","isPartOf":{"@id":"https:\/\/tilk.bio\/et\/#website"},"primaryImageOfPage":{"@id":"https:\/\/tilk.bio\/et\/pood\/accept-me-probiootiline-naopuhastusvaht-teepuuga-rasusele-ja-aknelisele-nahale\/#primaryimage"},"image":{"@id":"https:\/\/tilk.bio\/et\/pood\/accept-me-probiootiline-naopuhastusvaht-teepuuga-rasusele-ja-aknelisele-nahale\/#primaryimage"},"thumbnailUrl":"https:\/\/tilk.bio\/wp-content\/uploads\/2023\/04\/acceptme.jpg","datePublished":"2023-04-21T23:19:39+00:00","dateModified":"2026-04-07T19:00:08+00:00","description":"Teepuu puhastusvaht aitab v\u00f5idelda vistrike ja ebapuhtustega ning eemaldab nahalt sinna kogunenud mustuse ja rasu. N\u00e4opuhastusvahu koostises on ....","breadcrumb":{"@id":"https:\/\/tilk.bio\/et\/pood\/accept-me-probiootiline-naopuhastusvaht-teepuuga-rasusele-ja-aknelisele-nahale\/#breadcrumb"},"inLanguage":"et","potentialAction":[{"@type":"ReadAction","target":["https:\/\/tilk.bio\/et\/pood\/accept-me-probiootiline-naopuhastusvaht-teepuuga-rasusele-ja-aknelisele-nahale\/"]}]},{"@type":"ImageObject","inLanguage":"et","@id":"https:\/\/tilk.bio\/et\/pood\/accept-me-probiootiline-naopuhastusvaht-teepuuga-rasusele-ja-aknelisele-nahale\/#primaryimage","url":"https:\/\/tilk.bio\/wp-content\/uploads\/2023\/04\/acceptme.jpg","contentUrl":"https:\/\/tilk.bio\/wp-content\/uploads\/2023\/04\/acceptme.jpg","width":1200,"height":1200,"caption":"puhastusvaht"},{"@type":"BreadcrumbList","@id":"https:\/\/tilk.bio\/et\/pood\/accept-me-probiootiline-naopuhastusvaht-teepuuga-rasusele-ja-aknelisele-nahale\/#breadcrumb","itemListElement":[{"@type":"ListItem","position":1,"name":"Home","item":"https:\/\/tilk.bio\/et\/"},{"@type":"ListItem","position":2,"name":"Pood","item":"https:\/\/tilk.bio\/et\/pood\/"},{"@type":"ListItem","position":3,"name":"Accept Me probiootiline n\u00e4opuhastusvaht teepuuga rasusele ja aknelisele nahale"}]},{"@type":"WebSite","@id":"https:\/\/tilk.bio\/et\/#website","url":"https:\/\/tilk.bio\/et\/","name":"Tilk!","description":"Keskkonnas\u00f5bralik ja j\u00e4tkusuutlik looduskosmeetika Saaremaalt.","potentialAction":[{"@type":"SearchAction","target":{"@type":"EntryPoint","urlTemplate":"https:\/\/tilk.bio\/et\/?s={search_term_string}"},"query-input":{"@type":"PropertyValueSpecification","valueRequired":true,"valueName":"search_term_string"}}],"inLanguage":"et"}]}},"_links":{"self":[{"href":"https:\/\/tilk.bio\/et\/wp-json\/wp\/v2\/product\/66200","targetHints":{"allow":["GET"]}}],"collection":[{"href":"https:\/\/tilk.bio\/et\/wp-json\/wp\/v2\/product"}],"about":[{"href":"https:\/\/tilk.bio\/et\/wp-json\/wp\/v2\/types\/product"}],"replies":[{"embeddable":true,"href":"https:\/\/tilk.bio\/et\/wp-json\/wp\/v2\/comments?post=66200"}],"wp:featuredmedia":[{"embeddable":true,"href":"https:\/\/tilk.bio\/et\/wp-json\/wp\/v2\/media\/66295"}],"wp:attachment":[{"href":"https:\/\/tilk.bio\/et\/wp-json\/wp\/v2\/media?parent=66200"}],"wp:term":[{"taxonomy":"product_brand","embeddable":true,"href":"https:\/\/tilk.bio\/et\/wp-json\/wp\/v2\/product_brand?post=66200"},{"taxonomy":"product_cat","embeddable":true,"href":"https:\/\/tilk.bio\/et\/wp-json\/wp\/v2\/product_cat?post=66200"},{"taxonomy":"product_tag","embeddable":true,"href":"https:\/\/tilk.bio\/et\/wp-json\/wp\/v2\/product_tag?post=66200"}],"curies":[{"name":"wp","href":"https:\/\/api.w.org\/{rel}","templated":true}]}}