{"id":66214,"date":"2023-04-25T00:38:29","date_gmt":"2023-04-24T21:38:29","guid":{"rendered":"https:\/\/tilk.bio\/shop\/see-me-orn-probiootiline-silmameigieemaldaja-orgaanilise-roosiveega\/"},"modified":"2026-04-15T10:45:04","modified_gmt":"2026-04-15T07:45:04","slug":"see-me-orn-probiootiline-silmameigieemaldaja-orgaanilise-roosiveega","status":"publish","type":"product","link":"https:\/\/tilk.bio\/et\/pood\/see-me-orn-probiootiline-silmameigieemaldaja-orgaanilise-roosiveega\/","title":{"rendered":"See Me \u00f5rn probiootiline silmameigieemaldaja orgaanilise roosiveega"},"content":{"rendered":"<p><span style=\"font-weight: 400;\">\u00d5rn probiootiline roosi meigieemaldaja on ideaalne toode silmameigi eemaldamiseks t\u00e4nu oma kergelt vahutavale koostisele. Meigieemaldaja kergelt geeljas koostis ning \u00f5rnad toimeained ei \u00e4rrita silmi. Silmameigieemaldaja koostises olev gl\u00fctseriin pakub nahale lisaniisutust ja roosi h\u00fcdrosool niisutab, toniseerib ja rahustab \u00f5rna silma\u00fcmbrusnahka. Meigieemaldaja sobib k\u00f5ikidele nahat\u00fc\u00fcpidele ja kasutamiseks ka kunstripsmetega.<\/span><\/p>\n<p><span style=\"font-weight: 400;\">Provitamiin B5 on suurep\u00e4rane naha niisutaja, sel on ainulaadne omadus samaaegselt niisutada ning niiskust nahka lukustada, hoides naha pehme ja sileda. Provitamiin B5 aitab rahustada naha p\u00f5letikulisi protsesse ja aitab nahal uueneda, samuti hoiab see naha elastsena.\u00a0<\/span><\/p>\n<p><span style=\"font-weight: 400;\">Meigieemaldaja koostises on fermentatsiooni tulemusena Lactobacillus probiootikumidest saadud nahale kasulikud toimeained, mis aitavad s\u00e4ilitada terve naha bioomi. Kasulikud peptiidid aitavad taastada naha loomulikku kaitsebarj\u00e4\u00e4ri, kaitstes nahka kahjulike keskkonnam\u00f5jude, vabade radikaalide toime ja v\u00e4liste \u00e4rritajate eest. Pol\u00fcsahhariidide rikas punavetikas niisutab nahka, v\u00f5itleb vabade radikaalidega, kaitseb keskkonnam\u00f5jude eest ja omab vananemisvastast toimet.\u00a0<\/span><\/p>\n<p><span style=\"font-weight: 400;\">Silmameigieemaldaja kasutamine:<\/span><\/p>\n<p><span style=\"font-weight: 400;\">Kanna meigieemaldaja vatiga silmadele ja puhasta silmad \u00f5rnalt masseerides meigist, seej\u00e4rel loputa veega. Kogu n\u00e4o puhastamiseks kanna n\u00e4ole jakaelale Fresh &amp; Clean puhastuskreem, masseeri \u00f5rnalt ringjate liigutustega. Loputa puhastuskreem maha sooja veega v\u00f5i meigieemalduslapiga. P\u00e4rast n\u00e4opuhastust pihusta nahale Spray Me probiootiline n\u00e4ovesi teepuuga.<\/span><\/p>\n<p><span style=\"font-weight: 400;\">Toote koostisosad on looduslikku p\u00e4ritolu ja vegan.\u00a0<\/span><\/p>\n<p><span style=\"font-weight: 400;\">Hoiustamine: Hoiusta silmameigieemaldajat toatemperatuuril.<\/span><\/p>\n<p><span style=\"font-weight: 400;\">Kogus: 60 ml<\/span><\/p>\n","protected":false},"excerpt":{"rendered":"<p>\u00d5rn probiootiline roosi meigieemaldaja on ideaalne toode silmameigi eemaldamiseks t\u00e4nu oma kergelt vahutavale koostisele. Meigieemaldaja kergelt geeljas koostis ning \u00f5rnad toimeained ei \u00e4rrita silmi. Silmameigieemaldaja koostises olev gl\u00fctseriin pakub nahale lisaniisutust ja roosi h\u00fcdrosool niisutab, toniseerib ja rahustab \u00f5rna silma\u00fcmbrusnahka. Meigieemaldaja sobib k\u00f5ikidele nahat\u00fc\u00fcpidele ja kasutamiseks ka kunstripsmetega. Provitamiin B5 on suurep\u00e4rane naha niisutaja, sel&#8230;<\/p>\n","protected":false},"featured_media":66311,"comment_status":"open","ping_status":"closed","template":"","meta":{"_acf_changed":false},"product_brand":[],"product_cat":[622,389,689,511,692,691,891,725,690,688],"product_tag":[],"class_list":{"0":"post-66214","1":"product","2":"type-product","3":"status-publish","4":"has-post-thumbnail","6":"product_cat-puhastustooted","7":"product_cat-koik-tooted","8":"product_cat-kuiv-nahk","9":"product_cat-naohooldus","10":"product_cat-normaalne-ja-kombineeritud-nahk","11":"product_cat-tekstuuri-ja-tooniprobleemidega-nahk","12":"product_cat-tilk-biotic-et","13":"product_cat-tooteseeriad-et","14":"product_cat-tundlik-nahk","15":"product_cat-vananemisilmingutega-nahk","17":"first","18":"instock","19":"taxable","20":"shipping-taxable","21":"purchasable","22":"product-type-simple"},"acf":[],"yoast_head":"<!-- This site is optimized with the Yoast SEO plugin v27.4 - https:\/\/yoast.com\/product\/yoast-seo-wordpress\/ -->\n<title>silmameigieemaldaja orgaanilise roosiveega<\/title>\n<meta name=\"description\" content=\"\u00d5rn probiootiline roosi silmameigieemaldaja on ideaalne toode silmameigi eemaldamiseks t\u00e4nu oma kergelt vahutavale koostisele.\" \/>\n<meta name=\"robots\" content=\"index, follow, max-snippet:-1, max-image-preview:large, max-video-preview:-1\" \/>\n<link rel=\"canonical\" href=\"https:\/\/tilk.bio\/et\/pood\/see-me-orn-probiootiline-silmameigieemaldaja-orgaanilise-roosiveega\/\" \/>\n<meta property=\"og:locale\" content=\"et_EE\" \/>\n<meta property=\"og:type\" content=\"article\" \/>\n<meta property=\"og:title\" content=\"silmameigieemaldaja orgaanilise roosiveega\" \/>\n<meta property=\"og:description\" content=\"\u00d5rn probiootiline roosi silmameigieemaldaja on ideaalne toode silmameigi eemaldamiseks t\u00e4nu oma kergelt vahutavale koostisele.\" \/>\n<meta property=\"og:url\" content=\"https:\/\/tilk.bio\/et\/pood\/see-me-orn-probiootiline-silmameigieemaldaja-orgaanilise-roosiveega\/\" \/>\n<meta property=\"og:site_name\" content=\"Tilk!\" \/>\n<meta property=\"article:publisher\" content=\"https:\/\/www.facebook.com\/tilk.bio\/\" \/>\n<meta property=\"article:modified_time\" content=\"2026-04-15T07:45:04+00:00\" \/>\n<meta property=\"og:image\" content=\"https:\/\/tilk.bio\/wp-content\/uploads\/2023\/04\/seeme.jpg\" \/>\n\t<meta property=\"og:image:width\" content=\"1200\" \/>\n\t<meta property=\"og:image:height\" content=\"1200\" \/>\n\t<meta property=\"og:image:type\" content=\"image\/jpeg\" \/>\n<meta name=\"twitter:card\" content=\"summary_large_image\" \/>\n<meta name=\"twitter:label1\" content=\"Est. reading time\" \/>\n\t<meta name=\"twitter:data1\" content=\"2 minutit\" \/>\n<script type=\"application\/ld+json\" class=\"yoast-schema-graph\">{\"@context\":\"https:\\\/\\\/schema.org\",\"@graph\":[{\"@type\":\"WebPage\",\"@id\":\"https:\\\/\\\/tilk.bio\\\/et\\\/pood\\\/see-me-orn-probiootiline-silmameigieemaldaja-orgaanilise-roosiveega\\\/\",\"url\":\"https:\\\/\\\/tilk.bio\\\/et\\\/pood\\\/see-me-orn-probiootiline-silmameigieemaldaja-orgaanilise-roosiveega\\\/\",\"name\":\"silmameigieemaldaja orgaanilise roosiveega\",\"isPartOf\":{\"@id\":\"https:\\\/\\\/tilk.bio\\\/et\\\/#website\"},\"primaryImageOfPage\":{\"@id\":\"https:\\\/\\\/tilk.bio\\\/et\\\/pood\\\/see-me-orn-probiootiline-silmameigieemaldaja-orgaanilise-roosiveega\\\/#primaryimage\"},\"image\":{\"@id\":\"https:\\\/\\\/tilk.bio\\\/et\\\/pood\\\/see-me-orn-probiootiline-silmameigieemaldaja-orgaanilise-roosiveega\\\/#primaryimage\"},\"thumbnailUrl\":\"https:\\\/\\\/tilk.bio\\\/wp-content\\\/uploads\\\/2023\\\/04\\\/seeme.jpg\",\"datePublished\":\"2023-04-24T21:38:29+00:00\",\"dateModified\":\"2026-04-15T07:45:04+00:00\",\"description\":\"\u00d5rn probiootiline roosi silmameigieemaldaja on ideaalne toode silmameigi eemaldamiseks t\u00e4nu oma kergelt vahutavale koostisele.\",\"breadcrumb\":{\"@id\":\"https:\\\/\\\/tilk.bio\\\/et\\\/pood\\\/see-me-orn-probiootiline-silmameigieemaldaja-orgaanilise-roosiveega\\\/#breadcrumb\"},\"inLanguage\":\"et\",\"potentialAction\":[{\"@type\":\"ReadAction\",\"target\":[\"https:\\\/\\\/tilk.bio\\\/et\\\/pood\\\/see-me-orn-probiootiline-silmameigieemaldaja-orgaanilise-roosiveega\\\/\"]}]},{\"@type\":\"ImageObject\",\"inLanguage\":\"et\",\"@id\":\"https:\\\/\\\/tilk.bio\\\/et\\\/pood\\\/see-me-orn-probiootiline-silmameigieemaldaja-orgaanilise-roosiveega\\\/#primaryimage\",\"url\":\"https:\\\/\\\/tilk.bio\\\/wp-content\\\/uploads\\\/2023\\\/04\\\/seeme.jpg\",\"contentUrl\":\"https:\\\/\\\/tilk.bio\\\/wp-content\\\/uploads\\\/2023\\\/04\\\/seeme.jpg\",\"width\":1200,\"height\":1200,\"caption\":\"make-up remover\"},{\"@type\":\"BreadcrumbList\",\"@id\":\"https:\\\/\\\/tilk.bio\\\/et\\\/pood\\\/see-me-orn-probiootiline-silmameigieemaldaja-orgaanilise-roosiveega\\\/#breadcrumb\",\"itemListElement\":[{\"@type\":\"ListItem\",\"position\":1,\"name\":\"Home\",\"item\":\"https:\\\/\\\/tilk.bio\\\/et\\\/\"},{\"@type\":\"ListItem\",\"position\":2,\"name\":\"Pood\",\"item\":\"https:\\\/\\\/tilk.bio\\\/et\\\/pood\\\/\"},{\"@type\":\"ListItem\",\"position\":3,\"name\":\"See Me \u00f5rn probiootiline silmameigieemaldaja orgaanilise roosiveega\"}]},{\"@type\":\"WebSite\",\"@id\":\"https:\\\/\\\/tilk.bio\\\/et\\\/#website\",\"url\":\"https:\\\/\\\/tilk.bio\\\/et\\\/\",\"name\":\"Tilk!\",\"description\":\"Keskkonnas\u00f5bralik ja j\u00e4tkusuutlik looduskosmeetika Saaremaalt.\",\"potentialAction\":[{\"@type\":\"SearchAction\",\"target\":{\"@type\":\"EntryPoint\",\"urlTemplate\":\"https:\\\/\\\/tilk.bio\\\/et\\\/?s={search_term_string}\"},\"query-input\":{\"@type\":\"PropertyValueSpecification\",\"valueRequired\":true,\"valueName\":\"search_term_string\"}}],\"inLanguage\":\"et\"}]}<\/script>\n<!-- \/ Yoast SEO plugin. -->","yoast_head_json":{"title":"silmameigieemaldaja orgaanilise roosiveega","description":"\u00d5rn probiootiline roosi silmameigieemaldaja on ideaalne toode silmameigi eemaldamiseks t\u00e4nu oma kergelt vahutavale koostisele.","robots":{"index":"index","follow":"follow","max-snippet":"max-snippet:-1","max-image-preview":"max-image-preview:large","max-video-preview":"max-video-preview:-1"},"canonical":"https:\/\/tilk.bio\/et\/pood\/see-me-orn-probiootiline-silmameigieemaldaja-orgaanilise-roosiveega\/","og_locale":"et_EE","og_type":"article","og_title":"silmameigieemaldaja orgaanilise roosiveega","og_description":"\u00d5rn probiootiline roosi silmameigieemaldaja on ideaalne toode silmameigi eemaldamiseks t\u00e4nu oma kergelt vahutavale koostisele.","og_url":"https:\/\/tilk.bio\/et\/pood\/see-me-orn-probiootiline-silmameigieemaldaja-orgaanilise-roosiveega\/","og_site_name":"Tilk!","article_publisher":"https:\/\/www.facebook.com\/tilk.bio\/","article_modified_time":"2026-04-15T07:45:04+00:00","og_image":[{"width":1200,"height":1200,"url":"https:\/\/tilk.bio\/wp-content\/uploads\/2023\/04\/seeme.jpg","type":"image\/jpeg"}],"twitter_card":"summary_large_image","twitter_misc":{"Est. reading time":"2 minutit"},"schema":{"@context":"https:\/\/schema.org","@graph":[{"@type":"WebPage","@id":"https:\/\/tilk.bio\/et\/pood\/see-me-orn-probiootiline-silmameigieemaldaja-orgaanilise-roosiveega\/","url":"https:\/\/tilk.bio\/et\/pood\/see-me-orn-probiootiline-silmameigieemaldaja-orgaanilise-roosiveega\/","name":"silmameigieemaldaja orgaanilise roosiveega","isPartOf":{"@id":"https:\/\/tilk.bio\/et\/#website"},"primaryImageOfPage":{"@id":"https:\/\/tilk.bio\/et\/pood\/see-me-orn-probiootiline-silmameigieemaldaja-orgaanilise-roosiveega\/#primaryimage"},"image":{"@id":"https:\/\/tilk.bio\/et\/pood\/see-me-orn-probiootiline-silmameigieemaldaja-orgaanilise-roosiveega\/#primaryimage"},"thumbnailUrl":"https:\/\/tilk.bio\/wp-content\/uploads\/2023\/04\/seeme.jpg","datePublished":"2023-04-24T21:38:29+00:00","dateModified":"2026-04-15T07:45:04+00:00","description":"\u00d5rn probiootiline roosi silmameigieemaldaja on ideaalne toode silmameigi eemaldamiseks t\u00e4nu oma kergelt vahutavale koostisele.","breadcrumb":{"@id":"https:\/\/tilk.bio\/et\/pood\/see-me-orn-probiootiline-silmameigieemaldaja-orgaanilise-roosiveega\/#breadcrumb"},"inLanguage":"et","potentialAction":[{"@type":"ReadAction","target":["https:\/\/tilk.bio\/et\/pood\/see-me-orn-probiootiline-silmameigieemaldaja-orgaanilise-roosiveega\/"]}]},{"@type":"ImageObject","inLanguage":"et","@id":"https:\/\/tilk.bio\/et\/pood\/see-me-orn-probiootiline-silmameigieemaldaja-orgaanilise-roosiveega\/#primaryimage","url":"https:\/\/tilk.bio\/wp-content\/uploads\/2023\/04\/seeme.jpg","contentUrl":"https:\/\/tilk.bio\/wp-content\/uploads\/2023\/04\/seeme.jpg","width":1200,"height":1200,"caption":"make-up remover"},{"@type":"BreadcrumbList","@id":"https:\/\/tilk.bio\/et\/pood\/see-me-orn-probiootiline-silmameigieemaldaja-orgaanilise-roosiveega\/#breadcrumb","itemListElement":[{"@type":"ListItem","position":1,"name":"Home","item":"https:\/\/tilk.bio\/et\/"},{"@type":"ListItem","position":2,"name":"Pood","item":"https:\/\/tilk.bio\/et\/pood\/"},{"@type":"ListItem","position":3,"name":"See Me \u00f5rn probiootiline silmameigieemaldaja orgaanilise roosiveega"}]},{"@type":"WebSite","@id":"https:\/\/tilk.bio\/et\/#website","url":"https:\/\/tilk.bio\/et\/","name":"Tilk!","description":"Keskkonnas\u00f5bralik ja j\u00e4tkusuutlik looduskosmeetika Saaremaalt.","potentialAction":[{"@type":"SearchAction","target":{"@type":"EntryPoint","urlTemplate":"https:\/\/tilk.bio\/et\/?s={search_term_string}"},"query-input":{"@type":"PropertyValueSpecification","valueRequired":true,"valueName":"search_term_string"}}],"inLanguage":"et"}]}},"_links":{"self":[{"href":"https:\/\/tilk.bio\/et\/wp-json\/wp\/v2\/product\/66214","targetHints":{"allow":["GET"]}}],"collection":[{"href":"https:\/\/tilk.bio\/et\/wp-json\/wp\/v2\/product"}],"about":[{"href":"https:\/\/tilk.bio\/et\/wp-json\/wp\/v2\/types\/product"}],"replies":[{"embeddable":true,"href":"https:\/\/tilk.bio\/et\/wp-json\/wp\/v2\/comments?post=66214"}],"wp:featuredmedia":[{"embeddable":true,"href":"https:\/\/tilk.bio\/et\/wp-json\/wp\/v2\/media\/66311"}],"wp:attachment":[{"href":"https:\/\/tilk.bio\/et\/wp-json\/wp\/v2\/media?parent=66214"}],"wp:term":[{"taxonomy":"product_brand","embeddable":true,"href":"https:\/\/tilk.bio\/et\/wp-json\/wp\/v2\/product_brand?post=66214"},{"taxonomy":"product_cat","embeddable":true,"href":"https:\/\/tilk.bio\/et\/wp-json\/wp\/v2\/product_cat?post=66214"},{"taxonomy":"product_tag","embeddable":true,"href":"https:\/\/tilk.bio\/et\/wp-json\/wp\/v2\/product_tag?post=66214"}],"curies":[{"name":"wp","href":"https:\/\/api.w.org\/{rel}","templated":true}]}}