{"id":66216,"date":"2023-04-25T01:04:14","date_gmt":"2023-04-24T22:04:14","guid":{"rendered":"https:\/\/tilk.bio\/shop\/bloom-me-niisutav-probiootiline-roosi-silmaseerum-hualuroonhappe-ja-provitamiiniga-b5\/"},"modified":"2026-04-22T14:00:11","modified_gmt":"2026-04-22T11:00:11","slug":"bloom-me-niisutav-probiootiline-roosi-silmaseerum-hualuroonhappe-ja-provitamiiniga-b5","status":"publish","type":"product","link":"https:\/\/tilk.bio\/et\/pood\/bloom-me-niisutav-probiootiline-roosi-silmaseerum-hualuroonhappe-ja-provitamiiniga-b5\/","title":{"rendered":"Bloom Me niisutav probiootiline roosi silmaseerum h\u00fcaluroonhappe ja provitamiiniga B5"},"content":{"rendered":"<p><span style=\"font-weight: 400;\">Probiootiline roosi silmaseerum niisutab ja toniseerib \u00f5rna silma\u00fcmbrusnahka. Silmaseerumis sisalduval h\u00fcaluroonhappel on naha jaoks mitmeid imelisi omadusi. See seob niiskust, toetab hapniku ja toitainete transporti naharakkudesse ning aitab siluda kortsukesi. Lisaks osaleb h\u00fcaluroonhape ka kollageeni moodustamisel \u2013 see on aine, mis annab nahale elastsuse. Kerge ja geelja koostisega silmaseerum sobib k\u00f5ikidele nahat\u00fc\u00fcpidele. <\/span><\/p>\n<p><span style=\"font-weight: 400;\">Provitamiin B5 on suurep\u00e4rane naha niisutaja, sel on ainulaadne omadus samaaegselt niisutada ning niiskust nahka lukustada, hoides naha pehme ja sileda. Provitamiin B5 aitab rahustada naha p\u00f5letikulisi protsesse ja aitab nahal uueneda, samuti hoiab see naha elastsena.\u00a0<\/span><\/p>\n<p><span style=\"font-weight: 400;\">Silmaseerumi <\/span><span style=\"font-weight: 400;\">koostises on fermentatsiooni tulemusena Lactobacillus probiootikumidest saadud nahale kasulikud toimeained, mis aitavad s\u00e4ilitada terve naha bioomi. Kasulikud peptiidid aitavad taastada naha loomulikku kaitsebarj\u00e4\u00e4ri, kaitstes nahka kahjulike keskkonnam\u00f5jude, vabade radikaalide toime ja v\u00e4liste \u00e4rritajate eest. <\/span><span style=\"font-weight: 400;\">Pol\u00fcsahhariidide rikas punavetikas niisutab nahka, v\u00f5itleb vabade radikaalidega, kaitseb keskkonnam\u00f5jude eest ja omab vananemisvastast toimet. Gl\u00fctseriin pakub nahale lisaniisutust ja roosi h\u00fcdrosool niisutab, toniseerib ja rahustab \u00f5rna silma\u00fcmbrusnahka.<\/span><\/p>\n<p><span style=\"font-weight: 400;\">Silmaseerum &#8211; kasutamine:<\/span><\/p>\n<p><span style=\"font-weight: 400;\">Kanna seerum kergete masseerivate liigutustega eelnevalt puhastatud nahale. Parima tulemuse saamiseks niisuta nahka enne seerumi kasutamist <\/span><a href=\"https:\/\/tilk.bio\/et\/pood\/refresh-me-probiootiline-naovesi-orgaanilise-roosiveega\/\"><span style=\"font-weight: 400;\">probiootilise roosi n\u00e4oveega.\u00a0<\/span><\/a><\/p>\n<p><span style=\"font-weight: 400;\">Toote koostisosad on looduslikku p\u00e4ritolu ja vegan.\u00a0<\/span><\/p>\n<p><span style=\"font-weight: 400;\">Hoiustamine: Hoiusta silmaseerumit toatemperatuuril.<\/span><\/p>\n<p><span style=\"font-weight: 400;\">Kogus: 10 ml<\/span><\/p>\n","protected":false},"excerpt":{"rendered":"<p>Probiootiline roosi silmaseerum niisutab ja toniseerib \u00f5rna silma\u00fcmbrusnahka. Silmaseerumis sisalduval h\u00fcaluroonhappel on naha jaoks mitmeid imelisi omadusi. See seob niiskust, toetab hapniku ja toitainete transporti naharakkudesse ning aitab siluda kortsukesi. Lisaks osaleb h\u00fcaluroonhape ka kollageeni moodustamisel \u2013 see on aine, mis annab nahale elastsuse. Kerge ja geelja koostisega silmaseerum sobib k\u00f5ikidele nahat\u00fc\u00fcpidele. Provitamiin B5 on&#8230;<\/p>\n","protected":false},"featured_media":70359,"comment_status":"open","ping_status":"closed","template":"","meta":{"_acf_changed":false},"product_brand":[],"product_cat":[977,609,494,871,389,689,511,692,903,691,891,725,690,688],"product_tag":[],"class_list":{"0":"post-66216","1":"product","2":"type-product","3":"status-publish","4":"has-post-thumbnail","6":"product_cat-naoseerumid","7":"product_cat-silmatooted","8":"product_cat-klientide-lemmikud","9":"product_cat-hualuroonhape","10":"product_cat-koik-tooted","11":"product_cat-kuiv-nahk","12":"product_cat-naohooldus","13":"product_cat-normaalne-ja-kombineeritud-nahk","14":"product_cat-probiootikumid","15":"product_cat-tekstuuri-ja-tooniprobleemidega-nahk","16":"product_cat-tilk-biotic-et","17":"product_cat-tooteseeriad-et","18":"product_cat-tundlik-nahk","19":"product_cat-vananemisilmingutega-nahk","21":"first","22":"instock","23":"taxable","24":"shipping-taxable","25":"purchasable","26":"product-type-simple"},"acf":[],"yoast_head":"<!-- This site is optimized with the Yoast SEO plugin v27.4 - https:\/\/yoast.com\/product\/yoast-seo-wordpress\/ -->\n<title>Roosi silmaseerum h\u00fcaluroonhappe ja provitamiiniga B5<\/title>\n<meta name=\"description\" content=\"Bloom Me probiootiline roosiveega silmaseerum on kergelt geelja koostisega ja niisutab ning toniseerib \u00f5rna silma\u00fcmbrusnahka.\" \/>\n<meta name=\"robots\" content=\"index, follow, max-snippet:-1, max-image-preview:large, max-video-preview:-1\" \/>\n<link rel=\"canonical\" href=\"https:\/\/tilk.bio\/et\/pood\/bloom-me-niisutav-probiootiline-roosi-silmaseerum-hualuroonhappe-ja-provitamiiniga-b5\/\" \/>\n<meta property=\"og:locale\" content=\"et_EE\" \/>\n<meta property=\"og:type\" content=\"article\" \/>\n<meta property=\"og:title\" content=\"Roosi silmaseerum h\u00fcaluroonhappe ja provitamiiniga B5\" \/>\n<meta property=\"og:description\" content=\"Bloom Me probiootiline roosiveega silmaseerum on kergelt geelja koostisega ja niisutab ning toniseerib \u00f5rna silma\u00fcmbrusnahka.\" \/>\n<meta property=\"og:url\" content=\"https:\/\/tilk.bio\/et\/pood\/bloom-me-niisutav-probiootiline-roosi-silmaseerum-hualuroonhappe-ja-provitamiiniga-b5\/\" \/>\n<meta property=\"og:site_name\" content=\"Tilk!\" \/>\n<meta property=\"article:publisher\" content=\"https:\/\/www.facebook.com\/tilk.bio\/\" \/>\n<meta property=\"article:modified_time\" content=\"2026-04-22T11:00:11+00:00\" \/>\n<meta property=\"og:image\" content=\"https:\/\/tilk.bio\/wp-content\/uploads\/2023\/04\/Untitled-design-23.jpg\" \/>\n\t<meta property=\"og:image:width\" content=\"1200\" \/>\n\t<meta property=\"og:image:height\" content=\"1200\" \/>\n\t<meta property=\"og:image:type\" content=\"image\/jpeg\" \/>\n<meta name=\"twitter:card\" content=\"summary_large_image\" \/>\n<meta name=\"twitter:label1\" content=\"Est. reading time\" \/>\n\t<meta name=\"twitter:data1\" content=\"2 minutit\" \/>\n<script type=\"application\/ld+json\" class=\"yoast-schema-graph\">{\"@context\":\"https:\\\/\\\/schema.org\",\"@graph\":[{\"@type\":\"WebPage\",\"@id\":\"https:\\\/\\\/tilk.bio\\\/et\\\/pood\\\/bloom-me-niisutav-probiootiline-roosi-silmaseerum-hualuroonhappe-ja-provitamiiniga-b5\\\/\",\"url\":\"https:\\\/\\\/tilk.bio\\\/et\\\/pood\\\/bloom-me-niisutav-probiootiline-roosi-silmaseerum-hualuroonhappe-ja-provitamiiniga-b5\\\/\",\"name\":\"Roosi silmaseerum h\u00fcaluroonhappe ja provitamiiniga B5\",\"isPartOf\":{\"@id\":\"https:\\\/\\\/tilk.bio\\\/et\\\/#website\"},\"primaryImageOfPage\":{\"@id\":\"https:\\\/\\\/tilk.bio\\\/et\\\/pood\\\/bloom-me-niisutav-probiootiline-roosi-silmaseerum-hualuroonhappe-ja-provitamiiniga-b5\\\/#primaryimage\"},\"image\":{\"@id\":\"https:\\\/\\\/tilk.bio\\\/et\\\/pood\\\/bloom-me-niisutav-probiootiline-roosi-silmaseerum-hualuroonhappe-ja-provitamiiniga-b5\\\/#primaryimage\"},\"thumbnailUrl\":\"https:\\\/\\\/tilk.bio\\\/wp-content\\\/uploads\\\/2023\\\/04\\\/Untitled-design-23.jpg\",\"datePublished\":\"2023-04-24T22:04:14+00:00\",\"dateModified\":\"2026-04-22T11:00:11+00:00\",\"description\":\"Bloom Me probiootiline roosiveega silmaseerum on kergelt geelja koostisega ja niisutab ning toniseerib \u00f5rna silma\u00fcmbrusnahka.\",\"breadcrumb\":{\"@id\":\"https:\\\/\\\/tilk.bio\\\/et\\\/pood\\\/bloom-me-niisutav-probiootiline-roosi-silmaseerum-hualuroonhappe-ja-provitamiiniga-b5\\\/#breadcrumb\"},\"inLanguage\":\"et\",\"potentialAction\":[{\"@type\":\"ReadAction\",\"target\":[\"https:\\\/\\\/tilk.bio\\\/et\\\/pood\\\/bloom-me-niisutav-probiootiline-roosi-silmaseerum-hualuroonhappe-ja-provitamiiniga-b5\\\/\"]}]},{\"@type\":\"ImageObject\",\"inLanguage\":\"et\",\"@id\":\"https:\\\/\\\/tilk.bio\\\/et\\\/pood\\\/bloom-me-niisutav-probiootiline-roosi-silmaseerum-hualuroonhappe-ja-provitamiiniga-b5\\\/#primaryimage\",\"url\":\"https:\\\/\\\/tilk.bio\\\/wp-content\\\/uploads\\\/2023\\\/04\\\/Untitled-design-23.jpg\",\"contentUrl\":\"https:\\\/\\\/tilk.bio\\\/wp-content\\\/uploads\\\/2023\\\/04\\\/Untitled-design-23.jpg\",\"width\":1200,\"height\":1200,\"caption\":\"eye serum\"},{\"@type\":\"BreadcrumbList\",\"@id\":\"https:\\\/\\\/tilk.bio\\\/et\\\/pood\\\/bloom-me-niisutav-probiootiline-roosi-silmaseerum-hualuroonhappe-ja-provitamiiniga-b5\\\/#breadcrumb\",\"itemListElement\":[{\"@type\":\"ListItem\",\"position\":1,\"name\":\"Home\",\"item\":\"https:\\\/\\\/tilk.bio\\\/et\\\/\"},{\"@type\":\"ListItem\",\"position\":2,\"name\":\"Pood\",\"item\":\"https:\\\/\\\/tilk.bio\\\/et\\\/pood\\\/\"},{\"@type\":\"ListItem\",\"position\":3,\"name\":\"Bloom Me niisutav probiootiline roosi silmaseerum h\u00fcaluroonhappe ja provitamiiniga B5\"}]},{\"@type\":\"WebSite\",\"@id\":\"https:\\\/\\\/tilk.bio\\\/et\\\/#website\",\"url\":\"https:\\\/\\\/tilk.bio\\\/et\\\/\",\"name\":\"Tilk!\",\"description\":\"Keskkonnas\u00f5bralik ja j\u00e4tkusuutlik looduskosmeetika Saaremaalt.\",\"potentialAction\":[{\"@type\":\"SearchAction\",\"target\":{\"@type\":\"EntryPoint\",\"urlTemplate\":\"https:\\\/\\\/tilk.bio\\\/et\\\/?s={search_term_string}\"},\"query-input\":{\"@type\":\"PropertyValueSpecification\",\"valueRequired\":true,\"valueName\":\"search_term_string\"}}],\"inLanguage\":\"et\"}]}<\/script>\n<!-- \/ Yoast SEO plugin. -->","yoast_head_json":{"title":"Roosi silmaseerum h\u00fcaluroonhappe ja provitamiiniga B5","description":"Bloom Me probiootiline roosiveega silmaseerum on kergelt geelja koostisega ja niisutab ning toniseerib \u00f5rna silma\u00fcmbrusnahka.","robots":{"index":"index","follow":"follow","max-snippet":"max-snippet:-1","max-image-preview":"max-image-preview:large","max-video-preview":"max-video-preview:-1"},"canonical":"https:\/\/tilk.bio\/et\/pood\/bloom-me-niisutav-probiootiline-roosi-silmaseerum-hualuroonhappe-ja-provitamiiniga-b5\/","og_locale":"et_EE","og_type":"article","og_title":"Roosi silmaseerum h\u00fcaluroonhappe ja provitamiiniga B5","og_description":"Bloom Me probiootiline roosiveega silmaseerum on kergelt geelja koostisega ja niisutab ning toniseerib \u00f5rna silma\u00fcmbrusnahka.","og_url":"https:\/\/tilk.bio\/et\/pood\/bloom-me-niisutav-probiootiline-roosi-silmaseerum-hualuroonhappe-ja-provitamiiniga-b5\/","og_site_name":"Tilk!","article_publisher":"https:\/\/www.facebook.com\/tilk.bio\/","article_modified_time":"2026-04-22T11:00:11+00:00","og_image":[{"width":1200,"height":1200,"url":"https:\/\/tilk.bio\/wp-content\/uploads\/2023\/04\/Untitled-design-23.jpg","type":"image\/jpeg"}],"twitter_card":"summary_large_image","twitter_misc":{"Est. reading time":"2 minutit"},"schema":{"@context":"https:\/\/schema.org","@graph":[{"@type":"WebPage","@id":"https:\/\/tilk.bio\/et\/pood\/bloom-me-niisutav-probiootiline-roosi-silmaseerum-hualuroonhappe-ja-provitamiiniga-b5\/","url":"https:\/\/tilk.bio\/et\/pood\/bloom-me-niisutav-probiootiline-roosi-silmaseerum-hualuroonhappe-ja-provitamiiniga-b5\/","name":"Roosi silmaseerum h\u00fcaluroonhappe ja provitamiiniga B5","isPartOf":{"@id":"https:\/\/tilk.bio\/et\/#website"},"primaryImageOfPage":{"@id":"https:\/\/tilk.bio\/et\/pood\/bloom-me-niisutav-probiootiline-roosi-silmaseerum-hualuroonhappe-ja-provitamiiniga-b5\/#primaryimage"},"image":{"@id":"https:\/\/tilk.bio\/et\/pood\/bloom-me-niisutav-probiootiline-roosi-silmaseerum-hualuroonhappe-ja-provitamiiniga-b5\/#primaryimage"},"thumbnailUrl":"https:\/\/tilk.bio\/wp-content\/uploads\/2023\/04\/Untitled-design-23.jpg","datePublished":"2023-04-24T22:04:14+00:00","dateModified":"2026-04-22T11:00:11+00:00","description":"Bloom Me probiootiline roosiveega silmaseerum on kergelt geelja koostisega ja niisutab ning toniseerib \u00f5rna silma\u00fcmbrusnahka.","breadcrumb":{"@id":"https:\/\/tilk.bio\/et\/pood\/bloom-me-niisutav-probiootiline-roosi-silmaseerum-hualuroonhappe-ja-provitamiiniga-b5\/#breadcrumb"},"inLanguage":"et","potentialAction":[{"@type":"ReadAction","target":["https:\/\/tilk.bio\/et\/pood\/bloom-me-niisutav-probiootiline-roosi-silmaseerum-hualuroonhappe-ja-provitamiiniga-b5\/"]}]},{"@type":"ImageObject","inLanguage":"et","@id":"https:\/\/tilk.bio\/et\/pood\/bloom-me-niisutav-probiootiline-roosi-silmaseerum-hualuroonhappe-ja-provitamiiniga-b5\/#primaryimage","url":"https:\/\/tilk.bio\/wp-content\/uploads\/2023\/04\/Untitled-design-23.jpg","contentUrl":"https:\/\/tilk.bio\/wp-content\/uploads\/2023\/04\/Untitled-design-23.jpg","width":1200,"height":1200,"caption":"eye serum"},{"@type":"BreadcrumbList","@id":"https:\/\/tilk.bio\/et\/pood\/bloom-me-niisutav-probiootiline-roosi-silmaseerum-hualuroonhappe-ja-provitamiiniga-b5\/#breadcrumb","itemListElement":[{"@type":"ListItem","position":1,"name":"Home","item":"https:\/\/tilk.bio\/et\/"},{"@type":"ListItem","position":2,"name":"Pood","item":"https:\/\/tilk.bio\/et\/pood\/"},{"@type":"ListItem","position":3,"name":"Bloom Me niisutav probiootiline roosi silmaseerum h\u00fcaluroonhappe ja provitamiiniga B5"}]},{"@type":"WebSite","@id":"https:\/\/tilk.bio\/et\/#website","url":"https:\/\/tilk.bio\/et\/","name":"Tilk!","description":"Keskkonnas\u00f5bralik ja j\u00e4tkusuutlik looduskosmeetika Saaremaalt.","potentialAction":[{"@type":"SearchAction","target":{"@type":"EntryPoint","urlTemplate":"https:\/\/tilk.bio\/et\/?s={search_term_string}"},"query-input":{"@type":"PropertyValueSpecification","valueRequired":true,"valueName":"search_term_string"}}],"inLanguage":"et"}]}},"_links":{"self":[{"href":"https:\/\/tilk.bio\/et\/wp-json\/wp\/v2\/product\/66216","targetHints":{"allow":["GET"]}}],"collection":[{"href":"https:\/\/tilk.bio\/et\/wp-json\/wp\/v2\/product"}],"about":[{"href":"https:\/\/tilk.bio\/et\/wp-json\/wp\/v2\/types\/product"}],"replies":[{"embeddable":true,"href":"https:\/\/tilk.bio\/et\/wp-json\/wp\/v2\/comments?post=66216"}],"wp:featuredmedia":[{"embeddable":true,"href":"https:\/\/tilk.bio\/et\/wp-json\/wp\/v2\/media\/70359"}],"wp:attachment":[{"href":"https:\/\/tilk.bio\/et\/wp-json\/wp\/v2\/media?parent=66216"}],"wp:term":[{"taxonomy":"product_brand","embeddable":true,"href":"https:\/\/tilk.bio\/et\/wp-json\/wp\/v2\/product_brand?post=66216"},{"taxonomy":"product_cat","embeddable":true,"href":"https:\/\/tilk.bio\/et\/wp-json\/wp\/v2\/product_cat?post=66216"},{"taxonomy":"product_tag","embeddable":true,"href":"https:\/\/tilk.bio\/et\/wp-json\/wp\/v2\/product_tag?post=66216"}],"curies":[{"name":"wp","href":"https:\/\/api.w.org\/{rel}","templated":true}]}}