{"id":66717,"date":"2023-06-20T22:28:03","date_gmt":"2023-06-20T19:28:03","guid":{"rendered":"https:\/\/tilk.bio\/shop\/100-eeterlik-teepuuoli\/"},"modified":"2026-03-10T00:00:19","modified_gmt":"2026-03-09T22:00:19","slug":"teepuuoli","status":"publish","type":"product","link":"https:\/\/tilk.bio\/et\/pood\/teepuuoli\/","title":{"rendered":"Teepuu\u00f5li"},"content":{"rendered":"<p>100% eeterlik teepuu\u00f5li<\/p>\n<p><span style=\"font-weight: 400;\">Teepuu\u00f5li soodustab haavade paranemist, on antiseptiline, parasiite h\u00e4vitav, immuuns\u00fcsteemi tugevdav ja desinfitseeriv.\u00a0<\/span><\/p>\n<p><span style=\"font-weight: 400;\">Teepuu\u00f5li sobib lokaalselt kasutamiseks vistrikel, kriimustustel, ohatistel ja putukahammustustel, lisaks ka kasutamiseks inhalaatorites, jalavannideks ja ka suuremate nahapindade hooldamiseks.<\/span><\/p>\n<p><span style=\"font-weight: 400;\">NB! See on 100% eeterlik teepuu\u00f5li, mis on m\u00f5eldud v\u00e4lispidiseks kasutamiseks, vajadusel lahjenda enne kehale kandmist, v\u00e4ldi silma sattumist ning hoia lastele k\u00e4ttesaamatus kohas!\u00a0<\/span><\/p>\n<p><span style=\"font-weight: 400;\">Probleemse n\u00e4onaha eest hoolitsemiseks vaata ka teepuu\u00f5liga n\u00e4opesuvahtu <\/span><a href=\"https:\/\/tilk.bio\/et\/pood\/accept-me-probiootiline-naopuhastusvaht-teepuuga-rasusele-ja-aknelisele-nahale\/\"><span style=\"font-weight: 400;\">Accept Me<\/span><\/a><span style=\"font-weight: 400;\">.<\/span><\/p>\n<p><span style=\"font-weight: 400;\">Kogus: 10 ml<\/span><\/p>\n<p>Ohutus: \u00c4ra kasuta eeterlikke \u00f5lisid lahjendamata kujul. Rasedad ja v\u00e4ikelapsed v\u00f5ivad kasutada eeterlikke \u00f5lisid \u00e4\u00e4rmise ettevaatlikkusega. \u00c4ra j\u00e4ta eeterlikke \u00f5lisid lastele k\u00e4ttesaadavasse kohta.<br \/>\nOluline m\u00e4rkus: Siin lehel edastatud info eeterlike \u00f5lide kohta p\u00e4rineb avalikest allikatest ning on kasutamiseks \u00f5ppeotstarbel. M\u00fc\u00fcja\u00a0 ei vastuta info \u00f5igsuse eest.<\/p>\n","protected":false},"excerpt":{"rendered":"<p>100% eeterlik teepuu\u00f5li Teepuu\u00f5li soodustab haavade paranemist, on antiseptiline, parasiite h\u00e4vitav, immuuns\u00fcsteemi tugevdav ja desinfitseeriv.\u00a0 Teepuu\u00f5li sobib lokaalselt kasutamiseks vistrikel, kriimustustel, ohatistel ja putukahammustustel, lisaks ka kasutamiseks inhalaatorites, jalavannideks ja ka suuremate nahapindade hooldamiseks. NB! See on 100% eeterlik teepuu\u00f5li, mis on m\u00f5eldud v\u00e4lispidiseks kasutamiseks, vajadusel lahjenda enne kehale kandmist, v\u00e4ldi silma sattumist ning hoia&#8230;<\/p>\n","protected":false},"featured_media":66785,"comment_status":"open","ping_status":"closed","template":"","meta":{"_acf_changed":false},"product_brand":[],"product_cat":[921,389,926],"product_tag":[],"class_list":{"0":"post-66717","1":"product","2":"type-product","3":"status-publish","4":"has-post-thumbnail","6":"product_cat-eeterlik-oli","7":"product_cat-koik-tooted","8":"product_cat-lopumuuk","10":"first","11":"instock","12":"taxable","13":"shipping-taxable","14":"purchasable","15":"product-type-simple"},"acf":[],"yoast_head":"<!-- This site is optimized with the Yoast SEO plugin v27.3 - https:\/\/yoast.com\/product\/yoast-seo-wordpress\/ -->\n<title>Teepuu\u00f5li - Tilk!<\/title>\n<meta name=\"description\" content=\"Teepuu\u00f5li soodustab haavade paranemist, on antiseptiline, parasiite h\u00e4vitav, immuuns\u00fcsteemi tugevdav ja desinfitseeriv.\u00a0Teepuu\u00f5li sobib lokaalselt...\" \/>\n<meta name=\"robots\" content=\"index, follow, max-snippet:-1, max-image-preview:large, max-video-preview:-1\" \/>\n<link rel=\"canonical\" href=\"https:\/\/tilk.bio\/pood\/tea-tree-oil\/\" \/>\n<meta property=\"og:locale\" content=\"et_EE\" \/>\n<meta property=\"og:type\" content=\"article\" \/>\n<meta property=\"og:title\" content=\"Teepuu\u00f5li - Tilk!\" \/>\n<meta property=\"og:description\" content=\"Teepuu\u00f5li soodustab haavade paranemist, on antiseptiline, parasiite h\u00e4vitav, immuuns\u00fcsteemi tugevdav ja desinfitseeriv.\u00a0Teepuu\u00f5li sobib lokaalselt...\" \/>\n<meta property=\"og:url\" content=\"https:\/\/tilk.bio\/pood\/tea-tree-oil\/\" \/>\n<meta property=\"og:site_name\" content=\"Tilk!\" \/>\n<meta property=\"article:publisher\" content=\"https:\/\/www.facebook.com\/tilk.bio\/\" \/>\n<meta property=\"article:modified_time\" content=\"2026-03-09T22:00:19+00:00\" \/>\n<meta property=\"og:image\" content=\"https:\/\/tilk.bio\/wp-content\/uploads\/2023\/06\/1-1.jpg\" \/>\n\t<meta property=\"og:image:width\" content=\"1200\" \/>\n\t<meta property=\"og:image:height\" content=\"1200\" \/>\n\t<meta property=\"og:image:type\" content=\"image\/jpeg\" \/>\n<meta name=\"twitter:card\" content=\"summary_large_image\" \/>\n<meta name=\"twitter:label1\" content=\"Est. reading time\" \/>\n\t<meta name=\"twitter:data1\" content=\"1 minut\" \/>\n<script type=\"application\/ld+json\" class=\"yoast-schema-graph\">{\"@context\":\"https:\\\/\\\/schema.org\",\"@graph\":[{\"@type\":\"WebPage\",\"@id\":\"https:\\\/\\\/tilk.bio\\\/pood\\\/tea-tree-oil\\\/\",\"url\":\"https:\\\/\\\/tilk.bio\\\/pood\\\/tea-tree-oil\\\/\",\"name\":\"Teepuu\u00f5li - Tilk!\",\"isPartOf\":{\"@id\":\"https:\\\/\\\/tilk.bio\\\/et\\\/#website\"},\"primaryImageOfPage\":{\"@id\":\"https:\\\/\\\/tilk.bio\\\/pood\\\/tea-tree-oil\\\/#primaryimage\"},\"image\":{\"@id\":\"https:\\\/\\\/tilk.bio\\\/pood\\\/tea-tree-oil\\\/#primaryimage\"},\"thumbnailUrl\":\"https:\\\/\\\/tilk.bio\\\/wp-content\\\/uploads\\\/2023\\\/06\\\/1-1.jpg\",\"datePublished\":\"2023-06-20T19:28:03+00:00\",\"dateModified\":\"2026-03-09T22:00:19+00:00\",\"description\":\"Teepuu\u00f5li soodustab haavade paranemist, on antiseptiline, parasiite h\u00e4vitav, immuuns\u00fcsteemi tugevdav ja desinfitseeriv.\u00a0Teepuu\u00f5li sobib lokaalselt...\",\"breadcrumb\":{\"@id\":\"https:\\\/\\\/tilk.bio\\\/pood\\\/tea-tree-oil\\\/#breadcrumb\"},\"inLanguage\":\"et\",\"potentialAction\":[{\"@type\":\"ReadAction\",\"target\":[\"https:\\\/\\\/tilk.bio\\\/pood\\\/tea-tree-oil\\\/\"]}]},{\"@type\":\"ImageObject\",\"inLanguage\":\"et\",\"@id\":\"https:\\\/\\\/tilk.bio\\\/pood\\\/tea-tree-oil\\\/#primaryimage\",\"url\":\"https:\\\/\\\/tilk.bio\\\/wp-content\\\/uploads\\\/2023\\\/06\\\/1-1.jpg\",\"contentUrl\":\"https:\\\/\\\/tilk.bio\\\/wp-content\\\/uploads\\\/2023\\\/06\\\/1-1.jpg\",\"width\":1200,\"height\":1200,\"caption\":\"Teepuu\u00f5li\"},{\"@type\":\"BreadcrumbList\",\"@id\":\"https:\\\/\\\/tilk.bio\\\/pood\\\/tea-tree-oil\\\/#breadcrumb\",\"itemListElement\":[{\"@type\":\"ListItem\",\"position\":1,\"name\":\"Home\",\"item\":\"https:\\\/\\\/tilk.bio\\\/et\\\/\"},{\"@type\":\"ListItem\",\"position\":2,\"name\":\"Pood\",\"item\":\"https:\\\/\\\/tilk.bio\\\/et\\\/pood\\\/\"},{\"@type\":\"ListItem\",\"position\":3,\"name\":\"Teepuu\u00f5li\"}]},{\"@type\":\"WebSite\",\"@id\":\"https:\\\/\\\/tilk.bio\\\/et\\\/#website\",\"url\":\"https:\\\/\\\/tilk.bio\\\/et\\\/\",\"name\":\"Tilk!\",\"description\":\"Keskkonnas\u00f5bralik ja j\u00e4tkusuutlik looduskosmeetika Saaremaalt.\",\"potentialAction\":[{\"@type\":\"SearchAction\",\"target\":{\"@type\":\"EntryPoint\",\"urlTemplate\":\"https:\\\/\\\/tilk.bio\\\/et\\\/?s={search_term_string}\"},\"query-input\":{\"@type\":\"PropertyValueSpecification\",\"valueRequired\":true,\"valueName\":\"search_term_string\"}}],\"inLanguage\":\"et\"}]}<\/script>\n<!-- \/ Yoast SEO plugin. -->","yoast_head_json":{"title":"Teepuu\u00f5li - Tilk!","description":"Teepuu\u00f5li soodustab haavade paranemist, on antiseptiline, parasiite h\u00e4vitav, immuuns\u00fcsteemi tugevdav ja desinfitseeriv.\u00a0Teepuu\u00f5li sobib lokaalselt...","robots":{"index":"index","follow":"follow","max-snippet":"max-snippet:-1","max-image-preview":"max-image-preview:large","max-video-preview":"max-video-preview:-1"},"canonical":"https:\/\/tilk.bio\/pood\/tea-tree-oil\/","og_locale":"et_EE","og_type":"article","og_title":"Teepuu\u00f5li - Tilk!","og_description":"Teepuu\u00f5li soodustab haavade paranemist, on antiseptiline, parasiite h\u00e4vitav, immuuns\u00fcsteemi tugevdav ja desinfitseeriv.\u00a0Teepuu\u00f5li sobib lokaalselt...","og_url":"https:\/\/tilk.bio\/pood\/tea-tree-oil\/","og_site_name":"Tilk!","article_publisher":"https:\/\/www.facebook.com\/tilk.bio\/","article_modified_time":"2026-03-09T22:00:19+00:00","og_image":[{"width":1200,"height":1200,"url":"https:\/\/tilk.bio\/wp-content\/uploads\/2023\/06\/1-1.jpg","type":"image\/jpeg"}],"twitter_card":"summary_large_image","twitter_misc":{"Est. reading time":"1 minut"},"schema":{"@context":"https:\/\/schema.org","@graph":[{"@type":"WebPage","@id":"https:\/\/tilk.bio\/pood\/tea-tree-oil\/","url":"https:\/\/tilk.bio\/pood\/tea-tree-oil\/","name":"Teepuu\u00f5li - Tilk!","isPartOf":{"@id":"https:\/\/tilk.bio\/et\/#website"},"primaryImageOfPage":{"@id":"https:\/\/tilk.bio\/pood\/tea-tree-oil\/#primaryimage"},"image":{"@id":"https:\/\/tilk.bio\/pood\/tea-tree-oil\/#primaryimage"},"thumbnailUrl":"https:\/\/tilk.bio\/wp-content\/uploads\/2023\/06\/1-1.jpg","datePublished":"2023-06-20T19:28:03+00:00","dateModified":"2026-03-09T22:00:19+00:00","description":"Teepuu\u00f5li soodustab haavade paranemist, on antiseptiline, parasiite h\u00e4vitav, immuuns\u00fcsteemi tugevdav ja desinfitseeriv.\u00a0Teepuu\u00f5li sobib lokaalselt...","breadcrumb":{"@id":"https:\/\/tilk.bio\/pood\/tea-tree-oil\/#breadcrumb"},"inLanguage":"et","potentialAction":[{"@type":"ReadAction","target":["https:\/\/tilk.bio\/pood\/tea-tree-oil\/"]}]},{"@type":"ImageObject","inLanguage":"et","@id":"https:\/\/tilk.bio\/pood\/tea-tree-oil\/#primaryimage","url":"https:\/\/tilk.bio\/wp-content\/uploads\/2023\/06\/1-1.jpg","contentUrl":"https:\/\/tilk.bio\/wp-content\/uploads\/2023\/06\/1-1.jpg","width":1200,"height":1200,"caption":"Teepuu\u00f5li"},{"@type":"BreadcrumbList","@id":"https:\/\/tilk.bio\/pood\/tea-tree-oil\/#breadcrumb","itemListElement":[{"@type":"ListItem","position":1,"name":"Home","item":"https:\/\/tilk.bio\/et\/"},{"@type":"ListItem","position":2,"name":"Pood","item":"https:\/\/tilk.bio\/et\/pood\/"},{"@type":"ListItem","position":3,"name":"Teepuu\u00f5li"}]},{"@type":"WebSite","@id":"https:\/\/tilk.bio\/et\/#website","url":"https:\/\/tilk.bio\/et\/","name":"Tilk!","description":"Keskkonnas\u00f5bralik ja j\u00e4tkusuutlik looduskosmeetika Saaremaalt.","potentialAction":[{"@type":"SearchAction","target":{"@type":"EntryPoint","urlTemplate":"https:\/\/tilk.bio\/et\/?s={search_term_string}"},"query-input":{"@type":"PropertyValueSpecification","valueRequired":true,"valueName":"search_term_string"}}],"inLanguage":"et"}]}},"_links":{"self":[{"href":"https:\/\/tilk.bio\/et\/wp-json\/wp\/v2\/product\/66717","targetHints":{"allow":["GET"]}}],"collection":[{"href":"https:\/\/tilk.bio\/et\/wp-json\/wp\/v2\/product"}],"about":[{"href":"https:\/\/tilk.bio\/et\/wp-json\/wp\/v2\/types\/product"}],"replies":[{"embeddable":true,"href":"https:\/\/tilk.bio\/et\/wp-json\/wp\/v2\/comments?post=66717"}],"wp:featuredmedia":[{"embeddable":true,"href":"https:\/\/tilk.bio\/et\/wp-json\/wp\/v2\/media\/66785"}],"wp:attachment":[{"href":"https:\/\/tilk.bio\/et\/wp-json\/wp\/v2\/media?parent=66717"}],"wp:term":[{"taxonomy":"product_brand","embeddable":true,"href":"https:\/\/tilk.bio\/et\/wp-json\/wp\/v2\/product_brand?post=66717"},{"taxonomy":"product_cat","embeddable":true,"href":"https:\/\/tilk.bio\/et\/wp-json\/wp\/v2\/product_cat?post=66717"},{"taxonomy":"product_tag","embeddable":true,"href":"https:\/\/tilk.bio\/et\/wp-json\/wp\/v2\/product_tag?post=66717"}],"curies":[{"name":"wp","href":"https:\/\/api.w.org\/{rel}","templated":true}]}}