{"id":66719,"date":"2023-06-21T00:39:57","date_gmt":"2023-06-20T21:39:57","guid":{"rendered":"https:\/\/tilk.bio\/shop\/sidrunheina-eeterlik-oli\/"},"modified":"2026-03-08T00:30:05","modified_gmt":"2026-03-07T22:30:05","slug":"sidrunheina-eeterlik-oli","status":"publish","type":"product","link":"https:\/\/tilk.bio\/et\/pood\/sidrunheina-eeterlik-oli\/","title":{"rendered":"Sidrunheina eeterlik \u00f5li"},"content":{"rendered":"<p><span style=\"font-weight: 400;\">100% eeterlik \u00f5li sidrunheinast<\/span><\/p>\n<p><span style=\"font-weight: 400;\">Sidrunheina eeterlik \u00f5li on tuju t\u00f5stva, meeli ergutava ja energiat andva toimega ning sobib h\u00e4sti ruumide l\u00f5hnastamiseks, puukide ja s\u00e4\u00e4skede peletamiseks ning aroomivannide tegemiseks.\u00a0<\/span><\/p>\n<p><span style=\"font-weight: 400;\">Sidrunheina eeterlik \u00f5li on antiseptilise toimega ning v\u00e4rskendav. See \u00f5li aitab lahjendatuna kehale masseerides parandada vereringet ning leevendada liigeste- ja lihaspingeid. Tugeva l\u00f5hnaga sidrunhein sobib suurep\u00e4raselt ka meeleolu loomiseks mediteerimisel v\u00f5i muul spirituaalsel teekonnal.<\/span><\/p>\n<p><span style=\"font-weight: 400;\">NB! Tegemist on 100% eeterliku \u00f5liga! Hoolimata sellest, et sidrunhein on tuntud ka kokakunstis, on eeterlik \u00f5li m\u00f5eldud v\u00e4lispidiseks kasutamiseks. Vajadusel lahjenda enne kehale kandmist, v\u00e4ldi silma sattumist ning hoia lastele k\u00e4ttesaamatus kohas!<\/span><\/p>\n<p><span style=\"font-weight: 400;\">Hoia \u00f5li suletuna ja soovitavalt jahedas.\u00a0<\/span><\/p>\n<p><span style=\"font-weight: 400;\">Kasuta lisaks meie <\/span><a href=\"https:\/\/tilk.bio\/et\/pood\/varskendav-sprei-aloe-vera-sidrunheinaga\/\"><span style=\"font-weight: 400;\">v\u00e4rskendavat sidrunheinaga Spray Me<\/span><\/a><span style=\"font-weight: 400;\"> spreid, mis sobib ideaalselt p\u00e4eva jooksul kehale ja n\u00e4ole v\u00e4rskuse andmiseks.<\/span><\/p>\n<p><span style=\"font-weight: 400;\">Kogus: 10 ml<\/span><\/p>\n<p>Ohutus: \u00c4ra kasuta eeterlikke \u00f5lisid lahjendamata kujul. Rasedad ja v\u00e4ikelapsed v\u00f5ivad kasutada eeterlikke \u00f5lisid \u00e4\u00e4rmise ettevaatlikkusega. \u00c4ra j\u00e4ta eeterlikke \u00f5lisid lastele k\u00e4ttesaadavasse kohta.<br \/>\nOluline m\u00e4rkus: Siin lehel edastatud info eeterlike \u00f5lide kohta p\u00e4rineb avalikest allikatest ning on kasutamiseks \u00f5ppeotstarbel. M\u00fc\u00fcja\u00a0 ei vastuta info \u00f5igsuse eest.<\/p>\n","protected":false},"excerpt":{"rendered":"<p>100% eeterlik \u00f5li sidrunheinast Sidrunheina eeterlik \u00f5li on tuju t\u00f5stva, meeli ergutava ja energiat andva toimega ning sobib h\u00e4sti ruumide l\u00f5hnastamiseks, puukide ja s\u00e4\u00e4skede peletamiseks ning aroomivannide tegemiseks.\u00a0 Sidrunheina eeterlik \u00f5li on antiseptilise toimega ning v\u00e4rskendav. See \u00f5li aitab lahjendatuna kehale masseerides parandada vereringet ning leevendada liigeste- ja lihaspingeid. Tugeva l\u00f5hnaga sidrunhein sobib suurep\u00e4raselt ka&#8230;<\/p>\n","protected":false},"featured_media":66789,"comment_status":"open","ping_status":"closed","template":"","meta":{"_acf_changed":false},"product_brand":[],"product_cat":[921,389,926],"product_tag":[],"class_list":{"0":"post-66719","1":"product","2":"type-product","3":"status-publish","4":"has-post-thumbnail","6":"product_cat-eeterlik-oli","7":"product_cat-koik-tooted","8":"product_cat-lopumuuk","10":"first","11":"instock","12":"taxable","13":"shipping-taxable","14":"purchasable","15":"product-type-simple"},"acf":[],"yoast_head":"<!-- This site is optimized with the Yoast SEO plugin v27.3 - https:\/\/yoast.com\/product\/yoast-seo-wordpress\/ -->\n<title>Sidrunheina eeterlik \u00f5li - Tilk!<\/title>\n<meta name=\"description\" content=\"Sidrunheina eeterlik \u00f5li on tuju t\u00f5stva, meeli ergutava ja energiat andva toimega ning sobib h\u00e4sti ruumide l\u00f5hnastamiseks, puukide ja s\u00e4\u00e4skede peletamiseks.\" \/>\n<meta name=\"robots\" content=\"index, follow, max-snippet:-1, max-image-preview:large, max-video-preview:-1\" \/>\n<link rel=\"canonical\" href=\"https:\/\/tilk.bio\/pood\/lemongrass-essential-oil\/\" \/>\n<meta property=\"og:locale\" content=\"et_EE\" \/>\n<meta property=\"og:type\" content=\"article\" \/>\n<meta property=\"og:title\" content=\"Sidrunheina eeterlik \u00f5li - Tilk!\" \/>\n<meta property=\"og:description\" content=\"Sidrunheina eeterlik \u00f5li on tuju t\u00f5stva, meeli ergutava ja energiat andva toimega ning sobib h\u00e4sti ruumide l\u00f5hnastamiseks, puukide ja s\u00e4\u00e4skede peletamiseks.\" \/>\n<meta property=\"og:url\" content=\"https:\/\/tilk.bio\/pood\/lemongrass-essential-oil\/\" \/>\n<meta property=\"og:site_name\" content=\"Tilk!\" \/>\n<meta property=\"article:publisher\" content=\"https:\/\/www.facebook.com\/tilk.bio\/\" \/>\n<meta property=\"article:modified_time\" content=\"2026-03-07T22:30:05+00:00\" \/>\n<meta property=\"og:image\" content=\"https:\/\/tilk.bio\/wp-content\/uploads\/2023\/06\/3-1.jpg\" \/>\n\t<meta property=\"og:image:width\" content=\"1200\" \/>\n\t<meta property=\"og:image:height\" content=\"1200\" \/>\n\t<meta property=\"og:image:type\" content=\"image\/jpeg\" \/>\n<meta name=\"twitter:card\" content=\"summary_large_image\" \/>\n<meta name=\"twitter:label1\" content=\"Est. reading time\" \/>\n\t<meta name=\"twitter:data1\" content=\"1 minut\" \/>\n<script type=\"application\/ld+json\" class=\"yoast-schema-graph\">{\"@context\":\"https:\\\/\\\/schema.org\",\"@graph\":[{\"@type\":\"WebPage\",\"@id\":\"https:\\\/\\\/tilk.bio\\\/pood\\\/lemongrass-essential-oil\\\/\",\"url\":\"https:\\\/\\\/tilk.bio\\\/pood\\\/lemongrass-essential-oil\\\/\",\"name\":\"Sidrunheina eeterlik \u00f5li - Tilk!\",\"isPartOf\":{\"@id\":\"https:\\\/\\\/tilk.bio\\\/et\\\/#website\"},\"primaryImageOfPage\":{\"@id\":\"https:\\\/\\\/tilk.bio\\\/pood\\\/lemongrass-essential-oil\\\/#primaryimage\"},\"image\":{\"@id\":\"https:\\\/\\\/tilk.bio\\\/pood\\\/lemongrass-essential-oil\\\/#primaryimage\"},\"thumbnailUrl\":\"https:\\\/\\\/tilk.bio\\\/wp-content\\\/uploads\\\/2023\\\/06\\\/3-1.jpg\",\"datePublished\":\"2023-06-20T21:39:57+00:00\",\"dateModified\":\"2026-03-07T22:30:05+00:00\",\"description\":\"Sidrunheina eeterlik \u00f5li on tuju t\u00f5stva, meeli ergutava ja energiat andva toimega ning sobib h\u00e4sti ruumide l\u00f5hnastamiseks, puukide ja s\u00e4\u00e4skede peletamiseks.\",\"breadcrumb\":{\"@id\":\"https:\\\/\\\/tilk.bio\\\/pood\\\/lemongrass-essential-oil\\\/#breadcrumb\"},\"inLanguage\":\"et\",\"potentialAction\":[{\"@type\":\"ReadAction\",\"target\":[\"https:\\\/\\\/tilk.bio\\\/pood\\\/lemongrass-essential-oil\\\/\"]}]},{\"@type\":\"ImageObject\",\"inLanguage\":\"et\",\"@id\":\"https:\\\/\\\/tilk.bio\\\/pood\\\/lemongrass-essential-oil\\\/#primaryimage\",\"url\":\"https:\\\/\\\/tilk.bio\\\/wp-content\\\/uploads\\\/2023\\\/06\\\/3-1.jpg\",\"contentUrl\":\"https:\\\/\\\/tilk.bio\\\/wp-content\\\/uploads\\\/2023\\\/06\\\/3-1.jpg\",\"width\":1200,\"height\":1200,\"caption\":\"SIDRUNHEINA EETERLIK \u00d5LI\"},{\"@type\":\"BreadcrumbList\",\"@id\":\"https:\\\/\\\/tilk.bio\\\/pood\\\/lemongrass-essential-oil\\\/#breadcrumb\",\"itemListElement\":[{\"@type\":\"ListItem\",\"position\":1,\"name\":\"Home\",\"item\":\"https:\\\/\\\/tilk.bio\\\/et\\\/\"},{\"@type\":\"ListItem\",\"position\":2,\"name\":\"Pood\",\"item\":\"https:\\\/\\\/tilk.bio\\\/et\\\/pood\\\/\"},{\"@type\":\"ListItem\",\"position\":3,\"name\":\"Sidrunheina eeterlik \u00f5li\"}]},{\"@type\":\"WebSite\",\"@id\":\"https:\\\/\\\/tilk.bio\\\/et\\\/#website\",\"url\":\"https:\\\/\\\/tilk.bio\\\/et\\\/\",\"name\":\"Tilk!\",\"description\":\"Keskkonnas\u00f5bralik ja j\u00e4tkusuutlik looduskosmeetika Saaremaalt.\",\"potentialAction\":[{\"@type\":\"SearchAction\",\"target\":{\"@type\":\"EntryPoint\",\"urlTemplate\":\"https:\\\/\\\/tilk.bio\\\/et\\\/?s={search_term_string}\"},\"query-input\":{\"@type\":\"PropertyValueSpecification\",\"valueRequired\":true,\"valueName\":\"search_term_string\"}}],\"inLanguage\":\"et\"}]}<\/script>\n<!-- \/ Yoast SEO plugin. -->","yoast_head_json":{"title":"Sidrunheina eeterlik \u00f5li - Tilk!","description":"Sidrunheina eeterlik \u00f5li on tuju t\u00f5stva, meeli ergutava ja energiat andva toimega ning sobib h\u00e4sti ruumide l\u00f5hnastamiseks, puukide ja s\u00e4\u00e4skede peletamiseks.","robots":{"index":"index","follow":"follow","max-snippet":"max-snippet:-1","max-image-preview":"max-image-preview:large","max-video-preview":"max-video-preview:-1"},"canonical":"https:\/\/tilk.bio\/pood\/lemongrass-essential-oil\/","og_locale":"et_EE","og_type":"article","og_title":"Sidrunheina eeterlik \u00f5li - Tilk!","og_description":"Sidrunheina eeterlik \u00f5li on tuju t\u00f5stva, meeli ergutava ja energiat andva toimega ning sobib h\u00e4sti ruumide l\u00f5hnastamiseks, puukide ja s\u00e4\u00e4skede peletamiseks.","og_url":"https:\/\/tilk.bio\/pood\/lemongrass-essential-oil\/","og_site_name":"Tilk!","article_publisher":"https:\/\/www.facebook.com\/tilk.bio\/","article_modified_time":"2026-03-07T22:30:05+00:00","og_image":[{"width":1200,"height":1200,"url":"https:\/\/tilk.bio\/wp-content\/uploads\/2023\/06\/3-1.jpg","type":"image\/jpeg"}],"twitter_card":"summary_large_image","twitter_misc":{"Est. reading time":"1 minut"},"schema":{"@context":"https:\/\/schema.org","@graph":[{"@type":"WebPage","@id":"https:\/\/tilk.bio\/pood\/lemongrass-essential-oil\/","url":"https:\/\/tilk.bio\/pood\/lemongrass-essential-oil\/","name":"Sidrunheina eeterlik \u00f5li - Tilk!","isPartOf":{"@id":"https:\/\/tilk.bio\/et\/#website"},"primaryImageOfPage":{"@id":"https:\/\/tilk.bio\/pood\/lemongrass-essential-oil\/#primaryimage"},"image":{"@id":"https:\/\/tilk.bio\/pood\/lemongrass-essential-oil\/#primaryimage"},"thumbnailUrl":"https:\/\/tilk.bio\/wp-content\/uploads\/2023\/06\/3-1.jpg","datePublished":"2023-06-20T21:39:57+00:00","dateModified":"2026-03-07T22:30:05+00:00","description":"Sidrunheina eeterlik \u00f5li on tuju t\u00f5stva, meeli ergutava ja energiat andva toimega ning sobib h\u00e4sti ruumide l\u00f5hnastamiseks, puukide ja s\u00e4\u00e4skede peletamiseks.","breadcrumb":{"@id":"https:\/\/tilk.bio\/pood\/lemongrass-essential-oil\/#breadcrumb"},"inLanguage":"et","potentialAction":[{"@type":"ReadAction","target":["https:\/\/tilk.bio\/pood\/lemongrass-essential-oil\/"]}]},{"@type":"ImageObject","inLanguage":"et","@id":"https:\/\/tilk.bio\/pood\/lemongrass-essential-oil\/#primaryimage","url":"https:\/\/tilk.bio\/wp-content\/uploads\/2023\/06\/3-1.jpg","contentUrl":"https:\/\/tilk.bio\/wp-content\/uploads\/2023\/06\/3-1.jpg","width":1200,"height":1200,"caption":"SIDRUNHEINA EETERLIK \u00d5LI"},{"@type":"BreadcrumbList","@id":"https:\/\/tilk.bio\/pood\/lemongrass-essential-oil\/#breadcrumb","itemListElement":[{"@type":"ListItem","position":1,"name":"Home","item":"https:\/\/tilk.bio\/et\/"},{"@type":"ListItem","position":2,"name":"Pood","item":"https:\/\/tilk.bio\/et\/pood\/"},{"@type":"ListItem","position":3,"name":"Sidrunheina eeterlik \u00f5li"}]},{"@type":"WebSite","@id":"https:\/\/tilk.bio\/et\/#website","url":"https:\/\/tilk.bio\/et\/","name":"Tilk!","description":"Keskkonnas\u00f5bralik ja j\u00e4tkusuutlik looduskosmeetika Saaremaalt.","potentialAction":[{"@type":"SearchAction","target":{"@type":"EntryPoint","urlTemplate":"https:\/\/tilk.bio\/et\/?s={search_term_string}"},"query-input":{"@type":"PropertyValueSpecification","valueRequired":true,"valueName":"search_term_string"}}],"inLanguage":"et"}]}},"_links":{"self":[{"href":"https:\/\/tilk.bio\/et\/wp-json\/wp\/v2\/product\/66719","targetHints":{"allow":["GET"]}}],"collection":[{"href":"https:\/\/tilk.bio\/et\/wp-json\/wp\/v2\/product"}],"about":[{"href":"https:\/\/tilk.bio\/et\/wp-json\/wp\/v2\/types\/product"}],"replies":[{"embeddable":true,"href":"https:\/\/tilk.bio\/et\/wp-json\/wp\/v2\/comments?post=66719"}],"wp:featuredmedia":[{"embeddable":true,"href":"https:\/\/tilk.bio\/et\/wp-json\/wp\/v2\/media\/66789"}],"wp:attachment":[{"href":"https:\/\/tilk.bio\/et\/wp-json\/wp\/v2\/media?parent=66719"}],"wp:term":[{"taxonomy":"product_brand","embeddable":true,"href":"https:\/\/tilk.bio\/et\/wp-json\/wp\/v2\/product_brand?post=66719"},{"taxonomy":"product_cat","embeddable":true,"href":"https:\/\/tilk.bio\/et\/wp-json\/wp\/v2\/product_cat?post=66719"},{"taxonomy":"product_tag","embeddable":true,"href":"https:\/\/tilk.bio\/et\/wp-json\/wp\/v2\/product_tag?post=66719"}],"curies":[{"name":"wp","href":"https:\/\/api.w.org\/{rel}","templated":true}]}}