{"id":66721,"date":"2023-06-21T01:08:29","date_gmt":"2023-06-20T22:08:29","guid":{"rendered":"https:\/\/tilk.bio\/shop\/66721\/"},"modified":"2026-04-14T16:45:26","modified_gmt":"2026-04-14T13:45:26","slug":"dermacare-nahka-niisutav-kreem-uureaga-kuivale-nahale","status":"publish","type":"product","link":"https:\/\/tilk.bio\/et\/pood\/dermacare-nahka-niisutav-kreem-uureaga-kuivale-nahale\/","title":{"rendered":"DermaCare nahka niisutav kreem uureaga kuivale nahale"},"content":{"rendered":"<p>Kui sind vaevab dermatiit, kuiv, ketendav ning s\u00fcgelev nahk, siis on spetsiaalselt sellise naha vajadustele m\u00f5eldes v\u00e4lja t\u00f6\u00f6tatud uurea kreem naha eest hoolitsemisel v\u00e4ga t\u00f5hus. Selle peamiseks koostisosaks on uurea, mis on looduslikult ka meie kehas olemas ning aitab s\u00e4ilitada niiskust. Uurea kreem tungib s\u00fcgavale nahakihtidesse ja tulemuseks on pehme, sile ning niisutatud nahk.<\/p>\n<p>Uureal on mitmeid kasulikke omadusi dermatiidi tunnustega naha hooldamisel, n\u00e4iteks eemaldab see surnud naharakud, silub naha pinda ja lukustab niiskust, aidates s\u00e4ilitada naha normaalset niiskustasakaalu.<\/p>\n<p>Dermatiit v\u00f5ib kulgeda perioodiliste \u00e4genemistega, sageli m\u00f5jutab seda \u00f5hukuivus, k\u00fclm, liigne palavus, higistamine, pikem kokkupuude veega, s\u00fcgamine, h\u00f5\u00f5rdumine ja \u00e4rritavad materjalid. Sellep\u00e4rast oleme lisanud kreemi veel suurep\u00e4raseid koostisosi nagu nisuidu-, jojoba- ja kastoor\u00f5li ning sheav\u00f5id, mis toidavad nahka s\u00fcvitsi ning muudavad naha elastseks. Mesilasvahal on p\u00f5letikuvastane toime, see aitab nahka rahustada. Kreemis sisalduv taimne gl\u00fctseriin toetab niiskuse lukustamist nahka ja E-vitamiin ning probiootilised toimeained aitavad v\u00f5idelda naha enneaegse vananemisega, hoolitsedes naha tekstuuri ning terve bioomi eest. K\u00f5ik kreemi koostisosad on looduslikku p\u00e4ritolu, ning selle m\u00f5nusamaks kasutamiseks oleme lisanud sinna l\u00f5hnabuketi lavendlist ja viirukist.<\/p>\n<p>NB! Kui teil on t\u00f5sised nahaprobleemid, v\u00e4ga p\u00f5letikuline dermatiit v\u00f5i \u00fclitundlik nahk, on uurea kreem k\u00fcll sobiv, aga soovitame lisaks p\u00f6\u00f6rduda ka dermatoloogi poole!<\/p>\n<p>Kasutamine: Kanna kreem igap\u00e4evaselt v\u00f5i vastavalt vajadusele kuivale ja puhtale nahale ning h\u00f5\u00f5ru ringjate liigutustega sisse. <span style=\"font-weight: 400;\">Eriti t\u00f5husaks tundliku naha hoolduseks vali juurde ka <\/span><a href=\"https:\/\/tilk.bio\/et\/pood\/protect-me-naokreem-tundlikule-nahale\/\"><span style=\"font-weight: 400;\">Protect Me<\/span><\/a><span style=\"font-weight: 400;\"> n\u00e4okreem.<\/span><\/p>\n<p>Dermatiit on nahahaigus, mida esineb nii v\u00e4ikelastel, kui ka t\u00e4iskasvanutel. tilk! uurea kreem sobib k\u00f5igile vanusegruppidele igap\u00e4evaseks ning vajadusp\u00f5hiseks naha hooldamiseks.<\/p>\n<p>Kogus: 200ml \/ 30ml<\/p>\n","protected":false},"excerpt":{"rendered":"<p>Kui sind vaevab dermatiit, kuiv, ketendav ning s\u00fcgelev nahk, siis on spetsiaalselt sellise naha vajadustele m\u00f5eldes v\u00e4lja t\u00f6\u00f6tatud uurea kreem naha eest hoolitsemisel v\u00e4ga t\u00f5hus. Selle peamiseks koostisosaks on uurea, mis on looduslikult ka meie kehas olemas ning aitab s\u00e4ilitada niiskust. Uurea kreem tungib s\u00fcgavale nahakihtidesse ja tulemuseks on pehme, sile ning niisutatud nahk. Uureal&#8230;<\/p>\n","protected":false},"featured_media":66837,"comment_status":"open","ping_status":"closed","template":"","meta":{"_acf_changed":false},"product_brand":[],"product_cat":[495,605,389,689,891],"product_tag":[],"class_list":{"0":"post-66721","1":"product","2":"type-product","3":"status-publish","4":"has-post-thumbnail","6":"product_cat-kehale","7":"product_cat-kehakreemid-ja-voided","8":"product_cat-koik-tooted","9":"product_cat-kuiv-nahk","10":"product_cat-tilk-biotic-et","12":"first","13":"instock","14":"taxable","15":"shipping-taxable","16":"purchasable","17":"product-type-variable"},"acf":[],"yoast_head":"<!-- This site is optimized with the Yoast SEO plugin v27.3 - https:\/\/yoast.com\/product\/yoast-seo-wordpress\/ -->\n<title>DermaCare kreem sobib, kui sul on dermatiit ja kuiv nahk<\/title>\n<meta name=\"description\" content=\"Kui sind vaevab dermatiit, kuiv, ketendav ning s\u00fcgelev nahk, siis on spetsiaalselt sellise naha vajadustele m\u00f5eldes v\u00e4lja t\u00f6\u00f6tatud uurea kreem naha eest...\" \/>\n<meta name=\"robots\" content=\"index, follow, max-snippet:-1, max-image-preview:large, max-video-preview:-1\" \/>\n<link rel=\"canonical\" href=\"https:\/\/tilk.bio\/et\/pood\/dermacare-nahka-niisutav-kreem-uureaga-kuivale-nahale\/\" \/>\n<meta property=\"og:locale\" content=\"et_EE\" \/>\n<meta property=\"og:type\" content=\"article\" \/>\n<meta property=\"og:title\" content=\"DermaCare kreem sobib, kui sul on dermatiit ja kuiv nahk\" \/>\n<meta property=\"og:description\" content=\"Kui sind vaevab dermatiit, kuiv, ketendav ning s\u00fcgelev nahk, siis on spetsiaalselt sellise naha vajadustele m\u00f5eldes v\u00e4lja t\u00f6\u00f6tatud uurea kreem naha eest...\" \/>\n<meta property=\"og:url\" content=\"https:\/\/tilk.bio\/et\/pood\/dermacare-nahka-niisutav-kreem-uureaga-kuivale-nahale\/\" \/>\n<meta property=\"og:site_name\" content=\"Tilk!\" \/>\n<meta property=\"article:publisher\" content=\"https:\/\/www.facebook.com\/tilk.bio\/\" \/>\n<meta property=\"article:modified_time\" content=\"2026-04-14T13:45:26+00:00\" \/>\n<meta property=\"og:image\" content=\"https:\/\/tilk.bio\/wp-content\/uploads\/2023\/06\/4-1.jpg\" \/>\n\t<meta property=\"og:image:width\" content=\"1200\" \/>\n\t<meta property=\"og:image:height\" content=\"1200\" \/>\n\t<meta property=\"og:image:type\" content=\"image\/jpeg\" \/>\n<meta name=\"twitter:card\" content=\"summary_large_image\" \/>\n<meta name=\"twitter:label1\" content=\"Est. reading time\" \/>\n\t<meta name=\"twitter:data1\" content=\"2 minutit\" \/>\n<script type=\"application\/ld+json\" class=\"yoast-schema-graph\">{\"@context\":\"https:\\\/\\\/schema.org\",\"@graph\":[{\"@type\":\"WebPage\",\"@id\":\"https:\\\/\\\/tilk.bio\\\/et\\\/pood\\\/dermacare-nahka-niisutav-kreem-uureaga-kuivale-nahale\\\/\",\"url\":\"https:\\\/\\\/tilk.bio\\\/et\\\/pood\\\/dermacare-nahka-niisutav-kreem-uureaga-kuivale-nahale\\\/\",\"name\":\"DermaCare kreem sobib, kui sul on dermatiit ja kuiv nahk\",\"isPartOf\":{\"@id\":\"https:\\\/\\\/tilk.bio\\\/et\\\/#website\"},\"primaryImageOfPage\":{\"@id\":\"https:\\\/\\\/tilk.bio\\\/et\\\/pood\\\/dermacare-nahka-niisutav-kreem-uureaga-kuivale-nahale\\\/#primaryimage\"},\"image\":{\"@id\":\"https:\\\/\\\/tilk.bio\\\/et\\\/pood\\\/dermacare-nahka-niisutav-kreem-uureaga-kuivale-nahale\\\/#primaryimage\"},\"thumbnailUrl\":\"https:\\\/\\\/tilk.bio\\\/wp-content\\\/uploads\\\/2023\\\/06\\\/4-1.jpg\",\"datePublished\":\"2023-06-20T22:08:29+00:00\",\"dateModified\":\"2026-04-14T13:45:26+00:00\",\"description\":\"Kui sind vaevab dermatiit, kuiv, ketendav ning s\u00fcgelev nahk, siis on spetsiaalselt sellise naha vajadustele m\u00f5eldes v\u00e4lja t\u00f6\u00f6tatud uurea kreem naha eest...\",\"breadcrumb\":{\"@id\":\"https:\\\/\\\/tilk.bio\\\/et\\\/pood\\\/dermacare-nahka-niisutav-kreem-uureaga-kuivale-nahale\\\/#breadcrumb\"},\"inLanguage\":\"et\",\"potentialAction\":[{\"@type\":\"ReadAction\",\"target\":[\"https:\\\/\\\/tilk.bio\\\/et\\\/pood\\\/dermacare-nahka-niisutav-kreem-uureaga-kuivale-nahale\\\/\"]}]},{\"@type\":\"ImageObject\",\"inLanguage\":\"et\",\"@id\":\"https:\\\/\\\/tilk.bio\\\/et\\\/pood\\\/dermacare-nahka-niisutav-kreem-uureaga-kuivale-nahale\\\/#primaryimage\",\"url\":\"https:\\\/\\\/tilk.bio\\\/wp-content\\\/uploads\\\/2023\\\/06\\\/4-1.jpg\",\"contentUrl\":\"https:\\\/\\\/tilk.bio\\\/wp-content\\\/uploads\\\/2023\\\/06\\\/4-1.jpg\",\"width\":1200,\"height\":1200,\"caption\":\"Dermatiit\"},{\"@type\":\"BreadcrumbList\",\"@id\":\"https:\\\/\\\/tilk.bio\\\/et\\\/pood\\\/dermacare-nahka-niisutav-kreem-uureaga-kuivale-nahale\\\/#breadcrumb\",\"itemListElement\":[{\"@type\":\"ListItem\",\"position\":1,\"name\":\"Home\",\"item\":\"https:\\\/\\\/tilk.bio\\\/et\\\/\"},{\"@type\":\"ListItem\",\"position\":2,\"name\":\"Pood\",\"item\":\"https:\\\/\\\/tilk.bio\\\/et\\\/pood\\\/\"},{\"@type\":\"ListItem\",\"position\":3,\"name\":\"DermaCare nahka niisutav kreem uureaga kuivale nahale\"}]},{\"@type\":\"WebSite\",\"@id\":\"https:\\\/\\\/tilk.bio\\\/et\\\/#website\",\"url\":\"https:\\\/\\\/tilk.bio\\\/et\\\/\",\"name\":\"Tilk!\",\"description\":\"Keskkonnas\u00f5bralik ja j\u00e4tkusuutlik looduskosmeetika Saaremaalt.\",\"potentialAction\":[{\"@type\":\"SearchAction\",\"target\":{\"@type\":\"EntryPoint\",\"urlTemplate\":\"https:\\\/\\\/tilk.bio\\\/et\\\/?s={search_term_string}\"},\"query-input\":{\"@type\":\"PropertyValueSpecification\",\"valueRequired\":true,\"valueName\":\"search_term_string\"}}],\"inLanguage\":\"et\"}]}<\/script>\n<!-- \/ Yoast SEO plugin. -->","yoast_head_json":{"title":"DermaCare kreem sobib, kui sul on dermatiit ja kuiv nahk","description":"Kui sind vaevab dermatiit, kuiv, ketendav ning s\u00fcgelev nahk, siis on spetsiaalselt sellise naha vajadustele m\u00f5eldes v\u00e4lja t\u00f6\u00f6tatud uurea kreem naha eest...","robots":{"index":"index","follow":"follow","max-snippet":"max-snippet:-1","max-image-preview":"max-image-preview:large","max-video-preview":"max-video-preview:-1"},"canonical":"https:\/\/tilk.bio\/et\/pood\/dermacare-nahka-niisutav-kreem-uureaga-kuivale-nahale\/","og_locale":"et_EE","og_type":"article","og_title":"DermaCare kreem sobib, kui sul on dermatiit ja kuiv nahk","og_description":"Kui sind vaevab dermatiit, kuiv, ketendav ning s\u00fcgelev nahk, siis on spetsiaalselt sellise naha vajadustele m\u00f5eldes v\u00e4lja t\u00f6\u00f6tatud uurea kreem naha eest...","og_url":"https:\/\/tilk.bio\/et\/pood\/dermacare-nahka-niisutav-kreem-uureaga-kuivale-nahale\/","og_site_name":"Tilk!","article_publisher":"https:\/\/www.facebook.com\/tilk.bio\/","article_modified_time":"2026-04-14T13:45:26+00:00","og_image":[{"width":1200,"height":1200,"url":"https:\/\/tilk.bio\/wp-content\/uploads\/2023\/06\/4-1.jpg","type":"image\/jpeg"}],"twitter_card":"summary_large_image","twitter_misc":{"Est. reading time":"2 minutit"},"schema":{"@context":"https:\/\/schema.org","@graph":[{"@type":"WebPage","@id":"https:\/\/tilk.bio\/et\/pood\/dermacare-nahka-niisutav-kreem-uureaga-kuivale-nahale\/","url":"https:\/\/tilk.bio\/et\/pood\/dermacare-nahka-niisutav-kreem-uureaga-kuivale-nahale\/","name":"DermaCare kreem sobib, kui sul on dermatiit ja kuiv nahk","isPartOf":{"@id":"https:\/\/tilk.bio\/et\/#website"},"primaryImageOfPage":{"@id":"https:\/\/tilk.bio\/et\/pood\/dermacare-nahka-niisutav-kreem-uureaga-kuivale-nahale\/#primaryimage"},"image":{"@id":"https:\/\/tilk.bio\/et\/pood\/dermacare-nahka-niisutav-kreem-uureaga-kuivale-nahale\/#primaryimage"},"thumbnailUrl":"https:\/\/tilk.bio\/wp-content\/uploads\/2023\/06\/4-1.jpg","datePublished":"2023-06-20T22:08:29+00:00","dateModified":"2026-04-14T13:45:26+00:00","description":"Kui sind vaevab dermatiit, kuiv, ketendav ning s\u00fcgelev nahk, siis on spetsiaalselt sellise naha vajadustele m\u00f5eldes v\u00e4lja t\u00f6\u00f6tatud uurea kreem naha eest...","breadcrumb":{"@id":"https:\/\/tilk.bio\/et\/pood\/dermacare-nahka-niisutav-kreem-uureaga-kuivale-nahale\/#breadcrumb"},"inLanguage":"et","potentialAction":[{"@type":"ReadAction","target":["https:\/\/tilk.bio\/et\/pood\/dermacare-nahka-niisutav-kreem-uureaga-kuivale-nahale\/"]}]},{"@type":"ImageObject","inLanguage":"et","@id":"https:\/\/tilk.bio\/et\/pood\/dermacare-nahka-niisutav-kreem-uureaga-kuivale-nahale\/#primaryimage","url":"https:\/\/tilk.bio\/wp-content\/uploads\/2023\/06\/4-1.jpg","contentUrl":"https:\/\/tilk.bio\/wp-content\/uploads\/2023\/06\/4-1.jpg","width":1200,"height":1200,"caption":"Dermatiit"},{"@type":"BreadcrumbList","@id":"https:\/\/tilk.bio\/et\/pood\/dermacare-nahka-niisutav-kreem-uureaga-kuivale-nahale\/#breadcrumb","itemListElement":[{"@type":"ListItem","position":1,"name":"Home","item":"https:\/\/tilk.bio\/et\/"},{"@type":"ListItem","position":2,"name":"Pood","item":"https:\/\/tilk.bio\/et\/pood\/"},{"@type":"ListItem","position":3,"name":"DermaCare nahka niisutav kreem uureaga kuivale nahale"}]},{"@type":"WebSite","@id":"https:\/\/tilk.bio\/et\/#website","url":"https:\/\/tilk.bio\/et\/","name":"Tilk!","description":"Keskkonnas\u00f5bralik ja j\u00e4tkusuutlik looduskosmeetika Saaremaalt.","potentialAction":[{"@type":"SearchAction","target":{"@type":"EntryPoint","urlTemplate":"https:\/\/tilk.bio\/et\/?s={search_term_string}"},"query-input":{"@type":"PropertyValueSpecification","valueRequired":true,"valueName":"search_term_string"}}],"inLanguage":"et"}]}},"_links":{"self":[{"href":"https:\/\/tilk.bio\/et\/wp-json\/wp\/v2\/product\/66721","targetHints":{"allow":["GET"]}}],"collection":[{"href":"https:\/\/tilk.bio\/et\/wp-json\/wp\/v2\/product"}],"about":[{"href":"https:\/\/tilk.bio\/et\/wp-json\/wp\/v2\/types\/product"}],"replies":[{"embeddable":true,"href":"https:\/\/tilk.bio\/et\/wp-json\/wp\/v2\/comments?post=66721"}],"wp:featuredmedia":[{"embeddable":true,"href":"https:\/\/tilk.bio\/et\/wp-json\/wp\/v2\/media\/66837"}],"wp:attachment":[{"href":"https:\/\/tilk.bio\/et\/wp-json\/wp\/v2\/media?parent=66721"}],"wp:term":[{"taxonomy":"product_brand","embeddable":true,"href":"https:\/\/tilk.bio\/et\/wp-json\/wp\/v2\/product_brand?post=66721"},{"taxonomy":"product_cat","embeddable":true,"href":"https:\/\/tilk.bio\/et\/wp-json\/wp\/v2\/product_cat?post=66721"},{"taxonomy":"product_tag","embeddable":true,"href":"https:\/\/tilk.bio\/et\/wp-json\/wp\/v2\/product_tag?post=66721"}],"curies":[{"name":"wp","href":"https:\/\/api.w.org\/{rel}","templated":true}]}}