{"id":67494,"date":"2023-09-03T22:13:13","date_gmt":"2023-09-03T19:13:13","guid":{"rendered":"https:\/\/tilk.bio\/shop\/must-kuuslauk-taruvaiguga-kapslid-120tk\/"},"modified":"2026-04-19T00:15:02","modified_gmt":"2026-04-18T21:15:02","slug":"must-kuuslauk-taruvaiguga-kapslid-120tk","status":"publish","type":"product","link":"https:\/\/tilk.bio\/et\/pood\/must-kuuslauk-taruvaiguga-kapslid-120tk\/","title":{"rendered":"Must K\u00fc\u00fcslauk taruvaiguga kapslid (120tk)"},"content":{"rendered":"<p>Must k\u00fc\u00fcslauk taruvaiguga on looduslik toidulisand. Musta K\u00fc\u00fcslaugu (90%) ja taruvaigu (10%) kapslid tugevdavad immuunsust ja aitavad stressiga toime tulla.<\/p>\n<p>Must K\u00fc\u00fcslauk taruvaiguga kasutamine: V\u00f5ta 3 kapslit p\u00e4evas, soovitavalt koos lusikat\u00e4ie meega ja luba neil v\u00f5imsatel looduslikel v\u00e4eallikatel oma organismi toetada.<\/p>\n<p><strong>Must k\u00fc\u00fcslauk<\/strong>:<\/p>\n<ul>\n<li>tugevdab immuunsust ja on hea antioks\u00fcdantide allikas<\/li>\n<li>toetab hingamisteede ja veresoonkonna tervist ning aitab kolesterooli kontrolli all hoida<\/li>\n<li>aitab hoida s\u00fcdame terve ning toetab maksa talitust<\/li>\n<li>aitab hoida soolestiku mikrobioloogilist tasakaalu<\/li>\n<li>on antibakteriaalne ning aitab kaitsta keha kahjulike mikroorganismide ja seente eest<\/li>\n<li>aitab toime tulla stressiga<\/li>\n<\/ul>\n<p><strong>Taruvaik<\/strong>:<span class=\"Apple-converted-space\">\u00a0<\/span><\/p>\n<ul>\n<li>toetab suu\u00f5\u00f5ne, kurgu ja \u00fclemiste hingamisteede tervist<\/li>\n<\/ul>\n<p>P\u00e4evane annus, 3 kapslit sisaldab:<br \/>\nMusta K\u00fc\u00fcslaugu pulber\u2026\u2026\u20261350 mg<br \/>\nTaruvaik \u2026\u2026\u2026\u2026\u2026\u2026\u2026\u2026\u2026\u2026\u2026..150 mg<br \/>\nPakendis 120 kapslit 500 mg (40 p\u00e4eva annus)<\/p>\n<p>Hoiatus: Toidulisand ei asenda mitmekesist toitumist. \u00c4ra kasuta toidulisandit, kui oled lapseootel ja v\u00f5i toidad last rinnaga ning \u00e4ra anna kapsleid alla 3 aastasele lapsele (l\u00e4mbumisoht). Taruvaigu osas tasub olla ettevaatlik neil, kel on mee- v\u00f5i \u00f5ietolmuallergia.<\/p>\n<p>Loe ka <a href=\"https:\/\/tilk.bio\/et\/must-kuuslauk-ja-probiootikumid-sinu-ilu-hoidjana-innovaatiline-tilk-pakub-koostoos-teadlastega-parimat-looduskosmeetikat\/\">musta k\u00fc\u00fcslaugu kasutamisest nahahoolduses.<\/a><\/p>\n","protected":false},"excerpt":{"rendered":"<p>Must k\u00fc\u00fcslauk taruvaiguga on looduslik toidulisand. Musta K\u00fc\u00fcslaugu (90%) ja taruvaigu (10%) kapslid tugevdavad immuunsust ja aitavad stressiga toime tulla. Must K\u00fc\u00fcslauk taruvaiguga kasutamine: V\u00f5ta 3 kapslit p\u00e4evas, soovitavalt koos lusikat\u00e4ie meega ja luba neil v\u00f5imsatel looduslikel v\u00e4eallikatel oma organismi toetada. Must k\u00fc\u00fcslauk: tugevdab immuunsust ja on hea antioks\u00fcdantide allikas toetab hingamisteede ja veresoonkonna tervist&#8230;<\/p>\n","protected":false},"featured_media":67491,"comment_status":"open","ping_status":"closed","template":"","meta":{"_acf_changed":false},"product_brand":[],"product_cat":[389,926,724],"product_tag":[],"class_list":{"0":"post-67494","1":"product","2":"type-product","3":"status-publish","4":"has-post-thumbnail","6":"product_cat-koik-tooted","7":"product_cat-lopumuuk","8":"product_cat-must-kuuslauk","10":"first","11":"instock","12":"taxable","13":"shipping-taxable","14":"purchasable","15":"product-type-simple"},"acf":[],"yoast_head":"<!-- This site is optimized with the Yoast SEO plugin v27.4 - https:\/\/yoast.com\/product\/yoast-seo-wordpress\/ -->\n<title>Must K\u00fc\u00fcslauk taruvaiguga kapslid (120tk) - Tilk!<\/title>\n<meta name=\"description\" content=\"Must k\u00fc\u00fcslauk taruvaiguga on looduslik toidulisand, mis tugevdab immuunsust ja aitab stressiga toime tulla. V\u00f5ta 3 kapslit p\u00e4evas...\" \/>\n<meta name=\"robots\" content=\"index, follow, max-snippet:-1, max-image-preview:large, max-video-preview:-1\" \/>\n<link rel=\"canonical\" href=\"https:\/\/tilk.bio\/shop\/black-garlic-and-propolis-capsules\/\" \/>\n<meta property=\"og:locale\" content=\"et_EE\" \/>\n<meta property=\"og:type\" content=\"article\" \/>\n<meta property=\"og:title\" content=\"Must K\u00fc\u00fcslauk taruvaiguga kapslid (120tk) - Tilk!\" \/>\n<meta property=\"og:description\" content=\"Must k\u00fc\u00fcslauk taruvaiguga on looduslik toidulisand, mis tugevdab immuunsust ja aitab stressiga toime tulla. V\u00f5ta 3 kapslit p\u00e4evas...\" \/>\n<meta property=\"og:url\" content=\"https:\/\/tilk.bio\/shop\/black-garlic-and-propolis-capsules\/\" \/>\n<meta property=\"og:site_name\" content=\"Tilk!\" \/>\n<meta property=\"article:publisher\" content=\"https:\/\/www.facebook.com\/tilk.bio\/\" \/>\n<meta property=\"article:modified_time\" content=\"2026-04-18T21:15:02+00:00\" \/>\n<meta property=\"og:image\" content=\"https:\/\/tilk.bio\/wp-content\/uploads\/2023\/09\/Untitled-design.jpg\" \/>\n\t<meta property=\"og:image:width\" content=\"1200\" \/>\n\t<meta property=\"og:image:height\" content=\"1200\" \/>\n\t<meta property=\"og:image:type\" content=\"image\/jpeg\" \/>\n<meta name=\"twitter:card\" content=\"summary_large_image\" \/>\n<meta name=\"twitter:label1\" content=\"Est. reading time\" \/>\n\t<meta name=\"twitter:data1\" content=\"1 minut\" \/>\n<script type=\"application\/ld+json\" class=\"yoast-schema-graph\">{\"@context\":\"https:\\\/\\\/schema.org\",\"@graph\":[{\"@type\":\"WebPage\",\"@id\":\"https:\\\/\\\/tilk.bio\\\/shop\\\/black-garlic-and-propolis-capsules\\\/\",\"url\":\"https:\\\/\\\/tilk.bio\\\/shop\\\/black-garlic-and-propolis-capsules\\\/\",\"name\":\"Must K\u00fc\u00fcslauk taruvaiguga kapslid (120tk) - Tilk!\",\"isPartOf\":{\"@id\":\"https:\\\/\\\/tilk.bio\\\/et\\\/#website\"},\"primaryImageOfPage\":{\"@id\":\"https:\\\/\\\/tilk.bio\\\/shop\\\/black-garlic-and-propolis-capsules\\\/#primaryimage\"},\"image\":{\"@id\":\"https:\\\/\\\/tilk.bio\\\/shop\\\/black-garlic-and-propolis-capsules\\\/#primaryimage\"},\"thumbnailUrl\":\"https:\\\/\\\/tilk.bio\\\/wp-content\\\/uploads\\\/2023\\\/09\\\/Untitled-design.jpg\",\"datePublished\":\"2023-09-03T19:13:13+00:00\",\"dateModified\":\"2026-04-18T21:15:02+00:00\",\"description\":\"Must k\u00fc\u00fcslauk taruvaiguga on looduslik toidulisand, mis tugevdab immuunsust ja aitab stressiga toime tulla. V\u00f5ta 3 kapslit p\u00e4evas...\",\"breadcrumb\":{\"@id\":\"https:\\\/\\\/tilk.bio\\\/shop\\\/black-garlic-and-propolis-capsules\\\/#breadcrumb\"},\"inLanguage\":\"et\",\"potentialAction\":[{\"@type\":\"ReadAction\",\"target\":[\"https:\\\/\\\/tilk.bio\\\/shop\\\/black-garlic-and-propolis-capsules\\\/\"]}]},{\"@type\":\"ImageObject\",\"inLanguage\":\"et\",\"@id\":\"https:\\\/\\\/tilk.bio\\\/shop\\\/black-garlic-and-propolis-capsules\\\/#primaryimage\",\"url\":\"https:\\\/\\\/tilk.bio\\\/wp-content\\\/uploads\\\/2023\\\/09\\\/Untitled-design.jpg\",\"contentUrl\":\"https:\\\/\\\/tilk.bio\\\/wp-content\\\/uploads\\\/2023\\\/09\\\/Untitled-design.jpg\",\"width\":1200,\"height\":1200,\"caption\":\"Musta K\u00fc\u00fcslauk taruvaiguga\"},{\"@type\":\"BreadcrumbList\",\"@id\":\"https:\\\/\\\/tilk.bio\\\/shop\\\/black-garlic-and-propolis-capsules\\\/#breadcrumb\",\"itemListElement\":[{\"@type\":\"ListItem\",\"position\":1,\"name\":\"Home\",\"item\":\"https:\\\/\\\/tilk.bio\\\/et\\\/\"},{\"@type\":\"ListItem\",\"position\":2,\"name\":\"Pood\",\"item\":\"https:\\\/\\\/tilk.bio\\\/et\\\/pood\\\/\"},{\"@type\":\"ListItem\",\"position\":3,\"name\":\"Must K\u00fc\u00fcslauk taruvaiguga kapslid (120tk)\"}]},{\"@type\":\"WebSite\",\"@id\":\"https:\\\/\\\/tilk.bio\\\/et\\\/#website\",\"url\":\"https:\\\/\\\/tilk.bio\\\/et\\\/\",\"name\":\"Tilk!\",\"description\":\"Keskkonnas\u00f5bralik ja j\u00e4tkusuutlik looduskosmeetika Saaremaalt.\",\"potentialAction\":[{\"@type\":\"SearchAction\",\"target\":{\"@type\":\"EntryPoint\",\"urlTemplate\":\"https:\\\/\\\/tilk.bio\\\/et\\\/?s={search_term_string}\"},\"query-input\":{\"@type\":\"PropertyValueSpecification\",\"valueRequired\":true,\"valueName\":\"search_term_string\"}}],\"inLanguage\":\"et\"}]}<\/script>\n<!-- \/ Yoast SEO plugin. -->","yoast_head_json":{"title":"Must K\u00fc\u00fcslauk taruvaiguga kapslid (120tk) - Tilk!","description":"Must k\u00fc\u00fcslauk taruvaiguga on looduslik toidulisand, mis tugevdab immuunsust ja aitab stressiga toime tulla. V\u00f5ta 3 kapslit p\u00e4evas...","robots":{"index":"index","follow":"follow","max-snippet":"max-snippet:-1","max-image-preview":"max-image-preview:large","max-video-preview":"max-video-preview:-1"},"canonical":"https:\/\/tilk.bio\/shop\/black-garlic-and-propolis-capsules\/","og_locale":"et_EE","og_type":"article","og_title":"Must K\u00fc\u00fcslauk taruvaiguga kapslid (120tk) - Tilk!","og_description":"Must k\u00fc\u00fcslauk taruvaiguga on looduslik toidulisand, mis tugevdab immuunsust ja aitab stressiga toime tulla. V\u00f5ta 3 kapslit p\u00e4evas...","og_url":"https:\/\/tilk.bio\/shop\/black-garlic-and-propolis-capsules\/","og_site_name":"Tilk!","article_publisher":"https:\/\/www.facebook.com\/tilk.bio\/","article_modified_time":"2026-04-18T21:15:02+00:00","og_image":[{"width":1200,"height":1200,"url":"https:\/\/tilk.bio\/wp-content\/uploads\/2023\/09\/Untitled-design.jpg","type":"image\/jpeg"}],"twitter_card":"summary_large_image","twitter_misc":{"Est. reading time":"1 minut"},"schema":{"@context":"https:\/\/schema.org","@graph":[{"@type":"WebPage","@id":"https:\/\/tilk.bio\/shop\/black-garlic-and-propolis-capsules\/","url":"https:\/\/tilk.bio\/shop\/black-garlic-and-propolis-capsules\/","name":"Must K\u00fc\u00fcslauk taruvaiguga kapslid (120tk) - Tilk!","isPartOf":{"@id":"https:\/\/tilk.bio\/et\/#website"},"primaryImageOfPage":{"@id":"https:\/\/tilk.bio\/shop\/black-garlic-and-propolis-capsules\/#primaryimage"},"image":{"@id":"https:\/\/tilk.bio\/shop\/black-garlic-and-propolis-capsules\/#primaryimage"},"thumbnailUrl":"https:\/\/tilk.bio\/wp-content\/uploads\/2023\/09\/Untitled-design.jpg","datePublished":"2023-09-03T19:13:13+00:00","dateModified":"2026-04-18T21:15:02+00:00","description":"Must k\u00fc\u00fcslauk taruvaiguga on looduslik toidulisand, mis tugevdab immuunsust ja aitab stressiga toime tulla. V\u00f5ta 3 kapslit p\u00e4evas...","breadcrumb":{"@id":"https:\/\/tilk.bio\/shop\/black-garlic-and-propolis-capsules\/#breadcrumb"},"inLanguage":"et","potentialAction":[{"@type":"ReadAction","target":["https:\/\/tilk.bio\/shop\/black-garlic-and-propolis-capsules\/"]}]},{"@type":"ImageObject","inLanguage":"et","@id":"https:\/\/tilk.bio\/shop\/black-garlic-and-propolis-capsules\/#primaryimage","url":"https:\/\/tilk.bio\/wp-content\/uploads\/2023\/09\/Untitled-design.jpg","contentUrl":"https:\/\/tilk.bio\/wp-content\/uploads\/2023\/09\/Untitled-design.jpg","width":1200,"height":1200,"caption":"Musta K\u00fc\u00fcslauk taruvaiguga"},{"@type":"BreadcrumbList","@id":"https:\/\/tilk.bio\/shop\/black-garlic-and-propolis-capsules\/#breadcrumb","itemListElement":[{"@type":"ListItem","position":1,"name":"Home","item":"https:\/\/tilk.bio\/et\/"},{"@type":"ListItem","position":2,"name":"Pood","item":"https:\/\/tilk.bio\/et\/pood\/"},{"@type":"ListItem","position":3,"name":"Must K\u00fc\u00fcslauk taruvaiguga kapslid (120tk)"}]},{"@type":"WebSite","@id":"https:\/\/tilk.bio\/et\/#website","url":"https:\/\/tilk.bio\/et\/","name":"Tilk!","description":"Keskkonnas\u00f5bralik ja j\u00e4tkusuutlik looduskosmeetika Saaremaalt.","potentialAction":[{"@type":"SearchAction","target":{"@type":"EntryPoint","urlTemplate":"https:\/\/tilk.bio\/et\/?s={search_term_string}"},"query-input":{"@type":"PropertyValueSpecification","valueRequired":true,"valueName":"search_term_string"}}],"inLanguage":"et"}]}},"_links":{"self":[{"href":"https:\/\/tilk.bio\/et\/wp-json\/wp\/v2\/product\/67494","targetHints":{"allow":["GET"]}}],"collection":[{"href":"https:\/\/tilk.bio\/et\/wp-json\/wp\/v2\/product"}],"about":[{"href":"https:\/\/tilk.bio\/et\/wp-json\/wp\/v2\/types\/product"}],"replies":[{"embeddable":true,"href":"https:\/\/tilk.bio\/et\/wp-json\/wp\/v2\/comments?post=67494"}],"wp:featuredmedia":[{"embeddable":true,"href":"https:\/\/tilk.bio\/et\/wp-json\/wp\/v2\/media\/67491"}],"wp:attachment":[{"href":"https:\/\/tilk.bio\/et\/wp-json\/wp\/v2\/media?parent=67494"}],"wp:term":[{"taxonomy":"product_brand","embeddable":true,"href":"https:\/\/tilk.bio\/et\/wp-json\/wp\/v2\/product_brand?post=67494"},{"taxonomy":"product_cat","embeddable":true,"href":"https:\/\/tilk.bio\/et\/wp-json\/wp\/v2\/product_cat?post=67494"},{"taxonomy":"product_tag","embeddable":true,"href":"https:\/\/tilk.bio\/et\/wp-json\/wp\/v2\/product_tag?post=67494"}],"curies":[{"name":"wp","href":"https:\/\/api.w.org\/{rel}","templated":true}]}}