{"id":67816,"date":"2023-09-11T19:11:41","date_gmt":"2023-09-11T16:11:41","guid":{"rendered":"https:\/\/tilk.bio\/shop\/dermacare-sensitive-niisutav-uurea-kreem-eriti-kuivale-ja-tundlikule-nahale\/"},"modified":"2026-04-14T16:45:26","modified_gmt":"2026-04-14T13:45:26","slug":"dermacare-sensitive-niisutav-uurea-kreem-eriti-kuivale-ja-tundlikule-nahale","status":"publish","type":"product","link":"https:\/\/tilk.bio\/et\/pood\/dermacare-sensitive-niisutav-uurea-kreem-eriti-kuivale-ja-tundlikule-nahale\/","title":{"rendered":"Dermatoloogiliselt testitud! DermaCare Sensitive &#8211; niisutav uurea kreem eriti kuivale ja tundlikule nahale"},"content":{"rendered":"<p><strong>Dermatoloogiliselt testitud!<\/strong> Uurea kreem sobib kasutamiseks, kui sind vaevab naha \u00fclitundlikkus, dermatiit, eriti kuiv, ketendav ja s\u00fcgelev nahk. See kreem on v\u00e4ga \u00f5rn, ei sisalda l\u00f5hnaaineid ning on m\u00f5eldud just \u00fclitundliku naha hooldamiseks.<\/p>\n<p>Kreemi peamiseks koostisosaks on uurea, mis aitab s\u00e4ilitada niiskust. \u00d5hu kuivus, dermatiit, k\u00fclm, kuum, sage pesemine, t\u00f6\u00f6 v\u00e4litingimustes ja muud tegurid v\u00f5ivad muuta naha \u00f5rnaks, tekitada punetust, s\u00fcgelust ja kuivust. Uurea kreem tungib s\u00fcgavale nahakihtidesse, lukustab niiskust ning tulemuseks on tervem ja niisutatud nahk.<\/p>\n<p>Kreem sisaldab ka nisuidu-, jojoba- ja kastoor\u00f5li ning sheav\u00f5id, mis aitavad nahka veel s\u00fcgavamalt toita ning hooldada. Mesilasvaha on p\u00f5letikuvastane ja rahustav. E-vitamiin, taimne gl\u00fctseriin ning probiootilised toimeained aitavad v\u00f5idelda naha enneaegse vananemisega, hoolitsedes naha tekstuuri ning terve bioomi eest.<\/p>\n<p>Uurea kreem sobib k\u00f5igile vanusegruppidele igap\u00e4evaseks ja vajadusp\u00f5hiseks naha hooldamiseks. Vajadusel kasuta kreemi kuni 4 korda p\u00e4evas. Naha seisukorra paranedes v\u00f5ib kasutuskordi v\u00e4hendada, kuid kindlasti j\u00e4tkata ka prof\u00fclaktilist kreemitamist minimaalselt kord p\u00e4evas.<\/p>\n<p>NB! Kui teil on t\u00f5sised nahaprobleemid, v\u00e4ga p\u00f5letikuline dermatiit v\u00f5i \u00fclitundlik nahk, on kreem k\u00fcll sobiv, aga soovitame lisaks p\u00f6\u00f6rduda ka dermatoloogi poole!<\/p>\n<p>Kasutamine: Kanna uurea kreem igap\u00e4evaselt v\u00f5i vastavalt vajadusele kuivale ja puhtale nahale ning h\u00f5\u00f5ru ringjate liigutustega sisse. Vajadusel korda protseduuri mitmeid kordi p\u00e4evas. Eriti t\u00f5husaks tundliku naha hoolduseks vali juurde ka <a href=\"https:\/\/tilk.bio\/et\/pood\/protect-me-naokreem-tundlikule-nahale\/\">Protect Me<\/a> n\u00e4okreem.<\/p>\n<p>K\u00f5ik kreemi koostisosad on looduslikku p\u00e4ritolu, kreem ei sisalda l\u00f5hnaaineid.<\/p>\n<p>Kogus: 200 ml \/30 ml<\/p>\n","protected":false},"excerpt":{"rendered":"<p>Dermatoloogiliselt testitud! Uurea kreem sobib kasutamiseks, kui sind vaevab naha \u00fclitundlikkus, dermatiit, eriti kuiv, ketendav ja s\u00fcgelev nahk. See kreem on v\u00e4ga \u00f5rn, ei sisalda l\u00f5hnaaineid ning on m\u00f5eldud just \u00fclitundliku naha hooldamiseks. Kreemi peamiseks koostisosaks on uurea, mis aitab s\u00e4ilitada niiskust. \u00d5hu kuivus, dermatiit, k\u00fclm, kuum, sage pesemine, t\u00f6\u00f6 v\u00e4litingimustes ja muud tegurid v\u00f5ivad&#8230;<\/p>\n","protected":false},"featured_media":71852,"comment_status":"open","ping_status":"closed","template":"","meta":{"_acf_changed":false},"product_brand":[],"product_cat":[494,495,605,389,891,725],"product_tag":[],"class_list":{"0":"post-67816","1":"product","2":"type-product","3":"status-publish","4":"has-post-thumbnail","6":"product_cat-klientide-lemmikud","7":"product_cat-kehale","8":"product_cat-kehakreemid-ja-voided","9":"product_cat-koik-tooted","10":"product_cat-tilk-biotic-et","11":"product_cat-tooteseeriad-et","13":"first","14":"instock","15":"sale","16":"taxable","17":"shipping-taxable","18":"purchasable","19":"product-type-variable"},"acf":[],"yoast_head":"<!-- This site is optimized with the Yoast SEO plugin v27.3 - https:\/\/yoast.com\/product\/yoast-seo-wordpress\/ -->\n<title>Uurea kreem eriti kuivale ja tundlikule nahale<\/title>\n<meta name=\"description\" content=\"Uurea kreem sobib kasutamiseks, kui sind vaevab naha \u00fclitundlikkus, dermatiit, eriti kuiv, ketendav ja s\u00fcgelev nahk. See kreem on v\u00e4ga \u00f5rn, ei sisalda l\u00f5hna\" \/>\n<meta name=\"robots\" content=\"index, follow, max-snippet:-1, max-image-preview:large, max-video-preview:-1\" \/>\n<link rel=\"canonical\" href=\"https:\/\/tilk.bio\/et\/pood\/dermacare-sensitive-niisutav-uurea-kreem-eriti-kuivale-ja-tundlikule-nahale\/\" \/>\n<meta property=\"og:locale\" content=\"et_EE\" \/>\n<meta property=\"og:type\" content=\"article\" \/>\n<meta property=\"og:title\" content=\"Uurea kreem eriti kuivale ja tundlikule nahale\" \/>\n<meta property=\"og:description\" content=\"Uurea kreem sobib kasutamiseks, kui sind vaevab naha \u00fclitundlikkus, dermatiit, eriti kuiv, ketendav ja s\u00fcgelev nahk. See kreem on v\u00e4ga \u00f5rn, ei sisalda l\u00f5hna\" \/>\n<meta property=\"og:url\" content=\"https:\/\/tilk.bio\/et\/pood\/dermacare-sensitive-niisutav-uurea-kreem-eriti-kuivale-ja-tundlikule-nahale\/\" \/>\n<meta property=\"og:site_name\" content=\"Tilk!\" \/>\n<meta property=\"article:publisher\" content=\"https:\/\/www.facebook.com\/tilk.bio\/\" \/>\n<meta property=\"article:modified_time\" content=\"2026-04-14T13:45:26+00:00\" \/>\n<meta property=\"og:image\" content=\"https:\/\/tilk.bio\/wp-content\/uploads\/2023\/09\/Untitled-design-15.jpg\" \/>\n\t<meta property=\"og:image:width\" content=\"1200\" \/>\n\t<meta property=\"og:image:height\" content=\"1200\" \/>\n\t<meta property=\"og:image:type\" content=\"image\/jpeg\" \/>\n<meta name=\"twitter:card\" content=\"summary_large_image\" \/>\n<meta name=\"twitter:label1\" content=\"Est. reading time\" \/>\n\t<meta name=\"twitter:data1\" content=\"2 minutit\" \/>\n<script type=\"application\/ld+json\" class=\"yoast-schema-graph\">{\"@context\":\"https:\\\/\\\/schema.org\",\"@graph\":[{\"@type\":\"WebPage\",\"@id\":\"https:\\\/\\\/tilk.bio\\\/et\\\/pood\\\/dermacare-sensitive-niisutav-uurea-kreem-eriti-kuivale-ja-tundlikule-nahale\\\/\",\"url\":\"https:\\\/\\\/tilk.bio\\\/et\\\/pood\\\/dermacare-sensitive-niisutav-uurea-kreem-eriti-kuivale-ja-tundlikule-nahale\\\/\",\"name\":\"Uurea kreem eriti kuivale ja tundlikule nahale\",\"isPartOf\":{\"@id\":\"https:\\\/\\\/tilk.bio\\\/et\\\/#website\"},\"primaryImageOfPage\":{\"@id\":\"https:\\\/\\\/tilk.bio\\\/et\\\/pood\\\/dermacare-sensitive-niisutav-uurea-kreem-eriti-kuivale-ja-tundlikule-nahale\\\/#primaryimage\"},\"image\":{\"@id\":\"https:\\\/\\\/tilk.bio\\\/et\\\/pood\\\/dermacare-sensitive-niisutav-uurea-kreem-eriti-kuivale-ja-tundlikule-nahale\\\/#primaryimage\"},\"thumbnailUrl\":\"https:\\\/\\\/tilk.bio\\\/wp-content\\\/uploads\\\/2023\\\/09\\\/Untitled-design-15.jpg\",\"datePublished\":\"2023-09-11T16:11:41+00:00\",\"dateModified\":\"2026-04-14T13:45:26+00:00\",\"description\":\"Uurea kreem sobib kasutamiseks, kui sind vaevab naha \u00fclitundlikkus, dermatiit, eriti kuiv, ketendav ja s\u00fcgelev nahk. See kreem on v\u00e4ga \u00f5rn, ei sisalda l\u00f5hna\",\"breadcrumb\":{\"@id\":\"https:\\\/\\\/tilk.bio\\\/et\\\/pood\\\/dermacare-sensitive-niisutav-uurea-kreem-eriti-kuivale-ja-tundlikule-nahale\\\/#breadcrumb\"},\"inLanguage\":\"et\",\"potentialAction\":[{\"@type\":\"ReadAction\",\"target\":[\"https:\\\/\\\/tilk.bio\\\/et\\\/pood\\\/dermacare-sensitive-niisutav-uurea-kreem-eriti-kuivale-ja-tundlikule-nahale\\\/\"]}]},{\"@type\":\"ImageObject\",\"inLanguage\":\"et\",\"@id\":\"https:\\\/\\\/tilk.bio\\\/et\\\/pood\\\/dermacare-sensitive-niisutav-uurea-kreem-eriti-kuivale-ja-tundlikule-nahale\\\/#primaryimage\",\"url\":\"https:\\\/\\\/tilk.bio\\\/wp-content\\\/uploads\\\/2023\\\/09\\\/Untitled-design-15.jpg\",\"contentUrl\":\"https:\\\/\\\/tilk.bio\\\/wp-content\\\/uploads\\\/2023\\\/09\\\/Untitled-design-15.jpg\",\"width\":1200,\"height\":1200},{\"@type\":\"BreadcrumbList\",\"@id\":\"https:\\\/\\\/tilk.bio\\\/et\\\/pood\\\/dermacare-sensitive-niisutav-uurea-kreem-eriti-kuivale-ja-tundlikule-nahale\\\/#breadcrumb\",\"itemListElement\":[{\"@type\":\"ListItem\",\"position\":1,\"name\":\"Home\",\"item\":\"https:\\\/\\\/tilk.bio\\\/et\\\/\"},{\"@type\":\"ListItem\",\"position\":2,\"name\":\"Pood\",\"item\":\"https:\\\/\\\/tilk.bio\\\/et\\\/pood\\\/\"},{\"@type\":\"ListItem\",\"position\":3,\"name\":\"Dermatoloogiliselt testitud! DermaCare Sensitive &#8211; niisutav uurea kreem eriti kuivale ja tundlikule nahale\"}]},{\"@type\":\"WebSite\",\"@id\":\"https:\\\/\\\/tilk.bio\\\/et\\\/#website\",\"url\":\"https:\\\/\\\/tilk.bio\\\/et\\\/\",\"name\":\"Tilk!\",\"description\":\"Keskkonnas\u00f5bralik ja j\u00e4tkusuutlik looduskosmeetika Saaremaalt.\",\"potentialAction\":[{\"@type\":\"SearchAction\",\"target\":{\"@type\":\"EntryPoint\",\"urlTemplate\":\"https:\\\/\\\/tilk.bio\\\/et\\\/?s={search_term_string}\"},\"query-input\":{\"@type\":\"PropertyValueSpecification\",\"valueRequired\":true,\"valueName\":\"search_term_string\"}}],\"inLanguage\":\"et\"}]}<\/script>\n<!-- \/ Yoast SEO plugin. -->","yoast_head_json":{"title":"Uurea kreem eriti kuivale ja tundlikule nahale","description":"Uurea kreem sobib kasutamiseks, kui sind vaevab naha \u00fclitundlikkus, dermatiit, eriti kuiv, ketendav ja s\u00fcgelev nahk. See kreem on v\u00e4ga \u00f5rn, ei sisalda l\u00f5hna","robots":{"index":"index","follow":"follow","max-snippet":"max-snippet:-1","max-image-preview":"max-image-preview:large","max-video-preview":"max-video-preview:-1"},"canonical":"https:\/\/tilk.bio\/et\/pood\/dermacare-sensitive-niisutav-uurea-kreem-eriti-kuivale-ja-tundlikule-nahale\/","og_locale":"et_EE","og_type":"article","og_title":"Uurea kreem eriti kuivale ja tundlikule nahale","og_description":"Uurea kreem sobib kasutamiseks, kui sind vaevab naha \u00fclitundlikkus, dermatiit, eriti kuiv, ketendav ja s\u00fcgelev nahk. See kreem on v\u00e4ga \u00f5rn, ei sisalda l\u00f5hna","og_url":"https:\/\/tilk.bio\/et\/pood\/dermacare-sensitive-niisutav-uurea-kreem-eriti-kuivale-ja-tundlikule-nahale\/","og_site_name":"Tilk!","article_publisher":"https:\/\/www.facebook.com\/tilk.bio\/","article_modified_time":"2026-04-14T13:45:26+00:00","og_image":[{"width":1200,"height":1200,"url":"https:\/\/tilk.bio\/wp-content\/uploads\/2023\/09\/Untitled-design-15.jpg","type":"image\/jpeg"}],"twitter_card":"summary_large_image","twitter_misc":{"Est. reading time":"2 minutit"},"schema":{"@context":"https:\/\/schema.org","@graph":[{"@type":"WebPage","@id":"https:\/\/tilk.bio\/et\/pood\/dermacare-sensitive-niisutav-uurea-kreem-eriti-kuivale-ja-tundlikule-nahale\/","url":"https:\/\/tilk.bio\/et\/pood\/dermacare-sensitive-niisutav-uurea-kreem-eriti-kuivale-ja-tundlikule-nahale\/","name":"Uurea kreem eriti kuivale ja tundlikule nahale","isPartOf":{"@id":"https:\/\/tilk.bio\/et\/#website"},"primaryImageOfPage":{"@id":"https:\/\/tilk.bio\/et\/pood\/dermacare-sensitive-niisutav-uurea-kreem-eriti-kuivale-ja-tundlikule-nahale\/#primaryimage"},"image":{"@id":"https:\/\/tilk.bio\/et\/pood\/dermacare-sensitive-niisutav-uurea-kreem-eriti-kuivale-ja-tundlikule-nahale\/#primaryimage"},"thumbnailUrl":"https:\/\/tilk.bio\/wp-content\/uploads\/2023\/09\/Untitled-design-15.jpg","datePublished":"2023-09-11T16:11:41+00:00","dateModified":"2026-04-14T13:45:26+00:00","description":"Uurea kreem sobib kasutamiseks, kui sind vaevab naha \u00fclitundlikkus, dermatiit, eriti kuiv, ketendav ja s\u00fcgelev nahk. See kreem on v\u00e4ga \u00f5rn, ei sisalda l\u00f5hna","breadcrumb":{"@id":"https:\/\/tilk.bio\/et\/pood\/dermacare-sensitive-niisutav-uurea-kreem-eriti-kuivale-ja-tundlikule-nahale\/#breadcrumb"},"inLanguage":"et","potentialAction":[{"@type":"ReadAction","target":["https:\/\/tilk.bio\/et\/pood\/dermacare-sensitive-niisutav-uurea-kreem-eriti-kuivale-ja-tundlikule-nahale\/"]}]},{"@type":"ImageObject","inLanguage":"et","@id":"https:\/\/tilk.bio\/et\/pood\/dermacare-sensitive-niisutav-uurea-kreem-eriti-kuivale-ja-tundlikule-nahale\/#primaryimage","url":"https:\/\/tilk.bio\/wp-content\/uploads\/2023\/09\/Untitled-design-15.jpg","contentUrl":"https:\/\/tilk.bio\/wp-content\/uploads\/2023\/09\/Untitled-design-15.jpg","width":1200,"height":1200},{"@type":"BreadcrumbList","@id":"https:\/\/tilk.bio\/et\/pood\/dermacare-sensitive-niisutav-uurea-kreem-eriti-kuivale-ja-tundlikule-nahale\/#breadcrumb","itemListElement":[{"@type":"ListItem","position":1,"name":"Home","item":"https:\/\/tilk.bio\/et\/"},{"@type":"ListItem","position":2,"name":"Pood","item":"https:\/\/tilk.bio\/et\/pood\/"},{"@type":"ListItem","position":3,"name":"Dermatoloogiliselt testitud! DermaCare Sensitive &#8211; niisutav uurea kreem eriti kuivale ja tundlikule nahale"}]},{"@type":"WebSite","@id":"https:\/\/tilk.bio\/et\/#website","url":"https:\/\/tilk.bio\/et\/","name":"Tilk!","description":"Keskkonnas\u00f5bralik ja j\u00e4tkusuutlik looduskosmeetika Saaremaalt.","potentialAction":[{"@type":"SearchAction","target":{"@type":"EntryPoint","urlTemplate":"https:\/\/tilk.bio\/et\/?s={search_term_string}"},"query-input":{"@type":"PropertyValueSpecification","valueRequired":true,"valueName":"search_term_string"}}],"inLanguage":"et"}]}},"_links":{"self":[{"href":"https:\/\/tilk.bio\/et\/wp-json\/wp\/v2\/product\/67816","targetHints":{"allow":["GET"]}}],"collection":[{"href":"https:\/\/tilk.bio\/et\/wp-json\/wp\/v2\/product"}],"about":[{"href":"https:\/\/tilk.bio\/et\/wp-json\/wp\/v2\/types\/product"}],"replies":[{"embeddable":true,"href":"https:\/\/tilk.bio\/et\/wp-json\/wp\/v2\/comments?post=67816"}],"wp:featuredmedia":[{"embeddable":true,"href":"https:\/\/tilk.bio\/et\/wp-json\/wp\/v2\/media\/71852"}],"wp:attachment":[{"href":"https:\/\/tilk.bio\/et\/wp-json\/wp\/v2\/media?parent=67816"}],"wp:term":[{"taxonomy":"product_brand","embeddable":true,"href":"https:\/\/tilk.bio\/et\/wp-json\/wp\/v2\/product_brand?post=67816"},{"taxonomy":"product_cat","embeddable":true,"href":"https:\/\/tilk.bio\/et\/wp-json\/wp\/v2\/product_cat?post=67816"},{"taxonomy":"product_tag","embeddable":true,"href":"https:\/\/tilk.bio\/et\/wp-json\/wp\/v2\/product_tag?post=67816"}],"curies":[{"name":"wp","href":"https:\/\/api.w.org\/{rel}","templated":true}]}}