{"id":68078,"date":"2023-09-28T12:10:54","date_gmt":"2023-09-28T09:10:54","guid":{"rendered":"https:\/\/tilk.bio\/shop\/koik-vajalik-reisimiseks-koos-sulguriga-kosmeetikatoodete-kotikeses-tasuta-kingitus\/"},"modified":"2026-02-07T21:00:05","modified_gmt":"2026-02-07T19:00:05","slug":"koik-vajalik-reisimiseks-koos-sulguriga-kosmeetikatoodete-kotikeses-tasuta-kingitus","status":"publish","type":"product","link":"https:\/\/tilk.bio\/et\/pood\/koik-vajalik-reisimiseks-koos-sulguriga-kosmeetikatoodete-kotikeses-tasuta-kingitus\/","title":{"rendered":"K\u00f5ik vajalik reisimiseks koos sulguriga kosmeetikatoodete kotikeses\u00a0+ TASUTA kingitus"},"content":{"rendered":"","protected":false},"excerpt":{"rendered":"<p><span style=\"font-weight: 400;\">tilk! tooted sulguriga kotikeses on suurep\u00e4rased k\u00e4sipagasiga reisides v\u00f5i lihtsalt teel olles kasutamiseks. Kotike on korduskasutatav ja sel on \u00fcleval \u00e4\u00e4res sulgur ning k\u00fcljes pisikesed avaused, et v\u00e4ltida niiskuse j\u00e4\u00e4mist kotti.\u00a0<\/span><\/p>\n<p>Komplekti kuulub:<\/p>\n<ul>\n<li>Sulguriga kosmeetikatoodete kott (15x20cm)<\/li>\n<li>S\u00fcgavpuhastav apelsinil\u00f5hnaline tahke \u0161ampoon kaera, argaania\u00f5li ja taimse keratiiniga (70g)<\/li>\n<li><a href=\"https:\/\/tilk.bio\/et\/pood\/hold-me-deodorantkreem\/\">Hold Me alumiiniumivaba deodorant pat\u0161uli &amp; lavendliga (30ml)<\/a><\/li>\n<li><a href=\"https:\/\/tilk.bio\/et\/pood\/smooch-me-kaitsev-ja-pehmendav-urdipalsam-huultele\/\">Smooch Me kaitsev ja pehmendav palsam huultele (4.8ml)<\/a><\/li>\n<li><a href=\"https:\/\/tilk.bio\/et\/pood\/love-me-katekreem\/\">Love Me niisutav k\u00e4tekreem mango ja sidrunheinaga (10ml)<\/a><\/li>\n<li><a href=\"https:\/\/tilk.bio\/et\/pood\/probiootiline-naokreem-normaalsele-ja-kombineeritud-nahale\/\">Probiootiline n\u00e4okreem normaalsele ja kombineeritud nahale (10ml)<\/a><\/li>\n<\/ul>\n<p>+ TASUTA <a href=\"https:\/\/tilk.bio\/et\/pood\/purify-me-probiootiline-naopuhastusvaht-apelsini-ja-b-5-vitamiiniga-koigile-nahatuupidele\/\">Purify Me probiootiline n\u00e4opuhastusvaht<\/a> apelsini ja B5-vitamiiniga k\u00f5igile nahat\u00fc\u00fcpidele (60ml)<\/p>\n<p><span style=\"font-weight: 400;\">NB! Tore kingitus ka reisimist armastavale s\u00f5brale! \u2708\ufe0f<\/span><\/p>\n","protected":false},"featured_media":68073,"comment_status":"open","ping_status":"closed","template":"","meta":{"_acf_changed":false},"product_brand":[],"product_cat":[389,499,500,891,713],"product_tag":[],"class_list":{"0":"post-68078","1":"product","2":"type-product","3":"status-publish","4":"has-post-thumbnail","6":"product_cat-koik-tooted","7":"product_cat-komplektid","8":"product_cat-reisitooted","9":"product_cat-tilk-biotic-et","10":"product_cat-tilk-herbal-et","12":"first","13":"instock","14":"sale","15":"taxable","16":"shipping-taxable","17":"purchasable","18":"product-type-variable"},"acf":[],"yoast_head":"<!-- This site is optimized with the Yoast SEO plugin v27.4 - https:\/\/yoast.com\/product\/yoast-seo-wordpress\/ -->\n<title>K\u00f5ik vajalik reisimiseks koos sulguriga kosmeetikatoodete kotikeses\u00a0+ TASUTA kingitus - Tilk!<\/title>\n<meta name=\"robots\" content=\"index, follow, max-snippet:-1, max-image-preview:large, max-video-preview:-1\" \/>\n<link rel=\"canonical\" href=\"https:\/\/tilk.bio\/et\/pood\/koik-vajalik-reisimiseks-koos-sulguriga-kosmeetikatoodete-kotikeses-tasuta-kingitus\/\" \/>\n<meta property=\"og:locale\" content=\"et_EE\" \/>\n<meta property=\"og:type\" content=\"article\" \/>\n<meta property=\"og:title\" content=\"K\u00f5ik vajalik reisimiseks koos sulguriga kosmeetikatoodete kotikeses\u00a0+ TASUTA kingitus - Tilk!\" \/>\n<meta property=\"og:description\" content=\"tilk! tooted sulguriga kotikeses on suurep\u00e4rased k\u00e4sipagasiga reisides v\u00f5i lihtsalt teel olles kasutamiseks. Kotike on korduskasutatav ja sel on \u00fcleval \u00e4\u00e4res sulgur ning k\u00fcljes pisikesed avaused, et v\u00e4ltida niiskuse j\u00e4\u00e4mist kotti.\u00a0  Komplekti kuulub:   Sulguriga kosmeetikatoodete kott (15x20cm)  S\u00fcgavpuhastav apelsinil\u00f5hnaline tahke \u0161ampoon kaera, argaania\u00f5li ja taimse keratiiniga (70g)  Hold Me alumiiniumivaba deodorant pat\u0161uli &amp; lavendliga (30ml)  Smooch Me kaitsev ja pehmendav palsam huultele (4.8ml)  Love Me niisutav k\u00e4tekreem mango ja sidrunheinaga (10ml)  Probiootiline n\u00e4okreem normaalsele ja kombineeritud nahale (10ml)  + TASUTA Purify Me probiootiline n\u00e4opuhastusvaht apelsini ja B5-vitamiiniga k\u00f5igile nahat\u00fc\u00fcpidele (60ml)  NB! Tore kingitus ka reisimist armastavale s\u00f5brale! \u2708\ufe0f\" \/>\n<meta property=\"og:url\" content=\"https:\/\/tilk.bio\/et\/pood\/koik-vajalik-reisimiseks-koos-sulguriga-kosmeetikatoodete-kotikeses-tasuta-kingitus\/\" \/>\n<meta property=\"og:site_name\" content=\"Tilk!\" \/>\n<meta property=\"article:publisher\" content=\"https:\/\/www.facebook.com\/tilk.bio\/\" \/>\n<meta property=\"article:modified_time\" content=\"2026-02-07T19:00:05+00:00\" \/>\n<meta property=\"og:image\" content=\"https:\/\/tilk.bio\/wp-content\/uploads\/2023\/09\/Untitled-design-1.jpg\" \/>\n\t<meta property=\"og:image:width\" content=\"1200\" \/>\n\t<meta property=\"og:image:height\" content=\"1200\" \/>\n\t<meta property=\"og:image:type\" content=\"image\/jpeg\" \/>\n<meta name=\"twitter:card\" content=\"summary_large_image\" \/>\n<script type=\"application\/ld+json\" class=\"yoast-schema-graph\">{\"@context\":\"https:\\\/\\\/schema.org\",\"@graph\":[{\"@type\":\"WebPage\",\"@id\":\"https:\\\/\\\/tilk.bio\\\/et\\\/pood\\\/koik-vajalik-reisimiseks-koos-sulguriga-kosmeetikatoodete-kotikeses-tasuta-kingitus\\\/\",\"url\":\"https:\\\/\\\/tilk.bio\\\/et\\\/pood\\\/koik-vajalik-reisimiseks-koos-sulguriga-kosmeetikatoodete-kotikeses-tasuta-kingitus\\\/\",\"name\":\"K\u00f5ik vajalik reisimiseks koos sulguriga kosmeetikatoodete kotikeses\u00a0+ TASUTA kingitus - Tilk!\",\"isPartOf\":{\"@id\":\"https:\\\/\\\/tilk.bio\\\/et\\\/#website\"},\"primaryImageOfPage\":{\"@id\":\"https:\\\/\\\/tilk.bio\\\/et\\\/pood\\\/koik-vajalik-reisimiseks-koos-sulguriga-kosmeetikatoodete-kotikeses-tasuta-kingitus\\\/#primaryimage\"},\"image\":{\"@id\":\"https:\\\/\\\/tilk.bio\\\/et\\\/pood\\\/koik-vajalik-reisimiseks-koos-sulguriga-kosmeetikatoodete-kotikeses-tasuta-kingitus\\\/#primaryimage\"},\"thumbnailUrl\":\"https:\\\/\\\/tilk.bio\\\/wp-content\\\/uploads\\\/2023\\\/09\\\/Untitled-design-1.jpg\",\"datePublished\":\"2023-09-28T09:10:54+00:00\",\"dateModified\":\"2026-02-07T19:00:05+00:00\",\"breadcrumb\":{\"@id\":\"https:\\\/\\\/tilk.bio\\\/et\\\/pood\\\/koik-vajalik-reisimiseks-koos-sulguriga-kosmeetikatoodete-kotikeses-tasuta-kingitus\\\/#breadcrumb\"},\"inLanguage\":\"et\",\"potentialAction\":[{\"@type\":\"ReadAction\",\"target\":[\"https:\\\/\\\/tilk.bio\\\/et\\\/pood\\\/koik-vajalik-reisimiseks-koos-sulguriga-kosmeetikatoodete-kotikeses-tasuta-kingitus\\\/\"]}]},{\"@type\":\"ImageObject\",\"inLanguage\":\"et\",\"@id\":\"https:\\\/\\\/tilk.bio\\\/et\\\/pood\\\/koik-vajalik-reisimiseks-koos-sulguriga-kosmeetikatoodete-kotikeses-tasuta-kingitus\\\/#primaryimage\",\"url\":\"https:\\\/\\\/tilk.bio\\\/wp-content\\\/uploads\\\/2023\\\/09\\\/Untitled-design-1.jpg\",\"contentUrl\":\"https:\\\/\\\/tilk.bio\\\/wp-content\\\/uploads\\\/2023\\\/09\\\/Untitled-design-1.jpg\",\"width\":1200,\"height\":1200,\"caption\":\"Kosmeetika reisikott\"},{\"@type\":\"BreadcrumbList\",\"@id\":\"https:\\\/\\\/tilk.bio\\\/et\\\/pood\\\/koik-vajalik-reisimiseks-koos-sulguriga-kosmeetikatoodete-kotikeses-tasuta-kingitus\\\/#breadcrumb\",\"itemListElement\":[{\"@type\":\"ListItem\",\"position\":1,\"name\":\"Home\",\"item\":\"https:\\\/\\\/tilk.bio\\\/et\\\/\"},{\"@type\":\"ListItem\",\"position\":2,\"name\":\"Pood\",\"item\":\"https:\\\/\\\/tilk.bio\\\/et\\\/pood\\\/\"},{\"@type\":\"ListItem\",\"position\":3,\"name\":\"K\u00f5ik vajalik reisimiseks koos sulguriga kosmeetikatoodete kotikeses\u00a0+ TASUTA kingitus\"}]},{\"@type\":\"WebSite\",\"@id\":\"https:\\\/\\\/tilk.bio\\\/et\\\/#website\",\"url\":\"https:\\\/\\\/tilk.bio\\\/et\\\/\",\"name\":\"Tilk!\",\"description\":\"Keskkonnas\u00f5bralik ja j\u00e4tkusuutlik looduskosmeetika Saaremaalt.\",\"potentialAction\":[{\"@type\":\"SearchAction\",\"target\":{\"@type\":\"EntryPoint\",\"urlTemplate\":\"https:\\\/\\\/tilk.bio\\\/et\\\/?s={search_term_string}\"},\"query-input\":{\"@type\":\"PropertyValueSpecification\",\"valueRequired\":true,\"valueName\":\"search_term_string\"}}],\"inLanguage\":\"et\"}]}<\/script>\n<!-- \/ Yoast SEO plugin. -->","yoast_head_json":{"title":"K\u00f5ik vajalik reisimiseks koos sulguriga kosmeetikatoodete kotikeses\u00a0+ TASUTA kingitus - Tilk!","robots":{"index":"index","follow":"follow","max-snippet":"max-snippet:-1","max-image-preview":"max-image-preview:large","max-video-preview":"max-video-preview:-1"},"canonical":"https:\/\/tilk.bio\/et\/pood\/koik-vajalik-reisimiseks-koos-sulguriga-kosmeetikatoodete-kotikeses-tasuta-kingitus\/","og_locale":"et_EE","og_type":"article","og_title":"K\u00f5ik vajalik reisimiseks koos sulguriga kosmeetikatoodete kotikeses\u00a0+ TASUTA kingitus - Tilk!","og_description":"tilk! tooted sulguriga kotikeses on suurep\u00e4rased k\u00e4sipagasiga reisides v\u00f5i lihtsalt teel olles kasutamiseks. Kotike on korduskasutatav ja sel on \u00fcleval \u00e4\u00e4res sulgur ning k\u00fcljes pisikesed avaused, et v\u00e4ltida niiskuse j\u00e4\u00e4mist kotti.\u00a0  Komplekti kuulub:   Sulguriga kosmeetikatoodete kott (15x20cm)  S\u00fcgavpuhastav apelsinil\u00f5hnaline tahke \u0161ampoon kaera, argaania\u00f5li ja taimse keratiiniga (70g)  Hold Me alumiiniumivaba deodorant pat\u0161uli &amp; lavendliga (30ml)  Smooch Me kaitsev ja pehmendav palsam huultele (4.8ml)  Love Me niisutav k\u00e4tekreem mango ja sidrunheinaga (10ml)  Probiootiline n\u00e4okreem normaalsele ja kombineeritud nahale (10ml)  + TASUTA Purify Me probiootiline n\u00e4opuhastusvaht apelsini ja B5-vitamiiniga k\u00f5igile nahat\u00fc\u00fcpidele (60ml)  NB! Tore kingitus ka reisimist armastavale s\u00f5brale! \u2708\ufe0f","og_url":"https:\/\/tilk.bio\/et\/pood\/koik-vajalik-reisimiseks-koos-sulguriga-kosmeetikatoodete-kotikeses-tasuta-kingitus\/","og_site_name":"Tilk!","article_publisher":"https:\/\/www.facebook.com\/tilk.bio\/","article_modified_time":"2026-02-07T19:00:05+00:00","og_image":[{"width":1200,"height":1200,"url":"https:\/\/tilk.bio\/wp-content\/uploads\/2023\/09\/Untitled-design-1.jpg","type":"image\/jpeg"}],"twitter_card":"summary_large_image","schema":{"@context":"https:\/\/schema.org","@graph":[{"@type":"WebPage","@id":"https:\/\/tilk.bio\/et\/pood\/koik-vajalik-reisimiseks-koos-sulguriga-kosmeetikatoodete-kotikeses-tasuta-kingitus\/","url":"https:\/\/tilk.bio\/et\/pood\/koik-vajalik-reisimiseks-koos-sulguriga-kosmeetikatoodete-kotikeses-tasuta-kingitus\/","name":"K\u00f5ik vajalik reisimiseks koos sulguriga kosmeetikatoodete kotikeses\u00a0+ TASUTA kingitus - Tilk!","isPartOf":{"@id":"https:\/\/tilk.bio\/et\/#website"},"primaryImageOfPage":{"@id":"https:\/\/tilk.bio\/et\/pood\/koik-vajalik-reisimiseks-koos-sulguriga-kosmeetikatoodete-kotikeses-tasuta-kingitus\/#primaryimage"},"image":{"@id":"https:\/\/tilk.bio\/et\/pood\/koik-vajalik-reisimiseks-koos-sulguriga-kosmeetikatoodete-kotikeses-tasuta-kingitus\/#primaryimage"},"thumbnailUrl":"https:\/\/tilk.bio\/wp-content\/uploads\/2023\/09\/Untitled-design-1.jpg","datePublished":"2023-09-28T09:10:54+00:00","dateModified":"2026-02-07T19:00:05+00:00","breadcrumb":{"@id":"https:\/\/tilk.bio\/et\/pood\/koik-vajalik-reisimiseks-koos-sulguriga-kosmeetikatoodete-kotikeses-tasuta-kingitus\/#breadcrumb"},"inLanguage":"et","potentialAction":[{"@type":"ReadAction","target":["https:\/\/tilk.bio\/et\/pood\/koik-vajalik-reisimiseks-koos-sulguriga-kosmeetikatoodete-kotikeses-tasuta-kingitus\/"]}]},{"@type":"ImageObject","inLanguage":"et","@id":"https:\/\/tilk.bio\/et\/pood\/koik-vajalik-reisimiseks-koos-sulguriga-kosmeetikatoodete-kotikeses-tasuta-kingitus\/#primaryimage","url":"https:\/\/tilk.bio\/wp-content\/uploads\/2023\/09\/Untitled-design-1.jpg","contentUrl":"https:\/\/tilk.bio\/wp-content\/uploads\/2023\/09\/Untitled-design-1.jpg","width":1200,"height":1200,"caption":"Kosmeetika reisikott"},{"@type":"BreadcrumbList","@id":"https:\/\/tilk.bio\/et\/pood\/koik-vajalik-reisimiseks-koos-sulguriga-kosmeetikatoodete-kotikeses-tasuta-kingitus\/#breadcrumb","itemListElement":[{"@type":"ListItem","position":1,"name":"Home","item":"https:\/\/tilk.bio\/et\/"},{"@type":"ListItem","position":2,"name":"Pood","item":"https:\/\/tilk.bio\/et\/pood\/"},{"@type":"ListItem","position":3,"name":"K\u00f5ik vajalik reisimiseks koos sulguriga kosmeetikatoodete kotikeses\u00a0+ TASUTA kingitus"}]},{"@type":"WebSite","@id":"https:\/\/tilk.bio\/et\/#website","url":"https:\/\/tilk.bio\/et\/","name":"Tilk!","description":"Keskkonnas\u00f5bralik ja j\u00e4tkusuutlik looduskosmeetika Saaremaalt.","potentialAction":[{"@type":"SearchAction","target":{"@type":"EntryPoint","urlTemplate":"https:\/\/tilk.bio\/et\/?s={search_term_string}"},"query-input":{"@type":"PropertyValueSpecification","valueRequired":true,"valueName":"search_term_string"}}],"inLanguage":"et"}]}},"_links":{"self":[{"href":"https:\/\/tilk.bio\/et\/wp-json\/wp\/v2\/product\/68078","targetHints":{"allow":["GET"]}}],"collection":[{"href":"https:\/\/tilk.bio\/et\/wp-json\/wp\/v2\/product"}],"about":[{"href":"https:\/\/tilk.bio\/et\/wp-json\/wp\/v2\/types\/product"}],"replies":[{"embeddable":true,"href":"https:\/\/tilk.bio\/et\/wp-json\/wp\/v2\/comments?post=68078"}],"wp:featuredmedia":[{"embeddable":true,"href":"https:\/\/tilk.bio\/et\/wp-json\/wp\/v2\/media\/68073"}],"wp:attachment":[{"href":"https:\/\/tilk.bio\/et\/wp-json\/wp\/v2\/media?parent=68078"}],"wp:term":[{"taxonomy":"product_brand","embeddable":true,"href":"https:\/\/tilk.bio\/et\/wp-json\/wp\/v2\/product_brand?post=68078"},{"taxonomy":"product_cat","embeddable":true,"href":"https:\/\/tilk.bio\/et\/wp-json\/wp\/v2\/product_cat?post=68078"},{"taxonomy":"product_tag","embeddable":true,"href":"https:\/\/tilk.bio\/et\/wp-json\/wp\/v2\/product_tag?post=68078"}],"curies":[{"name":"wp","href":"https:\/\/api.w.org\/{rel}","templated":true}]}}