{"id":68405,"date":"2023-11-03T14:39:13","date_gmt":"2023-11-03T12:39:13","guid":{"rendered":"https:\/\/tilk.bio\/shop\/68405\/"},"modified":"2026-03-26T15:00:08","modified_gmt":"2026-03-26T13:00:08","slug":"shield-me-probiootiline-ilmastikukreem-sheavoiga","status":"publish","type":"product","link":"https:\/\/tilk.bio\/et\/pood\/shield-me-probiootiline-ilmastikukreem-sheavoiga\/","title":{"rendered":"Shield Me probiootiline ilmastikukreem sheav\u00f5iga"},"content":{"rendered":"<p><span style=\"font-weight: 400;\">Shield Me on ilmastikukreem, mis on loodud spetsiaalselt sinu naha vajaduste rahuldamiseks erinevate keskkonnatingimuste vaheldumisel ja kliima muutumisel. See on l\u00f5hnatu ning sobib kasutamiseks ka v\u00e4ga tundliku naha puhul.\u00a0<\/span><\/p>\n<p><span style=\"font-weight: 400;\">Kreemi koostis loob nahale justkui kaitsebarj\u00e4\u00e4ri, mis imendub t\u00e4ielikult, rahustab ja pakub s\u00fcgavat niisutust ning taastab samal ajal tundliku naha loomuliku tasakaalu. Kreemi kasutamine aitab ennetada ning leevendab tuulest, veest ja k\u00fclmast tingitud naha\u00e4rritust, punetust, karedust ning l\u00f5hesid.\u00a0<\/span><\/p>\n<p><span style=\"font-weight: 400;\">Kreemi \u00fcheks komponendiks olev uurea tungib s\u00fcgavale nahakihtidesse ja aitab hoida selle loomulikku niiskust, sheav\u00f5i toidab ning hooldab. Mesilasvaha on p\u00f5letikuvastane ja rahustav, E-vitamiin ning probiootilised toimeained aitavad hoolitseda naha tekstuuri, elastsuse ning terve bioomi eest.<\/span><\/p>\n<p><span style=\"font-weight: 400;\">Kasutamine: Kanna kreem enne v\u00e4lja minekut kuivadele ja puhastele k\u00e4tele, p\u00f5skedele v\u00f5i muudele piirkondadele, mis puutuvad kokku k\u00fclma, niiskuse v\u00f5i tuulega ning h\u00f5\u00f5ru ringjate liigutustega sisse. Uuenda vastavalt vajadusele v\u00f5i kasuta igap\u00e4evaselt ennetamaks kuivust, punetust ja l\u00f5hesid. Vajadusel korda protseduuri mitmeid kordi p\u00e4evas. Kasuta ka meie <a href=\"https:\/\/tilk.bio\/et\/pood\/protect-me-naokreem-tundlikule-nahale\/\">Protect Me<\/a> p\u00e4evakreemi, mis sobib h\u00e4sti kuiva ja tundliku n\u00e4onaha igap\u00e4evaseks hoolduseks.<\/span><\/p>\n<p><span style=\"font-weight: 400;\">K\u00f5ik kreemi koostisosad on looduslikku p\u00e4ritolu, kreem ei sisalda l\u00f5hnaaineid.<\/span><\/p>\n<p><span style=\"font-weight: 400;\">Kogus: 50 ml<\/span><\/p>\n","protected":false},"excerpt":{"rendered":"<p>Shield Me on ilmastikukreem, mis on loodud spetsiaalselt sinu naha vajaduste rahuldamiseks erinevate keskkonnatingimuste vaheldumisel ja kliima muutumisel. See on l\u00f5hnatu ning sobib kasutamiseks ka v\u00e4ga tundliku naha puhul.\u00a0 Kreemi koostis loob nahale justkui kaitsebarj\u00e4\u00e4ri, mis imendub t\u00e4ielikult, rahustab ja pakub s\u00fcgavat niisutust ning taastab samal ajal tundliku naha loomuliku tasakaalu. Kreemi kasutamine aitab ennetada&#8230;<\/p>\n","protected":false},"featured_media":68811,"comment_status":"open","ping_status":"closed","template":"","meta":{"_acf_changed":false},"product_brand":[],"product_cat":[495,605,389,689,891,690],"product_tag":[],"class_list":{"0":"post-68405","1":"product","2":"type-product","3":"status-publish","4":"has-post-thumbnail","6":"product_cat-kehale","7":"product_cat-kehakreemid-ja-voided","8":"product_cat-koik-tooted","9":"product_cat-kuiv-nahk","10":"product_cat-tilk-biotic-et","11":"product_cat-tundlik-nahk","13":"first","14":"instock","15":"taxable","16":"shipping-taxable","17":"purchasable","18":"product-type-simple"},"acf":[],"yoast_head":"<!-- This site is optimized with the Yoast SEO plugin v27.3 - https:\/\/yoast.com\/product\/yoast-seo-wordpress\/ -->\n<title>Shield Me probiootiline ilmastikukreem sheav\u00f5iga - Tilk!<\/title>\n<meta name=\"description\" content=\"Shield Me on ilmastikukreem, mis on loodud spetsiaalselt sinu naha vajaduste rahuldamiseks erinevate keskkonnatingimuste vaheldumisel ja kliima muutumisel.\" \/>\n<meta name=\"robots\" content=\"index, follow, max-snippet:-1, max-image-preview:large, max-video-preview:-1\" \/>\n<link rel=\"canonical\" href=\"https:\/\/tilk.bio\/et\/pood\/shield-me-probiootiline-ilmastikukreem-sheavoiga\/\" \/>\n<meta property=\"og:locale\" content=\"et_EE\" \/>\n<meta property=\"og:type\" content=\"article\" \/>\n<meta property=\"og:title\" content=\"Shield Me probiootiline ilmastikukreem sheav\u00f5iga - Tilk!\" \/>\n<meta property=\"og:description\" content=\"Shield Me on ilmastikukreem, mis on loodud spetsiaalselt sinu naha vajaduste rahuldamiseks erinevate keskkonnatingimuste vaheldumisel ja kliima muutumisel.\" \/>\n<meta property=\"og:url\" content=\"https:\/\/tilk.bio\/et\/pood\/shield-me-probiootiline-ilmastikukreem-sheavoiga\/\" \/>\n<meta property=\"og:site_name\" content=\"Tilk!\" \/>\n<meta property=\"article:publisher\" content=\"https:\/\/www.facebook.com\/tilk.bio\/\" \/>\n<meta property=\"article:modified_time\" content=\"2026-03-26T13:00:08+00:00\" \/>\n<meta property=\"og:image\" content=\"https:\/\/tilk.bio\/wp-content\/uploads\/2023\/11\/BAE0C2DB-1E2E-45C8-B905-86AF777D8A3D-1024x1024.jpg\" \/>\n<meta name=\"twitter:card\" content=\"summary_large_image\" \/>\n<meta name=\"twitter:label1\" content=\"Est. reading time\" \/>\n\t<meta name=\"twitter:data1\" content=\"1 minut\" \/>\n<script type=\"application\/ld+json\" class=\"yoast-schema-graph\">{\"@context\":\"https:\\\/\\\/schema.org\",\"@graph\":[{\"@type\":\"WebPage\",\"@id\":\"https:\\\/\\\/tilk.bio\\\/et\\\/pood\\\/shield-me-probiootiline-ilmastikukreem-sheavoiga\\\/\",\"url\":\"https:\\\/\\\/tilk.bio\\\/et\\\/pood\\\/shield-me-probiootiline-ilmastikukreem-sheavoiga\\\/\",\"name\":\"Shield Me probiootiline ilmastikukreem sheav\u00f5iga - Tilk!\",\"isPartOf\":{\"@id\":\"https:\\\/\\\/tilk.bio\\\/et\\\/#website\"},\"primaryImageOfPage\":{\"@id\":\"https:\\\/\\\/tilk.bio\\\/et\\\/pood\\\/shield-me-probiootiline-ilmastikukreem-sheavoiga\\\/#primaryimage\"},\"image\":{\"@id\":\"https:\\\/\\\/tilk.bio\\\/et\\\/pood\\\/shield-me-probiootiline-ilmastikukreem-sheavoiga\\\/#primaryimage\"},\"thumbnailUrl\":\"https:\\\/\\\/tilk.bio\\\/wp-content\\\/uploads\\\/2023\\\/11\\\/Untitled-design-22.jpg\",\"datePublished\":\"2023-11-03T12:39:13+00:00\",\"dateModified\":\"2026-03-26T13:00:08+00:00\",\"description\":\"Shield Me on ilmastikukreem, mis on loodud spetsiaalselt sinu naha vajaduste rahuldamiseks erinevate keskkonnatingimuste vaheldumisel ja kliima muutumisel.\",\"breadcrumb\":{\"@id\":\"https:\\\/\\\/tilk.bio\\\/et\\\/pood\\\/shield-me-probiootiline-ilmastikukreem-sheavoiga\\\/#breadcrumb\"},\"inLanguage\":\"et\",\"potentialAction\":[{\"@type\":\"ReadAction\",\"target\":[\"https:\\\/\\\/tilk.bio\\\/et\\\/pood\\\/shield-me-probiootiline-ilmastikukreem-sheavoiga\\\/\"]}]},{\"@type\":\"ImageObject\",\"inLanguage\":\"et\",\"@id\":\"https:\\\/\\\/tilk.bio\\\/et\\\/pood\\\/shield-me-probiootiline-ilmastikukreem-sheavoiga\\\/#primaryimage\",\"url\":\"https:\\\/\\\/tilk.bio\\\/wp-content\\\/uploads\\\/2023\\\/11\\\/Untitled-design-22.jpg\",\"contentUrl\":\"https:\\\/\\\/tilk.bio\\\/wp-content\\\/uploads\\\/2023\\\/11\\\/Untitled-design-22.jpg\",\"width\":1200,\"height\":1200,\"caption\":\"ilmastikukreem\"},{\"@type\":\"BreadcrumbList\",\"@id\":\"https:\\\/\\\/tilk.bio\\\/et\\\/pood\\\/shield-me-probiootiline-ilmastikukreem-sheavoiga\\\/#breadcrumb\",\"itemListElement\":[{\"@type\":\"ListItem\",\"position\":1,\"name\":\"Home\",\"item\":\"https:\\\/\\\/tilk.bio\\\/et\\\/\"},{\"@type\":\"ListItem\",\"position\":2,\"name\":\"Pood\",\"item\":\"https:\\\/\\\/tilk.bio\\\/et\\\/pood\\\/\"},{\"@type\":\"ListItem\",\"position\":3,\"name\":\"Shield Me probiootiline ilmastikukreem sheav\u00f5iga\"}]},{\"@type\":\"WebSite\",\"@id\":\"https:\\\/\\\/tilk.bio\\\/et\\\/#website\",\"url\":\"https:\\\/\\\/tilk.bio\\\/et\\\/\",\"name\":\"Tilk!\",\"description\":\"Keskkonnas\u00f5bralik ja j\u00e4tkusuutlik looduskosmeetika Saaremaalt.\",\"potentialAction\":[{\"@type\":\"SearchAction\",\"target\":{\"@type\":\"EntryPoint\",\"urlTemplate\":\"https:\\\/\\\/tilk.bio\\\/et\\\/?s={search_term_string}\"},\"query-input\":{\"@type\":\"PropertyValueSpecification\",\"valueRequired\":true,\"valueName\":\"search_term_string\"}}],\"inLanguage\":\"et\"}]}<\/script>\n<!-- \/ Yoast SEO plugin. -->","yoast_head_json":{"title":"Shield Me probiootiline ilmastikukreem sheav\u00f5iga - Tilk!","description":"Shield Me on ilmastikukreem, mis on loodud spetsiaalselt sinu naha vajaduste rahuldamiseks erinevate keskkonnatingimuste vaheldumisel ja kliima muutumisel.","robots":{"index":"index","follow":"follow","max-snippet":"max-snippet:-1","max-image-preview":"max-image-preview:large","max-video-preview":"max-video-preview:-1"},"canonical":"https:\/\/tilk.bio\/et\/pood\/shield-me-probiootiline-ilmastikukreem-sheavoiga\/","og_locale":"et_EE","og_type":"article","og_title":"Shield Me probiootiline ilmastikukreem sheav\u00f5iga - Tilk!","og_description":"Shield Me on ilmastikukreem, mis on loodud spetsiaalselt sinu naha vajaduste rahuldamiseks erinevate keskkonnatingimuste vaheldumisel ja kliima muutumisel.","og_url":"https:\/\/tilk.bio\/et\/pood\/shield-me-probiootiline-ilmastikukreem-sheavoiga\/","og_site_name":"Tilk!","article_publisher":"https:\/\/www.facebook.com\/tilk.bio\/","article_modified_time":"2026-03-26T13:00:08+00:00","og_image":[{"url":"https:\/\/tilk.bio\/wp-content\/uploads\/2023\/11\/BAE0C2DB-1E2E-45C8-B905-86AF777D8A3D-1024x1024.jpg","type":"","width":"","height":""}],"twitter_card":"summary_large_image","twitter_misc":{"Est. reading time":"1 minut"},"schema":{"@context":"https:\/\/schema.org","@graph":[{"@type":"WebPage","@id":"https:\/\/tilk.bio\/et\/pood\/shield-me-probiootiline-ilmastikukreem-sheavoiga\/","url":"https:\/\/tilk.bio\/et\/pood\/shield-me-probiootiline-ilmastikukreem-sheavoiga\/","name":"Shield Me probiootiline ilmastikukreem sheav\u00f5iga - Tilk!","isPartOf":{"@id":"https:\/\/tilk.bio\/et\/#website"},"primaryImageOfPage":{"@id":"https:\/\/tilk.bio\/et\/pood\/shield-me-probiootiline-ilmastikukreem-sheavoiga\/#primaryimage"},"image":{"@id":"https:\/\/tilk.bio\/et\/pood\/shield-me-probiootiline-ilmastikukreem-sheavoiga\/#primaryimage"},"thumbnailUrl":"https:\/\/tilk.bio\/wp-content\/uploads\/2023\/11\/Untitled-design-22.jpg","datePublished":"2023-11-03T12:39:13+00:00","dateModified":"2026-03-26T13:00:08+00:00","description":"Shield Me on ilmastikukreem, mis on loodud spetsiaalselt sinu naha vajaduste rahuldamiseks erinevate keskkonnatingimuste vaheldumisel ja kliima muutumisel.","breadcrumb":{"@id":"https:\/\/tilk.bio\/et\/pood\/shield-me-probiootiline-ilmastikukreem-sheavoiga\/#breadcrumb"},"inLanguage":"et","potentialAction":[{"@type":"ReadAction","target":["https:\/\/tilk.bio\/et\/pood\/shield-me-probiootiline-ilmastikukreem-sheavoiga\/"]}]},{"@type":"ImageObject","inLanguage":"et","@id":"https:\/\/tilk.bio\/et\/pood\/shield-me-probiootiline-ilmastikukreem-sheavoiga\/#primaryimage","url":"https:\/\/tilk.bio\/wp-content\/uploads\/2023\/11\/Untitled-design-22.jpg","contentUrl":"https:\/\/tilk.bio\/wp-content\/uploads\/2023\/11\/Untitled-design-22.jpg","width":1200,"height":1200,"caption":"ilmastikukreem"},{"@type":"BreadcrumbList","@id":"https:\/\/tilk.bio\/et\/pood\/shield-me-probiootiline-ilmastikukreem-sheavoiga\/#breadcrumb","itemListElement":[{"@type":"ListItem","position":1,"name":"Home","item":"https:\/\/tilk.bio\/et\/"},{"@type":"ListItem","position":2,"name":"Pood","item":"https:\/\/tilk.bio\/et\/pood\/"},{"@type":"ListItem","position":3,"name":"Shield Me probiootiline ilmastikukreem sheav\u00f5iga"}]},{"@type":"WebSite","@id":"https:\/\/tilk.bio\/et\/#website","url":"https:\/\/tilk.bio\/et\/","name":"Tilk!","description":"Keskkonnas\u00f5bralik ja j\u00e4tkusuutlik looduskosmeetika Saaremaalt.","potentialAction":[{"@type":"SearchAction","target":{"@type":"EntryPoint","urlTemplate":"https:\/\/tilk.bio\/et\/?s={search_term_string}"},"query-input":{"@type":"PropertyValueSpecification","valueRequired":true,"valueName":"search_term_string"}}],"inLanguage":"et"}]}},"_links":{"self":[{"href":"https:\/\/tilk.bio\/et\/wp-json\/wp\/v2\/product\/68405","targetHints":{"allow":["GET"]}}],"collection":[{"href":"https:\/\/tilk.bio\/et\/wp-json\/wp\/v2\/product"}],"about":[{"href":"https:\/\/tilk.bio\/et\/wp-json\/wp\/v2\/types\/product"}],"replies":[{"embeddable":true,"href":"https:\/\/tilk.bio\/et\/wp-json\/wp\/v2\/comments?post=68405"}],"wp:featuredmedia":[{"embeddable":true,"href":"https:\/\/tilk.bio\/et\/wp-json\/wp\/v2\/media\/68811"}],"wp:attachment":[{"href":"https:\/\/tilk.bio\/et\/wp-json\/wp\/v2\/media?parent=68405"}],"wp:term":[{"taxonomy":"product_brand","embeddable":true,"href":"https:\/\/tilk.bio\/et\/wp-json\/wp\/v2\/product_brand?post=68405"},{"taxonomy":"product_cat","embeddable":true,"href":"https:\/\/tilk.bio\/et\/wp-json\/wp\/v2\/product_cat?post=68405"},{"taxonomy":"product_tag","embeddable":true,"href":"https:\/\/tilk.bio\/et\/wp-json\/wp\/v2\/product_tag?post=68405"}],"curies":[{"name":"wp","href":"https:\/\/api.w.org\/{rel}","templated":true}]}}