{"id":68423,"date":"2023-11-04T10:16:45","date_gmt":"2023-11-04T08:16:45","guid":{"rendered":"https:\/\/tilk.bio\/shop\/adore-me-rikkalik-dekolteekreem-alfa-alfa-ja-taimse-retinooliga\/"},"modified":"2026-04-30T20:00:21","modified_gmt":"2026-04-30T17:00:21","slug":"adore-me-rikkalik-dekolteekreem-alfa-alfa-ja-taimse-retinooliga","status":"publish","type":"product","link":"https:\/\/tilk.bio\/et\/pood\/adore-me-rikkalik-dekolteekreem-alfa-alfa-ja-taimse-retinooliga\/","title":{"rendered":"Adore Me rikkalik dekolteekreem alfa-alfa ja taimse retinooliga"},"content":{"rendered":"<p><span style=\"font-weight: 400;\">Rikkalik ja toitev dekolteekreem on m\u00f5eldud spetsiaalselt kaela ning dekolteepiirkonna \u00f5rna naha hooldamiseks. Kreemi koostises on staariks Saaremaalt korjatud antioks\u00fcdantiderikas lutsern ehk alfa-alfa. Lutserni toimeained aitavad v\u00f5idelda keskkonnasaaste ja sinise valguse poolt p\u00f5hjustatud oks\u00fcdatiivse stressiga, mis p\u00f5hjustab kollageeni ja elastiini lagunemist nahas. Bakuchioli ehk taimne alternatiiv retinoolile toetab naha loomulikku uuenemist ja v\u00e4hendab peenikeste joonte ning kortsude n\u00e4htavust.\u00a0<\/span><\/p>\n<p><span style=\"font-weight: 400;\">Lisaks on kreemis rikkalik segu nahka niisutavatest \u00f5lidest nagu jojoba- ja mandli\u00f5li, mis toidavad nahka s\u00fcgavuti, parandavad tekstuuri, muudavad selle siidiselt pehmeks ja siledaks ning rahustavad. E-vitamiin ja probiootilised koostisosad aitavad tasakaalustada naha mikrobioomi, toidavad seda seestpoolt ja annavad elastsust ning s\u00e4ra.<\/span><\/p>\n<p><span style=\"font-weight: 400;\">Selle kreemi magusas l\u00f5hnas kohtuvad sensuaalne YlangYlang ja v\u00e4rske sidrun, muutes selle igap\u00e4evase kasutamise t\u00f5eliseks l\u00f5hnanaudinguks.\u00a0<\/span><\/p>\n<p><span style=\"font-weight: 400;\">Kasutamine: Kanna kreem hommikul ja \u00f5htul \u00f5rnalt masseerides kaelale ja dekolteepiirkonnale. Parima tulemuse saavutamiseks kasuta koos <a href=\"https:\/\/tilk.bio\/et\/pood\/noorendav-naokreem-kortslehe-ja-hualuroonhappega-blossom-me\/\">Blossom Me n\u00e4okreemiga<\/a> ning naudi kortsude vastast toimet ning suurep\u00e4rast l\u00f5hnaelamust.<\/span><\/p>\n<p>Kogus: 50 ml \/10 ml<\/p>\n","protected":false},"excerpt":{"rendered":"<p>Rikkalik ja toitev dekolteekreem on m\u00f5eldud spetsiaalselt kaela ning dekolteepiirkonna \u00f5rna naha hooldamiseks. Kreemi koostises on staariks Saaremaalt korjatud antioks\u00fcdantiderikas lutsern ehk alfa-alfa. Lutserni toimeained aitavad v\u00f5idelda keskkonnasaaste ja sinise valguse poolt p\u00f5hjustatud oks\u00fcdatiivse stressiga, mis p\u00f5hjustab kollageeni ja elastiini lagunemist nahas. Bakuchioli ehk taimne alternatiiv retinoolile toetab naha loomulikku uuenemist ja v\u00e4hendab peenikeste joonte&#8230;<\/p>\n","protected":false},"featured_media":70355,"comment_status":"open","ping_status":"closed","template":"","meta":{"_acf_changed":false},"product_brand":[],"product_cat":[585,494,495,605,389,511,691,891,688],"product_tag":[],"class_list":{"0":"post-68423","1":"product","2":"type-product","3":"status-publish","4":"has-post-thumbnail","6":"product_cat-naokreem","7":"product_cat-klientide-lemmikud","8":"product_cat-kehale","9":"product_cat-kehakreemid-ja-voided","10":"product_cat-koik-tooted","11":"product_cat-naohooldus","12":"product_cat-tekstuuri-ja-tooniprobleemidega-nahk","13":"product_cat-tilk-biotic-et","14":"product_cat-vananemisilmingutega-nahk","16":"first","17":"instock","18":"taxable","19":"shipping-taxable","20":"purchasable","21":"product-type-variable"},"acf":[],"yoast_head":"<!-- This site is optimized with the Yoast SEO plugin v27.5 - https:\/\/yoast.com\/product\/yoast-seo-wordpress\/ -->\n<title>Adore Me rikkalik dekolteekreem alfa-alfa ja taimse retinooliga - Tilk!<\/title>\n<meta name=\"description\" content=\"Rikkalik ja toitev dekolteekreem on m\u00f5eldud spetsiaalselt kaela ning dekolteepiirkonna \u00f5rna naha hooldamiseks. Kreemi koostises on staariks alfa-alfa.\" \/>\n<meta name=\"robots\" content=\"index, follow, max-snippet:-1, max-image-preview:large, max-video-preview:-1\" \/>\n<link rel=\"canonical\" href=\"https:\/\/tilk.bio\/et\/pood\/adore-me-rikkalik-dekolteekreem-alfa-alfa-ja-taimse-retinooliga\/\" \/>\n<meta property=\"og:locale\" content=\"et_EE\" \/>\n<meta property=\"og:type\" content=\"article\" \/>\n<meta property=\"og:title\" content=\"Adore Me rikkalik dekolteekreem alfa-alfa ja taimse retinooliga - Tilk!\" \/>\n<meta property=\"og:description\" content=\"Rikkalik ja toitev dekolteekreem on m\u00f5eldud spetsiaalselt kaela ning dekolteepiirkonna \u00f5rna naha hooldamiseks. Kreemi koostises on staariks alfa-alfa.\" \/>\n<meta property=\"og:url\" content=\"https:\/\/tilk.bio\/et\/pood\/adore-me-rikkalik-dekolteekreem-alfa-alfa-ja-taimse-retinooliga\/\" \/>\n<meta property=\"og:site_name\" content=\"Tilk!\" \/>\n<meta property=\"article:publisher\" content=\"https:\/\/www.facebook.com\/tilk.bio\/\" \/>\n<meta property=\"article:modified_time\" content=\"2026-04-30T17:00:21+00:00\" \/>\n<meta property=\"og:image\" content=\"https:\/\/tilk.bio\/wp-content\/uploads\/2023\/11\/Untitled-design-22-2.jpg\" \/>\n\t<meta property=\"og:image:width\" content=\"1200\" \/>\n\t<meta property=\"og:image:height\" content=\"1200\" \/>\n\t<meta property=\"og:image:type\" content=\"image\/jpeg\" \/>\n<meta name=\"twitter:card\" content=\"summary_large_image\" \/>\n<meta name=\"twitter:label1\" content=\"Est. reading time\" \/>\n\t<meta name=\"twitter:data1\" content=\"1 minut\" \/>\n<script type=\"application\/ld+json\" class=\"yoast-schema-graph\">{\"@context\":\"https:\\\/\\\/schema.org\",\"@graph\":[{\"@type\":\"WebPage\",\"@id\":\"https:\\\/\\\/tilk.bio\\\/et\\\/pood\\\/adore-me-rikkalik-dekolteekreem-alfa-alfa-ja-taimse-retinooliga\\\/\",\"url\":\"https:\\\/\\\/tilk.bio\\\/et\\\/pood\\\/adore-me-rikkalik-dekolteekreem-alfa-alfa-ja-taimse-retinooliga\\\/\",\"name\":\"Adore Me rikkalik dekolteekreem alfa-alfa ja taimse retinooliga - Tilk!\",\"isPartOf\":{\"@id\":\"https:\\\/\\\/tilk.bio\\\/et\\\/#website\"},\"primaryImageOfPage\":{\"@id\":\"https:\\\/\\\/tilk.bio\\\/et\\\/pood\\\/adore-me-rikkalik-dekolteekreem-alfa-alfa-ja-taimse-retinooliga\\\/#primaryimage\"},\"image\":{\"@id\":\"https:\\\/\\\/tilk.bio\\\/et\\\/pood\\\/adore-me-rikkalik-dekolteekreem-alfa-alfa-ja-taimse-retinooliga\\\/#primaryimage\"},\"thumbnailUrl\":\"https:\\\/\\\/tilk.bio\\\/wp-content\\\/uploads\\\/2023\\\/11\\\/Untitled-design-22-2.jpg\",\"datePublished\":\"2023-11-04T08:16:45+00:00\",\"dateModified\":\"2026-04-30T17:00:21+00:00\",\"description\":\"Rikkalik ja toitev dekolteekreem on m\u00f5eldud spetsiaalselt kaela ning dekolteepiirkonna \u00f5rna naha hooldamiseks. Kreemi koostises on staariks alfa-alfa.\",\"breadcrumb\":{\"@id\":\"https:\\\/\\\/tilk.bio\\\/et\\\/pood\\\/adore-me-rikkalik-dekolteekreem-alfa-alfa-ja-taimse-retinooliga\\\/#breadcrumb\"},\"inLanguage\":\"et\",\"potentialAction\":[{\"@type\":\"ReadAction\",\"target\":[\"https:\\\/\\\/tilk.bio\\\/et\\\/pood\\\/adore-me-rikkalik-dekolteekreem-alfa-alfa-ja-taimse-retinooliga\\\/\"]}]},{\"@type\":\"ImageObject\",\"inLanguage\":\"et\",\"@id\":\"https:\\\/\\\/tilk.bio\\\/et\\\/pood\\\/adore-me-rikkalik-dekolteekreem-alfa-alfa-ja-taimse-retinooliga\\\/#primaryimage\",\"url\":\"https:\\\/\\\/tilk.bio\\\/wp-content\\\/uploads\\\/2023\\\/11\\\/Untitled-design-22-2.jpg\",\"contentUrl\":\"https:\\\/\\\/tilk.bio\\\/wp-content\\\/uploads\\\/2023\\\/11\\\/Untitled-design-22-2.jpg\",\"width\":1200,\"height\":1200,\"caption\":\"Decollete Cream\"},{\"@type\":\"BreadcrumbList\",\"@id\":\"https:\\\/\\\/tilk.bio\\\/et\\\/pood\\\/adore-me-rikkalik-dekolteekreem-alfa-alfa-ja-taimse-retinooliga\\\/#breadcrumb\",\"itemListElement\":[{\"@type\":\"ListItem\",\"position\":1,\"name\":\"Home\",\"item\":\"https:\\\/\\\/tilk.bio\\\/et\\\/\"},{\"@type\":\"ListItem\",\"position\":2,\"name\":\"Pood\",\"item\":\"https:\\\/\\\/tilk.bio\\\/et\\\/pood\\\/\"},{\"@type\":\"ListItem\",\"position\":3,\"name\":\"Adore Me rikkalik dekolteekreem alfa-alfa ja taimse retinooliga\"}]},{\"@type\":\"WebSite\",\"@id\":\"https:\\\/\\\/tilk.bio\\\/et\\\/#website\",\"url\":\"https:\\\/\\\/tilk.bio\\\/et\\\/\",\"name\":\"Tilk!\",\"description\":\"Keskkonnas\u00f5bralik ja j\u00e4tkusuutlik looduskosmeetika Saaremaalt.\",\"potentialAction\":[{\"@type\":\"SearchAction\",\"target\":{\"@type\":\"EntryPoint\",\"urlTemplate\":\"https:\\\/\\\/tilk.bio\\\/et\\\/?s={search_term_string}\"},\"query-input\":{\"@type\":\"PropertyValueSpecification\",\"valueRequired\":true,\"valueName\":\"search_term_string\"}}],\"inLanguage\":\"et\"}]}<\/script>\n<!-- \/ Yoast SEO plugin. -->","yoast_head_json":{"title":"Adore Me rikkalik dekolteekreem alfa-alfa ja taimse retinooliga - Tilk!","description":"Rikkalik ja toitev dekolteekreem on m\u00f5eldud spetsiaalselt kaela ning dekolteepiirkonna \u00f5rna naha hooldamiseks. Kreemi koostises on staariks alfa-alfa.","robots":{"index":"index","follow":"follow","max-snippet":"max-snippet:-1","max-image-preview":"max-image-preview:large","max-video-preview":"max-video-preview:-1"},"canonical":"https:\/\/tilk.bio\/et\/pood\/adore-me-rikkalik-dekolteekreem-alfa-alfa-ja-taimse-retinooliga\/","og_locale":"et_EE","og_type":"article","og_title":"Adore Me rikkalik dekolteekreem alfa-alfa ja taimse retinooliga - Tilk!","og_description":"Rikkalik ja toitev dekolteekreem on m\u00f5eldud spetsiaalselt kaela ning dekolteepiirkonna \u00f5rna naha hooldamiseks. Kreemi koostises on staariks alfa-alfa.","og_url":"https:\/\/tilk.bio\/et\/pood\/adore-me-rikkalik-dekolteekreem-alfa-alfa-ja-taimse-retinooliga\/","og_site_name":"Tilk!","article_publisher":"https:\/\/www.facebook.com\/tilk.bio\/","article_modified_time":"2026-04-30T17:00:21+00:00","og_image":[{"width":1200,"height":1200,"url":"https:\/\/tilk.bio\/wp-content\/uploads\/2023\/11\/Untitled-design-22-2.jpg","type":"image\/jpeg"}],"twitter_card":"summary_large_image","twitter_misc":{"Est. reading time":"1 minut"},"schema":{"@context":"https:\/\/schema.org","@graph":[{"@type":"WebPage","@id":"https:\/\/tilk.bio\/et\/pood\/adore-me-rikkalik-dekolteekreem-alfa-alfa-ja-taimse-retinooliga\/","url":"https:\/\/tilk.bio\/et\/pood\/adore-me-rikkalik-dekolteekreem-alfa-alfa-ja-taimse-retinooliga\/","name":"Adore Me rikkalik dekolteekreem alfa-alfa ja taimse retinooliga - Tilk!","isPartOf":{"@id":"https:\/\/tilk.bio\/et\/#website"},"primaryImageOfPage":{"@id":"https:\/\/tilk.bio\/et\/pood\/adore-me-rikkalik-dekolteekreem-alfa-alfa-ja-taimse-retinooliga\/#primaryimage"},"image":{"@id":"https:\/\/tilk.bio\/et\/pood\/adore-me-rikkalik-dekolteekreem-alfa-alfa-ja-taimse-retinooliga\/#primaryimage"},"thumbnailUrl":"https:\/\/tilk.bio\/wp-content\/uploads\/2023\/11\/Untitled-design-22-2.jpg","datePublished":"2023-11-04T08:16:45+00:00","dateModified":"2026-04-30T17:00:21+00:00","description":"Rikkalik ja toitev dekolteekreem on m\u00f5eldud spetsiaalselt kaela ning dekolteepiirkonna \u00f5rna naha hooldamiseks. Kreemi koostises on staariks alfa-alfa.","breadcrumb":{"@id":"https:\/\/tilk.bio\/et\/pood\/adore-me-rikkalik-dekolteekreem-alfa-alfa-ja-taimse-retinooliga\/#breadcrumb"},"inLanguage":"et","potentialAction":[{"@type":"ReadAction","target":["https:\/\/tilk.bio\/et\/pood\/adore-me-rikkalik-dekolteekreem-alfa-alfa-ja-taimse-retinooliga\/"]}]},{"@type":"ImageObject","inLanguage":"et","@id":"https:\/\/tilk.bio\/et\/pood\/adore-me-rikkalik-dekolteekreem-alfa-alfa-ja-taimse-retinooliga\/#primaryimage","url":"https:\/\/tilk.bio\/wp-content\/uploads\/2023\/11\/Untitled-design-22-2.jpg","contentUrl":"https:\/\/tilk.bio\/wp-content\/uploads\/2023\/11\/Untitled-design-22-2.jpg","width":1200,"height":1200,"caption":"Decollete Cream"},{"@type":"BreadcrumbList","@id":"https:\/\/tilk.bio\/et\/pood\/adore-me-rikkalik-dekolteekreem-alfa-alfa-ja-taimse-retinooliga\/#breadcrumb","itemListElement":[{"@type":"ListItem","position":1,"name":"Home","item":"https:\/\/tilk.bio\/et\/"},{"@type":"ListItem","position":2,"name":"Pood","item":"https:\/\/tilk.bio\/et\/pood\/"},{"@type":"ListItem","position":3,"name":"Adore Me rikkalik dekolteekreem alfa-alfa ja taimse retinooliga"}]},{"@type":"WebSite","@id":"https:\/\/tilk.bio\/et\/#website","url":"https:\/\/tilk.bio\/et\/","name":"Tilk!","description":"Keskkonnas\u00f5bralik ja j\u00e4tkusuutlik looduskosmeetika Saaremaalt.","potentialAction":[{"@type":"SearchAction","target":{"@type":"EntryPoint","urlTemplate":"https:\/\/tilk.bio\/et\/?s={search_term_string}"},"query-input":{"@type":"PropertyValueSpecification","valueRequired":true,"valueName":"search_term_string"}}],"inLanguage":"et"}]}},"_links":{"self":[{"href":"https:\/\/tilk.bio\/et\/wp-json\/wp\/v2\/product\/68423","targetHints":{"allow":["GET"]}}],"collection":[{"href":"https:\/\/tilk.bio\/et\/wp-json\/wp\/v2\/product"}],"about":[{"href":"https:\/\/tilk.bio\/et\/wp-json\/wp\/v2\/types\/product"}],"replies":[{"embeddable":true,"href":"https:\/\/tilk.bio\/et\/wp-json\/wp\/v2\/comments?post=68423"}],"wp:featuredmedia":[{"embeddable":true,"href":"https:\/\/tilk.bio\/et\/wp-json\/wp\/v2\/media\/70355"}],"wp:attachment":[{"href":"https:\/\/tilk.bio\/et\/wp-json\/wp\/v2\/media?parent=68423"}],"wp:term":[{"taxonomy":"product_brand","embeddable":true,"href":"https:\/\/tilk.bio\/et\/wp-json\/wp\/v2\/product_brand?post=68423"},{"taxonomy":"product_cat","embeddable":true,"href":"https:\/\/tilk.bio\/et\/wp-json\/wp\/v2\/product_cat?post=68423"},{"taxonomy":"product_tag","embeddable":true,"href":"https:\/\/tilk.bio\/et\/wp-json\/wp\/v2\/product_tag?post=68423"}],"curies":[{"name":"wp","href":"https:\/\/api.w.org\/{rel}","templated":true}]}}