{"id":68842,"date":"2023-12-06T20:02:53","date_gmt":"2023-12-06T18:02:53","guid":{"rendered":"https:\/\/tilk.bio\/?post_type=product&#038;p=68842"},"modified":"2026-04-14T16:45:13","modified_gmt":"2026-04-14T13:45:13","slug":"cherish-me-apelsini-naoseerum-c-vitamiini-ja-hualuroonhappega","status":"publish","type":"product","link":"https:\/\/tilk.bio\/et\/pood\/cherish-me-apelsini-naoseerum-c-vitamiini-ja-hualuroonhappega\/","title":{"rendered":"Cherish Me probiootiline n\u00e4oseerum c-vitamiini ja h\u00fcaluroonhappega"},"content":{"rendered":"<p><span style=\"font-weight: 400;\">Cherish Me n\u00e4oseerum paneb naha s\u00e4rama ning annab sellele terve ning ilusa kuma. C-vitamiini ja h\u00fcaluroonhappe sisaldus seerumis aitab kaasa kollageeni moodustamisele, on vananemisvastane ja taastab v\u00e4sinud nahka. C-vitamiin v\u00f5itleb ka vabade radikaalide ja kahjuliku UV-kiirgusega, muudab pigmendilaigud heledamaks ning \u00fchtlustab nahatooni. H\u00fcaluroonhape niisutab nahka s\u00fcgavuti, aidates s\u00e4ilitada selle niiskustasakaalu ja omab kortsudevastast toimet. Probiootilised koostisosad aitavad hoida naha loomulikku mikrobioomi, parandades ka kaitsev\u00f5imet. <\/span><\/p>\n<p><span style=\"font-weight: 400;\">Apelsini h\u00fcdrosool annab seerumile m\u00f5nusa aroomi ja suurendab naha loomulikku s\u00e4ra ning v\u00e4rskendab. Punavetikas rikastab seerumit mineraalide ja antioks\u00fcdantidega, mis toetavad naha tervist ning elastsust. Gl\u00fctseriin on looduslik niisutaja, mis aitab s\u00e4ilitada naha pehmust. Vitamiin B5 aitab v\u00e4hendada naha punetust ja parandab tekstuuri.<\/span><\/p>\n<p><span style=\"font-weight: 400;\">Kasutamine: Sobib kasutamiseks igap\u00e4evaselt, kanna seerum p\u00e4rast n\u00e4o puhastamist n\u00e4ole v\u00f5i lisa paar tilka n\u00e4okreemi sisse. H\u00f5\u00f5ru masseerivate liigutustega laiali. Eriti t\u00f5husaks niisutuseks proovi koos <a href=\"https:\/\/tilk.bio\/shop\/moisturizing-and-nourishing-day-cream-nourish-me-with-hyaluronic-acid\/\">Nourish Me n\u00e4okreemiga.<\/a><\/span><\/p>\n<p><span style=\"font-weight: 400;\">K\u00f5ik toote koostisosad on looduslikku p\u00e4ritolu ning vegan.<\/span><\/p>\n<p><span style=\"font-weight: 400;\">Hoiustamine: Hoiusta toodet toatemperatuuril.<\/span><\/p>\n<p>Kogus: 30ml<\/p>\n","protected":false},"excerpt":{"rendered":"<p>Cherish Me n\u00e4oseerum paneb naha s\u00e4rama ning annab sellele terve ning ilusa kuma. C-vitamiini ja h\u00fcaluroonhappe sisaldus seerumis aitab kaasa kollageeni moodustamisele, on vananemisvastane ja taastab v\u00e4sinud nahka. C-vitamiin v\u00f5itleb ka vabade radikaalide ja kahjuliku UV-kiirgusega, muudab pigmendilaigud heledamaks ning \u00fchtlustab nahatooni. H\u00fcaluroonhape niisutab nahka s\u00fcgavuti, aidates s\u00e4ilitada selle niiskustasakaalu ja omab kortsudevastast toimet. Probiootilised&#8230;<\/p>\n","protected":false},"featured_media":70788,"comment_status":"open","ping_status":"closed","template":"","meta":{"_acf_changed":false},"product_brand":[],"product_cat":[977,494,905,871,389,689,511,692,691,891,725,688],"product_tag":[],"class_list":{"0":"post-68842","1":"product","2":"type-product","3":"status-publish","4":"has-post-thumbnail","6":"product_cat-naoseerumid","7":"product_cat-klientide-lemmikud","8":"product_cat-c-vitamiin","9":"product_cat-hualuroonhape","10":"product_cat-koik-tooted","11":"product_cat-kuiv-nahk","12":"product_cat-naohooldus","13":"product_cat-normaalne-ja-kombineeritud-nahk","14":"product_cat-tekstuuri-ja-tooniprobleemidega-nahk","15":"product_cat-tilk-biotic-et","16":"product_cat-tooteseeriad-et","17":"product_cat-vananemisilmingutega-nahk","19":"first","20":"instock","21":"taxable","22":"shipping-taxable","23":"purchasable","24":"product-type-simple"},"acf":[],"yoast_head":"<!-- This site is optimized with the Yoast SEO plugin v27.4 - https:\/\/yoast.com\/product\/yoast-seo-wordpress\/ -->\n<title>Cherish Me probiootiline n\u00e4oseerum c-vitamiini ja h\u00fcaluroonhappega - Tilk!<\/title>\n<meta name=\"description\" content=\"Cherish Me n\u00e4oseerum paneb naha s\u00e4rama ning annab sellele terve ning ilusa kuma. N\u00e4oseerum sisaldab C-vitamiini ja h\u00fcaluroonhapet.\" \/>\n<meta name=\"robots\" content=\"index, follow, max-snippet:-1, max-image-preview:large, max-video-preview:-1\" \/>\n<link rel=\"canonical\" href=\"https:\/\/tilk.bio\/pood\/cherish-me-orange-face-serum-with-vitamin-c-and-hyaluronic-acid\/\" \/>\n<meta property=\"og:locale\" content=\"et_EE\" \/>\n<meta property=\"og:type\" content=\"article\" \/>\n<meta property=\"og:title\" content=\"Cherish Me probiootiline n\u00e4oseerum c-vitamiini ja h\u00fcaluroonhappega - Tilk!\" \/>\n<meta property=\"og:description\" content=\"Cherish Me n\u00e4oseerum paneb naha s\u00e4rama ning annab sellele terve ning ilusa kuma. N\u00e4oseerum sisaldab C-vitamiini ja h\u00fcaluroonhapet.\" \/>\n<meta property=\"og:url\" content=\"https:\/\/tilk.bio\/pood\/cherish-me-orange-face-serum-with-vitamin-c-and-hyaluronic-acid\/\" \/>\n<meta property=\"og:site_name\" content=\"Tilk!\" \/>\n<meta property=\"article:publisher\" content=\"https:\/\/www.facebook.com\/tilk.bio\/\" \/>\n<meta property=\"article:modified_time\" content=\"2026-04-14T13:45:13+00:00\" \/>\n<meta property=\"og:image\" content=\"https:\/\/tilk.bio\/wp-content\/uploads\/2023\/12\/Untitled-design-38.jpg\" \/>\n\t<meta property=\"og:image:width\" content=\"1200\" \/>\n\t<meta property=\"og:image:height\" content=\"1200\" \/>\n\t<meta property=\"og:image:type\" content=\"image\/jpeg\" \/>\n<meta name=\"twitter:card\" content=\"summary_large_image\" \/>\n<meta name=\"twitter:label1\" content=\"Est. reading time\" \/>\n\t<meta name=\"twitter:data1\" content=\"1 minut\" \/>\n<script type=\"application\/ld+json\" class=\"yoast-schema-graph\">{\"@context\":\"https:\\\/\\\/schema.org\",\"@graph\":[{\"@type\":\"WebPage\",\"@id\":\"https:\\\/\\\/tilk.bio\\\/pood\\\/cherish-me-orange-face-serum-with-vitamin-c-and-hyaluronic-acid\\\/\",\"url\":\"https:\\\/\\\/tilk.bio\\\/pood\\\/cherish-me-orange-face-serum-with-vitamin-c-and-hyaluronic-acid\\\/\",\"name\":\"Cherish Me probiootiline n\u00e4oseerum c-vitamiini ja h\u00fcaluroonhappega - Tilk!\",\"isPartOf\":{\"@id\":\"https:\\\/\\\/tilk.bio\\\/et\\\/#website\"},\"primaryImageOfPage\":{\"@id\":\"https:\\\/\\\/tilk.bio\\\/pood\\\/cherish-me-orange-face-serum-with-vitamin-c-and-hyaluronic-acid\\\/#primaryimage\"},\"image\":{\"@id\":\"https:\\\/\\\/tilk.bio\\\/pood\\\/cherish-me-orange-face-serum-with-vitamin-c-and-hyaluronic-acid\\\/#primaryimage\"},\"thumbnailUrl\":\"https:\\\/\\\/tilk.bio\\\/wp-content\\\/uploads\\\/2023\\\/12\\\/Untitled-design-38.jpg\",\"datePublished\":\"2023-12-06T18:02:53+00:00\",\"dateModified\":\"2026-04-14T13:45:13+00:00\",\"description\":\"Cherish Me n\u00e4oseerum paneb naha s\u00e4rama ning annab sellele terve ning ilusa kuma. N\u00e4oseerum sisaldab C-vitamiini ja h\u00fcaluroonhapet.\",\"breadcrumb\":{\"@id\":\"https:\\\/\\\/tilk.bio\\\/pood\\\/cherish-me-orange-face-serum-with-vitamin-c-and-hyaluronic-acid\\\/#breadcrumb\"},\"inLanguage\":\"et\",\"potentialAction\":[{\"@type\":\"ReadAction\",\"target\":[\"https:\\\/\\\/tilk.bio\\\/pood\\\/cherish-me-orange-face-serum-with-vitamin-c-and-hyaluronic-acid\\\/\"]}]},{\"@type\":\"ImageObject\",\"inLanguage\":\"et\",\"@id\":\"https:\\\/\\\/tilk.bio\\\/pood\\\/cherish-me-orange-face-serum-with-vitamin-c-and-hyaluronic-acid\\\/#primaryimage\",\"url\":\"https:\\\/\\\/tilk.bio\\\/wp-content\\\/uploads\\\/2023\\\/12\\\/Untitled-design-38.jpg\",\"contentUrl\":\"https:\\\/\\\/tilk.bio\\\/wp-content\\\/uploads\\\/2023\\\/12\\\/Untitled-design-38.jpg\",\"width\":1200,\"height\":1200,\"caption\":\"n\u00e4oseerum\"},{\"@type\":\"BreadcrumbList\",\"@id\":\"https:\\\/\\\/tilk.bio\\\/pood\\\/cherish-me-orange-face-serum-with-vitamin-c-and-hyaluronic-acid\\\/#breadcrumb\",\"itemListElement\":[{\"@type\":\"ListItem\",\"position\":1,\"name\":\"Home\",\"item\":\"https:\\\/\\\/tilk.bio\\\/et\\\/\"},{\"@type\":\"ListItem\",\"position\":2,\"name\":\"Pood\",\"item\":\"https:\\\/\\\/tilk.bio\\\/et\\\/pood\\\/\"},{\"@type\":\"ListItem\",\"position\":3,\"name\":\"Cherish Me probiootiline n\u00e4oseerum c-vitamiini ja h\u00fcaluroonhappega\"}]},{\"@type\":\"WebSite\",\"@id\":\"https:\\\/\\\/tilk.bio\\\/et\\\/#website\",\"url\":\"https:\\\/\\\/tilk.bio\\\/et\\\/\",\"name\":\"Tilk!\",\"description\":\"Keskkonnas\u00f5bralik ja j\u00e4tkusuutlik looduskosmeetika Saaremaalt.\",\"potentialAction\":[{\"@type\":\"SearchAction\",\"target\":{\"@type\":\"EntryPoint\",\"urlTemplate\":\"https:\\\/\\\/tilk.bio\\\/et\\\/?s={search_term_string}\"},\"query-input\":{\"@type\":\"PropertyValueSpecification\",\"valueRequired\":true,\"valueName\":\"search_term_string\"}}],\"inLanguage\":\"et\"}]}<\/script>\n<!-- \/ Yoast SEO plugin. -->","yoast_head_json":{"title":"Cherish Me probiootiline n\u00e4oseerum c-vitamiini ja h\u00fcaluroonhappega - Tilk!","description":"Cherish Me n\u00e4oseerum paneb naha s\u00e4rama ning annab sellele terve ning ilusa kuma. N\u00e4oseerum sisaldab C-vitamiini ja h\u00fcaluroonhapet.","robots":{"index":"index","follow":"follow","max-snippet":"max-snippet:-1","max-image-preview":"max-image-preview:large","max-video-preview":"max-video-preview:-1"},"canonical":"https:\/\/tilk.bio\/pood\/cherish-me-orange-face-serum-with-vitamin-c-and-hyaluronic-acid\/","og_locale":"et_EE","og_type":"article","og_title":"Cherish Me probiootiline n\u00e4oseerum c-vitamiini ja h\u00fcaluroonhappega - Tilk!","og_description":"Cherish Me n\u00e4oseerum paneb naha s\u00e4rama ning annab sellele terve ning ilusa kuma. N\u00e4oseerum sisaldab C-vitamiini ja h\u00fcaluroonhapet.","og_url":"https:\/\/tilk.bio\/pood\/cherish-me-orange-face-serum-with-vitamin-c-and-hyaluronic-acid\/","og_site_name":"Tilk!","article_publisher":"https:\/\/www.facebook.com\/tilk.bio\/","article_modified_time":"2026-04-14T13:45:13+00:00","og_image":[{"width":1200,"height":1200,"url":"https:\/\/tilk.bio\/wp-content\/uploads\/2023\/12\/Untitled-design-38.jpg","type":"image\/jpeg"}],"twitter_card":"summary_large_image","twitter_misc":{"Est. reading time":"1 minut"},"schema":{"@context":"https:\/\/schema.org","@graph":[{"@type":"WebPage","@id":"https:\/\/tilk.bio\/pood\/cherish-me-orange-face-serum-with-vitamin-c-and-hyaluronic-acid\/","url":"https:\/\/tilk.bio\/pood\/cherish-me-orange-face-serum-with-vitamin-c-and-hyaluronic-acid\/","name":"Cherish Me probiootiline n\u00e4oseerum c-vitamiini ja h\u00fcaluroonhappega - Tilk!","isPartOf":{"@id":"https:\/\/tilk.bio\/et\/#website"},"primaryImageOfPage":{"@id":"https:\/\/tilk.bio\/pood\/cherish-me-orange-face-serum-with-vitamin-c-and-hyaluronic-acid\/#primaryimage"},"image":{"@id":"https:\/\/tilk.bio\/pood\/cherish-me-orange-face-serum-with-vitamin-c-and-hyaluronic-acid\/#primaryimage"},"thumbnailUrl":"https:\/\/tilk.bio\/wp-content\/uploads\/2023\/12\/Untitled-design-38.jpg","datePublished":"2023-12-06T18:02:53+00:00","dateModified":"2026-04-14T13:45:13+00:00","description":"Cherish Me n\u00e4oseerum paneb naha s\u00e4rama ning annab sellele terve ning ilusa kuma. N\u00e4oseerum sisaldab C-vitamiini ja h\u00fcaluroonhapet.","breadcrumb":{"@id":"https:\/\/tilk.bio\/pood\/cherish-me-orange-face-serum-with-vitamin-c-and-hyaluronic-acid\/#breadcrumb"},"inLanguage":"et","potentialAction":[{"@type":"ReadAction","target":["https:\/\/tilk.bio\/pood\/cherish-me-orange-face-serum-with-vitamin-c-and-hyaluronic-acid\/"]}]},{"@type":"ImageObject","inLanguage":"et","@id":"https:\/\/tilk.bio\/pood\/cherish-me-orange-face-serum-with-vitamin-c-and-hyaluronic-acid\/#primaryimage","url":"https:\/\/tilk.bio\/wp-content\/uploads\/2023\/12\/Untitled-design-38.jpg","contentUrl":"https:\/\/tilk.bio\/wp-content\/uploads\/2023\/12\/Untitled-design-38.jpg","width":1200,"height":1200,"caption":"n\u00e4oseerum"},{"@type":"BreadcrumbList","@id":"https:\/\/tilk.bio\/pood\/cherish-me-orange-face-serum-with-vitamin-c-and-hyaluronic-acid\/#breadcrumb","itemListElement":[{"@type":"ListItem","position":1,"name":"Home","item":"https:\/\/tilk.bio\/et\/"},{"@type":"ListItem","position":2,"name":"Pood","item":"https:\/\/tilk.bio\/et\/pood\/"},{"@type":"ListItem","position":3,"name":"Cherish Me probiootiline n\u00e4oseerum c-vitamiini ja h\u00fcaluroonhappega"}]},{"@type":"WebSite","@id":"https:\/\/tilk.bio\/et\/#website","url":"https:\/\/tilk.bio\/et\/","name":"Tilk!","description":"Keskkonnas\u00f5bralik ja j\u00e4tkusuutlik looduskosmeetika Saaremaalt.","potentialAction":[{"@type":"SearchAction","target":{"@type":"EntryPoint","urlTemplate":"https:\/\/tilk.bio\/et\/?s={search_term_string}"},"query-input":{"@type":"PropertyValueSpecification","valueRequired":true,"valueName":"search_term_string"}}],"inLanguage":"et"}]}},"_links":{"self":[{"href":"https:\/\/tilk.bio\/et\/wp-json\/wp\/v2\/product\/68842","targetHints":{"allow":["GET"]}}],"collection":[{"href":"https:\/\/tilk.bio\/et\/wp-json\/wp\/v2\/product"}],"about":[{"href":"https:\/\/tilk.bio\/et\/wp-json\/wp\/v2\/types\/product"}],"replies":[{"embeddable":true,"href":"https:\/\/tilk.bio\/et\/wp-json\/wp\/v2\/comments?post=68842"}],"wp:featuredmedia":[{"embeddable":true,"href":"https:\/\/tilk.bio\/et\/wp-json\/wp\/v2\/media\/70788"}],"wp:attachment":[{"href":"https:\/\/tilk.bio\/et\/wp-json\/wp\/v2\/media?parent=68842"}],"wp:term":[{"taxonomy":"product_brand","embeddable":true,"href":"https:\/\/tilk.bio\/et\/wp-json\/wp\/v2\/product_brand?post=68842"},{"taxonomy":"product_cat","embeddable":true,"href":"https:\/\/tilk.bio\/et\/wp-json\/wp\/v2\/product_cat?post=68842"},{"taxonomy":"product_tag","embeddable":true,"href":"https:\/\/tilk.bio\/et\/wp-json\/wp\/v2\/product_tag?post=68842"}],"curies":[{"name":"wp","href":"https:\/\/api.w.org\/{rel}","templated":true}]}}