{"id":68845,"date":"2023-12-01T00:01:25","date_gmt":"2023-11-30T22:01:25","guid":{"rendered":"https:\/\/tilk.bio\/shop\/wipe-me-off-probiootiline-mitsellaarvesi-b5-vitamiiniga\/"},"modified":"2026-04-06T01:45:03","modified_gmt":"2026-04-05T22:45:03","slug":"wipe-me-off-probiootiline-mitsellaarvesi-b5-vitamiiniga","status":"publish","type":"product","link":"https:\/\/tilk.bio\/et\/pood\/wipe-me-off-probiootiline-mitsellaarvesi-b5-vitamiiniga\/","title":{"rendered":"Wipe Me Off apelsini probiootiline mitsellaarvesi B5-vitamiiniga"},"content":{"rendered":"<p><span style=\"font-weight: 400;\">Mitsellaarvesi Wipe Me Off on loodud eriti \u00f5rnaks ja efektiivseks n\u00e4opuhastuseks. See eemaldab lisaks mustusele ja rasule ka h\u00f5lpsalt meigi, puhastab ja rahustab nahka. Lisaks on mitsellaarvesi nahka hooldav ning annab klaari jume.<\/span><\/p>\n<p><span style=\"font-weight: 400;\">Mitsellaarvee koostises olev apelsini h\u00fcdrosool ergutab ja v\u00e4rskendab, j\u00e4tab naha klaari ja s\u00e4rava. Gl\u00fctseriin niisutab ja aitab s\u00e4ilitada naha loomuliku niiskustasakaalu. B5-vitamiin parandab naha tekstuuri, v\u00e4hendades punetust ning muudab jume \u00fchtlasemaks ja s\u00e4ravamaks. Pantenoolil on ka rahustavad omadused, mis aitavad \u00e4rritust leevendada. Looduslikud probiootilised toimeained toetavad naha loomulikku tasakaalu ja v\u00e4hendavad tundlikkust ning punetust.<\/span><\/p>\n<p><span style=\"font-weight: 400;\">Kasutamine: Kanna piisav kogus vatitupsule v\u00f5i puhastuslapile ning p\u00fchi \u00fcle n\u00e4o. Korda protseduuri kuni n\u00e4gu on puhas ning seej\u00e4rel loputa veega. Parima tulemuse saavutamiseks vali ka endale sobiv <a href=\"https:\/\/tilk.bio\/et\/tootekategooria\/naohooldus\/naokreem\/\">n\u00e4okreem<\/a>.<\/span><\/p>\n<p><span style=\"font-weight: 400;\">K\u00f5ik toote koostisosad on looduslikku p\u00e4ritolu ning vegan.<\/span><\/p>\n<p><span style=\"font-weight: 400;\">Hoiustamine: Hoiusta toodet toatemperatuuril.<\/span><\/p>\n<p><span style=\"font-weight: 400;\">Kogus: 30 ml<\/span><\/p>\n","protected":false},"excerpt":{"rendered":"<p>Mitsellaarvesi Wipe Me Off on loodud eriti \u00f5rnaks ja efektiivseks n\u00e4opuhastuseks. See eemaldab lisaks mustusele ja rasule ka h\u00f5lpsalt meigi, puhastab ja rahustab nahka. Lisaks on mitsellaarvesi nahka hooldav ning annab klaari jume. Mitsellaarvee koostises olev apelsini h\u00fcdrosool ergutab ja v\u00e4rskendab, j\u00e4tab naha klaari ja s\u00e4rava. Gl\u00fctseriin niisutab ja aitab s\u00e4ilitada naha loomuliku niiskustasakaalu. B5-vitamiin&#8230;<\/p>\n","protected":false},"featured_media":68795,"comment_status":"open","ping_status":"closed","template":"","meta":{"_acf_changed":false},"product_brand":[],"product_cat":[622,687,389,689,926,511,692,691,891,690,688],"product_tag":[],"class_list":{"0":"post-68845","1":"product","2":"type-product","3":"status-publish","4":"has-post-thumbnail","6":"product_cat-puhastustooted","7":"product_cat-akne-ja-rasune-nahk","8":"product_cat-koik-tooted","9":"product_cat-kuiv-nahk","10":"product_cat-lopumuuk","11":"product_cat-naohooldus","12":"product_cat-normaalne-ja-kombineeritud-nahk","13":"product_cat-tekstuuri-ja-tooniprobleemidega-nahk","14":"product_cat-tilk-biotic-et","15":"product_cat-tundlik-nahk","16":"product_cat-vananemisilmingutega-nahk","18":"first","19":"instock","20":"sale","21":"taxable","22":"shipping-taxable","23":"purchasable","24":"product-type-variable"},"acf":[],"yoast_head":"<!-- This site is optimized with the Yoast SEO plugin v27.3 - https:\/\/yoast.com\/product\/yoast-seo-wordpress\/ -->\n<title>Wipe Me Off apelsini probiootiline mitsellaarvesi B5-vitamiiniga - Tilk!<\/title>\n<meta name=\"description\" content=\"Mitsellaarvesi sisaldab apelsini h\u00fcdrosooli, mis ergutab ja v\u00e4rskendab, j\u00e4tab naha klaari ja s\u00e4rava. Gl\u00fctseriin aitab s\u00e4ilitada naha niiskustasakaalu.\" \/>\n<meta name=\"robots\" content=\"index, follow, max-snippet:-1, max-image-preview:large, max-video-preview:-1\" \/>\n<link rel=\"canonical\" href=\"https:\/\/tilk.bio\/et\/pood\/wipe-me-off-probiootiline-mitsellaarvesi-b5-vitamiiniga\/\" \/>\n<meta property=\"og:locale\" content=\"et_EE\" \/>\n<meta property=\"og:type\" content=\"article\" \/>\n<meta property=\"og:title\" content=\"Wipe Me Off apelsini probiootiline mitsellaarvesi B5-vitamiiniga - Tilk!\" \/>\n<meta property=\"og:description\" content=\"Mitsellaarvesi sisaldab apelsini h\u00fcdrosooli, mis ergutab ja v\u00e4rskendab, j\u00e4tab naha klaari ja s\u00e4rava. Gl\u00fctseriin aitab s\u00e4ilitada naha niiskustasakaalu.\" \/>\n<meta property=\"og:url\" content=\"https:\/\/tilk.bio\/et\/pood\/wipe-me-off-probiootiline-mitsellaarvesi-b5-vitamiiniga\/\" \/>\n<meta property=\"og:site_name\" content=\"Tilk!\" \/>\n<meta property=\"article:publisher\" content=\"https:\/\/www.facebook.com\/tilk.bio\/\" \/>\n<meta property=\"article:modified_time\" content=\"2026-04-05T22:45:03+00:00\" \/>\n<meta property=\"og:image\" content=\"https:\/\/tilk.bio\/wp-content\/uploads\/2023\/11\/1-1.jpg\" \/>\n\t<meta property=\"og:image:width\" content=\"1200\" \/>\n\t<meta property=\"og:image:height\" content=\"1200\" \/>\n\t<meta property=\"og:image:type\" content=\"image\/jpeg\" \/>\n<meta name=\"twitter:card\" content=\"summary_large_image\" \/>\n<meta name=\"twitter:label1\" content=\"Est. reading time\" \/>\n\t<meta name=\"twitter:data1\" content=\"1 minut\" \/>\n<script type=\"application\/ld+json\" class=\"yoast-schema-graph\">{\"@context\":\"https:\\\/\\\/schema.org\",\"@graph\":[{\"@type\":\"WebPage\",\"@id\":\"https:\\\/\\\/tilk.bio\\\/et\\\/pood\\\/wipe-me-off-probiootiline-mitsellaarvesi-b5-vitamiiniga\\\/\",\"url\":\"https:\\\/\\\/tilk.bio\\\/et\\\/pood\\\/wipe-me-off-probiootiline-mitsellaarvesi-b5-vitamiiniga\\\/\",\"name\":\"Wipe Me Off apelsini probiootiline mitsellaarvesi B5-vitamiiniga - Tilk!\",\"isPartOf\":{\"@id\":\"https:\\\/\\\/tilk.bio\\\/et\\\/#website\"},\"primaryImageOfPage\":{\"@id\":\"https:\\\/\\\/tilk.bio\\\/et\\\/pood\\\/wipe-me-off-probiootiline-mitsellaarvesi-b5-vitamiiniga\\\/#primaryimage\"},\"image\":{\"@id\":\"https:\\\/\\\/tilk.bio\\\/et\\\/pood\\\/wipe-me-off-probiootiline-mitsellaarvesi-b5-vitamiiniga\\\/#primaryimage\"},\"thumbnailUrl\":\"https:\\\/\\\/tilk.bio\\\/wp-content\\\/uploads\\\/2023\\\/11\\\/1-1.jpg\",\"datePublished\":\"2023-11-30T22:01:25+00:00\",\"dateModified\":\"2026-04-05T22:45:03+00:00\",\"description\":\"Mitsellaarvesi sisaldab apelsini h\u00fcdrosooli, mis ergutab ja v\u00e4rskendab, j\u00e4tab naha klaari ja s\u00e4rava. Gl\u00fctseriin aitab s\u00e4ilitada naha niiskustasakaalu.\",\"breadcrumb\":{\"@id\":\"https:\\\/\\\/tilk.bio\\\/et\\\/pood\\\/wipe-me-off-probiootiline-mitsellaarvesi-b5-vitamiiniga\\\/#breadcrumb\"},\"inLanguage\":\"et\",\"potentialAction\":[{\"@type\":\"ReadAction\",\"target\":[\"https:\\\/\\\/tilk.bio\\\/et\\\/pood\\\/wipe-me-off-probiootiline-mitsellaarvesi-b5-vitamiiniga\\\/\"]}]},{\"@type\":\"ImageObject\",\"inLanguage\":\"et\",\"@id\":\"https:\\\/\\\/tilk.bio\\\/et\\\/pood\\\/wipe-me-off-probiootiline-mitsellaarvesi-b5-vitamiiniga\\\/#primaryimage\",\"url\":\"https:\\\/\\\/tilk.bio\\\/wp-content\\\/uploads\\\/2023\\\/11\\\/1-1.jpg\",\"contentUrl\":\"https:\\\/\\\/tilk.bio\\\/wp-content\\\/uploads\\\/2023\\\/11\\\/1-1.jpg\",\"width\":1200,\"height\":1200,\"caption\":\"mitsellaarvesi\"},{\"@type\":\"BreadcrumbList\",\"@id\":\"https:\\\/\\\/tilk.bio\\\/et\\\/pood\\\/wipe-me-off-probiootiline-mitsellaarvesi-b5-vitamiiniga\\\/#breadcrumb\",\"itemListElement\":[{\"@type\":\"ListItem\",\"position\":1,\"name\":\"Home\",\"item\":\"https:\\\/\\\/tilk.bio\\\/et\\\/\"},{\"@type\":\"ListItem\",\"position\":2,\"name\":\"Pood\",\"item\":\"https:\\\/\\\/tilk.bio\\\/et\\\/pood\\\/\"},{\"@type\":\"ListItem\",\"position\":3,\"name\":\"Wipe Me Off apelsini probiootiline mitsellaarvesi B5-vitamiiniga\"}]},{\"@type\":\"WebSite\",\"@id\":\"https:\\\/\\\/tilk.bio\\\/et\\\/#website\",\"url\":\"https:\\\/\\\/tilk.bio\\\/et\\\/\",\"name\":\"Tilk!\",\"description\":\"Keskkonnas\u00f5bralik ja j\u00e4tkusuutlik looduskosmeetika Saaremaalt.\",\"potentialAction\":[{\"@type\":\"SearchAction\",\"target\":{\"@type\":\"EntryPoint\",\"urlTemplate\":\"https:\\\/\\\/tilk.bio\\\/et\\\/?s={search_term_string}\"},\"query-input\":{\"@type\":\"PropertyValueSpecification\",\"valueRequired\":true,\"valueName\":\"search_term_string\"}}],\"inLanguage\":\"et\"}]}<\/script>\n<!-- \/ Yoast SEO plugin. -->","yoast_head_json":{"title":"Wipe Me Off apelsini probiootiline mitsellaarvesi B5-vitamiiniga - Tilk!","description":"Mitsellaarvesi sisaldab apelsini h\u00fcdrosooli, mis ergutab ja v\u00e4rskendab, j\u00e4tab naha klaari ja s\u00e4rava. Gl\u00fctseriin aitab s\u00e4ilitada naha niiskustasakaalu.","robots":{"index":"index","follow":"follow","max-snippet":"max-snippet:-1","max-image-preview":"max-image-preview:large","max-video-preview":"max-video-preview:-1"},"canonical":"https:\/\/tilk.bio\/et\/pood\/wipe-me-off-probiootiline-mitsellaarvesi-b5-vitamiiniga\/","og_locale":"et_EE","og_type":"article","og_title":"Wipe Me Off apelsini probiootiline mitsellaarvesi B5-vitamiiniga - Tilk!","og_description":"Mitsellaarvesi sisaldab apelsini h\u00fcdrosooli, mis ergutab ja v\u00e4rskendab, j\u00e4tab naha klaari ja s\u00e4rava. Gl\u00fctseriin aitab s\u00e4ilitada naha niiskustasakaalu.","og_url":"https:\/\/tilk.bio\/et\/pood\/wipe-me-off-probiootiline-mitsellaarvesi-b5-vitamiiniga\/","og_site_name":"Tilk!","article_publisher":"https:\/\/www.facebook.com\/tilk.bio\/","article_modified_time":"2026-04-05T22:45:03+00:00","og_image":[{"width":1200,"height":1200,"url":"https:\/\/tilk.bio\/wp-content\/uploads\/2023\/11\/1-1.jpg","type":"image\/jpeg"}],"twitter_card":"summary_large_image","twitter_misc":{"Est. reading time":"1 minut"},"schema":{"@context":"https:\/\/schema.org","@graph":[{"@type":"WebPage","@id":"https:\/\/tilk.bio\/et\/pood\/wipe-me-off-probiootiline-mitsellaarvesi-b5-vitamiiniga\/","url":"https:\/\/tilk.bio\/et\/pood\/wipe-me-off-probiootiline-mitsellaarvesi-b5-vitamiiniga\/","name":"Wipe Me Off apelsini probiootiline mitsellaarvesi B5-vitamiiniga - Tilk!","isPartOf":{"@id":"https:\/\/tilk.bio\/et\/#website"},"primaryImageOfPage":{"@id":"https:\/\/tilk.bio\/et\/pood\/wipe-me-off-probiootiline-mitsellaarvesi-b5-vitamiiniga\/#primaryimage"},"image":{"@id":"https:\/\/tilk.bio\/et\/pood\/wipe-me-off-probiootiline-mitsellaarvesi-b5-vitamiiniga\/#primaryimage"},"thumbnailUrl":"https:\/\/tilk.bio\/wp-content\/uploads\/2023\/11\/1-1.jpg","datePublished":"2023-11-30T22:01:25+00:00","dateModified":"2026-04-05T22:45:03+00:00","description":"Mitsellaarvesi sisaldab apelsini h\u00fcdrosooli, mis ergutab ja v\u00e4rskendab, j\u00e4tab naha klaari ja s\u00e4rava. Gl\u00fctseriin aitab s\u00e4ilitada naha niiskustasakaalu.","breadcrumb":{"@id":"https:\/\/tilk.bio\/et\/pood\/wipe-me-off-probiootiline-mitsellaarvesi-b5-vitamiiniga\/#breadcrumb"},"inLanguage":"et","potentialAction":[{"@type":"ReadAction","target":["https:\/\/tilk.bio\/et\/pood\/wipe-me-off-probiootiline-mitsellaarvesi-b5-vitamiiniga\/"]}]},{"@type":"ImageObject","inLanguage":"et","@id":"https:\/\/tilk.bio\/et\/pood\/wipe-me-off-probiootiline-mitsellaarvesi-b5-vitamiiniga\/#primaryimage","url":"https:\/\/tilk.bio\/wp-content\/uploads\/2023\/11\/1-1.jpg","contentUrl":"https:\/\/tilk.bio\/wp-content\/uploads\/2023\/11\/1-1.jpg","width":1200,"height":1200,"caption":"mitsellaarvesi"},{"@type":"BreadcrumbList","@id":"https:\/\/tilk.bio\/et\/pood\/wipe-me-off-probiootiline-mitsellaarvesi-b5-vitamiiniga\/#breadcrumb","itemListElement":[{"@type":"ListItem","position":1,"name":"Home","item":"https:\/\/tilk.bio\/et\/"},{"@type":"ListItem","position":2,"name":"Pood","item":"https:\/\/tilk.bio\/et\/pood\/"},{"@type":"ListItem","position":3,"name":"Wipe Me Off apelsini probiootiline mitsellaarvesi B5-vitamiiniga"}]},{"@type":"WebSite","@id":"https:\/\/tilk.bio\/et\/#website","url":"https:\/\/tilk.bio\/et\/","name":"Tilk!","description":"Keskkonnas\u00f5bralik ja j\u00e4tkusuutlik looduskosmeetika Saaremaalt.","potentialAction":[{"@type":"SearchAction","target":{"@type":"EntryPoint","urlTemplate":"https:\/\/tilk.bio\/et\/?s={search_term_string}"},"query-input":{"@type":"PropertyValueSpecification","valueRequired":true,"valueName":"search_term_string"}}],"inLanguage":"et"}]}},"_links":{"self":[{"href":"https:\/\/tilk.bio\/et\/wp-json\/wp\/v2\/product\/68845","targetHints":{"allow":["GET"]}}],"collection":[{"href":"https:\/\/tilk.bio\/et\/wp-json\/wp\/v2\/product"}],"about":[{"href":"https:\/\/tilk.bio\/et\/wp-json\/wp\/v2\/types\/product"}],"replies":[{"embeddable":true,"href":"https:\/\/tilk.bio\/et\/wp-json\/wp\/v2\/comments?post=68845"}],"wp:featuredmedia":[{"embeddable":true,"href":"https:\/\/tilk.bio\/et\/wp-json\/wp\/v2\/media\/68795"}],"wp:attachment":[{"href":"https:\/\/tilk.bio\/et\/wp-json\/wp\/v2\/media?parent=68845"}],"wp:term":[{"taxonomy":"product_brand","embeddable":true,"href":"https:\/\/tilk.bio\/et\/wp-json\/wp\/v2\/product_brand?post=68845"},{"taxonomy":"product_cat","embeddable":true,"href":"https:\/\/tilk.bio\/et\/wp-json\/wp\/v2\/product_cat?post=68845"},{"taxonomy":"product_tag","embeddable":true,"href":"https:\/\/tilk.bio\/et\/wp-json\/wp\/v2\/product_tag?post=68845"}],"curies":[{"name":"wp","href":"https:\/\/api.w.org\/{rel}","templated":true}]}}